{"id":119287,"date":"2025-10-14T15:40:57","date_gmt":"2025-10-14T13:40:57","guid":{"rendered":"https:\/\/www.lasalle.org\/?page_id=119287"},"modified":"2025-10-15T10:09:15","modified_gmt":"2025-10-15T08:09:15","slug":"vicar-general","status":"publish","type":"page","link":"https:\/\/www.lasalle.org\/en\/animation-and-government\/vicar-general\/","title":{"rendered":"Vicar General"},"content":{"rendered":"<div class=\"fusion-fullwidth fullwidth-box fusion-builder-row-1 fusion-flex-container has-pattern-background has-mask-background nonhundred-percent-fullwidth non-hundred-percent-height-scrolling\" style=\"--awb-border-radius-top-left:0px;--awb-border-radius-top-right:0px;--awb-border-radius-bottom-right:0px;--awb-border-radius-bottom-left:0px;--awb-flex-wrap:wrap;\" ><div class=\"fusion-builder-row fusion-row fusion-flex-align-items-flex-start fusion-flex-content-wrap\" style=\"max-width:1248px;margin-left: calc(-4% \/ 2 );margin-right: calc(-4% \/ 2 );\"><div class=\"fusion-layout-column fusion_builder_column fusion-builder-column-0 fusion_builder_column_3_4 3_4 fusion-flex-column\" style=\"--awb-bg-size:cover;--awb-width-large:75%;--awb-margin-top-large:0px;--awb-spacing-right-large:2.56%;--awb-margin-bottom-large:20px;--awb-spacing-left-large:2.56%;--awb-width-medium:75%;--awb-order-medium:0;--awb-spacing-right-medium:2.56%;--awb-spacing-left-medium:2.56%;--awb-width-small:100%;--awb-order-small:0;--awb-spacing-right-small:1.92%;--awb-spacing-left-small:1.92%;\"><div class=\"fusion-column-wrapper fusion-column-has-shadow fusion-flex-justify-content-flex-start fusion-content-layout-column\"><div class=\"fusion-title title fusion-title-1 sep-underline sep-solid fusion-title-text fusion-title-size-two\" style=\"--awb-text-color:var(--awb-custom17);--awb-sep-color:var(--awb-custom17);--awb-font-size:22px;\"><h2 class=\"fusion-title-heading title-heading-left\" style=\"margin:0;font-size:1em;\"><b>Vicar General<\/b><\/h2><\/div><div class=\"fusion-text fusion-text-1\" style=\"--awb-font-size:22px;--awb-text-color:var(--awb-custom17);\"><p style=\"text-align: center;\"><em><strong>\u201c<i>The Brother Vicar General is the first collaborator of the Brother Superior General. He replaces him in the ordinary administration of the Institute when the Brother Superior General is absent or prevented from exercising his duties&#8221;.<\/i><br \/>\n<\/strong><\/em>Rule 127<\/p>\n<\/div><div class=\"fusion-separator fusion-full-width-sep\" style=\"align-self: center;margin-left: auto;margin-right: auto;margin-top:10px;margin-bottom:10px;width:100%;\"><\/div><div class=\"fusion-title title fusion-title-2 fusion-sep-none fusion-title-text fusion-title-size-two\" style=\"--awb-text-color:var(--awb-custom17);--awb-sep-color:var(--awb-custom14);--awb-font-size:20px;\"><h2 class=\"fusion-title-heading title-heading-left\" style=\"margin:0;font-size:1em;\">On 19 May 2022, the 46th General Chapter of the Brothers of the Christian Schools elected Brother Carlos Gabriel G\u00f3mez Restrepo FSC as Vicar General.<\/h2><\/div><div class=\"fusion-separator fusion-full-width-sep\" style=\"align-self: center;margin-left: auto;margin-right: auto;margin-top:5px;margin-bottom:5px;width:100%;\"><\/div><div class=\"fusion-text fusion-text-2\"><p><span style=\"font-weight: 400;\"><img decoding=\"async\" class=\"alignright size-medium wp-image-104220\" src=\"https:\/\/www.lasalle.org\/wp-content\/uploads\/2024\/09\/cgomez-233x300.png\" alt=\"\" width=\"233\" height=\"300\" srcset=\"https:\/\/www.lasalle.org\/wp-content\/uploads\/2024\/09\/cgomez-200x257.png 200w, https:\/\/www.lasalle.org\/wp-content\/uploads\/2024\/09\/cgomez-233x300.png 233w, https:\/\/www.lasalle.org\/wp-content\/uploads\/2024\/09\/cgomez-400x514.png 400w, https:\/\/www.lasalle.org\/wp-content\/uploads\/2024\/09\/cgomez.png 413w\" sizes=\"(max-width: 233px) 100vw, 233px\" \/>Brother Carlos was born in Bucaramanga, Colombia, on 25 June 1960. He joined the Brothers of the Christian Schools in 1979.\u00a0<\/span><\/p>\n<p><span style=\"font-weight: 400;\">He completed his initial formation in Bogot\u00e1. In 1983, he earned a Bachelor&#8217;s Degree in Education from La Salle University in Bogot\u00e1. He also holds a Master&#8217;s Degree in Political Science from the Pontifical Xavierian University in Bogot\u00e1, where he graduated in 1991, and in 1999 he earned a Doctorate in Education from St. Mary&#8217;s University in Minnesota (United States).<\/span><\/p>\n<p><span style=\"font-weight: 400;\">His service to the Lasallian mission has led him to work as a teacher and administrator in various institutions located in rural areas of Colombia that have been ravaged by conflict and violence, such as San Juan del Cesar, in La Guajira, where he also worked as a state teacher.<\/span><\/p>\n<p><span style=\"font-weight: 400;\">For five years, he served as the Director of the <\/span><i><span style=\"font-weight: 400;\">Escuela Tecnol\u00f3gica Instituto T\u00e9cnico Central de Bogot\u00e1<\/span><\/i><span style=\"font-weight: 400;\">, a public institution of higher education entrusted to the Brothers. After completing his doctoral studies in the United States, Brother Carlos moved to the municipality of San Vicente del Cagu\u00e1n, where he exercised his educational leadership at a time when peace talks were taking place between the Colombian government and the FARC guerrillas.<\/span><\/p>\n<p><span style=\"font-weight: 400;\">In 1998, he was honoured for his publication <\/span><i><span style=\"font-weight: 400;\">&#8220;Who&#8217;s Who in American Colleges and Universities&#8221; <\/span><\/i><span style=\"font-weight: 400;\">on the role of schools and universities in places of conflict, social tension and political uncertainty.<\/span><\/p>\n<p><span style=\"font-weight: 400;\">In the early 2000s, he served as Secretary of the Lasallian Latin American Region and as a professor at La Salle University in Bogot\u00e1, where he was later appointed Academic Vice-Chancellor and then, in 2008, Chancellor, a position he held for two terms until 2016.<\/span><\/p>\n<p><span style=\"font-weight: 400;\">Under his leadership, La Salle University developed self-assessment and transformation processes in academic programmes, which led to it obtaining High Quality Institutional Accreditation from the Ministry of National Education.\u00a0<\/span><\/p>\n<p><span style=\"font-weight: 400;\">Similarly, while President of La Salle University, Brother Carlos was the founder <\/span><i><span style=\"font-weight: 400;\">of Proyecto Utop\u00eda<\/span><\/i><span style=\"font-weight: 400;\">, Colombia&#8217;s first rural university campus, which, based on an innovative concept, offers low-income rural youth affected by violence and social exclusion the opportunity to train as agricultural engineers, leaders and entrepreneurs in their regions of origin.<\/span><\/p>\n<p><span style=\"font-weight: 400;\">In 2016, he was appointed Visitor of the Lasallian District of Bogot\u00e1, and in 2021, he was appointed as the President of the Ethiopian Catholic University in Addis Ababa, Ethiopia.<\/span><\/p>\n<p><span style=\"font-weight: 400;\">Throughout his career, Brother Carlos has received numerous awards, including the Francisco de Paula Santander Civic Medal from the Presidency of the Republic of Colombia\u2014the highest distinction for educators in the country\u2014the National Peace Prize &#8221; &#8221; (2014), the National Solidarity Award (2016), the Jes\u00fas Maestro Award from the Inter-American Confederation of Catholic Education (2016), and the Inter-American Award from the Inter-American Organisation of Universities (2019).<\/span><\/p>\n<p><span style=\"font-weight: 400;\">In 2010 and 2022, he received <\/span><i><span style=\"font-weight: 400;\">honorary<\/span><\/i><span style=\"font-weight: 400;\"> doctorates from <\/span><i><span style=\"font-weight: 400;\">St. Mary&#8217;s College <\/span><\/i><span style=\"font-weight: 400;\">in California and La Salle University in Mexico, respectively.\u00a0<\/span><\/p>\n<\/div><div class=\"fusion-separator fusion-full-width-sep\" style=\"align-self: center;margin-left: auto;margin-right: auto;margin-top:15px;margin-bottom:15px;width:100%;\"><div class=\"fusion-separator-border sep-single sep-solid\" style=\"--awb-height:20px;--awb-amount:20px;--awb-sep-color:var(--awb-custom17);border-color:var(--awb-custom17);border-top-width:1px;\"><\/div><\/div><nav class=\"fusion-breadcrumbs fusion-breadcrumbs-1\" style=\"--awb-breadcrumb-sep:&#039;\/&#039;;\" aria-label=\"Breadcrumb\"><ol class=\"awb-breadcrumb-list\"><\/ol><\/nav><\/div><\/div><div class=\"fusion-layout-column fusion_builder_column fusion-builder-column-1 fusion_builder_column_1_4 1_4 fusion-flex-column\" style=\"--awb-bg-size:cover;--awb-width-large:25%;--awb-margin-top-large:0px;--awb-spacing-right-large:7.68%;--awb-margin-bottom-large:20px;--awb-spacing-left-large:7.68%;--awb-width-medium:25%;--awb-order-medium:0;--awb-spacing-right-medium:7.68%;--awb-spacing-left-medium:7.68%;--awb-width-small:100%;--awb-order-small:0;--awb-spacing-right-small:1.92%;--awb-spacing-left-small:1.92%;\"><div class=\"fusion-column-wrapper fusion-column-has-shadow fusion-flex-justify-content-flex-start fusion-content-layout-column\"><div class=\"fusion-title title fusion-title-3 sep-underline sep-solid fusion-title-text fusion-title-size-two\" style=\"--awb-text-color:var(--awb-custom17);--awb-sep-color:var(--awb-custom17);--awb-font-size:22px;\"><h2 class=\"fusion-title-heading title-heading-left\" style=\"margin:0;font-size:1em;\">Related<\/h2><\/div><ul style=\"--awb-line-height:27.2px;--awb-icon-width:27.2px;--awb-icon-height:27.2px;--awb-icon-margin:11.2px;--awb-content-margin:38.4px;--awb-circlecolor:var(--awb-custom17);--awb-circle-yes-font-size:14.08px;\" class=\"fusion-checklist fusion-checklist-1 fusion-checklist-default type-icons\"><li class=\"fusion-li-item\" style=\"\"><span class=\"icon-wrapper circle-yes\"><i class=\"fusion-li-icon fa-file-alt far\" aria-hidden=\"true\"><\/i><\/span><div class=\"fusion-li-item-content\">\n<p><a href=\"https:\/\/www.lasalle.org\/en\/animation-and-government\/\">Animation and Government<\/a><\/p>\n<\/div><\/li><li class=\"fusion-li-item\" style=\"\"><span class=\"icon-wrapper circle-yes\"><i class=\"fusion-li-icon fa-file-alt far\" aria-hidden=\"true\"><\/i><\/span><div class=\"fusion-li-item-content\">\n<p><a href=\"https:\/\/www.lasalle.org\/en\/animation-and-government\/superior-general\/\">Superior General<\/a><\/p>\n<\/div><\/li><li class=\"fusion-li-item\" style=\"\"><span class=\"icon-wrapper circle-yes\"><i class=\"fusion-li-icon fa-file-alt far\" aria-hidden=\"true\"><\/i><\/span><div class=\"fusion-li-item-content\">\n<p><a href=\"https:\/\/www.lasalle.org\/en\/animation-and-government\/vicar-general\/\">Vicar General<\/a><\/p>\n<\/div><\/li><li class=\"fusion-li-item\" style=\"\"><span class=\"icon-wrapper circle-yes\"><i class=\"fusion-li-icon fa-file-alt far\" aria-hidden=\"true\"><\/i><\/span><div class=\"fusion-li-item-content\">\n<p><a href=\"https:\/\/www.lasalle.org\/en\/?page_id=119294&amp;preview=true\">Councils of the Institute<\/a><\/p>\n<\/div><\/li><li class=\"fusion-li-item\" style=\"\"><span class=\"icon-wrapper circle-yes\"><i class=\"fusion-li-icon fa-file-alt far\" aria-hidden=\"true\"><\/i><\/span><div class=\"fusion-li-item-content\">\n<p><a href=\"https:\/\/www.lasalle.org\/en\/?page_id=119458&amp;preview=true\">Offices of the Institute<\/a><\/p>\n<\/div><\/li><li class=\"fusion-li-item\" style=\"\"><span class=\"icon-wrapper circle-yes\"><i class=\"fusion-li-icon fa-file-alt far\" aria-hidden=\"true\"><\/i><\/span><div class=\"fusion-li-item-content\"><a href=\"https:\/\/www.lasalle.org\/en\/?page_id=119451&amp;preview=true\">Commissions of the Institute<\/a><\/div><\/li><li class=\"fusion-li-item\" style=\"\"><span class=\"icon-wrapper circle-yes\"><i class=\"fusion-li-icon fa-file-alt far\" aria-hidden=\"true\"><\/i><\/span><div class=\"fusion-li-item-content\">\n<p><a href=\"https:\/\/www.lasalle.org\/en\/animation-and-government\/general-services\/\">General Services<\/a><\/p>\n<\/div><\/li><li class=\"fusion-li-item\" style=\"\"><span class=\"icon-wrapper circle-yes\"><i class=\"fusion-li-icon fa-file-alt far\" aria-hidden=\"true\"><\/i><\/span><div class=\"fusion-li-item-content\">\n<p><a href=\"https:\/\/www.lasalle.org\/en\/animation-and-government\/committees\/\">International committees<\/a><\/p>\n<\/div><\/li><\/ul>\n<div class=\"fusion-separator fusion-full-width-sep\" style=\"align-self: center;margin-left: auto;margin-right: auto;margin-top:15px;margin-bottom:15px;width:100%;\"><\/div><div class=\"fusion-title title fusion-title-4 sep-underline sep-solid fusion-title-text fusion-title-size-two\" style=\"--awb-text-color:var(--awb-custom17);--awb-sep-color:var(--awb-custom17);--awb-font-size:22px;\"><h2 class=\"fusion-title-heading title-heading-left\" style=\"margin:0;font-size:1em;\">Resources<\/h2><\/div><ul style=\"--awb-line-height:27.2px;--awb-icon-width:27.2px;--awb-icon-height:27.2px;--awb-icon-margin:11.2px;--awb-content-margin:38.4px;--awb-circlecolor:var(--awb-custom17);--awb-circle-yes-font-size:14.08px;\" class=\"fusion-checklist fusion-checklist-2 fusion-checklist-default type-icons\"><li class=\"fusion-li-item\" style=\"\"><span class=\"icon-wrapper circle-yes\"><i class=\"fusion-li-icon fa-file-pdf far\" aria-hidden=\"true\"><\/i><\/span><div class=\"fusion-li-item-content\">\n<p><a href=\"https:\/\/www.lasalle.org\/en\/publicaciones\/pastoral-letters\/\">Pastoral letters<\/a><\/p>\n<\/div><\/li><li class=\"fusion-li-item\" style=\"\"><span class=\"icon-wrapper circle-yes\"><i class=\"fusion-li-icon fa-file-pdf far\" aria-hidden=\"true\"><\/i><\/span><div class=\"fusion-li-item-content\">\n<p><a href=\"https:\/\/www.lasalle.org\/en\/publicaciones\/circulares\/\">Circulares<\/a><\/p>\n<\/div><\/li><li class=\"fusion-li-item\" style=\"\"><span class=\"icon-wrapper circle-yes\"><i class=\"fusion-li-icon fa-file-pdf far\" aria-hidden=\"true\"><\/i><\/span><div class=\"fusion-li-item-content\">\n<p><a href=\"https:\/\/www.lasalle.org\/en\/category\/generalate\/general-council\/\">News from the General Council<\/a><\/p>\n<\/div><\/li><\/ul><div class=\"fusion-separator fusion-full-width-sep\" style=\"align-self: center;margin-left: auto;margin-right: auto;margin-top:15px;margin-bottom:15px;width:100%;\"><div class=\"fusion-separator-border sep-single sep-solid\" style=\"--awb-height:20px;--awb-amount:20px;--awb-sep-color:var(--awb-custom17);border-color:var(--awb-custom17);border-top-width:1px;\"><\/div><\/div><\/div><\/div><\/div><\/div>\n","protected":false},"excerpt":{"rendered":"","protected":false},"author":9,"featured_media":110621,"parent":8590,"menu_order":0,"comment_status":"closed","ping_status":"closed","template":"","meta":{"_tec_requires_first_save":true,"_monsterinsights_skip_tracking":false,"_monsterinsights_sitenote_active":false,"_monsterinsights_sitenote_note":"","_monsterinsights_sitenote_category":0,"_EventAllDay":false,"_EventTimezone":"","_EventStartDate":"","_EventEndDate":"","_EventStartDateUTC":"","_EventEndDateUTC":"","_EventShowMap":false,"_EventShowMapLink":false,"_EventURL":"","_EventCost":"","_EventCostDescription":"","_EventCurrencySymbol":"","_EventCurrencyCode":"","_EventCurrencyPosition":"","_EventDateTimeSeparator":"","_EventTimeRangeSeparator":"","_EventOrganizerID":[],"_EventVenueID":[],"_OrganizerEmail":"","_OrganizerPhone":"","_OrganizerWebsite":"","_VenueAddress":"","_VenueCity":"","_VenueCountry":"","_VenueProvince":"","_VenueState":"","_VenueZip":"","_VenuePhone":"","_VenueURL":"","_VenueStateProvince":"","_VenueLat":"","_VenueLng":"","_VenueShowMap":false,"_VenueShowMapLink":false,"_tribe_blocks_recurrence_rules":"","_tribe_blocks_recurrence_description":"","_tribe_blocks_recurrence_exclusions":"","footnotes":""},"class_list":["post-119287","page","type-page","status-publish","has-post-thumbnail","hentry"],"_links":{"self":[{"href":"https:\/\/www.lasalle.org\/en\/wp-json\/wp\/v2\/pages\/119287","targetHints":{"allow":["GET"]}}],"collection":[{"href":"https:\/\/www.lasalle.org\/en\/wp-json\/wp\/v2\/pages"}],"about":[{"href":"https:\/\/www.lasalle.org\/en\/wp-json\/wp\/v2\/types\/page"}],"author":[{"embeddable":true,"href":"https:\/\/www.lasalle.org\/en\/wp-json\/wp\/v2\/users\/9"}],"replies":[{"embeddable":true,"href":"https:\/\/www.lasalle.org\/en\/wp-json\/wp\/v2\/comments?post=119287"}],"version-history":[{"count":4,"href":"https:\/\/www.lasalle.org\/en\/wp-json\/wp\/v2\/pages\/119287\/revisions"}],"predecessor-version":[{"id":119293,"href":"https:\/\/www.lasalle.org\/en\/wp-json\/wp\/v2\/pages\/119287\/revisions\/119293"}],"up":[{"embeddable":true,"href":"https:\/\/www.lasalle.org\/en\/wp-json\/wp\/v2\/pages\/8590"}],"wp:featuredmedia":[{"embeddable":true,"href":"https:\/\/www.lasalle.org\/en\/wp-json\/wp\/v2\/media\/110621"}],"wp:attachment":[{"href":"https:\/\/www.lasalle.org\/en\/wp-json\/wp\/v2\/media?parent=119287"}],"curies":[{"name":"wp","href":"https:\/\/api.w.org\/{rel}","templated":true}]}}