{"id":79257,"date":"2021-07-19T08:20:21","date_gmt":"2021-07-19T07:20:21","guid":{"rendered":"https:\/\/www.lasalle.org\/?page_id=79257"},"modified":"2025-07-28T10:12:22","modified_gmt":"2025-07-28T08:12:22","slug":"blessed-brothers-martyrs-of-barcelona","status":"publish","type":"page","link":"https:\/\/www.lasalle.org\/en\/lasallian-holiness\/blessed-brothers-martyrs-of-barcelona\/","title":{"rendered":"Blessed Brothers Martyrs of Barcellona"},"content":{"rendered":"<div class=\"fusion-fullwidth fullwidth-box fusion-builder-row-1 fusion-flex-container has-pattern-background has-mask-background nonhundred-percent-fullwidth non-hundred-percent-height-scrolling\" style=\"--awb-border-radius-top-left:0px;--awb-border-radius-top-right:0px;--awb-border-radius-bottom-right:0px;--awb-border-radius-bottom-left:0px;--awb-flex-wrap:wrap;\" ><div class=\"fusion-builder-row fusion-row fusion-flex-align-items-flex-start fusion-flex-content-wrap\" style=\"max-width:1248px;margin-left: calc(-4% \/ 2 );margin-right: calc(-4% \/ 2 );\"><div class=\"fusion-layout-column fusion_builder_column fusion-builder-column-0 fusion_builder_column_3_4 3_4 fusion-flex-column\" style=\"--awb-bg-size:cover;--awb-width-large:75%;--awb-margin-top-large:0px;--awb-spacing-right-large:2.56%;--awb-margin-bottom-large:20px;--awb-spacing-left-large:2.56%;--awb-width-medium:75%;--awb-order-medium:0;--awb-spacing-right-medium:2.56%;--awb-spacing-left-medium:2.56%;--awb-width-small:100%;--awb-order-small:0;--awb-spacing-right-small:1.92%;--awb-spacing-left-small:1.92%;\"><div class=\"fusion-column-wrapper fusion-column-has-shadow fusion-flex-justify-content-flex-start fusion-content-layout-column\"><div class=\"fusion-title title fusion-title-1 sep-underline sep-solid fusion-title-text fusion-title-size-two\" style=\"--awb-text-color:var(--awb-custom17);--awb-sep-color:var(--awb-custom17);--awb-font-size:22px;\"><h2 class=\"fusion-title-heading title-heading-left\" style=\"margin:0;font-size:1em;\">Blessed Brothers Martyrs of Barcellona<\/h2><\/div><div class=\"fusion-text fusion-text-1\"><p><img decoding=\"async\" class=\"alignright size-medium wp-image-112279\" src=\"https:\/\/www.lasalle.org\/wp-content\/uploads\/2025\/06\/mart_bacerlona-216x300.jpg\" alt=\"\" width=\"216\" height=\"300\" srcset=\"https:\/\/www.lasalle.org\/wp-content\/uploads\/2025\/06\/mart_bacerlona-200x278.jpg 200w, https:\/\/www.lasalle.org\/wp-content\/uploads\/2025\/06\/mart_bacerlona-216x300.jpg 216w, https:\/\/www.lasalle.org\/wp-content\/uploads\/2025\/06\/mart_bacerlona-400x557.jpg 400w, https:\/\/www.lasalle.org\/wp-content\/uploads\/2025\/06\/mart_bacerlona.jpg 600w\" sizes=\"(max-width: 216px) 100vw, 216px\" \/>CAUSA<em> Lucas a Sancto Joseph, Leonardus Joseph <\/em><em>et LXII Socii et Sociae<\/em><em>\u00a0 <\/em><\/p>\n<p><!-- \/wp:post-content --><\/p>\n<p><!-- wp:paragraph --><\/p>\n<p><em>The Cause concerns 64 \u201cpresumed Martyrs\u201d: <strong>44 De La Salle Brothers<\/strong>, 15 Discalced Carmelites, 1 Carmelite Sister of Charity, 4 Carmelite Missionary Sisters and 1 Seminarian.<\/em><\/p>\n<p><!-- \/wp:paragraph --><\/p>\n<p><!-- wp:paragraph --><\/p>\n<p>In 1936 lasallian institutions in Catalunya were 32. When the persecution came, they all had to be abandoned; many were pillaged and some burned. The fate of the Brothers was more painful, because 26 communities had Brothers killed and in one case, the entire community.<\/p>\n<p><!-- \/wp:paragraph --><\/p>\n<p><!-- wp:paragraph --><\/p>\n<p>When the persecution became more violent, <strong>Bro. <\/strong><strong>Leonardo Jos\u00e9<\/strong>, Visitor, and <strong>Bro. <\/strong><strong>Dionisio Luis<\/strong>, Director of the Bonanova school, were in a monastery in the Cerda\u00f1a area, preparing the District&#8217;s four retreats, which were to begin a few days later. On July 17 they left the monastery and went to the school at La Seo de Urgel, since the next day there was to be a pilgrimage from the school to the Shrine of the Virgin of Meritxell in Andorra. But when they arrived they learned of the sad news that came from Barcelona and from other places. They wanted to leave immediately for Barcelona, in order to be close to the Brothers and to those in formation, but the transportation connections were impossible. They also attempted to go to Toulouse to reach Barcelona by air, but this, too, was impossible. They sought accommodation in the Cadi Hotel on July 22. The owner, Jamie Sarri\u00e1, was a fervent Catholic. Meanwhile, they kept on searching for other ways to reach Barcelona. But, on August 7, they were caught and the next day killed at a place called &#8220;Ba\u00f1os de Sugra\u00f1es&#8221; near Traverseras. Some inhabitants of the village buried their bodies, which later were exhumed and identified. Today their remains are in San Martin de Sasgayolas.<\/p>\n<p><!-- \/wp:paragraph --><\/p>\n<p><!-- wp:paragraph --><\/p>\n<p>The same fate was reserved for other 95 Brothers of the District; the youngest among them wasn\u2019t yet 20 and the oldest was 60. In the canonical process of the diocese of Barcelona are included 44 of these Brothers.<\/p>\n<p>They are:<\/p>\n<\/div><div class=\"fusion-builder-row fusion-builder-row-inner fusion-row fusion-flex-align-items-flex-start fusion-flex-content-wrap\" style=\"width:104% !important;max-width:104% !important;margin-left: calc(-4% \/ 2 );margin-right: calc(-4% \/ 2 );\"><div class=\"fusion-layout-column fusion_builder_column_inner fusion-builder-nested-column-0 fusion_builder_column_inner_1_3 1_3 fusion-flex-column\" style=\"--awb-bg-size:cover;--awb-width-large:33.333333333333%;--awb-margin-top-large:0px;--awb-spacing-right-large:5.76%;--awb-margin-bottom-large:20px;--awb-spacing-left-large:5.76%;--awb-width-medium:33.333333333333%;--awb-order-medium:0;--awb-spacing-right-medium:5.76%;--awb-spacing-left-medium:5.76%;--awb-width-small:100%;--awb-order-small:0;--awb-spacing-right-small:1.92%;--awb-spacing-left-small:1.92%;\"><div class=\"fusion-column-wrapper fusion-column-has-shadow fusion-flex-justify-content-flex-start fusion-content-layout-column\"><div class=\"fusion-text fusion-text-2\" style=\"--awb-font-size:16px;\"><p><strong>Br. Leonardo Jos\u00e9<\/strong>\u00a0 <br \/>(Jos\u00e9 Mar\u00eda Aragon\u00e9s Mateu) 50 years old<\/p>\n<p><strong>Br. Adolfo Jaime<\/strong><br \/>(Antonio Serra Hortal) 56 years old<\/p>\n<p><strong>Br. Adolfo Mariano<\/strong>\u00a0<br \/>(Mariano Anel Andreu) 26 years old<\/p>\n<p><strong>Br. Agapio<\/strong>\u00a0<br \/>(Jos\u00e9 Luis Carrera Comas)\u00a055\u00a0years old<\/p>\n<p><strong>Br. Arnoldo Juli\u00e1n<\/strong>\u00a0<br \/>(Jes\u00fas Ju\u00e1n Otero) 34\u00a0years old<\/p>\n<p><strong>Br. Benedicto Jos\u00e9<\/strong>\u00a0<br \/>(Jos\u00e9 Bardalet Compte) 33 years old<\/p>\n<p><strong>Br. Benito Clemente<\/strong>\u00a0<br \/>(F\u00e9lix Espa\u00f1a Ortiz) 47 years old<\/p>\n<p><strong>Br. Candido Alberto<\/strong>\u00a0<br \/>(Jos\u00e9 Ruiz De La Torre) 30 years old<\/p>\n<p><strong>Br. Cayetano Jose<\/strong>\u00a0<br \/>(Ram\u00f3n Palos Gasc\u00f3n) 51 years old<\/p>\n<p><strong>Br. Celestino Antonio<\/strong>\u00a0<br \/>(Ismael Barrio Marquilla) 25 years old<\/p>\n<p><strong>Br. Cirilo Pedro<\/strong>\u00a0<br \/>(Cecilio Manrique Arnaiz) 27\u00a0years old<\/p>\n<p><strong>Br. Crisostomo<\/strong>\u00a0<br \/>(Jos\u00e9 Llorach Breto) 55 years old<\/p>\n<p><strong>Br. Dionisio Luis<\/strong>\u00a0 <br \/>(Mateo Molinos Coloma) 46 years old<\/p>\n<p><strong>Br. Edmundo Angel<\/strong>\u00a0<br \/>(Pedro Mass\u00f3 Llagostera) 39 years old<\/p>\n<p><strong>Br. Eliseo Vicente<\/strong>\u00a0<br \/>(Vicente Alberich Lluch)\u00a030\u00a0years old<\/p>\n<\/div><\/div><\/div><div class=\"fusion-layout-column fusion_builder_column_inner fusion-builder-nested-column-1 fusion_builder_column_inner_1_3 1_3 fusion-flex-column\" style=\"--awb-bg-size:cover;--awb-width-large:33.333333333333%;--awb-margin-top-large:0px;--awb-spacing-right-large:5.76%;--awb-margin-bottom-large:20px;--awb-spacing-left-large:5.76%;--awb-width-medium:33.333333333333%;--awb-order-medium:0;--awb-spacing-right-medium:5.76%;--awb-spacing-left-medium:5.76%;--awb-width-small:100%;--awb-order-small:0;--awb-spacing-right-small:1.92%;--awb-spacing-left-small:1.92%;\"><div class=\"fusion-column-wrapper fusion-column-has-shadow fusion-flex-justify-content-flex-start fusion-content-layout-column\"><div class=\"fusion-text fusion-text-3\" style=\"--awb-font-size:16px;\"><p><strong>Br. Emerio Jos\u00e9\u00a0<\/strong><br \/>(Jos\u00e9 Plana Rebugent) 36 years old<\/p>\n<p><strong>Br. Esiquio Jos\u00e9\u00a0<\/strong><br \/>(Baldomero Margenat Puigmitja) 39 years old<\/p>\n<p><strong>Br. Eusebio Andr\u00e9s\u00a0<\/strong><br \/>(Eusebio Rold\u00e1n Vielva) 41 years old<\/p>\n<p><strong>Br. F\u00e9lix Jos\u00e9\u00a0<\/strong><br \/>(Jos\u00e9 Trilla Lastra) 29 years old<\/p>\n<p><strong>Br. Florencio Miguel\u00a0<\/strong><br \/>(Ruperto Garc\u00eda Arce) 28 years old<\/p>\n<p><strong>Br. Francisco Alfredo\u00a0<\/strong><br \/>(Francisco Mallo S\u00e1nchez) 20 years old<\/p>\n<p><strong>Br. Francisco Mag\u00edn<\/strong><br \/>(Antonio Tost Llaber\u00eda) 21 years old<\/p>\n<p><strong>Br. Hilari\u00f3n Eugenio\u00a0<\/strong><br \/>(Eugenio Cuesta Padierna) 24 years old<\/p>\n<p><strong>Br. Honesto Mar\u00eda\u00a0<\/strong><br \/>(Francisco Pujol Espinalt) 42 years old<\/p>\n<p><strong>Br. Honorato Alfredo\u00a0<\/strong><br \/>(Agust\u00edn Pedro Calvo) 23 years old<\/p>\n<p><strong>Br. Hugo Juli\u00e1n\u00a0<\/strong><br \/>(Juli\u00e1n Delgado D\u00edez) 31 years old<\/p>\n<p><strong>Br. Ildefonso Luis\u00a0<\/strong><br \/>(Jos\u00e9 Casas Lluch) 50 years old<\/p>\n<p><strong>Br. Indalecio De Maria\u00a0<\/strong><br \/>(Marcos Mor\u00f3n Casas) 37 years old<\/p>\n<p><strong>Br. Jacob Samuel\u00a0<\/strong><br \/>(Joseph Henri Chamayou Aucles) 52 years old<\/p>\n<\/div><\/div><\/div><div class=\"fusion-layout-column fusion_builder_column_inner fusion-builder-nested-column-2 fusion_builder_column_inner_1_3 1_3 fusion-flex-column\" style=\"--awb-bg-size:cover;--awb-width-large:33.333333333333%;--awb-margin-top-large:0px;--awb-spacing-right-large:5.76%;--awb-margin-bottom-large:20px;--awb-spacing-left-large:5.76%;--awb-width-medium:33.333333333333%;--awb-order-medium:0;--awb-spacing-right-medium:5.76%;--awb-spacing-left-medium:5.76%;--awb-width-small:100%;--awb-order-small:0;--awb-spacing-right-small:1.92%;--awb-spacing-left-small:1.92%;\"><div class=\"fusion-column-wrapper fusion-column-has-shadow fusion-flex-justify-content-flex-start fusion-content-layout-column\"><div class=\"fusion-text fusion-text-4\" style=\"--awb-font-size:16px;\"><p><strong>Br. Jaime Bertino\u00a0<\/strong><br \/>(Antonio Jaume Secases) 31 years old<\/p>\n<p><strong>Br. Jos\u00e9 Benito<\/strong><br \/>(Jos\u00e9 M\u00e1s Pujolr\u00e1s) 23 years old<\/p>\n<p><strong>Br. Lamberto Carlos\u00a0<\/strong><br \/>(Jaume Mases Boncompte) 42 years old<\/p>\n<p><strong>Br. Leonides\u00a0<\/strong><br \/>(Francisco Colom Gonz\u00e1lez) 49 years old<\/p>\n<p><strong>Br. Le\u00f3n Justino\u00a0<\/strong><br \/>(Francisco Del Valle Villar) 30 years old<\/p>\n<p><strong>Br. Lorenzo Gabriel\u00a0<\/strong><br \/>(Jos\u00e9 Figuera Rey) 24 years old<\/p>\n<p><strong>Br. Louis de J\u00e9sus\u00a0<\/strong><br \/>(Joseph-Louis Marcou Pecalvel) 55 years old<\/p>\n<p><strong>Br. Mariano Le\u00f3n\u00a0<\/strong><br \/>(Santos L\u00f3pez Mart\u00ednez) 26 years old<\/p>\n<p><strong>Br. Miguel de Jesus\u00a0<\/strong><br \/>(Jaume Puigferrer Mora) 38 years old<\/p>\n<p><strong>Br. Olegario Angel<\/strong><br \/>(Eudaldo Rodas Saurina) 24 years old<\/p>\n<p><strong>Br. Onofre\u00a0<\/strong><br \/>(Salvio Tolosa Alsina) 56 years old<\/p>\n<p><strong>Br. Raimundo Eloy<\/strong><br \/>(Narciso Serra Rovira) 60 years old<\/p>\n<p><strong>Br. Valeriano Luis\u00a0<\/strong><br \/>(Nicol\u00e1s Alberich Lluch) 38 years old<\/p>\n<p><strong>Br. Vicente Justino\u00a0<\/strong><br \/>(Vicente Fern\u00e1ndez Castrillo) 24 years old<\/p>\n<p><strong>Br. Victorio\u00a0<\/strong><br \/>(Martin Angl\u00e9s Oliveras) 49 years old<\/p>\n<\/div><\/div><\/div><\/div><div class=\"fusion-separator fusion-full-width-sep\" style=\"align-self: center;margin-left: auto;margin-right: auto;margin-top:15px;margin-bottom:15px;width:100%;\"><div class=\"fusion-separator-border sep-single sep-solid\" style=\"--awb-height:20px;--awb-amount:20px;--awb-sep-color:var(--awb-custom17);border-color:var(--awb-custom17);border-top-width:1px;\"><\/div><\/div><nav class=\"fusion-breadcrumbs fusion-breadcrumbs-1\" style=\"--awb-breadcrumb-sep:&#039;\/&#039;;\" aria-label=\"Breadcrumb\"><ol class=\"awb-breadcrumb-list\"><\/ol><\/nav><\/div><\/div><div class=\"fusion-layout-column fusion_builder_column fusion-builder-column-1 fusion_builder_column_1_4 1_4 fusion-flex-column\" style=\"--awb-bg-size:cover;--awb-width-large:25%;--awb-margin-top-large:0px;--awb-spacing-right-large:7.68%;--awb-margin-bottom-large:20px;--awb-spacing-left-large:7.68%;--awb-width-medium:25%;--awb-order-medium:0;--awb-spacing-right-medium:7.68%;--awb-spacing-left-medium:7.68%;--awb-width-small:100%;--awb-order-small:0;--awb-spacing-right-small:1.92%;--awb-spacing-left-small:1.92%;\"><div class=\"fusion-column-wrapper fusion-column-has-shadow fusion-flex-justify-content-flex-start fusion-content-layout-column\"><div class=\"fusion-title title fusion-title-2 sep-underline sep-solid fusion-title-text fusion-title-size-two\" style=\"--awb-text-color:var(--awb-custom17);--awb-sep-color:var(--awb-custom17);--awb-font-size:22px;\"><h2 class=\"fusion-title-heading title-heading-left\" style=\"margin:0;font-size:1em;\">Important dates<\/h2><\/div><ul style=\"--awb-line-height:27.2px;--awb-icon-width:27.2px;--awb-icon-height:27.2px;--awb-icon-margin:11.2px;--awb-content-margin:38.4px;--awb-circlecolor:var(--awb-custom17);--awb-circle-yes-font-size:14.08px;\" class=\"fusion-checklist fusion-checklist-1 fusion-checklist-default type-icons\"><li class=\"fusion-li-item\" style=\"\"><span class=\"icon-wrapper circle-yes\"><i class=\"fusion-li-icon fa-star-half far\" aria-hidden=\"true\"><\/i><\/span><div class=\"fusion-li-item-content\">\r\n<p><strong>Liturgical memorial: November 6<\/strong><\/p>\r\n<\/div><\/li><li class=\"fusion-li-item\" style=\"\"><span class=\"icon-wrapper circle-yes\"><i class=\"fusion-li-icon fa-star-half far\" aria-hidden=\"true\"><\/i><\/span><div class=\"fusion-li-item-content\">\r\n<p>28\/10\/2007: Beatification (together with others for a total of 498 Martyrs)<\/p>\r\n<\/div><\/li><\/ul><div class=\"fusion-separator fusion-full-width-sep\" style=\"align-self: center;margin-left: auto;margin-right: auto;margin-top:15px;margin-bottom:15px;width:100%;\"><div class=\"fusion-separator-border sep-single sep-solid\" style=\"--awb-height:20px;--awb-amount:20px;--awb-sep-color:var(--awb-custom17);border-color:var(--awb-custom17);border-top-width:1px;\"><\/div><\/div><\/div><\/div><\/div><\/div>","protected":false},"excerpt":{"rendered":"","protected":false},"author":9,"featured_media":112273,"parent":8303,"menu_order":0,"comment_status":"closed","ping_status":"closed","template":"","meta":{"_tec_requires_first_save":true,"_monsterinsights_skip_tracking":false,"_monsterinsights_sitenote_active":false,"_monsterinsights_sitenote_note":"","_monsterinsights_sitenote_category":0,"_EventAllDay":false,"_EventTimezone":"","_EventStartDate":"","_EventEndDate":"","_EventStartDateUTC":"","_EventEndDateUTC":"","_EventShowMap":false,"_EventShowMapLink":false,"_EventURL":"","_EventCost":"","_EventCostDescription":"","_EventCurrencySymbol":"","_EventCurrencyCode":"","_EventCurrencyPosition":"","_EventDateTimeSeparator":"","_EventTimeRangeSeparator":"","_EventOrganizerID":[],"_EventVenueID":[],"_OrganizerEmail":"","_OrganizerPhone":"","_OrganizerWebsite":"","_VenueAddress":"","_VenueCity":"","_VenueCountry":"","_VenueProvince":"","_VenueState":"","_VenueZip":"","_VenuePhone":"","_VenueURL":"","_VenueStateProvince":"","_VenueLat":"","_VenueLng":"","_VenueShowMap":false,"_VenueShowMapLink":false,"_tribe_blocks_recurrence_rules":"","_tribe_blocks_recurrence_description":"","_tribe_blocks_recurrence_exclusions":"","footnotes":""},"class_list":["post-79257","page","type-page","status-publish","has-post-thumbnail","hentry"],"_links":{"self":[{"href":"https:\/\/www.lasalle.org\/en\/wp-json\/wp\/v2\/pages\/79257","targetHints":{"allow":["GET"]}}],"collection":[{"href":"https:\/\/www.lasalle.org\/en\/wp-json\/wp\/v2\/pages"}],"about":[{"href":"https:\/\/www.lasalle.org\/en\/wp-json\/wp\/v2\/types\/page"}],"author":[{"embeddable":true,"href":"https:\/\/www.lasalle.org\/en\/wp-json\/wp\/v2\/users\/9"}],"replies":[{"embeddable":true,"href":"https:\/\/www.lasalle.org\/en\/wp-json\/wp\/v2\/comments?post=79257"}],"version-history":[{"count":5,"href":"https:\/\/www.lasalle.org\/en\/wp-json\/wp\/v2\/pages\/79257\/revisions"}],"predecessor-version":[{"id":116579,"href":"https:\/\/www.lasalle.org\/en\/wp-json\/wp\/v2\/pages\/79257\/revisions\/116579"}],"up":[{"embeddable":true,"href":"https:\/\/www.lasalle.org\/en\/wp-json\/wp\/v2\/pages\/8303"}],"wp:featuredmedia":[{"embeddable":true,"href":"https:\/\/www.lasalle.org\/en\/wp-json\/wp\/v2\/media\/112273"}],"wp:attachment":[{"href":"https:\/\/www.lasalle.org\/en\/wp-json\/wp\/v2\/media?parent=79257"}],"curies":[{"name":"wp","href":"https:\/\/api.w.org\/{rel}","templated":true}]}}