{"id":79273,"date":"2021-07-19T08:35:25","date_gmt":"2021-07-19T07:35:25","guid":{"rendered":"https:\/\/www.lasalle.org\/?page_id=79273"},"modified":"2025-07-28T12:01:59","modified_gmt":"2025-07-28T10:01:59","slug":"blessed-brothers-martyrs-of-ciudad-real","status":"publish","type":"page","link":"https:\/\/www.lasalle.org\/en\/lasallian-holiness\/blessed-brothers-martyrs-of-ciudad-real\/","title":{"rendered":"Blessed Brothers Martyrs of Ciudad Real"},"content":{"rendered":"<div class=\"fusion-fullwidth fullwidth-box fusion-builder-row-1 fusion-flex-container has-pattern-background has-mask-background nonhundred-percent-fullwidth non-hundred-percent-height-scrolling\" style=\"--awb-border-radius-top-left:0px;--awb-border-radius-top-right:0px;--awb-border-radius-bottom-right:0px;--awb-border-radius-bottom-left:0px;--awb-flex-wrap:wrap;\" ><div class=\"fusion-builder-row fusion-row fusion-flex-align-items-flex-start fusion-flex-content-wrap\" style=\"max-width:1248px;margin-left: calc(-4% \/ 2 );margin-right: calc(-4% \/ 2 );\"><div class=\"fusion-layout-column fusion_builder_column fusion-builder-column-0 fusion_builder_column_3_4 3_4 fusion-flex-column\" style=\"--awb-bg-size:cover;--awb-width-large:75%;--awb-margin-top-large:0px;--awb-spacing-right-large:2.56%;--awb-margin-bottom-large:20px;--awb-spacing-left-large:2.56%;--awb-width-medium:75%;--awb-order-medium:0;--awb-spacing-right-medium:2.56%;--awb-spacing-left-medium:2.56%;--awb-width-small:100%;--awb-order-small:0;--awb-spacing-right-small:1.92%;--awb-spacing-left-small:1.92%;\"><div class=\"fusion-column-wrapper fusion-column-has-shadow fusion-flex-justify-content-flex-start fusion-content-layout-column\"><div class=\"fusion-title title fusion-title-1 sep-underline sep-solid fusion-title-text fusion-title-size-two\" style=\"--awb-text-color:var(--awb-custom17);--awb-sep-color:var(--awb-custom17);--awb-font-size:22px;\"><h2 class=\"fusion-title-heading title-heading-left\" style=\"margin:0;font-size:1em;\">Blessed Brothers Martyrs of Ciudad Real<\/h2><\/div><div class=\"fusion-text fusion-text-1\"><p>CAUSA<em> Narcisus Est\u00e9naga Echevarr\u00eda <\/em><em>et X Socii<\/em><\/p>\n<p><!-- \/wp:post-content --><!-- wp:paragraph --><\/p>\n<p><em>The Cause concerns 11 \"presumed Martyrs\": Narcisus Estenaga (Bishop), 4 priests, <strong>5 Brothers of the Christian Schools<\/strong> and 1 layman.<\/em><\/p>\n<p><!-- \/wp:paragraph --><!-- wp:paragraph --><\/p>\n<p><strong>Santa Cruz de Mudela<\/strong> is a small town in the province of Ciudad Real, where in 1936 there was a school run by the Brothers of the Christian Schools. Five religious formed the community:<\/p>\n<p><!-- \/wp:paragraph --><!-- wp:list  --><\/p>\n<p style=\"padding-left: 80px;\"><strong>Br. Agapito Le\u00f3n <\/strong>(Remigio Angel Olalla Aldea), Direttore, 33\u00a0 years old<\/p>\n<p style=\"padding-left: 80px;\"><strong>Br. D\u00e1maso Luis <\/strong>(Antol\u00edn Mart\u00ednez Mart\u00ednez), 21\u00a0 years old\u00a0\u00a0\u00a0\u00a0<\/p>\n<p style=\"padding-left: 80px;\"><strong>Br. Josafat Roque <\/strong>(Urbano Corral Gonz\u00e1lez),\u00a037\u00a0 years old<\/p>\n<p style=\"padding-left: 80px;\"><strong>Br. Julio Alfonso<\/strong> (Valeriano Ruiz Peral), 25\u00a0 years old<\/p>\n<p style=\"padding-left: 80px;\"><strong>Br. Ladislao Luis<\/strong> (Isidoro Mu\u00f1oz Antol\u00edn), 20\u00a0 years old<\/p>\n<p><!-- \/wp:list --><!-- wp:paragraph --><\/p>\n<p>On 22nd July 1936, a group of militiamen surrounded the school in an uproar, invaded it and arrested the five Brothers. They took them to the village \"cheka\" where they stayed for five days. Then, together with other detainees, they took them to another prison where they stayed until 19 August. They persisted in humiliating and making the Brothers suffer. Several times they made them sweep the public square, amidst insults and harassment. They forced them to go on military marches chanting Marxist slogans and on more than one occasion slapped them.<\/p>\n<p><!-- \/wp:paragraph --><!-- wp:paragraph --><\/p>\n<p>Despite their sufferings, they showed courage during their imprisonment and it was they who supported and encouraged the other prisoners, priests and militant Catholics of the place. While they were imprisoned, a benefactress of the College, Do\u00f1a Cecilia Ramiro, took charge of their food, which she brought to the prison every day. On 18 August, the feast of St Agapitos, the Director's name day, she brought him sweets which he distributed to everyone, including the prisoners. But the next day, 19 August 1936, a group of militiamen came to the prison and took the Brothers and 25 other prisoners, including five priests. They loaded them onto a truck and at midnight murdered them in the cemetery of Valdepe\u00f1as, then threw them all into a mass grave.<\/p>\n<p><!-- \/wp:paragraph --><\/p>\n<\/div><div class=\"fusion-separator fusion-full-width-sep\" style=\"align-self: center;margin-left: auto;margin-right: auto;margin-top:15px;margin-bottom:15px;width:100%;\"><div class=\"fusion-separator-border sep-single sep-solid\" style=\"--awb-height:20px;--awb-amount:20px;--awb-sep-color:var(--awb-custom17);border-color:var(--awb-custom17);border-top-width:1px;\"><\/div><\/div><nav class=\"fusion-breadcrumbs fusion-breadcrumbs-1\" style=\"--awb-breadcrumb-sep:&#039;\/&#039;;\" aria-label=\"Breadcrumb\"><ol class=\"awb-breadcrumb-list\"><\/ol><\/nav><\/div><\/div><div class=\"fusion-layout-column fusion_builder_column fusion-builder-column-1 fusion_builder_column_1_4 1_4 fusion-flex-column\" style=\"--awb-bg-size:cover;--awb-width-large:25%;--awb-margin-top-large:0px;--awb-spacing-right-large:7.68%;--awb-margin-bottom-large:20px;--awb-spacing-left-large:7.68%;--awb-width-medium:25%;--awb-order-medium:0;--awb-spacing-right-medium:7.68%;--awb-spacing-left-medium:7.68%;--awb-width-small:100%;--awb-order-small:0;--awb-spacing-right-small:1.92%;--awb-spacing-left-small:1.92%;\"><div class=\"fusion-column-wrapper fusion-column-has-shadow fusion-flex-justify-content-flex-start fusion-content-layout-column\"><div class=\"fusion-title title fusion-title-2 sep-underline sep-solid fusion-title-text fusion-title-size-two\" style=\"--awb-text-color:var(--awb-custom17);--awb-sep-color:var(--awb-custom17);--awb-font-size:22px;\"><h2 class=\"fusion-title-heading title-heading-left\" style=\"margin:0;font-size:1em;\">Important dates<\/h2><\/div><ul style=\"--awb-line-height:27.2px;--awb-icon-width:27.2px;--awb-icon-height:27.2px;--awb-icon-margin:11.2px;--awb-content-margin:38.4px;--awb-circlecolor:var(--awb-custom17);--awb-circle-yes-font-size:14.08px;\" class=\"fusion-checklist fusion-checklist-1 fusion-checklist-default type-icons\"><li class=\"fusion-li-item\" style=\"\"><span class=\"icon-wrapper circle-yes\"><i class=\"fusion-li-icon fa-star-half far\" aria-hidden=\"true\"><\/i><\/span><div class=\"fusion-li-item-content\"><p><strong>Liturgical memorial: November 6<\/strong><\/p><\/div><\/li><li class=\"fusion-li-item\" style=\"\"><span class=\"icon-wrapper circle-yes\"><i class=\"fusion-li-icon fa-star-half far\" aria-hidden=\"true\"><\/i><\/span><div class=\"fusion-li-item-content\"><p>28\/10\/2007: Beatification (together with others for a total of 498 Martyrs)<\/p><\/div><\/li><\/ul><div class=\"fusion-separator fusion-full-width-sep\" style=\"align-self: center;margin-left: auto;margin-right: auto;margin-top:15px;margin-bottom:15px;width:100%;\"><div class=\"fusion-separator-border sep-single sep-solid\" style=\"--awb-height:20px;--awb-amount:20px;--awb-sep-color:var(--awb-custom17);border-color:var(--awb-custom17);border-top-width:1px;\"><\/div><\/div><\/div><\/div><\/div><\/div>","protected":false},"excerpt":{"rendered":"","protected":false},"author":9,"featured_media":112312,"parent":8303,"menu_order":0,"comment_status":"closed","ping_status":"closed","template":"","meta":{"_tec_requires_first_save":true,"_monsterinsights_skip_tracking":false,"_monsterinsights_sitenote_active":false,"_monsterinsights_sitenote_note":"","_monsterinsights_sitenote_category":0,"_EventAllDay":false,"_EventTimezone":"","_EventStartDate":"","_EventEndDate":"","_EventStartDateUTC":"","_EventEndDateUTC":"","_EventShowMap":false,"_EventShowMapLink":false,"_EventURL":"","_EventCost":"","_EventCostDescription":"","_EventCurrencySymbol":"","_EventCurrencyCode":"","_EventCurrencyPosition":"","_EventDateTimeSeparator":"","_EventTimeRangeSeparator":"","_EventOrganizerID":[],"_EventVenueID":[],"_OrganizerEmail":"","_OrganizerPhone":"","_OrganizerWebsite":"","_VenueAddress":"","_VenueCity":"","_VenueCountry":"","_VenueProvince":"","_VenueState":"","_VenueZip":"","_VenuePhone":"","_VenueURL":"","_VenueStateProvince":"","_VenueLat":"","_VenueLng":"","_VenueShowMap":false,"_VenueShowMapLink":false,"_tribe_blocks_recurrence_rules":"","_tribe_blocks_recurrence_description":"","_tribe_blocks_recurrence_exclusions":"","footnotes":""},"class_list":["post-79273","page","type-page","status-publish","has-post-thumbnail","hentry"],"_links":{"self":[{"href":"https:\/\/www.lasalle.org\/en\/wp-json\/wp\/v2\/pages\/79273","targetHints":{"allow":["GET"]}}],"collection":[{"href":"https:\/\/www.lasalle.org\/en\/wp-json\/wp\/v2\/pages"}],"about":[{"href":"https:\/\/www.lasalle.org\/en\/wp-json\/wp\/v2\/types\/page"}],"author":[{"embeddable":true,"href":"https:\/\/www.lasalle.org\/en\/wp-json\/wp\/v2\/users\/9"}],"replies":[{"embeddable":true,"href":"https:\/\/www.lasalle.org\/en\/wp-json\/wp\/v2\/comments?post=79273"}],"version-history":[{"count":3,"href":"https:\/\/www.lasalle.org\/en\/wp-json\/wp\/v2\/pages\/79273\/revisions"}],"predecessor-version":[{"id":116606,"href":"https:\/\/www.lasalle.org\/en\/wp-json\/wp\/v2\/pages\/79273\/revisions\/116606"}],"up":[{"embeddable":true,"href":"https:\/\/www.lasalle.org\/en\/wp-json\/wp\/v2\/pages\/8303"}],"wp:featuredmedia":[{"embeddable":true,"href":"https:\/\/www.lasalle.org\/en\/wp-json\/wp\/v2\/media\/112312"}],"wp:attachment":[{"href":"https:\/\/www.lasalle.org\/en\/wp-json\/wp\/v2\/media?parent=79273"}],"curies":[{"name":"wp","href":"https:\/\/api.w.org\/{rel}","templated":true}]}}