{"id":79282,"date":"2021-07-19T08:50:53","date_gmt":"2021-07-19T07:50:53","guid":{"rendered":"https:\/\/www.lasalle.org\/?page_id=79282"},"modified":"2025-07-28T12:41:22","modified_gmt":"2025-07-28T10:41:22","slug":"blessed-brothers-martyrs-of-madrid-grinon","status":"publish","type":"page","link":"https:\/\/www.lasalle.org\/en\/lasallian-holiness\/blessed-brothers-martyrs-of-madrid-grinon\/","title":{"rendered":"Blessed Brothers Martyrs of Madrid \u2013 Gri\u00f1\u00f3n"},"content":{"rendered":"<div class=\"fusion-fullwidth fullwidth-box fusion-builder-row-1 fusion-flex-container has-pattern-background has-mask-background nonhundred-percent-fullwidth non-hundred-percent-height-scrolling\" style=\"--awb-border-radius-top-left:0px;--awb-border-radius-top-right:0px;--awb-border-radius-bottom-right:0px;--awb-border-radius-bottom-left:0px;--awb-flex-wrap:wrap;\" ><div class=\"fusion-builder-row fusion-row fusion-flex-align-items-flex-start fusion-flex-content-wrap\" style=\"max-width:1248px;margin-left: calc(-4% \/ 2 );margin-right: calc(-4% \/ 2 );\"><div class=\"fusion-layout-column fusion_builder_column fusion-builder-column-0 fusion_builder_column_3_4 3_4 fusion-flex-column\" style=\"--awb-bg-size:cover;--awb-width-large:75%;--awb-margin-top-large:0px;--awb-spacing-right-large:2.56%;--awb-margin-bottom-large:20px;--awb-spacing-left-large:2.56%;--awb-width-medium:75%;--awb-order-medium:0;--awb-spacing-right-medium:2.56%;--awb-spacing-left-medium:2.56%;--awb-width-small:100%;--awb-order-small:0;--awb-spacing-right-small:1.92%;--awb-spacing-left-small:1.92%;\"><div class=\"fusion-column-wrapper fusion-column-has-shadow fusion-flex-justify-content-flex-start fusion-content-layout-column\"><div class=\"fusion-title title fusion-title-1 sep-underline sep-solid fusion-title-text fusion-title-size-two\" style=\"--awb-text-color:var(--awb-custom17);--awb-sep-color:var(--awb-custom17);--awb-font-size:22px;\"><h2 class=\"fusion-title-heading title-heading-left\" style=\"margin:0;font-size:1em;\">Blessed Brothers Martyrs of Madrid \u2013 Gri\u00f1\u00f3n<\/h2><\/div><div class=\"fusion-text fusion-text-1\"><p>CAUSA <em>Aloisius Orentius Sola Garriga et xxi Socii, necnon Antonius Matheus Salamero<\/em><\/p>\n<p><!-- \/wp:post-content --><\/p>\n<p><!-- wp:paragraph --><\/p>\n<p><em>The Cause concerns 23 \u201cpresumed martyrs\u201d: <strong>21 Brothers of the Christian Schools<\/strong>, 1 Capucin and 1 layman.<\/em><\/p>\n<p><!-- \/wp:paragraph --><\/p>\n<p><!-- wp:paragraph --><\/p>\n<p>In <strong>Gri\u00f1\u00f3n<\/strong>, a town a few kilometres from Madrid, the Brothers have always had their formation house comprising an Aspirantate, a Novitiate and a Scholasticate. In addition to these groups there was also a pavilion reserved for Brothers who were elderly or infirm.<\/p>\n<p><!-- \/wp:paragraph --><\/p>\n<p><!-- wp:paragraph --><\/p>\n<p>When, on 28th July 1936, the house was attacked by a large group from the F.A.I. (Federacion Anarquista Iberica) and the C.G.T. (Confederacion General de Trabajadores), only about ten religious remained, the others having managed to make their way to Madrid before the arrival of the scoundrels.<\/p>\n<p><!-- \/wp:paragraph --><\/p>\n<p><!-- wp:paragraph --><\/p>\n<p>They ordered those present to gather in front of the chapel, and while they were doing so, a group of militiamen entered the chapel and began to destroy images, furniture and sacred objects. An employee of the house, Jos\u00e9 Gorastazu, a very pious and generous man, reprimanded them for what they were doing.\u00a0 They responded with bullets, killing the brave employee on the spot.<\/p>\n<p><!-- \/wp:paragraph --><\/p>\n<p><!-- wp:paragraph --><\/p>\n<p>Brother Angel Gregorio, who was a nurse-man, when they searched the infirmary they mistook him for a hospital employee treating the sick. But when he realised that they were going to kill his brothers, he told them: &#8220;I am also a religious&#8221;. They ordered him to stand in the group in front of the chapel. Without further explanation, the leader of the group commanded a platoon to shoot. The Brothers fell in a heap, pierced by bullets.<\/p>\n<p><!-- \/wp:paragraph --><\/p>\n<p><!-- wp:paragraph --><\/p>\n<p>Once the massacre was over, they got back into the trucks in which they had arrived. The bodies remained in the place where they had been killed. The people of Gri\u00f1\u00f3n were dismayed to learn what had happened. A group of people from the village, together with the judge who carried out the identification, dug a grave and buried them on the same property, with their heads turned towards the chapel. Their names are:<\/p>\n<\/div><div class=\"fusion-builder-row fusion-builder-row-inner fusion-row fusion-flex-align-items-flex-start fusion-flex-content-wrap\" style=\"width:104% !important;max-width:104% !important;margin-left: calc(-4% \/ 2 );margin-right: calc(-4% \/ 2 );\"><div class=\"fusion-layout-column fusion_builder_column_inner fusion-builder-nested-column-0 fusion_builder_column_inner_1_2 1_2 fusion-flex-column\" style=\"--awb-bg-size:cover;--awb-width-large:50%;--awb-margin-top-large:0px;--awb-spacing-right-large:3.84%;--awb-margin-bottom-large:20px;--awb-spacing-left-large:3.84%;--awb-width-medium:50%;--awb-order-medium:0;--awb-spacing-right-medium:3.84%;--awb-spacing-left-medium:3.84%;--awb-width-small:100%;--awb-order-small:0;--awb-spacing-right-small:1.92%;--awb-spacing-left-small:1.92%;\"><div class=\"fusion-column-wrapper fusion-column-has-shadow fusion-flex-justify-content-flex-start fusion-content-layout-column\"><div class=\"fusion-text fusion-text-2\" style=\"--awb-font-size:16px;\"><p><strong>Orencio Luis<br \/><\/strong>(Antonio Sol\u00e1 Garriga) 38 a\u00f1os<\/p>\n<p><strong>Br. Adelberto Ju\u00e1n<\/strong> <br \/>(Vicente Angulo Garc\u00eda) 32 years old<\/p>\n<p><strong>Br. Alejo Andr\u00e9s<\/strong> <br \/>(Patricio Beobide Cendoya) 47 a\u00f1os<\/p>\n<p><strong>Br. Angel Gregorio<\/strong> <br \/>(Germ\u00e1n Arribas Arribas) 41 a\u00f1os<\/p>\n<p><strong>Br. Aquilino Javier<\/strong> <br \/>(Celestino Ruiz Alegre) 34 years old<\/p>\n<p><strong>Br. Arturo Joaqu\u00edn<\/strong> <br \/>(Joaqu\u00edn Oliveras Pujalras) 61 years old<\/p>\n<p><strong>Br. Benjamin Le\u00f3n<\/strong> <br \/>(Graciliano Ortega Narganes) 31 years old<\/p>\n<p><strong>Br. Cris\u00f3stomo Albino<\/strong> <br \/>(L\u00e1zaro Ruiz Peral) 27 years old<\/p>\n<p><strong>Br. Daciano<\/strong> <br \/>(Juan Antonio De Bengor y Larri\u00f1aga) 54 years old<\/p>\n<p><strong>Br. Floriano F\u00e9lix<\/strong> <br \/>(Emiliano Santamar\u00eda Angulo) 37 years old<\/p>\n<p><strong>Br. Ismael Ricardo<\/strong> <br \/>(Mart\u00edn Arb\u00e9 Barr\u00f3n) 30 years old<\/p>\n<\/div><\/div><\/div><div class=\"fusion-layout-column fusion_builder_column_inner fusion-builder-nested-column-1 fusion_builder_column_inner_1_2 1_2 fusion-flex-column\" style=\"--awb-bg-size:cover;--awb-width-large:50%;--awb-margin-top-large:0px;--awb-spacing-right-large:3.84%;--awb-margin-bottom-large:20px;--awb-spacing-left-large:3.84%;--awb-width-medium:50%;--awb-order-medium:0;--awb-spacing-right-medium:3.84%;--awb-spacing-left-medium:3.84%;--awb-width-small:100%;--awb-order-small:0;--awb-spacing-right-small:1.92%;--awb-spacing-left-small:1.92%;\"><div class=\"fusion-column-wrapper fusion-column-has-shadow fusion-flex-justify-content-flex-start fusion-content-layout-column\"><div class=\"fusion-text fusion-text-3\" style=\"--awb-font-size:16px;\"><p><strong>Br. Javier Eliseo<br \/><\/strong>(Evencio Castellano L\u00f3pez) 24 years old\u00a0 \u00a0\u00a0\u00a0\u00a0\u00a0\u00a0<\/p>\n<p><strong>Br. Jos\u00e9 Alfonso<\/strong> <br \/>(Maximino Serrano S\u00e1iz) 49 years old\u00a0 \u00a0\u00a0\u00a0\u00a0\u00a0\u00a0<\/p>\n<p><strong>Br. Ju\u00e1n Pablo<\/strong> <br \/>(Gregorio \u00c1lvarez Fern\u00e1ndez) 32 years old\u00a0 \u00a0\u00a0\u00a0\u00a0\u00a0\u00a0<\/p>\n<p><strong>Br. Mariano Pablo<\/strong> <br \/>(Teodoro P\u00e9rez G\u00f3mez) 23 years old\u00a0 \u00a0\u00a0\u00a0\u00a0\u00a0\u00a0<\/p>\n<p><strong>Br. Mario F\u00e9lix<\/strong> <br \/>(Manoel Jos\u00e9 de Sousa) 75 years old\u00a0 \u00a0\u00a0\u00a0\u00a0\u00a0\u00a0<\/p>\n<p><strong>Br. Pablo de la Cruz<\/strong> <br \/>(Saturnino Sanz Sanz) 57 years old\u00a0 \u00a0\u00a0\u00a0\u00a0\u00a0\u00a0<\/p>\n<p><strong>Br. Sinfronio<\/strong> <br \/>(Manuel Miguel S\u00e1nchez) 60 years old\u00a0 \u00a0\u00a0\u00a0\u00a0\u00a0\u00a0<\/p>\n<p><strong>Br. Sixto Andr\u00e9s<\/strong> <br \/>(Andr\u00e9s Merino B\u00e1scones) 61 years old\u00a0 \u00a0\u00a0\u00a0\u00a0\u00a0\u00a0<\/p>\n<p><strong>Rev. Antonio Mateo Salamero<\/strong> <br \/>(Chaplain) 72 years old\u00a0 \u00a0\u00a0\u00a0\u00a0\u00a0\u00a0<\/p>\n<p><strong>Sig. Jos\u00e9 Gorostazu Labayen<\/strong> <br \/>(lay)\u00a0 29 years old\u00a0 \u00a0<\/p>\n<\/div><\/div><\/div><\/div><div class=\"fusion-separator fusion-full-width-sep\" style=\"align-self: center;margin-left: auto;margin-right: auto;margin-top:15px;margin-bottom:15px;width:100%;\"><div class=\"fusion-separator-border sep-single sep-solid\" style=\"--awb-height:20px;--awb-amount:20px;--awb-sep-color:var(--awb-custom17);border-color:var(--awb-custom17);border-top-width:1px;\"><\/div><\/div><nav class=\"fusion-breadcrumbs fusion-breadcrumbs-1\" style=\"--awb-breadcrumb-sep:&#039;\/&#039;;\" aria-label=\"Breadcrumb\"><ol class=\"awb-breadcrumb-list\"><\/ol><\/nav><\/div><\/div><div class=\"fusion-layout-column fusion_builder_column fusion-builder-column-1 fusion_builder_column_1_4 1_4 fusion-flex-column\" style=\"--awb-bg-size:cover;--awb-width-large:25%;--awb-margin-top-large:0px;--awb-spacing-right-large:7.68%;--awb-margin-bottom-large:20px;--awb-spacing-left-large:7.68%;--awb-width-medium:25%;--awb-order-medium:0;--awb-spacing-right-medium:7.68%;--awb-spacing-left-medium:7.68%;--awb-width-small:100%;--awb-order-small:0;--awb-spacing-right-small:1.92%;--awb-spacing-left-small:1.92%;\"><div class=\"fusion-column-wrapper fusion-column-has-shadow fusion-flex-justify-content-flex-start fusion-content-layout-column\"><div class=\"fusion-title title fusion-title-2 sep-underline sep-solid fusion-title-text fusion-title-size-two\" style=\"--awb-text-color:var(--awb-custom17);--awb-sep-color:var(--awb-custom17);--awb-font-size:22px;\"><h2 class=\"fusion-title-heading title-heading-left\" style=\"margin:0;font-size:1em;\">Important dates<\/h2><\/div><ul style=\"--awb-line-height:27.2px;--awb-icon-width:27.2px;--awb-icon-height:27.2px;--awb-icon-margin:11.2px;--awb-content-margin:38.4px;--awb-circlecolor:var(--awb-custom17);--awb-circle-yes-font-size:14.08px;\" class=\"fusion-checklist fusion-checklist-1 fusion-checklist-default type-icons\"><li class=\"fusion-li-item\" style=\"\"><span class=\"icon-wrapper circle-yes\"><i class=\"fusion-li-icon fa-star-half far\" aria-hidden=\"true\"><\/i><\/span><div class=\"fusion-li-item-content\">\r\n<p><strong>Liturgical memorial: November 6<\/strong><\/p>\r\n<\/div><\/li><li class=\"fusion-li-item\" style=\"\"><span class=\"icon-wrapper circle-yes\"><i class=\"fusion-li-icon fa-star-half far\" aria-hidden=\"true\"><\/i><\/span><div class=\"fusion-li-item-content\">\r\n<p>27\/10\/2013: Beatification (together with others for a total of 506 Martyrs)<\/p>\r\n<\/div><\/li><\/ul><div class=\"fusion-separator fusion-full-width-sep\" style=\"align-self: center;margin-left: auto;margin-right: auto;margin-top:15px;margin-bottom:15px;width:100%;\"><div class=\"fusion-separator-border sep-single sep-solid\" style=\"--awb-height:20px;--awb-amount:20px;--awb-sep-color:var(--awb-custom17);border-color:var(--awb-custom17);border-top-width:1px;\"><\/div><\/div><\/div><\/div><\/div><\/div>","protected":false},"excerpt":{"rendered":"","protected":false},"author":9,"featured_media":112333,"parent":8303,"menu_order":0,"comment_status":"closed","ping_status":"closed","template":"","meta":{"_tec_requires_first_save":true,"_monsterinsights_skip_tracking":false,"_monsterinsights_sitenote_active":false,"_monsterinsights_sitenote_note":"","_monsterinsights_sitenote_category":0,"_EventAllDay":false,"_EventTimezone":"","_EventStartDate":"","_EventEndDate":"","_EventStartDateUTC":"","_EventEndDateUTC":"","_EventShowMap":false,"_EventShowMapLink":false,"_EventURL":"","_EventCost":"","_EventCostDescription":"","_EventCurrencySymbol":"","_EventCurrencyCode":"","_EventCurrencyPosition":"","_EventDateTimeSeparator":"","_EventTimeRangeSeparator":"","_EventOrganizerID":[],"_EventVenueID":[],"_OrganizerEmail":"","_OrganizerPhone":"","_OrganizerWebsite":"","_VenueAddress":"","_VenueCity":"","_VenueCountry":"","_VenueProvince":"","_VenueState":"","_VenueZip":"","_VenuePhone":"","_VenueURL":"","_VenueStateProvince":"","_VenueLat":"","_VenueLng":"","_VenueShowMap":false,"_VenueShowMapLink":false,"_tribe_blocks_recurrence_rules":"","_tribe_blocks_recurrence_description":"","_tribe_blocks_recurrence_exclusions":"","footnotes":""},"class_list":["post-79282","page","type-page","status-publish","has-post-thumbnail","hentry"],"_links":{"self":[{"href":"https:\/\/www.lasalle.org\/en\/wp-json\/wp\/v2\/pages\/79282","targetHints":{"allow":["GET"]}}],"collection":[{"href":"https:\/\/www.lasalle.org\/en\/wp-json\/wp\/v2\/pages"}],"about":[{"href":"https:\/\/www.lasalle.org\/en\/wp-json\/wp\/v2\/types\/page"}],"author":[{"embeddable":true,"href":"https:\/\/www.lasalle.org\/en\/wp-json\/wp\/v2\/users\/9"}],"replies":[{"embeddable":true,"href":"https:\/\/www.lasalle.org\/en\/wp-json\/wp\/v2\/comments?post=79282"}],"version-history":[{"count":5,"href":"https:\/\/www.lasalle.org\/en\/wp-json\/wp\/v2\/pages\/79282\/revisions"}],"predecessor-version":[{"id":116649,"href":"https:\/\/www.lasalle.org\/en\/wp-json\/wp\/v2\/pages\/79282\/revisions\/116649"}],"up":[{"embeddable":true,"href":"https:\/\/www.lasalle.org\/en\/wp-json\/wp\/v2\/pages\/8303"}],"wp:featuredmedia":[{"embeddable":true,"href":"https:\/\/www.lasalle.org\/en\/wp-json\/wp\/v2\/media\/112333"}],"wp:attachment":[{"href":"https:\/\/www.lasalle.org\/en\/wp-json\/wp\/v2\/media?parent=79282"}],"curies":[{"name":"wp","href":"https:\/\/api.w.org\/{rel}","templated":true}]}}