{"id":79293,"date":"2021-07-19T09:02:41","date_gmt":"2021-07-19T08:02:41","guid":{"rendered":"https:\/\/www.lasalle.org\/?page_id=79293"},"modified":"2025-08-06T09:40:43","modified_gmt":"2025-08-06T07:40:43","slug":"blessed-brothers-martyrs-of-tarragona","status":"publish","type":"page","link":"https:\/\/www.lasalle.org\/en\/lasallian-holiness\/blessed-brothers-martyrs-of-tarragona\/","title":{"rendered":"Blessed Brothers Martyrs of Tarragona"},"content":{"rendered":"<div class=\"fusion-fullwidth fullwidth-box fusion-builder-row-1 fusion-flex-container has-pattern-background has-mask-background nonhundred-percent-fullwidth non-hundred-percent-height-scrolling\" style=\"--awb-border-radius-top-left:0px;--awb-border-radius-top-right:0px;--awb-border-radius-bottom-right:0px;--awb-border-radius-bottom-left:0px;--awb-flex-wrap:wrap;\" ><div class=\"fusion-builder-row fusion-row fusion-flex-align-items-flex-start fusion-flex-content-wrap\" style=\"max-width:1248px;margin-left: calc(-4% \/ 2 );margin-right: calc(-4% \/ 2 );\"><div class=\"fusion-layout-column fusion_builder_column fusion-builder-column-0 fusion_builder_column_3_4 3_4 fusion-flex-column\" style=\"--awb-bg-size:cover;--awb-width-large:75%;--awb-margin-top-large:0px;--awb-spacing-right-large:2.56%;--awb-margin-bottom-large:20px;--awb-spacing-left-large:2.56%;--awb-width-medium:75%;--awb-order-medium:0;--awb-spacing-right-medium:2.56%;--awb-spacing-left-medium:2.56%;--awb-width-small:100%;--awb-order-small:0;--awb-spacing-right-small:1.92%;--awb-spacing-left-small:1.92%;\"><div class=\"fusion-column-wrapper fusion-column-has-shadow fusion-flex-justify-content-flex-start fusion-content-layout-column\"><div class=\"fusion-title title fusion-title-1 sep-underline sep-solid fusion-title-text fusion-title-size-two\" style=\"--awb-text-color:var(--awb-custom17);--awb-sep-color:var(--awb-custom17);--awb-font-size:22px;\"><h2 class=\"fusion-title-heading title-heading-left\" style=\"margin:0;font-size:1em;\">Blessed Brothers Martyrs of Tarragona<\/h2><\/div><div class=\"fusion-text fusion-text-1\"><p>CAUSA<em> EMMANUEL BORRAS FERRE et CXLVI SOCII<\/em><\/p>\n<p><!-- \/wp:post-content --><\/p>\n<p><!-- wp:paragraph --><\/p>\n<p><em>The Cause includes 147 \u00ab\u00a0premused Martyrs\u00a0\u00bb\u00a0:<\/em> 1 bishop, 66 priests, 2 seminarians, <strong>39 Brothers of the Christian Schools<\/strong>, 7 Carmelite Fathers, 7 Claretian Fathers, 1 Capuccin, 4 terziari Carmelite terziaries and 20 Monjes of Montserrat.<\/p>\n<p><!-- \/wp:paragraph --><\/p>\n<p><!-- wp:paragraph --><\/p>\n<p>It was the last diocesan process in which Brothers of the Christian Schools were inserted. The diocesan phase began on April 28, 1952 and ended on July 2, 1959. In the 354 sessions, 984 witnesses were questioned. The Positio is made up of 4 volumes for a total of 3450 pages. The Brothers grouped in the canonical process celebrated in Tarragona belonged to different schools not only in the city but also in the surrounding area and were martyred in different circumstances and on different days. When the persecution became fierce and it was no longer possible to live safely in schools, the Brothers were forced to take refuge where they saw fit. The danger that they would be recognized and reported to the Comit\u00e9s was always lurking. In fact, this happened to 6 Brothers who had taken refuge in the Hotel Nacional in Tarragona: they were discovered and murdered together with the owner of the hotel that had hosted them and not reported. Even more pitiful fate fell to 2 other Brothers of the Cambrils community, one sick and the other a nurse: they were loaded into a car and taken out of the town. Arriving in a lonely place, they ordered a new member of the Revolutionary Committee to proceed to kill them. He had been employed in the house of the Brothers, he knew the two well and refused. At threats of being shot himself together with the two, he trembled the order, amid the laughter and curses of those present.<\/p>\n<p><!-- \/wp:paragraph --><\/p>\n<p><!-- wp:paragraph --><\/p>\n<p>Many other Brothers, rounded up here and there, were massed, together with priests, other religious and lay Catholics, on the old boat &#8220;Rio Segre&#8221;, from which, in small groups, they were sent to be shot, which generally took place far from inappropriate witnesses. Here are the names of the 39 Brothers:<\/p>\n<\/div><div class=\"fusion-builder-row fusion-builder-row-inner fusion-row fusion-flex-align-items-flex-start fusion-flex-content-wrap\" style=\"width:104% !important;max-width:104% !important;margin-left: calc(-4% \/ 2 );margin-right: calc(-4% \/ 2 );\"><div class=\"fusion-layout-column fusion_builder_column_inner fusion-builder-nested-column-0 fusion_builder_column_inner_1_3 1_3 fusion-flex-column\" style=\"--awb-bg-size:cover;--awb-width-large:33.333333333333%;--awb-margin-top-large:0px;--awb-spacing-right-large:5.76%;--awb-margin-bottom-large:20px;--awb-spacing-left-large:5.76%;--awb-width-medium:33.333333333333%;--awb-order-medium:0;--awb-spacing-right-medium:5.76%;--awb-spacing-left-medium:5.76%;--awb-width-small:100%;--awb-order-small:0;--awb-spacing-right-small:1.92%;--awb-spacing-left-small:1.92%;\"><div class=\"fusion-column-wrapper fusion-column-has-shadow fusion-flex-justify-content-flex-start fusion-content-layout-column\"><div class=\"fusion-text fusion-text-2\" style=\"--awb-font-size:16px;\"><p><strong>Br. Agapito Modesto<\/strong> <br \/>(Modesto Pamplona Falguera) 29 years<\/p>\n<p><strong>Br. Alberto Joaqu\u00edn<\/strong> <br \/>(Alberto Linares de La Pinta) 23 years<\/p>\n<p><strong>Br. Alejandro Antonio<\/strong> <br \/>(Alejandro Arraya Caballero) 28 years<\/p>\n<p><strong>Br. Alejandro Juan<\/strong> <br \/>(Fermin Gellida Cornelles) 47 years<\/p>\n<p><strong>Br. Alfeo Bernab\u00e9<\/strong> <br \/>(Bernab\u00e9 Nu\u00f1es Alonso) 34 years<\/p>\n<p><strong>Br. Anastasio Lucas<\/strong> <br \/>(Lucas Mart\u00edn Puente) 28 years<\/p>\n<p><strong>Br. Andr\u00e9s Sergio<\/strong> <br \/>(Andr\u00e9s Pradaz Lahoz) 28 years<\/p>\n<p><strong>Br. Angel Amado<\/strong> <br \/>(Aejandro P\u00e9rez Fierro) 31 years<\/p>\n<p><strong>Br. Anselmo F\u00e9lix<\/strong> <br \/>(Modesto Godo Buscat\u00f3) 57 years<\/p>\n<p><strong>Br. Antonio Gil<\/strong> <br \/>(Alejandro Gil Monforte) 33 years<\/p>\n<p><strong>Br. Ar\u00edstides Marcos<\/strong> <br \/>(Pedro Cano Cebri\u00e1n) 30 years<\/p>\n<p><strong>Br. Arnoldo Cirilo<\/strong> <br \/>(Juan Font Taulat) 46 years<\/p>\n<p><strong>Br. Augusto Mar\u00eda<\/strong> <br \/>(Miguel Arsenio Merino) 41 years<\/p>\n<\/div><\/div><\/div><div class=\"fusion-layout-column fusion_builder_column_inner fusion-builder-nested-column-1 fusion_builder_column_inner_1_3 1_3 fusion-flex-column\" style=\"--awb-bg-size:cover;--awb-width-large:33.333333333333%;--awb-margin-top-large:0px;--awb-spacing-right-large:5.76%;--awb-margin-bottom-large:20px;--awb-spacing-left-large:5.76%;--awb-width-medium:33.333333333333%;--awb-order-medium:0;--awb-spacing-right-medium:5.76%;--awb-spacing-left-medium:5.76%;--awb-width-small:100%;--awb-order-small:0;--awb-spacing-right-small:1.92%;--awb-spacing-left-small:1.92%;\"><div class=\"fusion-column-wrapper fusion-column-has-shadow fusion-flex-justify-content-flex-start fusion-content-layout-column\"><div class=\"fusion-text fusion-text-3\" style=\"--awb-font-size:16px;\"><p><strong>Br. Benildo Jos\u00e9<\/strong> <br \/>(Francisco Casademunt Ribas) 64 years<\/p>\n<p><strong>Br. Benito Juan<\/strong> <br \/>(Juan Bautista Urgell Coma) 30 years<\/p>\n<p><strong>Br. Buenaventura P\u00edo<\/strong> <br \/>(P\u00edo Ruiz De La Torre) 27 years<\/p>\n<p><strong>Br. Claudio Jos\u00e9<\/strong> <br \/>(Manuel Mateo Calvo) 27 years<\/p>\n<p><strong>Br. Clemente Adolfo<\/strong> <br \/>(Juan Clemente Vea Balaguer) 38 years<\/p>\n<p><strong>Br. Clemente Faustino<\/strong> <br \/>(Germ\u00e1n Jos\u00e9 Fern\u00e1ndez S\u00e1enz) 21 years<\/p>\n<p><strong>Br. Daniel Antonino<\/strong> <br \/>(Nicolas Rueda Barriocanal) 42 years<\/p>\n<p><strong>Br. Eladio Vicente<\/strong> <br \/>(Ces\u00e1reo Espa\u00f1a Ortiz) 50 years<\/p>\n<p><strong>Br. El\u00edas Paulino<\/strong> <br \/>(Javier Pradas Vidal) 40 years<\/p>\n<p><strong>Br. ElmoMiguel<\/strong> <br \/>(Pedro Sistema Torrent) 68 years<\/p>\n<p><strong>Br. Exuperio Alberto<\/strong> <br \/>(Miguel Alberto Flos) 55 years<\/p>\n<p><strong>Br. Fausto Luis<\/strong> <br \/>(Jos\u00e9 Mar\u00eda Tolaguera Oliva) 32 years<\/p>\n<p><strong>Br. F\u00e9lix Adriano<\/strong> <br \/>(Francisco Vicente Edo) 33 years<\/p>\n<\/div><\/div><\/div><div class=\"fusion-layout-column fusion_builder_column_inner fusion-builder-nested-column-2 fusion_builder_column_inner_1_3 1_3 fusion-flex-column\" style=\"--awb-bg-size:cover;--awb-width-large:33.333333333333%;--awb-margin-top-large:0px;--awb-spacing-right-large:5.76%;--awb-margin-bottom-large:20px;--awb-spacing-left-large:5.76%;--awb-width-medium:33.333333333333%;--awb-order-medium:0;--awb-spacing-right-medium:5.76%;--awb-spacing-left-medium:5.76%;--awb-width-small:100%;--awb-order-small:0;--awb-spacing-right-small:1.92%;--awb-spacing-left-small:1.92%;\"><div class=\"fusion-column-wrapper fusion-column-has-shadow fusion-flex-justify-content-flex-start fusion-content-layout-column\"><div class=\"fusion-text fusion-text-4\" style=\"--awb-font-size:16px;\"><p><strong>Br. Fulberto Jaime<\/strong> <br \/>(Jaime Jard\u00ed Vernet) 35 years<\/p>\n<p><strong>Br. Gilberto de Jes\u00fas<\/strong> <br \/>(Jos\u00e9 Boschdemont Mitjavila) 56 years<\/p>\n<p><strong>Br. Honorio Sebasti\u00e1n<\/strong> <br \/>(Sebasti\u00e1n Obeso Alario) 25 years<\/p>\n<p><strong>Br. Hugo Bernab\u00e9 <\/strong><br \/>(Francisco Trull\u00e9n Gilisbart) 41 years<\/p>\n<p><strong>Br. Jacinto Jorge<\/strong> <br \/>(Jos\u00e9 Comprub\u00ed Corrub\u00ed) 48 years<\/p>\n<p><strong>Br. Jenaro<\/strong> <br \/>(Mariano Navarro Blasco) 32 years<\/p>\n<p><strong>Br. Justino Gabriel<\/strong> <br \/>(Gabriel Albiol Plou) 26 years<\/p>\n<p><strong>Br. Leoncio Joaqu\u00edn<\/strong> <br \/>(Joaquin Pallerola Feu) 44 years<\/p>\n<p><strong>Br. Luis Alberto<\/strong> <br \/>(Ildefonso Alberto Flos) 56 years<\/p>\n<p><strong>Br. Mag\u00edn Pedro<\/strong> <br \/>(Francisco Javier Salla Salt\u00f3) 20 years<\/p>\n<p><strong>Br. Marciano Pascual<\/strong> <br \/>(Pascual Escu\u00edn Ferrer) 29 years<\/p>\n<p><strong>Br. Nicol\u00e1s Adriano<\/strong> <br \/>(Juan P\u00e9rez Rodrigo) 22 years<\/p>\n<p><strong>Br. Rafael Jos\u00e9<\/strong> <br \/>(Patricio Gellida Llorach) 65 years<\/p>\n<\/div><\/div><\/div><\/div><div class=\"fusion-separator fusion-full-width-sep\" style=\"align-self: center;margin-left: auto;margin-right: auto;margin-top:15px;margin-bottom:15px;width:100%;\"><div class=\"fusion-separator-border sep-single sep-solid\" style=\"--awb-height:20px;--awb-amount:20px;--awb-sep-color:var(--awb-custom17);border-color:var(--awb-custom17);border-top-width:1px;\"><\/div><\/div><nav class=\"fusion-breadcrumbs fusion-breadcrumbs-1\" style=\"--awb-breadcrumb-sep:&#039;\/&#039;;\" aria-label=\"Breadcrumb\"><ol class=\"awb-breadcrumb-list\"><\/ol><\/nav><\/div><\/div><div class=\"fusion-layout-column fusion_builder_column fusion-builder-column-1 fusion_builder_column_1_4 1_4 fusion-flex-column\" style=\"--awb-bg-size:cover;--awb-width-large:25%;--awb-margin-top-large:0px;--awb-spacing-right-large:7.68%;--awb-margin-bottom-large:20px;--awb-spacing-left-large:7.68%;--awb-width-medium:25%;--awb-order-medium:0;--awb-spacing-right-medium:7.68%;--awb-spacing-left-medium:7.68%;--awb-width-small:100%;--awb-order-small:0;--awb-spacing-right-small:1.92%;--awb-spacing-left-small:1.92%;\"><div class=\"fusion-column-wrapper fusion-column-has-shadow fusion-flex-justify-content-flex-start fusion-content-layout-column\"><div class=\"fusion-title title fusion-title-2 sep-underline sep-solid fusion-title-text fusion-title-size-two\" style=\"--awb-text-color:var(--awb-custom17);--awb-sep-color:var(--awb-custom17);--awb-font-size:22px;\"><h2 class=\"fusion-title-heading title-heading-left\" style=\"margin:0;font-size:1em;\">Important dates<\/h2><\/div><ul style=\"--awb-line-height:27.2px;--awb-icon-width:27.2px;--awb-icon-height:27.2px;--awb-icon-margin:11.2px;--awb-content-margin:38.4px;--awb-circlecolor:var(--awb-custom17);--awb-circle-yes-font-size:14.08px;\" class=\"fusion-checklist fusion-checklist-1 fusion-checklist-default type-icons\"><li class=\"fusion-li-item\" style=\"\"><span class=\"icon-wrapper circle-yes\"><i class=\"fusion-li-icon fa-star-half far\" aria-hidden=\"true\"><\/i><\/span><div class=\"fusion-li-item-content\"><p><strong>Liturgical memorial: 6 November<\/strong><\/p><\/div><\/li><li class=\"fusion-li-item\" style=\"\"><span class=\"icon-wrapper circle-yes\"><i class=\"fusion-li-icon fa-star-half far\" aria-hidden=\"true\"><\/i><\/span><div class=\"fusion-li-item-content\"><p>13\/10\/2013: Beatification (in Tarragona, together with 483 other Martyrs)<\/p><\/div><\/li><\/ul><div class=\"fusion-separator fusion-full-width-sep\" style=\"align-self: center;margin-left: auto;margin-right: auto;margin-top:15px;margin-bottom:15px;width:100%;\"><div class=\"fusion-separator-border sep-single sep-solid\" style=\"--awb-height:20px;--awb-amount:20px;--awb-sep-color:var(--awb-custom17);border-color:var(--awb-custom17);border-top-width:1px;\"><\/div><\/div><\/div><\/div><\/div><\/div>","protected":false},"excerpt":{"rendered":"","protected":false},"author":9,"featured_media":112320,"parent":8303,"menu_order":0,"comment_status":"closed","ping_status":"closed","template":"","meta":{"_tec_requires_first_save":true,"_monsterinsights_skip_tracking":false,"_monsterinsights_sitenote_active":false,"_monsterinsights_sitenote_note":"","_monsterinsights_sitenote_category":0,"_EventAllDay":false,"_EventTimezone":"","_EventStartDate":"","_EventEndDate":"","_EventStartDateUTC":"","_EventEndDateUTC":"","_EventShowMap":false,"_EventShowMapLink":false,"_EventURL":"","_EventCost":"","_EventCostDescription":"","_EventCurrencySymbol":"","_EventCurrencyCode":"","_EventCurrencyPosition":"","_EventDateTimeSeparator":"","_EventTimeRangeSeparator":"","_EventOrganizerID":[],"_EventVenueID":[],"_OrganizerEmail":"","_OrganizerPhone":"","_OrganizerWebsite":"","_VenueAddress":"","_VenueCity":"","_VenueCountry":"","_VenueProvince":"","_VenueState":"","_VenueZip":"","_VenuePhone":"","_VenueURL":"","_VenueStateProvince":"","_VenueLat":"","_VenueLng":"","_VenueShowMap":false,"_VenueShowMapLink":false,"_tribe_blocks_recurrence_rules":"","_tribe_blocks_recurrence_description":"","_tribe_blocks_recurrence_exclusions":"","footnotes":""},"class_list":["post-79293","page","type-page","status-publish","has-post-thumbnail","hentry"],"_links":{"self":[{"href":"https:\/\/www.lasalle.org\/en\/wp-json\/wp\/v2\/pages\/79293","targetHints":{"allow":["GET"]}}],"collection":[{"href":"https:\/\/www.lasalle.org\/en\/wp-json\/wp\/v2\/pages"}],"about":[{"href":"https:\/\/www.lasalle.org\/en\/wp-json\/wp\/v2\/types\/page"}],"author":[{"embeddable":true,"href":"https:\/\/www.lasalle.org\/en\/wp-json\/wp\/v2\/users\/9"}],"replies":[{"embeddable":true,"href":"https:\/\/www.lasalle.org\/en\/wp-json\/wp\/v2\/comments?post=79293"}],"version-history":[{"count":5,"href":"https:\/\/www.lasalle.org\/en\/wp-json\/wp\/v2\/pages\/79293\/revisions"}],"predecessor-version":[{"id":117005,"href":"https:\/\/www.lasalle.org\/en\/wp-json\/wp\/v2\/pages\/79293\/revisions\/117005"}],"up":[{"embeddable":true,"href":"https:\/\/www.lasalle.org\/en\/wp-json\/wp\/v2\/pages\/8303"}],"wp:featuredmedia":[{"embeddable":true,"href":"https:\/\/www.lasalle.org\/en\/wp-json\/wp\/v2\/media\/112320"}],"wp:attachment":[{"href":"https:\/\/www.lasalle.org\/en\/wp-json\/wp\/v2\/media?parent=79293"}],"curies":[{"name":"wp","href":"https:\/\/api.w.org\/{rel}","templated":true}]}}