{"id":8406,"date":"2018-12-10T12:26:50","date_gmt":"2018-12-10T12:26:50","guid":{"rendered":"http:\/\/lasalle.vl20054.dinaserver.com\/blessed-martyrs-of-almeria\/"},"modified":"2025-07-28T09:11:16","modified_gmt":"2025-07-28T07:11:16","slug":"blessed-martyrs-of-almeria","status":"publish","type":"page","link":"https:\/\/www.lasalle.org\/en\/lasallian-holiness\/blessed-martyrs-of-almeria\/","title":{"rendered":"Blessed Martyrs of Almeria"},"content":{"rendered":"<div class=\"fusion-fullwidth fullwidth-box fusion-builder-row-1 fusion-flex-container has-pattern-background has-mask-background nonhundred-percent-fullwidth non-hundred-percent-height-scrolling\" style=\"--awb-border-radius-top-left:0px;--awb-border-radius-top-right:0px;--awb-border-radius-bottom-right:0px;--awb-border-radius-bottom-left:0px;--awb-flex-wrap:wrap;\" ><div class=\"fusion-builder-row fusion-row fusion-flex-align-items-flex-start fusion-flex-content-wrap\" style=\"max-width:1248px;margin-left: calc(-4% \/ 2 );margin-right: calc(-4% \/ 2 );\"><div class=\"fusion-layout-column fusion_builder_column fusion-builder-column-0 fusion_builder_column_3_4 3_4 fusion-flex-column\" style=\"--awb-bg-size:cover;--awb-width-large:75%;--awb-margin-top-large:0px;--awb-spacing-right-large:2.56%;--awb-margin-bottom-large:20px;--awb-spacing-left-large:2.56%;--awb-width-medium:75%;--awb-order-medium:0;--awb-spacing-right-medium:2.56%;--awb-spacing-left-medium:2.56%;--awb-width-small:100%;--awb-order-small:0;--awb-spacing-right-small:1.92%;--awb-spacing-left-small:1.92%;\"><div class=\"fusion-column-wrapper fusion-column-has-shadow fusion-flex-justify-content-flex-start fusion-content-layout-column\"><div class=\"fusion-title title fusion-title-1 sep-underline sep-solid fusion-title-text fusion-title-size-two\" style=\"--awb-text-color:var(--awb-custom17);--awb-sep-color:var(--awb-custom17);--awb-font-size:22px;\"><h2 class=\"fusion-title-heading title-heading-left\" style=\"margin:0;font-size:1em;\">Blessed Brothers Martyrs of Almeria<\/h2><\/div><div class=\"fusion-text fusion-text-1\"><p><img decoding=\"async\" class=\"alignright size-medium wp-image-8407\" src=\"https:\/\/www.lasalle.org\/wp-content\/uploads\/2018\/12\/almeria-223x300.png\" alt=\"\" width=\"223\" height=\"300\" srcset=\"https:\/\/www.lasalle.org\/wp-content\/uploads\/2018\/12\/almeria-223x300.png 223w, https:\/\/www.lasalle.org\/wp-content\/uploads\/2018\/12\/almeria.png 364w\" sizes=\"(max-width: 223px) 100vw, 223px\" \/>CAUSA DIDACUS VENTAJA MILAN\u2026et SOCII<\/p>\n<p>The Cause includes 2 bishops (Didacus Ventaja Mil\u00e1n and Emmanuel Medina Olmos) and 7 Brothers of the Christian Schools.<\/p>\n<p>In 1936 the city of Almer\u00eda had 19 Brothers of the Christian Schools: 15 were working at San Jos\u00e9 College and 4 at Las Chocillas School.<\/p>\n<p>Seven were chosen by God to be glorified with the palm of martyrdom. They died in two different circumstances and on different dates in the year 1936, but in the same way: they were transported in a truck to the Tabernas area, in the place called \u201cVenta de los Yesos\u201d, where there were dry and abandoned wells.<\/p>\n<p>These were the Brothers:<\/p>\n<\/div><div class=\"fusion-text fusion-text-2\"><p><strong><img decoding=\"async\" class=\"wp-image-50439 alignleft\" src=\"https:\/\/www.lasalle.org\/wp-content\/uploads\/2019\/07\/edmigio.png\" alt=\"\" width=\"60\" height=\"108\" \/>Brother Edmigio<\/strong>\u00a0(Isidoro Primo Rodr\u00edguez Gonz\u00e1lez) 55 years old<br \/>\nBorn at Adalia, Spain April 4, 1881<br \/>\nEntered the novitiate October 8, 1898<\/p>\n<\/div><div class=\"fusion-text fusion-text-3\"><p><strong><img decoding=\"async\" class=\"wp-image-50443 alignleft\" src=\"https:\/\/www.lasalle.org\/wp-content\/uploads\/2019\/07\/amalio.png\" alt=\"\" width=\"60\" height=\"108\" \/>Brother Amalio<\/strong>\u00a0(Justo Zariquiegui Mendoza) 50 years old<br \/>\nBorn at Salinas de Oro, Spain August 6, 1886<br \/>\nEntered the novitiate September 13, 1902<\/p>\n<\/div><div class=\"fusion-text fusion-text-4\"><p><strong><img decoding=\"async\" class=\"wp-image-50448 alignleft\" src=\"https:\/\/www.lasalle.org\/wp-content\/uploads\/2019\/07\/vbernardo.png\" alt=\"\" width=\"60\" height=\"108\" \/>Brother Valerio Bernardo<\/strong>\u00a0(Marciano Herrero Mart\u00ednez) 27 years old<br \/>\nBorn at Porquera, Spain July 11, 1909<br \/>\nEntered the novitiate February 1, 1926<\/p>\n<\/div><div class=\"fusion-text fusion-text-5\"><p><strong><img decoding=\"async\" class=\"wp-image-50467 alignleft\" src=\"https:\/\/www.lasalle.org\/wp-content\/uploads\/2019\/07\/tjoaquin.png\" alt=\"\" width=\"60\" height=\"108\" \/>Brother Teodomiro Joaqu\u00edn<\/strong>\u00a0(Adri\u00e1n S\u00e1iz S\u00e1iz) 29 years old<br \/>\nBorn at Puentedey, Spain September 8, 1907<br \/>\nEntered the novitiate August 15, 1923<\/p>\n<\/div><div class=\"fusion-text fusion-text-6\"><p><strong><img decoding=\"async\" class=\"wp-image-50472 alignleft\" src=\"https:\/\/www.lasalle.org\/wp-content\/uploads\/2019\/07\/ericardo.png\" alt=\"\" width=\"60\" height=\"108\" \/>Brother Evencio Ricardo<\/strong>\u00a0(Eusebio Alonso Uyarra) 29 years old<br \/>\nBorn at Viloria, Spain March 5, 1907<br \/>\nEntered the novitiate February 2, 1923<\/p>\n<\/div><div class=\"fusion-text fusion-text-7\"><p><strong><img decoding=\"async\" class=\"wp-image-50459 alignleft\" src=\"https:\/\/www.lasalle.org\/wp-content\/uploads\/2019\/07\/amaria.png\" alt=\"\" width=\"60\" height=\"108\" \/>Brother Aurelio Mar\u00eda\u00a0<\/strong>(Bienvenido Villal\u00f3n Acebr\u00f3n) 46 years old<br \/>\nBorn at Zafra de Z\u00e1ncara, Spain March 22, 1890<br \/>\nEntered the novitiate August 22, 1906<\/p>\n<\/div><div class=\"fusion-text fusion-text-8\"><p><strong><img decoding=\"async\" class=\"wp-image-50455 alignleft\" src=\"https:\/\/www.lasalle.org\/wp-content\/uploads\/2019\/07\/jcecilio.png\" alt=\"\" width=\"60\" height=\"108\" \/>Brother Jos\u00e9 Cecilio<\/strong>\u00a0(Bonifacio Rodr\u00edguez Gonz\u00e1lez) 51 years old<br \/>\nBorn 14 May 1885, in La Molina de Ubierna, Spain<\/p>\n<\/div><div class=\"fusion-separator fusion-full-width-sep\" style=\"align-self: center;margin-left: auto;margin-right: auto;margin-top:15px;margin-bottom:15px;width:100%;\"><div class=\"fusion-separator-border sep-single sep-solid\" style=\"--awb-height:20px;--awb-amount:20px;--awb-sep-color:var(--awb-custom17);border-color:var(--awb-custom17);border-top-width:1px;\"><\/div><\/div><nav class=\"fusion-breadcrumbs fusion-breadcrumbs-1\" style=\"--awb-breadcrumb-sep:&#039;\/&#039;;\" aria-label=\"Breadcrumb\"><ol class=\"awb-breadcrumb-list\"><\/ol><\/nav><\/div><\/div><div class=\"fusion-layout-column fusion_builder_column fusion-builder-column-1 fusion_builder_column_1_4 1_4 fusion-flex-column\" style=\"--awb-bg-size:cover;--awb-width-large:25%;--awb-margin-top-large:0px;--awb-spacing-right-large:7.68%;--awb-margin-bottom-large:20px;--awb-spacing-left-large:7.68%;--awb-width-medium:25%;--awb-order-medium:0;--awb-spacing-right-medium:7.68%;--awb-spacing-left-medium:7.68%;--awb-width-small:100%;--awb-order-small:0;--awb-spacing-right-small:1.92%;--awb-spacing-left-small:1.92%;\"><div class=\"fusion-column-wrapper fusion-column-has-shadow fusion-flex-justify-content-flex-start fusion-content-layout-column\"><div class=\"fusion-title title fusion-title-2 sep-underline sep-solid fusion-title-text fusion-title-size-two\" style=\"--awb-text-color:var(--awb-custom17);--awb-sep-color:var(--awb-custom17);--awb-font-size:22px;\"><h2 class=\"fusion-title-heading title-heading-left\" style=\"margin:0;font-size:1em;\">Important dates<\/h2><\/div><ul style=\"--awb-line-height:27.2px;--awb-icon-width:27.2px;--awb-icon-height:27.2px;--awb-icon-margin:11.2px;--awb-content-margin:38.4px;--awb-circlecolor:var(--awb-custom17);--awb-circle-yes-font-size:14.08px;\" class=\"fusion-checklist fusion-checklist-1 fusion-checklist-default type-icons\"><li class=\"fusion-li-item\" style=\"\"><span class=\"icon-wrapper circle-yes\"><i class=\"fusion-li-icon fa-star-half far\" aria-hidden=\"true\"><\/i><\/span><div class=\"fusion-li-item-content\">\n<p><strong>Liturgical memorial: November 6<\/strong><\/p>\n<\/div><\/li><li class=\"fusion-li-item\" style=\"\"><span class=\"icon-wrapper circle-yes\"><i class=\"fusion-li-icon fa-star-half far\" aria-hidden=\"true\"><\/i><\/span><div class=\"fusion-li-item-content\">\n<p>10\/10\/1993: Beatification \u2013 H.H. John Paul II<\/p>\n<\/div><\/li><\/ul><div class=\"fusion-separator fusion-full-width-sep\" style=\"align-self: center;margin-left: auto;margin-right: auto;margin-top:10px;margin-bottom:10px;width:100%;\"><\/div><div class=\"fusion-title title fusion-title-3 sep-underline sep-solid fusion-title-text fusion-title-size-two\" style=\"--awb-text-color:var(--awb-custom17);--awb-sep-color:var(--awb-custom17);--awb-font-size:22px;\"><h2 class=\"fusion-title-heading title-heading-left\" style=\"margin:0;font-size:1em;\">Important dates<\/h2><\/div><ul style=\"--awb-line-height:27.2px;--awb-icon-width:27.2px;--awb-icon-height:27.2px;--awb-icon-margin:11.2px;--awb-content-margin:38.4px;--awb-circlecolor:var(--awb-custom17);--awb-circle-yes-font-size:14.08px;\" class=\"fusion-checklist fusion-checklist-2 fusion-checklist-default type-icons\"><li class=\"fusion-li-item\" style=\"\"><span class=\"icon-wrapper circle-yes\"><i class=\"fusion-li-icon fa-file-image far\" aria-hidden=\"true\"><\/i><\/span><div class=\"fusion-li-item-content\">\n<p><a href=\"https:\/\/goo.gl\/photos\/KefTsVMPDPkpNKht8\" target=\"_blank\" rel=\"noreferrer noopener\">Images<\/a><\/p>\n<\/div><\/li><\/ul><div class=\"fusion-separator fusion-full-width-sep\" style=\"align-self: center;margin-left: auto;margin-right: auto;margin-top:15px;margin-bottom:15px;width:100%;\"><div class=\"fusion-separator-border sep-single sep-solid\" style=\"--awb-height:20px;--awb-amount:20px;--awb-sep-color:var(--awb-custom17);border-color:var(--awb-custom17);border-top-width:1px;\"><\/div><\/div><\/div><\/div><\/div><\/div>\n","protected":false},"excerpt":{"rendered":"","protected":false},"author":13,"featured_media":112243,"parent":8303,"menu_order":0,"comment_status":"open","ping_status":"closed","template":"","meta":{"_tec_requires_first_save":true,"_monsterinsights_skip_tracking":false,"_monsterinsights_sitenote_active":false,"_monsterinsights_sitenote_note":"","_monsterinsights_sitenote_category":0,"_EventAllDay":false,"_EventTimezone":"","_EventStartDate":"","_EventEndDate":"","_EventStartDateUTC":"","_EventEndDateUTC":"","_EventShowMap":false,"_EventShowMapLink":false,"_EventURL":"","_EventCost":"","_EventCostDescription":"","_EventCurrencySymbol":"","_EventCurrencyCode":"","_EventCurrencyPosition":"","_EventDateTimeSeparator":"","_EventTimeRangeSeparator":"","_EventOrganizerID":[],"_EventVenueID":[],"_OrganizerEmail":"","_OrganizerPhone":"","_OrganizerWebsite":"","_VenueAddress":"","_VenueCity":"","_VenueCountry":"","_VenueProvince":"","_VenueState":"","_VenueZip":"","_VenuePhone":"","_VenueURL":"","_VenueStateProvince":"","_VenueLat":"","_VenueLng":"","_VenueShowMap":false,"_VenueShowMapLink":false,"_tribe_blocks_recurrence_rules":"","_tribe_blocks_recurrence_description":"","_tribe_blocks_recurrence_exclusions":"","footnotes":""},"class_list":["post-8406","page","type-page","status-publish","has-post-thumbnail","hentry"],"_links":{"self":[{"href":"https:\/\/www.lasalle.org\/en\/wp-json\/wp\/v2\/pages\/8406","targetHints":{"allow":["GET"]}}],"collection":[{"href":"https:\/\/www.lasalle.org\/en\/wp-json\/wp\/v2\/pages"}],"about":[{"href":"https:\/\/www.lasalle.org\/en\/wp-json\/wp\/v2\/types\/page"}],"author":[{"embeddable":true,"href":"https:\/\/www.lasalle.org\/en\/wp-json\/wp\/v2\/users\/13"}],"replies":[{"embeddable":true,"href":"https:\/\/www.lasalle.org\/en\/wp-json\/wp\/v2\/comments?post=8406"}],"version-history":[{"count":5,"href":"https:\/\/www.lasalle.org\/en\/wp-json\/wp\/v2\/pages\/8406\/revisions"}],"predecessor-version":[{"id":116541,"href":"https:\/\/www.lasalle.org\/en\/wp-json\/wp\/v2\/pages\/8406\/revisions\/116541"}],"up":[{"embeddable":true,"href":"https:\/\/www.lasalle.org\/en\/wp-json\/wp\/v2\/pages\/8303"}],"wp:featuredmedia":[{"embeddable":true,"href":"https:\/\/www.lasalle.org\/en\/wp-json\/wp\/v2\/media\/112243"}],"wp:attachment":[{"href":"https:\/\/www.lasalle.org\/en\/wp-json\/wp\/v2\/media?parent=8406"}],"curies":[{"name":"wp","href":"https:\/\/api.w.org\/{rel}","templated":true}]}}