{"id":8462,"date":"2018-12-10T12:26:50","date_gmt":"2018-12-10T12:26:50","guid":{"rendered":"http:\/\/lasalle.vl20054.dinaserver.com\/saint-martyrs-of-turon\/"},"modified":"2025-07-25T12:01:33","modified_gmt":"2025-07-25T10:01:33","slug":"saint-martyrs-of-turon","status":"publish","type":"page","link":"https:\/\/www.lasalle.org\/en\/lasallian-holiness\/saint-martyrs-of-turon\/","title":{"rendered":"Saint Martyrs of Turon"},"content":{"rendered":"<div class=\"fusion-fullwidth fullwidth-box fusion-builder-row-1 fusion-flex-container has-pattern-background has-mask-background nonhundred-percent-fullwidth non-hundred-percent-height-scrolling\" style=\"--awb-border-radius-top-left:0px;--awb-border-radius-top-right:0px;--awb-border-radius-bottom-right:0px;--awb-border-radius-bottom-left:0px;--awb-flex-wrap:wrap;\" ><div class=\"fusion-builder-row fusion-row fusion-flex-align-items-flex-start fusion-flex-content-wrap\" style=\"max-width:1248px;margin-left: calc(-4% \/ 2 );margin-right: calc(-4% \/ 2 );\"><div class=\"fusion-layout-column fusion_builder_column fusion-builder-column-0 fusion_builder_column_3_4 3_4 fusion-flex-column\" style=\"--awb-bg-size:cover;--awb-width-large:75%;--awb-margin-top-large:0px;--awb-spacing-right-large:2.56%;--awb-margin-bottom-large:20px;--awb-spacing-left-large:2.56%;--awb-width-medium:75%;--awb-order-medium:0;--awb-spacing-right-medium:2.56%;--awb-spacing-left-medium:2.56%;--awb-width-small:100%;--awb-order-small:0;--awb-spacing-right-small:1.92%;--awb-spacing-left-small:1.92%;\"><div class=\"fusion-column-wrapper fusion-column-has-shadow fusion-flex-justify-content-flex-start fusion-content-layout-column\"><div class=\"fusion-title title fusion-title-1 sep-underline sep-solid fusion-title-text fusion-title-size-two\" style=\"--awb-text-color:var(--awb-custom17);--awb-sep-color:var(--awb-custom17);--awb-font-size:22px;\"><h2 class=\"fusion-title-heading title-heading-left\" style=\"margin:0;font-size:1em;\">Saint Brothers Martyrs of Turon\u00a0(Asturias)<\/h2><\/div><div class=\"fusion-text fusion-text-1\"><div class=\"wp-block-image\">\n<figure class=\"alignright is-resized\"><img decoding=\"async\" class=\"wp-image-2630\" src=\"https:\/\/www.lasalle.org\/wp-content\/uploads\/2018\/11\/mart_turon.png\" alt=\"\" width=\"182\" height=\"245\" srcset=\"https:\/\/www.lasalle.org\/wp-content\/uploads\/2018\/11\/mart_turon-223x300.png 223w, https:\/\/www.lasalle.org\/wp-content\/uploads\/2018\/11\/mart_turon.png 364w\" sizes=\"(max-width: 182px) 100vw, 182px\" \/><\/figure>\n<\/div>\n<p><!-- \/wp:post-content --><\/p>\n<p><!-- wp:paragraph --><\/p>\n<p>CAUSA<em> CYRILLUS BERTRAN et VII SOCII necnon INNOCENTIUS AB IMMACOLATA<\/em><\/p>\n<p><!-- \/wp:paragraph --><\/p>\n<p><!-- wp:paragraph --><\/p>\n<p><em>The Cause includes <strong>8 Brothers of the Christian Schools<\/strong> and 1 Passionist religious.<\/em><\/p>\n<p><!-- \/wp:paragraph --><\/p>\n<p><!-- wp:paragraph --><\/p>\n<p>The Brothers of this school were the first victims, massacred in Tur\u00f3n, a mining village in Asturias in 1934, together with their chaplain, in front of the school that was also attended by the children of some of their executioners. It was the beginning of the hurricane that would be unleashed twenty months later across the nation. These Brothers died young, fearless in the face of death, confident that in death they would find life, eternal life.<\/p>\n<p>They are the Brothers:<\/p>\n<\/div><div class=\"fusion-text fusion-text-2\"><p><strong><img decoding=\"async\" class=\"wp-image-50972 alignleft\" src=\"https:\/\/www.lasalle.org\/wp-content\/uploads\/2019\/07\/cirilobertran.png\" alt=\"\" width=\"47\" height=\"73\" \/>Saint Cirilo Bertr\u00e1n<\/strong>\u00a0(Jos\u00e9 Sanz Tejedor,\u00a0<em>Community Director<\/em>), 46\u00a0 years old<br \/>Bron in\u00a0 Lerma (Burgos), Spain, March 20, 1888<br \/>Entered the novitiate on October 23, 1906<\/p>\n<\/div><div class=\"fusion-text fusion-text-3\"><p><strong><img decoding=\"async\" class=\"wp-image-50976 alignleft\" src=\"https:\/\/www.lasalle.org\/wp-content\/uploads\/2019\/07\/marcianojose.png\" alt=\"\" width=\"49\" height=\"73\" \/>Saint Marciano Jos\u00e9<\/strong>\u00a0(Filomeno L\u00f3pez y L\u00f3pez), 34 years old<br \/>Born in El Pedregal (Guadalajara), Spain, November 15, 1900<br \/>Entered the novitiate on September 20, 1916<\/p>\n<\/div><div class=\"fusion-text fusion-text-4\"><div class=\"wp-block-image\">\n<figure class=\"alignleft is-resized\"><img decoding=\"async\" class=\"wp-image-50981\" src=\"https:\/\/www.lasalle.org\/wp-content\/uploads\/2019\/07\/julianalfredo.png\" alt=\"\" width=\"47\" height=\"72\" \/><\/figure>\n<\/div>\n<p><strong>Saint Juli\u00e1n Alfredo<\/strong>\u00a0(Vilfrido Fern\u00e1ndez Zapico), 32 years old<br \/>Born in Cifuentes de Rueda (Le\u00f3n), Spain, December 24, 1903<br \/>Entered the novitiate on February 4, 1926<\/p>\n<\/div><div class=\"fusion-text fusion-text-5\"><p><strong><img decoding=\"async\" class=\"wp-image-50985 alignleft\" src=\"https:\/\/www.lasalle.org\/wp-content\/uploads\/2019\/07\/victorianopio01.png\" alt=\"\" width=\"47\" height=\"71\" \/>Saint Victoriano P\u00edo<\/strong>\u00a0(Claudio Bernab\u00e9 Cano), 29 years old<br \/>Born in San Millan de Lora (Borgos), Spain, July 7, 1905<br \/>Entered the novitiate on August 30, 1921<\/p>\n<\/div><div class=\"fusion-text fusion-text-6\"><div class=\"wp-block-image\">\n<figure class=\"alignleft is-resized\"><img decoding=\"async\" class=\"wp-image-50990\" src=\"https:\/\/www.lasalle.org\/wp-content\/uploads\/2019\/07\/benjaminjulian.png\" alt=\"\" width=\"51\" height=\"75\" \/><\/figure>\n<\/div>\n<p><strong>Saint Benjam\u00edn Juli\u00e1n<\/strong>\u00a0(Vicente Alonso Andr\u00e9s), 26 years old<br \/>Born in Jamarillo de la Fuente (Burgos), Spain, October 27, 1908<br \/>Entered the novitiate on August 29, 1924<\/p>\n<\/div><div class=\"fusion-text fusion-text-7\"><p><strong><img decoding=\"async\" class=\"wp-image-50995 alignleft\" src=\"https:\/\/www.lasalle.org\/wp-content\/uploads\/2019\/07\/augustoandres.png\" alt=\"\" width=\"49\" height=\"70\" \/>Saint Augusto Andr\u00e9s<\/strong>\u00a0(Rom\u00e1n Mart\u00edn Fern\u00e1ndez), 24 years old<br \/>Born in Santander, Spain, May 6, 1910<br \/>Entered the novitiate on February 3, 1926<\/p>\n<\/div><div class=\"fusion-text fusion-text-8\"><p><strong><img decoding=\"async\" class=\"wp-image-51000 alignleft\" src=\"https:\/\/www.lasalle.org\/wp-content\/uploads\/2019\/07\/benitodejesus.png\" alt=\"\" width=\"50\" height=\"72\" \/>Saint Benito de Jes\u00fas<\/strong>\u00a0(H\u00e9ctor Valdivieso S\u00e1ez), 24 years old<br \/>Born in Buenos Aires, Argentina, October 31, 1910<br \/>Entered the novitiate on August 7, 1926<\/p>\n<\/div><div class=\"fusion-text fusion-text-9\"><div class=\"wp-block-image\">\n<figure class=\"alignleft is-resized\"><img decoding=\"async\" class=\"wp-image-51005\" src=\"https:\/\/www.lasalle.org\/wp-content\/uploads\/2019\/07\/anicetoadolfo.png\" alt=\"\" width=\"48\" height=\"71\" \/><\/figure>\n<\/div>\n<p><strong>Saint Anicet Adolfo<\/strong>\u00a0(Manuel Seco Guti\u00e9rrez), 22 years old<br \/>Born in Celada Marlantes (Santander), Spain, October 4, 1912<br \/>Entered the novitiate on September 6, 1928<\/p>\n<\/div><div class=\"fusion-text fusion-text-10\"><p><strong><a href=\"http:\/\/www.passiochristi.org\/san-inocencio-canoura\/?lang=es\" target=\"_blank\" rel=\"noreferrer noopener\" aria-label=\"Saint Inocencio de la Immaculada,CP (abre en una nueva pesta\u00f1a)\"><img decoding=\"async\" class=\"wp-image-51009 alignleft\" src=\"https:\/\/www.lasalle.org\/wp-content\/uploads\/2019\/07\/pinocencio.png\" alt=\"\" width=\"49\" height=\"74\" \/>Saint Inocencio de la Immaculada,CP<\/a><\/strong>\u00a0(Manuel Canoure Arnau), 47 years old<br \/>Born in Cecilia del Valle de Oro (Lugo), Spain, March 10, 1887<br \/>Ordained on\u00a0 September 20, 1920<\/p>\n<\/div><div class=\"fusion-separator fusion-full-width-sep\" style=\"align-self: center;margin-left: auto;margin-right: auto;margin-top:15px;margin-bottom:15px;width:100%;\"><div class=\"fusion-separator-border sep-single sep-solid\" style=\"--awb-height:20px;--awb-amount:20px;--awb-sep-color:var(--awb-custom17);border-color:var(--awb-custom17);border-top-width:1px;\"><\/div><\/div><nav class=\"fusion-breadcrumbs fusion-breadcrumbs-1\" style=\"--awb-breadcrumb-sep:&#039;\/&#039;;\" aria-label=\"Breadcrumb\"><ol class=\"awb-breadcrumb-list\"><\/ol><\/nav><\/div><\/div><div class=\"fusion-layout-column fusion_builder_column fusion-builder-column-1 fusion_builder_column_1_4 1_4 fusion-flex-column\" style=\"--awb-bg-size:cover;--awb-width-large:25%;--awb-margin-top-large:0px;--awb-spacing-right-large:7.68%;--awb-margin-bottom-large:20px;--awb-spacing-left-large:7.68%;--awb-width-medium:25%;--awb-order-medium:0;--awb-spacing-right-medium:7.68%;--awb-spacing-left-medium:7.68%;--awb-width-small:100%;--awb-order-small:0;--awb-spacing-right-small:1.92%;--awb-spacing-left-small:1.92%;\"><div class=\"fusion-column-wrapper fusion-column-has-shadow fusion-flex-justify-content-flex-start fusion-content-layout-column\"><div class=\"fusion-title title fusion-title-2 sep-underline sep-solid fusion-title-text fusion-title-size-two\" style=\"--awb-text-color:var(--awb-custom17);--awb-sep-color:var(--awb-custom17);--awb-font-size:22px;\"><h2 class=\"fusion-title-heading title-heading-left\" style=\"margin:0;font-size:1em;\">Important dates<\/h2><\/div><ul style=\"--awb-line-height:27.2px;--awb-icon-width:27.2px;--awb-icon-height:27.2px;--awb-icon-margin:11.2px;--awb-content-margin:38.4px;--awb-circlecolor:var(--awb-custom17);--awb-circle-yes-font-size:14.08px;\" class=\"fusion-checklist fusion-checklist-1 fusion-checklist-default type-icons\"><li class=\"fusion-li-item\" style=\"\"><span class=\"icon-wrapper circle-yes\"><i class=\"fusion-li-icon fa-star-half far\" aria-hidden=\"true\"><\/i><\/span><div class=\"fusion-li-item-content\">\r\n<p><strong>Liturgical feast: October 9<\/strong><\/p>\r\n<\/div><\/li><li class=\"fusion-li-item\" style=\"\"><span class=\"icon-wrapper circle-yes\"><i class=\"fusion-li-icon fa-star-half far\" aria-hidden=\"true\"><\/i><\/span><div class=\"fusion-li-item-content\">\r\n<p>Martyred in Spain on October 9, 1934<\/p>\r\n<\/div><\/li><li class=\"fusion-li-item\" style=\"\"><span class=\"icon-wrapper circle-yes\"><i class=\"fusion-li-icon fa-star-half far\" aria-hidden=\"true\"><\/i><\/span><div class=\"fusion-li-item-content\">\r\n<p>Beatification: 29\/04\/1990 \u2013 H.H. John Paul II<\/p>\r\n<\/div><\/li><li class=\"fusion-li-item\" style=\"\"><span class=\"icon-wrapper circle-yes\"><i class=\"fusion-li-icon fa-star-half far\" aria-hidden=\"true\"><\/i><\/span><div class=\"fusion-li-item-content\">\r\n<p>Canonization: 21\/11\/1999 \u2013 H.H. John Paul II<\/p>\r\n<\/div><\/li><\/ul><div class=\"fusion-separator fusion-full-width-sep\" style=\"align-self: center;margin-left: auto;margin-right: auto;margin-top:15px;margin-bottom:15px;width:100%;\"><\/div><div class=\"fusion-title title fusion-title-3 sep-underline sep-solid fusion-title-text fusion-title-size-two\" style=\"--awb-text-color:var(--awb-custom17);--awb-sep-color:var(--awb-custom17);--awb-font-size:22px;\"><h2 class=\"fusion-title-heading title-heading-left\" style=\"margin:0;font-size:1em;\">Related<\/h2><\/div><ul style=\"--awb-line-height:27.2px;--awb-icon-width:27.2px;--awb-icon-height:27.2px;--awb-icon-margin:11.2px;--awb-content-margin:38.4px;--awb-circlecolor:var(--awb-custom17);--awb-circle-yes-font-size:14.08px;\" class=\"fusion-checklist fusion-checklist-2 fusion-checklist-default type-icons\"><li class=\"fusion-li-item\" style=\"\"><span class=\"icon-wrapper circle-yes\"><i class=\"fusion-li-icon fa-file-alt far\" aria-hidden=\"true\"><\/i><\/span><div class=\"fusion-li-item-content\">\r\n<p><a href=\"https:\/\/www.lasalle.org\/en\/lasallian-holiness\/saint-jaime-hilario-barbal\/\" data-type=\"URL\" data-id=\"https:\/\/www.lasalle.org\/en\/lasallian-holiness\/saint-jaime-hilario-barbal\/\">Saint Jaime Hilario Barbal<\/a>\u00a01898-1937 <br \/>(October 9)<\/p>\r\n<\/div><\/li><li class=\"fusion-li-item\" style=\"\"><span class=\"icon-wrapper circle-yes\"><i class=\"fusion-li-icon fa-file-image far\" aria-hidden=\"true\"><\/i><\/span><div class=\"fusion-li-item-content\">\r\n<p><a href=\"https:\/\/goo.gl\/photos\/dj9ovTYdf9YSoQ9b8\" target=\"_blank\" rel=\"noreferrer noopener\">Images St. Jaime Hilario Barbal<\/a><\/p>\r\n<\/div><\/li><\/ul><div class=\"fusion-separator fusion-full-width-sep\" style=\"align-self: center;margin-left: auto;margin-right: auto;margin-top:15px;margin-bottom:15px;width:100%;\"><\/div><div class=\"fusion-title title fusion-title-4 sep-underline sep-solid fusion-title-text fusion-title-size-two\" style=\"--awb-text-color:var(--awb-custom17);--awb-sep-color:var(--awb-custom17);--awb-font-size:22px;\"><h2 class=\"fusion-title-heading title-heading-left\" style=\"margin:0;font-size:1em;\">Resources<\/h2><\/div><ul style=\"--awb-line-height:27.2px;--awb-icon-width:27.2px;--awb-icon-height:27.2px;--awb-icon-margin:11.2px;--awb-content-margin:38.4px;--awb-circlecolor:var(--awb-custom17);--awb-circle-yes-font-size:14.08px;\" class=\"fusion-checklist fusion-checklist-3 fusion-checklist-default type-icons\"><li class=\"fusion-li-item\" style=\"\"><span class=\"icon-wrapper circle-yes\"><i class=\"fusion-li-icon fa-file-pdf far\" aria-hidden=\"true\"><\/i><\/span><div class=\"fusion-li-item-content\">\r\n<p><a href=\"https:\/\/www.lasalle.org\/wp-content\/uploads\/2019\/09\/9-October-Saints-CYRIL-JAMES-and-COMPANIONS-Martyrs-1.pdf\" target=\"_blank\" rel=\"noreferrer noopener\">9 October \u2013 Liturgical Text\u00a0<\/a><br \/>approved\u00a0by the Congregation for Divine Worship and the Discipline of the Sacraments<\/p>\r\n<\/div><\/li><li class=\"fusion-li-item\" style=\"\"><span class=\"icon-wrapper circle-yes\"><i class=\"fusion-li-icon fa-file-image far\" aria-hidden=\"true\"><\/i><\/span><div class=\"fusion-li-item-content\">\r\n<p><a href=\"https:\/\/goo.gl\/photos\/iJderVQr7GnUkD3t8\" target=\"_blank\" rel=\"noreferrer noopener\">Images SS. Cirilo Bertr\u00e1n y comps.<\/a><\/p>\r\n<\/div><\/li><li class=\"fusion-li-item\" style=\"\"><span class=\"icon-wrapper circle-yes\"><i class=\"fusion-li-icon fa-flickr fab\" aria-hidden=\"true\"><\/i><\/span><div class=\"fusion-li-item-content\">\r\n<p><a href=\"https:\/\/www.flickr.com\/photos\/lasalle_org\/albums\/72177720314187468\/\" target=\"_blank\" rel=\"noopener\">Beatification of Martyrs Tur\u00f3n and Jaime Hilario<\/a> <br \/>(April 29, 1990)<\/p>\r\n<\/div><\/li><li class=\"fusion-li-item\" style=\"\"><span class=\"icon-wrapper circle-yes\"><i class=\"fusion-li-icon fa-flickr fab\" aria-hidden=\"true\"><\/i><\/span><div class=\"fusion-li-item-content\">\r\n<p><a href=\"https:\/\/www.flickr.com\/photos\/lasalle_org\/albums\/72177720314176536\/\" target=\"_blank\" rel=\"noopener\">Canonisation of Martyrs Tur\u00f3n and Jaime Hilario<\/a> <br \/>(November 21, 1999)<\/p>\r\n<\/div><\/li><\/ul><div class=\"fusion-separator fusion-full-width-sep\" style=\"align-self: center;margin-left: auto;margin-right: auto;margin-top:15px;margin-bottom:15px;width:100%;\"><div class=\"fusion-separator-border sep-single sep-solid\" style=\"--awb-height:20px;--awb-amount:20px;--awb-sep-color:var(--awb-custom17);border-color:var(--awb-custom17);border-top-width:1px;\"><\/div><\/div><div class=\"fusion-image-element \" style=\"text-align:center;--awb-caption-title-font-family:var(--h2_typography-font-family);--awb-caption-title-font-weight:var(--h2_typography-font-weight);--awb-caption-title-font-style:var(--h2_typography-font-style);--awb-caption-title-size:var(--h2_typography-font-size);--awb-caption-title-transform:var(--h2_typography-text-transform);--awb-caption-title-line-height:var(--h2_typography-line-height);--awb-caption-title-letter-spacing:var(--h2_typography-letter-spacing);\"><span class=\" fusion-imageframe imageframe-none imageframe-1 hover-type-zoomin\"><img decoding=\"async\" width=\"3496\" height=\"2420\" title=\"Udienza_0001\" src=\"https:\/\/www.lasalle.org\/wp-content\/uploads\/2019\/07\/Udienza_0001.jpg\" alt class=\"img-responsive wp-image-51034\" srcset=\"https:\/\/www.lasalle.org\/wp-content\/uploads\/2019\/07\/Udienza_0001-300x208.jpg 300w, https:\/\/www.lasalle.org\/wp-content\/uploads\/2019\/07\/Udienza_0001-768x532.jpg 768w, https:\/\/www.lasalle.org\/wp-content\/uploads\/2019\/07\/Udienza_0001-1024x709.jpg 1024w, https:\/\/www.lasalle.org\/wp-content\/uploads\/2019\/07\/Udienza_0001.jpg 3496w\" sizes=\"(max-width: 3496px) 100vw, 3496px\" \/><\/span><\/div><div class=\"fusion-text fusion-text-11\" style=\"--awb-font-size:14px;\"><p style=\"text-align: center;\">Brothers Thomas Johnson and Rodolfo Meoli present a relic of Saint Hector Valdivieso (First Argentinean Saint) to His Holiness Pope Francis.<\/p>\n<\/div><div class=\"fusion-separator fusion-full-width-sep\" style=\"align-self: center;margin-left: auto;margin-right: auto;margin-top:15px;margin-bottom:15px;width:100%;\"><div class=\"fusion-separator-border sep-single sep-solid\" style=\"--awb-height:20px;--awb-amount:20px;--awb-sep-color:var(--awb-custom17);border-color:var(--awb-custom17);border-top-width:1px;\"><\/div><\/div><\/div><\/div><\/div><\/div>","protected":false},"excerpt":{"rendered":"","protected":false},"author":13,"featured_media":112178,"parent":8303,"menu_order":0,"comment_status":"open","ping_status":"closed","template":"","meta":{"_tec_requires_first_save":true,"_monsterinsights_skip_tracking":false,"_monsterinsights_sitenote_active":false,"_monsterinsights_sitenote_note":"","_monsterinsights_sitenote_category":0,"_EventAllDay":false,"_EventTimezone":"","_EventStartDate":"","_EventEndDate":"","_EventStartDateUTC":"","_EventEndDateUTC":"","_EventShowMap":false,"_EventShowMapLink":false,"_EventURL":"","_EventCost":"","_EventCostDescription":"","_EventCurrencySymbol":"","_EventCurrencyCode":"","_EventCurrencyPosition":"","_EventDateTimeSeparator":"","_EventTimeRangeSeparator":"","_EventOrganizerID":[],"_EventVenueID":[],"_OrganizerEmail":"","_OrganizerPhone":"","_OrganizerWebsite":"","_VenueAddress":"","_VenueCity":"","_VenueCountry":"","_VenueProvince":"","_VenueState":"","_VenueZip":"","_VenuePhone":"","_VenueURL":"","_VenueStateProvince":"","_VenueLat":"","_VenueLng":"","_VenueShowMap":false,"_VenueShowMapLink":false,"_tribe_blocks_recurrence_rules":"","_tribe_blocks_recurrence_description":"","_tribe_blocks_recurrence_exclusions":"","footnotes":""},"class_list":["post-8462","page","type-page","status-publish","has-post-thumbnail","hentry"],"_links":{"self":[{"href":"https:\/\/www.lasalle.org\/en\/wp-json\/wp\/v2\/pages\/8462","targetHints":{"allow":["GET"]}}],"collection":[{"href":"https:\/\/www.lasalle.org\/en\/wp-json\/wp\/v2\/pages"}],"about":[{"href":"https:\/\/www.lasalle.org\/en\/wp-json\/wp\/v2\/types\/page"}],"author":[{"embeddable":true,"href":"https:\/\/www.lasalle.org\/en\/wp-json\/wp\/v2\/users\/13"}],"replies":[{"embeddable":true,"href":"https:\/\/www.lasalle.org\/en\/wp-json\/wp\/v2\/comments?post=8462"}],"version-history":[{"count":6,"href":"https:\/\/www.lasalle.org\/en\/wp-json\/wp\/v2\/pages\/8462\/revisions"}],"predecessor-version":[{"id":116361,"href":"https:\/\/www.lasalle.org\/en\/wp-json\/wp\/v2\/pages\/8462\/revisions\/116361"}],"up":[{"embeddable":true,"href":"https:\/\/www.lasalle.org\/en\/wp-json\/wp\/v2\/pages\/8303"}],"wp:featuredmedia":[{"embeddable":true,"href":"https:\/\/www.lasalle.org\/en\/wp-json\/wp\/v2\/media\/112178"}],"wp:attachment":[{"href":"https:\/\/www.lasalle.org\/en\/wp-json\/wp\/v2\/media?parent=8462"}],"curies":[{"name":"wp","href":"https:\/\/api.w.org\/{rel}","templated":true}]}}