{"id":8473,"date":"2018-12-10T12:26:50","date_gmt":"2018-12-10T12:26:50","guid":{"rendered":"http:\/\/lasalle.vl20054.dinaserver.com\/ven-exuperien-mas\/"},"modified":"2025-07-24T12:20:34","modified_gmt":"2025-07-24T10:20:34","slug":"ven-exuperien-mas","status":"publish","type":"page","link":"https:\/\/www.lasalle.org\/en\/lasallian-holiness\/ven-exuperien-mas\/","title":{"rendered":"Ven. Exup\u00e9rien Mas"},"content":{"rendered":"<div class=\"fusion-fullwidth fullwidth-box fusion-builder-row-1 fusion-flex-container has-pattern-background has-mask-background nonhundred-percent-fullwidth non-hundred-percent-height-scrolling\" style=\"--awb-border-radius-top-left:0px;--awb-border-radius-top-right:0px;--awb-border-radius-bottom-right:0px;--awb-border-radius-bottom-left:0px;--awb-flex-wrap:wrap;\" ><div class=\"fusion-builder-row fusion-row fusion-flex-align-items-flex-start fusion-flex-content-wrap\" style=\"max-width:1248px;margin-left: calc(-4% \/ 2 );margin-right: calc(-4% \/ 2 );\"><div class=\"fusion-layout-column fusion_builder_column fusion-builder-column-0 fusion_builder_column_3_4 3_4 fusion-flex-column\" style=\"--awb-bg-size:cover;--awb-width-large:75%;--awb-margin-top-large:0px;--awb-spacing-right-large:2.56%;--awb-margin-bottom-large:20px;--awb-spacing-left-large:2.56%;--awb-width-medium:75%;--awb-order-medium:0;--awb-spacing-right-medium:2.56%;--awb-spacing-left-medium:2.56%;--awb-width-small:100%;--awb-order-small:0;--awb-spacing-right-small:1.92%;--awb-spacing-left-small:1.92%;\"><div class=\"fusion-column-wrapper fusion-column-has-shadow fusion-flex-justify-content-flex-start fusion-content-layout-column\"><div class=\"fusion-title title fusion-title-1 sep-underline sep-solid fusion-title-text fusion-title-size-two\" style=\"--awb-text-color:var(--awb-custom17);--awb-sep-color:var(--awb-custom17);--awb-font-size:22px;\"><h2 class=\"fusion-title-heading title-heading-left\" style=\"margin:0;font-size:1em;\">Venerable Br. Exup\u00e9rien Mas<\/h2><\/div><div class=\"fusion-text fusion-text-1\"><p>Br. Exup\u00e9rien (Adrien Mas) was born in Poujol, France, on June 7, 1829.<\/p>\n<p><!-- \/wp:post-content --><!-- wp:image  --><\/p>\n<div class=\"wp-block-image\">\n<figure class=\"alignright is-resized\"><img decoding=\"async\" class=\"wp-image-2654\" src=\"http:\/\/www.lasalle.org\/wp-content\/uploads\/2018\/11\/exuperien_mas.png\" alt=\"\" width=\"197\" height=\"237\" srcset=\"https:\/\/www.lasalle.org\/wp-content\/uploads\/2018\/11\/exuperien_mas-249x300.png 249w, https:\/\/www.lasalle.org\/wp-content\/uploads\/2018\/11\/exuperien_mas.png 262w\" sizes=\"(max-width: 197px) 100vw, 197px\" \/><\/figure>\n<\/div>\n<p><!-- \/wp:image --><!-- wp:paragraph --><\/p>\n<p>In his last post, which lasted 32 years, he accomplished remarkable apostolic work. It was he who inspired the Monthly Retreat, destined to revive the spiritual life of the Brothers, and the nine month Second Novitiate. He founded the Saint Benedict Labre Association with the aim of leading the young people to live an authentic Christian life. He inspired and animated the first Trade Union of Employees of Industry and Commerce to safeguard the material and spiritual instrests of the members. This Trades Union was the origin of the French Christian Workers' Confederation.<\/p>\n<p><!-- \/wp:paragraph --><!-- wp:paragraph --><\/p>\n<p>He passed away quietly on January 31, 1905 in Paris.<\/p>\n<p><!-- \/wp:paragraph --><!-- wp:paragraph --><\/p>\n<p>The Cause of the Servant of God has made remarkable progress. The decree on the validity of the process was promulgated on April 6, 1979 and the \"dossier\" for the examination of the heroicity of virtues is being prepared.<\/p>\n<\/div><div class=\"fusion-separator fusion-full-width-sep\" style=\"align-self: center;margin-left: auto;margin-right: auto;margin-top:15px;margin-bottom:15px;width:100%;\"><div class=\"fusion-separator-border sep-single sep-solid\" style=\"--awb-height:20px;--awb-amount:20px;--awb-sep-color:var(--awb-custom17);border-color:var(--awb-custom17);border-top-width:1px;\"><\/div><\/div><nav class=\"fusion-breadcrumbs fusion-breadcrumbs-1\" style=\"--awb-breadcrumb-sep:&#039;\/&#039;;\" aria-label=\"Breadcrumb\"><ol class=\"awb-breadcrumb-list\"><\/ol><\/nav><\/div><\/div><div class=\"fusion-layout-column fusion_builder_column fusion-builder-column-1 fusion_builder_column_1_4 1_4 fusion-flex-column\" style=\"--awb-bg-size:cover;--awb-width-large:25%;--awb-margin-top-large:0px;--awb-spacing-right-large:7.68%;--awb-margin-bottom-large:20px;--awb-spacing-left-large:7.68%;--awb-width-medium:25%;--awb-order-medium:0;--awb-spacing-right-medium:7.68%;--awb-spacing-left-medium:7.68%;--awb-width-small:100%;--awb-order-small:0;--awb-spacing-right-small:1.92%;--awb-spacing-left-small:1.92%;\"><div class=\"fusion-column-wrapper fusion-column-has-shadow fusion-flex-justify-content-flex-start fusion-content-layout-column\"><div class=\"fusion-title title fusion-title-2 sep-underline sep-solid fusion-title-text fusion-title-size-two\" style=\"--awb-text-color:var(--awb-custom17);--awb-sep-color:var(--awb-custom17);--awb-font-size:22px;\"><h2 class=\"fusion-title-heading title-heading-left\" style=\"margin:0;font-size:1em;\">Important dates<\/h2><\/div><ul style=\"--awb-line-height:27.2px;--awb-icon-width:27.2px;--awb-icon-height:27.2px;--awb-icon-margin:11.2px;--awb-content-margin:38.4px;--awb-circlecolor:var(--awb-custom17);--awb-circle-yes-font-size:14.08px;\" class=\"fusion-checklist fusion-checklist-1 fusion-checklist-default type-icons\"><li class=\"fusion-li-item\" style=\"\"><span class=\"icon-wrapper circle-yes\"><i class=\"fusion-li-icon fa-star-half far\" aria-hidden=\"true\"><\/i><\/span><div class=\"fusion-li-item-content\"><p>\u00a0Born in Poujol, France, on June 7, 1829<\/p><\/div><\/li><li class=\"fusion-li-item\" style=\"\"><span class=\"icon-wrapper circle-yes\"><i class=\"fusion-li-icon fa-star-half far\" aria-hidden=\"true\"><\/i><\/span><div class=\"fusion-li-item-content\"><p>Died\u00a0 January 31, 1905 in Paris<\/p><\/div><\/li><\/ul><div class=\"fusion-separator fusion-full-width-sep\" style=\"align-self: center;margin-left: auto;margin-right: auto;margin-top:15px;margin-bottom:15px;width:100%;\"><\/div><div class=\"fusion-title title fusion-title-3 sep-underline sep-solid fusion-title-text fusion-title-size-two\" style=\"--awb-text-color:var(--awb-custom17);--awb-sep-color:var(--awb-custom17);--awb-font-size:22px;\"><h2 class=\"fusion-title-heading title-heading-left\" style=\"margin:0;font-size:1em;\">Resources<\/h2><\/div><ul style=\"--awb-line-height:27.2px;--awb-icon-width:27.2px;--awb-icon-height:27.2px;--awb-icon-margin:11.2px;--awb-content-margin:38.4px;--awb-circlecolor:var(--awb-custom17);--awb-circle-yes-font-size:14.08px;\" class=\"fusion-checklist fusion-checklist-2 fusion-checklist-default type-icons\"><li class=\"fusion-li-item\" style=\"\"><span class=\"icon-wrapper circle-yes\"><i class=\"fusion-li-icon fa-file-image far\" aria-hidden=\"true\"><\/i><\/span><div class=\"fusion-li-item-content\"><p><a href=\"https:\/\/goo.gl\/photos\/SYGr17te83qckPBh8\" target=\"_blank\" rel=\"noreferrer noopener\">Images<\/a><\/p><\/div><\/li><li class=\"fusion-li-item\" style=\"\"><span class=\"icon-wrapper circle-yes\"><i class=\"fusion-li-icon fa-file-pdf far\" aria-hidden=\"true\"><\/i><\/span><div class=\"fusion-li-item-content\"><p><a href=\"http:\/\/www.lasalle.org\/wp-content\/uploads\/pdf\/postulacion\/presentation_exuperien.pdf\" target=\"_blank\" rel=\"noreferrer noopener\">Fr\u00e8re Exup\u00e9rien pr\u00e9curseur, r\u00e9novateur<br>Ma\u00eetre d\u2019\u00e9nergie spirituelle<\/a><strong><a href=\"http:\/\/www.lasalle.org\/wp-content\/uploads\/pdf\/postulacion\/presentation_exuperien.pdf\" target=\"_blank\" rel=\"noreferrer noopener\">\u00a0<\/a><\/strong>(fran\u00e7ais)<\/p><\/div><\/li><\/ul><div class=\"fusion-text fusion-text-2\"><p><!-- wp:html --><\/p>\n<figure><iframe src=\"\/\/v.calameo.com\/?bkcode=005856250d9706c620c4d\" width=\"100%\" height=\"150\" allowfullscreen=\"allowfullscreen\"><\/iframe><\/figure>\n<p><!-- \/wp:html --><\/p>\n<\/div><div class=\"fusion-separator fusion-full-width-sep\" style=\"align-self: center;margin-left: auto;margin-right: auto;margin-top:15px;margin-bottom:15px;width:100%;\"><div class=\"fusion-separator-border sep-single sep-solid\" style=\"--awb-height:20px;--awb-amount:20px;--awb-sep-color:var(--awb-custom17);border-color:var(--awb-custom17);border-top-width:1px;\"><\/div><\/div><\/div><\/div><\/div><\/div>","protected":false},"excerpt":{"rendered":"","protected":false},"author":13,"featured_media":112370,"parent":8303,"menu_order":0,"comment_status":"open","ping_status":"closed","template":"","meta":{"_tec_requires_first_save":true,"_monsterinsights_skip_tracking":false,"_monsterinsights_sitenote_active":false,"_monsterinsights_sitenote_note":"","_monsterinsights_sitenote_category":0,"_EventAllDay":false,"_EventTimezone":"","_EventStartDate":"","_EventEndDate":"","_EventStartDateUTC":"","_EventEndDateUTC":"","_EventShowMap":false,"_EventShowMapLink":false,"_EventURL":"","_EventCost":"","_EventCostDescription":"","_EventCurrencySymbol":"","_EventCurrencyCode":"","_EventCurrencyPosition":"","_EventDateTimeSeparator":"","_EventTimeRangeSeparator":"","_EventOrganizerID":[],"_EventVenueID":[],"_OrganizerEmail":"","_OrganizerPhone":"","_OrganizerWebsite":"","_VenueAddress":"","_VenueCity":"","_VenueCountry":"","_VenueProvince":"","_VenueState":"","_VenueZip":"","_VenuePhone":"","_VenueURL":"","_VenueStateProvince":"","_VenueLat":"","_VenueLng":"","_VenueShowMap":false,"_VenueShowMapLink":false,"_tribe_blocks_recurrence_rules":"","_tribe_blocks_recurrence_description":"","_tribe_blocks_recurrence_exclusions":"","footnotes":""},"class_list":["post-8473","page","type-page","status-publish","has-post-thumbnail","hentry"],"_links":{"self":[{"href":"https:\/\/www.lasalle.org\/en\/wp-json\/wp\/v2\/pages\/8473","targetHints":{"allow":["GET"]}}],"collection":[{"href":"https:\/\/www.lasalle.org\/en\/wp-json\/wp\/v2\/pages"}],"about":[{"href":"https:\/\/www.lasalle.org\/en\/wp-json\/wp\/v2\/types\/page"}],"author":[{"embeddable":true,"href":"https:\/\/www.lasalle.org\/en\/wp-json\/wp\/v2\/users\/13"}],"replies":[{"embeddable":true,"href":"https:\/\/www.lasalle.org\/en\/wp-json\/wp\/v2\/comments?post=8473"}],"version-history":[{"count":5,"href":"https:\/\/www.lasalle.org\/en\/wp-json\/wp\/v2\/pages\/8473\/revisions"}],"predecessor-version":[{"id":116250,"href":"https:\/\/www.lasalle.org\/en\/wp-json\/wp\/v2\/pages\/8473\/revisions\/116250"}],"up":[{"embeddable":true,"href":"https:\/\/www.lasalle.org\/en\/wp-json\/wp\/v2\/pages\/8303"}],"wp:featuredmedia":[{"embeddable":true,"href":"https:\/\/www.lasalle.org\/en\/wp-json\/wp\/v2\/media\/112370"}],"wp:attachment":[{"href":"https:\/\/www.lasalle.org\/en\/wp-json\/wp\/v2\/media?parent=8473"}],"curies":[{"name":"wp","href":"https:\/\/api.w.org\/{rel}","templated":true}]}}