{"id":9367,"date":"2018-12-10T09:03:54","date_gmt":"2018-12-10T09:03:54","guid":{"rendered":"http:\/\/lasalle.vl20054.dinaserver.com\/pastoral-letters\/"},"modified":"2026-03-03T11:39:57","modified_gmt":"2026-03-03T10:39:57","slug":"pastoral-letters","status":"publish","type":"page","link":"https:\/\/www.lasalle.org\/en\/publicaciones\/pastoral-letters\/","title":{"rendered":"Pastoral letters"},"content":{"rendered":"<div class=\"fusion-fullwidth fullwidth-box fusion-builder-row-1 fusion-flex-container has-pattern-background has-mask-background nonhundred-percent-fullwidth non-hundred-percent-height-scrolling\" style=\"--awb-border-radius-top-left:0px;--awb-border-radius-top-right:0px;--awb-border-radius-bottom-right:0px;--awb-border-radius-bottom-left:0px;--awb-flex-wrap:wrap;\" ><div class=\"fusion-builder-row fusion-row fusion-flex-align-items-flex-start fusion-flex-content-wrap\" style=\"max-width:1248px;margin-left: calc(-4% \/ 2 );margin-right: calc(-4% \/ 2 );\"><div class=\"fusion-layout-column fusion_builder_column fusion-builder-column-0 fusion_builder_column_3_4 3_4 fusion-flex-column\" style=\"--awb-bg-size:cover;--awb-width-large:75%;--awb-margin-top-large:0px;--awb-spacing-right-large:2.56%;--awb-margin-bottom-large:20px;--awb-spacing-left-large:2.56%;--awb-width-medium:75%;--awb-order-medium:0;--awb-spacing-right-medium:2.56%;--awb-spacing-left-medium:2.56%;--awb-width-small:100%;--awb-order-small:0;--awb-spacing-right-small:1.92%;--awb-spacing-left-small:1.92%;\"><div class=\"fusion-column-wrapper fusion-column-has-shadow fusion-flex-justify-content-flex-start fusion-content-layout-column\"><div class=\"fusion-title title fusion-title-1 sep-underline sep-solid fusion-title-text fusion-title-size-two\" style=\"--awb-text-color:var(--awb-custom17);--awb-sep-color:var(--awb-custom17);--awb-font-size:22px;\"><h2 class=\"fusion-title-heading title-heading-left\" style=\"margin:0;font-size:1em;\">Pastoral letters<\/h2><\/div><div class=\"fusion-title title fusion-title-2 fusion-sep-none fusion-title-text fusion-title-size-two\" style=\"--awb-text-color:var(--awb-custom17);--awb-sep-color:var(--awb-custom17);--awb-font-size:18px;\"><h2 class=\"fusion-title-heading title-heading-left\" style=\"margin:0;font-size:1em;\">Br. Armin A. Luistro<\/h2><\/div><ul style=\"--awb-line-height:27.2px;--awb-icon-width:27.2px;--awb-icon-height:27.2px;--awb-icon-margin:11.2px;--awb-content-margin:38.4px;--awb-circlecolor:var(--awb-custom17);--awb-circle-yes-font-size:14.08px;\" class=\"fusion-checklist fusion-checklist-1 fusion-checklist-default type-icons\"><li class=\"fusion-li-item\" style=\"\"><span class=\"icon-wrapper circle-yes\"><i class=\"fusion-li-icon fa-file-pdf far\" aria-hidden=\"true\"><\/i><\/span><div class=\"fusion-li-item-content\">\n<p><a href=\"https:\/\/www.lasalle.org\/wp-content\/uploads\/2025\/12\/ENG_Carta-Pastorale.pdf\" target=\"_blank\" rel=\"noopener\"><strong> Christmas 2025<\/strong> \u2013 Fratres in Unum<\/a><br \/>\n<a href=\"https:\/\/www.lasalle.org\/wp-content\/uploads\/2025\/12\/ENG_Carta-Pastorale.pdf\">Bridging Connections Between Heaven and Earth<\/a><\/p>\n<\/div><\/li><li class=\"fusion-li-item\" style=\"\"><span class=\"icon-wrapper circle-yes\"><i class=\"fusion-li-icon fa-file-pdf far\" aria-hidden=\"true\"><\/i><\/span><div class=\"fusion-li-item-content\">\n<p><a href=\"https:\/\/www.lasalle.org\/wp-content\/uploads\/2024\/12\/ENG_pastoral-letter.pdf\" target=\"_blank\" rel=\"noopener\"><strong>Christmas 2024<\/strong>\u00a0\u2013 Our heart in the peripheries: Renewing the Lasallian Mission with Lessons from Indigenous peoples<\/a><\/p>\n<\/div><\/li><li class=\"fusion-li-item\" style=\"\"><span class=\"icon-wrapper circle-yes\"><i class=\"fusion-li-icon fa-file-pdf far\" aria-hidden=\"true\"><\/i><\/span><div class=\"fusion-li-item-content\">\n<p><a href=\"https:\/\/www.lasalle.org\/wp-content\/uploads\/2023\/12\/ENG_PASTORAL-LETTER.pdf\" target=\"_blank\" rel=\"noopener\"><strong>Christmas 2023<\/strong>\u00a0\u2013 Finite. Fragile. Free.\u00a0<\/a><\/p>\n<\/div><\/li><li class=\"fusion-li-item\" style=\"\"><span class=\"icon-wrapper circle-yes\"><i class=\"fusion-li-icon fa-file-pdf far\" aria-hidden=\"true\"><\/i><\/span><div class=\"fusion-li-item-content\">\n<p><a href=\"https:\/\/www.lasalle.org\/wp-content\/uploads\/2022\/12\/ENG-CARTA-PASTORALE_web.pdf\" target=\"_blank\" rel=\"noopener\"><strong>Christmas 2022<\/strong>\u00a0\u2013 Lasallian Stories on the Road<\/a><\/p>\n<\/div><\/li><\/ul><div class=\"fusion-separator fusion-full-width-sep\" style=\"align-self: center;margin-left: auto;margin-right: auto;margin-top:15px;margin-bottom:15px;width:100%;\"><div class=\"fusion-separator-border sep-single sep-solid\" style=\"--awb-height:20px;--awb-amount:20px;--awb-sep-color:#747474;border-color:#747474;border-top-width:1px;\"><\/div><\/div><div class=\"fusion-title title fusion-title-3 fusion-sep-none fusion-title-text fusion-title-size-two\" style=\"--awb-text-color:var(--awb-custom17);--awb-sep-color:var(--awb-custom17);--awb-font-size:18px;\"><h2 class=\"fusion-title-heading title-heading-left\" style=\"margin:0;font-size:1em;\">Br. Robert Schieler<\/h2><\/div><ul style=\"--awb-line-height:27.2px;--awb-icon-width:27.2px;--awb-icon-height:27.2px;--awb-icon-margin:11.2px;--awb-content-margin:38.4px;--awb-circlecolor:var(--awb-custom17);--awb-circle-yes-font-size:14.08px;\" class=\"fusion-checklist fusion-checklist-2 fusion-checklist-default type-icons\"><li class=\"fusion-li-item\" style=\"\"><span class=\"icon-wrapper circle-yes\"><i class=\"fusion-li-icon fa-file-pdf far\" aria-hidden=\"true\"><\/i><\/span><div class=\"fusion-li-item-content\">\n<p><a href=\"https:\/\/www.lasalle.org\/wp-content\/uploads\/2022\/01\/lpastorale_eng.pdf\" target=\"_blank\" rel=\"noopener\"><strong>Christmas 2021<\/strong>\u00a0\u2013 Joyfully I Behold Your Enduring Hope<\/a><\/p>\n<\/div><\/li><li class=\"fusion-li-item\" style=\"\"><span class=\"icon-wrapper circle-yes\"><i class=\"fusion-li-icon fa-file-pdf far\" aria-hidden=\"true\"><\/i><\/span><div class=\"fusion-li-item-content\">\n<p><a href=\"https:\/\/www.lasalle.org\/wp-content\/uploads\/2020\/12\/Carta_pastorale_2020_ENG_web.pdf\" target=\"_blank\" rel=\"noreferrer noopener\"><strong>Christmas 2020<\/strong>\u00a0\u2013 I believe in the Holy Spirit, the Lord, the Giver of Life<\/a><\/p>\n<\/div><\/li><li class=\"fusion-li-item\" style=\"\"><span class=\"icon-wrapper circle-yes\"><i class=\"fusion-li-icon fa-file-pdf far\" aria-hidden=\"true\"><\/i><\/span><div class=\"fusion-li-item-content\">\n<p><a href=\"https:\/\/www.lasalle.org\/wp-content\/uploads\/2020\/01\/Carta_Pastoral_2019_ENG_web-1.pdf\" target=\"_blank\" rel=\"noreferrer noopener\"><strong>Christmas 2019<\/strong>\u00a0\u2013 Witnesses to Fraternity<\/a><\/p>\n<\/div><\/li><li class=\"fusion-li-item\" style=\"\"><span class=\"icon-wrapper circle-yes\"><i class=\"fusion-li-icon fa-file-pdf far\" aria-hidden=\"true\"><\/i><\/span><div class=\"fusion-li-item-content\">\n<p><a href=\"http:\/\/www.lasalle.org\/wp-content\/uploads\/2019\/09\/CPast2017_eng.pdf\" target=\"_blank\" rel=\"noreferrer noopener\"><strong>Christmas 2017<\/strong>\u00a0\u2013 Set out in Haste: Association for the Lasallian Mission<\/a><\/p>\n<\/div><\/li><li class=\"fusion-li-item\" style=\"\"><span class=\"icon-wrapper circle-yes\"><i class=\"fusion-li-icon fa-file-pdf far\" aria-hidden=\"true\"><\/i><\/span><div class=\"fusion-li-item-content\">\n<p><a href=\"http:\/\/www.lasalle.org\/wp-content\/uploads\/2019\/09\/CPast2016_eng.pdf\" target=\"_blank\" rel=\"noreferrer noopener\"><strong>Christmas 2016<\/strong>\u00a0\u2013 One Call, Many Voices<\/a><\/p>\n<\/div><\/li><li class=\"fusion-li-item\" style=\"\"><span class=\"icon-wrapper circle-yes\"><i class=\"fusion-li-icon fa-file-pdf far\" aria-hidden=\"true\"><\/i><\/span><div class=\"fusion-li-item-content\">\n<p><a href=\"http:\/\/www.lasalle.org\/wp-content\/uploads\/2019\/09\/Pastoral-Letter-2015.pdf\" target=\"_blank\" rel=\"noreferrer noopener\"><strong>Christmas 2015<\/strong>\u00a0\u2013 A Gospel Adventure: Outside the Camp<\/a><\/p>\n<\/div><\/li><li class=\"fusion-li-item\" style=\"\"><span class=\"icon-wrapper circle-yes\"><i class=\"fusion-li-icon fa-file-pdf far\" aria-hidden=\"true\"><\/i><\/span><div class=\"fusion-li-item-content\">\n<p><a href=\"http:\/\/www.lasalle.org\/wp-content\/uploads\/2019\/09\/CPast2014_eng_web.pdf\" target=\"_blank\" rel=\"noreferrer noopener\"><strong>Christmas 2014<\/strong>\u00a0\u2013 The vision still has its time, presses on to fulfillment, and will not disappoint; if it delays, wait for it, it will surely come, it will not be late.\u201d (Habakkuk 2:2-3)<\/a><\/p>\n<\/div><\/li><\/ul><div class=\"fusion-separator fusion-full-width-sep\" style=\"align-self: center;margin-left: auto;margin-right: auto;margin-top:15px;margin-bottom:15px;width:100%;\"><div class=\"fusion-separator-border sep-single sep-solid\" style=\"--awb-height:20px;--awb-amount:20px;--awb-sep-color:#747474;border-color:#747474;border-top-width:1px;\"><\/div><\/div><div class=\"fusion-title title fusion-title-4 fusion-sep-none fusion-title-text fusion-title-size-two\" style=\"--awb-text-color:var(--awb-custom17);--awb-sep-color:var(--awb-custom17);--awb-font-size:18px;\"><h2 class=\"fusion-title-heading title-heading-left\" style=\"margin:0;font-size:1em;\">Br. \u00c1lvaro Rodr\u00edguez Echeverr\u00eda<\/h2><\/div><ul style=\"--awb-line-height:27.2px;--awb-icon-width:27.2px;--awb-icon-height:27.2px;--awb-icon-margin:11.2px;--awb-content-margin:38.4px;--awb-circlecolor:var(--awb-custom17);--awb-circle-yes-font-size:14.08px;\" class=\"fusion-checklist fusion-checklist-3 fusion-checklist-default type-icons\"><li class=\"fusion-li-item\" style=\"\"><span class=\"icon-wrapper circle-yes\"><i class=\"fusion-li-icon fa-file-pdf far\" aria-hidden=\"true\"><\/i><\/span><div class=\"fusion-li-item-content\">\n<p><a href=\"http:\/\/www.lasalle.org\/wp-content\/uploads\/2019\/09\/CPast2013_eng.pdf\" target=\"_blank\" rel=\"noreferrer noopener\"><strong>Christmas 2013<\/strong>\u00a0\u2013 Consecrated by God the Trinity as a Community of Brothers<br \/>\nCalled to be witnesses of God\u2019s love<\/a><\/p>\n<\/div><\/li><li class=\"fusion-li-item\" style=\"\"><span class=\"icon-wrapper circle-yes\"><i class=\"fusion-li-icon fa-file-pdf far\" aria-hidden=\"true\"><\/i><\/span><div class=\"fusion-li-item-content\">\n<p><a href=\"https:\/\/www.lasalle.org\/wp-content\/uploads\/2021\/02\/Pastoral-Letter-2012.pdf\" target=\"_blank\" rel=\"noreferrer noopener\"><strong>Christmas 2012<\/strong> \u2013 Consecrated by God the Trinity as a Community of Brothers<br \/>\n(Who are rejuvenated in the hope of the Kingdom)<\/a><\/p>\n<\/div><\/li><li class=\"fusion-li-item\" style=\"\"><span class=\"icon-wrapper circle-yes\"><i class=\"fusion-li-icon fa-file-pdf far\" aria-hidden=\"true\"><\/i><\/span><div class=\"fusion-li-item-content\">\n<p><a href=\"http:\/\/www.lasalle.org\/wp-content\/uploads\/2019\/09\/2011_cpast_en-1.pdf\" target=\"_blank\" rel=\"noreferrer noopener\"><strong>Christmas 2011<\/strong> \u2013 Consecrated by God the Trinity as a Community of Brothers<br \/>\n(Who submit their ministry to God\u2019s judgment)<\/a><\/p>\n<\/div><\/li><li class=\"fusion-li-item\" style=\"\"><span class=\"icon-wrapper circle-yes\"><i class=\"fusion-li-icon fa-file-pdf far\" aria-hidden=\"true\"><\/i><\/span><div class=\"fusion-li-item-content\">\n<p><a href=\"http:\/\/www.lasalle.org\/wp-content\/uploads\/2019\/09\/2010_cpast_en.pdf\" target=\"_blank\" rel=\"noreferrer noopener\"><strong>Christmas 2010<\/strong>\u00a0\u2013 Consecrated by God the Trinity, As a Prophetic Community of Brothers impassioned for God and for the Poor<\/a><\/p>\n<\/div><\/li><li class=\"fusion-li-item\" style=\"\"><span class=\"icon-wrapper circle-yes\"><i class=\"fusion-li-icon fa-file-pdf far\" aria-hidden=\"true\"><\/i><\/span><div class=\"fusion-li-item-content\">\n<p><a href=\"http:\/\/www.lasalle.org\/wp-content\/uploads\/2019\/09\/2009_cpast_en.pdf\" target=\"_blank\" rel=\"noreferrer noopener\"><strong>Christmas 2009<\/strong>\u00a0\u2013 Consecrated by God the Trinity a Community of Brothers: Messengers and Apostles by the Church to make present the Kingdom of God<\/a><\/p>\n<\/div><\/li><li class=\"fusion-li-item\" style=\"\"><span class=\"icon-wrapper circle-yes\"><i class=\"fusion-li-icon fa-file-pdf far\" aria-hidden=\"true\"><\/i><\/span><div class=\"fusion-li-item-content\">\n<p><a href=\"http:\/\/www.lasalle.org\/wp-content\/uploads\/2019\/09\/2008_cpast_en.pdf\" target=\"_blank\" rel=\"noreferrer noopener\"><strong>Christmas 2008<\/strong>\u00a0\u2013 To be living signs of the presence of the Kingdom, in a community of Brothers consecrated by God the Trinity<\/a><\/p>\n<\/div><\/li><li class=\"fusion-li-item\" style=\"\"><span class=\"icon-wrapper circle-yes\"><i class=\"fusion-li-icon fa-file-pdf far\" aria-hidden=\"true\"><\/i><\/span><div class=\"fusion-li-item-content\">\n<p><a href=\"http:\/\/www.lasalle.org\/wp-content\/uploads\/2019\/09\/2007_cpast_en.pdf\" target=\"_blank\" rel=\"noreferrer noopener\"><strong>Christmas 2007<\/strong>\u00a0\u2013 Consecrated by God the Trinity, as a community of Brothers, to make visible his gratuitous and supportive\u00a0<\/a><\/p>\n<\/div><\/li><li class=\"fusion-li-item\" style=\"\"><span class=\"icon-wrapper circle-yes\"><i class=\"fusion-li-icon fa-file-pdf far\" aria-hidden=\"true\"><\/i><\/span><div class=\"fusion-li-item-content\">\n<p><a href=\"http:\/\/www.lasalle.org\/wp-content\/uploads\/2019\/09\/2006_cpast_en.pdf\" target=\"_blank\" rel=\"noreferrer noopener\"><strong>Christmas 2006<\/strong> \u2013 Associated with the God of History \u2013 Our Formative Life Journey<\/a><\/p>\n<\/div><\/li><li class=\"fusion-li-item\" style=\"\"><span class=\"icon-wrapper circle-yes\"><i class=\"fusion-li-icon fa-file-pdf far\" aria-hidden=\"true\"><\/i><\/span><div class=\"fusion-li-item-content\">\n<p><a href=\"http:\/\/www.lasalle.org\/wp-content\/uploads\/2019\/09\/2005_cpast_en.pdf\" target=\"_blank\" rel=\"noreferrer noopener\"><strong>Christmas 2005<\/strong>\u00a0\u2013 Associated Together to Seek God, Follow Jesus Christ, and Work for His Kingdom: Our Religious Life<\/a><\/p>\n<\/div><\/li><li class=\"fusion-li-item\" style=\"\"><span class=\"icon-wrapper circle-yes\"><i class=\"fusion-li-icon fa-file-pdf far\" aria-hidden=\"true\"><\/i><\/span><div class=\"fusion-li-item-content\">\n<p><a href=\"http:\/\/www.lasalle.org\/wp-content\/uploads\/2019\/09\/2004_cpast_en.pdf\" target=\"_blank\" rel=\"noreferrer noopener\"><strong>Christmas 2004<\/strong>\u00a0\u2013 Associated with the God of the Kingdom and the Kingdom of God, Ministers and Servants of the Word<\/a><\/p>\n<\/div><\/li><li class=\"fusion-li-item\" style=\"\"><span class=\"icon-wrapper circle-yes\"><i class=\"fusion-li-icon fa-file-pdf far\" aria-hidden=\"true\"><\/i><\/span><div class=\"fusion-li-item-content\">\n<p><a href=\"http:\/\/www.lasalle.org\/wp-content\/uploads\/2019\/09\/2003_cpast_en.pdf\" target=\"_blank\" rel=\"noreferrer noopener\"><strong>Christmas 2003<\/strong>\u00a0\u2013 Associated with the God of the Poor, Our Consecrated Life in the Light of the 4th Vow<\/a><\/p>\n<\/div><\/li><li class=\"fusion-li-item\" style=\"\"><span class=\"icon-wrapper circle-yes\"><i class=\"fusion-li-icon fa-file-pdf far\" aria-hidden=\"true\"><\/i><\/span><div class=\"fusion-li-item-content\">\n<p><a href=\"http:\/\/www.lasalle.org\/wp-content\/uploads\/2019\/09\/2003voc_cpast_en.pdf\" target=\"_blank\" rel=\"noreferrer noopener\"><strong>Easter 2003\u00a0<\/strong>\u2013 The Brother\u2019s Vocation Today<\/a><\/p>\n<\/div><\/li><li class=\"fusion-li-item\" style=\"\"><span class=\"icon-wrapper circle-yes\"><i class=\"fusion-li-icon fa-file-pdf far\" aria-hidden=\"true\"><\/i><\/span><div class=\"fusion-li-item-content\">\n<p><a href=\"http:\/\/www.lasalle.org\/wp-content\/uploads\/2019\/09\/2002_cpast_en.pdf\" target=\"_blank\" rel=\"noreferrer noopener\"><strong>Christmas 2002\u00a0<\/strong>\u2013 Associated with the God of Life: Our life of prayer<\/a><\/p>\n<\/div><\/li><li class=\"fusion-li-item\" style=\"\"><span class=\"icon-wrapper circle-yes\"><i class=\"fusion-li-icon fa-file-pdf far\" aria-hidden=\"true\"><\/i><\/span><div class=\"fusion-li-item-content\">\n<p><a href=\"http:\/\/www.lasalle.org\/wp-content\/uploads\/2019\/09\/2001_cpast_en.pdf\" target=\"_blank\" rel=\"noreferrer noopener\"><strong>Christmas 2001<\/strong>\u00a0\u2013 Being Brothers in Community: Our Primary Association<\/a><\/p>\n<\/div><\/li><li class=\"fusion-li-item\" style=\"\"><span class=\"icon-wrapper circle-yes\"><i class=\"fusion-li-icon fa-file-pdf far\" aria-hidden=\"true\"><\/i><\/span><div class=\"fusion-li-item-content\">\n<p><a href=\"http:\/\/www.lasalle.org\/wp-content\/uploads\/2019\/09\/2000_cpast_en.pdf\" target=\"_blank\" rel=\"noreferrer noopener\"><strong>Christmas 2000<\/strong>\u00a0\u2013 The Image of the Brother Today<\/a><\/p>\n<\/div><\/li><\/ul><\/div><\/div><div class=\"fusion-layout-column fusion_builder_column fusion-builder-column-1 fusion_builder_column_1_4 1_4 fusion-flex-column\" style=\"--awb-bg-size:cover;--awb-width-large:25%;--awb-margin-top-large:0px;--awb-spacing-right-large:7.68%;--awb-margin-bottom-large:20px;--awb-spacing-left-large:7.68%;--awb-width-medium:25%;--awb-order-medium:0;--awb-spacing-right-medium:7.68%;--awb-spacing-left-medium:7.68%;--awb-width-small:100%;--awb-order-small:0;--awb-spacing-right-small:1.92%;--awb-spacing-left-small:1.92%;\"><div class=\"fusion-column-wrapper fusion-column-has-shadow fusion-flex-justify-content-flex-start fusion-content-layout-column\"><div class=\"fusion-title title fusion-title-5 sep-underline sep-solid fusion-title-text fusion-title-size-two\" style=\"--awb-text-color:var(--awb-custom17);--awb-sep-color:var(--awb-custom17);--awb-font-size:22px;\"><h2 class=\"fusion-title-heading title-heading-left\" style=\"margin:0;font-size:1em;\">Last publication<\/h2><\/div><div class=\"fusion-image-element \" style=\"text-align:center;--awb-caption-title-font-family:var(--h2_typography-font-family);--awb-caption-title-font-weight:var(--h2_typography-font-weight);--awb-caption-title-font-style:var(--h2_typography-font-style);--awb-caption-title-size:var(--h2_typography-font-size);--awb-caption-title-transform:var(--h2_typography-text-transform);--awb-caption-title-line-height:var(--h2_typography-line-height);--awb-caption-title-letter-spacing:var(--h2_typography-letter-spacing);\"><span class=\" fusion-imageframe imageframe-none imageframe-1 hover-type-none\"><a class=\"fusion-no-lightbox\" href=\"https:\/\/www.lasalle.org\/wp-content\/uploads\/2025\/12\/ENG_Carta-Pastorale.pdf\" target=\"_blank\" aria-label=\"ENG_Carta-Pastorale-1\" rel=\"noopener noreferrer\"><img decoding=\"async\" width=\"400\" height=\"568\" src=\"https:\/\/www.lasalle.org\/wp-content\/uploads\/2025\/12\/ENG_Carta-Pastorale-1.jpg\" alt class=\"img-responsive wp-image-121993\" srcset=\"https:\/\/www.lasalle.org\/wp-content\/uploads\/2025\/12\/ENG_Carta-Pastorale-1-200x284.jpg 200w, https:\/\/www.lasalle.org\/wp-content\/uploads\/2025\/12\/ENG_Carta-Pastorale-1.jpg 400w\" sizes=\"(max-width: 640px) 100vw, 400px\" \/><\/a><\/span><\/div><div class=\"fusion-separator fusion-full-width-sep\" style=\"align-self: center;margin-left: auto;margin-right: auto;margin-top:15px;margin-bottom:15px;width:100%;\"><div class=\"fusion-separator-border sep-single sep-solid\" style=\"--awb-height:20px;--awb-amount:20px;--awb-sep-color:var(--awb-custom17);border-color:var(--awb-custom17);border-top-width:1px;\"><\/div><\/div><\/div><\/div><\/div><\/div>\n","protected":false},"excerpt":{"rendered":"","protected":false},"author":13,"featured_media":89868,"parent":10459,"menu_order":0,"comment_status":"open","ping_status":"closed","template":"","meta":{"_tec_requires_first_save":true,"_monsterinsights_skip_tracking":false,"_monsterinsights_sitenote_active":false,"_monsterinsights_sitenote_note":"","_monsterinsights_sitenote_category":0,"_EventAllDay":false,"_EventTimezone":"","_EventStartDate":"","_EventEndDate":"","_EventStartDateUTC":"","_EventEndDateUTC":"","_EventShowMap":false,"_EventShowMapLink":false,"_EventURL":"","_EventCost":"","_EventCostDescription":"","_EventCurrencySymbol":"","_EventCurrencyCode":"","_EventCurrencyPosition":"","_EventDateTimeSeparator":"","_EventTimeRangeSeparator":"","_EventOrganizerID":[],"_EventVenueID":[],"_OrganizerEmail":"","_OrganizerPhone":"","_OrganizerWebsite":"","_VenueAddress":"","_VenueCity":"","_VenueCountry":"","_VenueProvince":"","_VenueState":"","_VenueZip":"","_VenuePhone":"","_VenueURL":"","_VenueStateProvince":"","_VenueLat":"","_VenueLng":"","_VenueShowMap":false,"_VenueShowMapLink":false,"_tribe_blocks_recurrence_rules":"","_tribe_blocks_recurrence_description":"","_tribe_blocks_recurrence_exclusions":"","footnotes":""},"class_list":["post-9367","page","type-page","status-publish","has-post-thumbnail","hentry"],"_links":{"self":[{"href":"https:\/\/www.lasalle.org\/en\/wp-json\/wp\/v2\/pages\/9367","targetHints":{"allow":["GET"]}}],"collection":[{"href":"https:\/\/www.lasalle.org\/en\/wp-json\/wp\/v2\/pages"}],"about":[{"href":"https:\/\/www.lasalle.org\/en\/wp-json\/wp\/v2\/types\/page"}],"author":[{"embeddable":true,"href":"https:\/\/www.lasalle.org\/en\/wp-json\/wp\/v2\/users\/13"}],"replies":[{"embeddable":true,"href":"https:\/\/www.lasalle.org\/en\/wp-json\/wp\/v2\/comments?post=9367"}],"version-history":[{"count":6,"href":"https:\/\/www.lasalle.org\/en\/wp-json\/wp\/v2\/pages\/9367\/revisions"}],"predecessor-version":[{"id":123363,"href":"https:\/\/www.lasalle.org\/en\/wp-json\/wp\/v2\/pages\/9367\/revisions\/123363"}],"up":[{"embeddable":true,"href":"https:\/\/www.lasalle.org\/en\/wp-json\/wp\/v2\/pages\/10459"}],"wp:featuredmedia":[{"embeddable":true,"href":"https:\/\/www.lasalle.org\/en\/wp-json\/wp\/v2\/media\/89868"}],"wp:attachment":[{"href":"https:\/\/www.lasalle.org\/en\/wp-json\/wp\/v2\/media?parent=9367"}],"curies":[{"name":"wp","href":"https:\/\/api.w.org\/{rel}","templated":true}]}}