{"id":9461,"date":"2018-12-10T08:53:56","date_gmt":"2018-12-10T08:53:56","guid":{"rendered":"http:\/\/lasalle.vl20054.dinaserver.com\/miscellaneous\/"},"modified":"2020-06-11T10:10:23","modified_gmt":"2020-06-11T09:10:23","slug":"miscel%c3%a1nea","status":"publish","type":"page","link":"https:\/\/www.lasalle.org\/en\/publicaciones\/miscel%c3%a1nea\/","title":{"rendered":"Miscellaneous"},"content":{"rendered":"\n<p><\/p>\n\n\n\n<div class=\"wp-block-image\"><figure class=\"alignleft size-large is-resized\"><img decoding=\"async\" src=\"https:\/\/www.lasalle.org\/wp-content\/uploads\/2018\/12\/epub-file-256.png\" alt=\"\" class=\"wp-image-35321\" width=\"30\" height=\"30\" srcset=\"https:\/\/www.lasalle.org\/wp-content\/uploads\/2018\/12\/epub-file-256-150x150.png 150w, https:\/\/www.lasalle.org\/wp-content\/uploads\/2018\/12\/epub-file-256.png 256w\" sizes=\"(max-width: 30px) 100vw, 30px\" \/><\/figure><\/div>\n\n\n\n<p><a rel=\"noreferrer noopener\" href=\"https:\/\/drive.google.com\/drive\/folders\/18m1UTYXlZIv1ELIs2rWjsCYAvzYEd5zv?usp=sharing\" target=\"_blank\"><strong>WALKING TOGETHER<\/strong><br><\/a> The life of De La Salle from the prospective of Jean Jacquot, FSC<\/p>\n\n\n\n<hr class=\"wp-block-separator\"\/>\n\n\n\n<p> <strong>Rights of the Child<\/strong> (Christian Brothers Conference) <\/p>\n\n\n\n<div class=\"wp-block-image\"><figure class=\"alignleft is-resized\"><img decoding=\"async\" src=\"https:\/\/www.lasalle.org\/wp-content\/uploads\/2019\/07\/icon_acrobat.png\" alt=\"\" class=\"wp-image-49759\" width=\"15\" height=\"20\"\/><\/figure><\/div>\n\n\n\n<div class=\"wp-block-file\"><a href=\"http:\/\/www.lasalle.org\/wp-content\/uploads\/2019\/07\/standing-for-children-19X25.pdf\" target=\"_blank\" rel=\"noreferrer noopener\">Standing for Children<\/a><a href=\"http:\/\/www.lasalle.org\/wp-content\/uploads\/2019\/07\/standing-for-children-19X25.pdf\" class=\"fusion-button-default fusion-button-default-size wp-block-file__button\" download>Download<\/a><\/div>\n\n\n\n<hr class=\"wp-block-separator\"\/>\n\n\n\n<p> <strong>For the Lasallian Family<\/strong><\/p>\n\n\n\n<div class=\"wp-block-image\"><figure class=\"alignleft is-resized\"><img decoding=\"async\" src=\"https:\/\/www.lasalle.org\/wp-content\/uploads\/2019\/07\/icon_acrobat.png\" alt=\"\" class=\"wp-image-49759\" width=\"15\" height=\"20\"\/><\/figure><\/div>\n\n\n\n<div class=\"wp-block-file\"><a href=\"http:\/\/www.lasalle.org\/wp-content\/uploads\/2019\/07\/3essais_lasalliens_es-1.pdf\" target=\"_blank\" rel=\"noreferrer noopener\">Thematic Vocabulary of Lasallian Association \u2013 Lasallian Essays 3<\/a><a href=\"http:\/\/www.lasalle.org\/wp-content\/uploads\/2019\/07\/3essais_lasalliens_es-1.pdf\" class=\"fusion-button-default fusion-button-default-size wp-block-file__button\" download>Download<\/a><\/div>\n\n\n\n<hr class=\"wp-block-separator is-style-dots\"\/>\n\n\n\n<div class=\"wp-block-image\"><figure class=\"alignleft is-resized\"><img decoding=\"async\" src=\"https:\/\/www.lasalle.org\/wp-content\/uploads\/2019\/07\/icon_acrobat.png\" alt=\"\" class=\"wp-image-49759\" width=\"15\" height=\"20\"\/><\/figure><\/div>\n\n\n\n<div class=\"wp-block-file\"><a href=\"http:\/\/www.lasalle.org\/wp-content\/uploads\/2019\/09\/4essais_lasalliens_en.pdf\" target=\"_blank\" rel=\"noreferrer noopener\">Bases for a present-day model of the Lasallian Family \u2013 Lasallian Essays 4<\/a><a href=\"http:\/\/www.lasalle.org\/wp-content\/uploads\/2019\/09\/4essais_lasalliens_en.pdf\" class=\"fusion-button-default fusion-button-default-size wp-block-file__button\" download>Download<\/a><\/div>\n\n\n\n<hr class=\"wp-block-separator is-style-dots\"\/>\n\n\n\n<div class=\"wp-block-image\"><figure class=\"alignleft is-resized\"><img decoding=\"async\" src=\"https:\/\/www.lasalle.org\/wp-content\/uploads\/2019\/07\/icon_acrobat.png\" alt=\"\" class=\"wp-image-49759\" width=\"15\" height=\"20\"\/><\/figure><\/div>\n\n\n\n<div class=\"wp-block-file\"><a href=\"http:\/\/www.lasalle.org\/wp-content\/uploads\/2019\/09\/Lasallian-Studies-13.pdf\" target=\"_blank\" rel=\"noreferrer noopener\">Lasallian Charism \u2013 Lasallian Studies n\u00ba 13<\/a><a href=\"http:\/\/www.lasalle.org\/wp-content\/uploads\/2019\/09\/Lasallian-Studies-13.pdf\" class=\"fusion-button-default fusion-button-default-size wp-block-file__button\" download> Download <\/a><\/div>\n\n\n\n<hr class=\"wp-block-separator is-style-dots\"\/>\n\n\n\n<div class=\"wp-block-image\"><figure class=\"alignleft is-resized\"><img decoding=\"async\" src=\"https:\/\/www.lasalle.org\/wp-content\/uploads\/2019\/07\/icon_acrobat.png\" alt=\"\" class=\"wp-image-49759\" width=\"15\" height=\"20\"\/><\/figure><\/div>\n\n\n\n<div class=\"wp-block-file\"><a href=\"http:\/\/www.lasalle.org\/wp-content\/uploads\/2019\/09\/ai06_report_en.pdf\" target=\"_blank\" rel=\"noreferrer noopener\">Report of the International Assembly 2006<\/a><a href=\"http:\/\/www.lasalle.org\/wp-content\/uploads\/2019\/09\/ai06_report_en.pdf\" class=\"fusion-button-default fusion-button-default-size wp-block-file__button\" download> Download <\/a><\/div>\n\n\n\n<hr class=\"wp-block-separator is-style-dots\"\/>\n\n\n\n<div class=\"wp-block-image\"><figure class=\"alignleft is-resized\"><img decoding=\"async\" src=\"https:\/\/www.lasalle.org\/wp-content\/uploads\/2019\/07\/icon_acrobat.png\" alt=\"\" class=\"wp-image-49759\" width=\"15\" height=\"20\"\/><\/figure><\/div>\n\n\n\n<div class=\"wp-block-file\"><a href=\"https:\/\/www.lasalle.org\/wp-content\/uploads\/2020\/06\/SignumFidei_StyleOfLife.pdf\" target=\"_blank\" rel=\"noreferrer noopener\">Signum Fidei &#8211; Style of Life<\/a><a href=\"https:\/\/www.lasalle.org\/wp-content\/uploads\/2020\/06\/SignumFidei_StyleOfLife.pdf\" class=\"fusion-button-default fusion-button-default-size wp-block-file__button\" download>Download<\/a><\/div>\n\n\n\n<hr class=\"wp-block-separator is-style-dots\"\/>\n\n\n\n<div class=\"wp-block-image\"><figure class=\"alignleft is-resized\"><img decoding=\"async\" src=\"https:\/\/www.lasalle.org\/wp-content\/uploads\/2019\/07\/url-blue.png\" alt=\"\" class=\"wp-image-49751\" width=\"25\" height=\"25\"\/><\/figure><\/div>\n\n\n\n<p><a href=\"http:\/\/www.lasalle.org\/en\/publicaciones\/bulletin\/\">Bulletin n\u00ba 250 &#8211; Associated for the Lasallian Educational Mission<\/a><\/p>\n\n\n\n<hr class=\"wp-block-separator\"\/>\n\n\n\n<div class=\"wp-block-image\"><figure class=\"alignleft is-resized\"><img decoding=\"async\" src=\"https:\/\/www.lasalle.org\/wp-content\/uploads\/2019\/07\/url-blue.png\" alt=\"\" class=\"wp-image-49751\" width=\"25\" height=\"25\"\/><\/figure><\/div>\n\n\n\n<p><a href=\"http:\/\/www.lasalle.org\/en\/publicaciones\/lumen-2\/\">Publications for Young Lasallians<\/a><\/p>\n\n\n\n<hr class=\"wp-block-separator\"\/>\n\n\n\n<p> <strong>The Ongoing Story<\/strong><\/p>\n\n\n\n<div class=\"wp-block-image\"><figure class=\"alignleft is-resized\"><img decoding=\"async\" src=\"https:\/\/www.lasalle.org\/wp-content\/uploads\/2019\/07\/icon_acrobat.png\" alt=\"\" class=\"wp-image-49759\" width=\"15\" height=\"20\"\/><\/figure><\/div>\n\n\n\n<div class=\"wp-block-file\"><a href=\"http:\/\/www.lasalle.org\/wp-content\/uploads\/2019\/09\/02cahier_mel_en.pdf\" target=\"_blank\" rel=\"noreferrer noopener\">\u201cLasallian Association. The Ongoing Story.\u201d (MEL-2) <br>Br. Antonio Botana<\/a><a href=\"http:\/\/www.lasalle.org\/wp-content\/uploads\/2019\/09\/02cahier_mel_en.pdf\" class=\"fusion-button-default fusion-button-default-size wp-block-file__button\" download>Download<\/a><\/div>\n\n\n\n<hr class=\"wp-block-separator is-style-dots\"\/>\n\n\n\n<div class=\"wp-block-image\"><figure class=\"alignleft is-resized\"><img decoding=\"async\" src=\"https:\/\/www.lasalle.org\/wp-content\/uploads\/2019\/07\/icon_acrobat.png\" alt=\"\" class=\"wp-image-49759\" width=\"15\" height=\"20\"\/><\/figure><\/div>\n\n\n\n<div class=\"wp-block-file\"><a href=\"http:\/\/www.lasalle.org\/wp-content\/uploads\/2019\/09\/22_en.pdf\" target=\"_blank\" rel=\"noreferrer noopener\">&#8220;The new presence of the Brother in the School&#8221;<br> Br. Antonio Botana<\/a><a href=\"http:\/\/www.lasalle.org\/wp-content\/uploads\/2019\/09\/22_en.pdf\" class=\"fusion-button-default fusion-button-default-size wp-block-file__button\" download> Download <\/a><\/div>\n\n\n\n<p style=\"font-size:14px\">\u201cNew Forms of Lasallian Association.\u201d Report for the Visitors\u2019 Meeting, May 2004. Secretariat for Lasallian Associates. \u2013 Br. Antonio Botana<\/p>\n\n\n\n<hr class=\"wp-block-separator is-style-dots\"\/>\n\n\n\n<div class=\"wp-block-image\"><figure class=\"alignleft is-resized\"><img decoding=\"async\" src=\"https:\/\/www.lasalle.org\/wp-content\/uploads\/2019\/07\/icon_acrobat.png\" alt=\"\" class=\"wp-image-49759\" width=\"15\" height=\"20\"\/><\/figure><\/div>\n\n\n\n<div class=\"wp-block-file\"><a href=\"http:\/\/www.lasalle.org\/wp-content\/uploads\/2019\/09\/13_en.pdf\" target=\"_blank\" rel=\"noreferrer noopener\"> \u201cLasallian Association for Mission:1679-2007 <\/a><a href=\"http:\/\/www.lasalle.org\/wp-content\/uploads\/2019\/09\/13_en.pdf\" class=\"fusion-button-default fusion-button-default-size wp-block-file__button\" download> Download  <\/a><\/div>\n\n\n\n<p style=\"font-size:14px\">\n\nUna reflexi\u00f3n personal sobre un relato que contin\u00faa&#8221;. &#8211; Hno. John Johnston\n\n<\/p>\n\n\n\n<hr class=\"wp-block-separator\"\/>\n\n\n\n<p> <strong>\u201cColloquium on Association.\u201d \u2013 EUROCELAS 2000<\/strong> <\/p>\n\n\n\n<div class=\"wp-block-image\"><figure class=\"alignleft is-resized\"><img decoding=\"async\" src=\"https:\/\/www.lasalle.org\/wp-content\/uploads\/2019\/07\/icon_acrobat.png\" alt=\"\" class=\"wp-image-49759\" width=\"15\" height=\"20\"\/><\/figure><\/div>\n\n\n\n<div class=\"wp-block-file\"><a href=\"http:\/\/www.lasalle.org\/wp-content\/uploads\/2019\/09\/15_en.pdf\" target=\"_blank\" rel=\"noreferrer noopener\">\u201cAssociation: The Policy of the Institute of the Brothers of the Christian Schools, 1950\u20132000\u201d Br. Andr\u00e9 Jacq<\/a><a href=\"http:\/\/www.lasalle.org\/wp-content\/uploads\/2019\/09\/15_en.pdf\" class=\"fusion-button-default fusion-button-default-size wp-block-file__button\" download>  Download   <\/a><\/div>\n\n\n\n<hr class=\"wp-block-separator is-style-dots\"\/>\n\n\n\n<div class=\"wp-block-image\"><figure class=\"alignleft is-resized\"><img decoding=\"async\" src=\"https:\/\/www.lasalle.org\/wp-content\/uploads\/2019\/07\/icon_acrobat.png\" alt=\"\" class=\"wp-image-49759\" width=\"15\" height=\"20\"\/><\/figure><\/div>\n\n\n\n<div class=\"wp-block-file\"><a href=\"http:\/\/www.lasalle.org\/wp-content\/uploads\/2019\/09\/0assoc_en.pdf\" target=\"_blank\" rel=\"noreferrer noopener\">  \u201cBrothers and Lay People Associating for a Single Mission.\u201d \u2013 Br. Andr\u00e9 Jacq<\/a><a href=\"http:\/\/www.lasalle.org\/wp-content\/uploads\/2019\/09\/0assoc_en.pdf\" class=\"fusion-button-default fusion-button-default-size wp-block-file__button\" download>  Download   <\/a><\/div>\n\n\n\n<hr class=\"wp-block-separator is-style-dots\"\/>\n\n\n\n<div class=\"wp-block-image\"><figure class=\"alignleft is-resized\"><img decoding=\"async\" src=\"https:\/\/www.lasalle.org\/wp-content\/uploads\/2019\/07\/icon_acrobat.png\" alt=\"\" class=\"wp-image-49759\" width=\"15\" height=\"20\"\/><\/figure><\/div>\n\n\n\n<div class=\"wp-block-file\"><a href=\"http:\/\/www.lasalle.org\/wp-content\/uploads\/2019\/09\/1assoc_en.pdf\" target=\"_blank\" rel=\"noreferrer noopener\">  \u201cAssociation According to De La Salle.\u201d \u2013 Br. Antonio Botana<\/a><a href=\"http:\/\/www.lasalle.org\/wp-content\/uploads\/2019\/09\/1assoc_en.pdf\" class=\"fusion-button-default fusion-button-default-size wp-block-file__button\" download>  Download   <\/a><\/div>\n\n\n\n<hr class=\"wp-block-separator is-style-dots\"\/>\n\n\n\n<div class=\"wp-block-image\"><figure class=\"alignleft is-resized\"><img decoding=\"async\" src=\"https:\/\/www.lasalle.org\/wp-content\/uploads\/2019\/07\/icon_acrobat.png\" alt=\"\" class=\"wp-image-49759\" width=\"15\" height=\"20\"\/><\/figure><\/div>\n\n\n\n<div class=\"wp-block-file\"><a href=\"http:\/\/www.lasalle.org\/wp-content\/uploads\/2019\/09\/2assoc_en.pdf\" target=\"_blank\" rel=\"noreferrer noopener\"> \u201cFutute Prospects for Creating Association\u201d \u2013 Br. Robert Carlier<\/a><a href=\"http:\/\/www.lasalle.org\/wp-content\/uploads\/2019\/09\/2assoc_en.pdf\" class=\"fusion-button-default fusion-button-default-size wp-block-file__button\" download> Download    <\/a><\/div>\n\n\n\n<hr class=\"wp-block-separator\"\/>\n\n\n\n<p> <strong>Lasallian Identity<\/strong> <\/p>\n\n\n\n<div class=\"wp-block-image\"><figure class=\"alignleft is-resized\"><img decoding=\"async\" src=\"https:\/\/www.lasalle.org\/wp-content\/uploads\/2019\/07\/icon_acrobat.png\" alt=\"\" class=\"wp-image-49759\" width=\"15\" height=\"20\"\/><\/figure><\/div>\n\n\n\n<div class=\"wp-block-file\"><a href=\"http:\/\/www.lasalle.org\/wp-content\/uploads\/2019\/09\/24_en.pdf\">\u201cLasallian Identity. A scheme 3 by 3 + 1.\u201d \u2013 Br. Antonio Botana<\/a><a href=\"http:\/\/www.lasalle.org\/wp-content\/uploads\/2019\/09\/24_en.pdf\" class=\"fusion-button-default fusion-button-default-size wp-block-file__button\" download> Download    <\/a><\/div>\n\n\n\n<hr class=\"wp-block-separator is-style-dots\"\/>\n\n\n\n<div class=\"wp-block-image\"><figure class=\"alignleft is-resized\"><img decoding=\"async\" src=\"https:\/\/www.lasalle.org\/wp-content\/uploads\/2019\/07\/icon_acrobat.png\" alt=\"\" class=\"wp-image-49759\" width=\"15\" height=\"20\"\/><\/figure><\/div>\n\n\n\n<div class=\"wp-block-file\"><a href=\"http:\/\/www.lasalle.org\/wp-content\/uploads\/2019\/09\/10_en.pdf\" target=\"_blank\" rel=\"noreferrer noopener\">Lasallian Identity: Five Documents for a Workshop. \u2013 Associated Commission<\/a><a href=\"http:\/\/www.lasalle.org\/wp-content\/uploads\/2019\/09\/10_en.pdf\" class=\"fusion-button-default fusion-button-default-size wp-block-file__button\" download> Download    <\/a><\/div>\n\n\n\n<hr class=\"wp-block-separator is-style-dots\"\/>\n\n\n\n<div class=\"wp-block-image\"><figure class=\"alignleft is-resized\"><img decoding=\"async\" src=\"https:\/\/www.lasalle.org\/wp-content\/uploads\/2019\/07\/icon_acrobat.png\" alt=\"\" class=\"wp-image-49759\" width=\"15\" height=\"20\"\/><\/figure><\/div>\n\n\n\n<div class=\"wp-block-file\"><a href=\"http:\/\/www.lasalle.org\/wp-content\/uploads\/2019\/09\/2003_cpast_en.pdf\" target=\"_blank\" rel=\"noreferrer noopener\"> \u201cAssociated with the God of the Poor. Our consecrated life in the light of the 4th vow.\u201d <\/a><a href=\"http:\/\/www.lasalle.org\/wp-content\/uploads\/2019\/09\/2003_cpast_en.pdf\" class=\"fusion-button-default fusion-button-default-size wp-block-file__button\" download> Download    <\/a><\/div>\n\n\n\n<p style=\"font-size:14px\"> Pastoral Letter Dec. 25, 2003 Br. \u00c1lvaro Rodr\u00edguez Echeverr\u00eda  <\/p>\n\n\n\n<hr class=\"wp-block-separator is-style-dots\"\/>\n\n\n\n<div class=\"wp-block-image\"><figure class=\"alignleft is-resized\"><img decoding=\"async\" src=\"https:\/\/www.lasalle.org\/wp-content\/uploads\/2019\/07\/icon_acrobat.png\" alt=\"\" class=\"wp-image-49759\" width=\"15\" height=\"20\"\/><\/figure><\/div>\n\n\n\n<div class=\"wp-block-file\"><a href=\"http:\/\/www.lasalle.org\/wp-content\/uploads\/2019\/09\/reflections12_en.pdf\" target=\"_blank\" rel=\"noreferrer noopener\">Lasallian Reflections<br> Guide for reflection in community on the pastoral letter of Br. Alvaro \u201cAssociated with the God of the Poor\u201d<\/a><a href=\"http:\/\/www.lasalle.org\/wp-content\/uploads\/2019\/09\/reflections12_en.pdf\" class=\"fusion-button-default fusion-button-default-size wp-block-file__button\" download> Download  <\/a><\/div>\n\n\n\n<hr class=\"wp-block-separator\"\/>\n\n\n\n<p> <strong>Lasallian Spirituality<\/strong> <\/p>\n\n\n\n<div class=\"wp-block-image\"><figure class=\"alignleft is-resized\"><img decoding=\"async\" src=\"https:\/\/www.lasalle.org\/wp-content\/uploads\/2019\/07\/icon_acrobat.png\" alt=\"\" class=\"wp-image-49759\" width=\"15\" height=\"20\"\/><\/figure><\/div>\n\n\n\n<div class=\"wp-block-file\"><a href=\"http:\/\/www.lasalle.org\/wp-content\/uploads\/2019\/09\/12_en.pdf\" target=\"_blank\" rel=\"noreferrer noopener\">\u201cAssociation in the light of Scripture.\u201d \u2013 Br. Antonio Botana<\/a><a href=\"http:\/\/www.lasalle.org\/wp-content\/uploads\/2019\/09\/12_en.pdf\" class=\"fusion-button-default fusion-button-default-size wp-block-file__button\" download>  Download <\/a><\/div>\n\n\n\n<hr class=\"wp-block-separator is-style-dots\"\/>\n\n\n\n<div class=\"wp-block-image\"><figure class=\"alignleft is-resized\"><img decoding=\"async\" src=\"https:\/\/www.lasalle.org\/wp-content\/uploads\/2019\/07\/icon_acrobat.png\" alt=\"\" class=\"wp-image-49759\" width=\"15\" height=\"20\"\/><\/figure><\/div>\n\n\n\n<div class=\"wp-block-file\"><a href=\"http:\/\/www.lasalle.org\/wp-content\/uploads\/2019\/09\/lasallian_spirit_en-1.pdf\" target=\"_blank\" rel=\"noreferrer noopener\">Lasallian Spirituality \u2013 Br. Gerard Rummery<\/a><a href=\"http:\/\/www.lasalle.org\/wp-content\/uploads\/2019\/09\/lasallian_spirit_en-1.pdf\" class=\"fusion-button-default fusion-button-default-size wp-block-file__button\" download> Download <\/a><\/div>\n\n\n\n<hr class=\"wp-block-separator\"\/>\n\n\n\n<p> <strong>The Vow of Association<\/strong> <\/p>\n\n\n\n<div class=\"wp-block-image\"><figure class=\"alignleft is-resized\"><img decoding=\"async\" src=\"https:\/\/www.lasalle.org\/wp-content\/uploads\/2019\/07\/icon_acrobat.png\" alt=\"\" class=\"wp-image-49759\" width=\"15\" height=\"20\"\/><\/figure><\/div>\n\n\n\n<div class=\"wp-block-file\"><a href=\"http:\/\/www.lasalle.org\/wp-content\/uploads\/2019\/09\/25_en.pdf\" target=\"_blank\" rel=\"noreferrer noopener\">\u201cThe Vow of Association, the Heart of the Brother\u2019s Identity.\u201d \u2013 Br. Antonio Botana<\/a><a href=\"http:\/\/www.lasalle.org\/wp-content\/uploads\/2019\/09\/25_en.pdf\" class=\"fusion-button-default fusion-button-default-size wp-block-file__button\" download> Download <\/a><\/div>\n\n\n\n<hr class=\"wp-block-separator is-style-dots\"\/>\n\n\n\n<div class=\"wp-block-image\"><figure class=\"alignleft is-resized\"><img decoding=\"async\" src=\"https:\/\/www.lasalle.org\/wp-content\/uploads\/2019\/07\/icon_acrobat.png\" alt=\"\" class=\"wp-image-49759\" width=\"15\" height=\"20\"\/><\/figure><\/div>\n\n\n\n<div class=\"wp-block-file\"><a href=\"http:\/\/www.lasalle.org\/wp-content\/uploads\/2019\/09\/02_en.pdf\" target=\"_blank\" rel=\"noreferrer noopener\">\u201cFor a better understanding of the Lasallian Association.\u201d \u2013 Br. Michel Sauvage<\/a><a href=\"http:\/\/www.lasalle.org\/wp-content\/uploads\/2019\/09\/02_en.pdf\" class=\"fusion-button-default fusion-button-default-size wp-block-file__button\" download> Download <\/a><\/div>\n\n\n\n<hr class=\"wp-block-separator is-style-dots\"\/>\n\n\n\n<div class=\"wp-block-image\"><figure class=\"alignleft is-resized\"><img decoding=\"async\" src=\"https:\/\/www.lasalle.org\/wp-content\/uploads\/2019\/07\/icon_acrobat.png\" alt=\"\" class=\"wp-image-49759\" width=\"15\" height=\"20\"\/><\/figure><\/div>\n\n\n\n<div class=\"wp-block-file\"><a href=\"http:\/\/www.lasalle.org\/wp-content\/uploads\/2019\/09\/03_en.pdf\" target=\"_blank\" rel=\"noreferrer noopener\">\u201cThe Vows of the Brothers in the History of the Institute.\u201d \u2013 Br. Michel Sauvage<\/a><a href=\"http:\/\/www.lasalle.org\/wp-content\/uploads\/2019\/09\/03_en.pdf\" class=\"fusion-button-default fusion-button-default-size wp-block-file__button\" download> Download <\/a><\/div>\n\n\n\n<hr class=\"wp-block-separator is-style-dots\"\/>\n\n\n\n<div class=\"wp-block-image\"><figure class=\"alignleft is-resized\"><img decoding=\"async\" src=\"https:\/\/www.lasalle.org\/wp-content\/uploads\/2019\/07\/icon_acrobat.png\" alt=\"\" class=\"wp-image-49759\" width=\"15\" height=\"20\"\/><\/figure><\/div>\n\n\n\n<div class=\"wp-block-file\"><a href=\"http:\/\/www.lasalle.org\/wp-content\/uploads\/2019\/09\/07a_en.pdf\" target=\"_blank\" rel=\"noreferrer noopener\">\u201cThe Vow of Association: Realizing the Potential.\u201d \u2013 Br. Donald Mouton<\/a><a href=\"http:\/\/www.lasalle.org\/wp-content\/uploads\/2019\/09\/07a_en.pdf\" class=\"fusion-button-default fusion-button-default-size wp-block-file__button\" download> Download <\/a><\/div>\n\n\n\n<hr class=\"wp-block-separator is-style-dots\"\/>\n\n\n\n<div class=\"wp-block-image\"><figure class=\"alignleft is-resized\"><img decoding=\"async\" src=\"https:\/\/www.lasalle.org\/wp-content\/uploads\/2019\/07\/icon_acrobat.png\" alt=\"\" class=\"wp-image-49759\" width=\"15\" height=\"20\"\/><\/figure><\/div>\n\n\n\n<div class=\"wp-block-file\"><a href=\"http:\/\/www.lasalle.org\/wp-content\/uploads\/2019\/09\/07b_en.pdf\" target=\"_blank\" rel=\"noreferrer noopener\">\u201cLasallian Association and the Vow.\u201d \u2013 Br. Luke Salm<\/a><a href=\"http:\/\/www.lasalle.org\/wp-content\/uploads\/2019\/09\/07b_en.pdf\" class=\"fusion-button-default fusion-button-default-size wp-block-file__button\" download> Download <\/a><\/div>\n\n\n\n<hr class=\"wp-block-separator\"\/>\n\n\n\n<p><strong>Studies<\/strong><\/p>\n\n\n\n<div class=\"wp-block-image\"><figure class=\"alignleft is-resized\"><img decoding=\"async\" src=\"https:\/\/www.lasalle.org\/wp-content\/uploads\/2019\/07\/icon_acrobat.png\" alt=\"\" class=\"wp-image-49759\" width=\"15\" height=\"20\"\/><\/figure><\/div>\n\n\n\n<div class=\"wp-block-file\"><a href=\"http:\/\/www.lasalle.org\/wp-content\/uploads\/2019\/09\/21_en.pdf\" target=\"_blank\" rel=\"noreferrer noopener\">\u201cCanonical Aspects of Association.\u201d \u2013 Br. Antonio Botana<br> <\/a><a href=\"http:\/\/www.lasalle.org\/wp-content\/uploads\/2019\/09\/21_en.pdf\" class=\"fusion-button-default fusion-button-default-size wp-block-file__button\" download> Download  <\/a><\/div>\n\n\n\n<hr class=\"wp-block-separator is-style-dots\"\/>\n\n\n\n<div class=\"wp-block-image\"><figure class=\"alignleft is-resized\"><img decoding=\"async\" src=\"https:\/\/www.lasalle.org\/wp-content\/uploads\/2019\/07\/icon_acrobat.png\" alt=\"\" class=\"wp-image-49759\" width=\"15\" height=\"20\"\/><\/figure><\/div>\n\n\n\n<div class=\"wp-block-file\"><a href=\"http:\/\/www.lasalle.org\/wp-content\/uploads\/2019\/09\/27_en.pdf\" target=\"_blank\" rel=\"noreferrer noopener\">\u201cThe Dynamics of Association for a Lasallian ministry.\u201d \u2013 Br. Antonio Botana <\/a><a href=\"http:\/\/www.lasalle.org\/wp-content\/uploads\/2019\/09\/27_en.pdf\" class=\"fusion-button-default fusion-button-default-size wp-block-file__button\" download> Download  <\/a><\/div>\n\n\n\n<hr class=\"wp-block-separator is-style-dots\"\/>\n\n\n\n<div class=\"wp-block-image\"><figure class=\"alignleft is-resized\"><img decoding=\"async\" src=\"https:\/\/www.lasalle.org\/wp-content\/uploads\/2019\/07\/icon_acrobat.png\" alt=\"\" class=\"wp-image-49759\" width=\"15\" height=\"20\"\/><\/figure><\/div>\n\n\n\n<div class=\"wp-block-file\"><a href=\"http:\/\/www.lasalle.org\/wp-content\/uploads\/2019\/09\/09_en.pdf\" target=\"_blank\" rel=\"noreferrer noopener\">\u201cAssociation and Communion. Reading to John Baptist de La Salle.\u201d \u2013 Br. G\u00e9rard Oustric <\/a><a href=\"http:\/\/www.lasalle.org\/wp-content\/uploads\/2019\/09\/09_en.pdf\" class=\"fusion-button-default fusion-button-default-size wp-block-file__button\" download> Download  <\/a><\/div>\n\n\n\n<hr class=\"wp-block-separator\"\/>\n","protected":false},"excerpt":{"rendered":"<p>WALKING TOGETHER The life of De La Salle from the  [&#8230;]<\/p>\n","protected":false},"author":13,"featured_media":0,"parent":10459,"menu_order":0,"comment_status":"open","ping_status":"closed","template":"","meta":{"_tec_requires_first_save":true,"_monsterinsights_skip_tracking":false,"_monsterinsights_sitenote_active":false,"_monsterinsights_sitenote_note":"","_monsterinsights_sitenote_category":0,"_EventAllDay":false,"_EventTimezone":"","_EventStartDate":"","_EventEndDate":"","_EventStartDateUTC":"","_EventEndDateUTC":"","_EventShowMap":false,"_EventShowMapLink":false,"_EventURL":"","_EventCost":"","_EventCostDescription":"","_EventCurrencySymbol":"","_EventCurrencyCode":"","_EventCurrencyPosition":"","_EventDateTimeSeparator":"","_EventTimeRangeSeparator":"","_EventOrganizerID":[],"_EventVenueID":[],"_OrganizerEmail":"","_OrganizerPhone":"","_OrganizerWebsite":"","_VenueAddress":"","_VenueCity":"","_VenueCountry":"","_VenueProvince":"","_VenueState":"","_VenueZip":"","_VenuePhone":"","_VenueURL":"","_VenueStateProvince":"","_VenueLat":"","_VenueLng":"","_VenueShowMap":false,"_VenueShowMapLink":false,"_tribe_blocks_recurrence_rules":"","_tribe_blocks_recurrence_description":"","_tribe_blocks_recurrence_exclusions":"","footnotes":""},"class_list":["post-9461","page","type-page","status-publish","hentry"],"_links":{"self":[{"href":"https:\/\/www.lasalle.org\/en\/wp-json\/wp\/v2\/pages\/9461","targetHints":{"allow":["GET"]}}],"collection":[{"href":"https:\/\/www.lasalle.org\/en\/wp-json\/wp\/v2\/pages"}],"about":[{"href":"https:\/\/www.lasalle.org\/en\/wp-json\/wp\/v2\/types\/page"}],"author":[{"embeddable":true,"href":"https:\/\/www.lasalle.org\/en\/wp-json\/wp\/v2\/users\/13"}],"replies":[{"embeddable":true,"href":"https:\/\/www.lasalle.org\/en\/wp-json\/wp\/v2\/comments?post=9461"}],"version-history":[{"count":5,"href":"https:\/\/www.lasalle.org\/en\/wp-json\/wp\/v2\/pages\/9461\/revisions"}],"predecessor-version":[{"id":71920,"href":"https:\/\/www.lasalle.org\/en\/wp-json\/wp\/v2\/pages\/9461\/revisions\/71920"}],"up":[{"embeddable":true,"href":"https:\/\/www.lasalle.org\/en\/wp-json\/wp\/v2\/pages\/10459"}],"wp:attachment":[{"href":"https:\/\/www.lasalle.org\/en\/wp-json\/wp\/v2\/media?parent=9461"}],"curies":[{"name":"wp","href":"https:\/\/api.w.org\/{rel}","templated":true}]}}