{"id":9479,"date":"2018-12-10T12:31:53","date_gmt":"2018-12-10T12:31:53","guid":{"rendered":"http:\/\/lasalle.vl20054.dinaserver.com\/lasallian-studies\/"},"modified":"2026-03-04T11:44:56","modified_gmt":"2026-03-04T10:44:56","slug":"lasallian-studies","status":"publish","type":"page","link":"https:\/\/www.lasalle.org\/en\/publicaciones\/lasallian-studies\/","title":{"rendered":"Lasallian Studies"},"content":{"rendered":"<div class=\"fusion-fullwidth fullwidth-box fusion-builder-row-1 fusion-flex-container has-pattern-background has-mask-background nonhundred-percent-fullwidth non-hundred-percent-height-scrolling\" style=\"--awb-border-radius-top-left:0px;--awb-border-radius-top-right:0px;--awb-border-radius-bottom-right:0px;--awb-border-radius-bottom-left:0px;--awb-flex-wrap:wrap;\" ><div class=\"fusion-builder-row fusion-row fusion-flex-align-items-flex-start fusion-flex-content-wrap\" style=\"max-width:1248px;margin-left: calc(-4% \/ 2 );margin-right: calc(-4% \/ 2 );\"><div class=\"fusion-layout-column fusion_builder_column fusion-builder-column-0 fusion_builder_column_3_4 3_4 fusion-flex-column\" style=\"--awb-bg-size:cover;--awb-width-large:75%;--awb-margin-top-large:0px;--awb-spacing-right-large:2.56%;--awb-margin-bottom-large:20px;--awb-spacing-left-large:2.56%;--awb-width-medium:75%;--awb-order-medium:0;--awb-spacing-right-medium:2.56%;--awb-spacing-left-medium:2.56%;--awb-width-small:100%;--awb-order-small:0;--awb-spacing-right-small:1.92%;--awb-spacing-left-small:1.92%;\"><div class=\"fusion-column-wrapper fusion-column-has-shadow fusion-flex-justify-content-flex-start fusion-content-layout-column\"><div class=\"fusion-title title fusion-title-1 sep-underline sep-solid fusion-title-text fusion-title-size-two\" style=\"--awb-text-color:var(--awb-custom17);--awb-sep-color:var(--awb-custom17);--awb-font-size:22px;\"><h2 class=\"fusion-title-heading title-heading-left\" style=\"margin:0;font-size:1em;\">Lasallian Studies<\/h2><\/div><div class=\"fusion-text fusion-text-1\"><p><strong><em>This non periodic collection delves deeper and disseminates the tradition of St. John Baptist de La Salle, throughout international Lasallian education and catechesis, education and spirituality, church and society, history and questions.<\/em><\/strong><\/p>\n<\/div><ul style=\"--awb-line-height:27.2px;--awb-icon-width:27.2px;--awb-icon-height:27.2px;--awb-icon-margin:11.2px;--awb-content-margin:38.4px;--awb-circlecolor:var(--awb-custom17);--awb-circle-yes-font-size:14.08px;\" class=\"fusion-checklist fusion-checklist-1 fusion-checklist-default type-icons\"><li class=\"fusion-li-item\" style=\"\"><span class=\"icon-wrapper circle-yes\"><i class=\"fusion-li-icon fa-file far\" aria-hidden=\"true\"><\/i><\/span><div class=\"fusion-li-item-content\">\n<p><strong>Lasallian Studies 1<br \/>\nLes temps de la s\u00e9cularisation, 1904-1914<\/strong><br \/>\nGeorges RIGAULT<br \/>\nRome, 1991, 307 pp.<\/p>\n<\/div><\/li><li class=\"fusion-li-item\" style=\"\"><span class=\"icon-wrapper circle-yes\"><i class=\"fusion-li-icon fa-file far\" aria-hidden=\"true\"><\/i><\/span><div class=\"fusion-li-item-content\">\n<p><strong>Lasallian Studies 2<\/strong><br \/>\n<strong>Les temps de la s\u00e9cularisation, 1904-1914. Notes et R\u00e9flexions<br \/>\n<\/strong>Divers<strong><br \/>\n<\/strong>Rome, 1991, 206 pp.<\/p>\n<\/div><\/li><li class=\"fusion-li-item\" style=\"\"><span class=\"icon-wrapper circle-yes\"><i class=\"fusion-li-icon fa-file far\" aria-hidden=\"true\"><\/i><\/span><div class=\"fusion-li-item-content\">\n<p><strong>Lasallian Studies 3<br \/>\nLes temps de la s\u00e9cularisation, 1904-1914. La liquidation des biens de la Congr\u00e9gation des Fr\u00e8res des \u00c9coles chr\u00e9tiennes<\/strong><br \/>\nRobert TRONCHOT, FSC<br \/>\nRome, 1992, 272 pp.<\/p>\n<\/div><\/li><li class=\"fusion-li-item\" style=\"\"><span class=\"icon-wrapper circle-yes\"><i class=\"fusion-li-icon fa-file far\" aria-hidden=\"true\"><\/i><\/span><div class=\"fusion-li-item-content\">\n<p><strong>Lasallian Studies 4<br \/>\nTres siglos de identidad lasaliana : la relaci\u00f3n misi\u00f3n-espiritualidad a lo largo de la historia FSC<\/strong><br \/>\nPedro Ma GIL, FSC<br \/>\nRome, 1994, 395 pp.<br \/>\n(translated into English in 1998, and into French in 1999)<\/p>\n<\/div><\/li><li class=\"fusion-li-item\" style=\"\"><span class=\"icon-wrapper circle-yes\"><i class=\"fusion-li-icon fa-file-pdf far\" aria-hidden=\"true\"><\/i><\/span><div class=\"fusion-li-item-content\">\n<p><strong>Lasallian Studies\u00a05<br \/>\nAn Introduction to the History of the Institute of the Brothers of the Christian Schools &#8211; The Eighteenth Century: 1726\u20131804<\/strong><br \/>\nHenri B\u00c9DEL, FSC<br \/>\nRoma, 1998, 207 pp.<br \/>\n(original French edition 1994; English translation 1998)<br \/>\n<a href=\"https:\/\/www.lasalle.org\/wp-content\/uploads\/2020\/10\/EL5_1651-1726-Eng00.pdf\" target=\"_blank\" rel=\"noreferrer noopener\">Lasallian Studies 5<\/a><\/p>\n<\/div><\/li><li class=\"fusion-li-item\" style=\"\"><span class=\"icon-wrapper circle-yes\"><i class=\"fusion-li-icon fa-file-pdf far\" aria-hidden=\"true\"><\/i><\/span><div class=\"fusion-li-item-content\">\n<p><strong>Lasallian Studies\u00a06<\/strong><br \/>\n<strong>An Introduction to the History of the Institute of the Brothers of the Christian Schools &#8211; The Eighteenth Century: 1726\u20131804<\/strong><br \/>\nHenri B\u00c9DEL, FSC<strong><br \/>\n<\/strong>Roma, 2002, 260 pp.<br \/>\n(original French edition 1997; English translation 1998)<br \/>\n<a href=\"https:\/\/www.lasalle.org\/wp-content\/uploads\/2020\/10\/EL6-1726-1804-Eng00.pdf\" target=\"_blank\" rel=\"noreferrer noopener\">Lasallian Studies 6<\/a><\/p>\n<\/div><\/li><li class=\"fusion-li-item\" style=\"\"><span class=\"icon-wrapper circle-yes\"><i class=\"fusion-li-icon fa-file-pdf far\" aria-hidden=\"true\"><\/i><\/span><div class=\"fusion-li-item-content\">\n<p><strong>Lasallian Studies\u00a07<\/strong><br \/>\n<strong>The Institute in the Educational Service of the Poor<\/strong><br \/>\nBruno ALPAGO, FSC<br \/>\nRoma, 2000, 470 pp.<br \/>\n(translated into French and English in 2000)<br \/>\n<a href=\"https:\/\/www.lasalle.org\/wp-content\/uploads\/2020\/10\/EL7-the-institute-in-the-educational-service-of-the-poor00.pdf\" target=\"_blank\" rel=\"noreferrer noopener\">Lasallian Studies 7<\/a><\/p>\n<\/div><\/li><li class=\"fusion-li-item\" style=\"\"><span class=\"icon-wrapper circle-yes\"><i class=\"fusion-li-icon fa-file far\" aria-hidden=\"true\"><\/i><\/span><div class=\"fusion-li-item-content\">\n<p><strong>Lasallian Studies 8<br \/>\n<\/strong><strong>Vie religieuse la\u00efque et vocation de Fr\u00e8re<br \/>\n<\/strong>Michel SAUVAGE, FSC<strong><br \/>\n<\/strong>Rome, 2001, 313 pp.<br \/>\n(Spanish translation, Colombia 2003, 364 pp.)<\/p>\n<\/div><\/li><li class=\"fusion-li-item\" style=\"\"><span class=\"icon-wrapper circle-yes\"><i class=\"fusion-li-icon fa-file-pdf far\" aria-hidden=\"true\"><\/i><\/span><div class=\"fusion-li-item-content\">\n<p><strong>Lasallian Studies 9<br \/>\nAn Introduction to the History of the Institute of the Brothers of the Christian Schools &#8211; The 19th Century (1805\u20131875)<\/strong><br \/>\nHenri B\u00c9DEL, FSC<br \/>\nRoma, 2004, 213 pp.<br \/>\n(original French edition 2001; English translation 2006)<br \/>\n<a href=\"https:\/\/www.lasalle.org\/wp-content\/uploads\/2019\/09\/Lasallian-Studies-9.pdf\">Lasallian Studies 9<\/a><\/p>\n<\/div><\/li><li class=\"fusion-li-item\" style=\"\"><span class=\"icon-wrapper circle-yes\"><i class=\"fusion-li-icon fa-file far\" aria-hidden=\"true\"><\/i><\/span><div class=\"fusion-li-item-content\">\n<p><strong>Lasallian Studies 10<br \/>\n<\/strong><strong>La Vie religieuse: esprit et structure. Recueil d\u2019articles<br \/>\n<\/strong>Michel SAUVAGE, FSC<strong><br \/>\n<\/strong>Rome, 2002, 175 pp.<\/p>\n<\/div><\/li><li class=\"fusion-li-item\" style=\"\"><span class=\"icon-wrapper circle-yes\"><i class=\"fusion-li-icon fa-file-pdf far\" aria-hidden=\"true\"><\/i><\/span><div class=\"fusion-li-item-content\">\n<p><strong>Lasallian Studies 11<br \/>\nAn Introduction to the History of the Institute of the Brothers of the Christian Schools &#8211; The 19th and 20th Centuries (1875\u20131928)<\/strong><br \/>\nRoma, 2006, 300 pp.<br \/>\nHenri B\u00c9DEL, FSC<br \/>\n(original French edition 2004; English translation 2008)<br \/>\n<a href=\"https:\/\/www.lasalle.org\/wp-content\/uploads\/2020\/10\/EL11-1875-1928-Eng00.pdf\" target=\"_blank\" rel=\"noreferrer noopener\">Lasallian Studies 11<\/a><\/p>\n<\/div><\/li><li class=\"fusion-li-item\" style=\"\"><span class=\"icon-wrapper circle-yes\"><i class=\"fusion-li-icon fa-file-pdf far\" aria-hidden=\"true\"><\/i><\/span><div class=\"fusion-li-item-content\">\n<p><strong>Lasallian Studies 12<\/strong><br \/>\n<strong>An Introduction to the History of the Institute of the Brothers of the Christian Schools &#8211; The 20th Century (1928\u20131946)<\/strong><br \/>\nHenri B\u00c9DEL, FSC<br \/>\nRoma, 2008, 143 pp.<br \/>\n(original French edition 2007; English translation 2008)<br \/>\n<a href=\"https:\/\/www.lasalle.org\/wp-content\/uploads\/2019\/09\/Lasallian-Studies-12.pdf\" target=\"_blank\" rel=\"noreferrer noopener\">Lasallian Studies 12<\/a><\/p>\n<\/div><\/li><li class=\"fusion-li-item\" style=\"\"><span class=\"icon-wrapper circle-yes\"><i class=\"fusion-li-icon fa-file-pdf far\" aria-hidden=\"true\"><\/i><\/span><div class=\"fusion-li-item-content\">\n<p><strong>Lasallian Studies\u00a013<\/strong><br \/>\n<strong>The Lasallian Charism<br \/>\n<\/strong>International Council for Lasallian Studies<strong><br \/>\n<\/strong>Roma, 2005, 278 pp.<br \/>\n(original French edition 2005; English translation 2006)<br \/>\n<a href=\"https:\/\/www.lasalle.org\/wp-content\/uploads\/2019\/09\/Lasallian-Studies-13.pdf\" target=\"_blank\" rel=\"noreferrer noopener\">Lasallian Studies 13<\/a><\/p>\n<\/div><\/li><li class=\"fusion-li-item\" style=\"\"><span class=\"icon-wrapper circle-yes\"><i class=\"fusion-li-icon fa-file far\" aria-hidden=\"true\"><\/i><\/span><div class=\"fusion-li-item-content\">\n<p><strong>Lasallian Studies\u00a014<br \/>\nConsagraci\u00f3n y audacia. La Comisi\u00f3n Internacional de los Votos (1971-1976)<\/strong><br \/>\nJosean VILLALABEITIA, FSC<br \/>\nRoma, 2007, 318 pp.<br \/>\n(In spanish only)<\/p>\n<\/div><\/li><li class=\"fusion-li-item\" style=\"\"><span class=\"icon-wrapper circle-yes\"><i class=\"fusion-li-icon fa-file far\" aria-hidden=\"true\"><\/i><\/span><div class=\"fusion-li-item-content\">\n<p><strong>Lasallian Studies 15<br \/>\nUn falso dilema, I. \u00bfReligioso o maestro?<\/strong><br \/>\nJosean VILLALABEITIA, FSC<br \/>\nRoma, 2008, 286 pp.<br \/>\n(In spanish only)<\/p>\n<\/div><\/li><li class=\"fusion-li-item\" style=\"\"><span class=\"icon-wrapper circle-yes\"><i class=\"fusion-li-icon fa-file far\" aria-hidden=\"true\"><\/i><\/span><div class=\"fusion-li-item-content\">\n<p><strong>Lasallian Studies\u00a016<br \/>\nUn falso dilema, II. La respuesta capitular<\/strong><br \/>\nJosean VILLALABEITIA, FSC<br \/>\nRoma, 2008, 264 pp.<br \/>\n(In spanish only)<\/p>\n<\/div><\/li><li class=\"fusion-li-item\" style=\"\"><span class=\"icon-wrapper circle-yes\"><i class=\"fusion-li-icon fa-file far\" aria-hidden=\"true\"><\/i><\/span><div class=\"fusion-li-item-content\">\n<p><strong>Lasallian Studies\u00a017<br \/>\nThat your school runs well &#8211; Approach to Lasallian educational model<\/strong><br \/>\nPedro Ma Gil and Diego Mu\u00f1oz Editors<br \/>\nRome, 2013<br \/>\n<a href=\"https:\/\/www.lasalle.org\/wp-content\/uploads\/2019\/09\/LasallianStudies17_eng1.pdf\">Lasallian Studies 17<\/a><\/p>\n<\/div><\/li><li class=\"fusion-li-item\" style=\"\"><span class=\"icon-wrapper circle-yes\"><i class=\"fusion-li-icon fa-file far\" aria-hidden=\"true\"><\/i><\/span><div class=\"fusion-li-item-content\">\n<p><strong>Lasallian Studies 18<br \/>\nThe Fragile Hope of a Witness The Itinerary of Brother Michel Sauvage (1923-2001)<br \/>\n<\/strong>Michel Sauvage, FSC and Miguel Campos, FSC (with the collaboration of Robert Comte, FSC , Paul Grass, FSC , \u00a0Diego Mu\u00f1oz, FSC)<br \/>\n<a href=\"https:\/\/www.lasalle.org\/wp-content\/uploads\/2019\/09\/LasallianStudies18_versione_online.pdf\" target=\"_blank\" rel=\"noreferrer noopener\">Lasallian Studies 18<\/a><\/p>\n<\/div><\/li><li class=\"fusion-li-item\" style=\"\"><span class=\"icon-wrapper circle-yes\"><i class=\"fusion-li-icon fa-file far\" aria-hidden=\"true\"><\/i><\/span><div class=\"fusion-li-item-content\">\n<p><strong>Lasallian Studies 19<br \/>\nFrom one community to another<br \/>\n<\/strong>Pedro Mar\u00eda Gil<br \/>\n<a href=\"https:\/\/www.lasalle.org\/wp-content\/uploads\/2025\/12\/ENG-Estudios-Lasalianos-T1.pdf\" target=\"_blank\" rel=\"noopener\">Lasallian Studies 19 &#8211; I. A century of signs<\/a><br \/>\n<a href=\"https:\/\/www.lasalle.org\/wp-content\/uploads\/2025\/12\/ENG-Estudios-Lasalianos-T2.pdf\" target=\"_blank\" rel=\"noopener\">Lasallian Studies 19 &#8211; II. The Interior Architecture<\/a><\/p>\n<\/div><\/li><\/ul><div class=\"fusion-separator fusion-full-width-sep\" style=\"align-self: center;margin-left: auto;margin-right: auto;margin-top:15px;margin-bottom:15px;width:100%;\"><div class=\"fusion-separator-border sep-single sep-solid\" style=\"--awb-height:20px;--awb-amount:20px;--awb-sep-color:var(--awb-custom17);border-color:var(--awb-custom17);border-top-width:1px;\"><\/div><\/div><nav class=\"fusion-breadcrumbs fusion-breadcrumbs-1\" style=\"--awb-breadcrumb-sep:&#039;\/&#039;;\" aria-label=\"Breadcrumb\"><ol class=\"awb-breadcrumb-list\"><\/ol><\/nav><\/div><\/div><div class=\"fusion-layout-column fusion_builder_column fusion-builder-column-1 fusion_builder_column_1_4 1_4 fusion-flex-column\" style=\"--awb-bg-size:cover;--awb-width-large:25%;--awb-margin-top-large:0px;--awb-spacing-right-large:7.68%;--awb-margin-bottom-large:20px;--awb-spacing-left-large:7.68%;--awb-width-medium:25%;--awb-order-medium:0;--awb-spacing-right-medium:7.68%;--awb-spacing-left-medium:7.68%;--awb-width-small:100%;--awb-order-small:0;--awb-spacing-right-small:1.92%;--awb-spacing-left-small:1.92%;\"><div class=\"fusion-column-wrapper fusion-column-has-shadow fusion-flex-justify-content-flex-start fusion-content-layout-column\"><div class=\"fusion-title title fusion-title-2 sep-underline sep-solid fusion-title-text fusion-title-size-two\" style=\"--awb-text-color:var(--awb-custom17);--awb-sep-color:var(--awb-custom17);--awb-font-size:22px;\"><h2 class=\"fusion-title-heading title-heading-left\" style=\"margin:0;font-size:1em;\">Latest publication<\/h2><\/div><div class=\"fusion-image-element \" style=\"text-align:center;--awb-caption-title-font-family:var(--h2_typography-font-family);--awb-caption-title-font-weight:var(--h2_typography-font-weight);--awb-caption-title-font-style:var(--h2_typography-font-style);--awb-caption-title-size:var(--h2_typography-font-size);--awb-caption-title-transform:var(--h2_typography-text-transform);--awb-caption-title-line-height:var(--h2_typography-line-height);--awb-caption-title-letter-spacing:var(--h2_typography-letter-spacing);\"><span class=\" fusion-imageframe imageframe-none imageframe-1 hover-type-none\"><a class=\"fusion-no-lightbox\" href=\"https:\/\/www.lasalle.org\/wp-content\/uploads\/2025\/12\/ENG-Estudios-Lasalianos-T1.pdf\" target=\"_blank\" aria-label=\"ENG-Estudios-Lasalianos-T1-1\" rel=\"noopener noreferrer\"><img decoding=\"async\" width=\"400\" height=\"568\" src=\"https:\/\/www.lasalle.org\/wp-content\/uploads\/2025\/12\/ENG-Estudios-Lasalianos-T1-1.jpg\" alt class=\"img-responsive wp-image-122160\" srcset=\"https:\/\/www.lasalle.org\/wp-content\/uploads\/2025\/12\/ENG-Estudios-Lasalianos-T1-1-200x284.jpg 200w, https:\/\/www.lasalle.org\/wp-content\/uploads\/2025\/12\/ENG-Estudios-Lasalianos-T1-1.jpg 400w\" sizes=\"(max-width: 640px) 100vw, 400px\" \/><\/a><\/span><\/div><div class=\"fusion-separator fusion-full-width-sep\" style=\"align-self: center;margin-left: auto;margin-right: auto;margin-top:5px;margin-bottom:5px;width:100%;\"><\/div><div class=\"fusion-image-element \" style=\"text-align:center;--awb-caption-title-font-family:var(--h2_typography-font-family);--awb-caption-title-font-weight:var(--h2_typography-font-weight);--awb-caption-title-font-style:var(--h2_typography-font-style);--awb-caption-title-size:var(--h2_typography-font-size);--awb-caption-title-transform:var(--h2_typography-text-transform);--awb-caption-title-line-height:var(--h2_typography-line-height);--awb-caption-title-letter-spacing:var(--h2_typography-letter-spacing);\"><span class=\" fusion-imageframe imageframe-none imageframe-2 hover-type-none\"><a class=\"fusion-no-lightbox\" href=\"https:\/\/www.lasalle.org\/wp-content\/uploads\/2025\/12\/ENG-Estudios-Lasalianos-T2.pdf\" target=\"_blank\" aria-label=\"ENG-Estudios-Lasalianos-T2-1\" rel=\"noopener noreferrer\"><img decoding=\"async\" width=\"400\" height=\"568\" src=\"https:\/\/www.lasalle.org\/wp-content\/uploads\/2025\/12\/ENG-Estudios-Lasalianos-T2-1.jpg\" alt class=\"img-responsive wp-image-122164\" srcset=\"https:\/\/www.lasalle.org\/wp-content\/uploads\/2025\/12\/ENG-Estudios-Lasalianos-T2-1-200x284.jpg 200w, https:\/\/www.lasalle.org\/wp-content\/uploads\/2025\/12\/ENG-Estudios-Lasalianos-T2-1.jpg 400w\" sizes=\"(max-width: 640px) 100vw, 400px\" \/><\/a><\/span><\/div><div class=\"fusion-separator fusion-full-width-sep\" style=\"align-self: center;margin-left: auto;margin-right: auto;margin-top:15px;margin-bottom:15px;width:100%;\"><div class=\"fusion-separator-border sep-single sep-solid\" style=\"--awb-height:20px;--awb-amount:20px;--awb-sep-color:var(--awb-custom17);border-color:var(--awb-custom17);border-top-width:1px;\"><\/div><\/div><\/div><\/div><\/div><\/div>\n","protected":false},"excerpt":{"rendered":"","protected":false},"author":13,"featured_media":111679,"parent":10459,"menu_order":0,"comment_status":"open","ping_status":"closed","template":"","meta":{"_tec_requires_first_save":true,"_monsterinsights_skip_tracking":false,"_monsterinsights_sitenote_active":false,"_monsterinsights_sitenote_note":"","_monsterinsights_sitenote_category":0,"_EventAllDay":false,"_EventTimezone":"","_EventStartDate":"","_EventEndDate":"","_EventStartDateUTC":"","_EventEndDateUTC":"","_EventShowMap":false,"_EventShowMapLink":false,"_EventURL":"","_EventCost":"","_EventCostDescription":"","_EventCurrencySymbol":"","_EventCurrencyCode":"","_EventCurrencyPosition":"","_EventDateTimeSeparator":"","_EventTimeRangeSeparator":"","_EventOrganizerID":[],"_EventVenueID":[],"_OrganizerEmail":"","_OrganizerPhone":"","_OrganizerWebsite":"","_VenueAddress":"","_VenueCity":"","_VenueCountry":"","_VenueProvince":"","_VenueState":"","_VenueZip":"","_VenuePhone":"","_VenueURL":"","_VenueStateProvince":"","_VenueLat":"","_VenueLng":"","_VenueShowMap":false,"_VenueShowMapLink":false,"_tribe_blocks_recurrence_rules":"","_tribe_blocks_recurrence_description":"","_tribe_blocks_recurrence_exclusions":"","footnotes":""},"class_list":["post-9479","page","type-page","status-publish","has-post-thumbnail","hentry"],"_links":{"self":[{"href":"https:\/\/www.lasalle.org\/en\/wp-json\/wp\/v2\/pages\/9479","targetHints":{"allow":["GET"]}}],"collection":[{"href":"https:\/\/www.lasalle.org\/en\/wp-json\/wp\/v2\/pages"}],"about":[{"href":"https:\/\/www.lasalle.org\/en\/wp-json\/wp\/v2\/types\/page"}],"author":[{"embeddable":true,"href":"https:\/\/www.lasalle.org\/en\/wp-json\/wp\/v2\/users\/13"}],"replies":[{"embeddable":true,"href":"https:\/\/www.lasalle.org\/en\/wp-json\/wp\/v2\/comments?post=9479"}],"version-history":[{"count":5,"href":"https:\/\/www.lasalle.org\/en\/wp-json\/wp\/v2\/pages\/9479\/revisions"}],"predecessor-version":[{"id":123405,"href":"https:\/\/www.lasalle.org\/en\/wp-json\/wp\/v2\/pages\/9479\/revisions\/123405"}],"up":[{"embeddable":true,"href":"https:\/\/www.lasalle.org\/en\/wp-json\/wp\/v2\/pages\/10459"}],"wp:featuredmedia":[{"embeddable":true,"href":"https:\/\/www.lasalle.org\/en\/wp-json\/wp\/v2\/media\/111679"}],"wp:attachment":[{"href":"https:\/\/www.lasalle.org\/en\/wp-json\/wp\/v2\/media?parent=9479"}],"curies":[{"name":"wp","href":"https:\/\/api.w.org\/{rel}","templated":true}]}}