{"id":10523,"date":"2018-12-10T13:35:21","date_gmt":"2018-12-10T13:35:21","guid":{"rendered":"http:\/\/lasalle.vl20054.dinaserver.com\/o%c3%b9-sommes-nous\/"},"modified":"2018-12-10T13:35:21","modified_gmt":"2018-12-10T13:35:21","slug":"o%c3%b9-sommes-nous","status":"publish","type":"page","link":"https:\/\/www.lasalle.org\/fr\/o%c3%b9-sommes-nous\/","title":{"rendered":"O\u00f9 sommes-nous"},"content":{"rendered":"<p><img decoding=\"async\" class=\"aligncenter size-full wp-image-64044\" src=\"http:\/\/www.lasalle.org\/wp-content\/uploads\/2011\/07\/regionilasalliane.jpg\" alt=\"regionilasalliane\" width=\"800\" height=\"464\" \/><\/p>\n<p>Les <strong>Fr\u00e8res des Ecoles Chr\u00e9tiennes<\/strong> (<strong>La Salle<\/strong>) aid\u00e9s de quelque 100.000 coll\u00e8gues la\u00efcs enseignent plus de 1.000.000 \u00e9l\u00e8ves dans 80 pays.<\/p>\n<p>&nbsp;<\/p>\n<p><strong><a title=\"Casa Generalicia\" href=\"http:\/\/www.lasalle.org\/donde-estamos\/casa-generalicia\/\">Maison G\u00e9n\u00e9ralice<\/a><\/strong><br \/>\nLa Maison G\u00e9n\u00e9ralice est la r\u00e9sidence du Fr\u00e8re Sup\u00e9rieur G\u00e9n\u00e9ral\u00a0 et de son Conseil. Elle est aussi le si\u00e8ge du Gouvernement central et des Services G\u00e9n\u00e9raux des Fr\u00e8res des \u00c9coles Chr\u00e9tiennes.<\/p>\n<p>&nbsp;<\/p>\n<p><strong><br \/>\n<\/strong><strong>Afrique<\/strong><br \/>\n<a title=\"Africa (RELAF)\" href=\"\/?page_id=519&amp;page_id=523\">RELAF &#8211; R\u00e9gion Lasallienne Africano-Malgache<\/a><br \/>\n<span style=\"color: #999999;\">B\u00e9nin &#8211; Burkina Faso &#8211; Cameroun &#8211; C\u00f4te d&rsquo;Ivoire &#8211; \u00c9gypte &#8211; Eritrea &#8211; Ethiopia &#8211; Guin\u00e9e &#8211; Guinea Ecuatorial &#8211; Kenya &#8211; La R\u00e9union &#8211; Madagascar &#8211; Mo\u00e7ambique &#8211; Niger &#8211; Nigeria &#8211; R\u00e9p D\u00e9mocratique du Congo &#8211; Rwanda &#8211; Soudan &#8211; Soud Soudan &#8211; South Africa &#8211; Tchad &#8211; Togo<\/span><\/p>\n<p><strong>Am\u00e9rique du Nord<br \/>\n<\/strong><strong><a href=\"\/?page_id=525\">RELAN &#8211; Region Lasaliana\u00a0<strong>Am\u00e9rica del Norte<br \/>\n<\/strong><\/a><\/strong><span style=\"color: #999999;\">Canada &#8211; United States of America<\/span><\/p>\n<p><strong>Am\u00e9rique latine<br \/>\n<a title=\"Am\u00e9rica Latina (RELAL)\" href=\"\/?page_id=4429&amp;page_id=525&amp;page_id=527\">RELAL &#8211; Region Latinoamericana\u00a0Lasallista<\/a><\/strong><br \/>\n<span style=\"color: #999999;\">Argentina &#8211; Bolivia &#8211; Brasil &#8211; Chile &#8211; Colombia (Bogot\u00e1 \u2013 Medell\u00edn) &#8211; Costa Rica &#8211; Cuba &#8211; Ecuador &#8211; Guatemala &#8211; Ha\u00efti &#8211; Honduras &#8211; M\u00e9xico (Norte &#8211; Sur) &#8211; Nicaragua &#8211; Panam\u00e1 &#8211; Paraguay &#8211; Per\u00fa &#8211; Puerto Rico &#8211; Republica Dominicana &#8211; Venenezuela<\/span><\/p>\n<p><strong>Asia y Ocean\u00eda<br \/>\n<a title=\"Asia and Oceania(PARC)\" href=\"\/?page_id=4429&amp;page_id=4311&amp;page_id=4962&amp;page_id=529\">PARC &#8211; Pacific-Asia Regional Conference<\/a><\/strong><br \/>\n<span style=\"color: #999999;\">Australia- China &#8211; India &#8211; Indonesia &#8211; Japan &#8211; Malaysia &#8211; Myanmar &#8211; New Zealand &#8211; Pakistan &#8211; Papua-New Guinea &#8211; Philippines &#8211; Sri Lanka\u00a0&#8211;\u00a0Singapore &#8211; Thailand &#8211; Vietnam<\/span><\/p>\n<p><strong>Europe &#8211; M\u00e9diterran\u00e9e<\/strong><strong><a title=\"Europa-Mediterraneo (RELEM)\" href=\"\/?page_id=4776&amp;page_id=521\">RELEM &#8211; R\u00e9gion Lasallienne Europ\u00e9enne-Mediterran\u00e9enne<\/a><\/strong><br \/>\n<span style=\"color: #999999;\">Allemagne &#8211; Autriche &#8211; Belgique (Norte &#8211; Sud) &#8211; Espa\u00f1a &#8211; France &#8211; England &#8211; Gr\u00e8ce &#8211; Hongrie &#8211; Ireland &#8211; Isra\u00ebl &#8211; Italia &#8211; Jordanie &#8211; Liban &#8211; Malta &#8211; Pays-Bas &#8211; Palestine &#8211; Pologne &#8211; Portugal &#8211; Roumanie &#8211; Scotland &#8211; Slovakia &#8211; Suisse &#8211; Turquie<\/span><\/p>\n<p style=\"text-align: center;\">\n<iframe src=\"http:\/\/maps.google.it\/maps\/ms?msa=0&amp;msid=216990920646466259325.0004b59fc8318ab4a2df8&amp;hl=it&amp;ie=UTF8&amp;t=m&amp;source=embed&amp;ll=9.102097,14.0625&amp;spn=167.806109,90&amp;output=embed\" width=\"600\" height=\"350\" frameborder=\"0\" marginwidth=\"0\" marginheight=\"0\" scrolling=\"no\"><\/iframe><br \/>\n<small>Visualizza <a style=\"color: #0000ff; text-align: left;\" href=\"http:\/\/maps.google.it\/maps\/ms?msa=0&amp;msid=216990920646466259325.0004b59fc8318ab4a2df8&amp;hl=it&amp;ie=UTF8&amp;t=m&amp;source=embed&amp;ll=9.102097,14.0625&amp;spn=167.806109,90\">Regiones y Distritos<\/a>in una mappa di dimensioni maggiori<\/small><\/p>\n","protected":false},"excerpt":{"rendered":"<p>Les Fr\u00e8res des Ecoles Chr\u00e9tiennes (La Salle) aid\u00e9s de quelque  [&#8230;]<\/p>\n","protected":false},"author":13,"featured_media":5537,"parent":0,"menu_order":0,"comment_status":"open","ping_status":"closed","template":"","meta":{"_tec_requires_first_save":true,"_monsterinsights_skip_tracking":false,"_monsterinsights_sitenote_active":false,"_monsterinsights_sitenote_note":"","_monsterinsights_sitenote_category":0,"_EventAllDay":false,"_EventTimezone":"","_EventStartDate":"","_EventEndDate":"","_EventStartDateUTC":"","_EventEndDateUTC":"","_EventShowMap":false,"_EventShowMapLink":false,"_EventURL":"","_EventCost":"","_EventCostDescription":"","_EventCurrencySymbol":"","_EventCurrencyCode":"","_EventCurrencyPosition":"","_EventDateTimeSeparator":"","_EventTimeRangeSeparator":"","_EventOrganizerID":[],"_EventVenueID":[],"_OrganizerEmail":"","_OrganizerPhone":"","_OrganizerWebsite":"","_VenueAddress":"","_VenueCity":"","_VenueCountry":"","_VenueProvince":"","_VenueState":"","_VenueZip":"","_VenuePhone":"","_VenueURL":"","_VenueStateProvince":"","_VenueLat":"","_VenueLng":"","_VenueShowMap":false,"_VenueShowMapLink":false,"_tribe_blocks_recurrence_rules":"","_tribe_blocks_recurrence_description":"","_tribe_blocks_recurrence_exclusions":"","footnotes":""},"class_list":["post-10523","page","type-page","status-publish","has-post-thumbnail","hentry"],"_links":{"self":[{"href":"https:\/\/www.lasalle.org\/fr\/wp-json\/wp\/v2\/pages\/10523","targetHints":{"allow":["GET"]}}],"collection":[{"href":"https:\/\/www.lasalle.org\/fr\/wp-json\/wp\/v2\/pages"}],"about":[{"href":"https:\/\/www.lasalle.org\/fr\/wp-json\/wp\/v2\/types\/page"}],"author":[{"embeddable":true,"href":"https:\/\/www.lasalle.org\/fr\/wp-json\/wp\/v2\/users\/13"}],"replies":[{"embeddable":true,"href":"https:\/\/www.lasalle.org\/fr\/wp-json\/wp\/v2\/comments?post=10523"}],"version-history":[{"count":0,"href":"https:\/\/www.lasalle.org\/fr\/wp-json\/wp\/v2\/pages\/10523\/revisions"}],"wp:featuredmedia":[{"embeddable":true,"href":"https:\/\/www.lasalle.org\/fr\/wp-json\/wp\/v2\/media\/5537"}],"wp:attachment":[{"href":"https:\/\/www.lasalle.org\/fr\/wp-json\/wp\/v2\/media?parent=10523"}],"curies":[{"name":"wp","href":"https:\/\/api.w.org\/{rel}","templated":true}]}}