{"id":10531,"date":"2018-12-10T13:35:21","date_gmt":"2018-12-10T13:35:21","guid":{"rendered":"http:\/\/lasalle.vl20054.dinaserver.com\/st-jean-baptiste-de-la-salle\/"},"modified":"2026-02-27T09:48:01","modified_gmt":"2026-02-27T08:48:01","slug":"st-jean-baptiste-de-la-salle","status":"publish","type":"page","link":"https:\/\/www.lasalle.org\/fr\/saintete-lasallienne\/st-jean-baptiste-de-la-salle\/","title":{"rendered":"St. Jean-Baptiste de La Salle"},"content":{"rendered":"<div class=\"fusion-fullwidth fullwidth-box fusion-builder-row-1 fusion-flex-container has-pattern-background has-mask-background nonhundred-percent-fullwidth non-hundred-percent-height-scrolling\" style=\"--awb-border-radius-top-left:0px;--awb-border-radius-top-right:0px;--awb-border-radius-bottom-right:0px;--awb-border-radius-bottom-left:0px;--awb-flex-wrap:wrap;\" ><div class=\"fusion-builder-row fusion-row fusion-flex-align-items-flex-start fusion-flex-content-wrap\" style=\"max-width:1248px;margin-left: calc(-4% \/ 2 );margin-right: calc(-4% \/ 2 );\"><div class=\"fusion-layout-column fusion_builder_column fusion-builder-column-0 fusion_builder_column_3_4 3_4 fusion-flex-column\" style=\"--awb-bg-size:cover;--awb-width-large:75%;--awb-margin-top-large:0px;--awb-spacing-right-large:2.56%;--awb-margin-bottom-large:20px;--awb-spacing-left-large:2.56%;--awb-width-medium:75%;--awb-order-medium:0;--awb-spacing-right-medium:2.56%;--awb-spacing-left-medium:2.56%;--awb-width-small:100%;--awb-order-small:0;--awb-spacing-right-small:1.92%;--awb-spacing-left-small:1.92%;\"><div class=\"fusion-column-wrapper fusion-column-has-shadow fusion-flex-justify-content-flex-start fusion-content-layout-column\"><div class=\"fusion-title title fusion-title-1 sep-underline sep-solid fusion-title-text fusion-title-size-two\" style=\"--awb-text-color:var(--awb-custom17);--awb-sep-color:var(--awb-custom17);--awb-font-size:22px;\"><h2 class=\"fusion-title-heading title-heading-left\" style=\"margin:0;font-size:1em;\">St. Jean-Baptiste de La Salle<\/h2><\/div><div class=\"fusion-title title fusion-title-2 fusion-sep-none fusion-title-text fusion-title-size-two\" style=\"--awb-text-color:var(--awb-custom17);--awb-sep-color:var(--awb-custom17);--awb-font-size:20px;\"><h2 class=\"fusion-title-heading title-heading-left\" style=\"margin:0;font-size:1em;\"><p class=\"wp-block-heading\">Le Fondateur de l\u2019Institut des Fr\u00e8res des \u00c9coles Chr\u00e9tiennes, Patron des \u00c9ducateurs Chr\u00e9tiens<\/p><\/h2><\/div><div class=\"fusion-separator fusion-full-width-sep\" style=\"align-self: center;margin-left: auto;margin-right: auto;margin-top:10px;margin-bottom:10px;width:100%;\"><\/div><div class=\"fusion-text fusion-text-1\"><p><img decoding=\"async\" class=\"wp-image-50305 alignright\" src=\"https:\/\/www.lasalle.org\/wp-content\/uploads\/2019\/07\/canonico-1.jpg\" alt=\"\" width=\"205\" height=\"300\" srcset=\"https:\/\/www.lasalle.org\/wp-content\/uploads\/2019\/07\/canonico-1-205x300.jpg 205w, https:\/\/www.lasalle.org\/wp-content\/uploads\/2019\/07\/canonico-1.jpg 546w\" sizes=\"(max-width: 205px) 100vw, 205px\" \/>Jean-Baptiste de La Salle est n\u00e9 dans un monde totalement diff\u00e9rent du n\u00f4tre. Il est le premier n\u00e9 de parents ais\u00e9s, vivant en France il y a 300 ans. N\u00e9 \u00e0 Reims, Jean-Baptiste de La Salle re\u00e7ut la tonsure \u00e0 l'\u00e2ge de 11 ans, et fut nomm\u00e9 Chanoine de la Cath\u00e9drale de Reims \u00e0 16 ans.<\/p>\n<p><!-- \/wp:post-content --><\/p>\n<p><!-- wp:paragraph --><\/p>\n<p>A la mort de ses parents, il dut assumer la gestion des affaires familiales, il acheva ses \u00e9tudes de th\u00e9ologie et fut ordonn\u00e9 pr\u00eatre le 9 avril 1678. Deux ans plus tard, il fut re\u00e7u Docteur en Th\u00e9ologie. Ce fut lors de cette p\u00e9riode qu'il tenta de s'engager avec un groupe de jeunes gens rugueux et illettr\u00e9s, dans le but de fonder des \u00e9coles pour gar\u00e7ons pauvres.<\/p>\n<p><!-- \/wp:paragraph --><\/p>\n<p><!-- wp:image  --><\/p>\n<div class=\"wp-block-image\">\n<figure class=\"alignleft is-resized\"><img decoding=\"async\" class=\"wp-image-50310\" src=\"https:\/\/www.lasalle.org\/wp-content\/uploads\/2019\/07\/018-LA-SALLE-et-M-707x1024.jpg\" alt=\"\" width=\"207\" height=\"300\" srcset=\"https:\/\/www.lasalle.org\/wp-content\/uploads\/2019\/07\/018-LA-SALLE-et-M-207x300.jpg 207w, https:\/\/www.lasalle.org\/wp-content\/uploads\/2019\/07\/018-LA-SALLE-et-M-707x1024.jpg 707w, https:\/\/www.lasalle.org\/wp-content\/uploads\/2019\/07\/018-LA-SALLE-et-M-768x1113.jpg 768w, https:\/\/www.lasalle.org\/wp-content\/uploads\/2019\/07\/018-LA-SALLE-et-M.jpg 800w\" sizes=\"(max-width: 207px) 100vw, 207px\" \/><\/figure>\n<\/div>\n<p><!-- \/wp:image --><\/p>\n<p><!-- wp:paragraph --><\/p>\n<p>A ce moment-l\u00e0, seules quelques personnes vivaient luxueusement, mais la majorit\u00e9 vivait dans des conditions d'extr\u00eame pauvret\u00e9 ; les paysans \u00e0 la campagne et les habitants mis\u00e9reux des villes. Seul un petit nombre pouvait envoyer les enfants \u00e0 l'\u00e9cole ; la majorit\u00e9 des enfants n'avait que peu d'espoir en l'avenir.<\/p>\n<p><!-- \/wp:paragraph --><\/p>\n<p><!-- wp:paragraph --><\/p>\n<p>\u00c9mu par la condition de ces pauvres, qui semblaient \u00ab si loin du salut \u00bb dans un monde ou dans l'autre, il prit la d\u00e9cision de mettre ses talents et son \u00e9ducation au service de ces enfants, \u00ab souvent laiss\u00e9s \u00e0 eux-m\u00eames et mal \u00e9lev\u00e9s \u00bb. Pour \u00eatre plus efficace, il renon\u00e7a \u00e0 la maison familiale et emm\u00e9nagea avec des professeurs, renon\u00e7a \u00e0 sa position de Chanoine et \u00e0 sa fortune, puis il forma la communaut\u00e9 aujourd'hui appel\u00e9e <strong>Fr\u00e8res des \u00c9coles Chr\u00e9tiennes<\/strong>.<\/p>\n<\/div><div class=\"fusion-text fusion-text-2\"><p><img decoding=\"async\" class=\"wp-image-50316 alignright\" src=\"https:\/\/www.lasalle.org\/wp-content\/uploads\/2019\/07\/quadro_voti.jpg\" alt=\"\" width=\"205\" height=\"386\" \/>Son entreprise rencontra l'opposition des autorit\u00e9s eccl\u00e9siastiques, qui ne souhaitaient pas la cr\u00e9ation d'une <strong>nouvelle forme de vie religieuse, une communaut\u00e9 de la\u00efques consacr\u00e9s conduisant des \u00e9coles \u00ab\u00a0ensemble et par association\u00a0\u00bb<\/strong>. \u00ab L'establishment \u00e9ducatif\u00bb fut choqu\u00e9 par ses m\u00e9thodes innovatrices et sa volont\u00e9 absolue de gratuit\u00e9 pour tous ; totalement indiff\u00e9rent au fait de savoir si les parents pouvaient payer ou pas.<\/p>\n<p><!-- \/wp:paragraph --><\/p>\n<p><!-- wp:paragraph --><\/p>\n<p>Malgr\u00e9 tout, De La Salle et ses Fr\u00e8res ont r\u00e9ussi, avec succ\u00e8s, \u00e0 cr\u00e9er un r\u00e9seau d'\u00e9coles de qualit\u00e9, caract\u00e9ris\u00e9 par l'utilisation de la langue vernaculaire, par des groupes d'\u00e9l\u00e8ves r\u00e9unis par niveau et r\u00e9sultats, par une instruction religieuse bas\u00e9e sur des th\u00e8mes originels, pr\u00e9par\u00e9e par des professeurs ayant une vocation \u00e0 la fois religieuse et missionnaire, et par l'implication des parents dans l'instruction. De plus, De La Salle fut un pr\u00e9curseur en proposant des programmes pour former des professeurs la\u00efques, des cours les dimanches pour les jeunes ouvriers, et l'une des premi\u00e8res institutions pour la prise en charge de \u00ab d\u00e9linquants \u00bb.<\/p>\n<p><!-- \/wp:paragraph --><\/p>\n<p><!-- wp:image  --><\/p>\n<div class=\"wp-block-image\">\n<figure class=\"alignleft is-resized\"><img decoding=\"async\" class=\"wp-image-50322\" src=\"https:\/\/www.lasalle.org\/wp-content\/uploads\/2019\/07\/MG_9294.jpg\" alt=\"\" width=\"250\" height=\"167\" srcset=\"https:\/\/www.lasalle.org\/wp-content\/uploads\/2019\/07\/MG_9294-300x200.jpg 300w, https:\/\/www.lasalle.org\/wp-content\/uploads\/2019\/07\/MG_9294-768x512.jpg 768w, https:\/\/www.lasalle.org\/wp-content\/uploads\/2019\/07\/MG_9294.jpg 1000w\" sizes=\"(max-width: 250px) 100vw, 250px\" \/><\/figure>\n<\/div>\n<p><!-- \/wp:image --><\/p>\n<p><!-- wp:paragraph --><\/p>\n<p>Harass\u00e9 par une vie faite d'aust\u00e9rit\u00e9s et de labeurs, il mourut \u00e0 Saint Yon, pr\u00e8s de Rouen, en 1719, quelques semaines seulement avant son 68\u00e8me anniversaire. Jean-Baptiste de La Salle est le premier \u00e0 avoir mis en place des centres de formation pour les professeurs, des \u00e9coles d'apprentissage pour les d\u00e9linquants, des \u00e9coles techniques, et des \u00e9coles secondaires pour les langues modernes, les arts et les sciences. Son \u0153uvre s'est r\u00e9pandue tr\u00e8s rapidement en France, et apr\u00e8s sa mort, \u00e0 travers tout le monde.<\/p>\n<p><!-- \/wp:paragraph --><\/p>\n<p><!-- wp:image  --><\/p>\n<div class=\"wp-block-image\">\n<figure class=\"alignright is-resized\"><img decoding=\"async\" class=\"wp-image-50332\" src=\"https:\/\/www.lasalle.org\/wp-content\/uploads\/2019\/07\/LaSalle_Caffaro_002.jpg\" alt=\"\" width=\"144\" height=\"250\" srcset=\"https:\/\/www.lasalle.org\/wp-content\/uploads\/2019\/07\/LaSalle_Caffaro_002-173x300.jpg 173w, https:\/\/www.lasalle.org\/wp-content\/uploads\/2019\/07\/LaSalle_Caffaro_002.jpg 575w\" sizes=\"(max-width: 144px) 100vw, 144px\" \/><\/figure>\n<\/div>\n<p><!-- \/wp:image --><\/p>\n<p><!-- wp:paragraph --><\/p>\n<p>En<strong> 1900, Jean-Baptiste de La Salle fut d\u00e9clar\u00e9 Saint<\/strong>. En 1950, en raison de sa vie et de ses \u00e9crits inspir\u00e9s, il fut fait <strong>Saint Patron de tous ceux travaillant dans le domaine de l'\u00e9ducation<\/strong>. Jean-Baptiste de La Salle a montr\u00e9 comment enseigner et s'occuper des jeunes, comment faire face au manque et \u00e0 la faiblesse avec compassion, comment soutenir, affirmer et gu\u00e9rir. Aujourd'hui, des \u00e9coles lasalliennes existent dans <strong><a href=\"https:\/\/www.lasalle.org\/fr\/dans-le-monde\/\">79 pays autour du monde<\/a><\/strong>.<\/p>\n<\/div><div class=\"fusion-separator fusion-full-width-sep\" style=\"align-self: center;margin-left: auto;margin-right: auto;margin-top:15px;margin-bottom:15px;width:100%;\"><div class=\"fusion-separator-border sep-single sep-solid\" style=\"--awb-height:20px;--awb-amount:20px;--awb-sep-color:var(--awb-custom17);border-color:var(--awb-custom17);border-top-width:1px;\"><\/div><\/div><nav class=\"fusion-breadcrumbs fusion-breadcrumbs-1\" style=\"--awb-breadcrumb-sep:&#039;\/&#039;;\" aria-label=\"Breadcrumb\"><ol class=\"awb-breadcrumb-list\"><\/ol><\/nav><\/div><\/div><div class=\"fusion-layout-column fusion_builder_column fusion-builder-column-1 fusion_builder_column_1_4 1_4 fusion-flex-column\" style=\"--awb-bg-size:cover;--awb-width-large:25%;--awb-margin-top-large:0px;--awb-spacing-right-large:7.68%;--awb-margin-bottom-large:20px;--awb-spacing-left-large:7.68%;--awb-width-medium:25%;--awb-order-medium:0;--awb-spacing-right-medium:7.68%;--awb-spacing-left-medium:7.68%;--awb-width-small:100%;--awb-order-small:0;--awb-spacing-right-small:1.92%;--awb-spacing-left-small:1.92%;\"><div class=\"fusion-column-wrapper fusion-column-has-shadow fusion-flex-justify-content-flex-start fusion-content-layout-column\"><div class=\"fusion-title title fusion-title-3 sep-underline sep-solid fusion-title-text fusion-title-size-two\" style=\"--awb-text-color:var(--awb-custom17);--awb-sep-color:var(--awb-custom17);--awb-font-size:22px;\"><h2 class=\"fusion-title-heading title-heading-left\" style=\"margin:0;font-size:1em;\">Dates importantes<\/h2><\/div><ul style=\"--awb-line-height:27.2px;--awb-icon-width:27.2px;--awb-icon-height:27.2px;--awb-icon-margin:11.2px;--awb-content-margin:38.4px;--awb-circlecolor:var(--awb-custom17);--awb-circle-yes-font-size:14.08px;\" class=\"fusion-checklist fusion-checklist-1 fusion-checklist-default type-icons\"><li class=\"fusion-li-item\" style=\"\"><span class=\"icon-wrapper circle-yes\"><i class=\"fusion-li-icon fa-star-half far\" aria-hidden=\"true\"><\/i><\/span><div class=\"fusion-li-item-content\">\r\n<p>N\u00e9\u00a0\u00e0 Reims, en France, le 30 avril 1651<\/p>\r\n<\/div><\/li><li class=\"fusion-li-item\" style=\"\"><span class=\"icon-wrapper circle-yes\"><i class=\"fusion-li-icon fa-star-half far\" aria-hidden=\"true\"><\/i><\/span><div class=\"fusion-li-item-content\">\r\n<p>Ordonn\u00e9 pr\u00eatre le 9 avril 1678<\/p>\r\n<\/div><\/li><li class=\"fusion-li-item\" style=\"\"><span class=\"icon-wrapper circle-yes\"><i class=\"fusion-li-icon fa-star-half far\" aria-hidden=\"true\"><\/i><\/span><div class=\"fusion-li-item-content\">\r\n<p>D\u00e9c\u00e9d\u00e9 le 7 avril 1719<\/p>\r\n<\/div><\/li><li class=\"fusion-li-item\" style=\"\"><span class=\"icon-wrapper circle-yes\"><i class=\"fusion-li-icon fa-star-half far\" aria-hidden=\"true\"><\/i><\/span><div class=\"fusion-li-item-content\">\r\n<p>B\u00e9atifi\u00e9 le 19 f\u00e9vrier 1888<\/p>\r\n<\/div><\/li><li class=\"fusion-li-item\" style=\"\"><span class=\"icon-wrapper circle-yes\"><i class=\"fusion-li-icon fa-star-half far\" aria-hidden=\"true\"><\/i><\/span><div class=\"fusion-li-item-content\">Your Content Goes Here<\/div><\/li><li class=\"fusion-li-item\" style=\"\"><span class=\"icon-wrapper circle-yes\"><i class=\"fusion-li-icon fa-star-half far\" aria-hidden=\"true\"><\/i><\/span><div class=\"fusion-li-item-content\">\r\n<p>Canonis\u00e9 le 24 mai 1900<\/p>\r\n<\/div><\/li><li class=\"fusion-li-item\" style=\"\"><span class=\"icon-wrapper circle-yes\"><i class=\"fusion-li-icon fa-star-half far\" aria-hidden=\"true\"><\/i><\/span><div class=\"fusion-li-item-content\">\r\n<p>Proclam\u00e9 Patron des \u00c9ducateurs Chr\u00e9tiens le 15 mai 1950<\/p>\r\n<\/div><\/li><li class=\"fusion-li-item\" style=\"\"><span class=\"icon-wrapper circle-yes\"><i class=\"fusion-li-icon fa-star-half far\" aria-hidden=\"true\"><\/i><\/span><div class=\"fusion-li-item-content\">\r\n<p><strong>M\u00e9moire liturgique : 7 avril<\/strong><\/p>\r\n<\/div><\/li><li class=\"fusion-li-item\" style=\"\"><span class=\"icon-wrapper circle-yes\"><i class=\"fusion-li-icon fa-star-half far\" aria-hidden=\"true\"><\/i><\/span><div class=\"fusion-li-item-content\">\r\n<p><strong>Dans l&rsquo;Institut : 15 mai<\/strong><\/p>\r\n<\/div><\/li><\/ul><div class=\"fusion-separator fusion-full-width-sep\" style=\"align-self: center;margin-left: auto;margin-right: auto;margin-top:10px;margin-bottom:10px;width:100%;\"><\/div><div class=\"fusion-title title fusion-title-4 sep-underline sep-solid fusion-title-text fusion-title-size-two\" style=\"--awb-text-color:var(--awb-custom17);--awb-sep-color:var(--awb-custom17);--awb-font-size:22px;\"><h2 class=\"fusion-title-heading title-heading-left\" style=\"margin:0;font-size:1em;\">Textes<\/h2><\/div><ul style=\"--awb-line-height:27.2px;--awb-icon-width:27.2px;--awb-icon-height:27.2px;--awb-icon-margin:11.2px;--awb-content-margin:38.4px;--awb-circlecolor:var(--awb-custom17);--awb-circle-yes-font-size:14.08px;\" class=\"fusion-checklist fusion-checklist-2 fusion-checklist-default type-icons\"><li class=\"fusion-li-item\" style=\"\"><span class=\"icon-wrapper circle-yes\"><i class=\"fusion-li-icon fa-file-alt far\" aria-hidden=\"true\"><\/i><\/span><div class=\"fusion-li-item-content\">\r\n<p><a href=\"https:\/\/www.lasalle.org\/fr\/publications\/ecrits-du-fondateur\/\">\u0152uvres de St. Jean-Baptiste de La Salle<\/a><\/p>\r\n<\/div><\/li><li class=\"fusion-li-item\" style=\"\"><span class=\"icon-wrapper circle-yes\"><i class=\"fusion-li-icon fa-file-pdf far\" aria-hidden=\"true\"><\/i><\/span><div class=\"fusion-li-item-content\">\r\n<p><a href=\"https:\/\/www.lasalle.org\/wp-content\/uploads\/2019\/09\/26-Janvier-TRANSLATION-Reliques-S.-JB-de-LS.pdf\" target=\"_blank\" rel=\"noreferrer noopener\">26 Janvier \u2013 TRANSLATION Reliques S. JBDLS<\/a><\/p>\r\n<\/div><\/li><li class=\"fusion-li-item\" style=\"\"><span class=\"icon-wrapper circle-yes\"><i class=\"fusion-li-icon fa-file-pdf far\" aria-hidden=\"true\"><\/i><\/span><div class=\"fusion-li-item-content\">\r\n<p><a href=\"https:\/\/www.lasalle.org\/wp-content\/uploads\/2019\/09\/15-Mai-Saint-JEAN-BAPTISTE-de-LA-SALLE.pdf\" target=\"_blank\" rel=\"noreferrer noopener\">15 Mai \u2013 Saint JEAN-BAPTISTE de LA SALLE<\/a><\/p>\r\n<\/div><\/li><li class=\"fusion-li-item\" style=\"\"><span class=\"icon-wrapper circle-yes\"><i class=\"fusion-li-icon fa-file-pdf far\" aria-hidden=\"true\"><\/i><\/span><div class=\"fusion-li-item-content\">\r\n<p><a href=\"https:\/\/www.lasalle.org\/wp-content\/uploads\/2019\/09\/17-novembre-DEDICACE-de-l-EGLISE-de-SAINT-JEAN-BAPTISTE-de-LA-SALLE.pdf\" target=\"_blank\" rel=\"noreferrer noopener\">17 novembre \u2013 DEDICACE de l\u2019EGLISE de SAINT JEAN-BAPTISTE de LA SALLE<\/a><\/p>\r\n<\/div><\/li><\/ul><div class=\"fusion-separator fusion-full-width-sep\" style=\"align-self: center;margin-left: auto;margin-right: auto;margin-top:10px;margin-bottom:10px;width:100%;\"><\/div><div class=\"fusion-title title fusion-title-5 sep-underline sep-solid fusion-title-text fusion-title-size-two\" style=\"--awb-text-color:var(--awb-custom17);--awb-sep-color:var(--awb-custom17);--awb-font-size:22px;\"><h2 class=\"fusion-title-heading title-heading-left\" style=\"margin:0;font-size:1em;\">En relation<\/h2><\/div><ul style=\"--awb-line-height:27.2px;--awb-icon-width:27.2px;--awb-icon-height:27.2px;--awb-icon-margin:11.2px;--awb-content-margin:38.4px;--awb-circlecolor:var(--awb-custom17);--awb-circle-yes-font-size:14.08px;\" class=\"fusion-checklist fusion-checklist-3 fusion-checklist-default type-icons\"><li class=\"fusion-li-item\" style=\"\"><span class=\"icon-wrapper circle-yes\"><i class=\"fusion-li-icon fa-file-alt far\" aria-hidden=\"true\"><\/i><\/span><div class=\"fusion-li-item-content\">\r\n<p><a href=\"https:\/\/www.lasalle.org\/fr\/maison-generalice\/museo-la-salle\/\">Museo La Salle<\/a><\/p>\r\n<\/div><\/li><li class=\"fusion-li-item\" style=\"\"><span class=\"icon-wrapper circle-yes\"><i class=\"fusion-li-icon fa-file-alt far\" aria-hidden=\"true\"><\/i><\/span><div class=\"fusion-li-item-content\">\r\n<p><a href=\"https:\/\/www.lasalle.org\/fr\/maison-generalice\/sanctuaire-de-la-salle\/\">Sanctuaire de Saint Jean-Baptiste de La Salle<\/a><\/p>\r\n<\/div><\/li><\/ul><div class=\"fusion-separator fusion-full-width-sep\" style=\"align-self: center;margin-left: auto;margin-right: auto;margin-top:10px;margin-bottom:10px;width:100%;\"><\/div><div class=\"fusion-title title fusion-title-6 sep-underline sep-solid fusion-title-text fusion-title-size-two\" style=\"--awb-text-color:var(--awb-custom17);--awb-sep-color:var(--awb-custom17);--awb-font-size:22px;\"><h2 class=\"fusion-title-heading title-heading-left\" style=\"margin:0;font-size:1em;\">Photos et images<\/h2><\/div><ul style=\"--awb-line-height:27.2px;--awb-icon-width:27.2px;--awb-icon-height:27.2px;--awb-icon-margin:11.2px;--awb-content-margin:38.4px;--awb-circlecolor:var(--awb-custom17);--awb-circle-yes-font-size:14.08px;\" class=\"fusion-checklist fusion-checklist-4 fusion-checklist-default type-icons\"><li class=\"fusion-li-item\" style=\"\"><span class=\"icon-wrapper circle-yes\"><i class=\"fusion-li-icon fa-file-image far\" aria-hidden=\"true\"><\/i><\/span><div class=\"fusion-li-item-content\">\r\n<p><a href=\"https:\/\/goo.gl\/photos\/etUAFR923oqj465a7\" target=\"_blank\" rel=\"noopener\">Images<\/a><\/p>\r\n<\/div><\/li><li class=\"fusion-li-item\" style=\"\"><span class=\"icon-wrapper circle-yes\"><i class=\"fusion-li-icon fa-file-image far\" aria-hidden=\"true\"><\/i><\/span><div class=\"fusion-li-item-content\">\r\n<p><a href=\"https:\/\/photos.google.com\/u\/2\/share\/AF1QipPXGk2C3rTg-GYz6MZQEwVrIroC5lRsjWmoboAf1BbYTXzqVPKu6qMjoD6-xHh2hA?key=LTVkcEZKcVZkMlFfbkdxeDZQMHJnOVF6czhuYU5B\" target=\"_blank\" rel=\"noreferrer noopener\" aria-label=\"Iconografia (abre en una nueva pesta\u00f1a)\">Iconographie<\/a><\/p>\r\n<\/div><\/li><li class=\"fusion-li-item\" style=\"\"><span class=\"icon-wrapper circle-yes\"><i class=\"fusion-li-icon fa-flickr fab\" aria-hidden=\"true\"><\/i><\/span><div class=\"fusion-li-item-content\">\r\n<p><a href=\"https:\/\/flic.kr\/s\/aHskW4xkUo\" target=\"_blank\" rel=\"noopener\">Iconographie lasallienne fondamentale<\/a><\/p>\r\n<\/div><\/li><li class=\"fusion-li-item\" style=\"\"><span class=\"icon-wrapper circle-yes\"><i class=\"fusion-li-icon fa-flickr fab\" aria-hidden=\"true\"><\/i><\/span><div class=\"fusion-li-item-content\">\r\n<p><a href=\"https:\/\/www.flickr.com\/photos\/lasalle_org\/albums\/72157680379991984\" target=\"_blank\" rel=\"noreferrer noopener\">De La Salle<\/a><\/p>\r\n<\/div><\/li><li class=\"fusion-li-item\" style=\"\"><span class=\"icon-wrapper circle-yes\"><i class=\"fusion-li-icon fa-flickr fab\" aria-hidden=\"true\"><\/i><\/span><div class=\"fusion-li-item-content\">\r\n<p><a href=\"https:\/\/www.flickr.com\/photos\/lasalle_org\/albums\/72157680834817935\" target=\"_blank\" rel=\"noreferrer noopener\" aria-label=\"Mostra 80 anni della traslazione delle Reliquie a Roma (abre en una nueva pesta\u00f1a)\">Exposition 80 ans apr\u00e8s le transfert des reliques \u00e0 Rome<\/a><\/p>\r\n<\/div><\/li><li class=\"fusion-li-item\" style=\"\"><span class=\"icon-wrapper circle-yes\"><i class=\"fusion-li-icon fa-flickr fab\" aria-hidden=\"true\"><\/i><\/span><div class=\"fusion-li-item-content\">\r\n<p id=\"yui_3_16_0_1_1751967168270_3697\" class=\"title\"><a href=\"https:\/\/www.flickr.com\/photos\/lasalle_org\/albums\/72157680379550054\/\" target=\"_blank\" rel=\"noopener\">Patron des \u00c9ducateurs<\/a><\/p>\r\n<\/div><\/li><li class=\"fusion-li-item\" style=\"\"><span class=\"icon-wrapper circle-yes\"><i class=\"fusion-li-icon fa-flickr fab\" aria-hidden=\"true\"><\/i><\/span><div class=\"fusion-li-item-content\">\r\n<p><a href=\"https:\/\/www.flickr.com\/photos\/lasalle_org\/albums\/72177720326416824\" target=\"_blank\" rel=\"noopener\">Sanctuaire de La Salle<\/a><\/p>\r\n<\/div><\/li><\/ul><div class=\"fusion-separator fusion-full-width-sep\" style=\"align-self: center;margin-left: auto;margin-right: auto;margin-top:10px;margin-bottom:10px;width:100%;\"><\/div><div class=\"fusion-title title fusion-title-7 sep-underline sep-solid fusion-title-text fusion-title-size-two\" style=\"--awb-text-color:var(--awb-custom17);--awb-sep-color:var(--awb-custom17);--awb-font-size:22px;\"><h2 class=\"fusion-title-heading title-heading-left\" style=\"margin:0;font-size:1em;\">Vid\u00e9o<\/h2><\/div><ul style=\"--awb-line-height:27.2px;--awb-icon-width:27.2px;--awb-icon-height:27.2px;--awb-icon-margin:11.2px;--awb-content-margin:38.4px;--awb-circlecolor:var(--awb-custom17);--awb-circle-yes-font-size:14.08px;\" class=\"fusion-checklist fusion-checklist-5 fusion-checklist-default type-icons\"><li class=\"fusion-li-item\" style=\"\"><span class=\"icon-wrapper circle-yes\"><i class=\"fusion-li-icon fa-youtube fab\" aria-hidden=\"true\"><\/i><\/span><div class=\"fusion-li-item-content\">\r\n<p><a href=\"https:\/\/www.youtube.com\/watch?v=Ikqk-fmLpVg&amp;list=PL01F6549EBDB00699&amp;pp=gAQB\" target=\"_blank\" rel=\"noopener\">Playlist De La Salle<\/a><\/p>\r\n<\/div><\/li><li class=\"fusion-li-item\" style=\"\"><span class=\"icon-wrapper circle-yes\"><i class=\"fusion-li-icon fa-youtube fab\" aria-hidden=\"true\"><\/i><\/span><div class=\"fusion-li-item-content\">\r\n<p><a href=\"https:\/\/www.youtube.com\/watch?v=G9mlfIBEcx0&amp;list=PLZJGg-lyLV4MUvkYYyIP2y8m0Ow5lCJJE&amp;pp=gAQB0gcJCV8EOCosWNin\" target=\"_blank\" rel=\"noopener\">Playlist #300LaSalle<\/a><\/p>\r\n<\/div><\/li><\/ul><div class=\"fusion-separator fusion-full-width-sep\" style=\"align-self: center;margin-left: auto;margin-right: auto;margin-top:15px;margin-bottom:15px;width:100%;\"><div class=\"fusion-separator-border sep-single sep-solid\" style=\"--awb-height:20px;--awb-amount:20px;--awb-sep-color:var(--awb-custom17);border-color:var(--awb-custom17);border-top-width:1px;\"><\/div><\/div><\/div><\/div><\/div><\/div>","protected":false},"excerpt":{"rendered":"","protected":false},"author":13,"featured_media":83925,"parent":10536,"menu_order":0,"comment_status":"closed","ping_status":"closed","template":"","meta":{"_tec_requires_first_save":true,"_monsterinsights_skip_tracking":false,"_monsterinsights_sitenote_active":false,"_monsterinsights_sitenote_note":"","_monsterinsights_sitenote_category":0,"_EventAllDay":false,"_EventTimezone":"","_EventStartDate":"","_EventEndDate":"","_EventStartDateUTC":"","_EventEndDateUTC":"","_EventShowMap":false,"_EventShowMapLink":false,"_EventURL":"","_EventCost":"","_EventCostDescription":"","_EventCurrencySymbol":"","_EventCurrencyCode":"","_EventCurrencyPosition":"","_EventDateTimeSeparator":"","_EventTimeRangeSeparator":"","_EventOrganizerID":[],"_EventVenueID":[],"_OrganizerEmail":"","_OrganizerPhone":"","_OrganizerWebsite":"","_VenueAddress":"","_VenueCity":"","_VenueCountry":"","_VenueProvince":"","_VenueState":"","_VenueZip":"","_VenuePhone":"","_VenueURL":"","_VenueStateProvince":"","_VenueLat":"","_VenueLng":"","_VenueShowMap":false,"_VenueShowMapLink":false,"_tribe_blocks_recurrence_rules":"","_tribe_blocks_recurrence_description":"","_tribe_blocks_recurrence_exclusions":"","footnotes":""},"class_list":["post-10531","page","type-page","status-publish","has-post-thumbnail","hentry"],"_links":{"self":[{"href":"https:\/\/www.lasalle.org\/fr\/wp-json\/wp\/v2\/pages\/10531","targetHints":{"allow":["GET"]}}],"collection":[{"href":"https:\/\/www.lasalle.org\/fr\/wp-json\/wp\/v2\/pages"}],"about":[{"href":"https:\/\/www.lasalle.org\/fr\/wp-json\/wp\/v2\/types\/page"}],"author":[{"embeddable":true,"href":"https:\/\/www.lasalle.org\/fr\/wp-json\/wp\/v2\/users\/13"}],"replies":[{"embeddable":true,"href":"https:\/\/www.lasalle.org\/fr\/wp-json\/wp\/v2\/comments?post=10531"}],"version-history":[{"count":5,"href":"https:\/\/www.lasalle.org\/fr\/wp-json\/wp\/v2\/pages\/10531\/revisions"}],"predecessor-version":[{"id":123171,"href":"https:\/\/www.lasalle.org\/fr\/wp-json\/wp\/v2\/pages\/10531\/revisions\/123171"}],"up":[{"embeddable":true,"href":"https:\/\/www.lasalle.org\/fr\/wp-json\/wp\/v2\/pages\/10536"}],"wp:featuredmedia":[{"embeddable":true,"href":"https:\/\/www.lasalle.org\/fr\/wp-json\/wp\/v2\/media\/83925"}],"wp:attachment":[{"href":"https:\/\/www.lasalle.org\/fr\/wp-json\/wp\/v2\/media?parent=10531"}],"curies":[{"name":"wp","href":"https:\/\/api.w.org\/{rel}","templated":true}]}}