{"id":10535,"date":"2018-12-10T13:35:21","date_gmt":"2018-12-10T13:35:21","guid":{"rendered":"http:\/\/lasalle.vl20054.dinaserver.com\/mus%c3%a9e-de-la-salle\/"},"modified":"2025-12-10T11:22:01","modified_gmt":"2025-12-10T10:22:01","slug":"museo-la-salle","status":"publish","type":"page","link":"https:\/\/www.lasalle.org\/fr\/maison-generalice\/museo-la-salle\/","title":{"rendered":"Museo La Salle"},"content":{"rendered":"<div class=\"fusion-fullwidth fullwidth-box fusion-builder-row-1 fusion-flex-container has-pattern-background has-mask-background nonhundred-percent-fullwidth non-hundred-percent-height-scrolling\" style=\"--awb-border-radius-top-left:0px;--awb-border-radius-top-right:0px;--awb-border-radius-bottom-right:0px;--awb-border-radius-bottom-left:0px;--awb-flex-wrap:wrap;\" ><div class=\"fusion-builder-row fusion-row fusion-flex-align-items-flex-start fusion-flex-content-wrap\" style=\"max-width:1248px;margin-left: calc(-4% \/ 2 );margin-right: calc(-4% \/ 2 );\"><div class=\"fusion-layout-column fusion_builder_column fusion-builder-column-0 fusion_builder_column_3_4 3_4 fusion-flex-column\" style=\"--awb-bg-size:cover;--awb-width-large:75%;--awb-margin-top-large:0px;--awb-spacing-right-large:2.56%;--awb-margin-bottom-large:20px;--awb-spacing-left-large:2.56%;--awb-width-medium:75%;--awb-order-medium:0;--awb-spacing-right-medium:2.56%;--awb-spacing-left-medium:2.56%;--awb-width-small:100%;--awb-order-small:0;--awb-spacing-right-small:1.92%;--awb-spacing-left-small:1.92%;\"><div class=\"fusion-column-wrapper fusion-column-has-shadow fusion-flex-justify-content-flex-start fusion-content-layout-column\"><div class=\"fusion-title title fusion-title-1 sep-underline sep-solid fusion-title-text fusion-title-size-two\" style=\"--awb-text-color:var(--awb-custom17);--awb-sep-color:var(--awb-custom17);--awb-font-size:22px;\"><h2 class=\"fusion-title-heading title-heading-left\" style=\"margin:0;font-size:1em;\">Museo La Salle<\/h2><\/div><div class=\"fusion-title title fusion-title-2 fusion-sep-none fusion-title-text fusion-title-size-two\" style=\"--awb-text-color:var(--awb-custom12);--awb-font-size:22px;\"><h2 class=\"fusion-title-heading title-heading-left\" style=\"margin:0;font-size:1em;\"><p style=\"text-align: center;\"><strong><em>Deux mots, un m\u00eame esprit.<\/em><\/strong><br \/><strong><em>Un dynamisme actuel qui habite dans <\/em><\/strong><strong><em>le c\u0153ur de chaque Lasallien.<\/em><\/strong><br \/><strong><em>Cette exposition est un petit voyage sur la raison d\u2019\u00eatre de notre vocation, de notre mission \u00e9ducative.<\/em><\/strong><\/p><\/h2><\/div><div class=\"fusion-separator fusion-full-width-sep\" style=\"align-self: center;margin-left: auto;margin-right: auto;margin-top:10px;margin-bottom:10px;width:100%;\"><\/div><div class=\"fusion-text fusion-text-1\"><\/p>\n<div class=\"wp-block-image\">\n<figure class=\"alignright is-resized\"><img decoding=\"async\" class=\"wp-image-51144\" src=\"https:\/\/www.lasalle.org\/wp-content\/uploads\/2019\/07\/MG_5628-1-768x1024.jpg\" alt=\"\" width=\"192\" height=\"256\" srcset=\"https:\/\/www.lasalle.org\/wp-content\/uploads\/2019\/07\/MG_5628-1-225x300.jpg 225w, https:\/\/www.lasalle.org\/wp-content\/uploads\/2019\/07\/MG_5628-1-768x1024.jpg 768w\" sizes=\"(max-width: 192px) 100vw, 192px\" \/><\/figure>\n<\/div>\n<p><!-- \/wp:post-content --><\/p>\n<p><!-- wp:paragraph --><\/p>\n<p>C'est sur ces mots que s'ouvre la nouvelle pr\u00e9sentation du Mus\u00e9e La Salle, sous la coordination du fr\u00e8re Diego Mu\u00f1oz, situ\u00e9 dans le hall d'entr\u00e9e de la <a href=\"https:\/\/www.lasalle.org\/fr\/maison-generalice\/\">Maison G\u00e9n\u00e9ralice<\/a>. Il a \u00e9t\u00e9 restructur\u00e9 et rouvert au public le 30 avril 2013, \u00e0 l'occasion de la c\u00e9l\u00e9bration du 362<sup>e<\/sup> anniversaire de la naissance de <a href=\"https:\/\/www.lasalle.org\/fr\/saintete-lasallienne\/st-jean-baptiste-de-la-salle\/\">Jean- Baptiste de La Salle<\/a> \u00e0 Reims, en France.<\/p>\n<p><!-- \/wp:paragraph --><\/p>\n<p><!-- wp:paragraph --><\/p>\n<p>Depuis sa premi\u00e8re \u00e9tape, con\u00e7ue par le Fr\u00e8re Donald Johanson en 2001, le Mus\u00e9e La Salle a des espaces organis\u00e9s chronologiquement et des pi\u00e8ces d'une grande valeur artistique et d\u00e9votionnelle. Parmi eux, on peut citer le portrait dit \u00ab L\u00e9ger \u00bb du Saint Fondateur, de 1734, et les ornements sacerdotaux du P\u00e8re de La Salle, prot\u00e9g\u00e9s par le Fr\u00e8re Vivien (Ren\u00e9 Gaudenne) pendant la R\u00e9volution fran\u00e7aise (cf. CL 40). Il comprend \u00e9galement trois montages audiovisuels : \u00ab La vie de Jean-Baptiste de La Salle \u00bb et \u00ab Une histoire de l'Institut \u00bb, r\u00e9alis\u00e9e par Fr\u00e8re Donald Johanson, et \u00ab Je suis lasallien \u00bb, dont l'auteur est M. Scott Gibb, cr\u00e9\u00e9 d'abord pour le 43<sup>e<\/sup> Chapitre g\u00e9n\u00e9ral et financ\u00e9 par le district de San Francisco.<\/p>\n<p><!-- \/wp:paragraph --><\/p>\n<p><!-- wp:image  --><\/p>\n<div class=\"wp-block-image\">\n<figure class=\"alignleft is-resized\"><img decoding=\"async\" class=\"wp-image-51152\" src=\"https:\/\/www.lasalle.org\/wp-content\/uploads\/2019\/07\/MG_5746-768x1024.jpg\" alt=\"\" width=\"192\" height=\"256\" srcset=\"https:\/\/www.lasalle.org\/wp-content\/uploads\/2019\/07\/MG_5746-225x300.jpg 225w, https:\/\/www.lasalle.org\/wp-content\/uploads\/2019\/07\/MG_5746-768x1024.jpg 768w\" sizes=\"(max-width: 192px) 100vw, 192px\" \/><\/figure>\n<\/div>\n<p><!-- \/wp:image --><\/p>\n<p><!-- wp:paragraph --><\/p>\n<p>Dans l'exposition en cours, le mus\u00e9e vous invite \u00e0 parcourir les \u00e9tapes les plus importantes de la vie du Saint Fondateur, ses \u0153uvres spirituelles et asc\u00e9tiques, sa spiritualit\u00e9, l'\u00e9cole des origines lasallienne, l'\u00e9cole du XVIII<sup>e<\/sup> et XIX<sup>e<\/sup> si\u00e8cles, la saintet\u00e9 lasallienne et la projection internationale de l'Institut des Fr\u00e8res des \u00c9coles Chr\u00e9tiennes dans le monde d'aujourd'hui. Une peinture murale, pr\u00e9par\u00e9e par le Fr\u00e8re Jos\u00e9 David Berbes\u00ed (Venezuela) dans la derni\u00e8re salle du mus\u00e9e, aide le visiteur \u00e0 projeter la mission \u00e9ducative lasallienne vers le futur.<\/p>\n<p><!-- \/wp:paragraph --><\/p>\n<p><!-- wp:image  \/--><\/p>\n<p><!-- wp:paragraph --><\/p>\n<p>Enfin, afin de collaborer \u00e0 la mise \u00e0 jour de la pens\u00e9e lasallienne, le Mus\u00e9e La Salle pr\u00e9pare une exposition temporaire dans les espaces de la <a href=\"https:\/\/www.lasalle.org\/fr\/maison-generalice\/bibliotheque\/\">Biblioth\u00e8que lasallienne<\/a>, situ\u00e9s dans au sous-sol du secteur sud-ouest de la <a href=\"https:\/\/www.lasalle.org\/fr\/maison-generalice\/\">Maison G\u00e9n\u00e9ralice<\/a>. De cette mani\u00e8re, il maintient son engagement \u00e0 faire conna\u00eetre les d\u00e9fis de la mission \u00e9ducative au 21<sup>e<\/sup> si\u00e8cle.<\/p>\n<p><!-- \/wp:paragraph --><!-- \/wp:separator --><\/p>\n<\/div><div class=\"fusion-separator fusion-full-width-sep\" style=\"align-self: center;margin-left: auto;margin-right: auto;margin-top:15px;margin-bottom:15px;width:100%;\"><div class=\"fusion-separator-border sep-single sep-solid\" style=\"--awb-height:20px;--awb-amount:20px;--awb-sep-color:var(--awb-custom17);border-color:var(--awb-custom17);border-top-width:1px;\"><\/div><\/div><nav class=\"fusion-breadcrumbs fusion-breadcrumbs-1\" style=\"--awb-breadcrumb-sep:&#039;\/&#039;;\" aria-label=\"Breadcrumb\"><ol class=\"awb-breadcrumb-list\"><\/ol><\/nav><\/div><\/div><div class=\"fusion-layout-column fusion_builder_column fusion-builder-column-1 fusion_builder_column_1_4 1_4 fusion-flex-column\" style=\"--awb-bg-size:cover;--awb-width-large:25%;--awb-margin-top-large:0px;--awb-spacing-right-large:7.68%;--awb-margin-bottom-large:20px;--awb-spacing-left-large:7.68%;--awb-width-medium:25%;--awb-order-medium:0;--awb-spacing-right-medium:7.68%;--awb-spacing-left-medium:7.68%;--awb-width-small:100%;--awb-order-small:0;--awb-spacing-right-small:1.92%;--awb-spacing-left-small:1.92%;\"><div class=\"fusion-column-wrapper fusion-column-has-shadow fusion-flex-justify-content-flex-start fusion-content-layout-column\"><div class=\"fusion-title title fusion-title-3 sep-underline sep-solid fusion-title-text fusion-title-size-two\" style=\"--awb-text-color:var(--awb-custom17);--awb-sep-color:var(--awb-custom17);--awb-font-size:22px;\"><h2 class=\"fusion-title-heading title-heading-left\" style=\"margin:0;font-size:1em;\">Ressources<\/h2><\/div><ul style=\"--awb-line-height:27.2px;--awb-icon-width:27.2px;--awb-icon-height:27.2px;--awb-icon-margin:11.2px;--awb-content-margin:38.4px;--awb-circlecolor:var(--awb-custom17);--awb-circle-yes-font-size:14.08px;\" class=\"fusion-checklist fusion-checklist-1 fusion-checklist-default type-icons\"><li class=\"fusion-li-item\" style=\"\"><span class=\"icon-wrapper circle-yes\"><i class=\"fusion-li-icon fa-link fas\" aria-hidden=\"true\"><\/i><\/span><div class=\"fusion-li-item-content\">\r\n<p><a href=\"https:\/\/www.museolasalleroma.org\/\" target=\"_blank\" rel=\"noopener\">museolasalleroma.org<\/a><\/p>\r\n<\/div><\/li><\/ul><div class=\"fusion-separator fusion-full-width-sep\" style=\"align-self: center;margin-left: auto;margin-right: auto;margin-top:15px;margin-bottom:15px;width:100%;\"><\/div><div class=\"fusion-title title fusion-title-4 sep-underline sep-solid fusion-title-text fusion-title-size-two\" style=\"--awb-text-color:var(--awb-custom17);--awb-sep-color:var(--awb-custom17);--awb-font-size:22px;\"><h2 class=\"fusion-title-heading title-heading-left\" style=\"margin:0;font-size:1em;\">Expositions temporaires<\/h2><\/div><ul style=\"--awb-line-height:27.2px;--awb-icon-width:27.2px;--awb-icon-height:27.2px;--awb-icon-margin:11.2px;--awb-content-margin:38.4px;--awb-circlecolor:var(--awb-custom17);--awb-circle-yes-font-size:14.08px;\" class=\"fusion-checklist fusion-checklist-2 fusion-checklist-default type-icons\"><li class=\"fusion-li-item\" style=\"\"><span class=\"icon-wrapper circle-yes\"><i class=\"fusion-li-icon fa-file-alt far\" aria-hidden=\"true\"><\/i><\/span><div class=\"fusion-li-item-content\"><\/div><\/li><\/ul><div class=\"fusion-separator fusion-full-width-sep\" style=\"align-self: center;margin-left: auto;margin-right: auto;margin-top:15px;margin-bottom:15px;width:100%;\"><\/div><div class=\"fusion-title title fusion-title-5 sep-underline sep-solid fusion-title-text fusion-title-size-two\" style=\"--awb-text-color:var(--awb-custom17);--awb-sep-color:var(--awb-custom17);--awb-font-size:22px;\"><h2 class=\"fusion-title-heading title-heading-left\" style=\"margin:0;font-size:1em;\">Photos<\/h2><\/div><ul style=\"--awb-line-height:27.2px;--awb-icon-width:27.2px;--awb-icon-height:27.2px;--awb-icon-margin:11.2px;--awb-content-margin:38.4px;--awb-circlecolor:var(--awb-custom17);--awb-circle-yes-font-size:14.08px;\" class=\"fusion-checklist fusion-checklist-3 fusion-checklist-default type-icons\"><li class=\"fusion-li-item\" style=\"\"><span class=\"icon-wrapper circle-yes\"><i class=\"fusion-li-icon fa-flickr fab\" aria-hidden=\"true\"><\/i><\/span><div class=\"fusion-li-item-content\">\r\n<p><a href=\"https:\/\/www.flickr.com\/photos\/lasalle_org\/albums\/72157663500678750\" target=\"_blank\" rel=\"noreferrer noopener\" aria-label=\"Museo La Salle - Pr\u00e9paration 2017\/2018 (abre en una nueva pesta\u00f1a)\">Museo La Salle \u2013 Pr\u00e9paration 2017\/2018<\/a><\/p>\r\n<\/div><\/li><li class=\"fusion-li-item\" style=\"\"><span class=\"icon-wrapper circle-yes\"><i class=\"fusion-li-icon fa-flickr fab\" aria-hidden=\"true\"><\/i><\/span><div class=\"fusion-li-item-content\">\r\n<p><a href=\"https:\/\/www.flickr.com\/photos\/lasalle_org\/albums\/72157668150602532\" target=\"_blank\" rel=\"noreferrer noopener\">Exhibition \u00ab\u00a0Educating for a World of Brothers<\/a><\/p>\r\n<\/div><\/li><li class=\"fusion-li-item\" style=\"\"><span class=\"icon-wrapper circle-yes\"><i class=\"fusion-li-icon fa-flickr fab\" aria-hidden=\"true\"><\/i><\/span><div class=\"fusion-li-item-content\">\r\n<p><a href=\"https:\/\/www.flickr.com\/photos\/lasalle_org\/albums\/72157681384088082\" target=\"_blank\" rel=\"noreferrer noopener\" aria-label=\"Iconographie lasallienne fondamentale (abre en una nueva pesta\u00f1a)\">Iconographie lasallienne fondamentale<\/a><\/p>\r\n<\/div><\/li><li class=\"fusion-li-item\" style=\"\"><span class=\"icon-wrapper circle-yes\"><i class=\"fusion-li-icon fa-flickr fab\" aria-hidden=\"true\"><\/i><\/span><div class=\"fusion-li-item-content\">\r\n<p><a href=\"https:\/\/www.flickr.com\/photos\/lasalle_org\/albums\/72157680834817935\" target=\"_blank\" rel=\"noreferrer noopener\">Mostra 80 anni della traslazione delle Reliquie a Roma<\/a><\/p>\r\n<\/div><\/li><\/ul><div class=\"fusion-separator fusion-full-width-sep\" style=\"align-self: center;margin-left: auto;margin-right: auto;margin-top:15px;margin-bottom:15px;width:100%;\"><div class=\"fusion-separator-border sep-single sep-solid\" style=\"--awb-height:20px;--awb-amount:20px;--awb-sep-color:var(--awb-custom17);border-color:var(--awb-custom17);border-top-width:1px;\"><\/div><\/div><div class=\"fusion-flickr-element loading flickr-1 hover-liftup\" style=\"--awb-column-width:50%;--awb-column-space:10;--awb-md-column-width:25%;--awb-md-column-space:10;--awb-sm-column-width:25%;--awb-sm-column-space:10;\" data-api_key=\"c9d2c2fda03a2ff487cb4769dc0781ea\" data-id=\"84413708@N05\" data-type=\"album\" data-album_id=\"72177720326386025\" data-count=\"10\" data-link_type=\"lightbox\" data-lazy=\"none\">\n\t\t\t\t\t<div class=\"fusion-loading-container fusion-clearfix\">\n\t\t\t\t\t\t<div class=\"fusion-loading-spinner\">\n\t\t\t\t\t\t\t<div class=\"fusion-spinner-1\"><\/div>\n\t\t\t\t\t\t\t<div class=\"fusion-spinner-2\"><\/div>\n\t\t\t\t\t\t\t<div class=\"fusion-spinner-3\"><\/div>\n\t\t\t\t\t\t<\/div>\n\t\t\t\t\t<\/div>\n\t\t\t\t<\/div><div class=\"fusion-separator fusion-full-width-sep\" style=\"align-self: center;margin-left: auto;margin-right: auto;margin-top:15px;margin-bottom:15px;width:100%;\"><div class=\"fusion-separator-border sep-single sep-solid\" style=\"--awb-height:20px;--awb-amount:20px;--awb-sep-color:var(--awb-custom17);border-color:var(--awb-custom17);border-top-width:1px;\"><\/div><\/div><\/div><\/div><\/div><\/div>","protected":false},"excerpt":{"rendered":"","protected":false},"author":13,"featured_media":84116,"parent":56606,"menu_order":0,"comment_status":"open","ping_status":"closed","template":"","meta":{"_tec_requires_first_save":true,"_monsterinsights_skip_tracking":false,"_monsterinsights_sitenote_active":false,"_monsterinsights_sitenote_note":"","_monsterinsights_sitenote_category":0,"_EventAllDay":false,"_EventTimezone":"","_EventStartDate":"","_EventEndDate":"","_EventStartDateUTC":"","_EventEndDateUTC":"","_EventShowMap":false,"_EventShowMapLink":false,"_EventURL":"","_EventCost":"","_EventCostDescription":"","_EventCurrencySymbol":"","_EventCurrencyCode":"","_EventCurrencyPosition":"","_EventDateTimeSeparator":"","_EventTimeRangeSeparator":"","_EventOrganizerID":[],"_EventVenueID":[],"_OrganizerEmail":"","_OrganizerPhone":"","_OrganizerWebsite":"","_VenueAddress":"","_VenueCity":"","_VenueCountry":"","_VenueProvince":"","_VenueState":"","_VenueZip":"","_VenuePhone":"","_VenueURL":"","_VenueStateProvince":"","_VenueLat":"","_VenueLng":"","_VenueShowMap":false,"_VenueShowMapLink":false,"_tribe_blocks_recurrence_rules":"","_tribe_blocks_recurrence_description":"","_tribe_blocks_recurrence_exclusions":"","footnotes":""},"class_list":["post-10535","page","type-page","status-publish","has-post-thumbnail","hentry"],"_links":{"self":[{"href":"https:\/\/www.lasalle.org\/fr\/wp-json\/wp\/v2\/pages\/10535","targetHints":{"allow":["GET"]}}],"collection":[{"href":"https:\/\/www.lasalle.org\/fr\/wp-json\/wp\/v2\/pages"}],"about":[{"href":"https:\/\/www.lasalle.org\/fr\/wp-json\/wp\/v2\/types\/page"}],"author":[{"embeddable":true,"href":"https:\/\/www.lasalle.org\/fr\/wp-json\/wp\/v2\/users\/13"}],"replies":[{"embeddable":true,"href":"https:\/\/www.lasalle.org\/fr\/wp-json\/wp\/v2\/comments?post=10535"}],"version-history":[{"count":5,"href":"https:\/\/www.lasalle.org\/fr\/wp-json\/wp\/v2\/pages\/10535\/revisions"}],"predecessor-version":[{"id":121818,"href":"https:\/\/www.lasalle.org\/fr\/wp-json\/wp\/v2\/pages\/10535\/revisions\/121818"}],"up":[{"embeddable":true,"href":"https:\/\/www.lasalle.org\/fr\/wp-json\/wp\/v2\/pages\/56606"}],"wp:featuredmedia":[{"embeddable":true,"href":"https:\/\/www.lasalle.org\/fr\/wp-json\/wp\/v2\/media\/84116"}],"wp:attachment":[{"href":"https:\/\/www.lasalle.org\/fr\/wp-json\/wp\/v2\/media?parent=10535"}],"curies":[{"name":"wp","href":"https:\/\/api.w.org\/{rel}","templated":true}]}}