{"id":10539,"date":"2018-12-10T13:36:20","date_gmt":"2018-12-10T13:36:20","guid":{"rendered":"http:\/\/lasalle.vl20054.dinaserver.com\/saint-miguel-febres-cordero\/"},"modified":"2025-07-23T10:47:06","modified_gmt":"2025-07-23T08:47:06","slug":"saint-miguel-febres-cordero","status":"publish","type":"page","link":"https:\/\/www.lasalle.org\/fr\/saintete-lasallienne\/saint-miguel-febres-cordero\/","title":{"rendered":"Saint Miguel Febres Cordero"},"content":{"rendered":"<div class=\"fusion-fullwidth fullwidth-box fusion-builder-row-1 fusion-flex-container has-pattern-background has-mask-background nonhundred-percent-fullwidth non-hundred-percent-height-scrolling\" style=\"--awb-border-radius-top-left:0px;--awb-border-radius-top-right:0px;--awb-border-radius-bottom-right:0px;--awb-border-radius-bottom-left:0px;--awb-flex-wrap:wrap;\" ><div class=\"fusion-builder-row fusion-row fusion-flex-align-items-flex-start fusion-flex-content-wrap\" style=\"max-width:1248px;margin-left: calc(-4% \/ 2 );margin-right: calc(-4% \/ 2 );\"><div class=\"fusion-layout-column fusion_builder_column fusion-builder-column-0 fusion_builder_column_3_4 3_4 fusion-flex-column\" style=\"--awb-bg-size:cover;--awb-width-large:75%;--awb-margin-top-large:0px;--awb-spacing-right-large:2.56%;--awb-margin-bottom-large:20px;--awb-spacing-left-large:2.56%;--awb-width-medium:75%;--awb-order-medium:0;--awb-spacing-right-medium:2.56%;--awb-spacing-left-medium:2.56%;--awb-width-small:100%;--awb-order-small:0;--awb-spacing-right-small:1.92%;--awb-spacing-left-small:1.92%;\"><div class=\"fusion-column-wrapper fusion-column-has-shadow fusion-flex-justify-content-flex-start fusion-content-layout-column\"><div class=\"fusion-title title fusion-title-1 sep-underline sep-solid fusion-title-text fusion-title-size-two\" style=\"--awb-text-color:var(--awb-custom17);--awb-sep-color:var(--awb-custom17);--awb-font-size:22px;\"><h2 class=\"fusion-title-heading title-heading-left\" style=\"margin:0;font-size:1em;\">Saint Miguel Febres Cordero<\/h2><\/div><div class=\"fusion-text fusion-text-1\"><p><img decoding=\"async\" class=\"wp-image-8340 alignright\" src=\"http:\/\/www.lasalle.org\/wp-content\/uploads\/2018\/12\/febres_cordero.png\" alt=\"\" width=\"182\" height=\"245\" srcset=\"https:\/\/www.lasalle.org\/wp-content\/uploads\/2018\/12\/febres_cordero-223x300.png 223w, https:\/\/www.lasalle.org\/wp-content\/uploads\/2018\/12\/febres_cordero.png 364w\" sizes=\"(max-width: 182px) 100vw, 182px\" \/>Francisco Febres Cordero na\u00eet dans une famille qui a toujours \u00e9t\u00e9 tr\u00e8s en vue dans la politique en \u00c9quateur. Francisco doit surmonter l&rsquo;opposition de sa famille pour r\u00e9aliser sa vocation de religieux la\u00efc, le premier de nationalit\u00e9 \u00e9quatorienne \u00e0 \u00eatre re\u00e7u dans l&rsquo;Institut.<\/p>\n<p>Francisco doit surmonter l&rsquo;opposition de sa famille pour r\u00e9aliser sa vocation de religieux la\u00efc, le premier de nationalit\u00e9 \u00e9quatorienne \u00e0 \u00eatre re\u00e7u dans l&rsquo;Institut. Le Fr\u00e8re Miguel est un enseignant dou\u00e9 et un \u00e9tudiant appliqu\u00e9. Il n&rsquo;a pas encore vingt ans quand il publie le premier de ses nombreux ouvrages, une grammaire espagnole qui devient bient\u00f4t un classique.<\/p>\n<p><img decoding=\"async\" class=\"alignleft wp-image-50906 size-medium\" src=\"https:\/\/www.lasalle.org\/wp-content\/uploads\/2019\/07\/HMiguelFeb71-300x215.jpg\" alt=\"\" width=\"300\" height=\"215\" srcset=\"https:\/\/www.lasalle.org\/wp-content\/uploads\/2019\/07\/HMiguelFeb71-300x215.jpg 300w, https:\/\/www.lasalle.org\/wp-content\/uploads\/2019\/07\/HMiguelFeb71.jpg 511w\" sizes=\"(max-width: 300px) 100vw, 300px\" \/>Au cours des ann\u00e9es, ses recherches et ses publications dans le domaine de la litt\u00e9rature et de la linguistique le met en contact avec des experts du monde entier et il devient membre d&rsquo;Acad\u00e9mies nationales de l&rsquo;\u00c9quateur et d&rsquo;Espagne. Malgr\u00e9 ces distinctions acad\u00e9miques, l&rsquo;enseignement reste pour lui une priorit\u00e9, en particulier les classes de religion et la pr\u00e9paration des gar\u00e7ons \u00e0 la premi\u00e8re communion.<\/p>\n<\/div><div class=\"fusion-text fusion-text-2\"><p><img decoding=\"async\" class=\"wp-image-50910 alignright\" src=\"https:\/\/www.lasalle.org\/wp-content\/uploads\/2019\/07\/beat_mutien_miguel01-830x1024.jpg\" alt=\"\" width=\"137\" height=\"168\" srcset=\"https:\/\/www.lasalle.org\/wp-content\/uploads\/2019\/07\/beat_mutien_miguel01-243x300.jpg 243w, https:\/\/www.lasalle.org\/wp-content\/uploads\/2019\/07\/beat_mutien_miguel01-768x948.jpg 768w, https:\/\/www.lasalle.org\/wp-content\/uploads\/2019\/07\/beat_mutien_miguel01-830x1024.jpg 830w\" sizes=\"(max-width: 137px) 100vw, 137px\" \/>Ses \u00e9l\u00e8ves admirent sa simplicit\u00e9, sa franchise, l&rsquo;attention qu&rsquo;il leur porte et l&rsquo;intensit\u00e9 de sa d\u00e9votion au Sacr\u00e9-Coeur et \u00e0 la Vierge Marie. En 1907, il est appel\u00e9 en Belgique pour travailler \u00e0 la traduction en espagnol de textes \u00e0 l&rsquo;usage des Fr\u00e8res r\u00e9cemment exil\u00e9s de France. Sa sant\u00e9, toujours d\u00e9licate, a du mal \u00e0 s&rsquo;adapter aux rigueurs du climat europ\u00e9en. Transf\u00e9r\u00e9 au petit noviciat de Premia de Mar, en Espagne, il veille, lors des troubles r\u00e9volutionnaires en 1909, \u00e0 l&rsquo;\u00e9vacuation par mer, vers Barcelone, des jeunes dont il est charg\u00e9. Peu de temps apr\u00e8s, il leur est possible de rentrer \u00e0 Premi\u00e0 de Mar. Peu apr\u00e8s, il contracte une pneumonie et il meurt \u00e0 Premi\u00e0 de Mar, laissant apr\u00e8s lui une r\u00e9putation de savant, de p\u00e9dagogue et de saint.<\/p>\n<\/div><div class=\"fusion-text fusion-text-3\"><p><div class=\"video-shortcode\"><iframe title=\"San Miguel Febres Cordero | Saint Miguel Febres Cordero\" width=\"1200\" height=\"675\" src=\"https:\/\/www.youtube.com\/embed\/qZ5daQ8r5GI?feature=oembed\" frameborder=\"0\" allow=\"accelerometer; autoplay; clipboard-write; encrypted-media; gyroscope; picture-in-picture; web-share\" referrerpolicy=\"strict-origin-when-cross-origin\" allowfullscreen><\/iframe><\/div><\/p>\n<\/div><div class=\"fusion-separator fusion-full-width-sep\" style=\"align-self: center;margin-left: auto;margin-right: auto;margin-top:15px;margin-bottom:15px;width:100%;\"><div class=\"fusion-separator-border sep-single sep-solid\" style=\"--awb-height:20px;--awb-amount:20px;--awb-sep-color:var(--awb-custom17);border-color:var(--awb-custom17);border-top-width:1px;\"><\/div><\/div><nav class=\"fusion-breadcrumbs fusion-breadcrumbs-1\" style=\"--awb-breadcrumb-sep:&#039;\/&#039;;\" aria-label=\"Breadcrumb\"><ol class=\"awb-breadcrumb-list\"><\/ol><\/nav><\/div><\/div><div class=\"fusion-layout-column fusion_builder_column fusion-builder-column-1 fusion_builder_column_1_4 1_4 fusion-flex-column\" style=\"--awb-bg-size:cover;--awb-width-large:25%;--awb-margin-top-large:0px;--awb-spacing-right-large:7.68%;--awb-margin-bottom-large:20px;--awb-spacing-left-large:7.68%;--awb-width-medium:25%;--awb-order-medium:0;--awb-spacing-right-medium:7.68%;--awb-spacing-left-medium:7.68%;--awb-width-small:100%;--awb-order-small:0;--awb-spacing-right-small:1.92%;--awb-spacing-left-small:1.92%;\"><div class=\"fusion-column-wrapper fusion-column-has-shadow fusion-flex-justify-content-flex-start fusion-content-layout-column\"><div class=\"fusion-title title fusion-title-2 sep-underline sep-solid fusion-title-text fusion-title-size-two\" style=\"--awb-text-color:var(--awb-custom17);--awb-sep-color:var(--awb-custom17);--awb-font-size:22px;\"><h2 class=\"fusion-title-heading title-heading-left\" style=\"margin:0;font-size:1em;\">Dates importantes<\/h2><\/div><ul style=\"--awb-line-height:27.2px;--awb-icon-width:27.2px;--awb-icon-height:27.2px;--awb-icon-margin:11.2px;--awb-content-margin:38.4px;--awb-circlecolor:var(--awb-custom17);--awb-circle-yes-font-size:14.08px;\" class=\"fusion-checklist fusion-checklist-1 fusion-checklist-default type-icons\"><li class=\"fusion-li-item\" style=\"\"><span class=\"icon-wrapper circle-yes\"><i class=\"fusion-li-icon fa-star-half far\" aria-hidden=\"true\"><\/i><\/span><div class=\"fusion-li-item-content\">\n<p><strong>M\u00e9moire liturgique : 9 F\u00e9vrier<\/strong><\/p>\n<\/div><\/li><li class=\"fusion-li-item\" style=\"\"><span class=\"icon-wrapper circle-yes\"><i class=\"fusion-li-icon fa-star-half far\" aria-hidden=\"true\"><\/i><\/span><div class=\"fusion-li-item-content\">\n<p>N\u00e9 \u00e0 Cuenca, \u00c9quateur, le 7 novembre 1854<\/p>\n<\/div><\/li><li class=\"fusion-li-item\" style=\"\"><span class=\"icon-wrapper circle-yes\"><i class=\"fusion-li-icon fa-star-half far\" aria-hidden=\"true\"><\/i><\/span><div class=\"fusion-li-item-content\">\n<p>Entr\u00e9 au noviciat le 24 mars 1868<\/p>\n<\/div><\/li><li class=\"fusion-li-item\" style=\"\"><span class=\"icon-wrapper circle-yes\"><i class=\"fusion-li-icon fa-star-half far\" aria-hidden=\"true\"><\/i><\/span><div class=\"fusion-li-item-content\">\n<p>Mort le 9 f\u00e9vrier 1910<\/p>\n<\/div><\/li><li class=\"fusion-li-item\" style=\"\"><span class=\"icon-wrapper circle-yes\"><i class=\"fusion-li-icon fa-star-half far\" aria-hidden=\"true\"><\/i><\/span><div class=\"fusion-li-item-content\">\n<p>B\u00e9atifi\u00e9 le 30 octobre 1977<\/p>\n<\/div><\/li><li class=\"fusion-li-item\" style=\"\"><span class=\"icon-wrapper circle-yes\"><i class=\"fusion-li-icon fa-star-half far\" aria-hidden=\"true\"><\/i><\/span><div class=\"fusion-li-item-content\">\n<p>Canonis\u00e9 le 21 octobre 1984<\/p>\n<\/div><\/li><\/ul><div class=\"fusion-separator fusion-full-width-sep\" style=\"align-self: center;margin-left: auto;margin-right: auto;margin-top:15px;margin-bottom:15px;width:100%;\"><\/div><div class=\"fusion-title title fusion-title-3 sep-underline sep-solid fusion-title-text fusion-title-size-two\" style=\"--awb-text-color:var(--awb-custom17);--awb-sep-color:var(--awb-custom17);--awb-font-size:22px;\"><h2 class=\"fusion-title-heading title-heading-left\" style=\"margin:0;font-size:1em;\">Ressources<\/h2><\/div><ul style=\"--awb-line-height:27.2px;--awb-icon-width:27.2px;--awb-icon-height:27.2px;--awb-icon-margin:11.2px;--awb-content-margin:38.4px;--awb-circlecolor:var(--awb-custom17);--awb-circle-yes-font-size:14.08px;\" class=\"fusion-checklist fusion-checklist-2 fusion-checklist-default type-icons\"><li class=\"fusion-li-item\" style=\"\"><span class=\"icon-wrapper circle-yes\"><i class=\"fusion-li-icon fa-file-image far\" aria-hidden=\"true\"><\/i><\/span><div class=\"fusion-li-item-content\">\n<p><a href=\"https:\/\/goo.gl\/photos\/eogsD8W2uTX6ADB96\" target=\"_blank\" rel=\"noopener\">Images<\/a><\/p>\n<\/div><\/li><li class=\"fusion-li-item\" style=\"\"><span class=\"icon-wrapper circle-yes\"><i class=\"fusion-li-icon fa-file-pdf far\" aria-hidden=\"true\"><\/i><\/span><div class=\"fusion-li-item-content\">\n<p><a href=\"https:\/\/www.lasalle.org\/wp-content\/uploads\/2019\/09\/9-F%C3%A9vrier-Saint-MICHEL-FEBRES-CORDERO-1.pdf\" target=\"_blank\" rel=\"noreferrer noopener\">9 F\u00e9vrier \u2013 Texte liturgiques<\/a><br \/>\nagr\u00e8\u00e8s par la Congr\u00e9gation pour le Culte Divin et la Discipline des Sacrements<\/p>\n<\/div><\/li><\/ul><div class=\"fusion-separator fusion-full-width-sep\" style=\"align-self: center;margin-left: auto;margin-right: auto;margin-top:15px;margin-bottom:15px;width:100%;\"><div class=\"fusion-separator-border sep-single sep-solid\" style=\"--awb-height:20px;--awb-amount:20px;--awb-sep-color:var(--awb-custom17);border-color:var(--awb-custom17);border-top-width:1px;\"><\/div><\/div><\/div><\/div><\/div><\/div>\n","protected":false},"excerpt":{"rendered":"","protected":false},"author":13,"featured_media":112094,"parent":10536,"menu_order":0,"comment_status":"open","ping_status":"closed","template":"","meta":{"_tec_requires_first_save":true,"_monsterinsights_skip_tracking":false,"_monsterinsights_sitenote_active":false,"_monsterinsights_sitenote_note":"","_monsterinsights_sitenote_category":0,"_EventAllDay":false,"_EventTimezone":"","_EventStartDate":"","_EventEndDate":"","_EventStartDateUTC":"","_EventEndDateUTC":"","_EventShowMap":false,"_EventShowMapLink":false,"_EventURL":"","_EventCost":"","_EventCostDescription":"","_EventCurrencySymbol":"","_EventCurrencyCode":"","_EventCurrencyPosition":"","_EventDateTimeSeparator":"","_EventTimeRangeSeparator":"","_EventOrganizerID":[],"_EventVenueID":[],"_OrganizerEmail":"","_OrganizerPhone":"","_OrganizerWebsite":"","_VenueAddress":"","_VenueCity":"","_VenueCountry":"","_VenueProvince":"","_VenueState":"","_VenueZip":"","_VenuePhone":"","_VenueURL":"","_VenueStateProvince":"","_VenueLat":"","_VenueLng":"","_VenueShowMap":false,"_VenueShowMapLink":false,"_tribe_blocks_recurrence_rules":"","_tribe_blocks_recurrence_description":"","_tribe_blocks_recurrence_exclusions":"","footnotes":""},"class_list":["post-10539","page","type-page","status-publish","has-post-thumbnail","hentry"],"_links":{"self":[{"href":"https:\/\/www.lasalle.org\/fr\/wp-json\/wp\/v2\/pages\/10539","targetHints":{"allow":["GET"]}}],"collection":[{"href":"https:\/\/www.lasalle.org\/fr\/wp-json\/wp\/v2\/pages"}],"about":[{"href":"https:\/\/www.lasalle.org\/fr\/wp-json\/wp\/v2\/types\/page"}],"author":[{"embeddable":true,"href":"https:\/\/www.lasalle.org\/fr\/wp-json\/wp\/v2\/users\/13"}],"replies":[{"embeddable":true,"href":"https:\/\/www.lasalle.org\/fr\/wp-json\/wp\/v2\/comments?post=10539"}],"version-history":[{"count":5,"href":"https:\/\/www.lasalle.org\/fr\/wp-json\/wp\/v2\/pages\/10539\/revisions"}],"predecessor-version":[{"id":116096,"href":"https:\/\/www.lasalle.org\/fr\/wp-json\/wp\/v2\/pages\/10539\/revisions\/116096"}],"up":[{"embeddable":true,"href":"https:\/\/www.lasalle.org\/fr\/wp-json\/wp\/v2\/pages\/10536"}],"wp:featuredmedia":[{"embeddable":true,"href":"https:\/\/www.lasalle.org\/fr\/wp-json\/wp\/v2\/media\/112094"}],"wp:attachment":[{"href":"https:\/\/www.lasalle.org\/fr\/wp-json\/wp\/v2\/media?parent=10539"}],"curies":[{"name":"wp","href":"https:\/\/api.w.org\/{rel}","templated":true}]}}