{"id":10543,"date":"2018-12-10T13:36:20","date_gmt":"2018-12-10T13:36:20","guid":{"rendered":"http:\/\/lasalle.vl20054.dinaserver.com\/bienheureux-martyrs-dalmeria\/"},"modified":"2025-07-28T09:20:58","modified_gmt":"2025-07-28T07:20:58","slug":"bienheureux-martyrs-dalmeria","status":"publish","type":"page","link":"https:\/\/www.lasalle.org\/fr\/saintete-lasallienne\/bienheureux-martyrs-dalmeria\/","title":{"rendered":"Bienheureux Martyrs d&rsquo;Alm\u00e9ria"},"content":{"rendered":"<div class=\"fusion-fullwidth fullwidth-box fusion-builder-row-1 fusion-flex-container has-pattern-background has-mask-background nonhundred-percent-fullwidth non-hundred-percent-height-scrolling\" style=\"--awb-border-radius-top-left:0px;--awb-border-radius-top-right:0px;--awb-border-radius-bottom-right:0px;--awb-border-radius-bottom-left:0px;--awb-flex-wrap:wrap;\" ><div class=\"fusion-builder-row fusion-row fusion-flex-align-items-flex-start fusion-flex-content-wrap\" style=\"max-width:1248px;margin-left: calc(-4% \/ 2 );margin-right: calc(-4% \/ 2 );\"><div class=\"fusion-layout-column fusion_builder_column fusion-builder-column-0 fusion_builder_column_3_4 3_4 fusion-flex-column\" style=\"--awb-bg-size:cover;--awb-width-large:75%;--awb-margin-top-large:0px;--awb-spacing-right-large:2.56%;--awb-margin-bottom-large:20px;--awb-spacing-left-large:2.56%;--awb-width-medium:75%;--awb-order-medium:0;--awb-spacing-right-medium:2.56%;--awb-spacing-left-medium:2.56%;--awb-width-small:100%;--awb-order-small:0;--awb-spacing-right-small:1.92%;--awb-spacing-left-small:1.92%;\"><div class=\"fusion-column-wrapper fusion-column-has-shadow fusion-flex-justify-content-flex-start fusion-content-layout-column\"><div class=\"fusion-title title fusion-title-1 sep-underline sep-solid fusion-title-text fusion-title-size-two\" style=\"--awb-text-color:var(--awb-custom17);--awb-sep-color:var(--awb-custom17);--awb-font-size:22px;\"><h2 class=\"fusion-title-heading title-heading-left\" style=\"margin:0;font-size:1em;\">Bienheureux Fr\u00e8res Martyrs d&rsquo;Alm\u00e9ria<\/h2><\/div><div class=\"fusion-text fusion-text-1\"><p><img decoding=\"async\" class=\"alignright size-medium wp-image-8408\" src=\"https:\/\/www.lasalle.org\/wp-content\/uploads\/2018\/12\/almeria-223x300.png\" alt=\"\" width=\"223\" height=\"300\" srcset=\"https:\/\/www.lasalle.org\/wp-content\/uploads\/2018\/12\/almeria-223x300.png 223w, https:\/\/www.lasalle.org\/wp-content\/uploads\/2018\/12\/almeria.png 364w\" sizes=\"(max-width: 223px) 100vw, 223px\" \/>CAUSA<em>\u00a0DIDACUS VENTAJA MILAN\u2026et SOCII<\/em><\/p>\n<p><em>La Cause groupe 2 \u00e9v\u0207ques (Didacus Ventaja Mil\u00e1n, Emmanuel Medina Olmos) et<\/em>\u00a0<strong>7 FEC<\/strong><em>.<\/em>\u00a0En 1936 il y avait 19 Fr\u00e8res des Ecoles Chr\u00e9tiennes dans la ville de Almer\u00eda : 15 travaillaient au coll\u00e8ge San Jos\u00e9 et 4 \u00e0 l\u2019\u00e9cole Las Chocillas.<\/p>\n<p>Sept ont \u00e9t\u00e9 choisis par Dieu pour \u00eatre glorifi\u00e9s par la palme du martyre.<\/p>\n<p>Ils sont morts dans deux circonstances diff\u00e9rentes et \u00e0 des dates diff\u00e9rentes de l\u2019ann\u00e9e 1936, mais de la m\u00eame mani\u00e8re: ils ont \u00e9t\u00e9 transport\u00e9s dans un camion jusqu\u2019\u00e0 la r\u00e9gion de Tabernas, \u00e0 un endroit appel\u00e9 \u00ab\u00a0Venta de los Yesos\u00a0\u00bb, o\u00f9 il y avait des puits secs et abandonn\u00e9s.<\/p>\n<p>Ce sont les Fr\u00e8res :<\/p>\n<\/div><div class=\"fusion-text fusion-text-2\"><p><strong><img decoding=\"async\" class=\"wp-image-50440 alignleft\" src=\"https:\/\/www.lasalle.org\/wp-content\/uploads\/2019\/07\/edmigio.png\" sizes=\"(max-width: 60px) 100vw, 60px\" srcset=\"https:\/\/www.lasalle.org\/wp-content\/uploads\/2019\/07\/edmigio-202x300.png 202w, https:\/\/www.lasalle.org\/wp-content\/uploads\/2019\/07\/edmigio.png 579w\" alt=\"\" width=\"60\" height=\"89\" \/>Fr\u00e8re Edmigio<\/strong>\u00a0(Isidoro Primo Rodr\u00edguez Gonz\u00e1lez) ans 55<br \/>\nN\u00e9 \u00e0 Adalia, Espagne, le 4 avril 1881<br \/>\nEntr\u00e9 au noviciat le 8 octobre 1898<\/p>\n<\/div><div class=\"fusion-text fusion-text-3\"><p><strong><img decoding=\"async\" class=\"wp-image-50444 alignleft\" src=\"https:\/\/www.lasalle.org\/wp-content\/uploads\/2019\/07\/amalio.png\" sizes=\"(max-width: 60px) 100vw, 60px\" srcset=\"https:\/\/www.lasalle.org\/wp-content\/uploads\/2019\/07\/amalio-202x300.png 202w, https:\/\/www.lasalle.org\/wp-content\/uploads\/2019\/07\/amalio.png 579w\" alt=\"\" width=\"60\" height=\"89\" \/>Fr\u00e8re Amalio<\/strong>\u00a0(Justo Zariquiegui Mendoza) ans 50<br \/>\nN\u00e9 \u00e0 Salinas de Oro, Espagne, le 6 ao\u00fbt 1886<br \/>\nEntr\u00e9 au noviciat le 13 septembre 1902<\/p>\n<\/div><div class=\"fusion-text fusion-text-4\"><p><strong><img decoding=\"async\" class=\"wp-image-50449 alignleft\" src=\"https:\/\/www.lasalle.org\/wp-content\/uploads\/2019\/07\/vbernardo.png\" sizes=\"(max-width: 60px) 100vw, 60px\" srcset=\"https:\/\/www.lasalle.org\/wp-content\/uploads\/2019\/07\/vbernardo-202x300.png 202w, https:\/\/www.lasalle.org\/wp-content\/uploads\/2019\/07\/vbernardo.png 579w\" alt=\"\" width=\"60\" height=\"89\" \/>Fr\u00e8re Valerio Bernardo<\/strong>\u00a0(Marciano Herrero Mart\u00ednez) ans 27<br \/>\nN\u00e9 \u00e0 Porquera, Espagne, le 11 juillet 1909<br \/>\nEntr\u00e9 au noviciat le 1er f\u00e9vrier 1926<\/p>\n<\/div><div class=\"fusion-text fusion-text-5\"><p><strong><img decoding=\"async\" class=\"wp-image-50468 alignleft\" src=\"https:\/\/www.lasalle.org\/wp-content\/uploads\/2019\/07\/tjoaquin.png\" sizes=\"(max-width: 60px) 100vw, 60px\" srcset=\"https:\/\/www.lasalle.org\/wp-content\/uploads\/2019\/07\/tjoaquin-202x300.png 202w, https:\/\/www.lasalle.org\/wp-content\/uploads\/2019\/07\/tjoaquin.png 579w\" alt=\"\" width=\"60\" height=\"89\" \/>Fr\u00e8re Teodomiro Joaqu\u00edn<\/strong>\u00a0(Adri\u00e1n S\u00e1iz S\u00e1iz) ans 29<br \/>\nN\u00e9 \u00e0 Puentedey, Espagne, le 8 septembre 1907<br \/>\nEntr\u00e9 au noviciat le 15 ao\u00fbt 1923.<\/p>\n<\/div><div class=\"fusion-text fusion-text-6\"><p class=\"has-text-align-left\"><strong><img decoding=\"async\" class=\"wp-image-50473 alignleft\" src=\"https:\/\/www.lasalle.org\/wp-content\/uploads\/2019\/07\/ericardo.png\" sizes=\"(max-width: 60px) 100vw, 60px\" srcset=\"https:\/\/www.lasalle.org\/wp-content\/uploads\/2019\/07\/ericardo-202x300.png 202w, https:\/\/www.lasalle.org\/wp-content\/uploads\/2019\/07\/ericardo.png 579w\" alt=\"\" width=\"60\" height=\"89\" \/>Fr\u00e8re Evencio Ricardo<\/strong>\u00a0(Eusebio Alonso Uyarra) ans 29<br \/>\nN\u00e9 \u00e0 Viloria, Espagne, le 5 mars 1907<br \/>\nEntr\u00e9 au noviciat le 2 f\u00e9vrier 1923<\/p>\n<\/div><div class=\"fusion-text fusion-text-7\"><p><strong><img decoding=\"async\" class=\"wp-image-50460 alignleft\" src=\"https:\/\/www.lasalle.org\/wp-content\/uploads\/2019\/07\/amaria.png\" sizes=\"(max-width: 60px) 100vw, 60px\" srcset=\"https:\/\/www.lasalle.org\/wp-content\/uploads\/2019\/07\/amaria-202x300.png 202w, https:\/\/www.lasalle.org\/wp-content\/uploads\/2019\/07\/amaria.png 579w\" alt=\"\" width=\"60\" height=\"89\" \/>Fr\u00e8re Aurelio Mar\u00eda<\/strong>\u00a0(Bienvenido Villal\u00f3n Acebr\u00f3n) ans 46<br \/>\nN\u00e9 \u00e0 Zafra de Z\u00e1ncara, Espagne, le 22 mars 1890<br \/>\nEntr\u00e9 au noviciat le 22 ao\u00fbt 1906<\/p>\n<\/div><div class=\"fusion-text fusion-text-8\"><p><strong><img decoding=\"async\" class=\"wp-image-50456 alignleft\" src=\"https:\/\/www.lasalle.org\/wp-content\/uploads\/2019\/07\/jcecilio.png\" sizes=\"(max-width: 60px) 100vw, 60px\" srcset=\"https:\/\/www.lasalle.org\/wp-content\/uploads\/2019\/07\/jcecilio-202x300.png 202w, https:\/\/www.lasalle.org\/wp-content\/uploads\/2019\/07\/jcecilio.png 579w\" alt=\"\" width=\"60\" height=\"89\" \/>Fr\u00e8re Jos\u00e9 Cecilio<\/strong>\u00a0(Bonifacio Rodr\u00edguez Gonz\u00e1lez) ans 51<br \/>\nN\u00e9 le 14 mai 1885, el La Molina de Ubierna, Espagne<br \/>\nEntr\u00e9 au noviciat le 21 novembre 1901<\/p>\n<\/div><div class=\"fusion-separator fusion-full-width-sep\" style=\"align-self: center;margin-left: auto;margin-right: auto;margin-top:15px;margin-bottom:15px;width:100%;\"><div class=\"fusion-separator-border sep-single sep-solid\" style=\"--awb-height:20px;--awb-amount:20px;--awb-sep-color:var(--awb-custom17);border-color:var(--awb-custom17);border-top-width:1px;\"><\/div><\/div><nav class=\"fusion-breadcrumbs fusion-breadcrumbs-1\" style=\"--awb-breadcrumb-sep:&#039;\/&#039;;\" aria-label=\"Breadcrumb\"><ol class=\"awb-breadcrumb-list\"><\/ol><\/nav><\/div><\/div><div class=\"fusion-layout-column fusion_builder_column fusion-builder-column-1 fusion_builder_column_1_4 1_4 fusion-flex-column\" style=\"--awb-bg-size:cover;--awb-width-large:25%;--awb-margin-top-large:0px;--awb-spacing-right-large:7.68%;--awb-margin-bottom-large:20px;--awb-spacing-left-large:7.68%;--awb-width-medium:25%;--awb-order-medium:0;--awb-spacing-right-medium:7.68%;--awb-spacing-left-medium:7.68%;--awb-width-small:100%;--awb-order-small:0;--awb-spacing-right-small:1.92%;--awb-spacing-left-small:1.92%;\"><div class=\"fusion-column-wrapper fusion-column-has-shadow fusion-flex-justify-content-flex-start fusion-content-layout-column\"><div class=\"fusion-title title fusion-title-2 sep-underline sep-solid fusion-title-text fusion-title-size-two\" style=\"--awb-text-color:var(--awb-custom17);--awb-sep-color:var(--awb-custom17);--awb-font-size:22px;\"><h2 class=\"fusion-title-heading title-heading-left\" style=\"margin:0;font-size:1em;\">Dates importantes<\/h2><\/div><ul style=\"--awb-line-height:27.2px;--awb-icon-width:27.2px;--awb-icon-height:27.2px;--awb-icon-margin:11.2px;--awb-content-margin:38.4px;--awb-circlecolor:var(--awb-custom17);--awb-circle-yes-font-size:14.08px;\" class=\"fusion-checklist fusion-checklist-1 fusion-checklist-default type-icons\"><li class=\"fusion-li-item\" style=\"\"><span class=\"icon-wrapper circle-yes\"><i class=\"fusion-li-icon fa-star-half far\" aria-hidden=\"true\"><\/i><\/span><div class=\"fusion-li-item-content\">\n<p><strong>F\u00eate liturgique : 6 novembre<\/strong><\/p>\n<\/div><\/li><li class=\"fusion-li-item\" style=\"\"><span class=\"icon-wrapper circle-yes\"><i class=\"fusion-li-icon fa-star-half far\" aria-hidden=\"true\"><\/i><\/span><div class=\"fusion-li-item-content\">\n<p>10\/10\/1993 : B\u00e9atification \u2013 S.S. Jean-Paul II<\/p>\n<\/div><\/li><\/ul><div class=\"fusion-separator fusion-full-width-sep\" style=\"align-self: center;margin-left: auto;margin-right: auto;margin-top:10px;margin-bottom:10px;width:100%;\"><div class=\"fusion-separator-border sep-single sep-solid\" style=\"--awb-height:20px;--awb-amount:20px;--awb-sep-color:var(--awb-custom17);border-color:var(--awb-custom17);border-top-width:1px;\"><\/div><\/div><div class=\"fusion-title title fusion-title-3 sep-underline sep-solid fusion-title-text fusion-title-size-two\" style=\"--awb-text-color:var(--awb-custom17);--awb-sep-color:var(--awb-custom17);--awb-font-size:22px;\"><h2 class=\"fusion-title-heading title-heading-left\" style=\"margin:0;font-size:1em;\">Dates importantes<\/h2><\/div><ul style=\"--awb-line-height:27.2px;--awb-icon-width:27.2px;--awb-icon-height:27.2px;--awb-icon-margin:11.2px;--awb-content-margin:38.4px;--awb-circlecolor:var(--awb-custom17);--awb-circle-yes-font-size:14.08px;\" class=\"fusion-checklist fusion-checklist-2 fusion-checklist-default type-icons\"><li class=\"fusion-li-item\" style=\"\"><span class=\"icon-wrapper circle-yes\"><i class=\"fusion-li-icon fa-file-image far\" aria-hidden=\"true\"><\/i><\/span><div class=\"fusion-li-item-content\">\n<p><a href=\"https:\/\/goo.gl\/photos\/KefTsVMPDPkpNKht8\" target=\"_blank\" rel=\"noreferrer noopener\">Images<\/a><\/p>\n<\/div><\/li><\/ul><div class=\"fusion-separator fusion-full-width-sep\" style=\"align-self: center;margin-left: auto;margin-right: auto;margin-top:15px;margin-bottom:15px;width:100%;\"><div class=\"fusion-separator-border sep-single sep-solid\" style=\"--awb-height:20px;--awb-amount:20px;--awb-sep-color:var(--awb-custom17);border-color:var(--awb-custom17);border-top-width:1px;\"><\/div><\/div><\/div><\/div><\/div><\/div>\n","protected":false},"excerpt":{"rendered":"","protected":false},"author":13,"featured_media":112244,"parent":10536,"menu_order":0,"comment_status":"open","ping_status":"closed","template":"","meta":{"_tec_requires_first_save":true,"_monsterinsights_skip_tracking":false,"_monsterinsights_sitenote_active":false,"_monsterinsights_sitenote_note":"","_monsterinsights_sitenote_category":0,"_EventAllDay":false,"_EventTimezone":"","_EventStartDate":"","_EventEndDate":"","_EventStartDateUTC":"","_EventEndDateUTC":"","_EventShowMap":false,"_EventShowMapLink":false,"_EventURL":"","_EventCost":"","_EventCostDescription":"","_EventCurrencySymbol":"","_EventCurrencyCode":"","_EventCurrencyPosition":"","_EventDateTimeSeparator":"","_EventTimeRangeSeparator":"","_EventOrganizerID":[],"_EventVenueID":[],"_OrganizerEmail":"","_OrganizerPhone":"","_OrganizerWebsite":"","_VenueAddress":"","_VenueCity":"","_VenueCountry":"","_VenueProvince":"","_VenueState":"","_VenueZip":"","_VenuePhone":"","_VenueURL":"","_VenueStateProvince":"","_VenueLat":"","_VenueLng":"","_VenueShowMap":false,"_VenueShowMapLink":false,"_tribe_blocks_recurrence_rules":"","_tribe_blocks_recurrence_description":"","_tribe_blocks_recurrence_exclusions":"","footnotes":""},"class_list":["post-10543","page","type-page","status-publish","has-post-thumbnail","hentry"],"_links":{"self":[{"href":"https:\/\/www.lasalle.org\/fr\/wp-json\/wp\/v2\/pages\/10543","targetHints":{"allow":["GET"]}}],"collection":[{"href":"https:\/\/www.lasalle.org\/fr\/wp-json\/wp\/v2\/pages"}],"about":[{"href":"https:\/\/www.lasalle.org\/fr\/wp-json\/wp\/v2\/types\/page"}],"author":[{"embeddable":true,"href":"https:\/\/www.lasalle.org\/fr\/wp-json\/wp\/v2\/users\/13"}],"replies":[{"embeddable":true,"href":"https:\/\/www.lasalle.org\/fr\/wp-json\/wp\/v2\/comments?post=10543"}],"version-history":[{"count":5,"href":"https:\/\/www.lasalle.org\/fr\/wp-json\/wp\/v2\/pages\/10543\/revisions"}],"predecessor-version":[{"id":116544,"href":"https:\/\/www.lasalle.org\/fr\/wp-json\/wp\/v2\/pages\/10543\/revisions\/116544"}],"up":[{"embeddable":true,"href":"https:\/\/www.lasalle.org\/fr\/wp-json\/wp\/v2\/pages\/10536"}],"wp:featuredmedia":[{"embeddable":true,"href":"https:\/\/www.lasalle.org\/fr\/wp-json\/wp\/v2\/media\/112244"}],"wp:attachment":[{"href":"https:\/\/www.lasalle.org\/fr\/wp-json\/wp\/v2\/media?parent=10543"}],"curies":[{"name":"wp","href":"https:\/\/api.w.org\/{rel}","templated":true}]}}