{"id":10544,"date":"2018-12-10T13:36:20","date_gmt":"2018-12-10T13:36:20","guid":{"rendered":"http:\/\/lasalle.vl20054.dinaserver.com\/bienheureux-martyrs-de-rochefort\/"},"modified":"2025-07-23T14:13:51","modified_gmt":"2025-07-23T12:13:51","slug":"bienheureux-martyrs-de-rochefort","status":"publish","type":"page","link":"https:\/\/www.lasalle.org\/fr\/saintete-lasallienne\/bienheureux-martyrs-de-rochefort\/","title":{"rendered":"Bienheureux Martyrs de Rochefort"},"content":{"rendered":"<div class=\"fusion-fullwidth fullwidth-box fusion-builder-row-1 fusion-flex-container has-pattern-background has-mask-background nonhundred-percent-fullwidth non-hundred-percent-height-scrolling\" style=\"--awb-border-radius-top-left:0px;--awb-border-radius-top-right:0px;--awb-border-radius-bottom-right:0px;--awb-border-radius-bottom-left:0px;--awb-flex-wrap:wrap;\" ><div class=\"fusion-builder-row fusion-row fusion-flex-align-items-flex-start fusion-flex-content-wrap\" style=\"max-width:1248px;margin-left: calc(-4% \/ 2 );margin-right: calc(-4% \/ 2 );\"><div class=\"fusion-layout-column fusion_builder_column fusion-builder-column-0 fusion_builder_column_3_4 3_4 fusion-flex-column\" style=\"--awb-bg-size:cover;--awb-width-large:75%;--awb-margin-top-large:0px;--awb-spacing-right-large:2.56%;--awb-margin-bottom-large:20px;--awb-spacing-left-large:2.56%;--awb-width-medium:75%;--awb-order-medium:0;--awb-spacing-right-medium:2.56%;--awb-spacing-left-medium:2.56%;--awb-width-small:100%;--awb-order-small:0;--awb-spacing-right-small:1.92%;--awb-spacing-left-small:1.92%;\"><div class=\"fusion-column-wrapper fusion-column-has-shadow fusion-flex-justify-content-flex-start fusion-content-layout-column\"><div class=\"fusion-title title fusion-title-1 sep-underline sep-solid fusion-title-text fusion-title-size-two\" style=\"--awb-text-color:var(--awb-custom17);--awb-sep-color:var(--awb-custom17);--awb-font-size:22px;\"><h2 class=\"fusion-title-heading title-heading-left\" style=\"margin:0;font-size:1em;\">Bienheureux Martyrs de Rochefort<\/h2><\/div><div class=\"fusion-text fusion-text-1\"><div class=\"wp-block-image\">\n<figure class=\"alignright is-resized\"><img decoding=\"async\" class=\"wp-image-8425\" src=\"http:\/\/www.lasalle.org\/wp-content\/uploads\/2018\/12\/rochefort.png\" alt=\"\" width=\"182\" height=\"245\" srcset=\"https:\/\/www.lasalle.org\/wp-content\/uploads\/2018\/12\/rochefort-223x300.png 223w, https:\/\/www.lasalle.org\/wp-content\/uploads\/2018\/12\/rochefort.png 364w\" sizes=\"(max-width: 182px) 100vw, 182px\" \/><\/figure>\n<p>Le dimanche 1er octobre 1995, Sa Saintet\u00e9 Jean Paul II a b\u00e9atifi\u00e9 64 martyrs : le pr\u00eatre Jean-Baptiste Souzy, Vicaire g\u00e9n\u00e9ral de La Rochelle, et 63 compagnons, parmi les nombreux autres, qui moururent victimes des souffrances endur\u00e9es pour la foi pendant la R\u00e9volution Fran\u00e7aise.<\/p>\n<p><!-- \/wp:post-content --><\/p>\n<p><!-- wp:paragraph --><\/p>\n<p>On les appelle \u00ab\u00a0les martyrs des pontons de Rochefort\u00a0\u00bb parce que c'est dans ces bateaux qu'ils furent retenus prisonniers. Le nom de ponton est donn\u00e9 \u00e0 de vieux bateaux qui \u00e9taient utilis\u00e9s comme d\u00e9p\u00f4ts, h\u00f4pitaux ou prisons.<\/p>\n<p><!-- \/wp:paragraph --><\/p>\n<p><!-- wp:paragraph --><\/p>\n<p>Il y avait deux de ces bateaux qui servaient de prison: \u00ab\u00a0Les Deux Associ\u00e9s\u00a0\u00bb et le \u00ab\u00a0Washington\u00a0\u00bb et ils \u00e9taient ancr\u00e9s \u00e0 Rochefort, l\u00e0 o\u00f9 la rivi\u00e8re Charente se jette dans la mer, dans la r\u00e9gion de La Rochelle.<\/p>\n<p><!-- \/wp:paragraph --><\/p>\n<p><!-- wp:image  --><\/p>\n<div class=\"wp-block-image\">\n<figure class=\"alignleft is-resized\"><img decoding=\"async\" class=\"wp-image-50486\" src=\"https:\/\/www.lasalle.org\/wp-content\/uploads\/2019\/07\/66393817_p.jpg\" alt=\"\" width=\"184\" height=\"300\" srcset=\"https:\/\/www.lasalle.org\/wp-content\/uploads\/2019\/07\/66393817_p-184x300.jpg 184w, https:\/\/www.lasalle.org\/wp-content\/uploads\/2019\/07\/66393817_p.jpg 245w\" sizes=\"(max-width: 184px) 100vw, 184px\" \/><\/figure>\n<\/div>\n<p><!-- \/wp:image --><\/p>\n<p><!-- wp:paragraph --><\/p>\n<p>Il y eut, en tout, 827 prisonniers, dont 542 moururent durant les mois de captivit\u00e9 qu'ils pass\u00e8rent sur les pontons entre le 11 avril 1794 et le 7 f\u00e9vrier 1795. Tous eurent \u00e0 endurer de terribles souffrances et vexations pour leur foi et ils moururent en cons\u00e9quence de ces mauvais traitements. Les 285 survivants furent lib\u00e9r\u00e9s le 12 f\u00e9vrier 1795 et ils purent rentrer dans leurs lieux d'origine. Certains d'entre eux ont laiss\u00e9 des t\u00e9moignages \u00e9crits des exemples h\u00e9ro\u00efques de leurs compagnons de martyre, qui ont permis de pr\u00e9parer les proc\u00e8s de b\u00e9atification et canonisation de ces derniers.<\/p>\n<p><!-- \/wp:paragraph --><\/p>\n<p><!-- wp:paragraph --><\/p>\n<p>Parmi les prisonniers des pontons, il y avait sept Fr\u00e8res des \u00c9coles Chr\u00e9tiennes : Roger, L\u00e9on, Uldaric, Pierre-Christophe, Donat-Joseph, Avertin et Jugon. Les trois derniers surv\u00e9curent et furent lib\u00e9r\u00e9s le 12 f\u00e9vrier 1795. Les quatre premiers moururent en prison, mais dans le groupe de ceux qui ont \u00e9t\u00e9 b\u00e9atifi\u00e9s, seuls les Fr\u00e8res Roger, L\u00e9on et Uldaric sont inscrits. Les informations au sujet du quatri\u00e8me, le Fr\u00e8re Pierre-Christophe manquant, il ne fut pas inclus dans le groupe.<\/p>\n<\/div>\n<\/div><div class=\"fusion-text fusion-text-2\"><p><!-- wp:image  --><\/p>\n<div class=\"wp-block-image\">\n<figure class=\"alignright is-resized\"><img decoding=\"async\" class=\"wp-image-50497\" src=\"https:\/\/www.lasalle.org\/wp-content\/uploads\/2019\/07\/rochefort.png\" alt=\"\" width=\"204\" height=\"250\" srcset=\"https:\/\/www.lasalle.org\/wp-content\/uploads\/2019\/07\/rochefort-245x300.png 245w, https:\/\/www.lasalle.org\/wp-content\/uploads\/2019\/07\/rochefort-768x942.png 768w, https:\/\/www.lasalle.org\/wp-content\/uploads\/2019\/07\/rochefort.png 815w\" sizes=\"(max-width: 204px) 100vw, 204px\" \/><\/figure>\n<\/div>\n<p><!-- \/wp:image --><\/p>\n<p><!-- wp:paragraph --><\/p>\n<p><strong>Bienheureux Fr\u00e8re Roger<\/strong> (Pierre-Sulpice-Christophe Faverge)<br \/>N\u00e9 \u00e0 Orl\u00e9ans, France, le 25 juillet 1745<br \/>Entr\u00e9 au noviciat en 1767<\/p>\n<p><!-- \/wp:paragraph --><\/p>\n<p><!-- wp:paragraph --><\/p>\n<p><strong>Bienheureux Fr\u00e8re Uldaric<\/strong> (Jean-Baptiste Guillaume)<br \/>N\u00e9 \u00e0 Fraisans, France, le 1er f\u00e9vrier 1755<br \/>Entr\u00e9 au noviciat le 16 octobre 1785<\/p>\n<p><!-- \/wp:paragraph --><\/p>\n<p><!-- wp:paragraph --><\/p>\n<p><strong>Bienheureux Fr\u00e8re L\u00e9on<\/strong> (Jean Mopinot)<br \/>N\u00e9 \u00e0 Reims, France, le 12 septembre 1724<br \/>Entr\u00e9 au noviciat le 14 janvier 1744<\/p>\n<\/div><div class=\"fusion-separator fusion-full-width-sep\" style=\"align-self: center;margin-left: auto;margin-right: auto;margin-top:15px;margin-bottom:15px;width:100%;\"><div class=\"fusion-separator-border sep-single sep-solid\" style=\"--awb-height:20px;--awb-amount:20px;--awb-sep-color:var(--awb-custom17);border-color:var(--awb-custom17);border-top-width:1px;\"><\/div><\/div><nav class=\"fusion-breadcrumbs fusion-breadcrumbs-1\" style=\"--awb-breadcrumb-sep:&#039;\/&#039;;\" aria-label=\"Breadcrumb\"><ol class=\"awb-breadcrumb-list\"><\/ol><\/nav><\/div><\/div><div class=\"fusion-layout-column fusion_builder_column fusion-builder-column-1 fusion_builder_column_1_4 1_4 fusion-flex-column\" style=\"--awb-bg-size:cover;--awb-width-large:25%;--awb-margin-top-large:0px;--awb-spacing-right-large:7.68%;--awb-margin-bottom-large:20px;--awb-spacing-left-large:7.68%;--awb-width-medium:25%;--awb-order-medium:0;--awb-spacing-right-medium:7.68%;--awb-spacing-left-medium:7.68%;--awb-width-small:100%;--awb-order-small:0;--awb-spacing-right-small:1.92%;--awb-spacing-left-small:1.92%;\"><div class=\"fusion-column-wrapper fusion-column-has-shadow fusion-flex-justify-content-flex-start fusion-content-layout-column\"><div class=\"fusion-title title fusion-title-2 sep-underline sep-solid fusion-title-text fusion-title-size-two\" style=\"--awb-text-color:var(--awb-custom17);--awb-sep-color:var(--awb-custom17);--awb-font-size:22px;\"><h2 class=\"fusion-title-heading title-heading-left\" style=\"margin:0;font-size:1em;\">Dates importantes<\/h2><\/div><ul style=\"--awb-line-height:27.2px;--awb-icon-width:27.2px;--awb-icon-height:27.2px;--awb-icon-margin:11.2px;--awb-content-margin:38.4px;--awb-circlecolor:var(--awb-custom17);--awb-circle-yes-font-size:14.08px;\" class=\"fusion-checklist fusion-checklist-1 fusion-checklist-default type-icons\"><li class=\"fusion-li-item\" style=\"\"><span class=\"icon-wrapper circle-yes\"><i class=\"fusion-li-icon fa-star-half far\" aria-hidden=\"true\"><\/i><\/span><div class=\"fusion-li-item-content\"><p><strong>M\u00e9moire liturgique : 2 Septembre<\/strong><\/p><\/div><\/li><li class=\"fusion-li-item\" style=\"\"><span class=\"icon-wrapper circle-yes\"><i class=\"fusion-li-icon fa-star-half far\" aria-hidden=\"true\"><\/i><\/span><div class=\"fusion-li-item-content\">Morts martyrs en 1794<\/div><\/li><li class=\"fusion-li-item\" style=\"\"><span class=\"icon-wrapper circle-yes\"><i class=\"fusion-li-icon fa-star-half far\" aria-hidden=\"true\"><\/i><\/span><div class=\"fusion-li-item-content\">B\u00e9atifi\u00e9s le 1er octobre 1995<\/div><\/li><\/ul><div class=\"fusion-separator fusion-full-width-sep\" style=\"align-self: center;margin-left: auto;margin-right: auto;margin-top:15px;margin-bottom:15px;width:100%;\"><\/div><div class=\"fusion-title title fusion-title-3 sep-underline sep-solid fusion-title-text fusion-title-size-two\" style=\"--awb-text-color:var(--awb-custom17);--awb-sep-color:var(--awb-custom17);--awb-font-size:22px;\"><h2 class=\"fusion-title-heading title-heading-left\" style=\"margin:0;font-size:1em;\">Ressources<\/h2><\/div><ul style=\"--awb-line-height:27.2px;--awb-icon-width:27.2px;--awb-icon-height:27.2px;--awb-icon-margin:11.2px;--awb-content-margin:38.4px;--awb-circlecolor:var(--awb-custom17);--awb-circle-yes-font-size:14.08px;\" class=\"fusion-checklist fusion-checklist-2 fusion-checklist-default type-icons\"><li class=\"fusion-li-item\" style=\"\"><span class=\"icon-wrapper circle-yes\"><i class=\"fusion-li-icon fa-file-image far\" aria-hidden=\"true\"><\/i><\/span><div class=\"fusion-li-item-content\">\r\n<p><a href=\"https:\/\/goo.gl\/photos\/C58m3EJ3YKvYXYMS6\" target=\"_blank\" rel=\"noreferrer noopener\">Images<\/a><\/p>\r\n<\/div><\/li><li class=\"fusion-li-item\" style=\"\"><span class=\"icon-wrapper circle-yes\"><i class=\"fusion-li-icon fa-file-pdf far\" aria-hidden=\"true\"><\/i><\/span><div class=\"fusion-li-item-content\">\r\n<p><a href=\"https:\/\/www.lasalle.org\/wp-content\/uploads\/2019\/09\/2-Septembre-BB.-SALOMON-ROGER-et-Compagnons.-Martyrs-1.pdf\" target=\"_blank\" rel=\"noreferrer noopener\">2 Septembre \u2013 Texte liturgique<\/a><br \/>agr\u00e8\u00e8s par la Congr\u00e9gation pour le Culte Divin et la Discipline des Sacrements<\/p>\r\n<\/div><\/li><\/ul><div class=\"fusion-separator fusion-full-width-sep\" style=\"align-self: center;margin-left: auto;margin-right: auto;margin-top:15px;margin-bottom:15px;width:100%;\"><div class=\"fusion-separator-border sep-single sep-solid\" style=\"--awb-height:20px;--awb-amount:20px;--awb-sep-color:var(--awb-custom17);border-color:var(--awb-custom17);border-top-width:1px;\"><\/div><\/div><\/div><\/div><\/div><\/div><!-- \/wp:paragraph -->","protected":false},"excerpt":{"rendered":"","protected":false},"author":13,"featured_media":112127,"parent":10536,"menu_order":0,"comment_status":"open","ping_status":"closed","template":"","meta":{"_tec_requires_first_save":true,"_monsterinsights_skip_tracking":false,"_monsterinsights_sitenote_active":false,"_monsterinsights_sitenote_note":"","_monsterinsights_sitenote_category":0,"_EventAllDay":false,"_EventTimezone":"","_EventStartDate":"","_EventEndDate":"","_EventStartDateUTC":"","_EventEndDateUTC":"","_EventShowMap":false,"_EventShowMapLink":false,"_EventURL":"","_EventCost":"","_EventCostDescription":"","_EventCurrencySymbol":"","_EventCurrencyCode":"","_EventCurrencyPosition":"","_EventDateTimeSeparator":"","_EventTimeRangeSeparator":"","_EventOrganizerID":[],"_EventVenueID":[],"_OrganizerEmail":"","_OrganizerPhone":"","_OrganizerWebsite":"","_VenueAddress":"","_VenueCity":"","_VenueCountry":"","_VenueProvince":"","_VenueState":"","_VenueZip":"","_VenuePhone":"","_VenueURL":"","_VenueStateProvince":"","_VenueLat":"","_VenueLng":"","_VenueShowMap":false,"_VenueShowMapLink":false,"_tribe_blocks_recurrence_rules":"","_tribe_blocks_recurrence_description":"","_tribe_blocks_recurrence_exclusions":"","footnotes":""},"class_list":["post-10544","page","type-page","status-publish","has-post-thumbnail","hentry"],"_links":{"self":[{"href":"https:\/\/www.lasalle.org\/fr\/wp-json\/wp\/v2\/pages\/10544","targetHints":{"allow":["GET"]}}],"collection":[{"href":"https:\/\/www.lasalle.org\/fr\/wp-json\/wp\/v2\/pages"}],"about":[{"href":"https:\/\/www.lasalle.org\/fr\/wp-json\/wp\/v2\/types\/page"}],"author":[{"embeddable":true,"href":"https:\/\/www.lasalle.org\/fr\/wp-json\/wp\/v2\/users\/13"}],"replies":[{"embeddable":true,"href":"https:\/\/www.lasalle.org\/fr\/wp-json\/wp\/v2\/comments?post=10544"}],"version-history":[{"count":5,"href":"https:\/\/www.lasalle.org\/fr\/wp-json\/wp\/v2\/pages\/10544\/revisions"}],"predecessor-version":[{"id":116149,"href":"https:\/\/www.lasalle.org\/fr\/wp-json\/wp\/v2\/pages\/10544\/revisions\/116149"}],"up":[{"embeddable":true,"href":"https:\/\/www.lasalle.org\/fr\/wp-json\/wp\/v2\/pages\/10536"}],"wp:featuredmedia":[{"embeddable":true,"href":"https:\/\/www.lasalle.org\/fr\/wp-json\/wp\/v2\/media\/112127"}],"wp:attachment":[{"href":"https:\/\/www.lasalle.org\/fr\/wp-json\/wp\/v2\/media?parent=10544"}],"curies":[{"name":"wp","href":"https:\/\/api.w.org\/{rel}","templated":true}]}}