{"id":10547,"date":"2018-12-10T13:36:20","date_gmt":"2018-12-10T13:36:20","guid":{"rendered":"http:\/\/lasalle.vl20054.dinaserver.com\/fr-victorino-nymphas\/"},"modified":"2025-07-25T10:56:13","modified_gmt":"2025-07-25T08:56:13","slug":"fr-victorino-nymphas","status":"publish","type":"page","link":"https:\/\/www.lasalle.org\/fr\/saintete-lasallienne\/fr-victorino-nymphas\/","title":{"rendered":"Ven. Victorino Nymphas"},"content":{"rendered":"<div class=\"fusion-fullwidth fullwidth-box fusion-builder-row-1 fusion-flex-container has-pattern-background has-mask-background nonhundred-percent-fullwidth non-hundred-percent-height-scrolling\" style=\"--awb-border-radius-top-left:0px;--awb-border-radius-top-right:0px;--awb-border-radius-bottom-right:0px;--awb-border-radius-bottom-left:0px;--awb-flex-wrap:wrap;\" ><div class=\"fusion-builder-row fusion-row fusion-flex-align-items-flex-start fusion-flex-content-wrap\" style=\"max-width:1248px;margin-left: calc(-4% \/ 2 );margin-right: calc(-4% \/ 2 );\"><div class=\"fusion-layout-column fusion_builder_column fusion-builder-column-0 fusion_builder_column_3_4 3_4 fusion-flex-column\" style=\"--awb-bg-size:cover;--awb-width-large:75%;--awb-margin-top-large:0px;--awb-spacing-right-large:2.56%;--awb-margin-bottom-large:20px;--awb-spacing-left-large:2.56%;--awb-width-medium:75%;--awb-order-medium:0;--awb-spacing-right-medium:2.56%;--awb-spacing-left-medium:2.56%;--awb-width-small:100%;--awb-order-small:0;--awb-spacing-right-small:1.92%;--awb-spacing-left-small:1.92%;\"><div class=\"fusion-column-wrapper fusion-column-has-shadow fusion-flex-justify-content-flex-start fusion-content-layout-column\"><div class=\"fusion-title title fusion-title-1 sep-underline sep-solid fusion-title-text fusion-title-size-two\" style=\"--awb-text-color:var(--awb-custom17);--awb-sep-color:var(--awb-custom17);--awb-font-size:22px;\"><h2 class=\"fusion-title-heading title-heading-left\" style=\"margin:0;font-size:1em;\"><p class=\"fusion-title-heading title-heading-left\">V\u00e9n\u00e9rable Fr. Victorino Nymphas<\/p><\/h2><\/div><div class=\"fusion-text fusion-text-1\"><div class=\"wp-block-image\">\n<figure class=\"alignright is-resized\"><img decoding=\"async\" class=\"wp-image-2667\" src=\"https:\/\/www.lasalle.org\/wp-content\/uploads\/2018\/11\/victorino.jpg\" alt=\"\" width=\"192\" height=\"231\" srcset=\"https:\/\/www.lasalle.org\/wp-content\/uploads\/2018\/11\/victorino-249x300.jpg 249w, https:\/\/www.lasalle.org\/wp-content\/uploads\/2018\/11\/victorino.jpg 256w\" sizes=\"(max-width: 192px) 100vw, 192px\" \/><\/figure>\n<\/div>\n<p><!-- \/wp:post-content --><\/p>\n<p><!-- wp:paragraph --><\/p>\n<p>Fr\u00e8re Victorino Arnaud (1885-1966)<br \/>Il est n\u00e9 Onzillon (France) le 17 septembre 1885. Il \u00e9tait entr\u00e9 depuis peu de temps dans l\u2019Institut quand il fut oblig\u00e9 de s\u2019exiler \u00e0 cause de la pers\u00e9cution religieuse qui r\u00e9gnait en France au d\u00e9but du XXe si\u00e8cle.<\/p>\n<p><!-- \/wp:paragraph --><\/p>\n<p><!-- wp:paragraph --><\/p>\n<p>Cuba fut le pays o\u00f9 il choisit d\u2019aller. Il y demeura de 1905 \u00e0 1961, quand une autre pers\u00e9cution l\u2019obligea \u00e0 un deuxi\u00e8me exil, plus cruel que le premier. \u00c0 Cuba, il s\u2019adapta merveilleusement, et ses nombreuses initiatives apostoliques furent accueillies avec enthousiasme. Fr\u00e8re Victorino a fond\u00e9 :<br \/>&#8211; l\u2019Association La Salle, en 1919;<br \/>&#8211; la F\u00e9d\u00e9ration de la jeunesse catholique cubaine, pour les gar\u00e7ons et les filles;<br \/>&#8211; la R\u00e9sidence catholique universitaire, en 1946;<br \/>&#8211; le Regroupement des familles catholiques, en 1953.<\/p>\n<p><!-- \/wp:paragraph --><\/p>\n<p><!-- wp:paragraph --><\/p>\n<p>De 1961 jusqu\u2019\u00e0 sa mort, survenue six ans plus tard, il a r\u00e9organis\u00e9 diverses associations parmi les exil\u00e9s cubains de New York, Miami et Porto Rico. Il est d\u00e9c\u00e9d\u00e9 \u00e0 San Juan de Porto Rico le 16 avril 1966. La saintet\u00e9 s\u2019est manifest\u00e9e quotidiennement dans ces diverses activit\u00e9s et dans d\u2019autres. Elle a transform\u00e9 une existence simple, li\u00e9e \u00e0 un lieu et \u00e0 la r\u00e9p\u00e9tition de gestes et d\u2019actions ordinaires, dans une offrande continue de lui-m\u00eame \u00e0 Dieu et aux autres. Exaltant le terrible quotidien, le pape Pie XI ne d\u00e9clarait-il pas, comme nous le savons d\u00e9j\u00e0 : \u00ab La saintet\u00e9 ne consiste pas \u00e0 faire des choses extraordinaires, mais des choses communes d\u2019une mani\u00e8re non commune. \u00bb<\/p>\n<\/div><div class=\"fusion-separator fusion-full-width-sep\" style=\"align-self: center;margin-left: auto;margin-right: auto;margin-top:15px;margin-bottom:15px;width:100%;\"><div class=\"fusion-separator-border sep-single sep-solid\" style=\"--awb-height:20px;--awb-amount:20px;--awb-sep-color:var(--awb-custom17);border-color:var(--awb-custom17);border-top-width:1px;\"><\/div><\/div><nav class=\"fusion-breadcrumbs fusion-breadcrumbs-1\" style=\"--awb-breadcrumb-sep:&#039;\/&#039;;\" aria-label=\"Breadcrumb\"><ol class=\"awb-breadcrumb-list\"><\/ol><\/nav><\/div><\/div><div class=\"fusion-layout-column fusion_builder_column fusion-builder-column-1 fusion_builder_column_1_4 1_4 fusion-flex-column\" style=\"--awb-bg-size:cover;--awb-width-large:25%;--awb-margin-top-large:0px;--awb-spacing-right-large:7.68%;--awb-margin-bottom-large:20px;--awb-spacing-left-large:7.68%;--awb-width-medium:25%;--awb-order-medium:0;--awb-spacing-right-medium:7.68%;--awb-spacing-left-medium:7.68%;--awb-width-small:100%;--awb-order-small:0;--awb-spacing-right-small:1.92%;--awb-spacing-left-small:1.92%;\"><div class=\"fusion-column-wrapper fusion-column-has-shadow fusion-flex-justify-content-flex-start fusion-content-layout-column\"><div class=\"fusion-title title fusion-title-2 sep-underline sep-solid fusion-title-text fusion-title-size-two\" style=\"--awb-text-color:var(--awb-custom17);--awb-sep-color:var(--awb-custom17);--awb-font-size:22px;\"><h2 class=\"fusion-title-heading title-heading-left\" style=\"margin:0;font-size:1em;\">Dates importantes<\/h2><\/div><ul style=\"--awb-line-height:27.2px;--awb-icon-width:27.2px;--awb-icon-height:27.2px;--awb-icon-margin:11.2px;--awb-content-margin:38.4px;--awb-circlecolor:var(--awb-custom17);--awb-circle-yes-font-size:14.08px;\" class=\"fusion-checklist fusion-checklist-1 fusion-checklist-default type-icons\"><li class=\"fusion-li-item\" style=\"\"><span class=\"icon-wrapper circle-yes\"><i class=\"fusion-li-icon fa-star-half far\" aria-hidden=\"true\"><\/i><\/span><div class=\"fusion-li-item-content\">\r\n<p>N\u00e9 \u00e0 Onzillon (France) le 17 septembre 1885\u00a0<\/p>\r\n<\/div><\/li><li class=\"fusion-li-item\" style=\"\"><span class=\"icon-wrapper circle-yes\"><i class=\"fusion-li-icon fa-star-half far\" aria-hidden=\"true\"><\/i><\/span><div class=\"fusion-li-item-content\">\r\n<p>D\u00e9c\u00e9d\u00e9 le 16 avril 1966 \u00e0 San Juan de Puerto Rico<\/p>\r\n<\/div><\/li><\/ul><div class=\"fusion-separator fusion-full-width-sep\" style=\"align-self: center;margin-left: auto;margin-right: auto;margin-top:15px;margin-bottom:15px;width:100%;\"><\/div><div class=\"fusion-title title fusion-title-3 sep-underline sep-solid fusion-title-text fusion-title-size-two\" style=\"--awb-text-color:var(--awb-custom17);--awb-sep-color:var(--awb-custom17);--awb-font-size:22px;\"><h2 class=\"fusion-title-heading title-heading-left\" style=\"margin:0;font-size:1em;\">Ressources<\/h2><\/div><ul style=\"--awb-line-height:27.2px;--awb-icon-width:27.2px;--awb-icon-height:27.2px;--awb-icon-margin:11.2px;--awb-content-margin:38.4px;--awb-circlecolor:var(--awb-custom17);--awb-circle-yes-font-size:14.08px;\" class=\"fusion-checklist fusion-checklist-2 fusion-checklist-default type-icons\"><li class=\"fusion-li-item\" style=\"\"><span class=\"icon-wrapper circle-yes\"><i class=\"fusion-li-icon fa-file-image far\" aria-hidden=\"true\"><\/i><\/span><div class=\"fusion-li-item-content\">\r\n<p><a href=\"https:\/\/goo.gl\/photos\/kJFPqTqFQaYrFVGm8\" target=\"_blank\" rel=\"noreferrer noopener\" aria-label=\"Fr. Victorino Nymphas (abre en una nueva pesta\u00f1a)\">Images<\/a><\/p>\r\n<\/div><\/li><li class=\"fusion-li-item\" style=\"\"><span class=\"icon-wrapper circle-yes\"><i class=\"fusion-li-icon fa-globe fas\" aria-hidden=\"true\"><\/i><\/span><div class=\"fusion-li-item-content\">\r\n<p><a href=\"http:\/\/victorinodelasalle.org\/\" target=\"_blank\" rel=\"noreferrer noopener\">victorinodelasalle.org<\/a><\/p>\r\n<\/div><\/li><\/ul><div class=\"fusion-separator fusion-full-width-sep\" style=\"align-self: center;margin-left: auto;margin-right: auto;margin-top:15px;margin-bottom:15px;width:100%;\"><\/div><div class=\"fusion-title title fusion-title-4 sep-underline sep-solid fusion-title-text fusion-title-size-two\" style=\"--awb-text-color:var(--awb-custom17);--awb-sep-color:var(--awb-custom17);--awb-font-size:22px;\"><h2 class=\"fusion-title-heading title-heading-left\" style=\"margin:0;font-size:1em;\">Pri\u00e8re<\/h2><\/div><div class=\"fusion-text fusion-text-2\" style=\"--awb-font-size:16px;\"><p>Que l\u2019on peut r\u00e9citer sous forme de neuvaine, pour demander des gr\u00e2ces par l\u2019intercession du Serviteur de Dieu Fr\u00e8re Victorino, grand ap\u00f4tre de l\u2019\u00c9cole et de la jeunesse.<\/p>\n<\/div><div class=\"accordian fusion-accordian\" style=\"--awb-border-size:1px;--awb-icon-size:16px;--awb-content-font-size:16px;--awb-icon-alignment:left;--awb-hover-color:#f9f9fb;--awb-border-color:#e2e2e2;--awb-background-color:#ffffff;--awb-divider-color:#e0dede;--awb-divider-hover-color:#e0dede;--awb-icon-color:#ffffff;--awb-title-color:#0056b3;--awb-content-color:#082b4c;--awb-icon-box-color:#333333;--awb-toggle-hover-accent-color:var(--awb-custom17);--awb-title-font-family:&quot;Open Sans&quot;;--awb-title-font-weight:400;--awb-title-font-style:normal;--awb-title-font-size:18px;--awb-content-font-family:&quot;PT Sans&quot;;--awb-content-font-style:normal;--awb-content-font-weight:regular;\"><div class=\"panel-group fusion-toggle-icon-boxed\" id=\"accordion-10547-1\"><div class=\"fusion-panel panel-default panel-f97e477e8fa822cd0 fusion-toggle-has-divider\" style=\"--awb-title-color:#0056b3;--awb-content-color:#082b4c;\"><div class=\"panel-heading\"><h2 class=\"panel-title toggle\" id=\"toggle_f97e477e8fa822cd0\"><a aria-expanded=\"false\" aria-controls=\"f97e477e8fa822cd0\" role=\"button\" data-toggle=\"collapse\" data-parent=\"#accordion-10547-1\" data-target=\"#f97e477e8fa822cd0\" href=\"#f97e477e8fa822cd0\"><span class=\"fusion-toggle-icon-wrapper\" aria-hidden=\"true\"><i class=\"fa-fusion-box active-icon awb-icon-minus\" aria-hidden=\"true\"><\/i><i class=\"fa-fusion-box inactive-icon awb-icon-plus\" aria-hidden=\"true\"><\/i><\/span><span class=\"fusion-toggle-heading\">Pri\u00e8re<\/span><\/a><\/h2><\/div><div id=\"f97e477e8fa822cd0\" class=\"panel-collapse collapse \" aria-labelledby=\"toggle_f97e477e8fa822cd0\"><div class=\"panel-body toggle-content fusion-clearfix\">\r\n<p style=\"text-align: center;\">Seigneur qui as promis d\u2019exalter les humbles et de faire briller comme des \u00e9toiles pour l\u2019\u00e9ternit\u00e9 ceux qui enseignent la justice \u00e0 un grand nombre, daigne glorifier ton Serviteur Fr\u00e8re Victorino, ap\u00f4tre infatigable de l\u2019enfance et de la jeunesse et de faire resplendir son nom parmi ceux des saints.<br \/><br \/>Multiplie tes gr\u00e2ces en faveur des fid\u00e8les qui te supplient en te rappelant la vertu qu\u2019il a pratiqu\u00e9e sur la terre.<br \/><br \/>Qu\u2019il nous soit donn\u00e9 de voir un jour la sainte \u00c9glise honorer sa m\u00e9moire et nous offrir en lui un nouveau mod\u00e8le \u00e0 imiter et un protecteur de plus qui nous secourt dans la fatigue et les peines et qui nous aide \u00e0 parvenir \u00e0 la b\u00e9atitude du ciel.<br \/><br \/>Amen.<br \/><br \/>Notre P\u00e8re, Je vous salue Marie et Gloire au P\u00e8re\u2026<br \/>(Approuv\u00e9e \u2013 \u00c0 usage priv\u00e9)<\/p>\r\n<\/div><\/div><\/div><\/div><\/div><div class=\"fusion-separator fusion-full-width-sep\" style=\"align-self: center;margin-left: auto;margin-right: auto;margin-top:15px;margin-bottom:15px;width:100%;\"><div class=\"fusion-separator-border sep-single sep-solid\" style=\"--awb-height:20px;--awb-amount:20px;--awb-sep-color:var(--awb-custom17);border-color:var(--awb-custom17);border-top-width:1px;\"><\/div><\/div><\/div><\/div><\/div><\/div>","protected":false},"excerpt":{"rendered":"","protected":false},"author":13,"featured_media":112427,"parent":10536,"menu_order":0,"comment_status":"open","ping_status":"closed","template":"","meta":{"_tec_requires_first_save":true,"_monsterinsights_skip_tracking":false,"_monsterinsights_sitenote_active":false,"_monsterinsights_sitenote_note":"","_monsterinsights_sitenote_category":0,"_EventAllDay":false,"_EventTimezone":"","_EventStartDate":"","_EventEndDate":"","_EventStartDateUTC":"","_EventEndDateUTC":"","_EventShowMap":false,"_EventShowMapLink":false,"_EventURL":"","_EventCost":"","_EventCostDescription":"","_EventCurrencySymbol":"","_EventCurrencyCode":"","_EventCurrencyPosition":"","_EventDateTimeSeparator":"","_EventTimeRangeSeparator":"","_EventOrganizerID":[],"_EventVenueID":[],"_OrganizerEmail":"","_OrganizerPhone":"","_OrganizerWebsite":"","_VenueAddress":"","_VenueCity":"","_VenueCountry":"","_VenueProvince":"","_VenueState":"","_VenueZip":"","_VenuePhone":"","_VenueURL":"","_VenueStateProvince":"","_VenueLat":"","_VenueLng":"","_VenueShowMap":false,"_VenueShowMapLink":false,"_tribe_blocks_recurrence_rules":"","_tribe_blocks_recurrence_description":"","_tribe_blocks_recurrence_exclusions":"","footnotes":""},"class_list":["post-10547","page","type-page","status-publish","has-post-thumbnail","hentry"],"_links":{"self":[{"href":"https:\/\/www.lasalle.org\/fr\/wp-json\/wp\/v2\/pages\/10547","targetHints":{"allow":["GET"]}}],"collection":[{"href":"https:\/\/www.lasalle.org\/fr\/wp-json\/wp\/v2\/pages"}],"about":[{"href":"https:\/\/www.lasalle.org\/fr\/wp-json\/wp\/v2\/types\/page"}],"author":[{"embeddable":true,"href":"https:\/\/www.lasalle.org\/fr\/wp-json\/wp\/v2\/users\/13"}],"replies":[{"embeddable":true,"href":"https:\/\/www.lasalle.org\/fr\/wp-json\/wp\/v2\/comments?post=10547"}],"version-history":[{"count":5,"href":"https:\/\/www.lasalle.org\/fr\/wp-json\/wp\/v2\/pages\/10547\/revisions"}],"predecessor-version":[{"id":116355,"href":"https:\/\/www.lasalle.org\/fr\/wp-json\/wp\/v2\/pages\/10547\/revisions\/116355"}],"up":[{"embeddable":true,"href":"https:\/\/www.lasalle.org\/fr\/wp-json\/wp\/v2\/pages\/10536"}],"wp:featuredmedia":[{"embeddable":true,"href":"https:\/\/www.lasalle.org\/fr\/wp-json\/wp\/v2\/media\/112427"}],"wp:attachment":[{"href":"https:\/\/www.lasalle.org\/fr\/wp-json\/wp\/v2\/media?parent=10547"}],"curies":[{"name":"wp","href":"https:\/\/api.w.org\/{rel}","templated":true}]}}