{"id":10548,"date":"2018-12-10T13:36:20","date_gmt":"2018-12-10T13:36:20","guid":{"rendered":"http:\/\/lasalle.vl20054.dinaserver.com\/saint-benilde-romancon\/"},"modified":"2025-07-23T10:01:08","modified_gmt":"2025-07-23T08:01:08","slug":"saint-benilde-romancon","status":"publish","type":"page","link":"https:\/\/www.lasalle.org\/fr\/saintete-lasallienne\/saint-benilde-romancon\/","title":{"rendered":"Saint B\u00e9nilde Roman\u00e7on"},"content":{"rendered":"<div class=\"fusion-fullwidth fullwidth-box fusion-builder-row-1 fusion-flex-container has-pattern-background has-mask-background nonhundred-percent-fullwidth non-hundred-percent-height-scrolling\" style=\"--awb-border-radius-top-left:0px;--awb-border-radius-top-right:0px;--awb-border-radius-bottom-right:0px;--awb-border-radius-bottom-left:0px;--awb-flex-wrap:wrap;\" ><div class=\"fusion-builder-row fusion-row fusion-flex-align-items-flex-start fusion-flex-content-wrap\" style=\"max-width:1248px;margin-left: calc(-4% \/ 2 );margin-right: calc(-4% \/ 2 );\"><div class=\"fusion-layout-column fusion_builder_column fusion-builder-column-0 fusion_builder_column_3_4 3_4 fusion-flex-column\" style=\"--awb-bg-size:cover;--awb-width-large:75%;--awb-margin-top-large:0px;--awb-spacing-right-large:2.56%;--awb-margin-bottom-large:20px;--awb-spacing-left-large:2.56%;--awb-width-medium:75%;--awb-order-medium:0;--awb-spacing-right-medium:2.56%;--awb-spacing-left-medium:2.56%;--awb-width-small:100%;--awb-order-small:0;--awb-spacing-right-small:1.92%;--awb-spacing-left-small:1.92%;\"><div class=\"fusion-column-wrapper fusion-column-has-shadow fusion-flex-justify-content-flex-start fusion-content-layout-column\"><div class=\"fusion-title title fusion-title-1 sep-underline sep-solid fusion-title-text fusion-title-size-two\" style=\"--awb-text-color:var(--awb-custom17);--awb-sep-color:var(--awb-custom17);--awb-font-size:22px;\"><h2 class=\"fusion-title-heading title-heading-left\" style=\"margin:0;font-size:1em;\">Saint B\u00e9nilde Roman\u00e7on<\/h2><\/div><div class=\"fusion-text fusion-text-1\"><figure class=\"alignright is-resized\"><img decoding=\"async\" class=\"wp-image-8441\" src=\"http:\/\/www.lasalle.org\/wp-content\/uploads\/2018\/12\/benilde_romacon.jpg\" alt=\"\" width=\"183\" height=\"248\" \/><\/figure>\n<p>Pierre Roman\u00e7on na\u00eet au village de Thuret dans la partie m\u00e9ridionale du centre de la France.<\/p>\n<p>Il est tellement en avance sur ses camarades d&rsquo;\u00e9cole \u00e9l\u00e9mentaire que les Fr\u00e8res l&rsquo;engagent comme ma\u00eetre rempla\u00e7ant, alors qu&rsquo;il n&rsquo;a que quatorze ans. Malgr\u00e9 les objections de ses parents qui veulent le garder \u00e0 la maison, et la r\u00e9ticence des sup\u00e9rieurs qui le trouvent trop petit, il est finalement admis au noviciat.<\/p>\n<p>De 1821 \u00e0 1841, il enseigne successivement dans le r\u00e9seau d&rsquo;\u00e9coles \u00e9l\u00e9mentaires tenues par les Fr\u00e8res dans la r\u00e9gion administrative de Clermont-Ferrand. En 1841 il est nomm\u00e9 Directeur de l&rsquo;\u00e9cole qu&rsquo;on ouvre \u00e0 Saugues, un village isol\u00e9 sur un plateau aride du sud de la France. Pendant les vingt ann\u00e9es qui suivent, il travaille paisiblement et efficacement, comme enseignant et directeur, \u00e0 l&rsquo;\u00e9ducation des gar\u00e7ons du village et de gar\u00e7ons de certaines des fermes voisines, un grand nombre de ces derniers sont presque d\u00e9j\u00e0 des jeunes hommes mais n&rsquo;ont jamais \u00e9t\u00e9 \u00e0 l&rsquo;\u00e9cole auparavant. Bien qu&rsquo;il soit de petite taille, Fr\u00e8re B\u00e9nilde a la r\u00e9putation d&rsquo;\u00eatre strict mais juste. Bient\u00f4t, la petite \u00e9cole devient le centre de la vie sociale et intellectuelle du village, avec des classes du soir pour les adultes et un accompagnement pour les \u00e9l\u00e8ves les moins dou\u00e9s.<\/p>\n<figure class=\"alignleft is-resized\"><img decoding=\"async\" class=\"wp-image-50931\" src=\"https:\/\/www.lasalle.org\/wp-content\/uploads\/2019\/07\/quadro_benilde.jpg\" alt=\"\" width=\"174\" height=\"250\" srcset=\"https:\/\/www.lasalle.org\/wp-content\/uploads\/2019\/07\/quadro_benilde-209x300.jpg 209w, https:\/\/www.lasalle.org\/wp-content\/uploads\/2019\/07\/quadro_benilde.jpg 696w\" sizes=\"(max-width: 174px) 100vw, 174px\" \/><\/figure>\n<p>Le sens religieux extraordinaire du Fr\u00e8re B\u00e9nilde est \u00e9vident pour tou: \u00e0 la messe avec les \u00e9l\u00e8ves \u00e0 l&rsquo;\u00e9glise paroissiale, dans l&rsquo;enseignement du cat\u00e9chisme, dans la pr\u00e9paration des gar\u00e7ons \u00e0 la premi\u00e8re communion, dans les visites aux malades et les pri\u00e8res avec eux et des rumeurs de gu\u00e9risons miraculeuses. Il est particuli\u00e8rement efficace pour attirer des vocations. \u00c0 sa mort, plus de 200 Fr\u00e8res et un nombre impressionnant de pr\u00eatres ont \u00e9t\u00e9 ses \u00e9l\u00e8ves \u00e0 Saugues. Le Pape Pie XI souligne qu&rsquo;il s&rsquo;est sanctifi\u00e9 en supportant \u00ab\u00a0le terrible quotidien\u00a0\u00bb et le d\u00e9cret de b\u00e9atification \u00ab\u00a0qu&rsquo;il a accompli les choses communes d&rsquo;une mani\u00e8re peu commune\u00a0\u00bb.<\/p>\n<\/div><div class=\"fusion-separator fusion-full-width-sep\" style=\"align-self: center;margin-left: auto;margin-right: auto;margin-top:15px;margin-bottom:15px;width:100%;\"><div class=\"fusion-separator-border sep-single sep-solid\" style=\"--awb-height:20px;--awb-amount:20px;--awb-sep-color:var(--awb-custom17);border-color:var(--awb-custom17);border-top-width:1px;\"><\/div><\/div><nav class=\"fusion-breadcrumbs fusion-breadcrumbs-1\" style=\"--awb-breadcrumb-sep:&#039;\/&#039;;\" aria-label=\"Breadcrumb\"><ol class=\"awb-breadcrumb-list\"><\/ol><\/nav><\/div><\/div><div class=\"fusion-layout-column fusion_builder_column fusion-builder-column-1 fusion_builder_column_1_4 1_4 fusion-flex-column\" style=\"--awb-bg-size:cover;--awb-width-large:25%;--awb-margin-top-large:0px;--awb-spacing-right-large:7.68%;--awb-margin-bottom-large:20px;--awb-spacing-left-large:7.68%;--awb-width-medium:25%;--awb-order-medium:0;--awb-spacing-right-medium:7.68%;--awb-spacing-left-medium:7.68%;--awb-width-small:100%;--awb-order-small:0;--awb-spacing-right-small:1.92%;--awb-spacing-left-small:1.92%;\"><div class=\"fusion-column-wrapper fusion-column-has-shadow fusion-flex-justify-content-flex-start fusion-content-layout-column\"><div class=\"fusion-title title fusion-title-2 sep-underline sep-solid fusion-title-text fusion-title-size-two\" style=\"--awb-text-color:var(--awb-custom17);--awb-sep-color:var(--awb-custom17);--awb-font-size:22px;\"><h2 class=\"fusion-title-heading title-heading-left\" style=\"margin:0;font-size:1em;\">Dates importantes<\/h2><\/div><ul style=\"--awb-line-height:27.2px;--awb-icon-width:27.2px;--awb-icon-height:27.2px;--awb-icon-margin:11.2px;--awb-content-margin:38.4px;--awb-circlecolor:var(--awb-custom17);--awb-circle-yes-font-size:14.08px;\" class=\"fusion-checklist fusion-checklist-1 fusion-checklist-default type-icons\"><li class=\"fusion-li-item\" style=\"\"><span class=\"icon-wrapper circle-yes\"><i class=\"fusion-li-icon fa-star-half far\" aria-hidden=\"true\"><\/i><\/span><div class=\"fusion-li-item-content\">\n<p><strong>M\u00e9moire liturgique : 13 Ao\u00fbt\u00a0<\/strong><\/p>\n<\/div><\/li><li class=\"fusion-li-item\" style=\"\"><span class=\"icon-wrapper circle-yes\"><i class=\"fusion-li-icon fa-star-half far\" aria-hidden=\"true\"><\/i><\/span><div class=\"fusion-li-item-content\">\n<p>N\u00e9 \u00e0 Thuret, France, le 14 juin 1805<\/p>\n<\/div><\/li><li class=\"fusion-li-item\" style=\"\"><span class=\"icon-wrapper circle-yes\"><i class=\"fusion-li-icon fa-star-half far\" aria-hidden=\"true\"><\/i><\/span><div class=\"fusion-li-item-content\">Entr\u00e9 au noviciat le 19 f\u00e9vrier 1820<\/div><\/li><li class=\"fusion-li-item\" style=\"\"><span class=\"icon-wrapper circle-yes\"><i class=\"fusion-li-icon fa-star-half far\" aria-hidden=\"true\"><\/i><\/span><div class=\"fusion-li-item-content\">Mort le 13 ao\u00fbt 1862<\/div><\/li><li class=\"fusion-li-item\" style=\"\"><span class=\"icon-wrapper circle-yes\"><i class=\"fusion-li-icon fa-star-half far\" aria-hidden=\"true\"><\/i><\/span><div class=\"fusion-li-item-content\">\n<p>B\u00e9atifi\u00e9 le 4 avril 1948<\/p>\n<\/div><\/li><li class=\"fusion-li-item\" style=\"\"><span class=\"icon-wrapper circle-yes\"><i class=\"fusion-li-icon fa-star-half far\" aria-hidden=\"true\"><\/i><\/span><div class=\"fusion-li-item-content\">\n<p>Canonis\u00e9 le 29 octobre 1967<\/p>\n<\/div><\/li><\/ul><div class=\"fusion-separator fusion-full-width-sep\" style=\"align-self: center;margin-left: auto;margin-right: auto;margin-top:15px;margin-bottom:15px;width:100%;\"><\/div><div class=\"fusion-title title fusion-title-3 sep-underline sep-solid fusion-title-text fusion-title-size-two\" style=\"--awb-text-color:var(--awb-custom17);--awb-sep-color:var(--awb-custom17);--awb-font-size:22px;\"><h2 class=\"fusion-title-heading title-heading-left\" style=\"margin:0;font-size:1em;\">Ressources<\/h2><\/div><ul style=\"--awb-line-height:27.2px;--awb-icon-width:27.2px;--awb-icon-height:27.2px;--awb-icon-margin:11.2px;--awb-content-margin:38.4px;--awb-circlecolor:var(--awb-custom17);--awb-circle-yes-font-size:14.08px;\" class=\"fusion-checklist fusion-checklist-2 fusion-checklist-default type-icons\"><li class=\"fusion-li-item\" style=\"\"><span class=\"icon-wrapper circle-yes\"><i class=\"fusion-li-icon fa-file-image far\" aria-hidden=\"true\"><\/i><\/span><div class=\"fusion-li-item-content\">\n<p><a href=\"https:\/\/goo.gl\/photos\/keQZ2GkwfS6ynjVH8\" target=\"_blank\" rel=\"noopener\">Images<\/a><\/p>\n<\/div><\/li><li class=\"fusion-li-item\" style=\"\"><span class=\"icon-wrapper circle-yes\"><i class=\"fusion-li-icon fa-file-pdf far\" aria-hidden=\"true\"><\/i><\/span><div class=\"fusion-li-item-content\">\n<p><a href=\"https:\/\/www.lasalle.org\/wp-content\/uploads\/2019\/09\/13-Ao%C3%BBt-Saint-BENILDE-1.pdf\" target=\"_blank\" rel=\"noopener\">13 Ao\u00fbt \u2013 Texte liturgiques<\/a> <br \/>agr\u00e8\u00e8s par la Congr\u00e9gation pour le Culte Divin et la Discipline des Sacrements<\/p>\n<\/div><\/li><\/ul><div class=\"fusion-separator fusion-full-width-sep\" style=\"align-self: center;margin-left: auto;margin-right: auto;margin-top:15px;margin-bottom:15px;width:100%;\"><div class=\"fusion-separator-border sep-single sep-solid\" style=\"--awb-height:20px;--awb-amount:20px;--awb-sep-color:var(--awb-custom17);border-color:var(--awb-custom17);border-top-width:1px;\"><\/div><\/div><\/div><\/div><\/div><\/div>\n","protected":false},"excerpt":{"rendered":"","protected":false},"author":13,"featured_media":112082,"parent":10536,"menu_order":0,"comment_status":"open","ping_status":"closed","template":"","meta":{"_tec_requires_first_save":true,"_monsterinsights_skip_tracking":false,"_monsterinsights_sitenote_active":false,"_monsterinsights_sitenote_note":"","_monsterinsights_sitenote_category":0,"_EventAllDay":false,"_EventTimezone":"","_EventStartDate":"","_EventEndDate":"","_EventStartDateUTC":"","_EventEndDateUTC":"","_EventShowMap":false,"_EventShowMapLink":false,"_EventURL":"","_EventCost":"","_EventCostDescription":"","_EventCurrencySymbol":"","_EventCurrencyCode":"","_EventCurrencyPosition":"","_EventDateTimeSeparator":"","_EventTimeRangeSeparator":"","_EventOrganizerID":[],"_EventVenueID":[],"_OrganizerEmail":"","_OrganizerPhone":"","_OrganizerWebsite":"","_VenueAddress":"","_VenueCity":"","_VenueCountry":"","_VenueProvince":"","_VenueState":"","_VenueZip":"","_VenuePhone":"","_VenueURL":"","_VenueStateProvince":"","_VenueLat":"","_VenueLng":"","_VenueShowMap":false,"_VenueShowMapLink":false,"_tribe_blocks_recurrence_rules":"","_tribe_blocks_recurrence_description":"","_tribe_blocks_recurrence_exclusions":"","footnotes":""},"class_list":["post-10548","page","type-page","status-publish","has-post-thumbnail","hentry"],"_links":{"self":[{"href":"https:\/\/www.lasalle.org\/fr\/wp-json\/wp\/v2\/pages\/10548","targetHints":{"allow":["GET"]}}],"collection":[{"href":"https:\/\/www.lasalle.org\/fr\/wp-json\/wp\/v2\/pages"}],"about":[{"href":"https:\/\/www.lasalle.org\/fr\/wp-json\/wp\/v2\/types\/page"}],"author":[{"embeddable":true,"href":"https:\/\/www.lasalle.org\/fr\/wp-json\/wp\/v2\/users\/13"}],"replies":[{"embeddable":true,"href":"https:\/\/www.lasalle.org\/fr\/wp-json\/wp\/v2\/comments?post=10548"}],"version-history":[{"count":5,"href":"https:\/\/www.lasalle.org\/fr\/wp-json\/wp\/v2\/pages\/10548\/revisions"}],"predecessor-version":[{"id":116071,"href":"https:\/\/www.lasalle.org\/fr\/wp-json\/wp\/v2\/pages\/10548\/revisions\/116071"}],"up":[{"embeddable":true,"href":"https:\/\/www.lasalle.org\/fr\/wp-json\/wp\/v2\/pages\/10536"}],"wp:featuredmedia":[{"embeddable":true,"href":"https:\/\/www.lasalle.org\/fr\/wp-json\/wp\/v2\/media\/112082"}],"wp:attachment":[{"href":"https:\/\/www.lasalle.org\/fr\/wp-json\/wp\/v2\/media?parent=10548"}],"curies":[{"name":"wp","href":"https:\/\/api.w.org\/{rel}","templated":true}]}}