{"id":10551,"date":"2018-12-10T13:36:20","date_gmt":"2018-12-10T13:36:20","guid":{"rendered":"http:\/\/lasalle.vl20054.dinaserver.com\/saint-martyrs-de-turon\/"},"modified":"2025-07-25T15:09:15","modified_gmt":"2025-07-25T13:09:15","slug":"saint-martyrs-de-turon","status":"publish","type":"page","link":"https:\/\/www.lasalle.org\/fr\/saintete-lasallienne\/saint-martyrs-de-turon\/","title":{"rendered":"Saint Martyrs de Tur\u00f3n"},"content":{"rendered":"<div class=\"fusion-fullwidth fullwidth-box fusion-builder-row-1 fusion-flex-container has-pattern-background has-mask-background nonhundred-percent-fullwidth non-hundred-percent-height-scrolling\" style=\"--awb-border-radius-top-left:0px;--awb-border-radius-top-right:0px;--awb-border-radius-bottom-right:0px;--awb-border-radius-bottom-left:0px;--awb-flex-wrap:wrap;\" ><div class=\"fusion-builder-row fusion-row fusion-flex-align-items-flex-start fusion-flex-content-wrap\" style=\"max-width:1248px;margin-left: calc(-4% \/ 2 );margin-right: calc(-4% \/ 2 );\"><div class=\"fusion-layout-column fusion_builder_column fusion-builder-column-0 fusion_builder_column_3_4 3_4 fusion-flex-column\" style=\"--awb-bg-size:cover;--awb-width-large:75%;--awb-margin-top-large:0px;--awb-spacing-right-large:2.56%;--awb-margin-bottom-large:20px;--awb-spacing-left-large:2.56%;--awb-width-medium:75%;--awb-order-medium:0;--awb-spacing-right-medium:2.56%;--awb-spacing-left-medium:2.56%;--awb-width-small:100%;--awb-order-small:0;--awb-spacing-right-small:1.92%;--awb-spacing-left-small:1.92%;\"><div class=\"fusion-column-wrapper fusion-column-has-shadow fusion-flex-justify-content-flex-start fusion-content-layout-column\"><div class=\"fusion-title title fusion-title-1 sep-underline sep-solid fusion-title-text fusion-title-size-two\" style=\"--awb-text-color:var(--awb-custom17);--awb-sep-color:var(--awb-custom17);--awb-font-size:22px;\"><h2 class=\"fusion-title-heading title-heading-left\" style=\"margin:0;font-size:1em;\">Saint Fr\u00e8res Martyrs de Tur\u00f3n<\/h2><\/div><div class=\"fusion-text fusion-text-1\"><p><img decoding=\"async\" class=\"wp-image-2632 alignright\" src=\"https:\/\/www.lasalle.org\/wp-content\/uploads\/2018\/11\/mart_turon.png\" alt=\"\" width=\"182\" height=\"245\" srcset=\"https:\/\/www.lasalle.org\/wp-content\/uploads\/2018\/11\/mart_turon-223x300.png 223w, https:\/\/www.lasalle.org\/wp-content\/uploads\/2018\/11\/mart_turon.png 364w\" sizes=\"(max-width: 182px) 100vw, 182px\" \/><em>CAUSA CYRILLUS BERTRAN et VII SOCII necnon INNOCENTIUS AB IMMACOLATA<\/em><\/p>\n<p>La Cause comprend 8 Fr\u00e8res des \u00c9coles chr\u00e9tiennes et 1 religieux passioniste.<\/p>\n<p>Les Fr\u00e8res de cette \u00e9cole ont \u00e9t\u00e9 les premi\u00e8res victimes, massacr\u00e9s \u00e0 Tur\u00f3n, village minier des Asturies, en 1934, avec leur aum\u00f4nier, devant l&rsquo;\u00e9cole que fr\u00e9quentaient aussi les enfants de certains de leurs bourreaux. C&rsquo;est le d\u00e9but de l&rsquo;ouragan qui se d\u00e9cha\u00eenera vingt mois plus tard sur toute la nation. Ces Fr\u00e8res sont morts jeunes, sans peur face \u00e0 la mort, confiants que dans la mort ils trouveraient la vie, la vie \u00e9ternelle.<\/p>\n<p>Ce sont les Fr\u00e8res :<\/p>\n<\/div><div class=\"fusion-text fusion-text-2\"><div class=\"wp-block-image\">\n<p><strong><img decoding=\"async\" class=\"wp-image-50973 alignleft\" src=\"https:\/\/www.lasalle.org\/wp-content\/uploads\/2019\/07\/cirilobertran.png\" alt=\"\" width=\"47\" height=\"73\" \/>Saint Cirilo Bertr\u00e1n<\/strong> (Jos\u00e9 Sanz Tejedor) ans 46<br \/>\nN\u00e9 \u00e0 Lerma (Burgos), Espagne, le 20 mars 1888<br \/>\nEntr\u00e9 au noviciat le 23 octobre 1906<\/p>\n<\/div>\n<\/div><div class=\"fusion-text fusion-text-3\"><p><strong><img decoding=\"async\" class=\"wp-image-50977 alignleft\" src=\"https:\/\/www.lasalle.org\/wp-content\/uploads\/2019\/07\/marcianojose.png\" alt=\"\" width=\"49\" height=\"73\" \/>Saint Marciano Jos\u00e9<\/strong>\u00a0(Filomeno L\u00f3pez y L\u00f3pez) ans 34<br \/>\nN\u00e9 \u00e0 El Pedregal (Guadalajara), Espagne, le 15 novembre 1900<br \/>\nEntr\u00e9 au noviciat le 20 septembre 1916<\/p>\n<\/div><div class=\"fusion-text fusion-text-4\"><p><strong><img decoding=\"async\" class=\"wp-image-50982 alignleft\" src=\"https:\/\/www.lasalle.org\/wp-content\/uploads\/2019\/07\/julianalfredo.png\" alt=\"\" width=\"47\" height=\"72\" \/>Saint Juli\u00e1n Alfredo<\/strong>\u00a0(Vilfrido Fern\u00e1ndez Zapico) ans 32<br \/>\nN\u00e9 \u00e0 Cifuentes de Rueda (Le\u00f3n), Espagne, le 24 d\u00e9cembre 1903<br \/>\nEntr\u00e9 au noviciat le 4 f\u00e9vrier 1926<\/p>\n<\/div><div class=\"fusion-text fusion-text-5\"><p><strong><img decoding=\"async\" class=\"wp-image-50986 alignleft\" src=\"https:\/\/www.lasalle.org\/wp-content\/uploads\/2019\/07\/victorianopio01.png\" alt=\"\" width=\"47\" height=\"71\" \/>Saint Victoriano P\u00edo<\/strong>\u00a0(Claudio Bernab\u00e9 Cano) ans 29<br \/>\nN\u00e9 \u00e0 San Millan de Lora (Borgos), Espagne, le 7 juillet 1905<br \/>\nEntr\u00e9 au noviciat le 30 ao\u00fbt 1921<\/p>\n<\/div><div class=\"fusion-text fusion-text-6\"><p><strong><img decoding=\"async\" class=\"wp-image-50991 alignleft\" src=\"https:\/\/www.lasalle.org\/wp-content\/uploads\/2019\/07\/benjaminjulian.png\" alt=\"\" width=\"51\" height=\"75\" \/>Saint Benjam\u00edn Juli\u00e1n<\/strong>\u00a0(Vicente Alonso Andr\u00e9s) ans 26<br \/>\nN\u00e9 \u00e0 Jamarillo de la Fuente (Burgos), Espagne, le 27 octobre 1908<br \/>\nEntr\u00e9 au noviciat le 29 ao\u00fbt 1924<\/p>\n<\/div><div class=\"fusion-text fusion-text-7\"><p><strong><img decoding=\"async\" class=\"wp-image-50996 alignleft\" src=\"https:\/\/www.lasalle.org\/wp-content\/uploads\/2019\/07\/augustoandres.png\" alt=\"\" width=\"49\" height=\"70\" \/>Saint Augusto Andr\u00e9s<\/strong>\u00a0(Rom\u00e1n Mart\u00edn Fern\u00e1ndez) ans 24<br \/>\nN\u00e9 \u00e0 Santander, Espagne, le 6 mai 1910<br \/>\nEntr\u00e9 au noviciat le 3 f\u00e9vrier 1926<\/p>\n<\/div><div class=\"fusion-text fusion-text-8\"><div class=\"wp-block-image\">\n<p><img decoding=\"async\" class=\"wp-image-51001 alignleft\" src=\"https:\/\/www.lasalle.org\/wp-content\/uploads\/2019\/07\/benitodejesus.png\" alt=\"\" width=\"50\" height=\"72\" \/><strong>Saint Benito de Jes\u00fas<\/strong> (H\u00e9ctor Valdivieso S\u00e1ez\u00a0n\u00e9 a Buenos Aires, 1ersaint d\u2019Argentine) ans 24<br \/>\nN\u00e9 \u00e0 Buenos Aires, Argentine, le 31 octobre 1910<br \/>\nEntr\u00e9 au noviciat le 7 ao\u00fbt1926<\/p>\n<\/div>\n<\/div><div class=\"fusion-text fusion-text-9\"><p><strong><img decoding=\"async\" class=\"wp-image-51006 alignleft\" src=\"https:\/\/www.lasalle.org\/wp-content\/uploads\/2019\/07\/anicetoadolfo.png\" alt=\"\" width=\"48\" height=\"71\" \/>Saint Anicet Adolfo<\/strong>\u00a0(Manuel Seco Guti\u00e9rrez) ans 22<br \/>\nN\u00e9 \u00e0 Celada Marlantes (Santander), Espagne, le 4 octobre 1912<br \/>\nEntr\u00e9 au noviciat le 6 septembre 1928<\/p>\n<\/div><div class=\"fusion-text fusion-text-10\"><p><img decoding=\"async\" class=\"wp-image-51010 alignleft\" src=\"https:\/\/www.lasalle.org\/wp-content\/uploads\/2019\/07\/pinocencio.png\" alt=\"\" width=\"49\" height=\"74\" \/><a href=\"http:\/\/www.passiochristi.org\/s-innocenzo-canoura-arnau\/?lang=it\" target=\"_blank\" rel=\"noreferrer noopener\" aria-label=\"Saint Inocencio de la Immaculada (abre en una nueva pesta\u00f1a)\"><strong>Saint Inocencio de la Immaculada<\/strong><\/a>,CP (Manuel Canoure Arnau)\u00a0Passionniste, ans 47<br \/>\nN\u00e9 \u00e0 Cecilia del Valle de Oro (Lugo), Espagne, le 10 mars 1887<br \/>\nOrdonn\u00e9 pr\u00eatre le 20 septembre 1920<\/p>\n<\/div><div class=\"fusion-separator fusion-full-width-sep\" style=\"align-self: center;margin-left: auto;margin-right: auto;margin-top:15px;margin-bottom:15px;width:100%;\"><div class=\"fusion-separator-border sep-single sep-solid\" style=\"--awb-height:20px;--awb-amount:20px;--awb-sep-color:var(--awb-custom17);border-color:var(--awb-custom17);border-top-width:1px;\"><\/div><\/div><nav class=\"fusion-breadcrumbs fusion-breadcrumbs-1\" style=\"--awb-breadcrumb-sep:&#039;\/&#039;;\" aria-label=\"Breadcrumb\"><ol class=\"awb-breadcrumb-list\"><\/ol><\/nav><\/div><\/div><div class=\"fusion-layout-column fusion_builder_column fusion-builder-column-1 fusion_builder_column_1_4 1_4 fusion-flex-column\" style=\"--awb-bg-size:cover;--awb-width-large:25%;--awb-margin-top-large:0px;--awb-spacing-right-large:7.68%;--awb-margin-bottom-large:20px;--awb-spacing-left-large:7.68%;--awb-width-medium:25%;--awb-order-medium:0;--awb-spacing-right-medium:7.68%;--awb-spacing-left-medium:7.68%;--awb-width-small:100%;--awb-order-small:0;--awb-spacing-right-small:1.92%;--awb-spacing-left-small:1.92%;\"><div class=\"fusion-column-wrapper fusion-column-has-shadow fusion-flex-justify-content-flex-start fusion-content-layout-column\"><div class=\"fusion-title title fusion-title-2 sep-underline sep-solid fusion-title-text fusion-title-size-two\" style=\"--awb-text-color:var(--awb-custom17);--awb-sep-color:var(--awb-custom17);--awb-font-size:22px;\"><h2 class=\"fusion-title-heading title-heading-left\" style=\"margin:0;font-size:1em;\">Dates importantes<\/h2><\/div><ul style=\"--awb-line-height:27.2px;--awb-icon-width:27.2px;--awb-icon-height:27.2px;--awb-icon-margin:11.2px;--awb-content-margin:38.4px;--awb-circlecolor:var(--awb-custom17);--awb-circle-yes-font-size:14.08px;\" class=\"fusion-checklist fusion-checklist-1 fusion-checklist-default type-icons\"><li class=\"fusion-li-item\" style=\"\"><span class=\"icon-wrapper circle-yes\"><i class=\"fusion-li-icon fa-star-half far\" aria-hidden=\"true\"><\/i><\/span><div class=\"fusion-li-item-content\">\n<p><strong>F\u00eate liturgique : 9 octobre<\/strong><\/p>\n<\/div><\/li><li class=\"fusion-li-item\" style=\"\"><span class=\"icon-wrapper circle-yes\"><i class=\"fusion-li-icon fa-star-half far\" aria-hidden=\"true\"><\/i><\/span><div class=\"fusion-li-item-content\">\n<p>Martyris\u00e9s en Espagne le 9 octobre 1934<\/p>\n<\/div><\/li><li class=\"fusion-li-item\" style=\"\"><span class=\"icon-wrapper circle-yes\"><i class=\"fusion-li-icon fa-star-half far\" aria-hidden=\"true\"><\/i><\/span><div class=\"fusion-li-item-content\">\n<p>B\u00e9atification : 29\/04\/1990 \u2013 S.S.Jean-Paul II<\/p>\n<\/div><\/li><li class=\"fusion-li-item\" style=\"\"><span class=\"icon-wrapper circle-yes\"><i class=\"fusion-li-icon fa-star-half far\" aria-hidden=\"true\"><\/i><\/span><div class=\"fusion-li-item-content\">\n<p>Canonisation : 21\/11\/1999 \u2013 S.S. Jean Paul II<\/p>\n<\/div><\/li><\/ul><div class=\"fusion-separator fusion-full-width-sep\" style=\"align-self: center;margin-left: auto;margin-right: auto;margin-top:15px;margin-bottom:15px;width:100%;\"><\/div><div class=\"fusion-title title fusion-title-3 sep-underline sep-solid fusion-title-text fusion-title-size-two\" style=\"--awb-text-color:var(--awb-custom17);--awb-sep-color:var(--awb-custom17);--awb-font-size:22px;\"><h2 class=\"fusion-title-heading title-heading-left\" style=\"margin:0;font-size:1em;\">En relation<\/h2><\/div><ul style=\"--awb-line-height:27.2px;--awb-icon-width:27.2px;--awb-icon-height:27.2px;--awb-icon-margin:11.2px;--awb-content-margin:38.4px;--awb-circlecolor:var(--awb-custom17);--awb-circle-yes-font-size:14.08px;\" class=\"fusion-checklist fusion-checklist-2 fusion-checklist-default type-icons\"><li class=\"fusion-li-item\" style=\"\"><span class=\"icon-wrapper circle-yes\"><i class=\"fusion-li-icon fa-file-alt far\" aria-hidden=\"true\"><\/i><\/span><div class=\"fusion-li-item-content\">\n<p><a href=\"https:\/\/www.lasalle.org\/fr\/santidad-lasaliana\/saint-jaime-hilario-barbal\/\" data-type=\"URL\" data-id=\"https:\/\/www.lasalle.org\/fr\/santidad-lasaliana\/saint-jaime-hilario-barbal\/\">Saint Jaime Hilario Barbal<\/a>\u00a01898-1937<br \/>\n(9 octobre)<\/p>\n<\/div><\/li><li class=\"fusion-li-item\" style=\"\"><span class=\"icon-wrapper circle-yes\"><i class=\"fusion-li-icon fa-file-image far\" aria-hidden=\"true\"><\/i><\/span><div class=\"fusion-li-item-content\">\n<p><a href=\"https:\/\/goo.gl\/photos\/dj9ovTYdf9YSoQ9b8\" target=\"_blank\" rel=\"noreferrer noopener\">Images &#8211; St. Jaime Hilario Barbal<\/a><\/p>\n<\/div><\/li><\/ul><div class=\"fusion-separator fusion-full-width-sep\" style=\"align-self: center;margin-left: auto;margin-right: auto;margin-top:15px;margin-bottom:15px;width:100%;\"><\/div><div class=\"fusion-title title fusion-title-4 sep-underline sep-solid fusion-title-text fusion-title-size-two\" style=\"--awb-text-color:var(--awb-custom17);--awb-sep-color:var(--awb-custom17);--awb-font-size:22px;\"><h2 class=\"fusion-title-heading title-heading-left\" style=\"margin:0;font-size:1em;\">Ressources<\/h2><\/div><ul style=\"--awb-line-height:27.2px;--awb-icon-width:27.2px;--awb-icon-height:27.2px;--awb-icon-margin:11.2px;--awb-content-margin:38.4px;--awb-circlecolor:var(--awb-custom17);--awb-circle-yes-font-size:14.08px;\" class=\"fusion-checklist fusion-checklist-3 fusion-checklist-default type-icons\"><li class=\"fusion-li-item\" style=\"\"><span class=\"icon-wrapper circle-yes\"><i class=\"fusion-li-icon fa-file-pdf far\" aria-hidden=\"true\"><\/i><\/span><div class=\"fusion-li-item-content\">\n<p><a href=\"https:\/\/www.lasalle.org\/wp-content\/uploads\/2019\/09\/9-Octobre-Saints-CIRILO-JAIME-et-Compagnons-Martyrs-1.pdf\" target=\"_blank\" rel=\"noreferrer noopener\">9 Octobre \u2013 Texte liturgiques<\/a><br \/>\nagr\u00e8\u00e8s par la Congr\u00e9gation pour le Culte Divin et la Discipline des Sacrements<\/p>\n<\/div><\/li><li class=\"fusion-li-item\" style=\"\"><span class=\"icon-wrapper circle-yes\"><i class=\"fusion-li-icon fa-file-image far\" aria-hidden=\"true\"><\/i><\/span><div class=\"fusion-li-item-content\">\n<p><a href=\"https:\/\/goo.gl\/photos\/iJderVQr7GnUkD3t8\" target=\"_blank\" rel=\"noreferrer noopener\">Images &#8211; SS. Cirilo Bertr\u00e1n y comps.<\/a><\/p>\n<\/div><\/li><li class=\"fusion-li-item\" style=\"\"><span class=\"icon-wrapper circle-yes\"><i class=\"fusion-li-icon fa-flickr fab\" aria-hidden=\"true\"><\/i><\/span><div class=\"fusion-li-item-content\">\n<p><a href=\"https:\/\/www.flickr.com\/photos\/lasalle_org\/albums\/72177720314187468\/\" target=\"_blank\" rel=\"noopener\">B\u00e9atification des martyrs Tur\u00f3n et Jaime Hilario<\/a><br \/>\n(29 avril 1990)<\/p>\n<\/div><\/li><li class=\"fusion-li-item\" style=\"\"><span class=\"icon-wrapper circle-yes\"><i class=\"fusion-li-icon fa-flickr fab\" aria-hidden=\"true\"><\/i><\/span><div class=\"fusion-li-item-content\">\n<p><a href=\"https:\/\/www.flickr.com\/photos\/lasalle_org\/albums\/72177720314176536\/\" target=\"_blank\" rel=\"noopener\">Canonisation des martyrs Tur\u00f3n et Jaime Hilario<\/a><br \/>\n(21 novembre 1999)<\/p>\n<\/div><\/li><\/ul><div class=\"fusion-separator fusion-full-width-sep\" style=\"align-self: center;margin-left: auto;margin-right: auto;margin-top:15px;margin-bottom:15px;width:100%;\"><div class=\"fusion-separator-border sep-single sep-solid\" style=\"--awb-height:20px;--awb-amount:20px;--awb-sep-color:var(--awb-custom17);border-color:var(--awb-custom17);border-top-width:1px;\"><\/div><\/div><div class=\"awb-gallery-wrapper awb-gallery-wrapper-1 button-span-no\" style=\"--more-btn-alignment:center;\"><div style=\"margin:-5px;--awb-bordersize:0px;\" class=\"fusion-gallery fusion-gallery-container fusion-grid-1 fusion-columns-total-1 fusion-gallery-layout-grid fusion-gallery-1\"><div style=\"padding:5px;\" class=\"fusion-grid-column fusion-gallery-column fusion-gallery-column-1 hover-type-none\"><div class=\"fusion-gallery-image\"><a href=\"https:\/\/www.lasalle.org\/wp-content\/uploads\/2019\/07\/Udien_0001.jpg\" rel=\"noreferrer\" data-rel=\"iLightbox[gallery_image_1]\" class=\"fusion-lightbox\" target=\"_self\"><img decoding=\"async\" src=\"https:\/\/www.lasalle.org\/wp-content\/uploads\/2019\/07\/Udien_0001.jpg\" width=\"3496\" height=\"2384\" alt=\"\" title=\"Udien_0001\" aria-label=\"Udien_0001\" class=\"img-responsive wp-image-51027\" srcset=\"https:\/\/www.lasalle.org\/wp-content\/uploads\/2019\/07\/Udien_0001-300x205.jpg 300w, https:\/\/www.lasalle.org\/wp-content\/uploads\/2019\/07\/Udien_0001-768x524.jpg 768w, https:\/\/www.lasalle.org\/wp-content\/uploads\/2019\/07\/Udien_0001-1024x698.jpg 1024w, https:\/\/www.lasalle.org\/wp-content\/uploads\/2019\/07\/Udien_0001.jpg 3496w\" sizes=\"(max-width: 3496px) 100vw, 3496px\" \/><\/a><\/div><\/div><div class=\"clearfix\"><\/div><\/div><\/div><div class=\"fusion-text fusion-text-11\" style=\"--awb-font-size:14px;\"><p style=\"text-align: center;\">Les Fr\u00e8res Thomas Johnson et Rodolfo Meoli remettent une relique de Saint Hector Valdivieso (premier Aaint argentin) \u00e0 Sa Saintet\u00e9 le Pape Fran\u00e7ois.<\/p>\n<\/div><div class=\"fusion-separator fusion-full-width-sep\" style=\"align-self: center;margin-left: auto;margin-right: auto;margin-top:15px;margin-bottom:15px;width:100%;\"><div class=\"fusion-separator-border sep-single sep-solid\" style=\"--awb-height:20px;--awb-amount:20px;--awb-sep-color:var(--awb-custom17);border-color:var(--awb-custom17);border-top-width:1px;\"><\/div><\/div><\/div><\/div><\/div><\/div>\n","protected":false},"excerpt":{"rendered":"","protected":false},"author":13,"featured_media":112179,"parent":10536,"menu_order":0,"comment_status":"open","ping_status":"closed","template":"","meta":{"_tec_requires_first_save":true,"_monsterinsights_skip_tracking":false,"_monsterinsights_sitenote_active":false,"_monsterinsights_sitenote_note":"","_monsterinsights_sitenote_category":0,"_EventAllDay":false,"_EventTimezone":"","_EventStartDate":"","_EventEndDate":"","_EventStartDateUTC":"","_EventEndDateUTC":"","_EventShowMap":false,"_EventShowMapLink":false,"_EventURL":"","_EventCost":"","_EventCostDescription":"","_EventCurrencySymbol":"","_EventCurrencyCode":"","_EventCurrencyPosition":"","_EventDateTimeSeparator":"","_EventTimeRangeSeparator":"","_EventOrganizerID":[],"_EventVenueID":[],"_OrganizerEmail":"","_OrganizerPhone":"","_OrganizerWebsite":"","_VenueAddress":"","_VenueCity":"","_VenueCountry":"","_VenueProvince":"","_VenueState":"","_VenueZip":"","_VenuePhone":"","_VenueURL":"","_VenueStateProvince":"","_VenueLat":"","_VenueLng":"","_VenueShowMap":false,"_VenueShowMapLink":false,"_tribe_blocks_recurrence_rules":"","_tribe_blocks_recurrence_description":"","_tribe_blocks_recurrence_exclusions":"","footnotes":""},"class_list":["post-10551","page","type-page","status-publish","has-post-thumbnail","hentry"],"_links":{"self":[{"href":"https:\/\/www.lasalle.org\/fr\/wp-json\/wp\/v2\/pages\/10551","targetHints":{"allow":["GET"]}}],"collection":[{"href":"https:\/\/www.lasalle.org\/fr\/wp-json\/wp\/v2\/pages"}],"about":[{"href":"https:\/\/www.lasalle.org\/fr\/wp-json\/wp\/v2\/types\/page"}],"author":[{"embeddable":true,"href":"https:\/\/www.lasalle.org\/fr\/wp-json\/wp\/v2\/users\/13"}],"replies":[{"embeddable":true,"href":"https:\/\/www.lasalle.org\/fr\/wp-json\/wp\/v2\/comments?post=10551"}],"version-history":[{"count":5,"href":"https:\/\/www.lasalle.org\/fr\/wp-json\/wp\/v2\/pages\/10551\/revisions"}],"predecessor-version":[{"id":116526,"href":"https:\/\/www.lasalle.org\/fr\/wp-json\/wp\/v2\/pages\/10551\/revisions\/116526"}],"up":[{"embeddable":true,"href":"https:\/\/www.lasalle.org\/fr\/wp-json\/wp\/v2\/pages\/10536"}],"wp:featuredmedia":[{"embeddable":true,"href":"https:\/\/www.lasalle.org\/fr\/wp-json\/wp\/v2\/media\/112179"}],"wp:attachment":[{"href":"https:\/\/www.lasalle.org\/fr\/wp-json\/wp\/v2\/media?parent=10551"}],"curies":[{"name":"wp","href":"https:\/\/api.w.org\/{rel}","templated":true}]}}