{"id":10552,"date":"2018-12-10T13:36:20","date_gmt":"2018-12-10T13:36:20","guid":{"rendered":"http:\/\/lasalle.vl20054.dinaserver.com\/ven-adolfo-chatillon-theophanius-leo\/"},"modified":"2025-07-24T14:59:23","modified_gmt":"2025-07-24T12:59:23","slug":"ven-adolfo-chatillon","status":"publish","type":"page","link":"https:\/\/www.lasalle.org\/fr\/saintete-lasallienne\/ven-adolfo-chatillon\/","title":{"rendered":"Ven. Adolfo Ch\u00e2tillon (Th\u00e9ophanius-L\u00e9o)"},"content":{"rendered":"<div class=\"fusion-fullwidth fullwidth-box fusion-builder-row-1 fusion-flex-container has-pattern-background has-mask-background nonhundred-percent-fullwidth non-hundred-percent-height-scrolling\" style=\"--awb-border-radius-top-left:0px;--awb-border-radius-top-right:0px;--awb-border-radius-bottom-right:0px;--awb-border-radius-bottom-left:0px;--awb-flex-wrap:wrap;\" ><div class=\"fusion-builder-row fusion-row fusion-flex-align-items-flex-start fusion-flex-content-wrap\" style=\"max-width:1248px;margin-left: calc(-4% \/ 2 );margin-right: calc(-4% \/ 2 );\"><div class=\"fusion-layout-column fusion_builder_column fusion-builder-column-0 fusion_builder_column_3_4 3_4 fusion-flex-column\" style=\"--awb-bg-size:cover;--awb-width-large:75%;--awb-margin-top-large:0px;--awb-spacing-right-large:2.56%;--awb-margin-bottom-large:20px;--awb-spacing-left-large:2.56%;--awb-width-medium:75%;--awb-order-medium:0;--awb-spacing-right-medium:2.56%;--awb-spacing-left-medium:2.56%;--awb-width-small:100%;--awb-order-small:0;--awb-spacing-right-small:1.92%;--awb-spacing-left-small:1.92%;\"><div class=\"fusion-column-wrapper fusion-column-has-shadow fusion-flex-justify-content-flex-start fusion-content-layout-column\"><div class=\"fusion-title title fusion-title-1 sep-underline sep-solid fusion-title-text fusion-title-size-two\" style=\"--awb-text-color:var(--awb-custom17);--awb-sep-color:var(--awb-custom17);--awb-font-size:22px;\"><h2 class=\"fusion-title-heading title-heading-left\" style=\"margin:0;font-size:1em;\">V\u00e9n\u00e9rable Fr. Adolphe Chatill\u00f3n (Th\u00e9ophanius-L\u00e9o)<\/h2><\/div><div class=\"fusion-text fusion-text-1\"><p><img decoding=\"async\" class=\"alignright size-medium wp-image-8465\" src=\"https:\/\/www.lasalle.org\/wp-content\/uploads\/2018\/12\/adolphe_chatillon-249x300.jpg\" alt=\"\" width=\"249\" height=\"300\" srcset=\"https:\/\/www.lasalle.org\/wp-content\/uploads\/2018\/12\/adolphe_chatillon-249x300.jpg 249w, https:\/\/www.lasalle.org\/wp-content\/uploads\/2018\/12\/adolphe_chatillon.jpg 256w\" sizes=\"(max-width: 249px) 100vw, 249px\" \/>Adolphe Chatillon est n\u00e9 \u00e0 Nicolet, au Qu\u00e9bec, le 31 octobre 1871. Il a grandi au aupr\u00e8s de parents chr\u00e9tiens convaincus : Octave Hardy-Chatillon et Alma Alexandre. En plus d\u2019Adolphe, fr\u00e8re des \u00e9coles chr\u00e9tiennes, cette famille donna \u00e0 l\u2019\u00c9glise Edmond, pr\u00eatre s\u00e9culier, et Robert, Oblat de Marie-Immacul\u00e9e. \u00c9douard, \u00e9poux de J. Desaulniers, fonda une famille de 5 enfants. Octavie mari\u00e9e \u00e0 Honorius Ricard, m\u00e9decin, \u00e9leva aussi une heureuse descendance.<\/p>\n<p>Devenu orphelin \u00e0 neuf ans, Adolphe fut mis en pension \u00e0 la Baie-du-Febvre puis \u00e0 Yamachiche. \u00c0 13 ans, en f\u00e9vrier 1884, il se pr\u00e9senta au Petit-Noviciat de Montr\u00e9al pour y devenir fr\u00e8re. Le 26 juillet 1887, il entreprit son noviciat sous le nom de F. Th\u00e9ophanius-L\u00e9o.<\/p>\n<\/div><div class=\"accordian fusion-accordian\" style=\"--awb-border-size:1px;--awb-icon-size:16px;--awb-content-font-size:20px;--awb-icon-alignment:left;--awb-hover-color:#f9f9fb;--awb-border-color:#e2e2e2;--awb-background-color:#ffffff;--awb-divider-color:#e0dede;--awb-divider-hover-color:#e0dede;--awb-icon-color:#ffffff;--awb-title-color:#0056b3;--awb-content-color:#082b4c;--awb-icon-box-color:#333333;--awb-toggle-hover-accent-color:var(--awb-custom17);--awb-title-font-family:&quot;Open Sans&quot;;--awb-title-font-weight:400;--awb-title-font-style:normal;--awb-title-font-size:18px;--awb-content-font-family:&quot;PT Sans&quot;;--awb-content-font-style:normal;--awb-content-font-weight:regular;\"><div class=\"panel-group fusion-toggle-icon-boxed\" id=\"accordion-10552-1\"><div class=\"fusion-panel panel-default panel-7ea7073716736a283 fusion-toggle-has-divider\" style=\"--awb-title-color:#0056b3;--awb-content-color:#082b4c;\"><div class=\"panel-heading\"><h2 class=\"panel-title toggle\" id=\"toggle_7ea7073716736a283\"><a aria-expanded=\"false\" aria-controls=\"7ea7073716736a283\" role=\"button\" data-toggle=\"collapse\" data-parent=\"#accordion-10552-1\" data-target=\"#7ea7073716736a283\" href=\"#7ea7073716736a283\"><span class=\"fusion-toggle-icon-wrapper\" aria-hidden=\"true\"><i class=\"fa-fusion-box active-icon awb-icon-minus\" aria-hidden=\"true\"><\/i><i class=\"fa-fusion-box inactive-icon awb-icon-plus\" aria-hidden=\"true\"><\/i><\/span><span class=\"fusion-toggle-heading\">Professeur soucieux<\/span><\/a><\/h2><\/div><div id=\"7ea7073716736a283\" class=\"panel-collapse collapse \" aria-labelledby=\"toggle_7ea7073716736a283\"><div class=\"panel-body toggle-content fusion-clearfix\">\n<p>Les talents et le d\u00e9vouement du jeune professeur ne tard\u00e8rent pas \u00e0 attirer l\u2019attention de ses Sup\u00e9rieurs. Il s\u2019ing\u00e9niait \u00e0 rendre son enseignement le plus vivant possible. Il s\u2019attardait davantage pour aider ceux qui avaient quelques difficult\u00e9s. Il apportait un soin sp\u00e9cial \u00e0 rendre captivant l\u2019enseignement du cat\u00e9chisme.<\/p>\n<\/div><\/div><\/div><div class=\"fusion-panel panel-default panel-6d40b38182a0217de fusion-toggle-has-divider\" style=\"--awb-title-color:#0056b3;--awb-content-color:#082b4c;\"><div class=\"panel-heading\"><h2 class=\"panel-title toggle\" id=\"toggle_6d40b38182a0217de\"><a aria-expanded=\"false\" aria-controls=\"6d40b38182a0217de\" role=\"button\" data-toggle=\"collapse\" data-parent=\"#accordion-10552-1\" data-target=\"#6d40b38182a0217de\" href=\"#6d40b38182a0217de\"><span class=\"fusion-toggle-icon-wrapper\" aria-hidden=\"true\"><i class=\"fa-fusion-box active-icon awb-icon-minus\" aria-hidden=\"true\"><\/i><i class=\"fa-fusion-box inactive-icon awb-icon-plus\" aria-hidden=\"true\"><\/i><\/span><span class=\"fusion-toggle-heading\">Son amour des jeunes<\/span><\/a><\/h2><\/div><div id=\"6d40b38182a0217de\" class=\"panel-collapse collapse \" aria-labelledby=\"toggle_6d40b38182a0217de\"><div class=\"panel-body toggle-content fusion-clearfix\">\n<p>\u00c0 Lachine, en 1904, appel\u00e9 \u00e0 remplacer le directeur, qui jouissait d\u2019un bon ascendant aupr\u00e8s du personnel enseignant et des \u00e9l\u00e8ves, son doigt\u00e9 triompha de la situation difficile.<\/p>\n<p>En 1907, il recevait un mandat pour diriger l\u2019\u00e9cole Sainte-Cun\u00e9gonde, \u00e0 Montr\u00e9al. D\u00e8s le d\u00e9but de l\u2019ann\u00e9e, il manifesta enthousiasme et d\u00e9vouement pour les jeunes. Sa simplicit\u00e9 et son affabilit\u00e9 lui gagnaient tous les c\u0153urs. La bont\u00e9 semble avoir \u00e9t\u00e9 l\u2019inclination de son grand c\u0153ur. Il avait d\u2019ailleurs pris comme devise : \u00abRendre heureux pour rendre meilleur\u00bb.<\/p>\n<p>Trois mois apr\u00e8s son arriv\u00e9e \u00e0 l\u2019\u00e9cole Sainte-Cun\u00e9gonde, une grave maladie le terrassa; autour de lui on pensa qu\u2019il allait mourir. Une intense pri\u00e8re de son entourage le ramena \u00e0 la sant\u00e9, mais il dut s\u2019\u00e9loigner de ceux qu\u2019il ch\u00e9rissait et se soumettre \u00e0 une longue convalescence.<\/p>\n<\/div><\/div><\/div><div class=\"fusion-panel panel-default panel-ec21251d9f8855c1f fusion-toggle-has-divider\" style=\"--awb-title-color:#0056b3;--awb-content-color:#082b4c;\"><div class=\"panel-heading\"><h2 class=\"panel-title toggle\" id=\"toggle_ec21251d9f8855c1f\"><a aria-expanded=\"false\" aria-controls=\"ec21251d9f8855c1f\" role=\"button\" data-toggle=\"collapse\" data-parent=\"#accordion-10552-1\" data-target=\"#ec21251d9f8855c1f\" href=\"#ec21251d9f8855c1f\"><span class=\"fusion-toggle-icon-wrapper\" aria-hidden=\"true\"><i class=\"fa-fusion-box active-icon awb-icon-minus\" aria-hidden=\"true\"><\/i><i class=\"fa-fusion-box inactive-icon awb-icon-plus\" aria-hidden=\"true\"><\/i><\/span><span class=\"fusion-toggle-heading\">Formation des jeunes religieux<\/span><\/a><\/h2><\/div><div id=\"ec21251d9f8855c1f\" class=\"panel-collapse collapse \" aria-labelledby=\"toggle_ec21251d9f8855c1f\"><div class=\"panel-body toggle-content fusion-clearfix\">\n<p>Fr\u00e8re Th\u00e9ophanius occupa cette convalescence \u00e0 donner quelques le\u00e7ons de chant et de liturgie aux novices. R\u00e9alisait-t-il qu\u2019en accomplissant ce travail b\u00e9n\u00e9vole, il se pr\u00e9parait \u00e0 assumer la direction du noviciat quatre ans plus tard?<\/p>\n<p>\u00ab Ma mission aupr\u00e8s de ces jeunes est de les aider \u00e0 se former; je suis ici pour leur montrer comment faire; mon r\u00f4le est de les amener \u00e0 agir par eux-m\u00eames et sans aide, aussit\u00f4t que possible. \u00bb \u00ab Au cours de votre noviciat, disait-il aux jeunes, une id\u00e9e forte, charg\u00e9e de toutes les \u00e9nergies de votre \u00e2me, doit vous dominer; la voici : je veux \u00eatre l\u2019ami de J\u00e9sus, l\u2019enfant de Marie et le h\u00e9ros des \u00e2mes. \u00bb L\u2019harmonie \u00e9tait parfaite entre ses paroles et ses actions. Ce travail de formateur religieux n\u2019\u00e9tait pas de tout repos. Il y consacra onze ann\u00e9es cons\u00e9cutives (1912-1923) auxquelles on peut ajouter les ann\u00e9es de sous-directorat de 1908 \u00e0 1912.<\/p>\n<p>En 1923, il fut appel\u00e9 \u00e0 visiter les maisons de formation de l\u2019Am\u00e9rique du Nord. Travail alourdi par la longueur des voyages et les atteintes sourdes de la maladie qui devait l\u2019emporter.<\/p>\n<\/div><\/div><\/div><div class=\"fusion-panel panel-default panel-7407c2c6cc7891183 fusion-toggle-has-divider\" style=\"--awb-title-color:#0056b3;--awb-content-color:#082b4c;\"><div class=\"panel-heading\"><h2 class=\"panel-title toggle\" id=\"toggle_7407c2c6cc7891183\"><a aria-expanded=\"false\" aria-controls=\"7407c2c6cc7891183\" role=\"button\" data-toggle=\"collapse\" data-parent=\"#accordion-10552-1\" data-target=\"#7407c2c6cc7891183\" href=\"#7407c2c6cc7891183\"><span class=\"fusion-toggle-icon-wrapper\" aria-hidden=\"true\"><i class=\"fa-fusion-box active-icon awb-icon-minus\" aria-hidden=\"true\"><\/i><i class=\"fa-fusion-box inactive-icon awb-icon-plus\" aria-hidden=\"true\"><\/i><\/span><span class=\"fusion-toggle-heading\">Malade \u00e9difiant<\/span><\/a><\/h2><\/div><div id=\"7407c2c6cc7891183\" class=\"panel-collapse collapse \" aria-labelledby=\"toggle_7407c2c6cc7891183\"><div class=\"panel-body toggle-content fusion-clearfix\">\n<p>En novembre 1928, Fr\u00e8re Th\u00e9ophanius assista en Belgique au Chapitre g\u00e9n\u00e9ral de sa communaut\u00e9 comme pr\u00e9sident de la commission charg\u00e9e d\u2019\u00e9tudier l\u2019observance des R\u00e8gles. En raison d\u2019un cancer de l\u2019intestin, il \u00e9prouva une grande fatigue. On le conduisit \u00e0 Paris pour y subir une s\u00e9rieuse intervention qui n\u2019obtint pas le r\u00e9sultat esp\u00e9r\u00e9.<\/p>\n<p>Au d\u00e9but de mars 1929, il se sentait d\u2019attaque pour risquer le retour en paquebot, en compagnie d\u2019un bon infirmier, pour retrouver son milieu de vie, le \u00abMont-De-La-Salle\u00bb.<\/p>\n<p>Pendant tout le temps que dura sa maladie, il fut un patient priant, souriant et courageux. 0n accourait aupr\u00e8s de son lit comme en p\u00e8lerinage. Si bien que sa chambre \u00e9tait une sorte d\u2019oratoire et que l\u2019on en sortait meilleur. Il s\u2019\u00e9teignit paisiblement entour\u00e9 des siens, le dimanche 28 avril 1929.<\/p>\n<\/div><\/div><\/div><div class=\"fusion-panel panel-default panel-25365eb73b3f78928 fusion-toggle-has-divider\" style=\"--awb-title-color:#0056b3;--awb-content-color:#082b4c;\"><div class=\"panel-heading\"><h2 class=\"panel-title toggle\" id=\"toggle_25365eb73b3f78928\"><a aria-expanded=\"false\" aria-controls=\"25365eb73b3f78928\" role=\"button\" data-toggle=\"collapse\" data-parent=\"#accordion-10552-1\" data-target=\"#25365eb73b3f78928\" href=\"#25365eb73b3f78928\"><span class=\"fusion-toggle-icon-wrapper\" aria-hidden=\"true\"><i class=\"fa-fusion-box active-icon awb-icon-minus\" aria-hidden=\"true\"><\/i><i class=\"fa-fusion-box inactive-icon awb-icon-plus\" aria-hidden=\"true\"><\/i><\/span><span class=\"fusion-toggle-heading\">Son influence<\/span><\/a><\/h2><\/div><div id=\"25365eb73b3f78928\" class=\"panel-collapse collapse \" aria-labelledby=\"toggle_25365eb73b3f78928\"><div class=\"panel-body toggle-content fusion-clearfix\">\n<p>Son rayonnement Depuis le d\u00e9c\u00e8s de Fr\u00e8re Th\u00e9ophanius, plusieurs personnes ont \u00e9t\u00e9 l\u2019objet de faveurs, dont quelques-unes paraissent bien remarquables. Fr\u00e8re Th\u00e9ophanius-L\u00e9o a v\u00e9cu plus de la moiti\u00e9 de sa vie avec la jeunesse : tous, jeunes ou non, peuvent esp\u00e9rer \u00eatre les heureux b\u00e9n\u00e9ficiaires de son cr\u00e9dit aupr\u00e8s de Dieu.<\/p>\n<p>Le proc\u00e8s dioc\u00e9sain en vue d\u2019introduire sa cause \u00e0 Rome s\u2019est termin\u00e9 le 31 mars 1990. La \u00ab Positio \u00bb, document qui servira \u00e0 d\u00e9montrer l\u2019h\u00e9ro\u00efcit\u00e9 de ses vertus, est maintenant pr\u00eate \u00e0 \u00eatre pr\u00e9sent\u00e9e \u00e0 la Congr\u00e9gation des Saints. Que Dieu nous obtienne, par l\u2019intercession de son serviteur Th\u00e9ophanius-L\u00e9o Chatillon, un miracle qui h\u00e2terait sa b\u00e9atification.<br \/>\n(d\u2019apr\u00e8s F. G\u00e9rard Champagne, f.\u00e9.c.)<\/p>\n<\/div><\/div><\/div><div class=\"fusion-panel panel-default panel-a4b2d7ecedc513950 fusion-toggle-has-divider\" style=\"--awb-title-color:#0056b3;--awb-content-color:#082b4c;\"><div class=\"panel-heading\"><h2 class=\"panel-title toggle\" id=\"toggle_a4b2d7ecedc513950\"><a aria-expanded=\"false\" aria-controls=\"a4b2d7ecedc513950\" role=\"button\" data-toggle=\"collapse\" data-parent=\"#accordion-10552-1\" data-target=\"#a4b2d7ecedc513950\" href=\"#a4b2d7ecedc513950\"><span class=\"fusion-toggle-icon-wrapper\" aria-hidden=\"true\"><i class=\"fa-fusion-box active-icon awb-icon-minus\" aria-hidden=\"true\"><\/i><i class=\"fa-fusion-box inactive-icon awb-icon-plus\" aria-hidden=\"true\"><\/i><\/span><span class=\"fusion-toggle-heading\">Pri\u00e8re pour demander la b\u00e9atification du V\u00e9n\u00e9rable Fr\u00e8re Adolphe Chatillon<\/span><\/a><\/h2><\/div><div id=\"a4b2d7ecedc513950\" class=\"panel-collapse collapse \" aria-labelledby=\"toggle_a4b2d7ecedc513950\"><div class=\"panel-body toggle-content fusion-clearfix\">\n<p style=\"text-align: center;\">Dieu \u00e9ternel et tout-puissant qui avez une pr\u00e9dilection marqu\u00e9e pour les humbles et les petits, acceptez favorablement les pri\u00e8res que nous vous adressons pour la glorification de votre serviteur Adolphe Chatillon.<\/p>\n<p>Si c\u2019est votre d\u00e9sir et votre plus grande gloire, accordez-nous la faveur que nous sollicitons par son intercession<\/p>\n<p style=\"text-align: center;\">[mentionner l\u2019intention]\n<p style=\"text-align: center;\">et daignez h\u00e2ter le jour o\u00f9 il nous sera permis d\u2019honorer publiquement cet ap\u00f4tre du Coeur de J\u00e9sus et ce grand d\u00e9vot de la Vierge Marie.<\/p>\n<p>(Autorisation de Mgr Paul Gr\u00e9goire, archev\u00eaque de Montr\u00e9al, N.P. 15\/1987)<\/p>\n<\/div><\/div><\/div><\/div><\/div><div class=\"fusion-separator fusion-full-width-sep\" style=\"align-self: center;margin-left: auto;margin-right: auto;margin-top:15px;margin-bottom:15px;width:100%;\"><div class=\"fusion-separator-border sep-single sep-solid\" style=\"--awb-height:20px;--awb-amount:20px;--awb-sep-color:var(--awb-custom17);border-color:var(--awb-custom17);border-top-width:1px;\"><\/div><\/div><nav class=\"fusion-breadcrumbs fusion-breadcrumbs-1\" style=\"--awb-breadcrumb-sep:&#039;\/&#039;;\" aria-label=\"Breadcrumb\"><ol class=\"awb-breadcrumb-list\"><\/ol><\/nav><\/div><\/div><div class=\"fusion-layout-column fusion_builder_column fusion-builder-column-1 fusion_builder_column_1_4 1_4 fusion-flex-column\" style=\"--awb-bg-size:cover;--awb-width-large:25%;--awb-margin-top-large:0px;--awb-spacing-right-large:7.68%;--awb-margin-bottom-large:20px;--awb-spacing-left-large:7.68%;--awb-width-medium:25%;--awb-order-medium:0;--awb-spacing-right-medium:7.68%;--awb-spacing-left-medium:7.68%;--awb-width-small:100%;--awb-order-small:0;--awb-spacing-right-small:1.92%;--awb-spacing-left-small:1.92%;\"><div class=\"fusion-column-wrapper fusion-column-has-shadow fusion-flex-justify-content-flex-start fusion-content-layout-column\"><div class=\"fusion-title title fusion-title-2 sep-underline sep-solid fusion-title-text fusion-title-size-two\" style=\"--awb-text-color:var(--awb-custom17);--awb-sep-color:var(--awb-custom17);--awb-font-size:22px;\"><h2 class=\"fusion-title-heading title-heading-left\" style=\"margin:0;font-size:1em;\">Dates importantes<\/h2><\/div><ul style=\"--awb-line-height:27.2px;--awb-icon-width:27.2px;--awb-icon-height:27.2px;--awb-icon-margin:11.2px;--awb-content-margin:38.4px;--awb-circlecolor:var(--awb-custom17);--awb-circle-yes-font-size:14.08px;\" class=\"fusion-checklist fusion-checklist-1 fusion-checklist-default type-icons\"><li class=\"fusion-li-item\" style=\"\"><span class=\"icon-wrapper circle-yes\"><i class=\"fusion-li-icon fa-star-half far\" aria-hidden=\"true\"><\/i><\/span><div class=\"fusion-li-item-content\">\n<p>N\u00e9 \u00e0 Nicolet, Qu\u00e9bec, le 31 octobre 1871<\/p>\n<\/div><\/li><li class=\"fusion-li-item\" style=\"\"><span class=\"icon-wrapper circle-yes\"><i class=\"fusion-li-icon fa-star-half far\" aria-hidden=\"true\"><\/i><\/span><div class=\"fusion-li-item-content\">\n<p>D\u00e9c\u00e9d\u00e9 le 28 avril 1929<\/p>\n<\/div><\/li><\/ul><div class=\"fusion-separator fusion-full-width-sep\" style=\"align-self: center;margin-left: auto;margin-right: auto;margin-top:15px;margin-bottom:15px;width:100%;\"><\/div><div class=\"fusion-title title fusion-title-3 sep-underline sep-solid fusion-title-text fusion-title-size-two\" style=\"--awb-text-color:var(--awb-custom17);--awb-sep-color:var(--awb-custom17);--awb-font-size:22px;\"><h2 class=\"fusion-title-heading title-heading-left\" style=\"margin:0;font-size:1em;\">Ressources<\/h2><\/div><ul style=\"--awb-line-height:27.2px;--awb-icon-width:27.2px;--awb-icon-height:27.2px;--awb-icon-margin:11.2px;--awb-content-margin:38.4px;--awb-circlecolor:var(--awb-custom17);--awb-circle-yes-font-size:14.08px;\" class=\"fusion-checklist fusion-checklist-2 fusion-checklist-default type-icons\"><li class=\"fusion-li-item\" style=\"\"><span class=\"icon-wrapper circle-yes\"><i class=\"fusion-li-icon fa-file-image far\" aria-hidden=\"true\"><\/i><\/span><div class=\"fusion-li-item-content\">\n<p><a href=\"https:\/\/goo.gl\/photos\/67z6HFNMdE7BgFEW8\" target=\"_blank\" rel=\"noreferrer noopener\">Images<\/a><\/p>\n<\/div><\/li><li class=\"fusion-li-item\" style=\"\"><span class=\"icon-wrapper circle-yes\"><i class=\"fusion-li-icon fa-file-pdf far\" aria-hidden=\"true\"><\/i><\/span><div class=\"fusion-li-item-content\">\n<p><a href=\"https:\/\/www.lasalle.org\/wp-content\/uploads\/2019\/07\/theophnouv.pdf\" target=\"_blank\" rel=\"noreferrer noopener\">Fr\u00e8re Th\u00e9ophanius-L\u00e9o<\/a><\/p>\n<\/div><\/li><\/ul><div class=\"fusion-separator fusion-full-width-sep\" style=\"align-self: center;margin-left: auto;margin-right: auto;margin-top:15px;margin-bottom:15px;width:100%;\"><div class=\"fusion-separator-border sep-single sep-solid\" style=\"--awb-height:20px;--awb-amount:20px;--awb-sep-color:var(--awb-custom17);border-color:var(--awb-custom17);border-top-width:1px;\"><\/div><\/div><div class=\"fusion-text fusion-text-2\" style=\"--awb-font-size:16px;\"><p>Les personnes qui re\u00e7oivent des gr\u00e2ces, faveurs ou gu\u00e9risons par l\u2019intercession du Fr\u00e8re Th\u00e9ophanius-L\u00e9o sont pri\u00e9es de les faire conna\u00eetre \u00e0:<br \/>\nFr\u00e8re Yvon Larente, vice-postulateur<br \/>\n5714, avenue Darlington Montr\u00e9al<br \/>\n(Qu\u00e9bec) H3S 2H7<\/p>\n<p>Vous pouvez aussi obtenir, \u00e0 cette m\u00eame adresse, des images, brochures ou bulletins concernant le Fr\u00e8re Th\u00e9ophanius-L\u00e9o.<\/p>\n<\/div><div class=\"fusion-separator fusion-full-width-sep\" style=\"align-self: center;margin-left: auto;margin-right: auto;margin-top:15px;margin-bottom:15px;width:100%;\"><div class=\"fusion-separator-border sep-single sep-solid\" style=\"--awb-height:20px;--awb-amount:20px;--awb-sep-color:var(--awb-custom17);border-color:var(--awb-custom17);border-top-width:1px;\"><\/div><\/div><\/div><\/div><\/div><\/div>\n","protected":false},"excerpt":{"rendered":"","protected":false},"author":13,"featured_media":112397,"parent":10536,"menu_order":0,"comment_status":"open","ping_status":"closed","template":"","meta":{"_tec_requires_first_save":true,"_monsterinsights_skip_tracking":false,"_monsterinsights_sitenote_active":false,"_monsterinsights_sitenote_note":"","_monsterinsights_sitenote_category":0,"_EventAllDay":false,"_EventTimezone":"","_EventStartDate":"","_EventEndDate":"","_EventStartDateUTC":"","_EventEndDateUTC":"","_EventShowMap":false,"_EventShowMapLink":false,"_EventURL":"","_EventCost":"","_EventCostDescription":"","_EventCurrencySymbol":"","_EventCurrencyCode":"","_EventCurrencyPosition":"","_EventDateTimeSeparator":"","_EventTimeRangeSeparator":"","_EventOrganizerID":[],"_EventVenueID":[],"_OrganizerEmail":"","_OrganizerPhone":"","_OrganizerWebsite":"","_VenueAddress":"","_VenueCity":"","_VenueCountry":"","_VenueProvince":"","_VenueState":"","_VenueZip":"","_VenuePhone":"","_VenueURL":"","_VenueStateProvince":"","_VenueLat":"","_VenueLng":"","_VenueShowMap":false,"_VenueShowMapLink":false,"_tribe_blocks_recurrence_rules":"","_tribe_blocks_recurrence_description":"","_tribe_blocks_recurrence_exclusions":"","footnotes":""},"class_list":["post-10552","page","type-page","status-publish","has-post-thumbnail","hentry"],"_links":{"self":[{"href":"https:\/\/www.lasalle.org\/fr\/wp-json\/wp\/v2\/pages\/10552","targetHints":{"allow":["GET"]}}],"collection":[{"href":"https:\/\/www.lasalle.org\/fr\/wp-json\/wp\/v2\/pages"}],"about":[{"href":"https:\/\/www.lasalle.org\/fr\/wp-json\/wp\/v2\/types\/page"}],"author":[{"embeddable":true,"href":"https:\/\/www.lasalle.org\/fr\/wp-json\/wp\/v2\/users\/13"}],"replies":[{"embeddable":true,"href":"https:\/\/www.lasalle.org\/fr\/wp-json\/wp\/v2\/comments?post=10552"}],"version-history":[{"count":5,"href":"https:\/\/www.lasalle.org\/fr\/wp-json\/wp\/v2\/pages\/10552\/revisions"}],"predecessor-version":[{"id":116293,"href":"https:\/\/www.lasalle.org\/fr\/wp-json\/wp\/v2\/pages\/10552\/revisions\/116293"}],"up":[{"embeddable":true,"href":"https:\/\/www.lasalle.org\/fr\/wp-json\/wp\/v2\/pages\/10536"}],"wp:featuredmedia":[{"embeddable":true,"href":"https:\/\/www.lasalle.org\/fr\/wp-json\/wp\/v2\/media\/112397"}],"wp:attachment":[{"href":"https:\/\/www.lasalle.org\/fr\/wp-json\/wp\/v2\/media?parent=10552"}],"curies":[{"name":"wp","href":"https:\/\/api.w.org\/{rel}","templated":true}]}}