{"id":10563,"date":"2018-12-10T08:42:02","date_gmt":"2018-12-10T08:42:02","guid":{"rendered":"http:\/\/lasalle.vl20054.dinaserver.com\/gouvernement\/"},"modified":"2025-12-01T11:23:41","modified_gmt":"2025-12-01T10:23:41","slug":"animation-et-gouvernement","status":"publish","type":"page","link":"https:\/\/www.lasalle.org\/fr\/animation-et-gouvernement\/","title":{"rendered":"Animation"},"content":{"rendered":"<p><div class=\"fusion-fullwidth fullwidth-box fusion-builder-row-1 fusion-flex-container has-pattern-background has-mask-background nonhundred-percent-fullwidth non-hundred-percent-height-scrolling\" style=\"--awb-border-radius-top-left:0px;--awb-border-radius-top-right:0px;--awb-border-radius-bottom-right:0px;--awb-border-radius-bottom-left:0px;--awb-flex-wrap:wrap;\" ><div class=\"fusion-builder-row fusion-row fusion-flex-align-items-flex-start fusion-flex-content-wrap\" style=\"max-width:1248px;margin-left: calc(-4% \/ 2 );margin-right: calc(-4% \/ 2 );\"><div class=\"fusion-layout-column fusion_builder_column fusion-builder-column-0 fusion_builder_column_1_1 1_1 fusion-flex-column\" style=\"--awb-bg-size:cover;--awb-width-large:100%;--awb-margin-top-large:0px;--awb-spacing-right-large:1.92%;--awb-margin-bottom-large:20px;--awb-spacing-left-large:1.92%;--awb-width-medium:100%;--awb-order-medium:0;--awb-spacing-right-medium:1.92%;--awb-spacing-left-medium:1.92%;--awb-width-small:100%;--awb-order-small:0;--awb-spacing-right-small:1.92%;--awb-spacing-left-small:1.92%;\"><div class=\"fusion-column-wrapper fusion-column-has-shadow fusion-flex-justify-content-flex-start fusion-content-layout-column\"><div class=\"fusion-video fusion-youtube\" style=\"--awb-max-width:1200px;--awb-max-height:520px;--awb-align-self:center;--awb-width:100%;--awb-margin-bottom:10px;\"><div class=\"video-shortcode\"><div class=\"fluid-width-video-wrapper\" style=\"padding-top:43.33%;\" ><iframe title=\"YouTube video player 1\" src=\"https:\/\/www.youtube.com\/embed\/dQWMXnkrl6c?wmode=transparent&autoplay=0\" width=\"1200\" height=\"520\" allowfullscreen allow=\"autoplay; clipboard-write; encrypted-media; gyroscope; picture-in-picture;\"><\/iframe><\/div><\/div><\/div><\/div><\/div><\/div><\/div><div class=\"fusion-fullwidth fullwidth-box fusion-builder-row-2 fusion-flex-container has-pattern-background has-mask-background nonhundred-percent-fullwidth non-hundred-percent-height-scrolling\" style=\"--awb-border-radius-top-left:0px;--awb-border-radius-top-right:0px;--awb-border-radius-bottom-right:0px;--awb-border-radius-bottom-left:0px;--awb-flex-wrap:wrap;\" ><div class=\"fusion-builder-row fusion-row fusion-flex-align-items-flex-start fusion-flex-content-wrap\" style=\"max-width:1248px;margin-left: calc(-4% \/ 2 );margin-right: calc(-4% \/ 2 );\"><div class=\"fusion-layout-column fusion_builder_column fusion-builder-column-1 fusion_builder_column_3_4 3_4 fusion-flex-column\" style=\"--awb-bg-size:cover;--awb-width-large:75%;--awb-margin-top-large:0px;--awb-spacing-right-large:2.56%;--awb-margin-bottom-large:20px;--awb-spacing-left-large:2.56%;--awb-width-medium:75%;--awb-order-medium:0;--awb-spacing-right-medium:2.56%;--awb-spacing-left-medium:2.56%;--awb-width-small:100%;--awb-order-small:0;--awb-spacing-right-small:1.92%;--awb-spacing-left-small:1.92%;\"><div class=\"fusion-column-wrapper fusion-column-has-shadow fusion-flex-justify-content-flex-start fusion-content-layout-column\"><div class=\"fusion-title title fusion-title-1 sep-underline sep-solid fusion-title-text fusion-title-size-two\" style=\"--awb-text-color:var(--awb-custom17);--awb-sep-color:var(--awb-custom17);--awb-font-size:22px;\"><h2 class=\"fusion-title-heading title-heading-left\" style=\"margin:0;font-size:1em;\">Animation et gouvernement<\/h2><\/div><div class=\"fusion-title title fusion-title-2 fusion-sep-none fusion-title-text fusion-title-size-two\" style=\"--awb-text-color:var(--awb-custom17);--awb-font-size:20px;\"><h2 class=\"fusion-title-heading title-heading-left\" style=\"margin:0;font-size:1em;\"><p style=\"text-align: center;\"><em>\u00a0\u00ab Nous sommes une seule Famille Lasallienne, aux vocations diverses ;\u00a0 levain pour un monde plus fraternel, envoy\u00e9 pour rencontrer Dieu dans les pauvres et pour promouvoir la justice \u00bb.\u00a0 46eme Chapitre g\u00e9n\u00e9ral<\/em><\/p><\/h2><\/div><div class=\"fusion-text fusion-text-1\"><p>La nouvelle structure de gouvernance, leadership et animation de l&rsquo;Institut nous permet d&rsquo;\u00eatre plus agiles et dynamiques pour r\u00e9pondre aux besoins du monde d&rsquo;aujourd&rsquo;hui et aux nouvelles r\u00e9alit\u00e9s qui \u00e9mergent.<\/p>\n<p>Dans cette nouvelle structure, les Fr\u00e8res Visiteurs et les \u00e9quipes qui animent les Districts sont plac\u00e9es en premi\u00e8re ligne dans le leadership et le soutien aux communaut\u00e9s et aux \u0153uvres r\u00e9alis\u00e9es par la <strong><a href=\"https:\/\/www.lasalle.org\/fr\/mission-lasallienne\/\">Mission \u00c9ducative Lasallienne<\/a><\/strong>.<\/p>\n<p>En second lieu, il y a <a href=\"https:\/\/www.lasalle.org\/fr\/dans-le-monde\/\"><strong>les cinq grandes R\u00e9gions de l&rsquo;Institut<\/strong><\/a> : <a href=\"https:\/\/www.lasalle.org\/fr\/dans-le-monde\/parc\/\">PARC<\/a>, <a href=\"https:\/\/www.lasalle.org\/fr\/dans-le-monde\/relaf\/\">RELAF<\/a>, <a href=\"https:\/\/www.lasalle.org\/fr\/dans-le-monde\/relal\/\">RELAL<\/a>, <a href=\"https:\/\/www.lasalle.org\/fr\/dans-le-monde\/relan\/\">RELAN <\/a>et <a href=\"https:\/\/www.lasalle.org\/fr\/dans-le-monde\/relem\/\">RELEM<\/a>. Des r\u00e9gions form\u00e9es par des Districts qui travaillent en synergie, convergent dans une communion fraternelle et r\u00e9pondent aux besoins qui correspondent \u00e0 leur domaine de gouvernance.<\/p>\n<p>On retrouve ensuite les <strong>Commissions<\/strong>, qui reprennent les engagements et les lignes d&rsquo;action du <a href=\"https:\/\/fsc46gc.lasalle.org\/?lang=fr\" target=\"_blank\" rel=\"noopener\"><strong>Chapitre G\u00e9n\u00e9ral<\/strong><\/a> et de l&rsquo;<a href=\"https:\/\/www.lasalle.org\/fr\/iiie-aimel-rapport-final\/\"><strong>Assembl\u00e9e Internationale de la Mission \u00c9ducative Lasallienne (AIMEL)<\/strong><\/a>.\u00a0 En fonction des r\u00e9alit\u00e9s sp\u00e9cifiques, elles proposent des recommandations aux <a href=\"https:\/\/www.lasalle.org\/fr\/animation-et-gouvernement\/conseils\/\"><strong>Conseils de l&rsquo;Institut<\/strong><\/a>.\u00a0 Il existe <a href=\"https:\/\/www.lasalle.org\/fr\/animation-et-gouvernement\/commissions\/\"><strong>sept commissions<\/strong><\/a> : Commission Association, Commission \u00c9ducation, Commission \u00c9vang\u00e9lisation, Commission Formation, Commission Justice et Paix, Commission Jeunesse et Commission Vie Consacr\u00e9e.\u00a0 Chacune d\u2019elles compte un pr\u00e9sident et deux membres.<\/p>\n<p>De m\u00eame, pour r\u00e9aliser nos r\u00eaves et assumer les d\u00e9fis et responsabilit\u00e9s du monde actuel, la nouvelle structure dispose de bureaux qui g\u00e8rent des synergies collaboratives au service de l&rsquo;Institut.\u00a0 Il existent <a href=\"https:\/\/www.lasalle.org\/fr\/animation-et-gouvernement\/bureaux\/\"><strong>neuf bureaux<\/strong><\/a> : Bureau du Patrimoine Lasallien et de Recherche, Bureau de l&rsquo;Information et de la Communication, Bureau du Consortium Istituto Convitto Jesus Magister (ICJM), Bureau des Vocations et du Volontariat, Bureau de Solidarit\u00e9 et de D\u00e9veloppement, Bureau de D\u00e9veloppement Professionnel, Bureau de la\u00a0famille\u00a0charismatique lasallienne et Bureau pour la Sauvegarde de l\u2019Int\u00e9grit\u00e9.<\/p>\n<p>De la m\u00eame mani\u00e8re, dans son service d&rsquo;animation, de leadership et de gouvernement, le <a href=\"https:\/\/www.lasalle.org\/fr\/animation-et-gouvernement\/superieur-general\/\"><strong>Sup\u00e9rieur G\u00e9n\u00e9ral<\/strong><\/a> des Fr\u00e8res s&rsquo;appuie et travaille en \u00e9troite collaboration avec les trois <a href=\"https:\/\/www.lasalle.org\/fr\/animation-et-gouvernement\/conseils\/\"><strong>Conseils de l&rsquo;Institut<\/strong><\/a> : le <a href=\"https:\/\/www.lasalle.org\/fr\/animation-et-gouvernement\/conseils\/conseil-general\/\"><strong>Conseil G\u00e9n\u00e9ral<\/strong><\/a>, le <a href=\"https:\/\/www.lasalle.org\/fr\/fr-2\/?page_id=118365&#038;preview=true\"><strong>Conseil \u00c9conomique International<\/strong><\/a> et le <a href=\"https:\/\/www.lasalle.org\/fr\/animation-et-gouvernement\/conseils\/ciamel\/\"><strong>Conseil International de l&rsquo;Association et de la Mission \u00c9ducative Lasallienne (CIAMEL)<\/strong><\/a>.<\/p>\n<p>Enfin, l&rsquo;<a href=\"https:\/\/www.lasalle.org\/fr\/assemblee-pleniere\/\" target=\"_blank\" rel=\"noopener\"><strong>Assembl\u00e9e pl\u00e9ni\u00e8re<\/strong><\/a> pr\u00e9sid\u00e9e par le <a href=\"https:\/\/www.lasalle.org\/fr\/animation-et-gouvernement\/superieur-general\/\"><strong>Sup\u00e9rieur G\u00e9n\u00e9ral<\/strong><\/a>\u00a0des Fr\u00e8res, constitue un organisme fraternel dans une perspective synodale lasallienne, pour v\u00e9rifier, renforcer et parvenir \u00e0 un consensus autour des engagements du <a href=\"https:\/\/fsc46gc.lasalle.org\/?lang=fr\" target=\"_blank\" rel=\"noopener\"><strong>Chapitre G\u00e9n\u00e9ral<\/strong><\/a> et de l&rsquo;<a href=\"https:\/\/www.lasalle.org\/fr\/iiie-aimel-rapport-final\/\"><strong>AIMEL<\/strong><\/a>.\u00a0 L&rsquo;<strong><a href=\"https:\/\/www.lasalle.org\/fr\/assemblee-pleniere\/\" target=\"_blank\" rel=\"noopener\">Assembl\u00e9e pl\u00e9ni\u00e8re<\/a><\/strong> est compos\u00e9e des Fr\u00e8res Visiteurs, des Conseils de l&rsquo;Institut, des Pr\u00e9sidents des Commissions, des Directeurs des Bureaux, de ceux qui dirigent les Services G\u00e9n\u00e9raux et Administratifs et d&rsquo;un repr\u00e9sentant du Comit\u00e9 Permanent des Jeunes Fr\u00e8res.<\/p>\n<\/div><div class=\"fusion-separator fusion-full-width-sep\" style=\"align-self: center;margin-left: auto;margin-right: auto;margin-top:15px;margin-bottom:15px;width:100%;\"><div class=\"fusion-separator-border sep-single sep-solid\" style=\"--awb-height:20px;--awb-amount:20px;--awb-sep-color:var(--awb-custom17);border-color:var(--awb-custom17);border-top-width:1px;\"><\/div><\/div><nav class=\"fusion-breadcrumbs fusion-breadcrumbs-1\" style=\"--awb-breadcrumb-sep:&#039;\/&#039;;\" aria-label=\"Breadcrumb\"><ol class=\"awb-breadcrumb-list\"><\/ol><\/nav><\/div><\/div><div class=\"fusion-layout-column fusion_builder_column fusion-builder-column-2 fusion_builder_column_1_4 1_4 fusion-flex-column\" style=\"--awb-bg-size:cover;--awb-width-large:25%;--awb-margin-top-large:0px;--awb-spacing-right-large:7.68%;--awb-margin-bottom-large:20px;--awb-spacing-left-large:7.68%;--awb-width-medium:25%;--awb-order-medium:0;--awb-spacing-right-medium:7.68%;--awb-spacing-left-medium:7.68%;--awb-width-small:100%;--awb-order-small:0;--awb-spacing-right-small:1.92%;--awb-spacing-left-small:1.92%;\"><div class=\"fusion-column-wrapper fusion-column-has-shadow fusion-flex-justify-content-flex-start fusion-content-layout-column\"><div class=\"fusion-title title fusion-title-3 sep-underline sep-solid fusion-title-text fusion-title-size-two\" style=\"--awb-text-color:var(--awb-custom17);--awb-sep-color:var(--awb-custom17);--awb-font-size:22px;\"><h2 class=\"fusion-title-heading title-heading-left\" style=\"margin:0;font-size:1em;\">Organisation<\/h2><\/div><ul style=\"--awb-line-height:27.2px;--awb-icon-width:27.2px;--awb-icon-height:27.2px;--awb-icon-margin:11.2px;--awb-content-margin:38.4px;--awb-circlecolor:var(--awb-custom17);--awb-circle-yes-font-size:14.08px;\" class=\"fusion-checklist fusion-checklist-1 fusion-checklist-default type-icons\"><li class=\"fusion-li-item\" style=\"\"><span class=\"icon-wrapper circle-yes\"><i class=\"fusion-li-icon fa-file-alt far\" aria-hidden=\"true\"><\/i><\/span><div class=\"fusion-li-item-content\">\n<p><a href=\"https:\/\/www.lasalle.org\/fr\/animation-et-gouvernement\/\">Animation et Gouvernement<\/a><\/p>\n<\/div><\/li><li class=\"fusion-li-item\" style=\"\"><span class=\"icon-wrapper circle-yes\"><i class=\"fusion-li-icon fa-file-alt far\" aria-hidden=\"true\"><\/i><\/span><div class=\"fusion-li-item-content\">\n<p><a href=\"https:\/\/www.lasalle.org\/fr\/animation-et-gouvernement\/superieur-general\/\">Sup\u00e9rieur g\u00e9n\u00e9ral<\/a><\/p>\n<\/div><\/li><li class=\"fusion-li-item\" style=\"\"><span class=\"icon-wrapper circle-yes\"><i class=\"fusion-li-icon fa-file-alt far\" aria-hidden=\"true\"><\/i><\/span><div class=\"fusion-li-item-content\">\n<p><a href=\"https:\/\/www.lasalle.org\/fr\/?page_id=118332&amp;preview=true\">Vicaire g\u00e9n\u00e9ral<\/a><\/p>\n<\/div><\/li><li class=\"fusion-li-item\" style=\"\"><span class=\"icon-wrapper circle-yes\"><i class=\"fusion-li-icon fa-file-alt far\" aria-hidden=\"true\"><\/i><\/span><div class=\"fusion-li-item-content\">\n<p><a href=\"https:\/\/www.lasalle.org\/fr\/animation-et-gouvernement\/conseils\/\">Conseils de l\u2019Institut<\/a><\/p>\n<\/div><\/li><li class=\"fusion-li-item\" style=\"\"><span class=\"icon-wrapper circle-yes\"><i class=\"fusion-li-icon fa-file-alt far\" aria-hidden=\"true\"><\/i><\/span><div class=\"fusion-li-item-content\">\n<p><a href=\"https:\/\/www.lasalle.org\/fr\/?page_id=118380&amp;preview=true\">Bureaux<\/a><\/p>\n<\/div><\/li><li class=\"fusion-li-item\" style=\"\"><span class=\"icon-wrapper circle-yes\"><i class=\"fusion-li-icon fa-file-alt far\" aria-hidden=\"true\"><\/i><\/span><div class=\"fusion-li-item-content\">\n<p><a href=\"https:\/\/www.lasalle.org\/fr\/animation-et-gouvernement\/commissions\/\">Commissions<\/a><\/p>\n<\/div><\/li><li class=\"fusion-li-item\" style=\"\"><span class=\"icon-wrapper circle-yes\"><i class=\"fusion-li-icon fa-file-alt far\" aria-hidden=\"true\"><\/i><\/span><div class=\"fusion-li-item-content\">\n<p><a href=\"https:\/\/www.lasalle.org\/fr\/animation-et-gouvernement\/services-generaux\/\">Services g\u00e9n\u00e9raux<\/a><\/p>\n<\/div><\/li><li class=\"fusion-li-item\" style=\"\"><span class=\"icon-wrapper circle-yes\"><i class=\"fusion-li-icon fa-file-alt far\" aria-hidden=\"true\"><\/i><\/span><div class=\"fusion-li-item-content\">\n<p><a href=\"https:\/\/www.lasalle.org\/fr\/animation-et-gouvernement\/comites\/\">Comit\u00e9s internationaux<\/a><\/p>\n<\/div><\/li><\/ul>\n<div class=\"fusion-separator fusion-full-width-sep\" style=\"align-self: center;margin-left: auto;margin-right: auto;margin-top:10px;margin-bottom:10px;width:100%;\"><\/div><div class=\"fusion-title title fusion-title-4 sep-underline sep-solid fusion-title-text fusion-title-size-two\" style=\"--awb-text-color:var(--awb-custom17);--awb-sep-color:var(--awb-custom17);--awb-font-size:22px;\"><h2 class=\"fusion-title-heading title-heading-left\" style=\"margin:0;font-size:1em;\">Ressources<\/h2><\/div><ul style=\"--awb-line-height:27.2px;--awb-icon-width:27.2px;--awb-icon-height:27.2px;--awb-icon-margin:11.2px;--awb-content-margin:38.4px;--awb-circlecolor:var(--awb-custom17);--awb-circle-yes-font-size:14.08px;\" class=\"fusion-checklist fusion-checklist-2 fusion-checklist-default type-icons\"><li class=\"fusion-li-item\" style=\"\"><span class=\"icon-wrapper circle-yes\"><i class=\"fusion-li-icon fa-file-pdf far\" aria-hidden=\"true\"><\/i><\/span><div class=\"fusion-li-item-content\">\n<p><a href=\"https:\/\/www.lasalle.org\/wp-content\/uploads\/2019\/07\/Regle_2015_fra.pdf\" target=\"_blank\" rel=\"noopener\">R\u00e8gles des Fr\u00e8res des \u00c9coles chr\u00e9tiennes<\/a><\/p>\n<\/div><\/li><li class=\"fusion-li-item\" style=\"\"><span class=\"icon-wrapper circle-yes\"><i class=\"fusion-li-icon fa-file-pdf far\" aria-hidden=\"true\"><\/i><\/span><div class=\"fusion-li-item-content\">\n<p><a href=\"https:\/\/www.lasalle.org\/wp-content\/uploads\/2023\/06\/1LSGov-FRE-2023Jun4.pdf\" target=\"_blank\" rel=\"noopener\">Lettre du Sup\u00e9rieur g\u00e9n\u00e9ral sur la nouvelle organisation<\/a><\/p>\n<\/div><\/li><li class=\"fusion-li-item\" style=\"\"><span class=\"icon-wrapper circle-yes\"><i class=\"fusion-li-icon fa-file-alt far\" aria-hidden=\"true\"><\/i><\/span><div class=\"fusion-li-item-content\">\n<p class=\"fusion-title-heading title-heading-left\"><a href=\"https:\/\/www.lasalle.org\/fr\/publications\/animation-et-gouvernement\/\">Documents \u2013 Animation et Gouvernement<\/a><\/p>\n<\/div><\/li><li class=\"fusion-li-item\" style=\"\"><span class=\"icon-wrapper circle-yes\"><i class=\"fusion-li-icon fa-link fas\" aria-hidden=\"true\"><\/i><\/span><div class=\"fusion-li-item-content\">\n<p><a href=\"https:\/\/fsc46gc.lasalle.org\/?lang=fr\" target=\"_blank\" rel=\"noopener\">46\u00e8me Chapitre G\u00e9n\u00e9ral<\/a><\/p>\n<\/div><\/li><li class=\"fusion-li-item\" style=\"\"><span class=\"icon-wrapper circle-yes\"><i class=\"fusion-li-icon fa-link fas\" aria-hidden=\"true\"><\/i><\/span><div class=\"fusion-li-item-content\">\n<p><a href=\"https:\/\/generalchapter.lasalle.org\/fr\/page-daccueil\/\" target=\"_blank\" rel=\"noopener\">Chemins de transformation &#8211; 46\u00e8me Chapitre G\u00e9n\u00e9ral<\/a><\/p>\n<\/div><\/li><li class=\"fusion-li-item\" style=\"\"><span class=\"icon-wrapper circle-yes\"><i class=\"fusion-li-icon fa-link fas\" aria-hidden=\"true\"><\/i><\/span><div class=\"fusion-li-item-content\">\n<p><a href=\"https:\/\/www.lasalle.org\/fr\/assemblee-pleniere\/\" target=\"_blank\" rel=\"noopener\">Assembl\u00e9e pl\u00e9ni\u00e8re 2024<\/a><\/p>\n<\/div><\/li><\/ul><div class=\"fusion-separator fusion-full-width-sep\" style=\"align-self: center;margin-left: auto;margin-right: auto;margin-top:15px;margin-bottom:15px;width:100%;\"><div class=\"fusion-separator-border sep-single sep-solid\" style=\"--awb-height:20px;--awb-amount:20px;--awb-sep-color:var(--awb-custom17);border-color:var(--awb-custom17);border-top-width:1px;\"><\/div><\/div><div class=\"fusion-text fusion-text-2\"><div class=\"video-shortcode\"><iframe title=\"Message vid\u00e9o aux Lasalliens sur la r\u00e9organisation | 4 juin 2023\" width=\"1200\" height=\"675\" src=\"https:\/\/www.youtube.com\/embed\/IE622faTL0o?feature=oembed\" frameborder=\"0\" allow=\"accelerometer; autoplay; clipboard-write; encrypted-media; gyroscope; picture-in-picture; web-share\" referrerpolicy=\"strict-origin-when-cross-origin\" allowfullscreen><\/iframe><\/div>\n<\/div><div class=\"fusion-separator fusion-full-width-sep\" style=\"align-self: center;margin-left: auto;margin-right: auto;margin-top:15px;margin-bottom:15px;width:100%;\"><div class=\"fusion-separator-border sep-single sep-solid\" style=\"--awb-height:20px;--awb-amount:20px;--awb-sep-color:var(--awb-custom17);border-color:var(--awb-custom17);border-top-width:1px;\"><\/div><\/div><\/div><\/div><\/div><\/div><\/p>\n","protected":false},"excerpt":{"rendered":"","protected":false},"author":13,"featured_media":0,"parent":0,"menu_order":0,"comment_status":"closed","ping_status":"closed","template":"","meta":{"_tec_requires_first_save":true,"_monsterinsights_skip_tracking":false,"_monsterinsights_sitenote_active":false,"_monsterinsights_sitenote_note":"","_monsterinsights_sitenote_category":0,"_EventAllDay":false,"_EventTimezone":"","_EventStartDate":"","_EventEndDate":"","_EventStartDateUTC":"","_EventEndDateUTC":"","_EventShowMap":false,"_EventShowMapLink":false,"_EventURL":"","_EventCost":"","_EventCostDescription":"","_EventCurrencySymbol":"","_EventCurrencyCode":"","_EventCurrencyPosition":"","_EventDateTimeSeparator":"","_EventTimeRangeSeparator":"","_EventOrganizerID":[],"_EventVenueID":[],"_OrganizerEmail":"","_OrganizerPhone":"","_OrganizerWebsite":"","_VenueAddress":"","_VenueCity":"","_VenueCountry":"","_VenueProvince":"","_VenueState":"","_VenueZip":"","_VenuePhone":"","_VenueURL":"","_VenueStateProvince":"","_VenueLat":"","_VenueLng":"","_VenueShowMap":false,"_VenueShowMapLink":false,"_tribe_blocks_recurrence_rules":"","_tribe_blocks_recurrence_description":"","_tribe_blocks_recurrence_exclusions":"","footnotes":""},"class_list":["post-10563","page","type-page","status-publish","hentry"],"_links":{"self":[{"href":"https:\/\/www.lasalle.org\/fr\/wp-json\/wp\/v2\/pages\/10563","targetHints":{"allow":["GET"]}}],"collection":[{"href":"https:\/\/www.lasalle.org\/fr\/wp-json\/wp\/v2\/pages"}],"about":[{"href":"https:\/\/www.lasalle.org\/fr\/wp-json\/wp\/v2\/types\/page"}],"author":[{"embeddable":true,"href":"https:\/\/www.lasalle.org\/fr\/wp-json\/wp\/v2\/users\/13"}],"replies":[{"embeddable":true,"href":"https:\/\/www.lasalle.org\/fr\/wp-json\/wp\/v2\/comments?post=10563"}],"version-history":[{"count":5,"href":"https:\/\/www.lasalle.org\/fr\/wp-json\/wp\/v2\/pages\/10563\/revisions"}],"predecessor-version":[{"id":121622,"href":"https:\/\/www.lasalle.org\/fr\/wp-json\/wp\/v2\/pages\/10563\/revisions\/121622"}],"wp:attachment":[{"href":"https:\/\/www.lasalle.org\/fr\/wp-json\/wp\/v2\/media?parent=10563"}],"curies":[{"name":"wp","href":"https:\/\/api.w.org\/{rel}","templated":true}]}}