{"id":10567,"date":"2018-12-10T08:44:38","date_gmt":"2018-12-10T08:44:38","guid":{"rendered":"http:\/\/lasalle.vl20054.dinaserver.com\/secretariat-pour-la-formation\/"},"modified":"2021-09-07T08:13:16","modified_gmt":"2021-09-07T07:13:16","slug":"secretariado-de-formacion","status":"publish","type":"page","link":"https:\/\/www.lasalle.org\/fr\/animation-et-gouvernement\/secretariado-de-formacion\/","title":{"rendered":"Formation"},"content":{"rendered":"\n<blockquote class=\"wp-block-quote has-text-align-center is-layout-flow wp-block-quote-is-layout-flow\"><p><em><strong>Tout appel au renouveau inclut un d\u00e9sir de renouveau personnel<\/strong><\/em><strong><br><\/strong><em><strong>et, donc, est li\u00e9 \u00e0 la formation<\/strong><\/em><\/p><cite> (Michel Sauvage)  <\/cite><\/blockquote>\n\n\n\n<p>Le Secr\u00e9tariat pour la formation est tourn\u00e9 vers les besoins de formation pour la mission de tous les Lasalliens. Il essaie de r\u00e9pondre \u00e0 partir d\u2019une perspective mondiale \u00e0 la formation sp\u00e9cifique de divers groupes cibl\u00e9s : minist\u00e8re vocationnel, formation initiale et continue des Fr\u00e8res et S\u0153urs, Fr\u00e8res retrait\u00e9s, jeunes Volontaires Lasalliens, \u00e9ducateurs, leaders, personnel administratif, Signum Fidei, etc. Les membres du Secr\u00e9tariat, Fr\u00e8res et Partenaires, trouvent diff\u00e9rentes fa\u00e7ons d\u2019\u00e9couter les besoins de la base et des responsables au niveau des Districts et R\u00e9gions. Ils discernent ensemble les besoins, favorisent des r\u00e9ponses effectives et adaptent leur organisation ou structure interne pour mieux r\u00e9pondre \u00e0 ces besoins.<\/p>\n\n\n\n<p>En accord avec l\u2019Assembl\u00e9e internationale 2013, les membres du Secr\u00e9tariat se veulent un bureau central d\u2019\u00e9change lasallien pour la formation. Ils seront attentifs \u00e0 communiquer les exp\u00e9riences en cours, les connaissances et r\u00e9flexions actuelles sur la formation. Ils mettront \u00e0 la disposition des Lasalliens les principales ressources pour la formation et ils d\u00e9- velopperont un r\u00e9seau international pour la formation.<\/p>\n\n\n\n<p>Ils faciliteront des programmes de formation et y seront engag\u00e9s afin de rendre la formation disponible \u00e0 tous les Lasalliens, en particulier \u00e0 ceux qui travaillent en postes de responsabilit\u00e9 et de formation. Ce d\u00e9sir de fournir la formation requiert la coordination de tous les secteurs \u00e0 tous les niveaux. Cette coordination optimise des ressources humaines et financi\u00e8res et d\u00e9veloppe la solidarit\u00e9 pour aider et soutenir les secteurs les plus n\u00e9cessiteux. Le Secr\u00e9tariat sert &nbsp;principalement les R\u00e9gions et \u00e0 travers elles les Districts et Secteurs. Il d\u00e9veloppe aussi la collaboration avec les autres congr\u00e9gations religieuses dans le m\u00eame esprit de coordination, d\u2019optimisation et de solidarit\u00e9.<\/p>\n\n\n\n<p><strong>Objetivos<\/strong><\/p>\n\n\n\n<hr class=\"wp-block-separator\"\/>\n\n\n\n<iframe allowfullscreen=\"\" allow=\"fullscreen\" style=\"border:none;width:100%;height:560px;\" src=\"\/\/e.issuu.com\/embed.html?d=livre_formation_itine_raire_fr&amp;u=lasalle.org\"><\/iframe>\n\n\n\n<hr class=\"wp-block-separator\"\/>\n","protected":false},"excerpt":{"rendered":"<p>Tout appel au renouveau inclut un d\u00e9sir de renouveau personnelet,  [&#8230;]<\/p>\n","protected":false},"author":13,"featured_media":49548,"parent":10563,"menu_order":0,"comment_status":"open","ping_status":"closed","template":"","meta":{"_tec_requires_first_save":true,"_monsterinsights_skip_tracking":false,"_monsterinsights_sitenote_active":false,"_monsterinsights_sitenote_note":"","_monsterinsights_sitenote_category":0,"_EventAllDay":false,"_EventTimezone":"","_EventStartDate":"","_EventEndDate":"","_EventStartDateUTC":"","_EventEndDateUTC":"","_EventShowMap":false,"_EventShowMapLink":false,"_EventURL":"","_EventCost":"","_EventCostDescription":"","_EventCurrencySymbol":"","_EventCurrencyCode":"","_EventCurrencyPosition":"","_EventDateTimeSeparator":"","_EventTimeRangeSeparator":"","_EventOrganizerID":[],"_EventVenueID":[],"_OrganizerEmail":"","_OrganizerPhone":"","_OrganizerWebsite":"","_VenueAddress":"","_VenueCity":"","_VenueCountry":"","_VenueProvince":"","_VenueState":"","_VenueZip":"","_VenuePhone":"","_VenueURL":"","_VenueStateProvince":"","_VenueLat":"","_VenueLng":"","_VenueShowMap":false,"_VenueShowMapLink":false,"_tribe_blocks_recurrence_rules":"","_tribe_blocks_recurrence_description":"","_tribe_blocks_recurrence_exclusions":"","footnotes":""},"class_list":["post-10567","page","type-page","status-publish","has-post-thumbnail","hentry"],"_links":{"self":[{"href":"https:\/\/www.lasalle.org\/fr\/wp-json\/wp\/v2\/pages\/10567","targetHints":{"allow":["GET"]}}],"collection":[{"href":"https:\/\/www.lasalle.org\/fr\/wp-json\/wp\/v2\/pages"}],"about":[{"href":"https:\/\/www.lasalle.org\/fr\/wp-json\/wp\/v2\/types\/page"}],"author":[{"embeddable":true,"href":"https:\/\/www.lasalle.org\/fr\/wp-json\/wp\/v2\/users\/13"}],"replies":[{"embeddable":true,"href":"https:\/\/www.lasalle.org\/fr\/wp-json\/wp\/v2\/comments?post=10567"}],"version-history":[{"count":5,"href":"https:\/\/www.lasalle.org\/fr\/wp-json\/wp\/v2\/pages\/10567\/revisions"}],"predecessor-version":[{"id":79596,"href":"https:\/\/www.lasalle.org\/fr\/wp-json\/wp\/v2\/pages\/10567\/revisions\/79596"}],"up":[{"embeddable":true,"href":"https:\/\/www.lasalle.org\/fr\/wp-json\/wp\/v2\/pages\/10563"}],"wp:featuredmedia":[{"embeddable":true,"href":"https:\/\/www.lasalle.org\/fr\/wp-json\/wp\/v2\/media\/49548"}],"wp:attachment":[{"href":"https:\/\/www.lasalle.org\/fr\/wp-json\/wp\/v2\/media?parent=10567"}],"curies":[{"name":"wp","href":"https:\/\/api.w.org\/{rel}","templated":true}]}}