{"id":10569,"date":"2018-12-10T08:44:38","date_gmt":"2018-12-10T08:44:38","guid":{"rendered":"http:\/\/lasalle.vl20054.dinaserver.com\/secretariat-solidarite-et-developpement\/"},"modified":"2023-05-30T10:42:49","modified_gmt":"2023-05-30T09:42:49","slug":"secretariado-de-solidaridad-y-desarrollo","status":"publish","type":"page","link":"https:\/\/www.lasalle.org\/fr\/animation-et-gouvernement\/secretariado-de-solidaridad-y-desarrollo\/","title":{"rendered":"Solidarit\u00e9 et D\u00e9veloppement"},"content":{"rendered":"<div class=\"fusion-fullwidth fullwidth-box fusion-builder-row-1 fusion-flex-container nonhundred-percent-fullwidth non-hundred-percent-height-scrolling\" style=\"--awb-border-radius-top-left:0px;--awb-border-radius-top-right:0px;--awb-border-radius-bottom-right:0px;--awb-border-radius-bottom-left:0px;--awb-flex-wrap:wrap;\" ><div class=\"fusion-builder-row fusion-row fusion-flex-align-items-flex-start fusion-flex-content-wrap\" style=\"max-width:1248px;margin-left: calc(-4% \/ 2 );margin-right: calc(-4% \/ 2 );\"><div class=\"fusion-layout-column fusion_builder_column fusion-builder-column-0 fusion_builder_column_1_1 1_1 fusion-flex-column\" style=\"--awb-bg-size:cover;--awb-width-large:100%;--awb-margin-top-large:0px;--awb-spacing-right-large:1.92%;--awb-margin-bottom-large:0px;--awb-spacing-left-large:1.92%;--awb-width-medium:100%;--awb-spacing-right-medium:1.92%;--awb-spacing-left-medium:1.92%;--awb-width-small:100%;--awb-spacing-right-small:1.92%;--awb-spacing-left-small:1.92%;\"><div class=\"fusion-column-wrapper fusion-flex-justify-content-flex-start fusion-content-layout-column\"><div class=\"fusion-text fusion-text-1\"><\/p>\n<p><img decoding=\"async\" class=\"alignright size-fusion-200 wp-image-93865\" src=\"https:\/\/www.lasalle.org\/wp-content\/uploads\/2023\/05\/la_salle_foundation-200x110.png\" alt=\"\" width=\"200\" height=\"110\" srcset=\"https:\/\/www.lasalle.org\/wp-content\/uploads\/2023\/05\/la_salle_foundation-200x110.png 200w, https:\/\/www.lasalle.org\/wp-content\/uploads\/2023\/05\/la_salle_foundation-300x165.png 300w, https:\/\/www.lasalle.org\/wp-content\/uploads\/2023\/05\/la_salle_foundation-400x220.png 400w, https:\/\/www.lasalle.org\/wp-content\/uploads\/2023\/05\/la_salle_foundation.png 600w\" sizes=\"(max-width: 200px) 100vw, 200px\" \/>Le secr\u00e9tariat de Solidarit\u00e9 et D\u00e9veloppement est le principal collecteur de fonds des Fr\u00e8res de la Salle. Il assiste les missions lasaliennes leur apportant un support financier, une assistance technique et les moyens, \u00e0 ces secteurs fragiles de l\u2019Institut, de progresser vers l\u2019auto-suffisance. Le Secr\u00e9tariat remplit ainsi les buts de l\u2019Institut exprim\u00e9s dans le 45\u00b0 chapitre g\u00e9n\u00e9ral .<\/p><\/p>\n<\/div><div class=\"fusion-text fusion-text-2\"><p><!-- \/wp:post-content --><\/p>\n<p><!-- wp:heading  --><\/p>\n<h4><img decoding=\"async\" class=\"wp-image-49789 alignleft\" src=\"http:\/\/www.lasalle.org\/wp-content\/uploads\/2019\/07\/TruongVinhKy_school-1024x576.jpg\" alt=\"\" width=\"256\" height=\"144\" srcset=\"https:\/\/www.lasalle.org\/wp-content\/uploads\/2019\/07\/TruongVinhKy_school-300x169.jpg 300w, https:\/\/www.lasalle.org\/wp-content\/uploads\/2019\/07\/TruongVinhKy_school-768x432.jpg 768w, https:\/\/www.lasalle.org\/wp-content\/uploads\/2019\/07\/TruongVinhKy_school-1024x576.jpg 1024w, https:\/\/www.lasalle.org\/wp-content\/uploads\/2019\/07\/TruongVinhKy_school.jpg 1066w\" sizes=\"(max-width: 256px) 100vw, 256px\" \/><\/h4>\n<h4><strong>Qui sommes-nous ?<\/strong><\/h4>\n<p>Le Secr\u00e9tariat \u00e0 la solidarit\u00e9 et au d\u00e9veloppement est le principal service pour le d\u00e9veloppement et la collecte de fonds des Fr\u00e8res Chr\u00e9tiens de La Salle; il assure le renforcement des capacit\u00e9s, l'assistance technique et le soutien financier aux initiatives \u00e9ducatives lasalliennes dans le monde.<\/p>\n<figure class=\"wp-block-gallery columns-3 is-cropped\">\n<p>A travers de son instrument juridique, l'organisation sans but lucratif <a href=\"https:\/\/lasallefoundation.org\/fr\/home.php\" target=\"_blank\" rel=\"noopener\"><strong>La Salle Foundation<\/strong> <\/a>(De La Salle Solidariet\u00e0 Internazionale \u2013 ETS),il vise \u00e0 coordonner le r\u00e9seau des organisations lasalliennes pour le d\u00e9veloppement dans le monde.<\/p>\n<\/figure>\n<\/div><div class=\"fusion-text fusion-text-3\"><p><!-- \/wp:heading --><\/p>\n<p><!-- wp:heading  --><\/p>\n<h4><img decoding=\"async\" class=\"wp-image-49785 alignright\" src=\"http:\/\/www.lasalle.org\/wp-content\/uploads\/2019\/07\/5-1024x768.jpg\" alt=\"\" width=\"256\" height=\"192\" srcset=\"https:\/\/www.lasalle.org\/wp-content\/uploads\/2019\/07\/5-300x225.jpg 300w, https:\/\/www.lasalle.org\/wp-content\/uploads\/2019\/07\/5-768x576.jpg 768w, https:\/\/www.lasalle.org\/wp-content\/uploads\/2019\/07\/5-1024x768.jpg 1024w, https:\/\/www.lasalle.org\/wp-content\/uploads\/2019\/07\/5.jpg 1032w\" sizes=\"(max-width: 256px) 100vw, 256px\" \/><\/h4>\n<h4><strong>Que faisons- nous ?<\/strong><\/h4>\n<p>Notre objectif est de permettre \u00e0 chaque enfant d'aller \u00e0 l'\u00e9cole et \u00e0 tous les jeunes hommes et femmes d'\u00eatre form\u00e9s pour leur avenir.<\/p>\n<p>Nous travaillons ainsi chaque jour \u00e0 d\u00e9passer les obstacles qui emp\u00eachent le plein acc\u00e8s au droit \u00e0 l'\u00e9ducation.<\/p>\n<p>Notre mission consiste \u00e0 am\u00e9liorer le niveau de vie des personnes que nous servons et construire un monde plus juste et plus inclusif. Nous soutenons les initiatives des Lasalliens, engag\u00e9s dans la promotion des droits des enfants et des jeunes qui risquent l'exclusion sociale et \u00e9ducative, dans les 5 continents, \u00e0 travers les \u00e9coles, les centres de formation, les orphelinats, les foyers pour jeunes, les dispensaires, les services de sant\u00e9 sociale et d'autres programmes qui r\u00e9pondent \u00e0 un large \u00e9ventail de besoins locaux sp\u00e9cifiques, diff\u00e9rents selon le contexte.<\/p>\n<\/div><div class=\"fusion-separator fusion-full-width-sep\" style=\"align-self: center;margin-left: auto;margin-right: auto;width:100%;\"><div class=\"fusion-separator-border sep-single sep-solid\" style=\"--awb-height:20px;--awb-amount:20px;border-color:#e0dede;border-top-width:1px;\"><\/div><\/div><div class=\"fusion-text fusion-text-4\"><p><em><strong><img decoding=\"async\" class=\"wp-image-85047 size-full alignleft\" src=\"https:\/\/www.lasalle.org\/wp-content\/uploads\/2022\/03\/download-pdf-button-1-300x88-1-e1684738711520.png\" alt=\"\" width=\"130\" height=\"38\" \/><\/strong><\/em> <a href=\"https:\/\/drive.google.com\/drive\/folders\/17KfkQ2xfsWQpn6Eavz6OohlhIeHmjn5d\" target=\"_blank\" rel=\"noopener\"><strong>Une Ann\u00e9e en Mission Ensemble<\/strong><\/a><\/p>\n<p><!-- \/wp:heading --><\/p>\n<\/div><div class=\"fusion-separator fusion-full-width-sep\" style=\"align-self: center;margin-left: auto;margin-right: auto;width:100%;\"><div class=\"fusion-separator-border sep-single sep-solid\" style=\"--awb-height:20px;--awb-amount:20px;border-color:#e0dede;border-top-width:1px;\"><\/div><\/div><div class=\"fusion-text fusion-text-5\"><p><img decoding=\"async\" class=\"wp-image-49793 alignright\" src=\"http:\/\/www.lasalle.org\/wp-content\/uploads\/2019\/07\/graduation-2-1024x683.jpg\" alt=\"\" width=\"256\" height=\"171\" srcset=\"https:\/\/www.lasalle.org\/wp-content\/uploads\/2019\/07\/graduation-2-300x200.jpg 300w, https:\/\/www.lasalle.org\/wp-content\/uploads\/2019\/07\/graduation-2-768x512.jpg 768w, https:\/\/www.lasalle.org\/wp-content\/uploads\/2019\/07\/graduation-2-1024x683.jpg 1024w, https:\/\/www.lasalle.org\/wp-content\/uploads\/2019\/07\/graduation-2.jpg 5760w\" sizes=\"(max-width: 256px) 100vw, 256px\" \/><\/p>\n<h4><strong>O\u00f9 nous travaillons ?<\/strong><\/h4>\n<p>En 2022, la Fondation a distribu\u00e9 plus de <strong>7 millions d'euros<\/strong> en soutien \u00e0 <strong>62 projets<\/strong> dans <strong>20 pays<\/strong> et a atteint un nombre de b\u00e9n\u00e9ficiaires directs estim\u00e9 \u00e0 plus de <strong>70 000 personnes.<\/strong><\/p>\n<p><!-- \/wp:paragraph --><\/p>\n<p><!-- wp:heading  --><\/p>\n<\/div><div class=\"fusion-separator fusion-full-width-sep\" style=\"align-self: center;margin-left: auto;margin-right: auto;width:100%;\"><div class=\"fusion-separator-border sep-single sep-solid\" style=\"--awb-height:20px;--awb-amount:20px;border-color:#e0dede;border-top-width:1px;\"><\/div><\/div><div class=\"fusion-text fusion-text-6\"><h4>Contactez-nous<\/h4>\n<\/div><div class=\"awb-gallery-wrapper awb-gallery-wrapper-1 button-span-no\" style=\"--more-btn-alignment:center;\"><div style=\"margin:-5px;--awb-bordersize:0px;\" class=\"fusion-gallery fusion-gallery-container fusion-grid-4 fusion-columns-total-8 fusion-gallery-layout-grid fusion-gallery-1\"><div style=\"padding:5px;\" class=\"fusion-grid-column fusion-gallery-column fusion-gallery-column-4 hover-type-none awb-imageframe-style awb-imageframe-style-below awb-imageframe-style-1\"><div class=\"fusion-gallery-image\"><a href=\"https:\/\/www.lasalle.org\/wp-content\/uploads\/2018\/10\/aboccuccia-1.jpg\" rel=\"noreferrer\" data-rel=\"iLightbox[gallery_image_1]\" class=\"fusion-lightbox\" target=\"_self\"><img decoding=\"async\" src=\"https:\/\/www.lasalle.org\/wp-content\/uploads\/2018\/10\/aboccuccia-1.jpg\" width=\"294\" height=\"201\" alt=\"\" title=\"aboccuccia\" aria-label=\"aboccuccia\" class=\"img-responsive wp-image-48351\"  \/><\/a><\/div><div class=\"awb-imageframe-caption-container\"><div class=\"awb-imageframe-caption\"><h6 class=\"awb-imageframe-caption-title\">Fr. Amilcare BOCCUCCIA, Executive Director<\/h6><\/div><\/div><\/div><div style=\"padding:5px;\" class=\"fusion-grid-column fusion-gallery-column fusion-gallery-column-4 hover-type-none awb-imageframe-style awb-imageframe-style-below awb-imageframe-style-1\"><div class=\"fusion-gallery-image\"><a href=\"https:\/\/www.lasalle.org\/wp-content\/uploads\/2018\/12\/rtraore.jpg\" rel=\"noreferrer\" data-rel=\"iLightbox[gallery_image_1]\" class=\"fusion-lightbox\" target=\"_self\"><img decoding=\"async\" src=\"https:\/\/www.lasalle.org\/wp-content\/uploads\/2018\/12\/rtraore.jpg\" width=\"294\" height=\"201\" alt=\"\" title=\"Hno. Raoul Traor\u00e8 Associate Director \u2013 Solidarity and Development\" aria-label=\"Hno. Raoul Traor\u00e8 Associate Director \u2013 Solidarity and Development\" class=\"img-responsive wp-image-48303\"  \/><\/a><\/div><div class=\"awb-imageframe-caption-container\"><div class=\"awb-imageframe-caption\"><h6 class=\"awb-imageframe-caption-title\">Fr. Raoul TRAOR\u00c8, Associate Director \u2013 Sol. and Dev.<\/h6><\/div><\/div><\/div><div style=\"padding:5px;\" class=\"fusion-grid-column fusion-gallery-column fusion-gallery-column-4 hover-type-none awb-imageframe-style awb-imageframe-style-below awb-imageframe-style-1\"><div class=\"fusion-gallery-image\"><a href=\"https:\/\/www.lasalle.org\/wp-content\/uploads\/2019\/07\/amatulli.jpg\" rel=\"noreferrer\" data-rel=\"iLightbox[gallery_image_1]\" class=\"fusion-lightbox\" target=\"_self\"><img decoding=\"async\" src=\"https:\/\/www.lasalle.org\/wp-content\/uploads\/2019\/07\/amatulli.jpg\" width=\"294\" height=\"201\" alt=\"\" title=\"amatulli\" aria-label=\"amatulli\" class=\"img-responsive wp-image-49562\"  \/><\/a><\/div><div class=\"awb-imageframe-caption-container\"><div class=\"awb-imageframe-caption\"><h6 class=\"awb-imageframe-caption-title\">Mme. Angela MATULLI, Associate Director \u2013 Development <\/h6><\/div><\/div><\/div><div style=\"padding:5px;\" class=\"fusion-grid-column fusion-gallery-column fusion-gallery-column-4 hover-type-none awb-imageframe-style awb-imageframe-style-below awb-imageframe-style-1\"><div class=\"fusion-gallery-image\"><a href=\"https:\/\/www.lasalle.org\/wp-content\/uploads\/2019\/07\/pstamp.jpg\" rel=\"noreferrer\" data-rel=\"iLightbox[gallery_image_1]\" class=\"fusion-lightbox\" target=\"_self\"><img decoding=\"async\" src=\"https:\/\/www.lasalle.org\/wp-content\/uploads\/2019\/07\/pstamp.jpg\" width=\"294\" height=\"201\" alt=\"\" title=\"pstamp\" aria-label=\"pstamp\" class=\"img-responsive wp-image-49574\"  \/><\/a><\/div><div class=\"awb-imageframe-caption-container\"><div class=\"awb-imageframe-caption\"><h6 class=\"awb-imageframe-caption-title\">M. Peter STEMP, Associate Director \u2013 Solidarity<\/h6><\/div><\/div><\/div><div class=\"clearfix\"><\/div><div style=\"padding:5px;\" class=\"fusion-grid-column fusion-gallery-column fusion-gallery-column-4 hover-type-none awb-imageframe-style awb-imageframe-style-below awb-imageframe-style-1\"><div class=\"fusion-gallery-image\"><a href=\"https:\/\/www.lasalle.org\/wp-content\/uploads\/2019\/07\/lballerini.jpg\" rel=\"noreferrer\" data-rel=\"iLightbox[gallery_image_1]\" class=\"fusion-lightbox\" target=\"_self\"><img decoding=\"async\" src=\"https:\/\/www.lasalle.org\/wp-content\/uploads\/2019\/07\/lballerini.jpg\" width=\"294\" height=\"201\" alt=\"\" title=\"lballerini\" aria-label=\"lballerini\" class=\"img-responsive wp-image-49570\"  \/><\/a><\/div><div class=\"awb-imageframe-caption-container\"><div class=\"awb-imageframe-caption\"><h6 class=\"awb-imageframe-caption-title\">Mme. Laura BALLERINI, Communications Director<\/h6><\/div><\/div><\/div><div style=\"padding:5px;\" class=\"fusion-grid-column fusion-gallery-column fusion-gallery-column-4 hover-type-none awb-imageframe-style awb-imageframe-style-below awb-imageframe-style-1\"><div class=\"fusion-gallery-image\"><a href=\"https:\/\/www.lasalle.org\/wp-content\/uploads\/2019\/07\/spegorin.jpg\" rel=\"noreferrer\" data-rel=\"iLightbox[gallery_image_1]\" class=\"fusion-lightbox\" target=\"_self\"><img decoding=\"async\" src=\"https:\/\/www.lasalle.org\/wp-content\/uploads\/2019\/07\/spegorin.jpg\" width=\"294\" height=\"201\" alt=\"\" title=\"spegorin\" aria-label=\"spegorin\" class=\"img-responsive wp-image-49578\"  \/><\/a><\/div><div class=\"awb-imageframe-caption-container\"><div class=\"awb-imageframe-caption\"><h6 class=\"awb-imageframe-caption-title\">Mme. Serena PEGORIN, Project Manager<\/h6><\/div><\/div><\/div><div style=\"padding:5px;\" class=\"fusion-grid-column fusion-gallery-column fusion-gallery-column-4 hover-type-none awb-imageframe-style awb-imageframe-style-below awb-imageframe-style-1\"><div class=\"fusion-gallery-image\"><a href=\"https:\/\/www.lasalle.org\/wp-content\/uploads\/2023\/05\/marra.jpg\" rel=\"noreferrer\" data-rel=\"iLightbox[gallery_image_1]\" class=\"fusion-lightbox\" target=\"_self\"><img decoding=\"async\" src=\"https:\/\/www.lasalle.org\/wp-content\/uploads\/2023\/05\/marra.jpg\" width=\"294\" height=\"201\" alt=\"\" title=\"marra\" aria-label=\"marra\" class=\"img-responsive wp-image-93820\" srcset=\"https:\/\/www.lasalle.org\/wp-content\/uploads\/2023\/05\/marra-200x137.jpg 200w, https:\/\/www.lasalle.org\/wp-content\/uploads\/2023\/05\/marra.jpg 294w\" sizes=\"(min-width: 2200px) 100vw, (min-width: 856px) 296px, (min-width: 784px) 395px, (min-width: 712px) 593px, (min-width: 640px) 712px, \" \/><\/a><\/div><div class=\"awb-imageframe-caption-container\"><div class=\"awb-imageframe-caption\"><h6 class=\"awb-imageframe-caption-title\">Mme. Maria Emilia MARRA, Domestic Grants<\/h6><\/div><\/div><\/div><div style=\"padding:5px;\" class=\"fusion-grid-column fusion-gallery-column fusion-gallery-column-4 hover-type-none awb-imageframe-style awb-imageframe-style-below awb-imageframe-style-1\"><div class=\"fusion-gallery-image\"><a href=\"https:\/\/www.lasalle.org\/wp-content\/uploads\/2019\/07\/emunaretto.jpg\" rel=\"noreferrer\" data-rel=\"iLightbox[gallery_image_1]\" class=\"fusion-lightbox\" target=\"_self\"><img decoding=\"async\" src=\"https:\/\/www.lasalle.org\/wp-content\/uploads\/2019\/07\/emunaretto.jpg\" width=\"294\" height=\"201\" alt=\"\" title=\"emunaretto\" aria-label=\"emunaretto\" class=\"img-responsive wp-image-49566\"  \/><\/a><\/div><div class=\"awb-imageframe-caption-container\"><div class=\"awb-imageframe-caption\"><h6 class=\"awb-imageframe-caption-title\">Mme . Eleonora Munaretto, Coordinateur des volontaires<\/h6><\/div><\/div><\/div><div class=\"clearfix\"><\/div><\/div><\/div><div class=\"fusion-separator fusion-full-width-sep\" style=\"align-self: center;margin-left: auto;margin-right: auto;width:100%;\"><div class=\"fusion-separator-border sep-single sep-solid\" style=\"--awb-height:20px;--awb-amount:20px;border-color:#e0dede;border-top-width:1px;\"><\/div><\/div><div class=\"fusion-text fusion-text-7\"><h4><strong>R\u00e9seaux sociaux <\/strong><strong>La Salle Foundation<\/strong><\/h4>\n<\/div><div class=\"fusion-social-links fusion-social-links-1\" style=\"--awb-margin-top:0px;--awb-margin-right:0px;--awb-margin-bottom:0px;--awb-margin-left:0px;--awb-box-border-top:0px;--awb-box-border-right:0px;--awb-box-border-bottom:0px;--awb-box-border-left:0px;--awb-icon-colors-hover:rgba(190,189,189,0.8);--awb-box-colors-hover:rgba(232,232,232,0.8);--awb-box-border-color:var(--awb-color3);--awb-box-border-color-hover:var(--awb-color4);\"><div class=\"fusion-social-networks color-type-brand\"><div class=\"fusion-social-networks-wrapper\"><a class=\"fusion-social-network-icon fusion-tooltip fusion-facebook awb-icon-facebook\" style=\"color:#3b5998;font-size:25px;\" data-placement=\"top\" data-title=\"Facebook\" data-toggle=\"tooltip\" title=\"Facebook\" aria-label=\"facebook\" target=\"_blank\" rel=\"noopener noreferrer\" href=\"https:\/\/it-it.facebook.com\/delasalle.onlus\/\"><\/a><a class=\"fusion-social-network-icon fusion-tooltip fusion-twitter awb-icon-twitter\" style=\"color:#000000;font-size:25px;\" data-placement=\"top\" data-title=\"X\" data-toggle=\"tooltip\" title=\"X\" aria-label=\"twitter\" target=\"_blank\" rel=\"noopener noreferrer\" href=\"https:\/\/twitter.com\/LaSalleFnd\/status\/1301427809835978752?lang=bg\"><\/a><a class=\"fusion-social-network-icon fusion-tooltip fusion-instagram awb-icon-instagram\" style=\"color:#c13584;font-size:25px;\" data-placement=\"top\" data-title=\"Instagram\" data-toggle=\"tooltip\" title=\"Instagram\" aria-label=\"instagram\" target=\"_blank\" rel=\"noopener noreferrer\" href=\"https:\/\/www.instagram.com\/lasallefoundation\/\"><\/a><a class=\"fusion-social-network-icon fusion-tooltip fusion-youtube awb-icon-youtube\" style=\"color:#cd201f;font-size:25px;\" data-placement=\"top\" data-title=\"YouTube\" data-toggle=\"tooltip\" title=\"YouTube\" aria-label=\"youtube\" target=\"_blank\" rel=\"noopener noreferrer\" href=\"https:\/\/www.youtube.com\/channel\/UCp9ukDivgfh9BvzGo_E2tHQ?view_as=subscriber\"><\/a><a class=\"fusion-social-network-icon fusion-tooltip fusion-phone awb-icon-phone\" style=\"color:#000000;font-size:25px;\" data-placement=\"top\" data-title=\"Phone\" data-toggle=\"tooltip\" title=\"Phone\" aria-label=\"phone\" target=\"_self\" rel=\"noopener noreferrer\" href=\"tel:+39 06665231\"><\/a><\/div><\/div><\/div><div class=\"fusion-text fusion-text-8\"><h4><strong><a href=\"https:\/\/lasallefoundation.org\/\" target=\"_blank\" rel=\"noreferrer noopener\" aria-label=\" (se abre en una nueva pesta\u00f1a)\">lasallefoundation.org<\/a><\/strong><\/h4>\n<\/div><div class=\"fusion-separator fusion-full-width-sep\" style=\"align-self: center;margin-left: auto;margin-right: auto;width:100%;\"><div class=\"fusion-separator-border sep-single sep-solid\" style=\"--awb-height:20px;--awb-amount:20px;border-color:#e0dede;border-top-width:1px;\"><\/div><\/div><div class=\"fusion-text fusion-text-9\"><p><strong>Adresse:<\/strong>\u00a0De La Salle Solidariet\u00e0 Internazionale \u2013 ONLUS<br \/>Via Aurelia, 476 \u2013 00165 Roma, Italia<\/p>\n<p><strong>Compte:\u00a0<\/strong>Banca Popolare di Sondrio<br \/>SWIFT: POSOIT22<br \/>IBAN Compte \u20ac: T52 R056 9603 2070 00007241X70<br \/>IBAN Compte $: \u00a0IT10 M056 9603 207V ARUS 0007241<\/p>\n<\/div><div class=\"fusion-text fusion-text-10\"><h4><strong>Vos dons soutiennent notre travail dans le monde entier<\/strong><\/h4>\n<p>Fa\u00e7ons de faire une donation :<\/p>\n<ol>\n<li><strong><em>Envoyez un ch\u00e8que :<br \/><\/em><\/strong>A payer \u00e0 :<br \/>De La Salle Solidariet\u00e0 Internazionale \u2013 ONLUS<br \/>Via Aurelia, 476 \u2013\u00a000165 Roma, Italia\n<\/li>\n<li><strong><em>Virement \u00e9lectronique en Euros ou Dollars :<br \/><\/em><\/strong>Banque: Banca Popolare di Sondrio<br \/>B\u00e9n\u00e9ficiaire: De La Salle Solidariet\u00e0 Internazionale \u2013 ONLUS<br \/>IBAN Compte \u20ac: T52 R056 9603 2070 00007241X70<br \/>IBAN Compte $: IT10 M056 9603 207V ARUS 0007241<br \/>(Veuillez indiquer la raison de votre transfert.)<\/li>\n<\/ol>\n<\/div><div class=\"fusion-separator fusion-full-width-sep\" style=\"align-self: center;margin-left: auto;margin-right: auto;width:100%;\"><div class=\"fusion-separator-border sep-single sep-solid\" style=\"--awb-height:20px;--awb-amount:20px;border-color:#e0dede;border-top-width:1px;\"><\/div><\/div><div class=\"awb-gallery-wrapper awb-gallery-wrapper-2 button-span-no\" style=\"--more-btn-alignment:center;\"><div style=\"margin:-5px;--awb-bordersize:0px;\" class=\"fusion-gallery fusion-gallery-container fusion-grid-3 fusion-columns-total-3 fusion-gallery-layout-grid fusion-gallery-2\"><div style=\"padding:5px;\" class=\"fusion-grid-column fusion-gallery-column fusion-gallery-column-3 hover-type-none\"><div class=\"fusion-gallery-image\"><a href=\"https:\/\/www.lasalle.org\/wp-content\/uploads\/2018\/12\/bice_logo_fr-e1685369191400.jpg\" rel=\"noreferrer\" data-rel=\"iLightbox[gallery_image_2]\" class=\"fusion-lightbox\" target=\"_self\"><img decoding=\"async\" src=\"https:\/\/www.lasalle.org\/wp-content\/uploads\/2018\/12\/bice_logo_fr-e1685369191400.jpg\" width=\"219\" height=\"110\" alt=\"\" title=\"CMJN de base\" aria-label=\"CMJN de base\" class=\"img-responsive wp-image-23380\" srcset=\"https:\/\/www.lasalle.org\/wp-content\/uploads\/2018\/12\/bice_logo_fr-e1685369191400-200x100.jpg 200w, https:\/\/www.lasalle.org\/wp-content\/uploads\/2018\/12\/bice_logo_fr-e1685369191400.jpg 219w\" sizes=\"(min-width: 2200px) 100vw, (min-width: 784px) 397px, (min-width: 712px) 595px, (min-width: 640px) 712px, \" \/><\/a><\/div><\/div><div class=\"clearfix\"><\/div><div style=\"padding:5px;\" class=\"fusion-grid-column fusion-gallery-column fusion-gallery-column-3 hover-type-none\"><div class=\"fusion-gallery-image\"><a href=\"https:\/\/www.lasalle.org\/wp-content\/uploads\/2019\/07\/focsiv.jpg\" rel=\"noreferrer\" data-rel=\"iLightbox[gallery_image_2]\" class=\"fusion-lightbox\" target=\"_self\"><img decoding=\"async\" src=\"https:\/\/www.lasalle.org\/wp-content\/uploads\/2019\/07\/focsiv.jpg\" width=\"291\" height=\"112\" alt=\"\" title=\"focsiv\" aria-label=\"focsiv\" class=\"img-responsive wp-image-52126\"  \/><\/a><\/div><\/div><div style=\"padding:5px;\" class=\"fusion-grid-column fusion-gallery-column fusion-gallery-column-3 hover-type-none\"><div class=\"fusion-gallery-image\"><a href=\"https:\/\/www.lasalle.org\/wp-content\/uploads\/2019\/07\/ngosource.jpg\" rel=\"noreferrer\" data-rel=\"iLightbox[gallery_image_2]\" class=\"fusion-lightbox\" target=\"_self\"><img decoding=\"async\" src=\"https:\/\/www.lasalle.org\/wp-content\/uploads\/2019\/07\/ngosource.jpg\" width=\"291\" height=\"112\" alt=\"\" title=\"ngosource\" aria-label=\"ngosource\" class=\"img-responsive wp-image-52130\"  \/><\/a><\/div><\/div><\/div><\/div><div class=\"fusion-separator fusion-full-width-sep\" style=\"align-self: center;margin-left: auto;margin-right: auto;width:100%;\"><div class=\"fusion-separator-border sep-single sep-solid\" style=\"--awb-height:20px;--awb-amount:20px;border-color:#e0dede;border-top-width:1px;\"><\/div><\/div><\/div><\/div><\/div><\/div>","protected":false},"excerpt":{"rendered":"","protected":false},"author":13,"featured_media":93832,"parent":10563,"menu_order":0,"comment_status":"closed","ping_status":"closed","template":"","meta":{"_tec_requires_first_save":true,"_monsterinsights_skip_tracking":false,"_monsterinsights_sitenote_active":false,"_monsterinsights_sitenote_note":"","_monsterinsights_sitenote_category":0,"_EventAllDay":false,"_EventTimezone":"","_EventStartDate":"","_EventEndDate":"","_EventStartDateUTC":"","_EventEndDateUTC":"","_EventShowMap":false,"_EventShowMapLink":false,"_EventURL":"","_EventCost":"","_EventCostDescription":"","_EventCurrencySymbol":"","_EventCurrencyCode":"","_EventCurrencyPosition":"","_EventDateTimeSeparator":"","_EventTimeRangeSeparator":"","_EventOrganizerID":[],"_EventVenueID":[],"_OrganizerEmail":"","_OrganizerPhone":"","_OrganizerWebsite":"","_VenueAddress":"","_VenueCity":"","_VenueCountry":"","_VenueProvince":"","_VenueState":"","_VenueZip":"","_VenuePhone":"","_VenueURL":"","_VenueStateProvince":"","_VenueLat":"","_VenueLng":"","_VenueShowMap":false,"_VenueShowMapLink":false,"_tribe_blocks_recurrence_rules":"","_tribe_blocks_recurrence_description":"","_tribe_blocks_recurrence_exclusions":"","footnotes":""},"class_list":["post-10569","page","type-page","status-publish","has-post-thumbnail","hentry"],"_links":{"self":[{"href":"https:\/\/www.lasalle.org\/fr\/wp-json\/wp\/v2\/pages\/10569","targetHints":{"allow":["GET"]}}],"collection":[{"href":"https:\/\/www.lasalle.org\/fr\/wp-json\/wp\/v2\/pages"}],"about":[{"href":"https:\/\/www.lasalle.org\/fr\/wp-json\/wp\/v2\/types\/page"}],"author":[{"embeddable":true,"href":"https:\/\/www.lasalle.org\/fr\/wp-json\/wp\/v2\/users\/13"}],"replies":[{"embeddable":true,"href":"https:\/\/www.lasalle.org\/fr\/wp-json\/wp\/v2\/comments?post=10569"}],"version-history":[{"count":5,"href":"https:\/\/www.lasalle.org\/fr\/wp-json\/wp\/v2\/pages\/10569\/revisions"}],"predecessor-version":[{"id":93869,"href":"https:\/\/www.lasalle.org\/fr\/wp-json\/wp\/v2\/pages\/10569\/revisions\/93869"}],"up":[{"embeddable":true,"href":"https:\/\/www.lasalle.org\/fr\/wp-json\/wp\/v2\/pages\/10563"}],"wp:featuredmedia":[{"embeddable":true,"href":"https:\/\/www.lasalle.org\/fr\/wp-json\/wp\/v2\/media\/93832"}],"wp:attachment":[{"href":"https:\/\/www.lasalle.org\/fr\/wp-json\/wp\/v2\/media?parent=10569"}],"curies":[{"name":"wp","href":"https:\/\/api.w.org\/{rel}","templated":true}]}}