{"id":10576,"date":"2018-12-10T08:44:38","date_gmt":"2018-12-10T08:44:38","guid":{"rendered":"http:\/\/lasalle.vl20054.dinaserver.com\/recherche-et-ressources\/"},"modified":"2022-11-16T12:20:40","modified_gmt":"2022-11-16T11:20:40","slug":"research-and-resources","status":"publish","type":"page","link":"https:\/\/www.lasalle.org\/fr\/animation-et-gouvernement\/research-and-resources\/","title":{"rendered":"Recherche et Ressources"},"content":{"rendered":"\r\n<blockquote class=\"wp-block-quote has-text-align-center is-style-default is-layout-flow wp-block-quote-is-layout-flow\">\r\n<p><em><strong>Cette Conduite n\u2019a \u00e9t\u00e9 r\u00e9dig\u00e9e en forme de r\u00e8glement qu\u2019apr\u00e8s un tr\u00e8s grand nombre de conf\u00e9rences avec les Fr\u00e8res de cet Institut les plus anciens et les plus capables de bien faire l\u2019\u00e9cole; et apr\u00e8s une exp\u00e9rience de plusieurs ann\u00e9es, on n\u2019y a rien mis qui n\u2019ait \u00e9t\u00e9 bien concert\u00e9 et bien \u00e9prouv\u00e9, dont on n\u2019ait pes\u00e9 les avantages et les inconv\u00e9- nients, et dont on n\u2019ait pr\u00e9vu autant qu\u2019on a pu, les b\u00e9vues<\/strong><\/em><br \/><em><strong>ou les mauvaises suites.<\/strong><\/em><\/p>\r\n<cite> (CE 02) <\/cite><\/blockquote>\r\n\r\n\r\n\r\n<p>L\u2019exp\u00e9rience de La Salle et des premiers Fr\u00e8res r\u00e9digeant la Conduite des \u00e9coles, au cours d\u2019un long processus de r\u00e9flexion et d\u2019action participative, se transforme pour nous en une ic\u00f4ne qui inspire la dynamique de recherche que nous, Fr\u00e8res et La\u00efcs lasalliens, sommes appel\u00e9s \u00e0 vivre, en esprit d\u2019association, en r\u00e9fl\u00e9chissant ensemble sur la mission de l\u2019Institut aujourd\u2019hui.<\/p>\r\n\r\n\r\n\r\n<p>Service de la Recherche et des Ressources Lasalliennes travaille \u00e0 la production de la pens\u00e9e lasallienne, en dialogue avec la tradition vivante de l\u2019Institut et le contexte du XXIe si\u00e8cle. Pour cela, en plus de pr\u00e9server et d\u2019enrichir le patrimoine historique du Centre de l\u2019institut, il favorise une recherche multidisciplinaire visant \u00e0 apporter des r\u00e9ponses aux d\u00e9fis de la mission \u00e9ducative lasallienne<\/p>\r\n\r\n\r\n\r\n<h4 class=\"wp-block-heading\"><strong>Objectifs :<\/strong><\/h4>\r\n\r\n\r\n\r\n<ol class=\"wp-block-list\">\r\n<li>Enrichir le patrimoine historique du Centre de l\u2019Institut en g\u00e9n\u00e9rant des processus de recherche nourris par l\u2019utilisation des sources premi\u00e8res accessibles \u00e0 travers les technologies de la communication.<\/li>\r\n<li>D\u00e9velopper une recherche sur les d\u00e9fis de l\u2019\u00e9ducation actuelle dans le contexte de l\u2019association pour la mission lasallienne.<\/li>\r\n<li>Continuer la conservation et l\u2019enrichissement du patrimoine historique lasallien situ\u00e9 au Centre de l\u2019Institut : archives, biblioth\u00e8que et mus\u00e9e.<\/li>\r\n<li>Promouvoir la diffusion de la pens\u00e9e lasallienne en participant en synergie avec les instances charg\u00e9es de l\u2019animation de la mission \u00e9ducative et de la formation des Fr\u00e8res et La\u00efcs.<\/li>\r\n<li>Continuer \u00e0 d\u00e9tecter et former des chercheurs qui collaborent non seulement \u00e0 faire conna\u00eetre mais aussi \u00e0 produire une nouvelle pens\u00e9e lasallienne capable de se transformer en une voix proph\u00e9tique dans le monde \u00e9ducatif et pastoral.<\/li>\r\n<li>Aller vers la formation future d\u2019un syst\u00e8me int\u00e9gr\u00e9 d\u2019archives, biblioth\u00e8ques et mus\u00e9es lasalliens qui r\u00e9ponde au besoin de la recherche contemporaine.<\/li>\r\n<\/ol>\r\n\r\n\r\n\r\n<h4 class=\"wp-block-heading\"><strong>Publications<\/strong><\/h4>\r\n\r\n\r\n\r\n<ul class=\"wp-block-list\">\r\n<li><a href=\"http:\/\/www.lasalle.org\/fr\/publications-2\/cahier-lasallien\/\">Cahiers Lasalliens<\/a><\/li>\r\n<li><a href=\"http:\/\/www.lasalle.org\/fr\/publications-2\/essais-lasalliens\/\">Essais Lasalliens<\/a><\/li>\r\n<li><a href=\"http:\/\/www.lasalle.org\/fr\/etudes-lasalliennes\/\">\u00c9tudes Lasalliennes<\/a><\/li>\r\n<li><a href=\"http:\/\/www.lasalle.org\/fr\/publications-2\/themes-lasalliens\/\">Th\u00e8mes Lasalliens<\/a><\/li>\r\n<li><a href=\"http:\/\/www.lasalle.org\/fr\/publications-2\/ecrits-du-fondateur\/\">\u0152uvres Compl\u00e8tes de\u00a0saint Jean-Baptiste\u00a0de La Salle<\/a><\/li>\r\n<li><a href=\"http:\/\/revista_roma.delasalle.edu.mx\/?lan=fr\" target=\"_blank\" rel=\"noreferrer noopener\">Revue Num\u00e9rique de Recherche Lasallienne<\/a><\/li>\r\n<li><a href=\"https:\/\/drive.google.com\/drive\/folders\/18m1UTYXlZIv1ELIs2rWjsCYAvzYEd5zv?usp=sharing\" target=\"_blank\" rel=\"noreferrer noopener\" aria-label=\"CHEMINER ENSEMBLE\r\n (se abre en una nueva pesta\u00f1a)\">CHEMINER ENSEMBLE<br \/><\/a>La vie de La Salle \u00e0 travers le regard de Jean Jacquot, FSC<\/li>\r\n<li><a href=\"https:\/\/www.lasalle.org\/fr\/publications\/autres-publications-de-la-recherche-lasallienne\/\">Autres publications de la recherche lasallienne<\/a><\/li>\r\n<\/ul>\r\n\r\n\r\n\r\n<h4 class=\"wp-block-heading\"><strong>Membres du service:<\/strong><\/h4>\r\n\r\n\r\n\r\n<p>Ce service sera dirig\u00e9 par un Secr\u00e9taire-coordinateur qui assurera le travail conjoint entre la recherche, les archives, la biblioth\u00e8que et le mus\u00e9e.<\/p>\r\n\r\n\r\n\r\n<figure class=\"wp-block-gallery columns-4 is-cropped wp-block-gallery-1 is-layout-flex wp-block-gallery-is-layout-flex\">\r\n<ul class=\"blocks-gallery-grid\">\r\n<li class=\"blocks-gallery-item\">\r\n<figure><img decoding=\"async\" width=\"294\" height=\"201\" class=\"wp-image-64621\" src=\"https:\/\/www.lasalle.org\/wp-content\/uploads\/2019\/10\/gvgrieken.jpg\" alt=\"\" data-id=\"64621\" data-link=\"https:\/\/www.lasalle.org\/fr\/community\/f-george-van-grieken-usa\/gvgrieken\/\" \/>\r\n<figcaption class=\"blocks-gallery-item__caption\"><strong>F. George Van Grieken<\/strong><br \/>Secr\u00e9taire-Coordinateur<\/figcaption>\r\n<\/figure>\r\n<\/li>\r\n<li class=\"blocks-gallery-item\">\r\n<figure><img decoding=\"async\" width=\"294\" height=\"201\" class=\"wp-image-49684\" src=\"https:\/\/www.lasalle.org\/wp-content\/uploads\/2019\/07\/hilaire.jpg\" alt=\"\" data-id=\"49684\" data-link=\"https:\/\/www.lasalle.org\/fr\/animacion-y-gobierno\/research-and-resources\/hilaire-4-2\/\" \/>\r\n<figcaption class=\"blocks-gallery-item__caption\"><strong> F. Hilaire RAHARILALAO<\/strong><br \/>Archives<\/figcaption>\r\n<\/figure>\r\n<\/li>\r\n<li class=\"blocks-gallery-item\">\r\n<figure><img decoding=\"async\" width=\"294\" height=\"201\" class=\"wp-image-49688\" src=\"https:\/\/www.lasalle.org\/wp-content\/uploads\/2019\/07\/ppetitjean-1.jpg\" alt=\"\" data-id=\"49688\" data-link=\"https:\/\/www.lasalle.org\/fr\/animacion-y-gobierno\/research-and-resources\/ppetitjean-1-2\/\" \/>\r\n<figcaption class=\"blocks-gallery-item__caption\"><strong>F. Pierre PETITJEAN<br \/><\/strong>Ressources num\u00e9riques<\/figcaption>\r\n<\/figure>\r\n<\/li>\r\n<li class=\"blocks-gallery-item\">\r\n<figure><img decoding=\"async\" width=\"294\" height=\"201\" class=\"wp-image-49692\" src=\"https:\/\/www.lasalle.org\/wp-content\/uploads\/2019\/07\/acascone-1.jpg\" alt=\"\" data-id=\"49692\" data-link=\"https:\/\/www.lasalle.org\/fr\/animacion-y-gobierno\/research-and-resources\/acascone-1-2\/\" \/>\r\n<figcaption class=\"blocks-gallery-item__caption\"><strong>Mme. Anna CASCONE<\/strong><br \/>Biblioth\u00e8que<\/figcaption>\r\n<\/figure>\r\n<\/li>\r\n<\/ul>\r\n<\/figure>\r\n\r\n\r\n<hr class=\"wp-block-separator\" \/>\r\n\r\n\r\n<p><strong>R\u00e9seaux sociaux Biblioth\u00e8que Lasallienne<\/strong><\/p>\r\n\r\n\r\n\r\n<div class=\"wp-block-image\">\r\n<figure class=\"alignleft is-resized\"><a href=\"www.facebook.com\/bibliolasalliana\"><img decoding=\"async\" class=\"wp-image-49702\" src=\"https:\/\/www.lasalle.org\/wp-content\/uploads\/2019\/07\/facebook.png\" alt=\"\" width=\"30\" height=\"30\" \/><\/a><\/figure>\r\n<\/div>\r\n\r\n\r\n\r\n<figure class=\"wp-block-image is-resized\"><a href=\"https:\/\/www.instagram.com\/bibliotecalasalliana\/\" target=\"_blank\" rel=\"noreferrer noopener\"><img decoding=\"async\" class=\"wp-image-49736\" src=\"https:\/\/www.lasalle.org\/wp-content\/uploads\/2019\/07\/instagram-duck-egg-blue.png\" alt=\"\" width=\"30\" height=\"30\" \/><\/a><\/figure>\r\n\r\n\r\n<hr class=\"wp-block-separator\" \/>\r\n\r\n\r\n<figure class=\"wp-block-image\"><img decoding=\"async\" width=\"1000\" height=\"521\" class=\"wp-image-49713\" src=\"https:\/\/www.lasalle.org\/wp-content\/uploads\/2019\/07\/ric_ris.jpg\" alt=\"\" srcset=\"https:\/\/www.lasalle.org\/wp-content\/uploads\/2019\/07\/ric_ris-300x156.jpg 300w, https:\/\/www.lasalle.org\/wp-content\/uploads\/2019\/07\/ric_ris-768x400.jpg 768w, https:\/\/www.lasalle.org\/wp-content\/uploads\/2019\/07\/ric_ris.jpg 1000w\" sizes=\"(max-width: 1000px) 100vw, 1000px\" \/><\/figure>\r\n","protected":false},"excerpt":{"rendered":"<p>Cette Conduite n\u2019a \u00e9t\u00e9 r\u00e9dig\u00e9e en forme de r\u00e8glement qu\u2019apr\u00e8s  [&#8230;]<\/p>\n","protected":false},"author":13,"featured_media":66240,"parent":10563,"menu_order":0,"comment_status":"closed","ping_status":"closed","template":"","meta":{"_tec_requires_first_save":true,"_monsterinsights_skip_tracking":false,"_monsterinsights_sitenote_active":false,"_monsterinsights_sitenote_note":"","_monsterinsights_sitenote_category":0,"_EventAllDay":false,"_EventTimezone":"","_EventStartDate":"","_EventEndDate":"","_EventStartDateUTC":"","_EventEndDateUTC":"","_EventShowMap":false,"_EventShowMapLink":false,"_EventURL":"","_EventCost":"","_EventCostDescription":"","_EventCurrencySymbol":"","_EventCurrencyCode":"","_EventCurrencyPosition":"","_EventDateTimeSeparator":"","_EventTimeRangeSeparator":"","_EventOrganizerID":[],"_EventVenueID":[],"_OrganizerEmail":"","_OrganizerPhone":"","_OrganizerWebsite":"","_VenueAddress":"","_VenueCity":"","_VenueCountry":"","_VenueProvince":"","_VenueState":"","_VenueZip":"","_VenuePhone":"","_VenueURL":"","_VenueStateProvince":"","_VenueLat":"","_VenueLng":"","_VenueShowMap":false,"_VenueShowMapLink":false,"_tribe_blocks_recurrence_rules":"","_tribe_blocks_recurrence_description":"","_tribe_blocks_recurrence_exclusions":"","footnotes":""},"class_list":["post-10576","page","type-page","status-publish","has-post-thumbnail","hentry"],"_links":{"self":[{"href":"https:\/\/www.lasalle.org\/fr\/wp-json\/wp\/v2\/pages\/10576","targetHints":{"allow":["GET"]}}],"collection":[{"href":"https:\/\/www.lasalle.org\/fr\/wp-json\/wp\/v2\/pages"}],"about":[{"href":"https:\/\/www.lasalle.org\/fr\/wp-json\/wp\/v2\/types\/page"}],"author":[{"embeddable":true,"href":"https:\/\/www.lasalle.org\/fr\/wp-json\/wp\/v2\/users\/13"}],"replies":[{"embeddable":true,"href":"https:\/\/www.lasalle.org\/fr\/wp-json\/wp\/v2\/comments?post=10576"}],"version-history":[{"count":5,"href":"https:\/\/www.lasalle.org\/fr\/wp-json\/wp\/v2\/pages\/10576\/revisions"}],"predecessor-version":[{"id":89574,"href":"https:\/\/www.lasalle.org\/fr\/wp-json\/wp\/v2\/pages\/10576\/revisions\/89574"}],"up":[{"embeddable":true,"href":"https:\/\/www.lasalle.org\/fr\/wp-json\/wp\/v2\/pages\/10563"}],"wp:featuredmedia":[{"embeddable":true,"href":"https:\/\/www.lasalle.org\/fr\/wp-json\/wp\/v2\/media\/66240"}],"wp:attachment":[{"href":"https:\/\/www.lasalle.org\/fr\/wp-json\/wp\/v2\/media?parent=10576"}],"curies":[{"name":"wp","href":"https:\/\/api.w.org\/{rel}","templated":true}]}}