{"id":10577,"date":"2018-12-10T08:53:56","date_gmt":"2018-12-10T08:53:56","guid":{"rendered":"http:\/\/lasalle.vl20054.dinaserver.com\/famille-lasallienne-et-association\/"},"modified":"2022-09-19T11:23:23","modified_gmt":"2022-09-19T10:23:23","slug":"secretariado-de-asociacion-y-mision","status":"publish","type":"page","link":"https:\/\/www.lasalle.org\/fr\/animation-et-gouvernement\/secretariado-de-asociacion-y-mision\/","title":{"rendered":"Association et Mission"},"content":{"rendered":"<div class=\"fusion-fullwidth fullwidth-box fusion-builder-row-1 fusion-flex-container nonhundred-percent-fullwidth non-hundred-percent-height-scrolling\" style=\"--awb-border-radius-top-left:0px;--awb-border-radius-top-right:0px;--awb-border-radius-bottom-right:0px;--awb-border-radius-bottom-left:0px;--awb-flex-wrap:wrap;\" ><div class=\"fusion-builder-row fusion-row fusion-flex-align-items-flex-start fusion-flex-content-wrap\" style=\"max-width:1248px;margin-left: calc(-4% \/ 2 );margin-right: calc(-4% \/ 2 );\"><div class=\"fusion-layout-column fusion_builder_column fusion-builder-column-0 fusion_builder_column_1_1 1_1 fusion-flex-column\" style=\"--awb-bg-size:cover;--awb-width-large:100%;--awb-margin-top-large:0px;--awb-spacing-right-large:1.92%;--awb-margin-bottom-large:0px;--awb-spacing-left-large:1.92%;--awb-width-medium:100%;--awb-spacing-right-medium:1.92%;--awb-spacing-left-medium:1.92%;--awb-width-small:100%;--awb-spacing-right-small:1.92%;--awb-spacing-left-small:1.92%;\"><div class=\"fusion-column-wrapper fusion-flex-justify-content-flex-start fusion-content-layout-column\"><div class=\"fusion-text fusion-text-1\"><h4>Secr\u00e9tariat Association et Mission : travailler \u00e0 un avenir d\u2019esp\u00e9rance .<\/h4>\n<\/div><div class=\"fusion-text fusion-text-2\"><blockquote>\n<p style=\"text-align: center;\"><em><strong>Comme il est de votre devoir d\u2019apprendre tous les jours \u00e0 vos disciples \u00e0 conna\u00eetre Dieu, de leur enseigner les v\u00e9rit\u00e9s de l\u2019\u00c9vangile, et de les former \u00e0 les pratiquer, vous devez vous-m\u00eames \u00eatre bien pleins de Dieu, et embras\u00e9s de l\u2019amour de sa sainte loi, afin que vos paroles aient leur effet \u00e0 l\u2019\u00e9gard de vos disciples. Pr\u00eachez d\u2019exemple, et pratiquez \u00e0 leurs yeux ce que vous voulez leur persuader.<\/strong><\/em><strong>\u00a0<\/strong><\/p>\n<p style=\"text-align: center;\"><cite> <em>(Med. 100. 2)<\/em><\/cite><\/p>\n<\/blockquote>\n<\/div><div class=\"fusion-text fusion-text-3\"><p>Depuis notre fondation, l\u2019association pour le service \u00e9ducatif des pauvres a toujours \u00e9t\u00e9 un rappel qui nous provoque. R\u00e9- cemment, cela a \u00e9t\u00e9 plus \u00e9vident dans les r\u00e9flexions des d\u00e9- l\u00e9gu\u00e9s d\u2019AIMEL 2013 et du 45e Chapitre g\u00e9n\u00e9ral. Ces deux \u00e9v\u00e9nements ont reconnu l\u2019exp\u00e9rience v\u00e9cue de l\u2019Institut dans le domaine de l\u2019association, ces r\u00e9centes ann\u00e9es, et l\u2019impact de l\u2019association dans la fa\u00e7on dont nous servons les pauvres par l\u2019\u00e9ducation.<\/p>\n<p><!-- \/wp:post-content --><\/p>\n<p><!-- wp:paragraph --><\/p>\n<p>Au niveau organisationnel, nous voulons souligner ce rapport entre Association et Mission en ayant un seul Secr\u00e9tariat pour animer ce qui, jusqu\u2019au dernier Chapitre g\u00e9n\u00e9ral, \u00e9tait confi\u00e9 \u00e0 deux Secr\u00e9tariats diff\u00e9rents. Parmi les atouts de l\u2019Institut que l\u2019on devra continuer d\u2019exploiter dans ces nouveaux secr\u00e9tariats :<\/p>\n<p><!-- \/wp:paragraph --><\/p>\n<p><!-- wp:list --><\/p>\n<ul>\n<li>Un long et solide h\u00e9ritage professionnel qui motive l\u2019engagement des Lasalliens au niveau local pour assurer \u00ab que l\u2019\u00e9cole aille bien \u00bb.<\/li>\n<li>Une conscience plus profonde parmi les Lasalliens de leur r\u00f4le de sauvegarde des droits des enfants et des jeunes.<\/li>\n<li>Un nombre croissant de centres lasalliens d\u2019\u00e9ducation sup\u00e9rieure et leur r\u00f4le dans la mission \u00e9ducative plus large de l\u2019Institut.<\/li>\n<li>Une volont\u00e9 accrue de faciliter plus de collaboration entre les institutions lasalliennes d\u2019\u00e9ducation sup\u00e9rieure.<\/li>\n<li>Un nombre consid\u00e9rable de publications et de programmes du Centre de l\u2019Institut ainsi que des R\u00e9gions et Districts qui permettent la promotion de l\u2019association dans les communaut\u00e9s \u00e9ducatives.<\/li>\n<li>Une compr\u00e9hension grandissante de l\u2019autosuffisance dans le contexte de solidarit\u00e9 et subsidiarit\u00e9 dans les institutions lasalliennes dans le monde.<\/li>\n<li>Un coordinateur des Jeunes Lasalliens \u00e0 temps plein et son accompagnement du Conseil international a favoris\u00e9 l\u2019engagement dans la mission lasallienne de jeunes adultes.<\/li>\n<li>Une plus grande acceptation du besoin d\u2019accompagnement mutuel entre Fr\u00e8res et Partenaires dans leurs parcours respectifs d\u2019\u00e9ducateurs Lasalliens.<\/li>\n<\/ul>\n<p><!-- \/wp:list --><\/p>\n<p><!-- wp:paragraph --><\/p>\n<\/div><div class=\"fusion-text fusion-text-4\"><p><strong>Objectifs<\/strong><\/p>\n<p><!-- \/wp:paragraph --><\/p>\n<p><!-- wp:image  --><\/p>\n<div class=\"wp-block-image\">\n<figure class=\"alignright\"><img decoding=\"async\" width=\"308\" height=\"203\" class=\"wp-image-49293\" src=\"https:\/\/www.lasalle.org\/wp-content\/uploads\/2019\/07\/ciamel.jpg\" alt=\"\" srcset=\"https:\/\/www.lasalle.org\/wp-content\/uploads\/2019\/07\/ciamel-300x198.jpg 300w, https:\/\/www.lasalle.org\/wp-content\/uploads\/2019\/07\/ciamel.jpg 308w\" sizes=\"(max-width: 308px) 100vw, 308px\" \/><figcaption><em><a href=\"http:\/\/www.lasalle.org\/fr\/animacion-y-gobierno\/secretariado-de-asociacion-y-mision\/ciamel\/\">Voir la page CIAMEL.<\/a><\/em><\/figcaption><\/figure>\n<\/div>\n<p><!-- \/wp:image --><\/p>\n<p><!-- wp:list  --><\/p>\n<ol>\n<li>Mettre en mouvement le <strong><a href=\"http:\/\/www.lasalle.org\/fr\/animacion-y-gobierno\/secretariado-de-asociacion-y-mision\/ciamel\/\">Conseil International de l\u00b4Association et de la Mission \u00c9ducative Lasallienne<\/a><\/strong> (CIAMEL) pour l'animation et la direction de la Mission \u00c9ducative Lasallienne afin de r\u00e9pondre aux besoins du service \u00e9ducatif des pauvres dans le monde de la fa\u00e7on la plus efficace.<\/li>\n<li>Assurer le caract\u00e8re lasallien et la qualit\u00e9 de chaque \u0153uvre \u00e9ducative du r\u00e9seau lasallien afin d'instiller d'une fa\u00e7on plus efficace nos valeurs centrales de foi, service et communaut\u00e9.<\/li>\n<li>Continuer activement le processus de promotion de l'association parmi les diff\u00e9rents groupes lasalliens et familles religieuses afin d'encourager la collaboration mutuelle et, en m\u00eame temps, d'approfondir leur propre identit\u00e9 lasallienne.<\/li>\n<li>Renforcer ou cr\u00e9er des programmes de formation pour les Fr\u00e8res et les Partenaires au niveau des Districts et R\u00e9gions afin de r\u00e9pondre au besoin croissant de personnel qualifi\u00e9 dans l'Institut.<\/li>\n<li>Rendre prioritaire le r\u00f4le de notre Institut pour apporter la bonne nouvelle et les valeurs de l'\u00c9vangile de J\u00e9susChrist \u00e0 tous les peuples, en affirmant le r\u00f4le de cat\u00e9- chistes et de t\u00e9moins des Fr\u00e8res et des Partenaires.<\/li>\n<li>Renforcer les efforts de tous les Lasalliens dans la d\u00e9fense et la promotion des droits des enfants et des jeunes.<\/li>\n<li>Utiliser \u00e0 plein le potentiel des institutions lasalliennes d'\u00e9ducation sup\u00e9rieure en les encourageant \u00e0 une plus grande coordination avec les Districts et \u00e0 \u00e9tendre leur contribution \u00e0 l'enseignement, la recherche et le dialogue entre culture et foi, formation d'enseignants et d\u00e9- veloppement de la soci\u00e9t\u00e9 au sein de toute la famille lasallienne.<\/li>\n<li>Encourager des r\u00e9ponses efficaces de nos institutions lasalliennes et des R\u00e9gions aux n\u00e9cessit\u00e9s \u00e9ducatives urgentes et aux besoins des plus vuln\u00e9rables vivant \u00abaux fronti\u00e8res \u00bb de la soci\u00e9t\u00e9.<\/li>\n<li>Renforcer le mouvement des Jeunes Lasalliens en aidant la repr\u00e9sentation de jeunes dans les structures de Secteur, District et R\u00e9gion afin de les impliquer davantage dans la mission \u00e9ducative avec les pauvres.<\/li>\n<li>Soutenir la conception et mise en \u0153uvre d'un plan de communication au niveau local bas\u00e9 sur les directives du document intitul\u00e9 Guide pour le d\u00e9veloppement du plan de communication, afin d'int\u00e9grer les politiques et pratiques de communication dans le cadre \u00e9ducatif de la mission lasallienne.<\/li>\n<li>Promouvoir et assurer l'auto financement des initiatives et programmes de formation en lien avec l'association.<\/li>\n<\/ol>\n<p><!-- \/wp:list --><\/p>\n<p><!-- wp:paragraph --><\/p>\n<\/div><div class=\"fusion-separator fusion-full-width-sep\" style=\"align-self: center;margin-left: auto;margin-right: auto;width:100%;\"><div class=\"fusion-separator-border sep-single sep-solid\" style=\"--awb-height:20px;--awb-amount:20px;border-color:#e0dede;border-top-width:1px;\"><\/div><\/div><div class=\"fusion-text fusion-text-5\" style=\"--awb-content-alignment:center;\"><h2><span style=\"color: #ffffff;\">X<\/span><\/h2>\n<\/div><div class=\"fusion-text fusion-text-6\" style=\"--awb-content-alignment:center;\"><p style=\"text-align: center;\"><a href=\"http:\/\/www.lasalle.org\/secretariado-de-asociacion-y-mision\/aimel-2020\/\"><img decoding=\"async\" width=\"634\" height=\"416\" class=\"wp-image-47090 aligncenter\" src=\"https:\/\/www.lasalle.org\/wp-content\/uploads\/2019\/06\/aimel20-2.jpg\" alt=\"\" srcset=\"https:\/\/www.lasalle.org\/wp-content\/uploads\/2019\/06\/aimel20-2-300x197.jpg 300w, https:\/\/www.lasalle.org\/wp-content\/uploads\/2019\/06\/aimel20-2.jpg 634w\" sizes=\"(max-width: 634px) 100vw, 634px\" \/><\/a>Troisi\u00e8me Assembl\u00e9e Internationale de la Mission \u00c9ducative Lasallienne <br \/>Maison G\u00e9n\u00e9ralice &#8211; Rome, du 4 au 15 mai 2020<\/p>\n<\/div><div class=\"fusion-separator fusion-full-width-sep\" style=\"align-self: center;margin-left: auto;margin-right: auto;width:100%;\"><div class=\"fusion-separator-border sep-single sep-solid\" style=\"--awb-height:20px;--awb-amount:20px;border-color:#e0dede;border-top-width:1px;\"><\/div><\/div><div class=\"fusion-text fusion-text-7\"><h2><strong>Membres du Secr\u00e9tariat<\/strong><\/h2>\n<\/div><div class=\"awb-gallery-wrapper awb-gallery-wrapper-1 button-span-no\"><div style=\"margin:-5px;--awb-bordersize:0px;--awb-caption-title-transform:capitalize;\" class=\"fusion-gallery fusion-gallery-container fusion-grid-4 fusion-columns-total-4 fusion-gallery-layout-grid fusion-gallery-1\"><div style=\"padding:5px;\" class=\"fusion-grid-column fusion-gallery-column fusion-gallery-column-4 hover-type-none awb-imageframe-style awb-imageframe-style-below awb-imageframe-style-1\"><div class=\"fusion-gallery-image\"><a href=\"https:\/\/www.lasalle.org\/wp-content\/uploads\/2019\/07\/nanaya.jpg\" rel=\"noreferrer\" data-rel=\"iLightbox[gallery_image_1]\" class=\"fusion-lightbox\" target=\"_self\"><img decoding=\"async\" src=\"https:\/\/www.lasalle.org\/wp-content\/uploads\/2019\/07\/nanaya.jpg\" width=\"294\" height=\"201\" alt=\"H. Nestor ANAYA- Secretario\" title=\"nanaya\" aria-label=\"nanaya\" class=\"img-responsive wp-image-49243\"  \/><\/a><\/div><div class=\"awb-imageframe-caption-container\"><div class=\"awb-imageframe-caption\"><h6 class=\"awb-imageframe-caption-title\">F. Nestor ANAYA- Secr\u00e9taire (Mission)<\/h6><\/div><\/div><\/div><div style=\"padding:5px;\" class=\"fusion-grid-column fusion-gallery-column fusion-gallery-column-4 hover-type-none awb-imageframe-style awb-imageframe-style-below awb-imageframe-style-1\"><div class=\"fusion-gallery-image\"><a href=\"https:\/\/www.lasalle.org\/wp-content\/uploads\/2019\/07\/pchiva.jpg\" rel=\"noreferrer\" data-rel=\"iLightbox[gallery_image_1]\" class=\"fusion-lightbox\" target=\"_self\"><img decoding=\"async\" src=\"https:\/\/www.lasalle.org\/wp-content\/uploads\/2019\/07\/pchiva.jpg\" width=\"294\" height=\"201\" alt=\"\" title=\"H. Paco CHIVA &#8211; Secretario\" aria-label=\"H. Paco CHIVA &#8211; Secretario\" class=\"img-responsive wp-image-49247\"  \/><\/a><\/div><div class=\"awb-imageframe-caption-container\"><div class=\"awb-imageframe-caption\"><h6 class=\"awb-imageframe-caption-title\">F. Paco CHIVA - Co-Secr\u00e9taire Association<\/h6><\/div><\/div><\/div><div style=\"padding:5px;\" class=\"fusion-grid-column fusion-gallery-column fusion-gallery-column-4 hover-type-none awb-imageframe-style awb-imageframe-style-below awb-imageframe-style-1\"><div class=\"fusion-gallery-image\"><a href=\"https:\/\/www.lasalle.org\/wp-content\/uploads\/2019\/07\/hruple.jpg\" rel=\"noreferrer\" data-rel=\"iLightbox[gallery_image_1]\" class=\"fusion-lightbox\" target=\"_self\"><img decoding=\"async\" src=\"https:\/\/www.lasalle.org\/wp-content\/uploads\/2019\/07\/hruple.jpg\" width=\"294\" height=\"201\" alt=\"\" title=\"Sra. Heather RUPLE &#8211; Secretaria\" aria-label=\"Sra. Heather RUPLE &#8211; Secretaria\" class=\"img-responsive wp-image-49251\"  \/><\/a><\/div><div class=\"awb-imageframe-caption-container\"><div class=\"awb-imageframe-caption\"><h6 class=\"awb-imageframe-caption-title\">Mme Heather RUPLE - Co-Secr\u00e9taire Association<\/h6><\/div><\/div><\/div><div style=\"padding:5px;\" class=\"fusion-grid-column fusion-gallery-column fusion-gallery-column-4 hover-type-none awb-imageframe-style awb-imageframe-style-below awb-imageframe-style-1\"><div class=\"fusion-gallery-image\"><a href=\"https:\/\/www.lasalle.org\/wp-content\/uploads\/2019\/07\/kpalatino.jpg\" rel=\"noreferrer\" data-rel=\"iLightbox[gallery_image_1]\" class=\"fusion-lightbox\" target=\"_self\"><img decoding=\"async\" src=\"https:\/\/www.lasalle.org\/wp-content\/uploads\/2019\/07\/kpalatino.jpg\" width=\"294\" height=\"201\" alt=\"\" title=\"Sr. Keane PALATINO &#8211; Coordinador de los J\u00f3venes Lasalianos\" aria-label=\"Sr. Keane PALATINO &#8211; Coordinador de los J\u00f3venes Lasalianos\" class=\"img-responsive wp-image-49255\"  \/><\/a><\/div><div class=\"awb-imageframe-caption-container\"><div class=\"awb-imageframe-caption\"><h6 class=\"awb-imageframe-caption-title\">M. Keane PALATINO - Coordinateur des Jeunes Lasalliens<\/h6><\/div><\/div><\/div><div class=\"clearfix\"><\/div><\/div><\/div><div class=\"fusion-text fusion-text-8\" style=\"--awb-content-alignment:center;\"><h2><span style=\"color: #ffffff;\">X<\/span><\/h2>\n<\/div><div class=\"fusion-separator fusion-full-width-sep\" style=\"align-self: center;margin-left: auto;margin-right: auto;width:100%;\"><div class=\"fusion-separator-border sep-single sep-solid\" style=\"--awb-height:20px;--awb-amount:20px;border-color:#e0dede;border-top-width:1px;\"><\/div><\/div><div class=\"fusion-text fusion-text-9\"><h2><strong>R\u00e9seaux sociaux du Conseil International des Jeunes Lasalliens <\/strong><\/h2>\n<\/div><div class=\"fusion-social-links fusion-social-links-1\" style=\"--awb-margin-top:0px;--awb-margin-right:0px;--awb-margin-bottom:0px;--awb-margin-left:0px;--awb-box-border-top:0px;--awb-box-border-right:0px;--awb-box-border-bottom:0px;--awb-box-border-left:0px;--awb-icon-colors-hover:rgba(190,189,189,0.8);--awb-box-colors-hover:rgba(232,232,232,0.8);--awb-box-border-color:var(--awb-color3);--awb-box-border-color-hover:var(--awb-color4);\"><div class=\"fusion-social-networks color-type-brand\"><div class=\"fusion-social-networks-wrapper\"><a class=\"fusion-social-network-icon fusion-tooltip fusion-facebook awb-icon-facebook\" style=\"color:#3b5998;font-size:16px;\" data-placement=\"top\" data-title=\"Facebook\" data-toggle=\"tooltip\" title=\"Facebook\" aria-label=\"facebook\" target=\"_blank\" rel=\"noopener noreferrer\" href=\"https:\/\/www.facebook.com\/young.lasallians\"><\/a><a class=\"fusion-social-network-icon fusion-tooltip fusion-twitter awb-icon-twitter\" style=\"color:#000000;font-size:16px;\" data-placement=\"top\" data-title=\"X\" data-toggle=\"tooltip\" title=\"X\" aria-label=\"twitter\" target=\"_blank\" rel=\"noopener noreferrer\" href=\"https:\/\/twitter.com\/younglasallians\"><\/a><a class=\"fusion-social-network-icon fusion-tooltip fusion-instagram awb-icon-instagram\" style=\"color:#c13584;font-size:16px;\" data-placement=\"top\" data-title=\"Instagram\" data-toggle=\"tooltip\" title=\"Instagram\" aria-label=\"instagram\" target=\"_blank\" rel=\"noopener noreferrer\" href=\"https:\/\/www.instagram.com\/younglasallians\/\"><\/a><a class=\"fusion-social-network-icon fusion-tooltip fusion-youtube awb-icon-youtube\" style=\"color:#cd201f;font-size:16px;\" data-placement=\"top\" data-title=\"YouTube\" data-toggle=\"tooltip\" title=\"YouTube\" aria-label=\"youtube\" target=\"_blank\" rel=\"noopener noreferrer\" href=\"https:\/\/www.youtube.com\/channel\/UCQmwUbz0qUcU-XYTUZg7vpA\"><\/a><\/div><\/div><\/div><div class=\"fusion-text fusion-text-10\" style=\"--awb-content-alignment:center;\"><h2><span style=\"color: #ffffff;\">X<\/span><\/h2>\n<\/div><div class=\"fusion-separator fusion-full-width-sep\" style=\"align-self: center;margin-left: auto;margin-right: auto;width:100%;\"><div class=\"fusion-separator-border sep-single sep-solid\" style=\"--awb-height:20px;--awb-amount:20px;border-color:#e0dede;border-top-width:1px;\"><\/div><\/div><div class=\"fusion-text fusion-text-11\"><p><!-- wp:paragraph --><\/p>\n<h2><strong>Publications relatives <\/strong><\/h2>\n<h2><!-- \/wp:paragraph --><\/h2>\n<h2><!-- wp:heading  --><\/h2>\n<p><a href=\"https:\/\/www.lasalle.org\/fr\/publications\/cahiers-mel-2\/\">Cahiers MEL<\/a><\/p>\n<p><!-- \/wp:heading --><\/p>\n<p><!-- wp:heading  --><\/p>\n<p><a href=\"https:\/\/www.lasalle.org\/fr\/publications\/miscellanees\/\"><strong>Miscellan\u00e9es<\/strong><\/a><\/p>\n<p><!-- \/wp:heading --><\/p>\n<p><!-- wp:heading  --><\/p>\n<p><a href=\"https:\/\/www.lasalle.org\/fr\/publications\/lumen-3\/\"><strong>Pour les Jeunes Lasalliens<\/strong><\/a><\/p>\n<p><!-- \/wp:heading --><\/p>\n<p><!-- wp:heading  --><\/p>\n<p><a href=\"http:\/\/www.lasalle.org\/fr\/famille-lasallienne\/\">Vocations Lasalliennes<\/a><\/p>\n<p><!-- \/wp:heading --><\/p>\n<p>\u00a0<\/p>\n<h2><!-- wp:html --><\/h2>\n<p><iframe style=\"border: none; width: 100%; height: 560px;\" src=\"\/\/e.issuu.com\/embed.html?d=livre_formation_itine_raire_fr&u=lasalle.org\" allowfullscreen=\"allowfullscreen\" data-mce-fragment=\"1\"><\/iframe><\/p>\n<h2><!-- \/wp:html --><\/h2>\n<p>\u00a0<\/p>\n<\/div><\/div><\/div><\/div><\/div>","protected":false},"excerpt":{"rendered":"","protected":false},"author":13,"featured_media":88195,"parent":10563,"menu_order":0,"comment_status":"open","ping_status":"closed","template":"","meta":{"_tec_requires_first_save":true,"_monsterinsights_skip_tracking":false,"_monsterinsights_sitenote_active":false,"_monsterinsights_sitenote_note":"","_monsterinsights_sitenote_category":0,"_EventAllDay":false,"_EventTimezone":"","_EventStartDate":"","_EventEndDate":"","_EventStartDateUTC":"","_EventEndDateUTC":"","_EventShowMap":false,"_EventShowMapLink":false,"_EventURL":"","_EventCost":"","_EventCostDescription":"","_EventCurrencySymbol":"","_EventCurrencyCode":"","_EventCurrencyPosition":"","_EventDateTimeSeparator":"","_EventTimeRangeSeparator":"","_EventOrganizerID":[],"_EventVenueID":[],"_OrganizerEmail":"","_OrganizerPhone":"","_OrganizerWebsite":"","_VenueAddress":"","_VenueCity":"","_VenueCountry":"","_VenueProvince":"","_VenueState":"","_VenueZip":"","_VenuePhone":"","_VenueURL":"","_VenueStateProvince":"","_VenueLat":"","_VenueLng":"","_VenueShowMap":false,"_VenueShowMapLink":false,"_tribe_blocks_recurrence_rules":"","_tribe_blocks_recurrence_description":"","_tribe_blocks_recurrence_exclusions":"","footnotes":""},"class_list":["post-10577","page","type-page","status-publish","has-post-thumbnail","hentry"],"_links":{"self":[{"href":"https:\/\/www.lasalle.org\/fr\/wp-json\/wp\/v2\/pages\/10577","targetHints":{"allow":["GET"]}}],"collection":[{"href":"https:\/\/www.lasalle.org\/fr\/wp-json\/wp\/v2\/pages"}],"about":[{"href":"https:\/\/www.lasalle.org\/fr\/wp-json\/wp\/v2\/types\/page"}],"author":[{"embeddable":true,"href":"https:\/\/www.lasalle.org\/fr\/wp-json\/wp\/v2\/users\/13"}],"replies":[{"embeddable":true,"href":"https:\/\/www.lasalle.org\/fr\/wp-json\/wp\/v2\/comments?post=10577"}],"version-history":[{"count":5,"href":"https:\/\/www.lasalle.org\/fr\/wp-json\/wp\/v2\/pages\/10577\/revisions"}],"predecessor-version":[{"id":88240,"href":"https:\/\/www.lasalle.org\/fr\/wp-json\/wp\/v2\/pages\/10577\/revisions\/88240"}],"up":[{"embeddable":true,"href":"https:\/\/www.lasalle.org\/fr\/wp-json\/wp\/v2\/pages\/10563"}],"wp:featuredmedia":[{"embeddable":true,"href":"https:\/\/www.lasalle.org\/fr\/wp-json\/wp\/v2\/media\/88195"}],"wp:attachment":[{"href":"https:\/\/www.lasalle.org\/fr\/wp-json\/wp\/v2\/media?parent=10577"}],"curies":[{"name":"wp","href":"https:\/\/api.w.org\/{rel}","templated":true}]}}