{"id":10578,"date":"2018-12-10T13:37:37","date_gmt":"2018-12-10T13:37:37","guid":{"rendered":"http:\/\/lasalle.vl20054.dinaserver.com\/fr-james-miller\/"},"modified":"2025-07-24T11:34:26","modified_gmt":"2025-07-24T09:34:26","slug":"fr-james-miller","status":"publish","type":"page","link":"https:\/\/www.lasalle.org\/fr\/saintete-lasallienne\/fr-james-miller\/","title":{"rendered":"Bienheureux James Miller"},"content":{"rendered":"<div class=\"fusion-fullwidth fullwidth-box fusion-builder-row-1 fusion-flex-container has-pattern-background has-mask-background nonhundred-percent-fullwidth non-hundred-percent-height-scrolling\" style=\"--awb-border-radius-top-left:0px;--awb-border-radius-top-right:0px;--awb-border-radius-bottom-right:0px;--awb-border-radius-bottom-left:0px;--awb-flex-wrap:wrap;\" ><div class=\"fusion-builder-row fusion-row fusion-flex-align-items-flex-start fusion-flex-content-wrap\" style=\"max-width:1248px;margin-left: calc(-4% \/ 2 );margin-right: calc(-4% \/ 2 );\"><div class=\"fusion-layout-column fusion_builder_column fusion-builder-column-0 fusion_builder_column_3_4 3_4 fusion-flex-column\" style=\"--awb-bg-size:cover;--awb-width-large:75%;--awb-margin-top-large:0px;--awb-spacing-right-large:2.56%;--awb-margin-bottom-large:20px;--awb-spacing-left-large:2.56%;--awb-width-medium:75%;--awb-order-medium:0;--awb-spacing-right-medium:2.56%;--awb-spacing-left-medium:2.56%;--awb-width-small:100%;--awb-order-small:0;--awb-spacing-right-small:1.92%;--awb-spacing-left-small:1.92%;\"><div class=\"fusion-column-wrapper fusion-column-has-shadow fusion-flex-justify-content-flex-start fusion-content-layout-column\"><div class=\"fusion-title title fusion-title-1 sep-underline sep-solid fusion-title-text fusion-title-size-two\" style=\"--awb-text-color:var(--awb-custom17);--awb-sep-color:var(--awb-custom17);--awb-font-size:22px;\"><h2 class=\"fusion-title-heading title-heading-left\" style=\"margin:0;font-size:1em;\">Bienheureux James <em>Santiago<\/em> Miller<\/h2><\/div><div class=\"fusion-text fusion-text-1\"><p>Fr\u00e8re des \u00c9coles Chr\u00e9tiennes, il fut martyris\u00e9 \u00e0 l'\u00e2ge de 37 ans, le 13 f\u00e9vrier 1982\u00a0 \u00e0 Huehuetenango, Guatemala.<\/p>\n<p><!-- \/wp:post-content --><\/p>\n<p><!-- wp:image  --><\/p>\n<div class=\"wp-block-image\">\n<figure class=\"alignleft is-resized\"><img decoding=\"async\" src=\"https:\/\/www.lasalle.org\/wp-content\/uploads\/2019\/12\/Beato-Santiago-Miller-768x1024.jpg\" alt=\"La imagen tiene un atributo ALT vac\u00edo; su nombre de archivo es Beato-Santiago-Miller-768x1024.jpg\" width=\"192\" height=\"256\" \/><\/figure>\n<\/div>\n<p><!-- \/wp:image --><\/p>\n<p><!-- wp:paragraph --><\/p>\n<p>Le Fr\u00e8re James \u00e9tait n\u00e9 dans une famille de fermiers pr\u00e8s de Stevens Point, Wisconsin, aux \u00c9tats-Unis, le 21 septembre 1944. Il fr\u00e9quenta une \u00e9cole primaire, puis il fit son secondaire au Lyc\u00e9e Pacelli de Stevens Point o\u00f9 il rencontra les Fr\u00e8res pour la premi\u00e8re fois. En septembre 1959, il entra au petit noviciat du Missouri. Apr\u00e8s trois ans il fut admis comme postulant au noviciat et en ao\u00fbt 1962 il re\u00e7ut l'habit des Fr\u00e8res et son nom de religieux\u00a0: Fr\u00e8re Leo William. Plus tard, comme les autres Fr\u00e8res, il reprendra son nom de bapt\u00eame.<\/p>\n<p><!-- \/wp:paragraph --><\/p>\n<p><!-- wp:paragraph --><\/p>\n<p>Pendant trois il enseigna \u00e0 l'\u00e9cole secondaire Cretin de Saint Paul, Minnesota, o\u00f9 en plus de donner des cours d'espagnol, d'anglais et de religion il s'occupait de l'entretien de l'\u00e9cole et entrainait l'\u00e9quipe de football des \u00e9l\u00e8ves.<\/p>\n<p><!-- \/wp:paragraph --><\/p>\n<p><!-- wp:image  --><\/p>\n<div class=\"wp-block-image\">\n<figure class=\"alignright is-resized\"><img decoding=\"async\" class=\"wp-image-50881\" src=\"https:\/\/www.lasalle.org\/wp-content\/uploads\/2019\/07\/0-001.jpg\" alt=\"\" width=\"199\" height=\"200\" srcset=\"https:\/\/www.lasalle.org\/wp-content\/uploads\/2019\/07\/0-001-150x150.jpg 150w, https:\/\/www.lasalle.org\/wp-content\/uploads\/2019\/07\/0-001-298x300.jpg 298w, https:\/\/www.lasalle.org\/wp-content\/uploads\/2019\/07\/0-001-768x773.jpg 768w, https:\/\/www.lasalle.org\/wp-content\/uploads\/2019\/07\/0-001.jpg 795w\" sizes=\"(max-width: 199px) 100vw, 199px\" \/><\/figure>\n<\/div>\n<p><!-- \/wp:image --><\/p>\n<p><!-- wp:paragraph --><\/p>\n<p>En ao\u00fbt 1969, apr\u00e8s sa profession perp\u00e9tuelle, il fut envoy\u00e9 \u00e0 l'\u00e9cole missionnaire des Fr\u00e8res de Bluefields, au Nicaragua. Il y enseigna jusqu'\u00e0 sa mutation \u00e0 Puerto Cabezas, Nicaragua, en 1974, pour y \u00eatre directeur. Sous sa direction, l'\u00e9cole passa de 300 \u00e0 800 \u00e9l\u00e8ves. Il accepta en plus la responsabilit\u00e9 de diriger et contr\u00f4ler la construction de dix nouvelles \u00e9coles rurales. Les sup\u00e9rieurs religieux lui demand\u00e8rent de quitter le Nicaragua en juillet 1979, \u00e0 l'\u00e9poque de la r\u00e9volution sandiniste. On craignait que le fait d'avoir travaill\u00e9 sous le gouvernement de Somoza le mette en danger. Il retourna donc aux \u00c9tats-Unis \u00e0 Cretin \u00e0 l'automne 1979 et il participa \u00e0 la session de r\u00e9novation \u00e0 Sangre de Cristo (Nouveau Mexique) en 1980.<\/p>\n<p><!-- \/wp:paragraph --><\/p>\n<p><!-- wp:paragraph --><\/p>\n<p>Il fut de nouveau envoy\u00e9 en mission au Guatemala, en janvier 1981. Il enseigna \u00e0 l'\u00e9cole secondaire de Huehuetenango ainsi qu'au Centre indig\u00e8ne, o\u00f9 les jeunes indig\u00e8nes mayas des zones rurales \u00e9tudiaient et se formaient \u00e0 l'agriculture.<\/p>\n<p><!-- \/wp:paragraph --><\/p>\n<p><!-- wp:paragraph --><\/p>\n<p>Dans la nuit du 13 f\u00e9vrier 1982 il re\u00e7ut plusieurs coups de feu tir\u00e9s par trois hommes masqu\u00e9s. Il mourut instantan\u00e9ment. Les tentatives d'identification des assassins rest\u00e8rent vaines. Apr\u00e8s le service fun\u00e8bre au Guatemala et \u00e0 Saint Paul, Minnesota, il fut enterr\u00e9 au cimeti\u00e8re paroissial de Polonia, dans le Wisconsin.<\/p>\n<\/div><div class=\"accordian fusion-accordian\" style=\"--awb-border-size:1px;--awb-icon-size:16px;--awb-content-font-size:20px;--awb-icon-alignment:left;--awb-hover-color:#f9f9fb;--awb-border-color:#e2e2e2;--awb-background-color:#ffffff;--awb-divider-color:#e0dede;--awb-divider-hover-color:#e0dede;--awb-icon-color:#ffffff;--awb-title-color:#0056b3;--awb-content-color:#082b4c;--awb-icon-box-color:#333333;--awb-toggle-hover-accent-color:var(--awb-custom17);--awb-title-font-family:&quot;Open Sans&quot;;--awb-title-font-weight:400;--awb-title-font-style:normal;--awb-title-font-size:20px;--awb-content-font-family:&quot;PT Sans&quot;;--awb-content-font-style:normal;--awb-content-font-weight:regular;\"><div class=\"panel-group fusion-toggle-icon-boxed\" id=\"accordion-10578-1\"><div class=\"fusion-panel panel-default panel-25d69075f59b0c96a fusion-toggle-has-divider\" style=\"--awb-title-color:#0056b3;--awb-content-color:#082b4c;\"><div class=\"panel-heading\"><h2 class=\"panel-title toggle\" id=\"toggle_25d69075f59b0c96a\"><a aria-expanded=\"false\" aria-controls=\"25d69075f59b0c96a\" role=\"button\" data-toggle=\"collapse\" data-parent=\"#accordion-10578-1\" data-target=\"#25d69075f59b0c96a\" href=\"#25d69075f59b0c96a\"><span class=\"fusion-toggle-icon-wrapper\" aria-hidden=\"true\"><i class=\"fa-fusion-box active-icon awb-icon-minus\" aria-hidden=\"true\"><\/i><i class=\"fa-fusion-box inactive-icon awb-icon-plus\" aria-hidden=\"true\"><\/i><\/span><span class=\"fusion-toggle-heading\">Son caract\u00e8re et sa personnalit\u00e9<\/span><\/a><\/h2><\/div><div id=\"25d69075f59b0c96a\" class=\"panel-collapse collapse \" aria-labelledby=\"toggle_25d69075f59b0c96a\"><div class=\"panel-body toggle-content fusion-clearfix\">\r\n<p><!-- \/wp:paragraph -->\r\n\r\n<!-- wp:image  --><\/p>\r\n<div class=\"wp-block-image\">\r\n<figure class=\"alignleft is-resized\"><img decoding=\"async\" class=\"wp-image-50863\" src=\"https:\/\/www.lasalle.org\/wp-content\/uploads\/2019\/07\/Scan10066.jpg\" alt=\"\" width=\"180\" height=\"224\" srcset=\"https:\/\/www.lasalle.org\/wp-content\/uploads\/2019\/07\/Scan10066-242x300.jpg 242w, https:\/\/www.lasalle.org\/wp-content\/uploads\/2019\/07\/Scan10066.jpg 360w\" sizes=\"(max-width: 180px) 100vw, 180px\" \/><\/figure>\r\n<\/div>\r\n<p><!-- \/wp:image -->\r\n\r\n<!-- wp:paragraph --><\/p>\r\n<p>Ses \u00e9crits et les d\u00e9clarations le concernant, avant et apr\u00e8s sa mort, nous r\u00e9v\u00e8lent son caract\u00e8re et sa personnalit\u00e9. Avant de quitter l'\u00e9cole Pacelli pour aller au petit noviciat, les Fr\u00e8res qui le connaissaient avaient \u00e9crit qu' : \u00ab il \u00e9tait d' une grande g\u00e9n\u00e9rosit\u00e9, pi\u00e9t\u00e9, honn\u00eatet\u00e9, docilit\u00e9\u00a0 et qu'il \u00e9tait tr\u00e8s ordonn\u00e9 et propre ; il ne fumait pas ; il recevait les sacrements chaque semaine, s'entendait plut\u00f4t bien avec ses compagnons de classe ; il consacrait deux heures et demie par semaine \u00e0 ses devoirs de maison \u00bb.<\/p>\r\n<p><!-- \/wp:paragraph -->\r\n\r\n<!-- wp:paragraph --><\/p>\r\n<p>Un de ses professeurs de scolasticat le d\u00e9peint avec enthousiasme\u00a0: \u00ab\u00a0attachant et de personnalit\u00e9 ouverte et sociable, aimable, rien de faux en lui\u00a0; il attirait les gens par sa simplicit\u00e9\u00a0; il \u00e9tait \u00e0 la fois tr\u00e8s intelligent et tr\u00e8s simple\u00bb. Les notes de la communaut\u00e9 dans les discussions pr\u00e9c\u00e9dant sa profession perp\u00e9tuelle parlent de g\u00e9n\u00e9rosit\u00e9, d'influence positive et d'un vif d\u00e9sir de travailler dans les missions. Celui qui fut son directeur de scolasticat et directeur de communaut\u00e9 \u00e0 Cretin, sa premi\u00e8re communaut\u00e9, s'en souvient comme d'une \u00ab\u00a0personne intelligente sans \u00eatre un intellectuel, jovial, de relation facile, qui pr\u00e9f\u00e9rait le travail physique au sport, d'une foi profonde et d'un grand amour pour sa vocation religieuse, mais avec une certaine tendance \u00e0 arriver en retard en classe et aux pri\u00e8res communautaires\u00a0\u00bb.<\/p>\r\n<p><!-- \/wp:paragraph -->\r\n\r\n<!-- wp:paragraph --><\/p>\r\n<p>D\u00e9j\u00e0 au Nicaragua son ancien d\u00e9sir de travailler dans un projet missionnaire se fait voir clairement. Du Nicaragua il \u00e9crivit qu'il se sentait heureux de travailler avec les plus pauvres. R\u00e9pondant \u00e0 la question de savoir s'il avait peur des fusillades qu'il y avait dans son voisinage, il r\u00e9pondit dans une lettre\u00a0:\u00a0\u00ab\u00a0Vous plaisantez\u00a0? Jamais je n'aurais pens\u00e9 que je pourrais prier avec tant de ferveur que quand je vais dormir\u00a0\u00bb. Dans l'une de ses derni\u00e8res lettres avant de mourir il r\u00e9v\u00e8le la conscience qu'il avait de la situation au Guatemala\u00a0 et des possibles cons\u00e9quences que cela pourrait avoir pour lui. Il \u00e9crivait en janvier 1982\u00a0: \u00ab\u00a0Personnellement je suis fatigu\u00e9 de la violence mais je me sens profond\u00e9ment engag\u00e9 avec les pauvres qui souffrent en Am\u00e9rique centrale\u2026 Le Christ est pers\u00e9cut\u00e9 \u00e0 cause de notre option pour les pauvres. Conscients des nombreux dangers et difficult\u00e9s nous continuons \u00e0 travailler avec foi, esp\u00e9rance et confiance en la Providence de Dieu\u00a0\u00bb. Et plus loin il \u00e9crit\u00a0:\u00a0 \u00ab\u00a0<em>Je suis Fr\u00e8re des \u00c9coles Chr\u00e9tiennes depuis 20 ans et mon engagement dans ma vocation augmente chaque jour davantage avec mon travail en Am\u00e9rique centrale. Je demande \u00e0 Dieu la gr\u00e2ce et la force de le servir fid\u00e8lement parmi les pauvres et les opprim\u00e9s du Guatemala. Je confie ma vie \u00e0 sa Providence et mets ma confiance en Lui<\/em>.\u00a0\u00bb Il mourut un mois plus tard.<\/p>\r\n<p><!-- \/wp:paragraph -->\r\n\r\n<!-- wp:image  --><\/p>\r\n<div class=\"wp-block-image\">\r\n<figure class=\"alignright is-resized\"><img decoding=\"async\" class=\"wp-image-50877\" src=\"https:\/\/www.lasalle.org\/wp-content\/uploads\/2019\/07\/millerjames.jpg\" alt=\"\" width=\"168\" height=\"250\" srcset=\"https:\/\/www.lasalle.org\/wp-content\/uploads\/2019\/07\/millerjames-202x300.jpg 202w, https:\/\/www.lasalle.org\/wp-content\/uploads\/2019\/07\/millerjames.jpg 672w\" sizes=\"(max-width: 168px) 100vw, 168px\" \/><\/figure>\r\n<\/div>\r\n<p><!-- \/wp:image -->\r\n\r\n<!-- wp:paragraph --><\/p>\r\n<p>Chaque ann\u00e9e, depuis l'assassinat du Fr\u00e8re James Miller au Guatemala, la Commission Justice et Paix du dioc\u00e8se de La Crosse organise avec les Fr\u00e8res des \u00c9coles Chr\u00e9tiennes du District du Midwest, le jour anniversaire de sa mort, une c\u00e9r\u00e9monie suivie par ses fr\u00e8res, ses s\u0153urs et autres parents. Ainsi se r\u00e9alise le souhait du Fr\u00e8re Cyril Litecky, \u00e0 l'\u00e9poque Visiteur du Fr\u00e8re James, qui \u00e9crivit peu apr\u00e8s la mort de celui-ci qu'il \u00e9tait important de ne pas oublier le Fr\u00e8re James Miller. \u00ab\u00a0<em>Ce pourquoi il a v\u00e9cu et ce pourquoi il est mort en fin de compte, c'est le message \u00e9vang\u00e9lique de libert\u00e9, paix, justice et v\u00e9rit\u00e9\u00a0<\/em>\u00bb.<\/p>\r\n<\/div><\/div><\/div><\/div><\/div><div class=\"fusion-text fusion-text-2\"><p><div class=\"video-shortcode\"><iframe title=\"Blessed James Miller | Beato Santiago Miller | Bienheureux James Miller\" width=\"1200\" height=\"675\" src=\"https:\/\/www.youtube.com\/embed\/MfVwDm7ww6Q?feature=oembed\" frameborder=\"0\" allow=\"accelerometer; autoplay; clipboard-write; encrypted-media; gyroscope; picture-in-picture; web-share\" referrerpolicy=\"strict-origin-when-cross-origin\" allowfullscreen><\/iframe><\/div><\/p>\n<\/div><div class=\"fusion-separator fusion-full-width-sep\" style=\"align-self: center;margin-left: auto;margin-right: auto;margin-top:15px;margin-bottom:15px;width:100%;\"><div class=\"fusion-separator-border sep-single sep-solid\" style=\"--awb-height:20px;--awb-amount:20px;--awb-sep-color:var(--awb-custom17);border-color:var(--awb-custom17);border-top-width:1px;\"><\/div><\/div><nav class=\"fusion-breadcrumbs fusion-breadcrumbs-1\" style=\"--awb-breadcrumb-sep:&#039;\/&#039;;\" aria-label=\"Breadcrumb\"><ol class=\"awb-breadcrumb-list\"><\/ol><\/nav><\/div><\/div><div class=\"fusion-layout-column fusion_builder_column fusion-builder-column-1 fusion_builder_column_1_4 1_4 fusion-flex-column\" style=\"--awb-bg-size:cover;--awb-width-large:25%;--awb-margin-top-large:0px;--awb-spacing-right-large:7.68%;--awb-margin-bottom-large:20px;--awb-spacing-left-large:7.68%;--awb-width-medium:25%;--awb-order-medium:0;--awb-spacing-right-medium:7.68%;--awb-spacing-left-medium:7.68%;--awb-width-small:100%;--awb-order-small:0;--awb-spacing-right-small:1.92%;--awb-spacing-left-small:1.92%;\"><div class=\"fusion-column-wrapper fusion-column-has-shadow fusion-flex-justify-content-flex-start fusion-content-layout-column\"><div class=\"fusion-title title fusion-title-2 sep-underline sep-solid fusion-title-text fusion-title-size-two\" style=\"--awb-text-color:var(--awb-custom17);--awb-sep-color:var(--awb-custom17);--awb-font-size:22px;\"><h2 class=\"fusion-title-heading title-heading-left\" style=\"margin:0;font-size:1em;\">Dates importantes<\/h2><\/div><ul style=\"--awb-line-height:27.2px;--awb-icon-width:27.2px;--awb-icon-height:27.2px;--awb-icon-margin:11.2px;--awb-content-margin:38.4px;--awb-circlecolor:var(--awb-custom17);--awb-circle-yes-font-size:14.08px;\" class=\"fusion-checklist fusion-checklist-1 fusion-checklist-default type-icons\"><li class=\"fusion-li-item\" style=\"\"><span class=\"icon-wrapper circle-yes\"><i class=\"fusion-li-icon fa-star-half far\" aria-hidden=\"true\"><\/i><\/span><div class=\"fusion-li-item-content\">\r\n<p><strong>M\u00e9moire liturgique : 13 f\u00e9vrier<\/strong><\/p>\r\n<\/div><\/li><li class=\"fusion-li-item\" style=\"\"><span class=\"icon-wrapper circle-yes\"><i class=\"fusion-li-icon fa-star-half far\" aria-hidden=\"true\"><\/i><\/span><div class=\"fusion-li-item-content\">\r\n<p>N\u00e9 \u00e0 Stevens Point, Wisconsin, USA, le 21 septembre 1944<\/p>\r\n<\/div><\/li><li class=\"fusion-li-item\" style=\"\"><span class=\"icon-wrapper circle-yes\"><i class=\"fusion-li-icon fa-star-half far\" aria-hidden=\"true\"><\/i><\/span><div class=\"fusion-li-item-content\">\r\n<p>En septembre 1959, il est entr\u00e9 au noviciat junior<\/p>\r\n<\/div><\/li><li class=\"fusion-li-item\" style=\"\"><span class=\"icon-wrapper circle-yes\"><i class=\"fusion-li-icon fa-star-half far\" aria-hidden=\"true\"><\/i><\/span><div class=\"fusion-li-item-content\">\r\n<p>En ao\u00fbt 1962, il est entr\u00e9 au noviciat et a re\u00e7u l&rsquo;habit<\/p>\r\n<\/div><\/li><li class=\"fusion-li-item\" style=\"\"><span class=\"icon-wrapper circle-yes\"><i class=\"fusion-li-icon fa-star-half far\" aria-hidden=\"true\"><\/i><\/span><div class=\"fusion-li-item-content\">\r\n<p>Ao\u00fbt 1969 : v\u0153ux perp\u00e9tuels<\/p>\r\n<\/div><\/li><li class=\"fusion-li-item\" style=\"\"><span class=\"icon-wrapper circle-yes\"><i class=\"fusion-li-icon fa-star-half far\" aria-hidden=\"true\"><\/i><\/span><div class=\"fusion-li-item-content\">\r\n<p>Martyris\u00e9 le 13 f\u00e9vrier 1982<\/p>\r\n<\/div><\/li><li class=\"fusion-li-item\" style=\"\"><span class=\"icon-wrapper circle-yes\"><i class=\"fusion-li-icon fa-star-half far\" aria-hidden=\"true\"><\/i><\/span><div class=\"fusion-li-item-content\">\r\n<p>B\u00e9atifi\u00e9 le 7 d\u00e9cembre 2019<\/p>\r\n<\/div><\/li><\/ul><div class=\"fusion-separator fusion-full-width-sep\" style=\"align-self: center;margin-left: auto;margin-right: auto;margin-top:15px;margin-bottom:15px;width:100%;\"><\/div><div class=\"fusion-title title fusion-title-3 sep-underline sep-solid fusion-title-text fusion-title-size-two\" style=\"--awb-text-color:var(--awb-custom17);--awb-sep-color:var(--awb-custom17);--awb-font-size:22px;\"><h2 class=\"fusion-title-heading title-heading-left\" style=\"margin:0;font-size:1em;\">Ressources<\/h2><\/div><ul style=\"--awb-line-height:27.2px;--awb-icon-width:27.2px;--awb-icon-height:27.2px;--awb-icon-margin:11.2px;--awb-content-margin:38.4px;--awb-circlecolor:var(--awb-custom17);--awb-circle-yes-font-size:14.08px;\" class=\"fusion-checklist fusion-checklist-2 fusion-checklist-default type-icons\"><li class=\"fusion-li-item\" style=\"\"><span class=\"icon-wrapper circle-yes\"><i class=\"fusion-li-icon fa-file-image far\" aria-hidden=\"true\"><\/i><\/span><div class=\"fusion-li-item-content\">\r\n<p><a href=\"https:\/\/goo.gl\/photos\/iR4jjDhBKjzXYokf8\" target=\"_blank\" rel=\"noreferrer noopener\">Images<\/a><\/p>\r\n<\/div><\/li><li class=\"fusion-li-item\" style=\"\"><span class=\"icon-wrapper circle-yes\"><i class=\"fusion-li-icon fa-file-powerpoint far\" aria-hidden=\"true\"><\/i><\/span><div class=\"fusion-li-item-content\">\r\n<p><a href=\"https:\/\/www.lasalle.org\/wp-content\/uploads\/2020\/02\/jamesmiller_fr.pptx\" target=\"_blank\" rel=\"noreferrer noopener\">Fr\u00e8re\u00a0James Miller\u00a0(1944\u00a0 \u2013 1982)<\/a><\/p>\r\n<\/div><\/li><li class=\"fusion-li-item\" style=\"\"><span class=\"icon-wrapper circle-yes\"><i class=\"fusion-li-icon fa-file-pdf far\" aria-hidden=\"true\"><\/i><\/span><div class=\"fusion-li-item-content\">\r\n<p><a href=\"https:\/\/www.lasalle.org\/wp-content\/uploads\/2020\/02\/BEATIFICATION-HOMILY_James-Miller_FR-1.pdf\" target=\"_blank\" rel=\"noreferrer noopener\">Hom\u00e9lie de b\u00e9atification<strong><br \/><\/strong><\/a>Cardinal Jos\u00e9 Luis Lacunza Maestroju\u00e1n, OAR<\/p>\r\n<\/div><\/li><\/ul><div class=\"fusion-separator fusion-full-width-sep\" style=\"align-self: center;margin-left: auto;margin-right: auto;margin-top:15px;margin-bottom:15px;width:100%;\"><\/div><div class=\"fusion-title title fusion-title-4 sep-underline sep-solid fusion-title-text fusion-title-size-two\" style=\"--awb-text-color:var(--awb-custom17);--awb-sep-color:var(--awb-custom17);--awb-font-size:22px;\"><h2 class=\"fusion-title-heading title-heading-left\" style=\"margin:0;font-size:1em;\">Un hymne au Bienheureux <br \/>Fr\u00e8re James Miller<\/h2><\/div><ul style=\"--awb-line-height:27.2px;--awb-icon-width:27.2px;--awb-icon-height:27.2px;--awb-icon-margin:11.2px;--awb-content-margin:38.4px;--awb-circlecolor:var(--awb-custom17);--awb-circle-yes-font-size:14.08px;\" class=\"fusion-checklist fusion-checklist-3 fusion-checklist-default type-icons\"><li class=\"fusion-li-item\" style=\"\"><span class=\"icon-wrapper circle-yes\"><i class=\"fusion-li-icon fa-file-pdf far\" aria-hidden=\"true\"><\/i><\/span><div class=\"fusion-li-item-content\">\r\n<p><a href=\"https:\/\/www.lasalle.org\/wp-content\/uploads\/2020\/09\/HYMNE-fr.pdf\" target=\"_blank\" rel=\"noreferrer noopener\">Hymne<\/a><\/p>\r\n<\/div><\/li><\/ul><div class=\"fusion-text fusion-text-3\" style=\"--awb-font-size:14px;\"><p>Hymne compos\u00e9 par le Fr\u00e8re Mario Chiarapini.<br \/>L\u2019adaptation dans les autres langues a \u00e9t\u00e9 r\u00e9alis\u00e9e par Fr. John Guasconi (anglais), le Fr. Nicolas Capelle (fran\u00e7ais) et Fr. Jos\u00e9 Mart\u00ednez (espagnol).<\/p>\n<\/div><div class=\"fusion-separator fusion-full-width-sep\" style=\"align-self: center;margin-left: auto;margin-right: auto;margin-top:15px;margin-bottom:15px;width:100%;\"><div class=\"fusion-separator-border sep-single sep-solid\" style=\"--awb-height:20px;--awb-amount:20px;--awb-sep-color:var(--awb-custom17);border-color:var(--awb-custom17);border-top-width:1px;\"><\/div><\/div><div class=\"awb-gallery-wrapper awb-gallery-wrapper-1 button-span-no\" style=\"--more-btn-alignment:center;\"><div style=\"margin:-5px;--awb-bordersize:0px;\" class=\"fusion-gallery fusion-gallery-container fusion-grid-1 fusion-columns-total-1 fusion-gallery-layout-grid fusion-gallery-1\"><div style=\"padding:5px;\" class=\"fusion-grid-column fusion-gallery-column fusion-gallery-column-1 hover-type-zoomin\"><div class=\"fusion-gallery-image\"><a href=\"https:\/\/www.lasalle.org\/wp-content\/uploads\/2019\/07\/mil_0001.jpg\" rel=\"noreferrer\" data-rel=\"iLightbox[gallery_image_1]\" class=\"fusion-lightbox\" target=\"_self\"><img decoding=\"async\" src=\"https:\/\/www.lasalle.org\/wp-content\/uploads\/2019\/07\/mil_0001.jpg\" width=\"800\" height=\"730\" alt=\"\" title=\"mil_0001\" aria-label=\"mil_0001\" class=\"img-responsive wp-image-50872\" srcset=\"https:\/\/www.lasalle.org\/wp-content\/uploads\/2019\/07\/mil_0001-300x274.jpg 300w, https:\/\/www.lasalle.org\/wp-content\/uploads\/2019\/07\/mil_0001-768x701.jpg 768w, https:\/\/www.lasalle.org\/wp-content\/uploads\/2019\/07\/mil_0001.jpg 800w\" sizes=\"(max-width: 800px) 100vw, 800px\" \/><\/a><\/div><\/div><div class=\"clearfix\"><\/div><\/div><\/div><div class=\"fusion-separator fusion-full-width-sep\" style=\"align-self: center;margin-left: auto;margin-right: auto;margin-top:15px;margin-bottom:15px;width:100%;\"><div class=\"fusion-separator-border sep-single sep-solid\" style=\"--awb-height:20px;--awb-amount:20px;--awb-sep-color:var(--awb-custom17);border-color:var(--awb-custom17);border-top-width:1px;\"><\/div><\/div><\/div><\/div><\/div><\/div>","protected":false},"excerpt":{"rendered":"","protected":false},"author":13,"featured_media":112167,"parent":10536,"menu_order":0,"comment_status":"open","ping_status":"closed","template":"","meta":{"_tec_requires_first_save":true,"_monsterinsights_skip_tracking":false,"_monsterinsights_sitenote_active":false,"_monsterinsights_sitenote_note":"","_monsterinsights_sitenote_category":0,"_EventAllDay":false,"_EventTimezone":"","_EventStartDate":"","_EventEndDate":"","_EventStartDateUTC":"","_EventEndDateUTC":"","_EventShowMap":false,"_EventShowMapLink":false,"_EventURL":"","_EventCost":"","_EventCostDescription":"","_EventCurrencySymbol":"","_EventCurrencyCode":"","_EventCurrencyPosition":"","_EventDateTimeSeparator":"","_EventTimeRangeSeparator":"","_EventOrganizerID":[],"_EventVenueID":[],"_OrganizerEmail":"","_OrganizerPhone":"","_OrganizerWebsite":"","_VenueAddress":"","_VenueCity":"","_VenueCountry":"","_VenueProvince":"","_VenueState":"","_VenueZip":"","_VenuePhone":"","_VenueURL":"","_VenueStateProvince":"","_VenueLat":"","_VenueLng":"","_VenueShowMap":false,"_VenueShowMapLink":false,"_tribe_blocks_recurrence_rules":"","_tribe_blocks_recurrence_description":"","_tribe_blocks_recurrence_exclusions":"","footnotes":""},"class_list":["post-10578","page","type-page","status-publish","has-post-thumbnail","hentry"],"_links":{"self":[{"href":"https:\/\/www.lasalle.org\/fr\/wp-json\/wp\/v2\/pages\/10578","targetHints":{"allow":["GET"]}}],"collection":[{"href":"https:\/\/www.lasalle.org\/fr\/wp-json\/wp\/v2\/pages"}],"about":[{"href":"https:\/\/www.lasalle.org\/fr\/wp-json\/wp\/v2\/types\/page"}],"author":[{"embeddable":true,"href":"https:\/\/www.lasalle.org\/fr\/wp-json\/wp\/v2\/users\/13"}],"replies":[{"embeddable":true,"href":"https:\/\/www.lasalle.org\/fr\/wp-json\/wp\/v2\/comments?post=10578"}],"version-history":[{"count":5,"href":"https:\/\/www.lasalle.org\/fr\/wp-json\/wp\/v2\/pages\/10578\/revisions"}],"predecessor-version":[{"id":116227,"href":"https:\/\/www.lasalle.org\/fr\/wp-json\/wp\/v2\/pages\/10578\/revisions\/116227"}],"up":[{"embeddable":true,"href":"https:\/\/www.lasalle.org\/fr\/wp-json\/wp\/v2\/pages\/10536"}],"wp:featuredmedia":[{"embeddable":true,"href":"https:\/\/www.lasalle.org\/fr\/wp-json\/wp\/v2\/media\/112167"}],"wp:attachment":[{"href":"https:\/\/www.lasalle.org\/fr\/wp-json\/wp\/v2\/media?parent=10578"}],"curies":[{"name":"wp","href":"https:\/\/api.w.org\/{rel}","templated":true}]}}