{"id":10593,"date":"2018-12-10T13:39:45","date_gmt":"2018-12-10T13:39:45","guid":{"rendered":"http:\/\/lasalle.vl20054.dinaserver.com\/archives\/"},"modified":"2025-12-10T11:16:57","modified_gmt":"2025-12-10T10:16:57","slug":"archives","status":"publish","type":"page","link":"https:\/\/www.lasalle.org\/fr\/maison-generalice\/archives\/","title":{"rendered":"Archives"},"content":{"rendered":"<div class=\"fusion-fullwidth fullwidth-box fusion-builder-row-1 fusion-flex-container has-pattern-background has-mask-background nonhundred-percent-fullwidth non-hundred-percent-height-scrolling\" style=\"--awb-border-radius-top-left:0px;--awb-border-radius-top-right:0px;--awb-border-radius-bottom-right:0px;--awb-border-radius-bottom-left:0px;--awb-flex-wrap:wrap;\" ><div class=\"fusion-builder-row fusion-row fusion-flex-align-items-flex-start fusion-flex-content-wrap\" style=\"max-width:1248px;margin-left: calc(-4% \/ 2 );margin-right: calc(-4% \/ 2 );\"><div class=\"fusion-layout-column fusion_builder_column fusion-builder-column-0 fusion_builder_column_3_4 3_4 fusion-flex-column\" style=\"--awb-bg-size:cover;--awb-width-large:75%;--awb-margin-top-large:0px;--awb-spacing-right-large:2.56%;--awb-margin-bottom-large:20px;--awb-spacing-left-large:2.56%;--awb-width-medium:75%;--awb-order-medium:0;--awb-spacing-right-medium:2.56%;--awb-spacing-left-medium:2.56%;--awb-width-small:100%;--awb-order-small:0;--awb-spacing-right-small:1.92%;--awb-spacing-left-small:1.92%;\"><div class=\"fusion-column-wrapper fusion-column-has-shadow fusion-flex-justify-content-flex-start fusion-content-layout-column\"><div class=\"fusion-title title fusion-title-1 sep-underline sep-solid fusion-title-text fusion-title-size-two\" style=\"--awb-text-color:var(--awb-custom17);--awb-sep-color:var(--awb-custom17);--awb-font-size:22px;\"><h2 class=\"fusion-title-heading title-heading-left\" style=\"margin:0;font-size:1em;\"><p class=\"entry-title\">Archive centrale<\/p><\/h2><\/div><div class=\"fusion-text fusion-text-1\"><p>L\u2019Archive de la Maison G\u00e9n\u00e9ralice conserve des documents relatifs \u00e0 l\u2019histoire de l\u2019Institut des Fr\u00e8res des \u00c9coles Chr\u00e9tiennes.<\/p>\n<p>C\u2019est <a href=\"https:\/\/www.lasalle.org\/fr\/saintete-lasallienne\/st-jean-baptiste-de-la-salle\/\">Jean-Baptiste de La Salle<\/a> lui-m\u00eame qui rassembla et conserva ses documents personnels ainsi que ceux li\u00e9s \u00e0 la fondation des premi\u00e8res \u00e9coles cr\u00e9\u00e9es en faveur des enfants pauvres, formant ainsi ce qui peut \u00eatre consid\u00e9r\u00e9 comme le noyau originel des archives lasalliennes. Ce fonds initial fut enrichi par l\u2019activit\u00e9 progressive de la Soci\u00e9t\u00e9 des \u00c9coles Chr\u00e9tiennes en France, notamment au XVIIIe si\u00e8cle, lorsque, par la <a href=\"https:\/\/www.lasalle.org\/fr\/lettere-patenti\/\">Bulle d\u2019Approbation<\/a> du 26 janvier 1725, le pape Beno\u00eet XIII reconnut officiellement l\u2019Institut des Fr\u00e8res des \u00c9coles Chr\u00e9tiennes.<\/p>\n<p>Les archives conservent en particulier des documents concernant la fondation des diff\u00e9rentes Communaut\u00e9s de Fr\u00e8res et des diverses \u00e9coles, \u00e9tablies sur la base des m\u00e9thodes d\u2019enseignement et d\u2019\u00e9ducation chr\u00e9tienne de <a href=\"https:\/\/www.lasalle.org\/fr\/saintete-lasallienne\/st-jean-baptiste-de-la-salle\/\">Saint Jean-Baptiste de La Salle<\/a>, constituant ainsi l\u2019une des sources documentaires les plus importantes pour l\u2019histoire riche et complexe de la p\u00e9dagogie en Europe \u00e0 partir du XVIIe si\u00e8cle.<\/p>\n<p>Chaque communaut\u00e9 envoyait une partie des documents produits, d\u2019abord aux archives du District de r\u00e9f\u00e9rence, puis aux archives de la Maison M\u00e8re, o\u00f9 le Secr\u00e9taire g\u00e9n\u00e9ral recueillait les documents principaux que les diverses communaut\u00e9s \u00e9taient tenues de transmettre, comme par exemple la <i>\u201cChronique\u201d<\/i> qui \u00e9tait une obligation annuelle, les copies des actes de fondation de chaque \u00e9tablissement, les listes des Fr\u00e8res avec leur affectation, les <i>\u201cstatistiques\u201d,<\/i> les documents administratifs, ainsi que la correspondance avec les Sup\u00e9rieurs.<\/p>\n<\/div><div class=\"fusion-text fusion-text-2\"><p>Les archives sont organis\u00e9es dans les suivantes sections:<\/p>\n<\/div><div class=\"fusion-text fusion-text-3\"><p style=\"padding-left: 80px;\"><strong>A<\/strong> \u2013 Pr\u00e9curseurs et contemporains de Saint Jean-Baptiste de La Salle<br \/>\n<strong>B<\/strong> \u2013 Saint Jean-Baptiste de La Salle<br \/>\n<strong>C<\/strong> \u2013 P\u00e9riode de l\u2019Institut sous l\u2019Ancien R\u00e9gime (avant 1799)<br \/>\n<strong>D<\/strong> \u2013 Histoire g\u00e9n\u00e9rale de l\u2019Institut<br \/>\n<strong>E<\/strong> \u2013 Administration g\u00e9n\u00e9rale de l\u2019Institut<br \/>\n<strong>G<\/strong> \u2013 Personnel<br \/>\n<strong>H<\/strong> \u2013 Formation et Vocation<br \/>\n<strong>J<\/strong> \u2013 Mission<br \/>\n<strong>K<\/strong> \u2013 \u00c9ducation<br \/>\n<strong>L<\/strong> \u2013 Vie spirituelle et religieuse<br \/>\n<strong>M<\/strong> \u2013 Culture, \u00e9tudes, sciences, art<br \/>\n<strong>N<\/strong> \u2013 Documents r\u00e9gionaux et locaux<br \/>\n<strong>P<\/strong> \u2013 Photographie<br \/>\n<strong>R<\/strong> \u2013 Microfilms<br \/>\n<strong>T<\/strong> \u2013 Tr\u00e9sors de l\u2019Institut<br \/>\n<strong>V<\/strong> \u2013 Cartographie<\/p>\n<\/div><div class=\"fusion-text fusion-text-4\"><p>La recherche dans les Archives de l\u2019Institut est libre et gratuite, et peut \u00eatre men\u00e9e directement par les int\u00e9ress\u00e9s. De plus, l\u2019archiviste r\u00e9pond aux demandes \u00e9galement par e-mail \u00e0 l\u2019adresse suivante : <a href=\"mailto:archive@lasalle.org\">archive@lasalle.org<\/a><\/p>\n<p>Les demandes doivent imp\u00e9rativement respecter le <strong><a href=\"https:\/\/www.lasalle.org\/wp-content\/uploads\/2025\/07\/regolamento_archivio_fra.pdf\" target=\"_blank\" rel=\"noopener\">r\u00e8glement des archives<\/a><\/strong>.<\/p>\n<\/div><div class=\"awb-gallery-wrapper awb-gallery-wrapper-1 button-span-no\" style=\"--more-btn-alignment:center;\"><div style=\"margin:-5px;--awb-bordersize:0px;\" class=\"fusion-gallery fusion-gallery-container fusion-grid-6 fusion-columns-total-6 fusion-gallery-layout-grid fusion-gallery-1\"><div style=\"padding:5px;\" class=\"fusion-grid-column fusion-gallery-column fusion-gallery-column-6 hover-type-none\"><div class=\"fusion-gallery-image\"><a href=\"https:\/\/www.lasalle.org\/wp-content\/uploads\/2025\/07\/archivio_004.jpg\" rel=\"noreferrer\" data-rel=\"iLightbox[gallery_image_1]\" class=\"fusion-lightbox\" target=\"_self\"><img decoding=\"async\" src=\"https:\/\/www.lasalle.org\/wp-content\/uploads\/2025\/07\/archivio_004.jpg\" width=\"1200\" height=\"800\" alt=\"\" title=\"archivio_004\" aria-label=\"archivio_004\" class=\"img-responsive wp-image-113932\" srcset=\"https:\/\/www.lasalle.org\/wp-content\/uploads\/2025\/07\/archivio_004-200x133.jpg 200w, https:\/\/www.lasalle.org\/wp-content\/uploads\/2025\/07\/archivio_004-400x267.jpg 400w, https:\/\/www.lasalle.org\/wp-content\/uploads\/2025\/07\/archivio_004-600x400.jpg 600w, https:\/\/www.lasalle.org\/wp-content\/uploads\/2025\/07\/archivio_004-800x533.jpg 800w, https:\/\/www.lasalle.org\/wp-content\/uploads\/2025\/07\/archivio_004.jpg 1200w\" sizes=\"(min-width: 2200px) 100vw, (min-width: 1000px) 196px, (min-width: 928px) 235px, (min-width: 856px) 294px, (min-width: 784px) 392px, (min-width: 712px) 588px, (min-width: 640px) 712px, \" \/><\/a><\/div><\/div><div style=\"padding:5px;\" class=\"fusion-grid-column fusion-gallery-column fusion-gallery-column-6 hover-type-none\"><div class=\"fusion-gallery-image\"><a href=\"https:\/\/www.lasalle.org\/wp-content\/uploads\/2025\/07\/archivio_bolla.jpg\" rel=\"noreferrer\" data-rel=\"iLightbox[gallery_image_1]\" class=\"fusion-lightbox\" target=\"_self\"><img decoding=\"async\" src=\"https:\/\/www.lasalle.org\/wp-content\/uploads\/2025\/07\/archivio_bolla.jpg\" width=\"1200\" height=\"900\" alt=\"\" title=\"archivio_bolla\" aria-label=\"archivio_bolla\" class=\"img-responsive wp-image-113936\" srcset=\"https:\/\/www.lasalle.org\/wp-content\/uploads\/2025\/07\/archivio_bolla-200x150.jpg 200w, https:\/\/www.lasalle.org\/wp-content\/uploads\/2025\/07\/archivio_bolla-400x300.jpg 400w, https:\/\/www.lasalle.org\/wp-content\/uploads\/2025\/07\/archivio_bolla-600x450.jpg 600w, https:\/\/www.lasalle.org\/wp-content\/uploads\/2025\/07\/archivio_bolla-800x600.jpg 800w, https:\/\/www.lasalle.org\/wp-content\/uploads\/2025\/07\/archivio_bolla.jpg 1200w\" sizes=\"(min-width: 2200px) 100vw, (min-width: 1000px) 196px, (min-width: 928px) 235px, (min-width: 856px) 294px, (min-width: 784px) 392px, (min-width: 712px) 588px, (min-width: 640px) 712px, \" \/><\/a><\/div><\/div><div style=\"padding:5px;\" class=\"fusion-grid-column fusion-gallery-column fusion-gallery-column-6 hover-type-none\"><div class=\"fusion-gallery-image\"><a href=\"https:\/\/www.lasalle.org\/wp-content\/uploads\/2025\/07\/archivio_003.jpg\" rel=\"noreferrer\" data-rel=\"iLightbox[gallery_image_1]\" class=\"fusion-lightbox\" target=\"_self\"><img decoding=\"async\" src=\"https:\/\/www.lasalle.org\/wp-content\/uploads\/2025\/07\/archivio_003.jpg\" width=\"1200\" height=\"800\" alt=\"\" title=\"archivio_003\" aria-label=\"archivio_003\" class=\"img-responsive wp-image-113928\" srcset=\"https:\/\/www.lasalle.org\/wp-content\/uploads\/2025\/07\/archivio_003-200x133.jpg 200w, https:\/\/www.lasalle.org\/wp-content\/uploads\/2025\/07\/archivio_003-400x267.jpg 400w, https:\/\/www.lasalle.org\/wp-content\/uploads\/2025\/07\/archivio_003-600x400.jpg 600w, https:\/\/www.lasalle.org\/wp-content\/uploads\/2025\/07\/archivio_003-800x533.jpg 800w, https:\/\/www.lasalle.org\/wp-content\/uploads\/2025\/07\/archivio_003.jpg 1200w\" sizes=\"(min-width: 2200px) 100vw, (min-width: 1000px) 196px, (min-width: 928px) 235px, (min-width: 856px) 294px, (min-width: 784px) 392px, (min-width: 712px) 588px, (min-width: 640px) 712px, \" \/><\/a><\/div><\/div><div style=\"padding:5px;\" class=\"fusion-grid-column fusion-gallery-column fusion-gallery-column-6 hover-type-none\"><div class=\"fusion-gallery-image\"><a href=\"https:\/\/www.lasalle.org\/wp-content\/uploads\/2025\/07\/archivio_002.jpg\" rel=\"noreferrer\" data-rel=\"iLightbox[gallery_image_1]\" class=\"fusion-lightbox\" target=\"_self\"><img decoding=\"async\" src=\"https:\/\/www.lasalle.org\/wp-content\/uploads\/2025\/07\/archivio_002.jpg\" width=\"1200\" height=\"800\" alt=\"\" title=\"archivio_002\" aria-label=\"archivio_002\" class=\"img-responsive wp-image-113924\" srcset=\"https:\/\/www.lasalle.org\/wp-content\/uploads\/2025\/07\/archivio_002-200x133.jpg 200w, https:\/\/www.lasalle.org\/wp-content\/uploads\/2025\/07\/archivio_002-400x267.jpg 400w, https:\/\/www.lasalle.org\/wp-content\/uploads\/2025\/07\/archivio_002-600x400.jpg 600w, https:\/\/www.lasalle.org\/wp-content\/uploads\/2025\/07\/archivio_002-800x533.jpg 800w, https:\/\/www.lasalle.org\/wp-content\/uploads\/2025\/07\/archivio_002.jpg 1200w\" sizes=\"(min-width: 2200px) 100vw, (min-width: 1000px) 196px, (min-width: 928px) 235px, (min-width: 856px) 294px, (min-width: 784px) 392px, (min-width: 712px) 588px, (min-width: 640px) 712px, \" \/><\/a><\/div><\/div><div style=\"padding:5px;\" class=\"fusion-grid-column fusion-gallery-column fusion-gallery-column-6 hover-type-none\"><div class=\"fusion-gallery-image\"><a href=\"https:\/\/www.lasalle.org\/wp-content\/uploads\/2025\/07\/archivio_noma.jpg\" rel=\"noreferrer\" data-rel=\"iLightbox[gallery_image_1]\" class=\"fusion-lightbox\" target=\"_self\"><img decoding=\"async\" src=\"https:\/\/www.lasalle.org\/wp-content\/uploads\/2025\/07\/archivio_noma.jpg\" width=\"1200\" height=\"800\" alt=\"\" title=\"archivio_noma\" aria-label=\"archivio_noma\" class=\"img-responsive wp-image-113940\" srcset=\"https:\/\/www.lasalle.org\/wp-content\/uploads\/2025\/07\/archivio_noma-200x133.jpg 200w, https:\/\/www.lasalle.org\/wp-content\/uploads\/2025\/07\/archivio_noma-400x267.jpg 400w, https:\/\/www.lasalle.org\/wp-content\/uploads\/2025\/07\/archivio_noma-600x400.jpg 600w, https:\/\/www.lasalle.org\/wp-content\/uploads\/2025\/07\/archivio_noma-800x533.jpg 800w, https:\/\/www.lasalle.org\/wp-content\/uploads\/2025\/07\/archivio_noma.jpg 1200w\" sizes=\"(min-width: 2200px) 100vw, (min-width: 1000px) 196px, (min-width: 928px) 235px, (min-width: 856px) 294px, (min-width: 784px) 392px, (min-width: 712px) 588px, (min-width: 640px) 712px, \" \/><\/a><\/div><\/div><div style=\"padding:5px;\" class=\"fusion-grid-column fusion-gallery-column fusion-gallery-column-6 hover-type-none\"><div class=\"fusion-gallery-image\"><a href=\"https:\/\/www.lasalle.org\/wp-content\/uploads\/2025\/07\/archivio_001.jpg\" rel=\"noreferrer\" data-rel=\"iLightbox[gallery_image_1]\" class=\"fusion-lightbox\" target=\"_self\"><img decoding=\"async\" src=\"https:\/\/www.lasalle.org\/wp-content\/uploads\/2025\/07\/archivio_001.jpg\" width=\"1200\" height=\"800\" alt=\"\" title=\"archivio_001\" aria-label=\"archivio_001\" class=\"img-responsive wp-image-113920\" srcset=\"https:\/\/www.lasalle.org\/wp-content\/uploads\/2025\/07\/archivio_001-200x133.jpg 200w, https:\/\/www.lasalle.org\/wp-content\/uploads\/2025\/07\/archivio_001-400x267.jpg 400w, https:\/\/www.lasalle.org\/wp-content\/uploads\/2025\/07\/archivio_001-600x400.jpg 600w, https:\/\/www.lasalle.org\/wp-content\/uploads\/2025\/07\/archivio_001-800x533.jpg 800w, https:\/\/www.lasalle.org\/wp-content\/uploads\/2025\/07\/archivio_001.jpg 1200w\" sizes=\"(min-width: 2200px) 100vw, (min-width: 1000px) 196px, (min-width: 928px) 235px, (min-width: 856px) 294px, (min-width: 784px) 392px, (min-width: 712px) 588px, (min-width: 640px) 712px, \" \/><\/a><\/div><\/div><div class=\"clearfix\"><\/div><\/div><\/div><div class=\"fusion-separator fusion-full-width-sep\" style=\"align-self: center;margin-left: auto;margin-right: auto;margin-top:15px;margin-bottom:15px;width:100%;\"><\/div><div class=\"fusion-separator fusion-full-width-sep\" style=\"align-self: center;margin-left: auto;margin-right: auto;margin-top:15px;margin-bottom:15px;width:100%;\"><div class=\"fusion-separator-border sep-single sep-solid\" style=\"--awb-height:20px;--awb-amount:20px;--awb-sep-color:var(--awb-custom17);border-color:var(--awb-custom17);border-top-width:1px;\"><\/div><\/div><nav class=\"fusion-breadcrumbs fusion-breadcrumbs-1\" style=\"--awb-breadcrumb-sep:&#039;\/&#039;;\" aria-label=\"Breadcrumb\"><ol class=\"awb-breadcrumb-list\"><\/ol><\/nav><\/div><\/div><div class=\"fusion-layout-column fusion_builder_column fusion-builder-column-1 fusion_builder_column_1_4 1_4 fusion-flex-column\" style=\"--awb-bg-size:cover;--awb-width-large:25%;--awb-margin-top-large:0px;--awb-spacing-right-large:7.68%;--awb-margin-bottom-large:20px;--awb-spacing-left-large:7.68%;--awb-width-medium:25%;--awb-order-medium:0;--awb-spacing-right-medium:7.68%;--awb-spacing-left-medium:7.68%;--awb-width-small:100%;--awb-order-small:0;--awb-spacing-right-small:1.92%;--awb-spacing-left-small:1.92%;\"><div class=\"fusion-column-wrapper fusion-column-has-shadow fusion-flex-justify-content-flex-start fusion-content-layout-column\"><div class=\"fusion-title title fusion-title-2 sep-underline sep-solid fusion-title-text fusion-title-size-two\" style=\"--awb-text-color:var(--awb-custom17);--awb-sep-color:var(--awb-custom17);--awb-font-size:22px;\"><h2 class=\"fusion-title-heading title-heading-left\" style=\"margin:0;font-size:1em;\">Ressources<\/h2><\/div><ul style=\"--awb-line-height:27.2px;--awb-icon-width:27.2px;--awb-icon-height:27.2px;--awb-icon-margin:11.2px;--awb-content-margin:38.4px;--awb-circlecolor:var(--awb-custom17);--awb-circle-yes-font-size:14.08px;\" class=\"fusion-checklist fusion-checklist-1 fusion-checklist-default type-icons\"><li class=\"fusion-li-item\" style=\"\"><span class=\"icon-wrapper circle-yes\"><i class=\"fusion-li-icon fa-file-pdf far\" aria-hidden=\"true\"><\/i><\/span><div class=\"fusion-li-item-content\">\n<p><a href=\"https:\/\/www.lasalle.org\/wp-content\/uploads\/2025\/07\/statuto_archivio_fra.pdf\" target=\"_blank\" rel=\"noopener\">Statut<\/a><\/p>\n<\/div><\/li><li class=\"fusion-li-item\" style=\"\"><span class=\"icon-wrapper circle-yes\"><i class=\"fusion-li-icon fa-file-pdf far\" aria-hidden=\"true\"><\/i><\/span><div class=\"fusion-li-item-content\">\n<p><a href=\"https:\/\/www.lasalle.org\/wp-content\/uploads\/2025\/07\/regolamento_archivio_fra.pdf\" target=\"_blank\" rel=\"noopener\">R\u00e8glement<\/a><\/p>\n<\/div><\/li><li class=\"fusion-li-item\" style=\"\"><span class=\"icon-wrapper circle-yes\"><i class=\"fusion-li-icon fa-file-pdf far\" aria-hidden=\"true\"><\/i><\/span><div class=\"fusion-li-item-content\">\n<p><a href=\"https:\/\/www.lasalle.org\/wp-content\/uploads\/2025\/07\/1-.-Modulo_Consultazione_FRA_AMG.pdf\" target=\"_blank\" rel=\"noopener\">Formulaire de demande de consultation des Archives<\/a><\/p>\n<\/div><\/li><li class=\"fusion-li-item\" style=\"\"><span class=\"icon-wrapper circle-yes\"><i class=\"fusion-li-icon fa-file-pdf far\" aria-hidden=\"true\"><\/i><\/span><div class=\"fusion-li-item-content\">\n<p><a href=\"https:\/\/www.lasalle.org\/wp-content\/uploads\/2025\/07\/2-.-Modulo_Riproduzione_FRA_AMG.pdf\" target=\"_blank\" rel=\"noopener\">Demande de consultation et reproduction de documents d&rsquo;Archives<\/a><\/p>\n<\/div><\/li><\/ul><div class=\"fusion-separator fusion-full-width-sep\" style=\"align-self: center;margin-left: auto;margin-right: auto;margin-top:15px;margin-bottom:15px;width:100%;\"><\/div><div class=\"fusion-title title fusion-title-3 sep-underline sep-solid fusion-title-text fusion-title-size-two\" style=\"--awb-text-color:var(--awb-custom17);--awb-sep-color:var(--awb-custom17);--awb-font-size:22px;\"><h2 class=\"fusion-title-heading title-heading-left\" style=\"margin:0;font-size:1em;\">Ressources<\/h2><\/div><div class=\"fusion-text fusion-text-5\" style=\"--awb-font-size:18px;\"><p><strong>Directeur<\/strong><br \/>\nFr. Santiago Rodriguez Mancini<\/p>\n<p><strong>Archiviste g\u00e9n\u00e9rale<\/strong><br \/>\nMaria Errico Agnello<\/p>\n<p><strong>Assistante archiviste\/Archives photographiques (externe)<\/strong><br \/>\nGiulia De Gregori<\/p>\n<p><strong>Bureau de num\u00e9risation<\/strong><br \/>\nAndrea Errico Agnello<\/p>\n<p><strong>Responsable pr\u00e9vention et protection<\/strong><br \/>\nFr. Santiago Rodriguez Mancini<\/p>\n<\/div><div class=\"fusion-separator fusion-full-width-sep\" style=\"align-self: center;margin-left: auto;margin-right: auto;margin-top:15px;margin-bottom:15px;width:100%;\"><div class=\"fusion-separator-border sep-single sep-solid\" style=\"--awb-height:20px;--awb-amount:20px;--awb-sep-color:var(--awb-custom17);border-color:var(--awb-custom17);border-top-width:1px;\"><\/div><\/div><\/div><\/div><\/div><\/div>\n","protected":false},"excerpt":{"rendered":"","protected":false},"author":13,"featured_media":111319,"parent":56606,"menu_order":0,"comment_status":"open","ping_status":"closed","template":"","meta":{"_tec_requires_first_save":true,"_monsterinsights_skip_tracking":false,"_monsterinsights_sitenote_active":false,"_monsterinsights_sitenote_note":"","_monsterinsights_sitenote_category":0,"_EventAllDay":false,"_EventTimezone":"","_EventStartDate":"","_EventEndDate":"","_EventStartDateUTC":"","_EventEndDateUTC":"","_EventShowMap":false,"_EventShowMapLink":false,"_EventURL":"","_EventCost":"","_EventCostDescription":"","_EventCurrencySymbol":"","_EventCurrencyCode":"","_EventCurrencyPosition":"","_EventDateTimeSeparator":"","_EventTimeRangeSeparator":"","_EventOrganizerID":[],"_EventVenueID":[],"_OrganizerEmail":"","_OrganizerPhone":"","_OrganizerWebsite":"","_VenueAddress":"","_VenueCity":"","_VenueCountry":"","_VenueProvince":"","_VenueState":"","_VenueZip":"","_VenuePhone":"","_VenueURL":"","_VenueStateProvince":"","_VenueLat":"","_VenueLng":"","_VenueShowMap":false,"_VenueShowMapLink":false,"_tribe_blocks_recurrence_rules":"","_tribe_blocks_recurrence_description":"","_tribe_blocks_recurrence_exclusions":"","footnotes":""},"class_list":["post-10593","page","type-page","status-publish","has-post-thumbnail","hentry"],"_links":{"self":[{"href":"https:\/\/www.lasalle.org\/fr\/wp-json\/wp\/v2\/pages\/10593","targetHints":{"allow":["GET"]}}],"collection":[{"href":"https:\/\/www.lasalle.org\/fr\/wp-json\/wp\/v2\/pages"}],"about":[{"href":"https:\/\/www.lasalle.org\/fr\/wp-json\/wp\/v2\/types\/page"}],"author":[{"embeddable":true,"href":"https:\/\/www.lasalle.org\/fr\/wp-json\/wp\/v2\/users\/13"}],"replies":[{"embeddable":true,"href":"https:\/\/www.lasalle.org\/fr\/wp-json\/wp\/v2\/comments?post=10593"}],"version-history":[{"count":5,"href":"https:\/\/www.lasalle.org\/fr\/wp-json\/wp\/v2\/pages\/10593\/revisions"}],"predecessor-version":[{"id":121816,"href":"https:\/\/www.lasalle.org\/fr\/wp-json\/wp\/v2\/pages\/10593\/revisions\/121816"}],"up":[{"embeddable":true,"href":"https:\/\/www.lasalle.org\/fr\/wp-json\/wp\/v2\/pages\/56606"}],"wp:featuredmedia":[{"embeddable":true,"href":"https:\/\/www.lasalle.org\/fr\/wp-json\/wp\/v2\/media\/111319"}],"wp:attachment":[{"href":"https:\/\/www.lasalle.org\/fr\/wp-json\/wp\/v2\/media?parent=10593"}],"curies":[{"name":"wp","href":"https:\/\/api.w.org\/{rel}","templated":true}]}}