{"id":10599,"date":"2018-12-10T13:39:45","date_gmt":"2018-12-10T13:39:45","guid":{"rendered":"http:\/\/lasalle.vl20054.dinaserver.com\/lettres-pastorales\/"},"modified":"2026-03-11T10:43:44","modified_gmt":"2026-03-11T09:43:44","slug":"lettres-pastorales","status":"publish","type":"page","link":"https:\/\/www.lasalle.org\/fr\/publications\/lettres-pastorales\/","title":{"rendered":"Lettres Pastorales"},"content":{"rendered":"<div class=\"fusion-fullwidth fullwidth-box fusion-builder-row-1 fusion-flex-container has-pattern-background has-mask-background nonhundred-percent-fullwidth non-hundred-percent-height-scrolling\" style=\"--awb-border-radius-top-left:0px;--awb-border-radius-top-right:0px;--awb-border-radius-bottom-right:0px;--awb-border-radius-bottom-left:0px;--awb-flex-wrap:wrap;\" ><div class=\"fusion-builder-row fusion-row fusion-flex-align-items-flex-start fusion-flex-content-wrap\" style=\"max-width:1248px;margin-left: calc(-4% \/ 2 );margin-right: calc(-4% \/ 2 );\"><div class=\"fusion-layout-column fusion_builder_column fusion-builder-column-0 fusion_builder_column_3_4 3_4 fusion-flex-column\" style=\"--awb-bg-size:cover;--awb-width-large:75%;--awb-margin-top-large:0px;--awb-spacing-right-large:2.56%;--awb-margin-bottom-large:20px;--awb-spacing-left-large:2.56%;--awb-width-medium:75%;--awb-order-medium:0;--awb-spacing-right-medium:2.56%;--awb-spacing-left-medium:2.56%;--awb-width-small:100%;--awb-order-small:0;--awb-spacing-right-small:1.92%;--awb-spacing-left-small:1.92%;\"><div class=\"fusion-column-wrapper fusion-column-has-shadow fusion-flex-justify-content-flex-start fusion-content-layout-column\"><div class=\"fusion-title title fusion-title-1 sep-underline sep-solid fusion-title-text fusion-title-size-two\" style=\"--awb-text-color:var(--awb-custom17);--awb-sep-color:var(--awb-custom17);--awb-font-size:22px;\"><h2 class=\"fusion-title-heading title-heading-left\" style=\"margin:0;font-size:1em;\">Lettres Pastorales<\/h2><\/div><div class=\"fusion-title title fusion-title-2 fusion-sep-none fusion-title-text fusion-title-size-two\" style=\"--awb-text-color:var(--awb-custom17);--awb-sep-color:var(--awb-custom17);--awb-font-size:18px;\"><h2 class=\"fusion-title-heading title-heading-left\" style=\"margin:0;font-size:1em;\">Fr. Armin A. Luistro<\/h2><\/div><ul style=\"--awb-line-height:27.2px;--awb-icon-width:27.2px;--awb-icon-height:27.2px;--awb-icon-margin:11.2px;--awb-content-margin:38.4px;--awb-circlecolor:var(--awb-custom17);--awb-circle-yes-font-size:14.08px;\" class=\"fusion-checklist fusion-checklist-1 fusion-checklist-default type-icons\"><li class=\"fusion-li-item\" style=\"\"><span class=\"icon-wrapper circle-yes\"><i class=\"fusion-li-icon fa-file-pdf far\" aria-hidden=\"true\"><\/i><\/span><div class=\"fusion-li-item-content\">\n<p><a href=\"https:\/\/www.lasalle.org\/wp-content\/uploads\/2025\/12\/FR_Carta-Pastorale.pdf\" target=\"_blank\" rel=\"noopener\"><strong>No\u00ebl 2025<\/strong> \u2013\u00a0 Fratres in Unum<\/a><br \/>\n<a href=\"https:\/\/www.lasalle.org\/wp-content\/uploads\/2025\/12\/FR_Carta-Pastorale.pdf\">\u00c9tablir des ponts entre le ciel et la terre<\/a><\/p>\n<\/div><\/li><li class=\"fusion-li-item\" style=\"\"><span class=\"icon-wrapper circle-yes\"><i class=\"fusion-li-icon fa-file-pdf far\" aria-hidden=\"true\"><\/i><\/span><div class=\"fusion-li-item-content\">\n<p><a href=\"https:\/\/www.lasalle.org\/wp-content\/uploads\/2024\/12\/FR_Lettre-pastorale-1.pdf\" target=\"_blank\" rel=\"noopener\"><strong>No\u00ebl 2024<\/strong>\u00a0\u2013 Notre c\u0153ur est dans les p\u00e9riph\u00e9ries : Renouveler la Mission lasallienne en tirant les le\u00e7ons des peuples indig\u00e8nes<\/a><\/p>\n<\/div><\/li><li class=\"fusion-li-item\" style=\"\"><span class=\"icon-wrapper circle-yes\"><i class=\"fusion-li-icon fa-file-pdf far\" aria-hidden=\"true\"><\/i><\/span><div class=\"fusion-li-item-content\">\n<p><a href=\"https:\/\/www.lasalle.org\/wp-content\/uploads\/2023\/12\/FR_PASTORAL-LETTER.pdf\" target=\"_blank\" rel=\"noopener\"><strong>No\u00ebl 2023<\/strong> \u2013 Finis. Fragiles. Libres<\/a><\/p>\n<\/div><\/li><li class=\"fusion-li-item\" style=\"\"><span class=\"icon-wrapper circle-yes\"><i class=\"fusion-li-icon fa-file-pdf far\" aria-hidden=\"true\"><\/i><\/span><div class=\"fusion-li-item-content\">\n<p><a href=\"https:\/\/www.lasalle.org\/wp-content\/uploads\/2022\/12\/FR-CARTA-PASTORALE_web.pdf\" target=\"_blank\" rel=\"noopener\"><strong>No\u00ebl 2022<\/strong>\u00a0\u2013 Histoires lasalliennes en cours de route<\/a><\/p>\n<\/div><\/li><\/ul><div class=\"fusion-separator fusion-full-width-sep\" style=\"align-self: center;margin-left: auto;margin-right: auto;margin-top:15px;margin-bottom:15px;width:100%;\"><div class=\"fusion-separator-border sep-single sep-solid\" style=\"--awb-height:20px;--awb-amount:20px;--awb-sep-color:var(--awb-custom14);border-color:var(--awb-custom14);border-top-width:1px;\"><\/div><\/div><div class=\"fusion-title title fusion-title-3 fusion-sep-none fusion-title-text fusion-title-size-two\" style=\"--awb-text-color:var(--awb-custom17);--awb-sep-color:var(--awb-custom17);--awb-font-size:18px;\"><h2 class=\"fusion-title-heading title-heading-left\" style=\"margin:0;font-size:1em;\">Fr. Robert Schieler<\/h2><\/div><ul style=\"--awb-line-height:27.2px;--awb-icon-width:27.2px;--awb-icon-height:27.2px;--awb-icon-margin:11.2px;--awb-content-margin:38.4px;--awb-circlecolor:var(--awb-custom17);--awb-circle-yes-font-size:14.08px;\" class=\"fusion-checklist fusion-checklist-2 fusion-checklist-default type-icons\"><li class=\"fusion-li-item\" style=\"\"><span class=\"icon-wrapper circle-yes\"><i class=\"fusion-li-icon fa-file-pdf far\" aria-hidden=\"true\"><\/i><\/span><div class=\"fusion-li-item-content\">\n<p><a href=\"https:\/\/www.lasalle.org\/wp-content\/uploads\/2022\/01\/lpastorale_fra.pdf\" target=\"_blank\" rel=\"noopener\"><strong>No\u00ebl 2021<\/strong>\u00a0\u2013 Je contemple avec joie votre esp\u00e9rance in\u00e9branlable<\/a><\/p>\n<\/div><\/li><li class=\"fusion-li-item\" style=\"\"><span class=\"icon-wrapper circle-yes\"><i class=\"fusion-li-icon fa-file-pdf far\" aria-hidden=\"true\"><\/i><\/span><div class=\"fusion-li-item-content\">\n<p><a href=\"https:\/\/www.lasalle.org\/wp-content\/uploads\/2020\/12\/Carta_pastorale_2020_FRA_web.pdf\" target=\"_blank\" rel=\"noreferrer noopener\"><strong>No\u00ebl 2020\u00a0<\/strong>\u2013\u00a0 Je crois \u00e0 l\u2019Esprit Saint, le Seigneur, le dispensateur de la vie<\/a><\/p>\n<\/div><\/li><li class=\"fusion-li-item\" style=\"\"><span class=\"icon-wrapper circle-yes\"><i class=\"fusion-li-icon fa-file-pdf far\" aria-hidden=\"true\"><\/i><\/span><div class=\"fusion-li-item-content\">\n<p><a href=\"https:\/\/www.lasalle.org\/wp-content\/uploads\/2020\/01\/Carta_Pastoral_2019_FRA_web.pdf\" target=\"_blank\" rel=\"noreferrer noopener\"><strong>No\u00ebl 2019\u00a0<\/strong>\u2013\u00a0 T\u00e9moins de la fraternit\u00e9<\/a><\/p>\n<\/div><\/li><li class=\"fusion-li-item\" style=\"\"><span class=\"icon-wrapper circle-yes\"><i class=\"fusion-li-icon fa-file-pdf far\" aria-hidden=\"true\"><\/i><\/span><div class=\"fusion-li-item-content\">\n<p><a href=\"http:\/\/www.lasalle.org\/wp-content\/uploads\/2019\/09\/CPast2017_fra-1.pdf\" target=\"_blank\" rel=\"noreferrer noopener\"><strong>No\u00ebl 2017\u00a0<\/strong>\u2013\u00a0Mettez-vous rapidement\u00a0en chemin : L\u2019Association pour la Mission\u00a0lasallienne<\/a><\/p>\n<\/div><\/li><li class=\"fusion-li-item\" style=\"\"><span class=\"icon-wrapper circle-yes\"><i class=\"fusion-li-icon fa-file-pdf far\" aria-hidden=\"true\"><\/i><\/span><div class=\"fusion-li-item-content\">\n<p><a href=\"http:\/\/www.lasalle.org\/wp-content\/uploads\/2019\/09\/CPast2016_fra.pdf\" target=\"_blank\" rel=\"noreferrer noopener\"><strong>No\u00ebl 2016\u00a0<\/strong>\u2013\u00a0Un unique appel, plusieurs voix<\/a><\/p>\n<\/div><\/li><li class=\"fusion-li-item\" style=\"\"><span class=\"icon-wrapper circle-yes\"><i class=\"fusion-li-icon fa-file-pdf far\" aria-hidden=\"true\"><\/i><\/span><div class=\"fusion-li-item-content\">\n<p><a href=\"http:\/\/www.lasalle.org\/wp-content\/uploads\/2019\/09\/Lettre-Pastorale-2015.pdf\" target=\"_blank\" rel=\"noreferrer noopener\"><strong>No\u00ebl 2015<\/strong>\u00a0\u2013\u00a0Une aventure \u00e9vang\u00e9lique : hors du camp<\/a><\/p>\n<\/div><\/li><li class=\"fusion-li-item\" style=\"\"><span class=\"icon-wrapper circle-yes\"><i class=\"fusion-li-icon fa-file-pdf far\" aria-hidden=\"true\"><\/i><\/span><div class=\"fusion-li-item-content\">\n<p><a href=\"http:\/\/www.lasalle.org\/wp-content\/uploads\/2019\/09\/CPast2014_fra_web.pdf\" target=\"_blank\" rel=\"noreferrer noopener\"><strong>No\u00ebl 2014<\/strong> \u2013 C\u2019est une vision pour le temps fix\u00e9, elle aspire \u00e0 sa r\u00e9alisation, elle ne ment pas ; si elle tarde, attends-la, car elle viendra \u00e0 coup s\u00fbr, sans diff\u00e9rer \u00bb (Habacuc 2,3)<\/a><\/p>\n<\/div><\/li><\/ul><div class=\"fusion-separator fusion-full-width-sep\" style=\"align-self: center;margin-left: auto;margin-right: auto;margin-top:15px;margin-bottom:15px;width:100%;\"><div class=\"fusion-separator-border sep-single sep-solid\" style=\"--awb-height:20px;--awb-amount:20px;--awb-sep-color:var(--awb-custom14);border-color:var(--awb-custom14);border-top-width:1px;\"><\/div><\/div><div class=\"fusion-title title fusion-title-4 fusion-sep-none fusion-title-text fusion-title-size-two\" style=\"--awb-text-color:var(--awb-custom17);--awb-sep-color:var(--awb-custom17);--awb-font-size:18px;\"><h2 class=\"fusion-title-heading title-heading-left\" style=\"margin:0;font-size:1em;\">Fr. \u00c1lvaro Rodr\u00edguez Echeverr\u00eda<\/h2><\/div><ul style=\"--awb-line-height:27.2px;--awb-icon-width:27.2px;--awb-icon-height:27.2px;--awb-icon-margin:11.2px;--awb-content-margin:38.4px;--awb-circlecolor:var(--awb-custom17);--awb-circle-yes-font-size:14.08px;\" class=\"fusion-checklist fusion-checklist-3 fusion-checklist-default type-icons\"><li class=\"fusion-li-item\" style=\"\"><span class=\"icon-wrapper circle-yes\"><i class=\"fusion-li-icon fa-file-pdf far\" aria-hidden=\"true\"><\/i><\/span><div class=\"fusion-li-item-content\">\n<p><a href=\"http:\/\/www.lasalle.org\/wp-content\/uploads\/2019\/09\/CPast2013_fra.pdf\" target=\"_blank\" rel=\"noreferrer noopener\"><strong>No\u00ebl 2013<\/strong>\u00a0\u2013 Consacr\u00e9s par le Dieu Trinit\u00e9, comme Communaut\u00e9 de Fr\u00e8res<br \/>\nAppel\u00e9s \u00e0 \u00eatre t\u00e9moins de son amour<\/a><\/p>\n<\/div><\/li><li class=\"fusion-li-item\" style=\"\"><span class=\"icon-wrapper circle-yes\"><i class=\"fusion-li-icon fa-file-pdf far\" aria-hidden=\"true\"><\/i><\/span><div class=\"fusion-li-item-content\">\n<p><a href=\"http:\/\/www.lasalle.org\/wp-content\/uploads\/2019\/09\/Lettre-Pastorale-2012.pdf\" target=\"_blank\" rel=\"noreferrer noopener\"><strong>No\u00ebl 2012<\/strong>\u00a0\u2013 Consacr\u00e9s par le Dieu Trinit\u00e9 , comme Communaut\u00e9 de Fr\u00e8res<br \/>\nQu\u2019ils rajeunissent dans l\u2019esp\u00e9rance du Royau<\/a><\/p>\n<\/div><\/li><li class=\"fusion-li-item\" style=\"\"><span class=\"icon-wrapper circle-yes\"><i class=\"fusion-li-icon fa-file-pdf far\" aria-hidden=\"true\"><\/i><\/span><div class=\"fusion-li-item-content\">\n<p><a href=\"http:\/\/www.lasalle.org\/wp-content\/uploads\/2019\/09\/2011_cpast_fr.pdf\" target=\"_blank\" rel=\"noreferrer noopener\"><strong>No\u00ebl 2011<\/strong>\u00a0\u2013 Consacr\u00e9s par le Dieu Trinit\u00e9,comme Communaut\u00e9 de Fr\u00e8res Qu\u2019ils soumettent leur minist\u00e8re au jugement de Dieu<\/a><\/p>\n<\/div><\/li><li class=\"fusion-li-item\" style=\"\"><span class=\"icon-wrapper circle-yes\"><i class=\"fusion-li-icon fa-file-pdf far\" aria-hidden=\"true\"><\/i><\/span><div class=\"fusion-li-item-content\">\n<p><a href=\"http:\/\/www.lasalle.org\/wp-content\/uploads\/2019\/09\/2010_cpast_fr.pdf\" target=\"_blank\" rel=\"noreferrer noopener\"><strong>No\u00ebl 2010<\/strong>\u00a0\u2013 Consacr\u00e9s par le Dieu Trinit\u00e9, comme communaut\u00e9 proph\u00e9tique de Fr\u00e8res passionn\u00e9s par Dieu et par les pauvres<\/a><\/p>\n<\/div><\/li><li class=\"fusion-li-item\" style=\"\"><span class=\"icon-wrapper circle-yes\"><i class=\"fusion-li-icon fa-file-pdf far\" aria-hidden=\"true\"><\/i><\/span><div class=\"fusion-li-item-content\">\n<p><a href=\"http:\/\/www.lasalle.org\/wp-content\/uploads\/2019\/09\/2009_cpast_fr.pdf\" target=\"_blank\" rel=\"noreferrer noopener\"><strong>No\u00ebl 2009<\/strong>\u00a0\u2013 Consacr\u00e9s par le Dieu Trinit\u00e9 comme communaut\u00e9 de Fr\u00e8res : Messagers et ap\u00f4tres envoy\u00e9s par l\u2019\u00c9glise pour rendre le R\u00e8gne de Dieu pr\u00e9sent<\/a><\/p>\n<\/div><\/li><li class=\"fusion-li-item\" style=\"\"><span class=\"icon-wrapper circle-yes\"><i class=\"fusion-li-icon fa-file-pdf far\" aria-hidden=\"true\"><\/i><\/span><div class=\"fusion-li-item-content\">\n<p><a href=\"http:\/\/www.lasalle.org\/wp-content\/uploads\/2019\/09\/2008_cpast_fr.pdf\" target=\"_blank\" rel=\"noreferrer noopener\"><strong>No\u00ebl 2008<\/strong>\u00a0\u2013 \u00catre des signes vivants de la pr\u00e9sence du Royaume, en communaut\u00e9 de Fr\u00e8res consacr\u00e9s par le Dieu Trinit\u00e9<\/a><\/p>\n<\/div><\/li><li class=\"fusion-li-item\" style=\"\"><span class=\"icon-wrapper circle-yes\"><i class=\"fusion-li-icon fa-file-pdf far\" aria-hidden=\"true\"><\/i><\/span><div class=\"fusion-li-item-content\">\n<p><a href=\"http:\/\/www.lasalle.org\/wp-content\/uploads\/2019\/09\/2007_cpast_fr.pdf\" target=\"_blank\" rel=\"noreferrer noopener\"><strong>No\u00ebl 2007\u00a0<\/strong>\u2013 Consacr\u00e9s par le Dieu Trinit\u00e9, comme communaut\u00e9 de Fr\u00e8res, pour rendre visible son amour gratuit et solidaire<\/a><\/p>\n<\/div><\/li><li class=\"fusion-li-item\" style=\"\"><span class=\"icon-wrapper circle-yes\"><i class=\"fusion-li-icon fa-file-pdf far\" aria-hidden=\"true\"><\/i><\/span><div class=\"fusion-li-item-content\">\n<p><a href=\"http:\/\/www.lasalle.org\/wp-content\/uploads\/2019\/09\/easter07_fr.pdf\" target=\"_blank\" rel=\"noreferrer noopener\"><strong>P\u00e2ques 2007<\/strong>\u00a0\u2013 \u00abPourquoi cherchez-vous parmi les morts celui qui est vivant?\u00bb<\/a><\/p>\n<\/div><\/li><li class=\"fusion-li-item\" style=\"\"><span class=\"icon-wrapper circle-yes\"><i class=\"fusion-li-icon fa-file-pdf far\" aria-hidden=\"true\"><\/i><\/span><div class=\"fusion-li-item-content\">\n<p><a href=\"http:\/\/www.lasalle.org\/wp-content\/uploads\/2019\/09\/2006_cpast_fr.pdf\" target=\"_blank\" rel=\"noreferrer noopener\"><strong>No\u00ebl 2006\u00a0<\/strong>\u2013 Associ\u00e9s au Dieu de l&rsquo;histoire \u2013 Notre itin\u00e9raire de formation<\/a><\/p>\n<\/div><\/li><li class=\"fusion-li-item\" style=\"\"><span class=\"icon-wrapper circle-yes\"><i class=\"fusion-li-icon fa-file-pdf far\" aria-hidden=\"true\"><\/i><\/span><div class=\"fusion-li-item-content\">\n<p><a href=\"http:\/\/www.lasalle.org\/wp-content\/uploads\/2019\/09\/2005_cpast_fr.pdf\" target=\"_blank\" rel=\"noreferrer noopener\"><strong>No\u00ebl 2005\u00a0<\/strong>\u2013 Associ\u00e9s Pour, Ensemble, Chercher Dieu, Suivre J\u00e9sus-Christ et Travailler pour son R\u00e8gne : Notre Vie Religieuse<\/a><\/p>\n<\/div><\/li><li class=\"fusion-li-item\" style=\"\"><span class=\"icon-wrapper circle-yes\"><i class=\"fusion-li-icon fa-file-pdf far\" aria-hidden=\"true\"><\/i><\/span><div class=\"fusion-li-item-content\">\n<p><a href=\"http:\/\/www.lasalle.org\/wp-content\/uploads\/2019\/09\/2004_cpast_fr.pdf\" target=\"_blank\" rel=\"noreferrer noopener\"><strong>No\u00ebl 2004<\/strong>\u00a0\u2013 Associ\u00e9s au Dieu du Royaume er au Royaume de Dieu, Ministres et Serviteurs de la Parole<\/a><\/p>\n<\/div><\/li><li class=\"fusion-li-item\" style=\"\"><span class=\"icon-wrapper circle-yes\"><i class=\"fusion-li-icon fa-file-pdf far\" aria-hidden=\"true\"><\/i><\/span><div class=\"fusion-li-item-content\">\n<p><a href=\"http:\/\/www.lasalle.org\/wp-content\/uploads\/2019\/09\/2003_cpast_fr.pdf\" target=\"_blank\" rel=\"noreferrer noopener\"><strong>No\u00ebl 2003<\/strong>\u00a0\u2013 Associ\u00e9s avec le Dieu des Pauvres. Notre Vie Consacr\u00e9e \u00e0 la lumi\u00e8re de notre 4\u00e8me vou<\/a><\/p>\n<\/div><\/li><li class=\"fusion-li-item\" style=\"\"><span class=\"icon-wrapper circle-yes\"><i class=\"fusion-li-icon fa-file-pdf far\" aria-hidden=\"true\"><\/i><\/span><div class=\"fusion-li-item-content\">\n<p><a href=\"http:\/\/www.lasalle.org\/wp-content\/uploads\/2019\/09\/2003voc_cpast_fr.pdf\" target=\"_blank\" rel=\"noreferrer noopener\"><strong>P\u00e2ques 2003<\/strong>\u00a0\u2013 La vocation du Fr\u00e8re aujourd\u2019hui<\/a><\/p>\n<\/div><\/li><li class=\"fusion-li-item\" style=\"\"><span class=\"icon-wrapper circle-yes\"><i class=\"fusion-li-icon fa-file-pdf far\" aria-hidden=\"true\"><\/i><\/span><div class=\"fusion-li-item-content\">\n<p><a href=\"http:\/\/www.lasalle.org\/wp-content\/uploads\/2019\/09\/2002_cpast_fr.pdf\" target=\"_blank\" rel=\"noreferrer noopener\"><strong>No\u00ebl 2002<\/strong>\u00a0\u2013 Associ\u00e9s au Dieu vivant: Notre vie de pri\u00e8re<\/a><\/p>\n<\/div><\/li><li class=\"fusion-li-item\" style=\"\"><span class=\"icon-wrapper circle-yes\"><i class=\"fusion-li-icon fa-file-pdf far\" aria-hidden=\"true\"><\/i><\/span><div class=\"fusion-li-item-content\">\n<p><a href=\"http:\/\/www.lasalle.org\/wp-content\/uploads\/2019\/09\/2001_cpast_fr.pdf\" target=\"_blank\" rel=\"noreferrer noopener\"><strong>No\u00ebl 2001<\/strong>\u00a0\u2013 \u00catre Fr\u00e8res en communaut\u00e9 : notre premi\u00e8re association<\/a><\/p>\n<\/div><\/li><li class=\"fusion-li-item\" style=\"\"><span class=\"icon-wrapper circle-yes\"><i class=\"fusion-li-icon fa-file-pdf far\" aria-hidden=\"true\"><\/i><\/span><div class=\"fusion-li-item-content\">\n<p><a href=\"http:\/\/www.lasalle.org\/wp-content\/uploads\/2019\/09\/2000_cpast_fr.pdf\" target=\"_blank\" rel=\"noreferrer noopener\"><strong>No\u00ebl 2000<\/strong>\u00a0\u2013 Le visage du Fr\u00e8re aujourd\u2019hui<\/a><\/p>\n<\/div><\/li><\/ul><div class=\"fusion-separator fusion-full-width-sep\" style=\"align-self: center;margin-left: auto;margin-right: auto;margin-top:15px;margin-bottom:15px;width:100%;\"><div class=\"fusion-separator-border sep-single sep-solid\" style=\"--awb-height:20px;--awb-amount:20px;--awb-sep-color:var(--awb-custom17);border-color:var(--awb-custom17);border-top-width:1px;\"><\/div><\/div><nav class=\"fusion-breadcrumbs fusion-breadcrumbs-1\" style=\"--awb-breadcrumb-sep:&#039;\/&#039;;\" aria-label=\"Breadcrumb\"><ol class=\"awb-breadcrumb-list\"><\/ol><\/nav><\/div><\/div><div class=\"fusion-layout-column fusion_builder_column fusion-builder-column-1 fusion_builder_column_1_4 1_4 fusion-flex-column\" style=\"--awb-bg-size:cover;--awb-width-large:25%;--awb-margin-top-large:0px;--awb-spacing-right-large:7.68%;--awb-margin-bottom-large:20px;--awb-spacing-left-large:7.68%;--awb-width-medium:25%;--awb-order-medium:0;--awb-spacing-right-medium:7.68%;--awb-spacing-left-medium:7.68%;--awb-width-small:100%;--awb-order-small:0;--awb-spacing-right-small:1.92%;--awb-spacing-left-small:1.92%;\"><div class=\"fusion-column-wrapper fusion-column-has-shadow fusion-flex-justify-content-flex-start fusion-content-layout-column\"><div class=\"fusion-title title fusion-title-5 sep-underline sep-solid fusion-title-text fusion-title-size-two\" style=\"--awb-text-color:var(--awb-custom17);--awb-sep-color:var(--awb-custom17);--awb-font-size:22px;\"><h2 class=\"fusion-title-heading title-heading-left\" style=\"margin:0;font-size:1em;\">Derni\u00e8re publication<\/h2><\/div><div class=\"fusion-image-element \" style=\"text-align:center;--awb-caption-title-font-family:var(--h2_typography-font-family);--awb-caption-title-font-weight:var(--h2_typography-font-weight);--awb-caption-title-font-style:var(--h2_typography-font-style);--awb-caption-title-size:var(--h2_typography-font-size);--awb-caption-title-transform:var(--h2_typography-text-transform);--awb-caption-title-line-height:var(--h2_typography-line-height);--awb-caption-title-letter-spacing:var(--h2_typography-letter-spacing);\"><span class=\" fusion-imageframe imageframe-none imageframe-1 hover-type-none\"><a class=\"fusion-no-lightbox\" href=\"https:\/\/www.lasalle.org\/wp-content\/uploads\/2025\/12\/FR_Carta-Pastorale.pdf\" target=\"_blank\" aria-label=\"FR_Carta-Pastorale-1\" rel=\"noopener noreferrer\"><img decoding=\"async\" width=\"400\" height=\"568\" src=\"https:\/\/www.lasalle.org\/wp-content\/uploads\/2025\/12\/FR_Carta-Pastorale-1.jpg\" alt class=\"img-responsive wp-image-122002\" srcset=\"https:\/\/www.lasalle.org\/wp-content\/uploads\/2025\/12\/FR_Carta-Pastorale-1-200x284.jpg 200w, https:\/\/www.lasalle.org\/wp-content\/uploads\/2025\/12\/FR_Carta-Pastorale-1.jpg 400w\" sizes=\"(max-width: 640px) 100vw, 400px\" \/><\/a><\/span><\/div><div class=\"fusion-separator fusion-full-width-sep\" style=\"align-self: center;margin-left: auto;margin-right: auto;margin-top:15px;margin-bottom:15px;width:100%;\"><div class=\"fusion-separator-border sep-single sep-solid\" style=\"--awb-height:20px;--awb-amount:20px;--awb-sep-color:var(--awb-custom17);border-color:var(--awb-custom17);border-top-width:1px;\"><\/div><\/div><\/div><\/div><\/div><\/div>\n","protected":false},"excerpt":{"rendered":"","protected":false},"author":13,"featured_media":89869,"parent":10805,"menu_order":0,"comment_status":"open","ping_status":"closed","template":"","meta":{"_tec_requires_first_save":true,"_monsterinsights_skip_tracking":false,"_monsterinsights_sitenote_active":false,"_monsterinsights_sitenote_note":"","_monsterinsights_sitenote_category":0,"_EventAllDay":false,"_EventTimezone":"","_EventStartDate":"","_EventEndDate":"","_EventStartDateUTC":"","_EventEndDateUTC":"","_EventShowMap":false,"_EventShowMapLink":false,"_EventURL":"","_EventCost":"","_EventCostDescription":"","_EventCurrencySymbol":"","_EventCurrencyCode":"","_EventCurrencyPosition":"","_EventDateTimeSeparator":"","_EventTimeRangeSeparator":"","_EventOrganizerID":[],"_EventVenueID":[],"_OrganizerEmail":"","_OrganizerPhone":"","_OrganizerWebsite":"","_VenueAddress":"","_VenueCity":"","_VenueCountry":"","_VenueProvince":"","_VenueState":"","_VenueZip":"","_VenuePhone":"","_VenueURL":"","_VenueStateProvince":"","_VenueLat":"","_VenueLng":"","_VenueShowMap":false,"_VenueShowMapLink":false,"_tribe_blocks_recurrence_rules":"","_tribe_blocks_recurrence_description":"","_tribe_blocks_recurrence_exclusions":"","footnotes":""},"class_list":["post-10599","page","type-page","status-publish","has-post-thumbnail","hentry"],"_links":{"self":[{"href":"https:\/\/www.lasalle.org\/fr\/wp-json\/wp\/v2\/pages\/10599","targetHints":{"allow":["GET"]}}],"collection":[{"href":"https:\/\/www.lasalle.org\/fr\/wp-json\/wp\/v2\/pages"}],"about":[{"href":"https:\/\/www.lasalle.org\/fr\/wp-json\/wp\/v2\/types\/page"}],"author":[{"embeddable":true,"href":"https:\/\/www.lasalle.org\/fr\/wp-json\/wp\/v2\/users\/13"}],"replies":[{"embeddable":true,"href":"https:\/\/www.lasalle.org\/fr\/wp-json\/wp\/v2\/comments?post=10599"}],"version-history":[{"count":6,"href":"https:\/\/www.lasalle.org\/fr\/wp-json\/wp\/v2\/pages\/10599\/revisions"}],"predecessor-version":[{"id":123684,"href":"https:\/\/www.lasalle.org\/fr\/wp-json\/wp\/v2\/pages\/10599\/revisions\/123684"}],"up":[{"embeddable":true,"href":"https:\/\/www.lasalle.org\/fr\/wp-json\/wp\/v2\/pages\/10805"}],"wp:featuredmedia":[{"embeddable":true,"href":"https:\/\/www.lasalle.org\/fr\/wp-json\/wp\/v2\/media\/89869"}],"wp:attachment":[{"href":"https:\/\/www.lasalle.org\/fr\/wp-json\/wp\/v2\/media?parent=10599"}],"curies":[{"name":"wp","href":"https:\/\/api.w.org\/{rel}","templated":true}]}}