{"id":10600,"date":"2018-12-10T13:39:45","date_gmt":"2018-12-10T13:39:45","guid":{"rendered":"http:\/\/lasalle.vl20054.dinaserver.com\/circulaires\/"},"modified":"2026-03-11T10:53:25","modified_gmt":"2026-03-11T09:53:25","slug":"circulaires","status":"publish","type":"page","link":"https:\/\/www.lasalle.org\/fr\/publications\/circulaires\/","title":{"rendered":"Circulaires"},"content":{"rendered":"<div class=\"fusion-fullwidth fullwidth-box fusion-builder-row-1 fusion-flex-container has-pattern-background has-mask-background nonhundred-percent-fullwidth non-hundred-percent-height-scrolling\" style=\"--awb-border-radius-top-left:0px;--awb-border-radius-top-right:0px;--awb-border-radius-bottom-right:0px;--awb-border-radius-bottom-left:0px;--awb-flex-wrap:wrap;\" ><div class=\"fusion-builder-row fusion-row fusion-flex-align-items-flex-start fusion-flex-content-wrap\" style=\"max-width:1248px;margin-left: calc(-4% \/ 2 );margin-right: calc(-4% \/ 2 );\"><div class=\"fusion-layout-column fusion_builder_column fusion-builder-column-0 fusion_builder_column_3_4 3_4 fusion-flex-column\" style=\"--awb-bg-size:cover;--awb-width-large:75%;--awb-margin-top-large:0px;--awb-spacing-right-large:2.56%;--awb-margin-bottom-large:20px;--awb-spacing-left-large:2.56%;--awb-width-medium:75%;--awb-order-medium:0;--awb-spacing-right-medium:2.56%;--awb-spacing-left-medium:2.56%;--awb-width-small:100%;--awb-order-small:0;--awb-spacing-right-small:1.92%;--awb-spacing-left-small:1.92%;\"><div class=\"fusion-column-wrapper fusion-column-has-shadow fusion-flex-justify-content-flex-start fusion-content-layout-column\"><div class=\"fusion-title title fusion-title-1 sep-underline sep-solid fusion-title-text fusion-title-size-two\" style=\"--awb-text-color:var(--awb-custom17);--awb-sep-color:var(--awb-custom17);--awb-font-size:22px;\"><h2 class=\"fusion-title-heading title-heading-left\" style=\"margin:0;font-size:1em;\">Circulaires<\/h2><\/div><ul style=\"--awb-line-height:27.2px;--awb-icon-width:27.2px;--awb-icon-height:27.2px;--awb-icon-margin:11.2px;--awb-content-margin:38.4px;--awb-circlecolor:var(--awb-custom17);--awb-circle-yes-font-size:14.08px;\" class=\"fusion-checklist fusion-checklist-1 fusion-checklist-default type-icons\"><li class=\"fusion-li-item\" style=\"\"><span class=\"icon-wrapper circle-yes\"><i class=\"fusion-li-icon fa-file-pdf far\" aria-hidden=\"true\"><\/i><\/span><div class=\"fusion-li-item-content\">\n<p><a href=\"https:\/\/www.lasalle.org\/wp-content\/uploads\/2024\/09\/circular_479_FR.pdf\" target=\"_blank\" rel=\"noopener\"><strong>479<\/strong> &#8211; <em>In Memoriam<\/em> Fr\u00e8re Miguel Adolfo Campos Mari\u00f1o, FSC<\/a><\/p>\n<\/div><\/li><li class=\"fusion-li-item\" style=\"\"><span class=\"icon-wrapper circle-yes\"><i class=\"fusion-li-icon fa-file-pdf far\" aria-hidden=\"true\"><\/i><\/span><div class=\"fusion-li-item-content\">\n<p><a href=\"https:\/\/www.lasalle.org\/wp-content\/uploads\/2022\/11\/FR-CIRCOLARE.pdf\" target=\"_blank\" rel=\"noopener\"><strong>478<\/strong>\u00a0\u2013 Documents du 46e Chapitre g\u00e9n\u00e9ral<\/a><\/p>\n<\/div><\/li><li class=\"fusion-li-item\" style=\"\"><span class=\"icon-wrapper circle-yes\"><i class=\"fusion-li-icon fa-file-pdf far\" aria-hidden=\"true\"><\/i><\/span><div class=\"fusion-li-item-content\">\n<div class=\"fusion-text fusion-text-3\">\n<p><a href=\"https:\/\/www.lasalle.org\/wp-content\/uploads\/2023\/01\/Circolare_477_fra_web.pdf\" target=\"_blank\" rel=\"noopener\"><strong>477<\/strong> \u2013 <em>In Memoriam<\/em> Fr\u00e8re Joachim M\u00e9rian<\/a><\/p>\n<\/div>\n<\/div><\/li><li class=\"fusion-li-item\" style=\"\"><span class=\"icon-wrapper circle-yes\"><i class=\"fusion-li-icon fa-file-pdf far\" aria-hidden=\"true\"><\/i><\/span><div class=\"fusion-li-item-content\">\n<div class=\"fusion-text fusion-text-3\">\n<p><a href=\"https:\/\/www.lasalle.org\/wp-content\/uploads\/2020\/04\/FRA_Convocatoria_46CG_Circular_476.pdf\" target=\"_blank\" rel=\"noreferrer noopener\"><strong>476 <\/strong>\u2013 Convocation du 46\u00e8me C.G.<\/a><\/p>\n<\/div>\n<\/div><\/li><li class=\"fusion-li-item\" style=\"\"><span class=\"icon-wrapper circle-yes\"><i class=\"fusion-li-icon fa-file-pdf far\" aria-hidden=\"true\"><\/i><\/span><div class=\"fusion-li-item-content\">\n<div class=\"fusion-text fusion-text-3\">\n<p><a href=\"https:\/\/www.lasalle.org\/wp-content\/uploads\/2020\/02\/Circolare_475_FRA.pdf\" target=\"_blank\" rel=\"noreferrer noopener\"><strong>475<\/strong> \u2013 De l\u2019esp\u00e9rance \u00e0 l\u2019engagement : comprendre les vocations lasalliennes<\/a><br \/>\n|_ <a href=\"https:\/\/www.lasalle.org\/wp-content\/uploads\/2020\/03\/Circ_475_FRA_Formato_Classico.pdf\" target=\"_blank\" rel=\"noreferrer noopener\">Format standard<\/a><\/p>\n<\/div>\n<\/div><\/li><li class=\"fusion-li-item\" style=\"\"><span class=\"icon-wrapper circle-yes\"><i class=\"fusion-li-icon fa-file-pdf far\" aria-hidden=\"true\"><\/i><\/span><div class=\"fusion-li-item-content\">\n<div class=\"fusion-text fusion-text-6\">\n<p><a href=\"https:\/\/www.lasalle.org\/wp-content\/uploads\/2020\/01\/Circolare-474-francese.pdf\" target=\"_blank\" rel=\"noopener\"><strong>474\u00a0<\/strong>\u2013 <em>In Memoriam<\/em> Fr\u00e8re Benildo Feliciano<\/a><\/p>\n<\/div>\n<\/div><\/li><li class=\"fusion-li-item\" style=\"\"><span class=\"icon-wrapper circle-yes\"><i class=\"fusion-li-icon fa-file-pdf far\" aria-hidden=\"true\"><\/i><\/span><div class=\"fusion-li-item-content\">\n<div class=\"fusion-text fusion-text-6\">\n<p><a href=\"https:\/\/www.lasalle.org\/wp-content\/uploads\/2019\/09\/Circolare-473-francese-1.pdf\" target=\"_blank\" rel=\"noreferrer noopener\"><strong>473<\/strong> \u2013 Annonce du 46\u00e8me Chapitre G\u00e9n\u00e9ral (2021)<\/a><\/p>\n<\/div>\n<\/div><\/li><li class=\"fusion-li-item\" style=\"\"><span class=\"icon-wrapper circle-yes\"><i class=\"fusion-li-icon fa-file-pdf far\" aria-hidden=\"true\"><\/i><\/span><div class=\"fusion-li-item-content\">\n<div class=\"fusion-text fusion-text-6\">\n<p><a href=\"https:\/\/www.lasalle.org\/wp-content\/uploads\/2019\/09\/Circulare_472_fra.pdf\" target=\"_blank\" rel=\"noreferrer noopener\"><strong>472 <\/strong>\u2013 <em>In Memoriam<\/em> Fr\u00e8re Genaro Jes\u00fas S\u00e1enz de Ugarte et Iriarte<\/a><\/p>\n<\/div>\n<\/div><\/li><li class=\"fusion-li-item\" style=\"\"><span class=\"icon-wrapper circle-yes\"><i class=\"fusion-li-icon fa-file-pdf far\" aria-hidden=\"true\"><\/i><\/span><div class=\"fusion-li-item-content\">\n<div class=\"fusion-text fusion-text-6\">\n<p><a href=\"https:\/\/www.lasalle.org\/wp-content\/uploads\/2019\/09\/Circulare_471_fra.pdf\" target=\"_blank\" rel=\"noreferrer noopener\"><strong>471 <\/strong>\u2013 <em>In Memoriam<\/em> Fr\u00e8re Pedro Ruedell<\/a><\/p>\n<\/div>\n<\/div><\/li><li class=\"fusion-li-item\" style=\"\"><span class=\"icon-wrapper circle-yes\"><i class=\"fusion-li-icon fa-file-pdf far\" aria-hidden=\"true\"><\/i><\/span><div class=\"fusion-li-item-content\">\n<div class=\"fusion-text fusion-text-9\">\n<p><a href=\"https:\/\/www.lasalle.org\/wp-content\/uploads\/2019\/09\/Circ470_fra-1.pdf\" target=\"_blank\" rel=\"noreferrer noopener\"><strong>470 <\/strong>\u2013 Vers l\u2019ann\u00e9e 2021 : Vivre ensemble la joie de notre mission<\/a><br \/>\n|_ <a href=\"https:\/\/www.lasalle.org\/wp-content\/uploads\/2019\/09\/allegato_francese-1.pdf\" target=\"_blank\" rel=\"noreferrer noopener\">Fichier joint<\/a><\/p>\n<\/div>\n<\/div><\/li><li class=\"fusion-li-item\" style=\"\"><span class=\"icon-wrapper circle-yes\"><i class=\"fusion-li-icon fa-file-pdf far\" aria-hidden=\"true\"><\/i><\/span><div class=\"fusion-li-item-content\">\n<div class=\"fusion-text fusion-text-11\">\n<p><a href=\"https:\/\/www.lasalle.org\/wp-content\/uploads\/2019\/09\/Circ469_Actas45CG_fra.pdf\" target=\"_blank\" rel=\"noreferrer noopener\"><strong>469<\/strong> \u2013 Documents du 45\u00e8me Chapitre G\u00e9n\u00e9ral<br \/>\nCette \u0153uvre de Dieu est aussi la n\u00f4tre<\/a><\/p>\n<\/div>\n<\/div><\/li><li class=\"fusion-li-item\" style=\"\"><span class=\"icon-wrapper circle-yes\"><i class=\"fusion-li-icon fa-file-pdf far\" aria-hidden=\"true\"><\/i><\/span><div class=\"fusion-li-item-content\">\n<div class=\"fusion-text fusion-text-11\">\n<p><a href=\"https:\/\/www.lasalle.org\/wp-content\/uploads\/2019\/09\/Circ468_fra_web.pdf\" target=\"_blank\" rel=\"noreferrer noopener\"><strong>468 <\/strong>\u2013 Convocation du 45\u00e8me Chapitre G\u00e9n\u00e9ral (2014)<\/a><\/p>\n<\/div>\n<\/div><\/li><li class=\"fusion-li-item\" style=\"\"><span class=\"icon-wrapper circle-yes\"><i class=\"fusion-li-icon fa-file-pdf far\" aria-hidden=\"true\"><\/i><\/span><div class=\"fusion-li-item-content\">\n<div class=\"fusion-text fusion-text-11\">\n<p><a href=\"https:\/\/www.lasalle.org\/wp-content\/uploads\/2019\/09\/Circular_Cervantes_fra_web.pdf\" target=\"_blank\" rel=\"noreferrer noopener\"><strong>467<\/strong>\u00a0\u2013 <em>In Memoriam<\/em> Fr\u00e8re Jos\u00e9 Cervantes Hern\u00e1ndez<\/a><\/p>\n<\/div>\n<\/div><\/li><li class=\"fusion-li-item\" style=\"\"><span class=\"icon-wrapper circle-yes\"><i class=\"fusion-li-icon fa-file-pdf far\" aria-hidden=\"true\"><\/i><\/span><div class=\"fusion-li-item-content\">\n<div class=\"fusion-text fusion-text-11\">\n<p><a href=\"https:\/\/www.lasalle.org\/wp-content\/uploads\/2019\/09\/Circular466_FRA_web.pdf\" target=\"_blank\" rel=\"noreferrer noopener\"><strong>466 <\/strong>\u2013 Ils s\u2019appelleront Fr\u00e8res<\/a><\/p>\n<\/div>\n<\/div><\/li><li class=\"fusion-li-item\" style=\"\"><span class=\"icon-wrapper circle-yes\"><i class=\"fusion-li-icon fa-file-pdf far\" aria-hidden=\"true\"><\/i><\/span><div class=\"fusion-li-item-content\">\n<div class=\"fusion-text fusion-text-11\">\n<p><a href=\"https:\/\/www.lasalle.org\/wp-content\/uploads\/2019\/09\/Circulaire-465_fra.pdf\"><strong>465 <\/strong>\u2013 <em>In Memoriam<\/em> Fr\u00e8re Yemanu Jehar Kiar<\/a><\/p>\n<\/div>\n<\/div><\/li><li class=\"fusion-li-item\" style=\"\"><span class=\"icon-wrapper circle-yes\"><i class=\"fusion-li-icon fa-file-pdf far\" aria-hidden=\"true\"><\/i><\/span><div class=\"fusion-li-item-content\">\n<div class=\"fusion-text fusion-text-11\">\n<p><a href=\"https:\/\/www.lasalle.org\/wp-content\/uploads\/2019\/09\/Circulaire-463.pdf\" target=\"_blank\" rel=\"noreferrer noopener\"><strong>463 <\/strong>\u2013 <em>In Memoriam<\/em> Fr\u00e8re Michael Jacques<\/a><\/p>\n<\/div>\n<\/div><\/li><li class=\"fusion-li-item\" style=\"\"><span class=\"icon-wrapper circle-yes\"><i class=\"fusion-li-icon fa-file-pdf far\" aria-hidden=\"true\"><\/i><\/span><div class=\"fusion-li-item-content\">\n<div class=\"fusion-text fusion-text-11\">\n<p><a href=\"https:\/\/www.lasalle.org\/wp-content\/uploads\/2019\/09\/Circulaire-462.pdf\" target=\"_blank\" rel=\"noreferrer noopener\"><strong>462<\/strong> \u2013 <em>In Memoriam<\/em> Fr\u00e8re Rafael Mart\u00ednez Cervantes<\/a><\/p>\n<\/div>\n<\/div><\/li><li class=\"fusion-li-item\" style=\"\"><span class=\"icon-wrapper circle-yes\"><i class=\"fusion-li-icon fa-file-pdf far\" aria-hidden=\"true\"><\/i><\/span><div class=\"fusion-li-item-content\">\n<div class=\"fusion-text fusion-text-11\">\n<p><a href=\"https:\/\/www.lasalle.org\/wp-content\/uploads\/2019\/09\/461_circ_fr.pdf\" target=\"_blank\" rel=\"noreferrer noopener\"><strong>461<\/strong> \u2013 Associ\u00e9s pour la Mission lasallienne\u2026 un acte d\u2019esp\u00e9rance<\/a><\/p>\n<\/div>\n<\/div><\/li><li class=\"fusion-li-item\" style=\"\"><span class=\"icon-wrapper circle-yes\"><i class=\"fusion-li-icon fa-file-pdf far\" aria-hidden=\"true\"><\/i><\/span><div class=\"fusion-li-item-content\">\n<div class=\"fusion-text fusion-text-11\">\n<p><a href=\"https:\/\/www.lasalle.org\/wp-content\/uploads\/2019\/09\/460_circ_fr.pdf\" target=\"_blank\" rel=\"noreferrer noopener\"><strong>460 <\/strong>\u2013 Vers l\u2019autosuffisance<\/a><\/p>\n<\/div>\n<\/div><\/li><li class=\"fusion-li-item\" style=\"\"><span class=\"icon-wrapper circle-yes\"><i class=\"fusion-li-icon fa-file-pdf far\" aria-hidden=\"true\"><\/i><\/span><div class=\"fusion-li-item-content\">\n<div class=\"fusion-text fusion-text-20\">\n<p><a href=\"https:\/\/www.lasalle.org\/wp-content\/uploads\/2019\/09\/459_circ_fr.pdf\" target=\"_blank\" rel=\"noreferrer noopener\"><strong>459\u00a0<\/strong>\u2013 Convocation \u00e0 la r\u00e9vision de la R\u00e8gle des Fr\u00e8res des \u00c9coles Chr\u00e9tiennes<\/a><\/p>\n<\/div>\n<\/div><\/li><li class=\"fusion-li-item\" style=\"\"><span class=\"icon-wrapper circle-yes\"><i class=\"fusion-li-icon fa-file-pdf far\" aria-hidden=\"true\"><\/i><\/span><div class=\"fusion-li-item-content\">\n<div class=\"fusion-text fusion-text-20\">\n<p><a href=\"https:\/\/www.lasalle.org\/wp-content\/uploads\/2019\/09\/458_circ_fr.pdf\" target=\"_blank\" rel=\"noreferrer noopener\"><strong>458 <\/strong>\u2013 <em>In Memoriam<\/em> Fr\u00e8re John Johnston<\/a><\/p>\n<\/div>\n<\/div><\/li><li class=\"fusion-li-item\" style=\"\"><span class=\"icon-wrapper circle-yes\"><i class=\"fusion-li-icon fa-file-pdf far\" aria-hidden=\"true\"><\/i><\/span><div class=\"fusion-li-item-content\">\n<div class=\"fusion-text fusion-text-21\">\n<p><a href=\"https:\/\/www.lasalle.org\/wp-content\/uploads\/2019\/09\/457_circ_fr.pdf\" target=\"_blank\" rel=\"noreferrer noopener\"><strong>457 <\/strong>\u2013 <em>In Memoriam<\/em> Fr\u00e8re Mart\u00edn Corral Alcalde<\/a><\/p>\n<\/div>\n<\/div><\/li><li class=\"fusion-li-item\" style=\"\"><span class=\"icon-wrapper circle-yes\"><i class=\"fusion-li-icon fa-file-pdf far\" aria-hidden=\"true\"><\/i><\/span><div class=\"fusion-li-item-content\">\n<div class=\"fusion-text fusion-text-21\">\n<p><a href=\"https:\/\/www.lasalle.org\/wp-content\/uploads\/2019\/09\/456_circ_fr.pdf\" target=\"_blank\" rel=\"noreferrer noopener\"><strong>456 <\/strong>\u2013 Vers l\u2019ann\u00e9e 2014<\/a><\/p>\n<\/div>\n<\/div><\/li><li class=\"fusion-li-item\" style=\"\"><span class=\"icon-wrapper circle-yes\"><i class=\"fusion-li-icon fa-file-pdf far\" aria-hidden=\"true\"><\/i><\/span><div class=\"fusion-li-item-content\">\n<div class=\"fusion-text fusion-text-21\">\n<p><a href=\"https:\/\/www.lasalle.org\/wp-content\/uploads\/2019\/09\/455_circ_fr.pdf\" target=\"_blank\" rel=\"noreferrer noopener\"><strong>455 <\/strong>\u2013 Documents du 44\u00e8me Chapitre G\u00e9n\u00e9ral<\/a><\/p>\n<\/div>\n<\/div><\/li><li class=\"fusion-li-item\" style=\"\"><span class=\"icon-wrapper circle-yes\"><i class=\"fusion-li-icon fa-file-pdf far\" aria-hidden=\"true\"><\/i><\/span><div class=\"fusion-li-item-content\">\n<div class=\"fusion-text fusion-text-21\">\n<p><a href=\"https:\/\/www.lasalle.org\/wp-content\/uploads\/2019\/09\/454_circ_fr.pdf\" target=\"_blank\" rel=\"noreferrer noopener\"><strong>454 <\/strong>\u2013 Convocation du 44\u00e8me Chapitre G\u00e9n\u00e9ral (2007)<\/a><\/p>\n<\/div>\n<\/div><\/li><li class=\"fusion-li-item\" style=\"\"><span class=\"icon-wrapper circle-yes\"><i class=\"fusion-li-icon fa-file-pdf far\" aria-hidden=\"true\"><\/i><\/span><div class=\"fusion-li-item-content\">\n<div class=\"fusion-text fusion-text-21\">\n<p><a href=\"https:\/\/www.lasalle.org\/wp-content\/uploads\/2019\/09\/453_circ_fr.pdf\"><strong>453<\/strong> \u2013 Annonce du 44\u00e8me Chapitre G\u00e9n\u00e9ral (2007)<\/a><\/p>\n<\/div>\n<\/div><\/li><li class=\"fusion-li-item\" style=\"\"><span class=\"icon-wrapper circle-yes\"><i class=\"fusion-li-icon fa-file-pdf far\" aria-hidden=\"true\"><\/i><\/span><div class=\"fusion-li-item-content\">\n<div class=\"fusion-text fusion-text-21\">\n<p><a href=\"https:\/\/www.lasalle.org\/wp-content\/uploads\/2019\/09\/448_circ_fr.pdf\" target=\"_blank\" rel=\"noreferrer noopener\"><strong>448 <\/strong>\u2013 Vers l\u2019ann\u00e9e 2007<\/a><\/p>\n<\/div>\n<\/div><\/li><\/ul><div class=\"fusion-separator fusion-full-width-sep\" style=\"align-self: center;margin-left: auto;margin-right: auto;margin-top:15px;margin-bottom:15px;width:100%;\"><div class=\"fusion-separator-border sep-single sep-solid\" style=\"--awb-height:20px;--awb-amount:20px;--awb-sep-color:var(--awb-custom17);border-color:var(--awb-custom17);border-top-width:1px;\"><\/div><\/div><nav class=\"fusion-breadcrumbs fusion-breadcrumbs-1\" style=\"--awb-breadcrumb-sep:&#039;\/&#039;;\" aria-label=\"Breadcrumb\"><ol class=\"awb-breadcrumb-list\"><\/ol><\/nav><\/div><\/div><div class=\"fusion-layout-column fusion_builder_column fusion-builder-column-1 fusion_builder_column_1_4 1_4 fusion-flex-column\" style=\"--awb-bg-size:cover;--awb-width-large:25%;--awb-margin-top-large:0px;--awb-spacing-right-large:7.68%;--awb-margin-bottom-large:20px;--awb-spacing-left-large:7.68%;--awb-width-medium:25%;--awb-order-medium:0;--awb-spacing-right-medium:7.68%;--awb-spacing-left-medium:7.68%;--awb-width-small:100%;--awb-order-small:0;--awb-spacing-right-small:1.92%;--awb-spacing-left-small:1.92%;\"><div class=\"fusion-column-wrapper fusion-column-has-shadow fusion-flex-justify-content-flex-start fusion-content-layout-column\"><div class=\"fusion-title title fusion-title-2 sep-underline sep-solid fusion-title-text fusion-title-size-two\" style=\"--awb-text-color:var(--awb-custom17);--awb-sep-color:var(--awb-custom17);--awb-font-size:22px;\"><h2 class=\"fusion-title-heading title-heading-left\" style=\"margin:0;font-size:1em;\">Derni\u00e8re publication<\/h2><\/div><div class=\"fusion-image-element \" style=\"text-align:center;--awb-caption-title-font-family:var(--h2_typography-font-family);--awb-caption-title-font-weight:var(--h2_typography-font-weight);--awb-caption-title-font-style:var(--h2_typography-font-style);--awb-caption-title-size:var(--h2_typography-font-size);--awb-caption-title-transform:var(--h2_typography-text-transform);--awb-caption-title-line-height:var(--h2_typography-line-height);--awb-caption-title-letter-spacing:var(--h2_typography-letter-spacing);\"><span class=\" fusion-imageframe imageframe-none imageframe-1 hover-type-none\"><a class=\"fusion-no-lightbox\" href=\"https:\/\/www.lasalle.org\/wp-content\/uploads\/2024\/09\/circular_479_FR.pdf\" target=\"_blank\" aria-label=\"circular_479_FR-1\" rel=\"noopener noreferrer\"><img decoding=\"async\" width=\"300\" height=\"435\" src=\"https:\/\/www.lasalle.org\/wp-content\/uploads\/2024\/09\/circular_479_FR-1.jpg\" alt class=\"img-responsive wp-image-103827\" srcset=\"https:\/\/www.lasalle.org\/wp-content\/uploads\/2024\/09\/circular_479_FR-1-200x290.jpg 200w, https:\/\/www.lasalle.org\/wp-content\/uploads\/2024\/09\/circular_479_FR-1.jpg 300w\" sizes=\"(max-width: 640px) 100vw, 300px\" \/><\/a><\/span><\/div><div class=\"fusion-separator fusion-full-width-sep\" style=\"align-self: center;margin-left: auto;margin-right: auto;margin-top:15px;margin-bottom:15px;width:100%;\"><div class=\"fusion-separator-border sep-single sep-solid\" style=\"--awb-height:20px;--awb-amount:20px;--awb-sep-color:var(--awb-custom17);border-color:var(--awb-custom17);border-top-width:1px;\"><\/div><\/div><\/div><\/div><\/div><\/div>\n","protected":false},"excerpt":{"rendered":"","protected":false},"author":13,"featured_media":103795,"parent":10805,"menu_order":0,"comment_status":"open","ping_status":"closed","template":"","meta":{"_tec_requires_first_save":true,"_monsterinsights_skip_tracking":false,"_monsterinsights_sitenote_active":false,"_monsterinsights_sitenote_note":"","_monsterinsights_sitenote_category":0,"_EventAllDay":false,"_EventTimezone":"","_EventStartDate":"","_EventEndDate":"","_EventStartDateUTC":"","_EventEndDateUTC":"","_EventShowMap":false,"_EventShowMapLink":false,"_EventURL":"","_EventCost":"","_EventCostDescription":"","_EventCurrencySymbol":"","_EventCurrencyCode":"","_EventCurrencyPosition":"","_EventDateTimeSeparator":"","_EventTimeRangeSeparator":"","_EventOrganizerID":[],"_EventVenueID":[],"_OrganizerEmail":"","_OrganizerPhone":"","_OrganizerWebsite":"","_VenueAddress":"","_VenueCity":"","_VenueCountry":"","_VenueProvince":"","_VenueState":"","_VenueZip":"","_VenuePhone":"","_VenueURL":"","_VenueStateProvince":"","_VenueLat":"","_VenueLng":"","_VenueShowMap":false,"_VenueShowMapLink":false,"_tribe_blocks_recurrence_rules":"","_tribe_blocks_recurrence_description":"","_tribe_blocks_recurrence_exclusions":"","footnotes":""},"class_list":["post-10600","page","type-page","status-publish","has-post-thumbnail","hentry"],"_links":{"self":[{"href":"https:\/\/www.lasalle.org\/fr\/wp-json\/wp\/v2\/pages\/10600","targetHints":{"allow":["GET"]}}],"collection":[{"href":"https:\/\/www.lasalle.org\/fr\/wp-json\/wp\/v2\/pages"}],"about":[{"href":"https:\/\/www.lasalle.org\/fr\/wp-json\/wp\/v2\/types\/page"}],"author":[{"embeddable":true,"href":"https:\/\/www.lasalle.org\/fr\/wp-json\/wp\/v2\/users\/13"}],"replies":[{"embeddable":true,"href":"https:\/\/www.lasalle.org\/fr\/wp-json\/wp\/v2\/comments?post=10600"}],"version-history":[{"count":5,"href":"https:\/\/www.lasalle.org\/fr\/wp-json\/wp\/v2\/pages\/10600\/revisions"}],"predecessor-version":[{"id":123687,"href":"https:\/\/www.lasalle.org\/fr\/wp-json\/wp\/v2\/pages\/10600\/revisions\/123687"}],"up":[{"embeddable":true,"href":"https:\/\/www.lasalle.org\/fr\/wp-json\/wp\/v2\/pages\/10805"}],"wp:featuredmedia":[{"embeddable":true,"href":"https:\/\/www.lasalle.org\/fr\/wp-json\/wp\/v2\/media\/103795"}],"wp:attachment":[{"href":"https:\/\/www.lasalle.org\/fr\/wp-json\/wp\/v2\/media?parent=10600"}],"curies":[{"name":"wp","href":"https:\/\/api.w.org\/{rel}","templated":true}]}}