{"id":10608,"date":"2018-12-10T13:41:28","date_gmt":"2018-12-10T13:41:28","guid":{"rendered":"http:\/\/lasalle.vl20054.dinaserver.com\/miscellanees\/"},"modified":"2020-06-11T10:11:39","modified_gmt":"2020-06-11T09:11:39","slug":"miscellanees","status":"publish","type":"page","link":"https:\/\/www.lasalle.org\/fr\/publications\/miscellanees\/","title":{"rendered":"Miscellan\u00e9es"},"content":{"rendered":"\n<p><\/p>\n\n\n\n<div class=\"wp-block-image\"><figure class=\"alignleft size-large is-resized\"><img decoding=\"async\" src=\"https:\/\/www.lasalle.org\/wp-content\/uploads\/2018\/12\/epub-file-256.png\" alt=\"\" class=\"wp-image-35322\" width=\"30\" height=\"30\" srcset=\"https:\/\/www.lasalle.org\/wp-content\/uploads\/2018\/12\/epub-file-256-150x150.png 150w, https:\/\/www.lasalle.org\/wp-content\/uploads\/2018\/12\/epub-file-256.png 256w\" sizes=\"(max-width: 30px) 100vw, 30px\" \/><\/figure><\/div>\n\n\n\n<p><a rel=\"noreferrer noopener\" href=\"https:\/\/drive.google.com\/drive\/folders\/18m1UTYXlZIv1ELIs2rWjsCYAvzYEd5zv?usp=sharing\" target=\"_blank\">CHEMINER ENSEMBLE<br><\/a>La vie de La Salle \u00e0 travers le regard de Jean Jacquot, FSC<\/p>\n\n\n\n<hr class=\"wp-block-separator\"\/>\n\n\n\n<p><strong>Droits de l\u2019enfant<\/strong><\/p>\n\n\n\n<div class=\"wp-block-image\"><figure class=\"alignleft is-resized\"><img decoding=\"async\" src=\"https:\/\/www.lasalle.org\/wp-content\/uploads\/2019\/07\/icon_acrobat.png\" alt=\"\" class=\"wp-image-49761\" width=\"15\" height=\"20\"\/><\/figure><\/div>\n\n\n\n<div class=\"wp-block-file\"><a href=\"https:\/\/www.lasalle.org\/wp-content\/uploads\/2019\/07\/standing-for-children-19X25.pdf\" target=\"_blank\" rel=\"noreferrer noopener\">Standing for Children (Christian Brothers Conference)<\/a><a href=\"https:\/\/www.lasalle.org\/wp-content\/uploads\/2019\/07\/standing-for-children-19X25.pdf\" class=\"fusion-button-default fusion-button-default-size wp-block-file__button\" download>T\u00e9l\u00e9charger<\/a><\/div>\n\n\n\n<hr class=\"wp-block-separator\"\/>\n\n\n\n<p><strong>Famille Lasallienne<\/strong><\/p>\n\n\n\n<div class=\"wp-block-image\"><figure class=\"alignleft is-resized\"><img decoding=\"async\" src=\"https:\/\/www.lasalle.org\/wp-content\/uploads\/2019\/07\/icon_acrobat.png\" alt=\"\" class=\"wp-image-49761\" width=\"15\" height=\"20\"\/><\/figure><\/div>\n\n\n\n<div class=\"wp-block-file\"><a href=\"https:\/\/www.lasalle.org\/wp-content\/uploads\/2019\/10\/3essais_lasalliens_fr.pdf\" target=\"_blank\" rel=\"noreferrer noopener\">Vocabulaire Th\u00e9matique de l&rsquo;Association Lasallienne &#8211; Essais Lasalliens 3<\/a><a href=\"https:\/\/www.lasalle.org\/wp-content\/uploads\/2019\/10\/3essais_lasalliens_fr.pdf\" class=\"fusion-button-default fusion-button-default-size wp-block-file__button\" download> T\u00e9l\u00e9charger <\/a><\/div>\n\n\n\n<hr class=\"wp-block-separator is-style-dots\"\/>\n\n\n\n<div class=\"wp-block-image\"><figure class=\"alignleft is-resized\"><img decoding=\"async\" src=\"https:\/\/www.lasalle.org\/wp-content\/uploads\/2019\/07\/icon_acrobat.png\" alt=\"\" class=\"wp-image-49761\" width=\"15\" height=\"20\"\/><\/figure><\/div>\n\n\n\n<div class=\"wp-block-file\"><a href=\"https:\/\/www.lasalle.org\/wp-content\/uploads\/2019\/10\/4essais_lasalliens_fr.pdf\" target=\"_blank\" rel=\"noreferrer noopener\">Fondements pour un mod\u00e8le actuel de Famille Lasallienne &#8211; Essais Lasalliens 4 <\/a><a href=\"https:\/\/www.lasalle.org\/wp-content\/uploads\/2019\/10\/4essais_lasalliens_fr.pdf\" class=\"fusion-button-default fusion-button-default-size wp-block-file__button\" download> T\u00e9l\u00e9charger <\/a><\/div>\n\n\n\n<hr class=\"wp-block-separator is-style-dots\"\/>\n\n\n\n<div class=\"wp-block-image\"><figure class=\"alignleft is-resized\"><img decoding=\"async\" src=\"https:\/\/www.lasalle.org\/wp-content\/uploads\/2019\/07\/icon_acrobat.png\" alt=\"\" class=\"wp-image-49761\" width=\"15\" height=\"20\"\/><\/figure><\/div>\n\n\n\n<div class=\"wp-block-file\"><a href=\"https:\/\/www.lasalle.org\/wp-content\/uploads\/2019\/10\/13etudes_lasalliennes_fr.pdf\" target=\"_blank\" rel=\"noreferrer noopener\">Le Charisme Lasallien &#8211; Etudes Lasalliens n. 13<\/a><a href=\"https:\/\/www.lasalle.org\/wp-content\/uploads\/2019\/10\/13etudes_lasalliennes_fr.pdf\" class=\"fusion-button-default fusion-button-default-size wp-block-file__button\" download> T\u00e9l\u00e9charger <\/a><\/div>\n\n\n\n<hr class=\"wp-block-separator is-style-dots\"\/>\n\n\n\n<div class=\"wp-block-image\"><figure class=\"alignleft is-resized\"><img decoding=\"async\" src=\"https:\/\/www.lasalle.org\/wp-content\/uploads\/2019\/07\/icon_acrobat.png\" alt=\"\" class=\"wp-image-49761\" width=\"15\" height=\"20\"\/><\/figure><\/div>\n\n\n\n<div class=\"wp-block-file\"><a href=\"https:\/\/www.lasalle.org\/wp-content\/uploads\/2019\/10\/ai06_report_fr.pdf\" target=\"_blank\" rel=\"noreferrer noopener\">  Rapport de l&rsquo;Assembl\u00e9e internationale 2006<\/a><a href=\"https:\/\/www.lasalle.org\/wp-content\/uploads\/2019\/10\/ai06_report_fr.pdf\" class=\"fusion-button-default fusion-button-default-size wp-block-file__button\" download> T\u00e9l\u00e9charger <\/a><\/div>\n\n\n\n<hr class=\"wp-block-separator is-style-dots\"\/>\n\n\n\n<div class=\"wp-block-image\"><figure class=\"alignleft is-resized\"><img decoding=\"async\" src=\"https:\/\/www.lasalle.org\/wp-content\/uploads\/2019\/07\/icon_acrobat.png\" alt=\"\" class=\"wp-image-49761\" width=\"15\" height=\"20\"\/><\/figure><\/div>\n\n\n\n<div class=\"wp-block-file\"><a href=\"https:\/\/www.lasalle.org\/wp-content\/uploads\/2020\/06\/SignumFidei_StyleDeVie.pdf\">Signum Fidei &#8211; Style de vie<\/a><a href=\"https:\/\/www.lasalle.org\/wp-content\/uploads\/2020\/06\/SignumFidei_StyleDeVie.pdf\" class=\"fusion-button-default fusion-button-default-size wp-block-file__button\" download>T\u00e9l\u00e9charger<\/a><\/div>\n\n\n\n<hr class=\"wp-block-separator is-style-dots\"\/>\n\n\n\n<div class=\"wp-block-image\"><figure class=\"alignleft is-resized\"><img decoding=\"async\" src=\"https:\/\/www.lasalle.org\/wp-content\/uploads\/2019\/07\/url-blue.png\" alt=\"\" class=\"wp-image-49753\" width=\"30\" height=\"30\"\/><\/figure><\/div>\n\n\n\n<p><a href=\"https:\/\/www.lasalle.org\/fr\/publications\/bulletin\/\">Bulletin N\u00ba 250<\/a><\/p>\n\n\n\n<hr class=\"wp-block-separator\"\/>\n\n\n\n<div class=\"wp-block-image\"><figure class=\"alignleft is-resized\"><img decoding=\"async\" src=\"https:\/\/www.lasalle.org\/wp-content\/uploads\/2019\/07\/url-blue.png\" alt=\"\" class=\"wp-image-49753\" width=\"30\" height=\"30\"\/><\/figure><\/div>\n\n\n\n<p><strong><a href=\"https:\/\/www.lasalle.org\/fr\/publications\/lumen-3\/\">Pour les Jeunes Lasalliens<\/a><\/strong><\/p>\n\n\n\n<hr class=\"wp-block-separator\"\/>\n\n\n\n<p><strong>Le r\u00e9cit continue<\/strong><\/p>\n\n\n\n<div class=\"wp-block-image\"><figure class=\"alignleft is-resized\"><img decoding=\"async\" src=\"https:\/\/www.lasalle.org\/wp-content\/uploads\/2019\/07\/icon_acrobat.png\" alt=\"\" class=\"wp-image-49761\" width=\"15\" height=\"20\"\/><\/figure><\/div>\n\n\n\n<div class=\"wp-block-file\"><a href=\"https:\/\/www.lasalle.org\/wp-content\/uploads\/2019\/10\/02cahier_mel_fr.pdf\" target=\"_blank\" rel=\"noreferrer noopener\">\u00ab L&rsquo;Association Lasallienne : Le r\u00e9cit continue \u00bb (MEL-2) &#8211; Fr. Antonio Botana<\/a><a href=\"https:\/\/www.lasalle.org\/wp-content\/uploads\/2019\/10\/02cahier_mel_fr.pdf\" class=\"fusion-button-default fusion-button-default-size wp-block-file__button\" download> T\u00e9l\u00e9charger  <\/a><\/div>\n\n\n\n<hr class=\"wp-block-separator is-style-dots\"\/>\n\n\n\n<div class=\"wp-block-image\"><figure class=\"alignleft is-resized\"><img decoding=\"async\" src=\"https:\/\/www.lasalle.org\/wp-content\/uploads\/2019\/07\/icon_acrobat.png\" alt=\"\" class=\"wp-image-49761\" width=\"15\" height=\"20\"\/><\/figure><\/div>\n\n\n\n<div class=\"wp-block-file\"><a href=\"https:\/\/www.lasalle.org\/wp-content\/uploads\/2019\/10\/23_fr.pdf\" target=\"_blank\" rel=\"noreferrer noopener\">\u00ab\u00a0La nueva presencia del Hermano en la Escuela\u00a0\u00bb &#8211; Fr. Antonio Botana<\/a><a href=\"https:\/\/www.lasalle.org\/wp-content\/uploads\/2019\/10\/23_fr.pdf\" class=\"fusion-button-default fusion-button-default-size wp-block-file__button\" download> T\u00e9l\u00e9charger  <\/a><\/div>\n\n\n\n<hr class=\"wp-block-separator is-style-dots\"\/>\n\n\n\n<div class=\"wp-block-image\"><figure class=\"alignleft is-resized\"><img decoding=\"async\" src=\"https:\/\/www.lasalle.org\/wp-content\/uploads\/2019\/07\/icon_acrobat.png\" alt=\"\" class=\"wp-image-49761\" width=\"15\" height=\"20\"\/><\/figure><\/div>\n\n\n\n<div class=\"wp-block-file\"><a href=\"https:\/\/www.lasalle.org\/wp-content\/uploads\/2019\/10\/22_fr.pdf\" target=\"_blank\" rel=\"noreferrer noopener\">\u00ab Nouvelles formes d&rsquo;Association Lasallienne \u00bb. Rapport pour la R\u00e9union des Visiteurs, mai 2004.Secr\u00e9tariat des Associ\u00e9s Lasalliens &#8211; Fr. Antonio Botana<\/a><a href=\"https:\/\/www.lasalle.org\/wp-content\/uploads\/2019\/10\/22_fr.pdf\" class=\"fusion-button-default fusion-button-default-size wp-block-file__button\" download> T\u00e9l\u00e9charger  <\/a><\/div>\n\n\n\n<hr class=\"wp-block-separator is-style-dots\"\/>\n\n\n\n<div class=\"wp-block-image\"><figure class=\"alignleft is-resized\"><img decoding=\"async\" src=\"https:\/\/www.lasalle.org\/wp-content\/uploads\/2019\/07\/icon_acrobat.png\" alt=\"\" class=\"wp-image-49761\" width=\"15\" height=\"20\"\/><\/figure><\/div>\n\n\n\n<div class=\"wp-block-file\"><a href=\"https:\/\/www.lasalle.org\/wp-content\/uploads\/2019\/10\/13_fr.pdf\">\u00ab L&rsquo;Association Lasallienne pour la Mission : 1679\u20132007. R\u00e9flexion personnelle sur un r\u00e9cit qui continue \u00bb. &#8211; Fr. John Johnston<\/a><a href=\"https:\/\/www.lasalle.org\/wp-content\/uploads\/2019\/10\/13_fr.pdf\" class=\"fusion-button-default fusion-button-default-size wp-block-file__button\" download> T\u00e9l\u00e9charger  <\/a><\/div>\n\n\n\n<hr class=\"wp-block-separator\"\/>\n\n\n\n<p><strong>EUROCELAS 2000 : Colloque sur l&rsquo;Association<\/strong><\/p>\n\n\n\n<div class=\"wp-block-image\"><figure class=\"alignleft is-resized\"><img decoding=\"async\" src=\"https:\/\/www.lasalle.org\/wp-content\/uploads\/2019\/07\/icon_acrobat.png\" alt=\"\" class=\"wp-image-49761\" width=\"15\" height=\"20\"\/><\/figure><\/div>\n\n\n\n<div class=\"wp-block-file\"><a href=\"https:\/\/www.lasalle.org\/wp-content\/uploads\/2019\/10\/15_fr.pdf\" target=\"_blank\" rel=\"noreferrer noopener\"> \u00ab\u00a0L&rsquo;Association: La politique de l&rsquo;Institut FSC, 1950\u20132000\u00a0\u00bb &#8211; Fr. Andr\u00e9 Jacq <\/a><a href=\"https:\/\/www.lasalle.org\/wp-content\/uploads\/2019\/10\/15_fr.pdf\" class=\"fusion-button-default fusion-button-default-size wp-block-file__button\" download> T\u00e9l\u00e9charger   <\/a><\/div>\n\n\n\n<div class=\"wp-block-image\"><figure class=\"alignleft is-resized\"><img decoding=\"async\" src=\"https:\/\/www.lasalle.org\/wp-content\/uploads\/2019\/07\/icon_acrobat.png\" alt=\"\" class=\"wp-image-49761\" width=\"15\" height=\"20\"\/><\/figure><\/div>\n\n\n\n<div class=\"wp-block-file\"><a href=\"https:\/\/www.lasalle.org\/wp-content\/uploads\/2019\/10\/0assoc_fr.pdf\" target=\"_blank\" rel=\"noreferrer noopener\"> \u00ab\u00a0Fr\u00e8res et La\u00efcs associ\u00e9s pour une m\u00eame mission.\u00a0\u00bb &#8211; Fr. Andr\u00e9 Jacq <\/a><a href=\"https:\/\/www.lasalle.org\/wp-content\/uploads\/2019\/10\/0assoc_fr.pdf\" class=\"fusion-button-default fusion-button-default-size wp-block-file__button\" download> T\u00e9l\u00e9charger   <\/a><\/div>\n\n\n\n<div class=\"wp-block-image\"><figure class=\"alignleft is-resized\"><img decoding=\"async\" src=\"https:\/\/www.lasalle.org\/wp-content\/uploads\/2019\/07\/icon_acrobat.png\" alt=\"\" class=\"wp-image-49761\" width=\"15\" height=\"20\"\/><\/figure><\/div>\n\n\n\n<div class=\"wp-block-file\"><a href=\"https:\/\/www.lasalle.org\/wp-content\/uploads\/2019\/10\/1assoc_fr.pdf\" target=\"_blank\" rel=\"noreferrer noopener\"> \u00ab\u00a0L&rsquo;Association selon La Salle.\u00a0\u00bb &#8211; Fr. Antonio Botana <\/a><a href=\"https:\/\/www.lasalle.org\/wp-content\/uploads\/2019\/10\/1assoc_fr.pdf\" class=\"fusion-button-default fusion-button-default-size wp-block-file__button\" download> T\u00e9l\u00e9charger   <\/a><\/div>\n\n\n\n<div class=\"wp-block-image\"><figure class=\"alignleft is-resized\"><img decoding=\"async\" src=\"https:\/\/www.lasalle.org\/wp-content\/uploads\/2019\/07\/icon_acrobat.png\" alt=\"\" class=\"wp-image-49761\" width=\"15\" height=\"20\"\/><\/figure><\/div>\n\n\n\n<div class=\"wp-block-file\"><a href=\"https:\/\/www.lasalle.org\/wp-content\/uploads\/2019\/10\/2assoc_fr.pdf\" target=\"_blank\" rel=\"noreferrer noopener\">\u00ab\u00a0Des perspectives pour b\u00e2tir l&rsquo;Association.\u00a0\u00bb &#8211; Fr. Robert Carlier <\/a><a href=\"https:\/\/www.lasalle.org\/wp-content\/uploads\/2019\/10\/2assoc_fr.pdf\" class=\"fusion-button-default fusion-button-default-size wp-block-file__button\" download> T\u00e9l\u00e9charger   <\/a><\/div>\n\n\n\n<hr class=\"wp-block-separator\"\/>\n\n\n\n<p><strong>Identit\u00e9 lasallienne<\/strong><\/p>\n\n\n\n<div class=\"wp-block-image\"><figure class=\"alignleft is-resized\"><img decoding=\"async\" src=\"https:\/\/www.lasalle.org\/wp-content\/uploads\/2019\/07\/icon_acrobat.png\" alt=\"\" class=\"wp-image-49761\" width=\"15\" height=\"20\"\/><\/figure><\/div>\n\n\n\n<div class=\"wp-block-file\"><a href=\"https:\/\/www.lasalle.org\/wp-content\/uploads\/2019\/10\/24_fr.pdf\" target=\"_blank\" rel=\"noreferrer noopener\">\u00ab Identit\u00e9 lasallienne. Un sch\u00e9ma de 3 x 3 + 1 \u00bb. &#8211; Fr. Antonio Botana<\/a><a href=\"https:\/\/www.lasalle.org\/wp-content\/uploads\/2019\/10\/24_fr.pdf\" class=\"fusion-button-default fusion-button-default-size wp-block-file__button\" download> T\u00e9l\u00e9charger <\/a><\/div>\n\n\n\n<div class=\"wp-block-image\"><figure class=\"alignleft is-resized\"><img decoding=\"async\" src=\"https:\/\/www.lasalle.org\/wp-content\/uploads\/2019\/07\/icon_acrobat.png\" alt=\"\" class=\"wp-image-49761\" width=\"15\" height=\"20\"\/><\/figure><\/div>\n\n\n\n<div class=\"wp-block-file\"><a href=\"https:\/\/www.lasalle.org\/wp-content\/uploads\/2019\/10\/18_fr.pdf\" target=\"_blank\" rel=\"noreferrer noopener\">\u00ab Racines de notre identit\u00e9 \u00bb. &#8211; Fr. Antonio Botana<\/a><a href=\"https:\/\/www.lasalle.org\/wp-content\/uploads\/2019\/10\/18_fr.pdf\" class=\"fusion-button-default fusion-button-default-size wp-block-file__button\" download>  T\u00e9l\u00e9charger<\/a><\/div>\n\n\n\n<div class=\"wp-block-image\"><figure class=\"alignleft is-resized\"><img decoding=\"async\" src=\"https:\/\/www.lasalle.org\/wp-content\/uploads\/2019\/07\/icon_acrobat.png\" alt=\"\" class=\"wp-image-49761\" width=\"15\" height=\"20\"\/><\/figure><\/div>\n\n\n\n<div class=\"wp-block-file\"><a href=\"https:\/\/www.lasalle.org\/wp-content\/uploads\/2019\/10\/10_fr.pdf\" target=\"_blank\" rel=\"noreferrer noopener\">\u00ab L&rsquo;Identit\u00e9 Lasallienne \u00bb. Des notes pour un atelier. Commission Internationale des Associ\u00e9s<\/a><a href=\"https:\/\/www.lasalle.org\/wp-content\/uploads\/2019\/10\/10_fr.pdf\" class=\"fusion-button-default fusion-button-default-size wp-block-file__button\" download>  T\u00e9l\u00e9charger <\/a><\/div>\n\n\n\n<div class=\"wp-block-image\"><figure class=\"alignleft is-resized\"><img decoding=\"async\" src=\"https:\/\/www.lasalle.org\/wp-content\/uploads\/2019\/07\/icon_acrobat.png\" alt=\"\" class=\"wp-image-49761\" width=\"15\" height=\"20\"\/><\/figure><\/div>\n\n\n\n<div class=\"wp-block-file\"><a href=\"https:\/\/www.lasalle.org\/wp-content\/uploads\/2019\/10\/2003_cpast_fr.pdf\" target=\"_blank\" rel=\"noreferrer noopener\">\u00ab Associ\u00e9s au Dieu des pauvres. Notre vie consacr\u00e9e \u00e0 la lumi\u00e8re du 4e voeu \u00bb. Lettre Pastoral 25-12-2003. &#8211; Fr. \u00c1lvaro Rodr\u00edguez Echeverr\u00eda<\/a><a href=\"https:\/\/www.lasalle.org\/wp-content\/uploads\/2019\/10\/2003_cpast_fr.pdf\" class=\"fusion-button-default fusion-button-default-size wp-block-file__button\" download>  T\u00e9l\u00e9charger<\/a><\/div>\n\n\n\n<div class=\"wp-block-image\"><figure class=\"alignleft is-resized\"><img decoding=\"async\" src=\"https:\/\/www.lasalle.org\/wp-content\/uploads\/2019\/07\/icon_acrobat.png\" alt=\"\" class=\"wp-image-49761\" width=\"15\" height=\"20\"\/><\/figure><\/div>\n\n\n\n<div class=\"wp-block-file\"><a href=\"https:\/\/www.lasalle.org\/wp-content\/uploads\/2019\/10\/reflections12_fr.pdf\" target=\"_blank\" rel=\"noreferrer noopener\">Questions pour guider la r\u00e9flexion en communaut\u00e9 de la Lettre Pastorale 25-12-2003. Fr. \u00c1lvaro Rodr\u00edguez Echeverr\u00eda<\/a><a href=\"https:\/\/www.lasalle.org\/wp-content\/uploads\/2019\/10\/reflections12_fr.pdf\" class=\"fusion-button-default fusion-button-default-size wp-block-file__button\" download>  T\u00e9l\u00e9charger<\/a><\/div>\n\n\n\n<hr class=\"wp-block-separator\"\/>\n\n\n\n<p><strong>Spiritualit\u00e9 lasallienne<\/strong><\/p>\n\n\n\n<div class=\"wp-block-image\"><figure class=\"alignleft is-resized\"><img decoding=\"async\" src=\"https:\/\/www.lasalle.org\/wp-content\/uploads\/2019\/07\/icon_acrobat.png\" alt=\"\" class=\"wp-image-49761\" width=\"15\" height=\"20\"\/><\/figure><\/div>\n\n\n\n<div class=\"wp-block-file\"><a href=\"https:\/\/www.lasalle.org\/wp-content\/uploads\/2019\/10\/12_fr.pdf\" target=\"_blank\" rel=\"noreferrer noopener\">\u00ab L&rsquo;Association \u00e0 la lumi\u00e8re de l&rsquo;\u00c9criture \u00bb. &#8211; Fr. Antonio Botana<\/a><a href=\"https:\/\/www.lasalle.org\/wp-content\/uploads\/2019\/10\/12_fr.pdf\" class=\"fusion-button-default fusion-button-default-size wp-block-file__button\" download> T\u00e9l\u00e9charger <\/a><\/div>\n\n\n\n<hr class=\"wp-block-separator is-style-dots\"\/>\n\n\n\n<div class=\"wp-block-image\"><figure class=\"alignleft is-resized\"><img decoding=\"async\" src=\"https:\/\/www.lasalle.org\/wp-content\/uploads\/2019\/07\/icon_acrobat.png\" alt=\"\" class=\"wp-image-49761\" width=\"15\" height=\"20\"\/><\/figure><\/div>\n\n\n\n<div class=\"wp-block-file\"><a href=\"https:\/\/www.lasalle.org\/wp-content\/uploads\/2019\/10\/18_fr-1.pdf\" target=\"_blank\" rel=\"noreferrer noopener\">\u00ab Racines de notre identit\u00e9 \u00bb. &#8211; Fr. Antonio Botana<\/a><a href=\"https:\/\/www.lasalle.org\/wp-content\/uploads\/2019\/10\/18_fr-1.pdf\" class=\"fusion-button-default fusion-button-default-size wp-block-file__button\" download>T\u00e9l\u00e9charger<\/a><\/div>\n\n\n\n<hr class=\"wp-block-separator\"\/>\n\n\n\n<p><strong>Le V\u0153u d&rsquo;association<\/strong><\/p>\n\n\n\n<div class=\"wp-block-image\"><figure class=\"alignleft is-resized\"><img decoding=\"async\" src=\"https:\/\/www.lasalle.org\/wp-content\/uploads\/2019\/07\/icon_acrobat.png\" alt=\"\" class=\"wp-image-49761\" width=\"15\" height=\"20\"\/><\/figure><\/div>\n\n\n\n<div class=\"wp-block-file\"><a href=\"https:\/\/www.lasalle.org\/wp-content\/uploads\/2019\/10\/25_fr.pdf\" target=\"_blank\" rel=\"noreferrer noopener\">\u00ab Le V\u0153u d&rsquo;Association, coeur de l&rsquo;identit\u00e9 du Fr\u00e8re \u00bb. &#8211; Fr. Antonio Botana<\/a><a href=\"https:\/\/www.lasalle.org\/wp-content\/uploads\/2019\/10\/25_fr.pdf\" class=\"fusion-button-default fusion-button-default-size wp-block-file__button\" download> T\u00e9l\u00e9charger <\/a><\/div>\n\n\n\n<hr class=\"wp-block-separator is-style-dots\"\/>\n\n\n\n<div class=\"wp-block-image\"><figure class=\"alignleft is-resized\"><img decoding=\"async\" src=\"https:\/\/www.lasalle.org\/wp-content\/uploads\/2019\/07\/icon_acrobat.png\" alt=\"\" class=\"wp-image-49761\" width=\"15\" height=\"20\"\/><\/figure><\/div>\n\n\n\n<div class=\"wp-block-file\"><a href=\"https:\/\/www.lasalle.org\/wp-content\/uploads\/2019\/10\/02_fr.pdf\" target=\"_blank\" rel=\"noreferrer noopener\">\u00ab Mieux comprendre l&rsquo;Association lasallienne \u00bb.  &#8211; Fr. Michel Sauvage <\/a><a href=\"https:\/\/www.lasalle.org\/wp-content\/uploads\/2019\/10\/02_fr.pdf\" class=\"fusion-button-default fusion-button-default-size wp-block-file__button\" download> T\u00e9l\u00e9charger <\/a><\/div>\n\n\n\n<hr class=\"wp-block-separator is-style-dots\"\/>\n\n\n\n<div class=\"wp-block-image\"><figure class=\"alignleft is-resized\"><img decoding=\"async\" src=\"https:\/\/www.lasalle.org\/wp-content\/uploads\/2019\/07\/icon_acrobat.png\" alt=\"\" class=\"wp-image-49761\" width=\"15\" height=\"20\"\/><\/figure><\/div>\n\n\n\n<div class=\"wp-block-file\"><a href=\"https:\/\/www.lasalle.org\/wp-content\/uploads\/2019\/10\/05_fr.pdf\" target=\"_blank\" rel=\"noreferrer noopener\">\u00ab Le v\u0153u d&rsquo;Association : le v\u0153u qui s&rsquo;\u00e9tait perdu et qu&rsquo;on a retrouv\u00e9 \u00bb. Fr. Jean-Louis Shneider<\/a><a href=\"https:\/\/www.lasalle.org\/wp-content\/uploads\/2019\/10\/05_fr.pdf\" class=\"fusion-button-default fusion-button-default-size wp-block-file__button\" download> T\u00e9l\u00e9charger <\/a><\/div>\n\n\n\n<hr class=\"wp-block-separator\"\/>\n\n\n\n<p><strong>\u00c9tudes<\/strong><\/p>\n\n\n\n<div class=\"wp-block-image\"><figure class=\"alignleft is-resized\"><img decoding=\"async\" src=\"https:\/\/www.lasalle.org\/wp-content\/uploads\/2019\/07\/icon_acrobat.png\" alt=\"\" class=\"wp-image-49761\" width=\"15\" height=\"20\"\/><\/figure><\/div>\n\n\n\n<div class=\"wp-block-file\"><a href=\"https:\/\/www.lasalle.org\/wp-content\/uploads\/2019\/10\/21_fr.pdf\" target=\"_blank\" rel=\"noreferrer noopener\">\u00ab Aspects canoniques de l&rsquo;Association \u00bb. &#8211; Fr. Antonio Botana<\/a><a href=\"https:\/\/www.lasalle.org\/wp-content\/uploads\/2019\/10\/21_fr.pdf\" class=\"fusion-button-default fusion-button-default-size wp-block-file__button\" download> T\u00e9l\u00e9charger  <\/a><\/div>\n\n\n\n<hr class=\"wp-block-separator is-style-dots\"\/>\n\n\n\n<div class=\"wp-block-image\"><figure class=\"alignleft is-resized\"><img decoding=\"async\" src=\"https:\/\/www.lasalle.org\/wp-content\/uploads\/2019\/07\/icon_acrobat.png\" alt=\"\" class=\"wp-image-49761\" width=\"15\" height=\"20\"\/><\/figure><\/div>\n\n\n\n<div class=\"wp-block-file\"><a href=\"https:\/\/www.lasalle.org\/wp-content\/uploads\/2019\/10\/27_fr.pdf\" target=\"_blank\" rel=\"noreferrer noopener\">\u00ab Dynamismes associatifs pour un Centre lasallien \u00bb. &#8211; Hno. Antonio Botana<\/a><a href=\"https:\/\/www.lasalle.org\/wp-content\/uploads\/2019\/10\/27_fr.pdf\" class=\"fusion-button-default fusion-button-default-size wp-block-file__button\" download> T\u00e9l\u00e9charger  <\/a><\/div>\n\n\n\n<hr class=\"wp-block-separator is-style-dots\"\/>\n\n\n\n<div class=\"wp-block-image\"><figure class=\"alignleft is-resized\"><img decoding=\"async\" src=\"https:\/\/www.lasalle.org\/wp-content\/uploads\/2019\/07\/icon_acrobat.png\" alt=\"\" class=\"wp-image-49761\" width=\"15\" height=\"20\"\/><\/figure><\/div>\n\n\n\n<div class=\"wp-block-file\"><a href=\"https:\/\/www.lasalle.org\/wp-content\/uploads\/2019\/10\/16_fr.pdf\" target=\"_blank\" rel=\"noreferrer noopener\">\u00ab Le partenariat et l&rsquo;Association \u00bb. Synt\u00e8se. Canada Francophone, District<\/a><a href=\"https:\/\/www.lasalle.org\/wp-content\/uploads\/2019\/10\/16_fr.pdf\" class=\"fusion-button-default fusion-button-default-size wp-block-file__button\" download> T\u00e9l\u00e9charger  <\/a><\/div>\n\n\n\n<hr class=\"wp-block-separator is-style-dots\"\/>\n\n\n\n<div class=\"wp-block-image\"><figure class=\"alignleft is-resized\"><img decoding=\"async\" src=\"https:\/\/www.lasalle.org\/wp-content\/uploads\/2019\/07\/icon_acrobat.png\" alt=\"\" class=\"wp-image-49761\" width=\"15\" height=\"20\"\/><\/figure><\/div>\n\n\n\n<div class=\"wp-block-file\"><a href=\"https:\/\/www.lasalle.org\/wp-content\/uploads\/2019\/10\/09_fr.pdf\" target=\"_blank\" rel=\"noreferrer noopener\">\u00ab Association et Communion. Une lecture de Jean Baptiste de La Salle \u00bb &#8211; Fr. G\u00e9rard Oustric<\/a><a href=\"https:\/\/www.lasalle.org\/wp-content\/uploads\/2019\/10\/09_fr.pdf\" class=\"fusion-button-default fusion-button-default-size wp-block-file__button\" download> T\u00e9l\u00e9charger  <\/a><\/div>\n\n\n\n<hr class=\"wp-block-separator\"\/>\n\n\n<p><\/p>\n<p><strong>\u00c9tudes<br><\/strong><a href=\"http:\/\/www.lasalle.org\/wp-content\/uploads\/pdf\/fam_lasaliana\/estudios\/21_fr.pdf\">\u00ab Aspects canoniques de l&rsquo;Association \u00bb. <\/a> &#8211; Fr. Antonio Botana<br><a href=\"http:\/\/www.lasalle.org\/wp-content\/uploads\/pdf\/fam_lasaliana\/estudios\/27_fr.pdf\">\u00ab Dynamismes associatifs pour un Centre lasallien \u00bb. <\/a> &#8211; Hno. Antonio Botana<br><a href=\"http:\/\/www.lasalle.org\/wp-content\/uploads\/pdf\/fam_lasaliana\/estudios\/16_fr.pdf\">\u00ab Le partenariat et l&rsquo;Association \u00bb. Synt\u00e8se. <\/a>Canada Francophone, District<br><a href=\"http:\/\/www.lasalle.org\/wp-content\/uploads\/pdf\/fam_lasaliana\/estudios\/09_fr.pdf\">\u00ab Association et Communion. Une lecture de Jean Baptiste de La Salle \u00bb <\/a> &#8211; Fr. G\u00e9rard Oustric<\/p>","protected":false},"excerpt":{"rendered":"<p>CHEMINER ENSEMBLELa vie de La Salle \u00e0 travers le regard  [&#8230;]<\/p>\n","protected":false},"author":13,"featured_media":0,"parent":10805,"menu_order":0,"comment_status":"open","ping_status":"closed","template":"","meta":{"_tec_requires_first_save":true,"_monsterinsights_skip_tracking":false,"_monsterinsights_sitenote_active":false,"_monsterinsights_sitenote_note":"","_monsterinsights_sitenote_category":0,"_EventAllDay":false,"_EventTimezone":"","_EventStartDate":"","_EventEndDate":"","_EventStartDateUTC":"","_EventEndDateUTC":"","_EventShowMap":false,"_EventShowMapLink":false,"_EventURL":"","_EventCost":"","_EventCostDescription":"","_EventCurrencySymbol":"","_EventCurrencyCode":"","_EventCurrencyPosition":"","_EventDateTimeSeparator":"","_EventTimeRangeSeparator":"","_EventOrganizerID":[],"_EventVenueID":[],"_OrganizerEmail":"","_OrganizerPhone":"","_OrganizerWebsite":"","_VenueAddress":"","_VenueCity":"","_VenueCountry":"","_VenueProvince":"","_VenueState":"","_VenueZip":"","_VenuePhone":"","_VenueURL":"","_VenueStateProvince":"","_VenueLat":"","_VenueLng":"","_VenueShowMap":false,"_VenueShowMapLink":false,"_tribe_blocks_recurrence_rules":"","_tribe_blocks_recurrence_description":"","_tribe_blocks_recurrence_exclusions":"","footnotes":""},"class_list":["post-10608","page","type-page","status-publish","hentry"],"_links":{"self":[{"href":"https:\/\/www.lasalle.org\/fr\/wp-json\/wp\/v2\/pages\/10608","targetHints":{"allow":["GET"]}}],"collection":[{"href":"https:\/\/www.lasalle.org\/fr\/wp-json\/wp\/v2\/pages"}],"about":[{"href":"https:\/\/www.lasalle.org\/fr\/wp-json\/wp\/v2\/types\/page"}],"author":[{"embeddable":true,"href":"https:\/\/www.lasalle.org\/fr\/wp-json\/wp\/v2\/users\/13"}],"replies":[{"embeddable":true,"href":"https:\/\/www.lasalle.org\/fr\/wp-json\/wp\/v2\/comments?post=10608"}],"version-history":[{"count":5,"href":"https:\/\/www.lasalle.org\/fr\/wp-json\/wp\/v2\/pages\/10608\/revisions"}],"predecessor-version":[{"id":71925,"href":"https:\/\/www.lasalle.org\/fr\/wp-json\/wp\/v2\/pages\/10608\/revisions\/71925"}],"up":[{"embeddable":true,"href":"https:\/\/www.lasalle.org\/fr\/wp-json\/wp\/v2\/pages\/10805"}],"wp:attachment":[{"href":"https:\/\/www.lasalle.org\/fr\/wp-json\/wp\/v2\/media?parent=10608"}],"curies":[{"name":"wp","href":"https:\/\/api.w.org\/{rel}","templated":true}]}}