{"id":10613,"date":"2018-12-10T13:41:28","date_gmt":"2018-12-10T13:41:28","guid":{"rendered":"http:\/\/lasalle.vl20054.dinaserver.com\/revue-numerique\/"},"modified":"2018-12-10T13:41:28","modified_gmt":"2018-12-10T13:41:28","slug":"revue-numerique","status":"publish","type":"page","link":"https:\/\/www.lasalle.org\/fr\/publications\/revue-numerique\/","title":{"rendered":"Revue Num\u00e9rique"},"content":{"rendered":"<p><img decoding=\"async\" class=\"alignnone\" alt=\"\" src=\"http:\/\/revista_roma.delasalle.edu.mx\/images\/logo_int_fr.jpg\" width=\"386\" height=\"74\" \/><\/p>\n<p>&nbsp;<\/p>\n<p>Il y\u00a0 a plus de trois cents ans, \u00e0 Reims (France), un jeune pr\u00eatre , appel\u00e9 Jean Baptiste de La Salle, impressionn\u00e9 par la\u00a0 situation de\u00a0 pauvret\u00e9 et\u00a0 de\u00a0 marginalisation des\u00a0 enfants et des jeunes de sa ville, lan\u00e7a un parcours de formation et d\u2019accompagnement pour un groupe de ma\u00eetres , avec lesquels\u00a0 il s\u2019associa quelques ann\u00e9es plus tard\u00a0 pour\u00a0 diriger ensemble un r\u00e9seau d\u2019\u00e9coles\u00a0 au service des plus pauvres.<\/p>\n<p align=\"justify\">Tout en\u00a0 livrant\u00a0 son propre t\u00e9moignage, La Salle ne\u00a0 cessa\u00a0 de se laisser interpeller face \u00e0 une r\u00e9alit\u00e9 \u00e9ducative difficile, prenante\u00a0 et\u00a0comme un d\u00e9fi \u00e0 relever. Il\u00a0 vit en elle la pr\u00e9sence de Dieu qui\u00a0 \u00e9tait pour lui quotidienne\u00a0 et qui l\u2019invitait \u00e0 plus. Aussi, conscient de participer au projet de salut de Dieu qui veut\u00a0 que tous les hommes soient\u00a0 sauv\u00e9s et parviennent \u00e0 la connaissance de la v\u00e9rit\u00e9 (I Tim 2,4) \u2013 il\u00a0 prit\u00a0 tous les moyens pour que l\u2019\u00e9cole f\u00fbt\u00a0 une r\u00e9ponse efficace dans une soci\u00e9t\u00e9 assoiff\u00e9e de r\u00e9ponses.<\/p>\n<p align=\"justify\">Aujourd\u2019hui, h\u00e9ritiers\u00a0 de cette tradition p\u00e9dagogique et spirituelle, engag\u00e9s\u00a0 dans le domaine de l\u2019\u00e9ducation dans le monde entier, les Lasalliens nous voulons\u00a0 continuer \u00e0 \u00e9couter les appels d\u2019une r\u00e9alit\u00e9 qui nous interroge comme \u00e9ducateurs.\u00a0 \u00c0 cet effet\u00a0\u00a0 nous nous livrons \u00e0 l\u2019exercice de la recherche\u00a0 comme\u00a0 une r\u00e9ponse aux d\u00e9fis\u00a0 que\u00a0 nous pose le XXI\u00e8me\u00a0si\u00e8cle. Cette Revue veut recueillir cet effort,\u00a0en collaborant \u00e0 la construction d\u2019 une pens\u00e9e lasallienne qui\u00a0 se pr\u00e9sente au\u00a0 monde acad\u00e9mique comme\u00a0 une\u00a0 alternative de discussion des probl\u00e8mes de l\u2019\u00e9ducation \u00e0 partir d\u2019un horizon transcendant.<\/p>\n<p>&nbsp;<\/p>\n<p align=\"justify\">Dr. Diego A. Mu\u00f1oz Le\u00f3n fsc<br \/>\nEditeur<\/p>\n<p>&#8211; <a href=\"http:\/\/revista_roma.delasalle.edu.mx\/index.php?lan=fr\" target=\"_blank\">Revue Num\u00e9rique de Recherche Lasallienne<\/a><\/p>\n","protected":false},"excerpt":{"rendered":"<p>&nbsp; Il y\u00a0 a plus de trois cents ans, \u00e0  [&#8230;]<\/p>\n","protected":false},"author":13,"featured_media":0,"parent":10805,"menu_order":0,"comment_status":"open","ping_status":"closed","template":"","meta":{"_tec_requires_first_save":true,"_monsterinsights_skip_tracking":false,"_monsterinsights_sitenote_active":false,"_monsterinsights_sitenote_note":"","_monsterinsights_sitenote_category":0,"_EventAllDay":false,"_EventTimezone":"","_EventStartDate":"","_EventEndDate":"","_EventStartDateUTC":"","_EventEndDateUTC":"","_EventShowMap":false,"_EventShowMapLink":false,"_EventURL":"","_EventCost":"","_EventCostDescription":"","_EventCurrencySymbol":"","_EventCurrencyCode":"","_EventCurrencyPosition":"","_EventDateTimeSeparator":"","_EventTimeRangeSeparator":"","_EventOrganizerID":[],"_EventVenueID":[],"_OrganizerEmail":"","_OrganizerPhone":"","_OrganizerWebsite":"","_VenueAddress":"","_VenueCity":"","_VenueCountry":"","_VenueProvince":"","_VenueState":"","_VenueZip":"","_VenuePhone":"","_VenueURL":"","_VenueStateProvince":"","_VenueLat":"","_VenueLng":"","_VenueShowMap":false,"_VenueShowMapLink":false,"_tribe_blocks_recurrence_rules":"","_tribe_blocks_recurrence_description":"","_tribe_blocks_recurrence_exclusions":"","footnotes":""},"class_list":["post-10613","page","type-page","status-publish","hentry"],"_links":{"self":[{"href":"https:\/\/www.lasalle.org\/fr\/wp-json\/wp\/v2\/pages\/10613","targetHints":{"allow":["GET"]}}],"collection":[{"href":"https:\/\/www.lasalle.org\/fr\/wp-json\/wp\/v2\/pages"}],"about":[{"href":"https:\/\/www.lasalle.org\/fr\/wp-json\/wp\/v2\/types\/page"}],"author":[{"embeddable":true,"href":"https:\/\/www.lasalle.org\/fr\/wp-json\/wp\/v2\/users\/13"}],"replies":[{"embeddable":true,"href":"https:\/\/www.lasalle.org\/fr\/wp-json\/wp\/v2\/comments?post=10613"}],"version-history":[{"count":0,"href":"https:\/\/www.lasalle.org\/fr\/wp-json\/wp\/v2\/pages\/10613\/revisions"}],"up":[{"embeddable":true,"href":"https:\/\/www.lasalle.org\/fr\/wp-json\/wp\/v2\/pages\/10805"}],"wp:attachment":[{"href":"https:\/\/www.lasalle.org\/fr\/wp-json\/wp\/v2\/media?parent=10613"}],"curies":[{"name":"wp","href":"https:\/\/api.w.org\/{rel}","templated":true}]}}