{"id":10688,"date":"2018-12-10T13:46:19","date_gmt":"2018-12-10T13:46:19","guid":{"rendered":"http:\/\/lasalle.vl20054.dinaserver.com\/etudes-lasalliennes\/"},"modified":"2026-03-11T15:31:06","modified_gmt":"2026-03-11T14:31:06","slug":"etudes-lasalliennes","status":"publish","type":"page","link":"https:\/\/www.lasalle.org\/fr\/publications\/etudes-lasalliennes\/","title":{"rendered":"\u00c9tudes Lasalliennes"},"content":{"rendered":"<div class=\"fusion-fullwidth fullwidth-box fusion-builder-row-1 fusion-flex-container has-pattern-background has-mask-background nonhundred-percent-fullwidth non-hundred-percent-height-scrolling\" style=\"--awb-border-radius-top-left:0px;--awb-border-radius-top-right:0px;--awb-border-radius-bottom-right:0px;--awb-border-radius-bottom-left:0px;--awb-flex-wrap:wrap;\" ><div class=\"fusion-builder-row fusion-row fusion-flex-align-items-flex-start fusion-flex-content-wrap\" style=\"max-width:1248px;margin-left: calc(-4% \/ 2 );margin-right: calc(-4% \/ 2 );\"><div class=\"fusion-layout-column fusion_builder_column fusion-builder-column-0 fusion_builder_column_3_4 3_4 fusion-flex-column\" style=\"--awb-bg-size:cover;--awb-width-large:75%;--awb-margin-top-large:0px;--awb-spacing-right-large:2.56%;--awb-margin-bottom-large:20px;--awb-spacing-left-large:2.56%;--awb-width-medium:75%;--awb-order-medium:0;--awb-spacing-right-medium:2.56%;--awb-spacing-left-medium:2.56%;--awb-width-small:100%;--awb-order-small:0;--awb-spacing-right-small:1.92%;--awb-spacing-left-small:1.92%;\"><div class=\"fusion-column-wrapper fusion-column-has-shadow fusion-flex-justify-content-flex-start fusion-content-layout-column\"><div class=\"fusion-title title fusion-title-1 sep-underline sep-solid fusion-title-text fusion-title-size-two\" style=\"--awb-text-color:var(--awb-custom17);--awb-sep-color:var(--awb-custom17);--awb-font-size:22px;\"><h2 class=\"fusion-title-heading title-heading-left\" style=\"margin:0;font-size:1em;\">\u00c9tudes Lasalliennes<\/h2><\/div><div class=\"fusion-text fusion-text-1\"><p><strong><em>Cette collection, non p\u00e9riodique, vise l\u2019approfondissement et la diffusion de la tradition vivante issue de saint Jean-Baptiste de La Salle ; elle pourra couvrir les domaines divers du monde lasallien : \u00e9ducation et cat\u00e9ch\u00e8se, p\u00e9dagogie et spiritualit\u00e9, soci\u00e9t\u00e9 et \u00c9glise, histoire et interrogations\u2026<\/em><\/strong><\/p>\n<\/div><ul style=\"--awb-line-height:27.2px;--awb-icon-width:27.2px;--awb-icon-height:27.2px;--awb-icon-margin:11.2px;--awb-content-margin:38.4px;--awb-circlecolor:var(--awb-custom17);--awb-circle-yes-font-size:14.08px;\" class=\"fusion-checklist fusion-checklist-1 fusion-checklist-default type-icons\"><li class=\"fusion-li-item\" style=\"\"><span class=\"icon-wrapper circle-yes\"><i class=\"fusion-li-icon fa-file far\" aria-hidden=\"true\"><\/i><\/span><div class=\"fusion-li-item-content\">\n<p><strong>\u00c9tudes Lasalliennes 1<\/strong><br \/>\n<strong>Les temps de la s\u00e9cularisation, 1904-1914<br \/>\n<\/strong>Rome, 1991, 307 pp.<br \/>\nGeorges RIGAULT<\/p>\n<\/div><\/li><li class=\"fusion-li-item\" style=\"\"><span class=\"icon-wrapper circle-yes\"><i class=\"fusion-li-icon fa-file far\" aria-hidden=\"true\"><\/i><\/span><div class=\"fusion-li-item-content\">\n<p><strong>\u00c9tudes Lasalliennes 2<\/strong><br \/>\n<strong>Les temps de la s\u00e9cularisation, 1904-1914. Notes et R\u00e9flexions<br \/>\n<\/strong>Rome, 1991, 206 pp.<br \/>\nDivers<\/p>\n<\/div><\/li><li class=\"fusion-li-item\" style=\"\"><span class=\"icon-wrapper circle-yes\"><i class=\"fusion-li-icon fa-file far\" aria-hidden=\"true\"><\/i><\/span><div class=\"fusion-li-item-content\">\n<p><strong>\u00c9tudes Lasalliennes 3<br \/>\n<\/strong><strong>Les temps de la s\u00e9cularisation, 1904-1914. La liquidation des biens de la Congr\u00e9gation des Fr\u00e8res des \u00c9coles chr\u00e9tiennes<br \/>\n<\/strong>Rome, 1992, 272 pp.<br \/>\nRobert TRONCHOT, FSC<\/p>\n<\/div><\/li><li class=\"fusion-li-item\" style=\"\"><span class=\"icon-wrapper circle-yes\"><i class=\"fusion-li-icon fa-file far\" aria-hidden=\"true\"><\/i><\/span><div class=\"fusion-li-item-content\">\n<p><strong>\u00c9tudes Lasalliennes 4<\/strong><br \/>\n<strong>Tres siglos de identidad lasaliana : la relaci\u00f3n misi\u00f3n-espiritualidad a lo largo de la historia FSC<br \/>\n<\/strong>Rome, 1994, 395 pp. (traduite en anglais en 1998 et en fran\u00e7ais en 1999)<br \/>\nPedro Ma GIL, FSC<\/p>\n<\/div><\/li><li class=\"fusion-li-item\" style=\"\"><span class=\"icon-wrapper circle-yes\"><i class=\"fusion-li-icon fa-file far\" aria-hidden=\"true\"><\/i><\/span><div class=\"fusion-li-item-content\">\n<p><strong>\u00c9tudes Lasalliennes 5<\/strong><br \/>\n<strong>Iniciaci\u00f3n a la historia del Instituto de los Hermanos de las Escuelas Cristianas, Or\u00edgenes : 1651-1726<br \/>\n<\/strong>Roma, 1998, 207 pp. (original en fran\u00e7ais en 1994, traduit en anglais en 1998)<br \/>\nHenri B\u00c9DEL, FSC<\/p>\n<\/div><\/li><li class=\"fusion-li-item\" style=\"\"><span class=\"icon-wrapper circle-yes\"><i class=\"fusion-li-icon fa-file far\" aria-hidden=\"true\"><\/i><\/span><div class=\"fusion-li-item-content\">\n<p><strong>\u00c9tudes Lasalliennes 6<br \/>\nIniciaci\u00f3n a la historia del Instituto de los Hermanos de las Escuelas Cristianas, El siglo XVIII: 1726-1804<\/strong><br \/>\nRoma, 2002, 260 pp. (original en fran\u00e7ais en 1997, traduit en anglais en 1998)<br \/>\nHenri B\u00c9DEL, FSC<\/p>\n<\/div><\/li><li class=\"fusion-li-item\" style=\"\"><span class=\"icon-wrapper circle-yes\"><i class=\"fusion-li-icon fa-file far\" aria-hidden=\"true\"><\/i><\/span><div class=\"fusion-li-item-content\">\n<p><strong>\u00c9tudes Lasalliennes 7<\/strong><br \/>\n<strong>El Instituto al servicio educativo de los pobres<br \/>\n<\/strong>Roma, 2000, 470 pp. (traduit en fran\u00e7ais et en anglais en 2000)<br \/>\nBruno ALPAGO, FSC<\/p>\n<\/div><\/li><li class=\"fusion-li-item\" style=\"\"><span class=\"icon-wrapper circle-yes\"><i class=\"fusion-li-icon fa-file far\" aria-hidden=\"true\"><\/i><\/span><div class=\"fusion-li-item-content\">\n<p><strong>\u00c9tudes Lasalliennes 8<\/strong><br \/>\n<strong>Vie religieuse la\u00efque et vocation de Fr\u00e8re<br \/>\n<\/strong>Rome, 2001, 313 pp. (traduit en espagnol, Colombia 2003, 364 pp.)<br \/>\nMichel SAUVAGE, FSC<\/p>\n<\/div><\/li><li class=\"fusion-li-item\" style=\"\"><span class=\"icon-wrapper circle-yes\"><i class=\"fusion-li-icon fa-file far\" aria-hidden=\"true\"><\/i><\/span><div class=\"fusion-li-item-content\">\n<p><strong>\u00c9tudes Lasalliennes 9<\/strong><br \/>\n<strong>Initiation \u00e0 l\u2019histoire de l\u2019Institut des Fr\u00e8res des \u00c9coles chr\u00e9tiennes, le XIXe si\u00e8cle : 1805-1875<br \/>\n<\/strong>Roma, 2004, 213 pp. (traduit en espagnol et en anglais en 2006)<br \/>\nHenri B\u00c9DEL, FSC<\/p>\n<\/div><\/li><li class=\"fusion-li-item\" style=\"\"><span class=\"icon-wrapper circle-yes\"><i class=\"fusion-li-icon fa-file far\" aria-hidden=\"true\"><\/i><\/span><div class=\"fusion-li-item-content\">\n<p><strong>\u00c9tudes Lasalliennes 10<\/strong><br \/>\n<strong>La Vie religieuse: esprit et structure. Recueil d\u2019articles<\/strong><br \/>\nRome, 2002, 175 pp.<br \/>\nMichel SAUVAGE, FSC<\/p>\n<\/div><\/li><li class=\"fusion-li-item\" style=\"\"><span class=\"icon-wrapper circle-yes\"><i class=\"fusion-li-icon fa-file-pdf far\" aria-hidden=\"true\"><\/i><\/span><div class=\"fusion-li-item-content\">\n<p><strong>\u00c9tudes Lasalliennes 11<\/strong><br \/>\n<strong>Initiation \u00e0 l\u2019histoire de l\u2019Institut des Fr\u00e8res des \u00c9coles chr\u00e9tiennes, XIX\u00e8me-XX\u00e8me s. : 1875-1928<\/strong><br \/>\nRoma, 2006, 300 pp. (traduit en espagnol en 2006 et en anglais en 2008)<br \/>\nHenri B\u00c9DEL, FSC<br \/>\n<a href=\"https:\/\/www.lasalle.org\/wp-content\/uploads\/2019\/09\/%C3%89tudes-Lasalliennes-11.pdf\" target=\"_blank\" rel=\"noreferrer noopener\">\u00c9tudes Lasalliennes 11<\/a><\/p>\n<\/div><\/li><li class=\"fusion-li-item\" style=\"\"><span class=\"icon-wrapper circle-yes\"><i class=\"fusion-li-icon fa-file-pdf far\" aria-hidden=\"true\"><\/i><\/span><div class=\"fusion-li-item-content\">\n<p><strong>\u00c9tudes Lasalliennes\u00a012<\/strong><br \/>\n<strong>Initiation \u00e0 l\u2019histoire de l\u2019Institut des Fr\u00e8res des \u00c9coles chr\u00e9tiennes, XIX\u00e8me-XX\u00e8me s. : 1875-1928<br \/>\n<\/strong>Roma, 2008, 143 pp. (traduit en anglais en 2008)<br \/>\n<a href=\"https:\/\/www.lasalle.org\/wp-content\/uploads\/2019\/09\/%C3%89tudes-Lasalliennes-12.pdf\" target=\"_blank\" rel=\"noreferrer noopener\">\u00c9tudes Lasalliennes 12<\/a><\/p>\n<\/div><\/li><li class=\"fusion-li-item\" style=\"\"><span class=\"icon-wrapper circle-yes\"><i class=\"fusion-li-icon fa-file-pdf far\" aria-hidden=\"true\"><\/i><\/span><div class=\"fusion-li-item-content\">\n<p><strong>\u00c9tudes Lasalliennes 13<br \/>\nLe Charisme Lasallien<\/strong><br \/>\nRoma, 2005, 278 pp.<br \/>\n(traduit en anglais en 2006)<br \/>\nConseil International \u00c9tudes Lasalliennes<br \/>\n<a href=\"https:\/\/www.lasalle.org\/wp-content\/uploads\/2019\/09\/%C3%89tudes-Lasalliennes-13.pdf\" target=\"_blank\" rel=\"noreferrer noopener\">\u00c9tudes Lasalliennes 13<\/a><\/p>\n<\/div><\/li><li class=\"fusion-li-item\" style=\"\"><span class=\"icon-wrapper circle-yes\"><i class=\"fusion-li-icon fa-file far\" aria-hidden=\"true\"><\/i><\/span><div class=\"fusion-li-item-content\">\n<p><strong>\u00c9tudes Lasalliennes 14<\/strong><br \/>\n<strong>Consagraci\u00f3n y audacia. La Comisi\u00f3n Internacional de los Votos (1971-1976)<br \/>\n<\/strong>Roma, 2007, 318 pp. (uniquement en espagnol)<br \/>\nJosean VILLALABEITIA, FSC<\/p>\n<\/div><\/li><li class=\"fusion-li-item\" style=\"\"><span class=\"icon-wrapper circle-yes\"><i class=\"fusion-li-icon fa-file far\" aria-hidden=\"true\"><\/i><\/span><div class=\"fusion-li-item-content\">\n<p><strong>\u00c9tudes Lasalliennes 15<br \/>\n<\/strong><strong>Un falso dilema, I. \u00bfReligioso o maestro?<br \/>\n<\/strong>Roma, 2008, 286 pp. (uniquement en espagnol)<br \/>\nJosean VILLALABEITIA, FSC<\/p>\n<\/div><\/li><li class=\"fusion-li-item\" style=\"\"><span class=\"icon-wrapper circle-yes\"><i class=\"fusion-li-icon fa-file far\" aria-hidden=\"true\"><\/i><\/span><div class=\"fusion-li-item-content\">\n<p><strong>\u00c9tudes Lasalliennes 16<\/strong><br \/>\n<strong>Un falso dilema, II. La respuesta capitular<\/strong><br \/>\nRoma, 2008, 264 pp. (uniquement en espagnol)<br \/>\nJosean VILLALABEITIA, FSC<\/p>\n<\/div><\/li><li class=\"fusion-li-item\" style=\"\"><span class=\"icon-wrapper circle-yes\"><i class=\"fusion-li-icon fa-file-pdf far\" aria-hidden=\"true\"><\/i><\/span><div class=\"fusion-li-item-content\">\n<p><strong>\u00c9tudes Lasalliennes 17<\/strong><br \/>\n<strong>Que l\u2019\u00e9cole aille toujours bien<br \/>\n<\/strong>Roma, 2013<br \/>\nPedro Ma Gil et Diego Mu\u00f1oz \u00c9diteurs<br \/>\n<a href=\"https:\/\/www.lasalle.org\/wp-content\/uploads\/2019\/09\/%C3%89tudesLasalliennes17_fra1.pdf\" target=\"_blank\" rel=\"noreferrer noopener\">\u00c9tudes Lasalliennes 17<\/a><\/p>\n<\/div><\/li><li class=\"fusion-li-item\" style=\"\"><span class=\"icon-wrapper circle-yes\"><i class=\"fusion-li-icon fa-file-pdf far\" aria-hidden=\"true\"><\/i><\/span><div class=\"fusion-li-item-content\">\n<p><strong>\u00c9tudes Lasalliennes 18<br \/>\n<\/strong><strong>L\u2019esp\u00e9rance fragile d\u2019un t\u00e9moin L\u2019itin\u00e9raire du F. Michel Sauvage\u00a0(1923-2001)<\/strong><br \/>\nMichel Sauvage et Miguel Campos avec la collaboration de : Robert Comte, Paul Grass, Diego Mu\u00f1oz<br \/>\n<a href=\"https:\/\/www.lasalle.org\/wp-content\/uploads\/2019\/09\/%C3%89tudesLasalliennes18_versione_online.pdf\" target=\"_blank\" rel=\"noreferrer noopener\">\u00c9tudes Lasalliennes 18<\/a><\/p>\n<\/div><\/li><li class=\"fusion-li-item\" style=\"\"><span class=\"icon-wrapper circle-yes\"><i class=\"fusion-li-icon fa-file-pdf far\" aria-hidden=\"true\"><\/i><\/span><div class=\"fusion-li-item-content\">\n<p><strong>\u00c9tudes Lasalliennes 19<br \/>\n<\/strong><strong>D\u2019une communaut\u00e9 \u00e0 l\u2019autre<\/strong><br \/>\nPedro Mar\u00eda Gil<br \/>\n<a href=\"https:\/\/www.lasalle.org\/wp-content\/uploads\/2026\/02\/I-FR-Estudios-Lasalianos-19_I.pdf\" target=\"_blank\" rel=\"noopener\">\u00c9tudes Lasalliennes 19 &#8211; Un si\u00e8cle de signes<\/a><br \/>\n<a href=\"https:\/\/www.lasalle.org\/wp-content\/uploads\/2026\/02\/II-FR-Estudios-Lasalianos-19_II.pdf\" target=\"_blank\" rel=\"noopener\">\u00c9tudes Lasalliennes 19 &#8211; L&rsquo;architecture int\u00e9rieure<\/a><\/p>\n<\/div><\/li><\/ul><div class=\"fusion-separator fusion-full-width-sep\" style=\"align-self: center;margin-left: auto;margin-right: auto;margin-top:15px;margin-bottom:15px;width:100%;\"><div class=\"fusion-separator-border sep-single sep-solid\" style=\"--awb-height:20px;--awb-amount:20px;--awb-sep-color:var(--awb-custom17);border-color:var(--awb-custom17);border-top-width:1px;\"><\/div><\/div><nav class=\"fusion-breadcrumbs fusion-breadcrumbs-1\" style=\"--awb-breadcrumb-sep:&#039;\/&#039;;\" aria-label=\"Breadcrumb\"><ol class=\"awb-breadcrumb-list\"><\/ol><\/nav><\/div><\/div><div class=\"fusion-layout-column fusion_builder_column fusion-builder-column-1 fusion_builder_column_1_4 1_4 fusion-flex-column\" style=\"--awb-bg-size:cover;--awb-width-large:25%;--awb-margin-top-large:0px;--awb-spacing-right-large:7.68%;--awb-margin-bottom-large:20px;--awb-spacing-left-large:7.68%;--awb-width-medium:25%;--awb-order-medium:0;--awb-spacing-right-medium:7.68%;--awb-spacing-left-medium:7.68%;--awb-width-small:100%;--awb-order-small:0;--awb-spacing-right-small:1.92%;--awb-spacing-left-small:1.92%;\"><div class=\"fusion-column-wrapper fusion-column-has-shadow fusion-flex-justify-content-flex-start fusion-content-layout-column\"><div class=\"fusion-title title fusion-title-2 sep-underline sep-solid fusion-title-text fusion-title-size-two\" style=\"--awb-text-color:var(--awb-custom17);--awb-sep-color:var(--awb-custom17);--awb-font-size:22px;\"><h2 class=\"fusion-title-heading title-heading-left\" style=\"margin:0;font-size:1em;\">Derni\u00e8re publication<\/h2><\/div><div class=\"fusion-image-element \" style=\"text-align:center;--awb-caption-title-font-family:var(--h2_typography-font-family);--awb-caption-title-font-weight:var(--h2_typography-font-weight);--awb-caption-title-font-style:var(--h2_typography-font-style);--awb-caption-title-size:var(--h2_typography-font-size);--awb-caption-title-transform:var(--h2_typography-text-transform);--awb-caption-title-line-height:var(--h2_typography-line-height);--awb-caption-title-letter-spacing:var(--h2_typography-letter-spacing);\"><span class=\" fusion-imageframe imageframe-none imageframe-1 hover-type-none\"><a class=\"fusion-no-lightbox\" href=\"https:\/\/www.lasalle.org\/wp-content\/uploads\/2026\/02\/I-FR-Estudios-Lasalianos-19_I.pdf\" target=\"_blank\" aria-label=\"I&#8212;FR-Estudios-Lasalianos-19_I-1\" rel=\"noopener noreferrer\"><img decoding=\"async\" width=\"400\" height=\"568\" src=\"https:\/\/www.lasalle.org\/wp-content\/uploads\/2026\/02\/I-FR-Estudios-Lasalianos-19_I-1.jpg\" alt class=\"img-responsive wp-image-122787\" srcset=\"https:\/\/www.lasalle.org\/wp-content\/uploads\/2026\/02\/I-FR-Estudios-Lasalianos-19_I-1-200x284.jpg 200w, https:\/\/www.lasalle.org\/wp-content\/uploads\/2026\/02\/I-FR-Estudios-Lasalianos-19_I-1.jpg 400w\" sizes=\"(max-width: 640px) 100vw, 400px\" \/><\/a><\/span><\/div><div class=\"fusion-separator fusion-full-width-sep\" style=\"align-self: center;margin-left: auto;margin-right: auto;margin-top:5px;margin-bottom:5px;width:100%;\"><\/div><div class=\"fusion-image-element \" style=\"text-align:center;--awb-caption-title-font-family:var(--h2_typography-font-family);--awb-caption-title-font-weight:var(--h2_typography-font-weight);--awb-caption-title-font-style:var(--h2_typography-font-style);--awb-caption-title-size:var(--h2_typography-font-size);--awb-caption-title-transform:var(--h2_typography-text-transform);--awb-caption-title-line-height:var(--h2_typography-line-height);--awb-caption-title-letter-spacing:var(--h2_typography-letter-spacing);\"><span class=\" fusion-imageframe imageframe-none imageframe-2 hover-type-none\"><a class=\"fusion-no-lightbox\" href=\"https:\/\/www.lasalle.org\/wp-content\/uploads\/2026\/02\/II-FR-Estudios-Lasalianos-19_II.pdf\" target=\"_blank\" aria-label=\"II&#8212;FR-Estudios-Lasalianos-19_II-1\" rel=\"noopener noreferrer\"><img decoding=\"async\" width=\"400\" height=\"568\" src=\"https:\/\/www.lasalle.org\/wp-content\/uploads\/2026\/02\/II-FR-Estudios-Lasalianos-19_II-1.jpg\" alt class=\"img-responsive wp-image-122791\" srcset=\"https:\/\/www.lasalle.org\/wp-content\/uploads\/2026\/02\/II-FR-Estudios-Lasalianos-19_II-1-200x284.jpg 200w, https:\/\/www.lasalle.org\/wp-content\/uploads\/2026\/02\/II-FR-Estudios-Lasalianos-19_II-1.jpg 400w\" sizes=\"(max-width: 640px) 100vw, 400px\" \/><\/a><\/span><\/div><div class=\"fusion-separator fusion-full-width-sep\" style=\"align-self: center;margin-left: auto;margin-right: auto;margin-top:15px;margin-bottom:15px;width:100%;\"><div class=\"fusion-separator-border sep-single sep-solid\" style=\"--awb-height:20px;--awb-amount:20px;--awb-sep-color:var(--awb-custom17);border-color:var(--awb-custom17);border-top-width:1px;\"><\/div><\/div><\/div><\/div><\/div><\/div>\n","protected":false},"excerpt":{"rendered":"","protected":false},"author":13,"featured_media":111680,"parent":10805,"menu_order":0,"comment_status":"open","ping_status":"closed","template":"","meta":{"_tec_requires_first_save":true,"_monsterinsights_skip_tracking":false,"_monsterinsights_sitenote_active":false,"_monsterinsights_sitenote_note":"","_monsterinsights_sitenote_category":0,"_EventAllDay":false,"_EventTimezone":"","_EventStartDate":"","_EventEndDate":"","_EventStartDateUTC":"","_EventEndDateUTC":"","_EventShowMap":false,"_EventShowMapLink":false,"_EventURL":"","_EventCost":"","_EventCostDescription":"","_EventCurrencySymbol":"","_EventCurrencyCode":"","_EventCurrencyPosition":"","_EventDateTimeSeparator":"","_EventTimeRangeSeparator":"","_EventOrganizerID":[],"_EventVenueID":[],"_OrganizerEmail":"","_OrganizerPhone":"","_OrganizerWebsite":"","_VenueAddress":"","_VenueCity":"","_VenueCountry":"","_VenueProvince":"","_VenueState":"","_VenueZip":"","_VenuePhone":"","_VenueURL":"","_VenueStateProvince":"","_VenueLat":"","_VenueLng":"","_VenueShowMap":false,"_VenueShowMapLink":false,"_tribe_blocks_recurrence_rules":"","_tribe_blocks_recurrence_description":"","_tribe_blocks_recurrence_exclusions":"","footnotes":""},"class_list":["post-10688","page","type-page","status-publish","has-post-thumbnail","hentry"],"_links":{"self":[{"href":"https:\/\/www.lasalle.org\/fr\/wp-json\/wp\/v2\/pages\/10688","targetHints":{"allow":["GET"]}}],"collection":[{"href":"https:\/\/www.lasalle.org\/fr\/wp-json\/wp\/v2\/pages"}],"about":[{"href":"https:\/\/www.lasalle.org\/fr\/wp-json\/wp\/v2\/types\/page"}],"author":[{"embeddable":true,"href":"https:\/\/www.lasalle.org\/fr\/wp-json\/wp\/v2\/users\/13"}],"replies":[{"embeddable":true,"href":"https:\/\/www.lasalle.org\/fr\/wp-json\/wp\/v2\/comments?post=10688"}],"version-history":[{"count":5,"href":"https:\/\/www.lasalle.org\/fr\/wp-json\/wp\/v2\/pages\/10688\/revisions"}],"predecessor-version":[{"id":123693,"href":"https:\/\/www.lasalle.org\/fr\/wp-json\/wp\/v2\/pages\/10688\/revisions\/123693"}],"up":[{"embeddable":true,"href":"https:\/\/www.lasalle.org\/fr\/wp-json\/wp\/v2\/pages\/10805"}],"wp:featuredmedia":[{"embeddable":true,"href":"https:\/\/www.lasalle.org\/fr\/wp-json\/wp\/v2\/media\/111680"}],"wp:attachment":[{"href":"https:\/\/www.lasalle.org\/fr\/wp-json\/wp\/v2\/media?parent=10688"}],"curies":[{"name":"wp","href":"https:\/\/api.w.org\/{rel}","templated":true}]}}