{"id":10690,"date":"2018-12-10T08:44:38","date_gmt":"2018-12-10T08:44:38","guid":{"rendered":"http:\/\/lasalle.vl20054.dinaserver.com\/service-communication-et-technologie\/"},"modified":"2021-09-06T11:36:18","modified_gmt":"2021-09-06T10:36:18","slug":"servicio-de-comunicaciones-y-tecnologia","status":"publish","type":"page","link":"https:\/\/www.lasalle.org\/fr\/animation-et-gouvernement\/servicio-de-comunicaciones-y-tecnologia\/","title":{"rendered":"Communication et Technologie"},"content":{"rendered":"\n<p><\/p>\n\n\n\n<p>Le Service Communication et Technologie aspire \u00e0 apporter une r\u00e9ponse aux besoins de la Maison g\u00e9n\u00e9ralice et de la Famille Lasallienne. <\/p>\n\n\n\n<blockquote class=\"wp-block-quote has-text-align-center is-style-large is-layout-flow wp-block-quote-is-layout-flow\"><p><em>Comme le Verbe est venu en mission, s\u2019incarnant dans une humanit\u00e9 qui s\u2019est laiss\u00e9e totalement assumer, de m\u00eame nous collaborons \u00e0 la mission du Christ et nous lui permettons de l\u2019accomplir pleinement surtout en l\u2019accueillant luim\u00eame, en nous faisant lieu de sa pr\u00e9sence et donc continuation de sa vie dans l\u2019histoire, pour donner aux autres la possibilit\u00e9 de le rencontrer.<\/em>&nbsp;<\/p><cite> (CIVCSVA, Le Service de l\u2019autorit\u00e9 et l\u2019ob\u00e9issance, 3\u00e8me Partie, no. 23) <\/cite><\/blockquote>\n\n\n\n<p>(Se) communiquer est un outil n\u00e9cessaire pour poursuivre les objectifs strat\u00e9giques de toute institution. C\u2019est \u00e9galement un mode concret et r\u00e9el de remplir la \u00ab mission lasallienne \u00bb. Il faut faire, ex\u00e9cuter des actions de communication. Mais surtout il s\u2019agit de le faire en \u00e9tant un communicateur, en \u00e9tant en communion, en se mettant en lien avec les personnes et notre monde.<\/p>\n\n\n\n<p>Nous voulons continuer \u00e0 cr\u00e9er de la valeur dans l\u2019institution et la faire conna\u00eetre. Le monde des relations est en continuelle \u00e9volution et nous avons besoin d\u2019\u00eatre ouverts pour r\u00e9- pondre avec une fid\u00e9lit\u00e9 cr\u00e9ative \u00e0 la mission. Un plan d\u2019action nous aide \u00e0 penser et \u00e0 agir de fa\u00e7on plus consciente. Les centres \u00e9ducatifs lasalliens se regroupent en un r\u00e9seau qui veut offrir une formation int\u00e9grale et de qualit\u00e9 aux jeunes et aux enfants qui fr\u00e9quentent ses classes ou espaces \u00e9ducatifs, en am\u00e9liorant la soci\u00e9t\u00e9 au moyen de l\u2019\u00e9ducation.<\/p>\n\n\n\n<p>Dans cette activit\u00e9 \u00e9ducative, la priorit\u00e9 revient aux plus n\u00e9cessiteux. Au long de plus de 300 ans, La Salle a gagn\u00e9 la reconnaissance publique d\u2019une institution offrant un service \u00e9ducatif de qualit\u00e9 \u00e0 partir d\u2019une fa\u00e7on particuli\u00e8re de s\u2019organiser et de se mettre en lien par une spiritualit\u00e9 int\u00e9gratrice. Notre image corporative se construit par cette histoire, son travail et la fa\u00e7on dont l\u2019institution est per\u00e7ue actuellement.<\/p>\n\n\n\n<p>Avec notre image nous transmettons non seulement une histoire, mais aussi une promesse de continuer \u00e0 g\u00e9n\u00e9rer de la valeur. La technologie est un des outils qui nous permet une meilleure connaissance de ce qui nous entoure, une plus&nbsp;grande efficacit\u00e9 dans la poursuite des objectifs, une plus large capacit\u00e9 de communication et une organisation moins hi\u00e9rarchis\u00e9e.<\/p>\n\n\n\n<h4 class=\"wp-block-heading\"><strong>Objectifs<\/strong>&nbsp;:<\/h4>\n\n\n\n<ol class=\"wp-block-list\"><li> Favoriser un milieu de communication qui soit signe de communion entre tous.<\/li><li>Int\u00e9grer les efforts de communication dans le cadre du projet de la mission lasallienne, non pas tant comme une s\u00e9rie d\u2019actions bien ex\u00e9cut\u00e9es mais comme un axe de dynamisation qui parcourt transversalement tous les milieux de la mission.<\/li><li>Prot\u00e9ger, fortifier et favoriser la visibilit\u00e9 de l\u2019image publique de La Salle, tant dans sa dimension interne qu\u2019externe.<\/li><li>Cr\u00e9er des m\u00e9canismes de communication qui servent \u00e0 promouvoir l\u2019interaction continue de tous ceux qui forment la Famille Lasallienne.<\/li><li>Contribuer \u00e0 la d\u00e9finition d\u2019une culture institutionnelle ou corporative tant dans les relations internes qu\u2019externes.<\/li><li>Garantir la couverture technologique de la Maison g\u00e9n\u00e9ralice. <\/li><li>Soutenir la mission de l\u2019Institut en \u00e9tablissant des canaux de r\u00e9flexion sur les implications mutuelles entre technologie, \u00e9ducation et pastorale.<\/li><\/ol>\n\n\n\n<hr class=\"wp-block-separator\"\/>\n\n\n\n<p><strong>Redes sociales<\/strong><\/p>\n\n\n\n<div class=\"wp-block-image\"><figure class=\"alignleft is-resized\"><a href=\"https:\/\/www.instagram.com\/lasalleorg\/\" target=\"_blank\" rel=\"noreferrer noopener\"><img decoding=\"async\" src=\"https:\/\/www.lasalle.org\/wp-content\/uploads\/2019\/07\/instagram-duck-egg-blue.png\" alt=\"\" class=\"wp-image-49736\" width=\"30\" height=\"30\"\/><\/a><\/figure><\/div>\n\n\n\n<div class=\"wp-block-image\"><figure class=\"alignleft is-resized\"><a href=\"https:\/\/it-it.facebook.com\/lasalleorg\/\" target=\"_blank\" rel=\"noreferrer noopener\"><img decoding=\"async\" src=\"https:\/\/www.lasalle.org\/wp-content\/uploads\/2019\/07\/facebook.png\" alt=\"\" class=\"wp-image-49702\" width=\"30\" height=\"30\"\/><\/a><\/figure><\/div>\n\n\n\n<div class=\"wp-block-image\"><figure class=\"alignleft is-resized\"><a href=\"https:\/\/twitter.com\/lasalleorg\" target=\"_blank\" rel=\"noreferrer noopener\"><img decoding=\"async\" src=\"https:\/\/www.lasalle.org\/wp-content\/uploads\/2019\/07\/twitter-4-duck-egg-blue.png\" alt=\"\" class=\"wp-image-49722\" width=\"30\" height=\"30\"\/><\/a><\/figure><\/div>\n\n\n\n<figure class=\"wp-block-image is-resized\"><a href=\"https:\/\/www.youtube.com\/user\/LaSalleChannel\" target=\"_blank\" rel=\"noreferrer noopener\"><img decoding=\"async\" src=\"https:\/\/www.lasalle.org\/wp-content\/uploads\/2019\/07\/you-tube-duck-egg-blue.png\" alt=\"\" class=\"wp-image-49726\" width=\"30\" height=\"30\"\/><\/a><\/figure>\n\n\n\n<hr class=\"wp-block-separator\"\/>\n\n\n\n<h2 class=\"wp-block-heading\"><\/h2>\n","protected":false},"excerpt":{"rendered":"<p>Le Service Communication et Technologie aspire \u00e0 apporter une r\u00e9ponse  [&#8230;]<\/p>\n","protected":false},"author":13,"featured_media":0,"parent":10563,"menu_order":0,"comment_status":"open","ping_status":"closed","template":"","meta":{"_tec_requires_first_save":true,"_monsterinsights_skip_tracking":false,"_monsterinsights_sitenote_active":false,"_monsterinsights_sitenote_note":"","_monsterinsights_sitenote_category":0,"_EventAllDay":false,"_EventTimezone":"","_EventStartDate":"","_EventEndDate":"","_EventStartDateUTC":"","_EventEndDateUTC":"","_EventShowMap":false,"_EventShowMapLink":false,"_EventURL":"","_EventCost":"","_EventCostDescription":"","_EventCurrencySymbol":"","_EventCurrencyCode":"","_EventCurrencyPosition":"","_EventDateTimeSeparator":"","_EventTimeRangeSeparator":"","_EventOrganizerID":[],"_EventVenueID":[],"_OrganizerEmail":"","_OrganizerPhone":"","_OrganizerWebsite":"","_VenueAddress":"","_VenueCity":"","_VenueCountry":"","_VenueProvince":"","_VenueState":"","_VenueZip":"","_VenuePhone":"","_VenueURL":"","_VenueStateProvince":"","_VenueLat":"","_VenueLng":"","_VenueShowMap":false,"_VenueShowMapLink":false,"_tribe_blocks_recurrence_rules":"","_tribe_blocks_recurrence_description":"","_tribe_blocks_recurrence_exclusions":"","footnotes":""},"class_list":["post-10690","page","type-page","status-publish","hentry"],"_links":{"self":[{"href":"https:\/\/www.lasalle.org\/fr\/wp-json\/wp\/v2\/pages\/10690","targetHints":{"allow":["GET"]}}],"collection":[{"href":"https:\/\/www.lasalle.org\/fr\/wp-json\/wp\/v2\/pages"}],"about":[{"href":"https:\/\/www.lasalle.org\/fr\/wp-json\/wp\/v2\/types\/page"}],"author":[{"embeddable":true,"href":"https:\/\/www.lasalle.org\/fr\/wp-json\/wp\/v2\/users\/13"}],"replies":[{"embeddable":true,"href":"https:\/\/www.lasalle.org\/fr\/wp-json\/wp\/v2\/comments?post=10690"}],"version-history":[{"count":5,"href":"https:\/\/www.lasalle.org\/fr\/wp-json\/wp\/v2\/pages\/10690\/revisions"}],"predecessor-version":[{"id":79591,"href":"https:\/\/www.lasalle.org\/fr\/wp-json\/wp\/v2\/pages\/10690\/revisions\/79591"}],"up":[{"embeddable":true,"href":"https:\/\/www.lasalle.org\/fr\/wp-json\/wp\/v2\/pages\/10563"}],"wp:attachment":[{"href":"https:\/\/www.lasalle.org\/fr\/wp-json\/wp\/v2\/media?parent=10690"}],"curies":[{"name":"wp","href":"https:\/\/api.w.org\/{rel}","templated":true}]}}