{"id":10801,"date":"2018-12-10T13:47:49","date_gmt":"2018-12-10T13:47:49","guid":{"rendered":"http:\/\/lasalle.vl20054.dinaserver.com\/bibliotheque\/"},"modified":"2025-12-10T11:20:11","modified_gmt":"2025-12-10T10:20:11","slug":"bibliotheque","status":"publish","type":"page","link":"https:\/\/www.lasalle.org\/fr\/maison-generalice\/bibliotheque\/","title":{"rendered":"Biblioth\u00e8que"},"content":{"rendered":"<div class=\"fusion-fullwidth fullwidth-box fusion-builder-row-1 fusion-flex-container has-pattern-background has-mask-background nonhundred-percent-fullwidth non-hundred-percent-height-scrolling\" style=\"--awb-border-radius-top-left:0px;--awb-border-radius-top-right:0px;--awb-border-radius-bottom-right:0px;--awb-border-radius-bottom-left:0px;--awb-flex-wrap:wrap;\" ><div class=\"fusion-builder-row fusion-row fusion-flex-align-items-flex-start fusion-flex-content-wrap\" style=\"max-width:1248px;margin-left: calc(-4% \/ 2 );margin-right: calc(-4% \/ 2 );\"><div class=\"fusion-layout-column fusion_builder_column fusion-builder-column-0 fusion_builder_column_3_4 3_4 fusion-flex-column\" style=\"--awb-bg-size:cover;--awb-width-large:75%;--awb-margin-top-large:0px;--awb-spacing-right-large:2.56%;--awb-margin-bottom-large:20px;--awb-spacing-left-large:2.56%;--awb-width-medium:75%;--awb-order-medium:0;--awb-spacing-right-medium:2.56%;--awb-spacing-left-medium:2.56%;--awb-width-small:100%;--awb-order-small:0;--awb-spacing-right-small:1.92%;--awb-spacing-left-small:1.92%;\"><div class=\"fusion-column-wrapper fusion-column-has-shadow fusion-flex-justify-content-flex-start fusion-content-layout-column\"><div class=\"fusion-title title fusion-title-1 sep-underline sep-solid fusion-title-text fusion-title-size-two\" style=\"--awb-text-color:var(--awb-custom17);--awb-sep-color:var(--awb-custom17);--awb-font-size:22px;\"><h2 class=\"fusion-title-heading title-heading-left\" style=\"margin:0;font-size:1em;\">Biblioth\u00e8que Lasallienne<\/h2><\/div><div class=\"fusion-text fusion-text-1\"><p>La Biblioth\u00e8que lasallienne a \u00e9t\u00e9 cr\u00e9\u00e9e par d\u00e9cision du 38<sup>\u00e8me<\/sup> Chapitre g\u00e9n\u00e9ral des Fr\u00e8res des \u00e9coles chr\u00e9tiennes en 1956 comme un outil de recherche de la pens\u00e9e de <a href=\"https:\/\/www.lasalle.org\/fr\/santidad-lasaliana\/st-jean-baptiste-de-la-salle\/\">Saint-Jean-Baptiste de La Salle<\/a>\u00a0 et de la tradition de l&rsquo;Institut. Tout au long de son histoire, elle a toujours jou\u00e9 le r\u00f4le d\u00b4accueil\u00a0 de la documentation\u00a0 au service de la mise en \u0153uvre du programme de formation de chercheurs lasalliens, et est progressivement devenue une grande biblioth\u00e8que avec environ <strong>80.000 volumes anciens et modernes<\/strong>.<\/p>\n<p><img decoding=\"async\" class=\"wp-image-50544 alignleft\" src=\"http:\/\/www.lasalle.org\/wp-content\/uploads\/2019\/07\/1562577922613_A-1024x683.jpg\" alt=\"\" width=\"200\" height=\"171\" \/>Gr\u00e2ce \u00e0 la num\u00e9risation du patrimoine documentaire de l&rsquo;Institut, elle r\u00e9pond \u00e0 la n\u00e9cessit\u00e9 d&rsquo;assurer la pr\u00e9servation des documents de la biblioth\u00e8que et\u00a0 l\u00b4ouverture \u00e0 la consultation gr\u00e2ce \u00e0 la fourniture de services, tels que des informations bibliographiques, des reproductions, du pr\u00eat priv\u00e9 et entre biblioth\u00e8ques, ainsi que la protection constante de ce patrimoine rare et pr\u00e9cieux.<\/p>\n<p><img decoding=\"async\" class=\"wp-image-50534 alignright\" src=\"http:\/\/www.lasalle.org\/wp-content\/uploads\/2019\/07\/1562577891018_A_width-e1562578206500.jpg\" alt=\"\" width=\"200\" height=\"109\" srcset=\"https:\/\/www.lasalle.org\/wp-content\/uploads\/2019\/07\/1562577891018_A_width-e1562578206500-300x163.jpg 300w, https:\/\/www.lasalle.org\/wp-content\/uploads\/2019\/07\/1562577891018_A_width-e1562578206500-768x417.jpg 768w, https:\/\/www.lasalle.org\/wp-content\/uploads\/2019\/07\/1562577891018_A_width-e1562578206500.jpg 800w\" sizes=\"(max-width: 200px) 100vw, 200px\" \/>Pour r\u00e9pondre \u00e0 ce besoin de partage et de coop\u00e9ration dans la gestion du catalogue , la biblioth\u00e8que est maintenant ouverte au public, participe au <strong><a href=\"https:\/\/www.beweb.chiesacattolica.it\/\" target=\"_blank\" rel=\"noopener\">Registre des biblioth\u00e8ques eccl\u00e9siastiques<\/a><\/strong>\u00a0 et fait aussi partie de la <strong><a href=\"https:\/\/beweb.chiesacattolica.it\/benilibrari\/\" target=\"_blank\" rel=\"noopener\">CeiBIB.<\/a><\/strong>\u00a0 qui est le catalogue collectif des biblioth\u00e8ques eccl\u00e9siastiques italiennes.Elle est en laison avec\u00a0 la <strong><a href=\"https:\/\/www.iccu.sbn.it\/it\/SBN\/\" target=\"_blank\" rel=\"noopener\">SBN (Service Biblioth\u00e9caire National)<\/a><\/strong> et les biblioth\u00e8ques qui permettent un catalogue partag\u00e9.<\/p>\n<p><img decoding=\"async\" class=\"wp-image-50530 alignleft\" src=\"http:\/\/www.lasalle.org\/wp-content\/uploads\/2019\/07\/1562577934910_A-e1562578130662.jpg\" alt=\"\" width=\"180\" height=\"145\" srcset=\"https:\/\/www.lasalle.org\/wp-content\/uploads\/2019\/07\/1562577934910_A-e1562578130662-300x241.jpg 300w, https:\/\/www.lasalle.org\/wp-content\/uploads\/2019\/07\/1562577934910_A-e1562578130662.jpg 720w\" sizes=\"(max-width: 180px) 100vw, 180px\" \/><a href=\"http:\/\/www.lasalle.org\/wp-content\/uploads\/2019\/07\/notevole-interesse-biblioteca-1.jpg\" target=\"_blank\" rel=\"noreferrer noopener\"><img decoding=\"async\" class=\"wp-image-50597 alignright\" src=\"http:\/\/www.lasalle.org\/wp-content\/uploads\/2019\/07\/notevole-interesse-biblioteca-1.jpg\" alt=\"\" width=\"176\" height=\"250\" srcset=\"https:\/\/www.lasalle.org\/wp-content\/uploads\/2019\/07\/notevole-interesse-biblioteca-1-212x300.jpg 212w, https:\/\/www.lasalle.org\/wp-content\/uploads\/2019\/07\/notevole-interesse-biblioteca-1.jpg 705w\" sizes=\"(max-width: 176px) 100vw, 176px\" \/><\/a>A partir de 2014 ce riche patrimoine a \u00e9t\u00e9 mis \u00e0 la disposition du public, et\u00a0 peut \u00eatre utilis\u00e9 d&rsquo;une mani\u00e8re enti\u00e8rement gratuite comme service de documentation et soutien \u00e0 des recherches plusraffin\u00e9es.<\/p>\n<p>Gr\u00e2ce \u00e0 des accords avec l&rsquo;Universit\u00e9 <strong><a href=\"https:\/\/www.uniroma1.it\/\" target=\"_blank\" rel=\"noopener\">\u00ab\u00a0Roma La Sapienza\u00a0\u00bb<\/a><\/strong> et <strong><a href=\"https:\/\/www.uniroma3.it\/\" target=\"_blank\" rel=\"noopener\">\u00ab\u00a0Roma Tre\u00a0\u00bb<\/a><\/strong> la Biblioth\u00e8que lasalliennee accueille tous les mois des \u00e9l\u00e8ves qui ont l&rsquo;intention de faire l&rsquo;exp\u00e9rience d\u00b4une formation dans une biblioth\u00e8que publique.<\/p>\n<\/div><div class=\"fusion-separator fusion-full-width-sep\" style=\"align-self: center;margin-left: auto;margin-right: auto;margin-top:15px;margin-bottom:15px;width:100%;\"><div class=\"fusion-separator-border sep-single sep-solid\" style=\"--awb-height:20px;--awb-amount:20px;--awb-sep-color:var(--awb-custom17);border-color:var(--awb-custom17);border-top-width:1px;\"><\/div><\/div><nav class=\"fusion-breadcrumbs fusion-breadcrumbs-1\" style=\"--awb-breadcrumb-sep:&#039;\/&#039;;\" aria-label=\"Breadcrumb\"><ol class=\"awb-breadcrumb-list\"><\/ol><\/nav><\/div><\/div><div class=\"fusion-layout-column fusion_builder_column fusion-builder-column-1 fusion_builder_column_1_4 1_4 fusion-flex-column\" style=\"--awb-bg-size:cover;--awb-width-large:25%;--awb-margin-top-large:0px;--awb-spacing-right-large:7.68%;--awb-margin-bottom-large:20px;--awb-spacing-left-large:7.68%;--awb-width-medium:25%;--awb-order-medium:0;--awb-spacing-right-medium:7.68%;--awb-spacing-left-medium:7.68%;--awb-width-small:100%;--awb-order-small:0;--awb-spacing-right-small:1.92%;--awb-spacing-left-small:1.92%;\"><div class=\"fusion-column-wrapper fusion-column-has-shadow fusion-flex-justify-content-flex-start fusion-content-layout-column\"><div class=\"fusion-title title fusion-title-2 sep-underline sep-solid fusion-title-text fusion-title-size-two\" style=\"--awb-text-color:var(--awb-custom17);--awb-sep-color:var(--awb-custom17);--awb-font-size:22px;\"><h2 class=\"fusion-title-heading title-heading-left\" style=\"margin:0;font-size:1em;\">Ressources<\/h2><\/div><ul style=\"--awb-line-height:27.2px;--awb-icon-width:27.2px;--awb-icon-height:27.2px;--awb-icon-margin:11.2px;--awb-content-margin:38.4px;--awb-circlecolor:var(--awb-custom17);--awb-circle-yes-font-size:14.08px;\" class=\"fusion-checklist fusion-checklist-1 fusion-checklist-default type-icons\"><li class=\"fusion-li-item\" style=\"\"><span class=\"icon-wrapper circle-yes\"><i class=\"fusion-li-icon fa-file-pdf far\" aria-hidden=\"true\"><\/i><\/span><div class=\"fusion-li-item-content\">\n<p><a href=\"https:\/\/www.lasalle.org\/wp-content\/uploads\/2025\/07\/FR_Regolamento_Biblioteca.pdf\" target=\"_blank\" rel=\"noopener\">R\u00e8glement Int\u00e9rieur de la Biblioth\u00e8que Lasallienne<\/a><\/p>\n<\/div><\/li><\/ul><div class=\"fusion-separator fusion-full-width-sep\" style=\"align-self: center;margin-left: auto;margin-right: auto;margin-top:15px;margin-bottom:15px;width:100%;\"><\/div><div class=\"fusion-title title fusion-title-3 sep-underline sep-solid fusion-title-text fusion-title-size-two\" style=\"--awb-text-color:var(--awb-custom17);--awb-sep-color:var(--awb-custom17);--awb-font-size:22px;\"><h2 class=\"fusion-title-heading title-heading-left\" style=\"margin:0;font-size:1em;\">Photos<\/h2><\/div><div class=\"awb-gallery-wrapper awb-gallery-wrapper-1 button-span-no\" style=\"--more-btn-alignment:center;\"><div style=\"margin:-5px;--awb-bordersize:0px;\" class=\"fusion-gallery fusion-gallery-container fusion-grid-2 fusion-columns-total-5 fusion-gallery-layout-grid fusion-gallery-1\"><div style=\"padding:5px;\" class=\"fusion-grid-column fusion-gallery-column fusion-gallery-column-2 hover-type-none\"><div class=\"fusion-gallery-image\"><a href=\"https:\/\/www.lasalle.org\/wp-content\/uploads\/2019\/07\/MG_6935-1.jpg\" rel=\"noreferrer\" data-rel=\"iLightbox[gallery_image_1]\" class=\"fusion-lightbox\" target=\"_self\"><img decoding=\"async\" src=\"https:\/\/www.lasalle.org\/wp-content\/uploads\/2019\/07\/MG_6935-1.jpg\" width=\"2336\" height=\"3504\" alt=\"\" title=\"MG_6935-1\" aria-label=\"MG_6935-1\" class=\"img-responsive wp-image-50559\" srcset=\"https:\/\/www.lasalle.org\/wp-content\/uploads\/2019\/07\/MG_6935-1-200x300.jpg 200w, https:\/\/www.lasalle.org\/wp-content\/uploads\/2019\/07\/MG_6935-1.jpg 2336w\" sizes=\"(min-width: 2200px) 100vw, (min-width: 712px) 598px, (min-width: 640px) 712px, \" \/><\/a><\/div><\/div><div style=\"padding:5px;\" class=\"fusion-grid-column fusion-gallery-column fusion-gallery-column-2 hover-type-none\"><div class=\"fusion-gallery-image\"><a href=\"https:\/\/www.lasalle.org\/wp-content\/uploads\/2019\/07\/1562577934910_A.jpg\" rel=\"noreferrer\" data-rel=\"iLightbox[gallery_image_1]\" class=\"fusion-lightbox\" target=\"_self\"><img decoding=\"async\" src=\"https:\/\/www.lasalle.org\/wp-content\/uploads\/2019\/07\/1562577934910_A.jpg\" width=\"720\" height=\"960\" alt=\"\" title=\"1562577934910_A\" aria-label=\"1562577934910_A\" class=\"img-responsive wp-image-50532\" srcset=\"https:\/\/www.lasalle.org\/wp-content\/uploads\/2019\/07\/1562577934910_A-225x300.jpg 225w, https:\/\/www.lasalle.org\/wp-content\/uploads\/2019\/07\/1562577934910_A.jpg 720w\" sizes=\"(max-width: 720px) 100vw, 720px\" \/><\/a><\/div><\/div><div class=\"clearfix\"><\/div><div style=\"padding:5px;\" class=\"fusion-grid-column fusion-gallery-column fusion-gallery-column-2 hover-type-none\"><div class=\"fusion-gallery-image\"><a href=\"https:\/\/www.lasalle.org\/wp-content\/uploads\/2019\/07\/1562577922613_A.jpg\" rel=\"noreferrer\" data-rel=\"iLightbox[gallery_image_1]\" class=\"fusion-lightbox\" target=\"_self\"><img decoding=\"async\" src=\"https:\/\/www.lasalle.org\/wp-content\/uploads\/2019\/07\/1562577922613_A.jpg\" width=\"1024\" height=\"683\" alt=\"\" title=\"1562577922613_A\" aria-label=\"1562577922613_A\" class=\"img-responsive wp-image-50546\" srcset=\"https:\/\/www.lasalle.org\/wp-content\/uploads\/2019\/07\/1562577922613_A-300x200.jpg 300w, https:\/\/www.lasalle.org\/wp-content\/uploads\/2019\/07\/1562577922613_A-768x512.jpg 768w, https:\/\/www.lasalle.org\/wp-content\/uploads\/2019\/07\/1562577922613_A.jpg 1024w\" sizes=\"(max-width: 1024px) 100vw, 1024px\" \/><\/a><\/div><\/div><div style=\"padding:5px;\" class=\"fusion-grid-column fusion-gallery-column fusion-gallery-column-2 hover-type-none\"><div class=\"fusion-gallery-image\"><a href=\"https:\/\/www.lasalle.org\/wp-content\/uploads\/2019\/07\/1562577915175_A.jpg\" rel=\"noreferrer\" data-rel=\"iLightbox[gallery_image_1]\" class=\"fusion-lightbox\" target=\"_self\"><img decoding=\"async\" src=\"https:\/\/www.lasalle.org\/wp-content\/uploads\/2019\/07\/1562577915175_A.jpg\" width=\"1024\" height=\"683\" alt=\"\" title=\"1562577915175_A\" aria-label=\"1562577915175_A\" class=\"img-responsive wp-image-50542\" srcset=\"https:\/\/www.lasalle.org\/wp-content\/uploads\/2019\/07\/1562577915175_A-300x200.jpg 300w, https:\/\/www.lasalle.org\/wp-content\/uploads\/2019\/07\/1562577915175_A-768x512.jpg 768w, https:\/\/www.lasalle.org\/wp-content\/uploads\/2019\/07\/1562577915175_A.jpg 1024w\" sizes=\"(max-width: 1024px) 100vw, 1024px\" \/><\/a><\/div><\/div><div class=\"clearfix\"><\/div><div style=\"padding:5px;\" class=\"fusion-grid-column fusion-gallery-column fusion-gallery-column-2 hover-type-none\"><div class=\"fusion-gallery-image\"><a href=\"https:\/\/www.lasalle.org\/wp-content\/uploads\/2019\/07\/MG_6930-1.jpg\" rel=\"noreferrer\" data-rel=\"iLightbox[gallery_image_1]\" class=\"fusion-lightbox\" target=\"_self\"><img decoding=\"async\" src=\"https:\/\/www.lasalle.org\/wp-content\/uploads\/2019\/07\/MG_6930-1.jpg\" width=\"3504\" height=\"2336\" alt=\"\" title=\"MG_6930-1\" aria-label=\"MG_6930-1\" class=\"img-responsive wp-image-50563\" srcset=\"https:\/\/www.lasalle.org\/wp-content\/uploads\/2019\/07\/MG_6930-1-300x200.jpg 300w, https:\/\/www.lasalle.org\/wp-content\/uploads\/2019\/07\/MG_6930-1-768x512.jpg 768w, https:\/\/www.lasalle.org\/wp-content\/uploads\/2019\/07\/MG_6930-1-1024x683.jpg 1024w, https:\/\/www.lasalle.org\/wp-content\/uploads\/2019\/07\/MG_6930-1.jpg 3504w\" sizes=\"(max-width: 3504px) 100vw, 3504px\" \/><\/a><\/div><\/div><\/div><\/div><div class=\"fusion-separator fusion-full-width-sep\" style=\"align-self: center;margin-left: auto;margin-right: auto;margin-top:15px;margin-bottom:15px;width:100%;\"><div class=\"fusion-separator-border sep-single sep-solid\" style=\"--awb-height:20px;--awb-amount:20px;--awb-sep-color:var(--awb-custom17);border-color:var(--awb-custom17);border-top-width:1px;\"><\/div><\/div><\/div><\/div><\/div><\/div>\n","protected":false},"excerpt":{"rendered":"","protected":false},"author":13,"featured_media":111292,"parent":56606,"menu_order":0,"comment_status":"open","ping_status":"closed","template":"","meta":{"_tec_requires_first_save":true,"_monsterinsights_skip_tracking":false,"_monsterinsights_sitenote_active":false,"_monsterinsights_sitenote_note":"","_monsterinsights_sitenote_category":0,"_EventAllDay":false,"_EventTimezone":"","_EventStartDate":"","_EventEndDate":"","_EventStartDateUTC":"","_EventEndDateUTC":"","_EventShowMap":false,"_EventShowMapLink":false,"_EventURL":"","_EventCost":"","_EventCostDescription":"","_EventCurrencySymbol":"","_EventCurrencyCode":"","_EventCurrencyPosition":"","_EventDateTimeSeparator":"","_EventTimeRangeSeparator":"","_EventOrganizerID":[],"_EventVenueID":[],"_OrganizerEmail":"","_OrganizerPhone":"","_OrganizerWebsite":"","_VenueAddress":"","_VenueCity":"","_VenueCountry":"","_VenueProvince":"","_VenueState":"","_VenueZip":"","_VenuePhone":"","_VenueURL":"","_VenueStateProvince":"","_VenueLat":"","_VenueLng":"","_VenueShowMap":false,"_VenueShowMapLink":false,"_tribe_blocks_recurrence_rules":"","_tribe_blocks_recurrence_description":"","_tribe_blocks_recurrence_exclusions":"","footnotes":""},"class_list":["post-10801","page","type-page","status-publish","has-post-thumbnail","hentry"],"_links":{"self":[{"href":"https:\/\/www.lasalle.org\/fr\/wp-json\/wp\/v2\/pages\/10801","targetHints":{"allow":["GET"]}}],"collection":[{"href":"https:\/\/www.lasalle.org\/fr\/wp-json\/wp\/v2\/pages"}],"about":[{"href":"https:\/\/www.lasalle.org\/fr\/wp-json\/wp\/v2\/types\/page"}],"author":[{"embeddable":true,"href":"https:\/\/www.lasalle.org\/fr\/wp-json\/wp\/v2\/users\/13"}],"replies":[{"embeddable":true,"href":"https:\/\/www.lasalle.org\/fr\/wp-json\/wp\/v2\/comments?post=10801"}],"version-history":[{"count":5,"href":"https:\/\/www.lasalle.org\/fr\/wp-json\/wp\/v2\/pages\/10801\/revisions"}],"predecessor-version":[{"id":121817,"href":"https:\/\/www.lasalle.org\/fr\/wp-json\/wp\/v2\/pages\/10801\/revisions\/121817"}],"up":[{"embeddable":true,"href":"https:\/\/www.lasalle.org\/fr\/wp-json\/wp\/v2\/pages\/56606"}],"wp:featuredmedia":[{"embeddable":true,"href":"https:\/\/www.lasalle.org\/fr\/wp-json\/wp\/v2\/media\/111292"}],"wp:attachment":[{"href":"https:\/\/www.lasalle.org\/fr\/wp-json\/wp\/v2\/media?parent=10801"}],"curies":[{"name":"wp","href":"https:\/\/api.w.org\/{rel}","templated":true}]}}