{"id":113192,"date":"2025-07-01T11:56:38","date_gmt":"2025-07-01T09:56:38","guid":{"rendered":"https:\/\/www.lasalle.org\/?page_id=113192"},"modified":"2025-07-01T12:12:02","modified_gmt":"2025-07-01T10:12:02","slug":"documents-chapitres-generaux-et-assemblees","status":"publish","type":"page","link":"https:\/\/www.lasalle.org\/fr\/publications\/documents-chapitres-generaux-et-assemblees\/","title":{"rendered":"Documents &#8211; Chapitres g\u00e9n\u00e9raux et assembl\u00e9es"},"content":{"rendered":"<div class=\"fusion-fullwidth fullwidth-box fusion-builder-row-1 fusion-flex-container has-pattern-background has-mask-background nonhundred-percent-fullwidth non-hundred-percent-height-scrolling\" style=\"--awb-border-radius-top-left:0px;--awb-border-radius-top-right:0px;--awb-border-radius-bottom-right:0px;--awb-border-radius-bottom-left:0px;--awb-flex-wrap:wrap;\" ><div class=\"fusion-builder-row fusion-row fusion-flex-align-items-flex-start fusion-flex-content-wrap\" style=\"max-width:1248px;margin-left: calc(-4% \/ 2 );margin-right: calc(-4% \/ 2 );\"><div class=\"fusion-layout-column fusion_builder_column fusion-builder-column-0 fusion_builder_column_3_4 3_4 fusion-flex-column\" style=\"--awb-bg-size:cover;--awb-width-large:75%;--awb-margin-top-large:0px;--awb-spacing-right-large:2.56%;--awb-margin-bottom-large:20px;--awb-spacing-left-large:2.56%;--awb-width-medium:75%;--awb-order-medium:0;--awb-spacing-right-medium:2.56%;--awb-spacing-left-medium:2.56%;--awb-width-small:100%;--awb-order-small:0;--awb-spacing-right-small:1.92%;--awb-spacing-left-small:1.92%;\"><div class=\"fusion-column-wrapper fusion-column-has-shadow fusion-flex-justify-content-flex-start fusion-content-layout-column\"><div class=\"fusion-title title fusion-title-1 sep-underline sep-solid fusion-title-text fusion-title-size-two\" style=\"--awb-text-color:var(--awb-custom17);--awb-sep-color:var(--awb-custom17);--awb-font-size:22px;\"><h2 class=\"fusion-title-heading title-heading-left\" style=\"margin:0;font-size:1em;\">Documents &#8211; Chapitres g\u00e9n\u00e9raux et assembl\u00e9es<\/h2><\/div><div class=\"fusion-title title fusion-title-2 fusion-sep-none fusion-title-text fusion-title-size-two\" style=\"--awb-text-color:var(--awb-custom17);--awb-sep-color:var(--awb-custom14);--awb-font-size:20px;\"><h2 class=\"fusion-title-heading title-heading-left\" style=\"margin:0;font-size:1em;\"><img decoding=\"async\" class=\"alignleft size-full wp-image-111748\" src=\"https:\/\/www.lasalle.org\/wp-content\/uploads\/2025\/06\/icona_46gc.png\" alt=\"\" width=\"100\" height=\"100\" srcset=\"https:\/\/www.lasalle.org\/wp-content\/uploads\/2025\/06\/icona_46gc-66x66.png 66w, https:\/\/www.lasalle.org\/wp-content\/uploads\/2025\/06\/icona_46gc.png 100w\" sizes=\"(max-width: 100px) 100vw, 100px\" \/><\/p>\n<p>&nbsp;<\/p>\n<p><strong>46e Chapitre g\u00e9n\u00e9ral<\/strong><\/h2><\/div><ul style=\"--awb-line-height:27.2px;--awb-icon-width:27.2px;--awb-icon-height:27.2px;--awb-icon-margin:11.2px;--awb-content-margin:38.4px;--awb-circlecolor:var(--awb-custom17);--awb-circle-yes-font-size:14.08px;\" class=\"fusion-checklist fusion-checklist-1 fusion-checklist-default type-icons\"><li class=\"fusion-li-item\" style=\"\"><span class=\"icon-wrapper circle-yes\"><i class=\"fusion-li-icon fa-file-pdf far\" aria-hidden=\"true\"><\/i><\/span><div class=\"fusion-li-item-content\">\n<p><b><a href=\"https:\/\/www.lasalle.org\/wp-content\/uploads\/2020\/04\/FRA_Convocatoria_46CG_Circular_476.pdf\" target=\"_blank\" rel=\"noreferrer noopener\"><strong>Circulaire 476\u00a0<\/strong><\/a><\/b><a href=\"https:\/\/www.lasalle.org\/wp-content\/uploads\/2020\/04\/FRA_Convocatoria_46CG_Circular_476.pdf\" target=\"_blank\" rel=\"noreferrer noopener\">Convocation du 46eme C.G.<\/a><\/p>\n<\/div><\/li><li class=\"fusion-li-item\" style=\"\"><span class=\"icon-wrapper circle-yes\"><i class=\"fusion-li-icon fa-file-pdf far\" aria-hidden=\"true\"><\/i><\/span><div class=\"fusion-li-item-content\">\n<p><a href=\"https:\/\/www.lasalle.org\/wp-content\/uploads\/2022\/11\/FR-CIRCOLARE.pdf\" target=\"_blank\" rel=\"noopener\"><strong>Circulaire 478<\/strong> \u2013 Documents du 46e Chapitre g\u00e9n\u00e9ral<\/a><\/p>\n<\/div><\/li><li class=\"fusion-li-item\" style=\"\"><span class=\"icon-wrapper circle-yes\"><i class=\"fusion-li-icon fa-file-pdf far\" aria-hidden=\"true\"><\/i><\/span><div class=\"fusion-li-item-content\">\n<p><a href=\"https:\/\/www.lasalle.org\/wp-content\/uploads\/2022\/04\/INFORME_FR_WEB.pdf\" target=\"_blank\" rel=\"noopener\"><strong>Rapport<\/strong>\u00a0du Fr\u00e8re Sup\u00e9rieur G\u00e9n\u00e9ral (2014 \u2013 2022)<\/a><\/p>\n<\/div><\/li><li class=\"fusion-li-item\" style=\"\"><span class=\"icon-wrapper circle-yes\"><i class=\"fusion-li-icon fa-file-pdf far\" aria-hidden=\"true\"><\/i><\/span><div class=\"fusion-li-item-content\">\n<p><a href=\"https:\/\/www.lasalle.org\/wp-content\/uploads\/2022\/04\/FR-PLAN-DE-COMMUNICATION_FSC46GC.pdf\" target=\"_blank\" rel=\"noopener\"><strong>Plan de communication<\/strong>\u00a046\u00e8me Chapitre G\u00e9n\u00e9ral<\/a><\/p>\n<\/div><\/li><\/ul><div class=\"fusion-separator fusion-full-width-sep\" style=\"align-self: center;margin-left: auto;margin-right: auto;margin-top:15px;margin-bottom:0px;width:100%;\"><div class=\"fusion-separator-border sep-single sep-solid\" style=\"--awb-height:20px;--awb-amount:20px;--awb-sep-color:var(--awb-color3);border-color:var(--awb-color3);border-top-width:1px;\"><\/div><\/div><div class=\"fusion-title title fusion-title-3 fusion-sep-none fusion-title-text fusion-title-size-two\" style=\"--awb-text-color:var(--awb-custom17);--awb-sep-color:var(--awb-custom14);--awb-font-size:20px;\"><h2 class=\"fusion-title-heading title-heading-left\" style=\"margin:0;font-size:1em;\"><img decoding=\"async\" class=\"alignleft size-full wp-image-111757\" src=\"https:\/\/www.lasalle.org\/wp-content\/uploads\/2025\/06\/icona_AMEL20.png\" alt=\"\" width=\"100\" height=\"100\" srcset=\"https:\/\/www.lasalle.org\/wp-content\/uploads\/2025\/06\/icona_AMEL20-66x66.png 66w, https:\/\/www.lasalle.org\/wp-content\/uploads\/2025\/06\/icona_AMEL20.png 100w\" sizes=\"(max-width: 100px) 100vw, 100px\" \/><\/p>\n<p>&nbsp;<\/p>\n<p><strong>IIIe Assembl\u00e9e Internationale de la Mission \u00c9ducative Lasallienne\u00a0<\/strong><\/h2><\/div><ul style=\"--awb-line-height:27.2px;--awb-icon-width:27.2px;--awb-icon-height:27.2px;--awb-icon-margin:11.2px;--awb-content-margin:38.4px;--awb-circlecolor:var(--awb-custom17);--awb-circle-yes-font-size:14.08px;\" class=\"fusion-checklist fusion-checklist-2 fusion-checklist-default type-icons\"><li class=\"fusion-li-item\" style=\"\"><span class=\"icon-wrapper circle-yes\"><i class=\"fusion-li-icon fa-file-pdf far\" aria-hidden=\"true\"><\/i><\/span><div class=\"fusion-li-item-content\">\n<p><strong><a href=\"https:\/\/www.lasalle.org\/wp-content\/uploads\/2023\/07\/FR_Reporte_III_AIMEL.pdf\" target=\"_blank\" rel=\"noopener\">Reporte &#8211; III_AIMEL<\/a><\/strong><\/p>\n<\/div><\/li><\/ul><div class=\"fusion-separator fusion-full-width-sep\" style=\"align-self: center;margin-left: auto;margin-right: auto;margin-top:15px;margin-bottom:0px;width:100%;\"><div class=\"fusion-separator-border sep-single sep-solid\" style=\"--awb-height:20px;--awb-amount:20px;--awb-sep-color:var(--awb-color3);border-color:var(--awb-color3);border-top-width:1px;\"><\/div><\/div><div class=\"fusion-title title fusion-title-4 fusion-sep-none fusion-title-text fusion-title-size-two\" style=\"--awb-text-color:var(--awb-custom17);--awb-sep-color:var(--awb-custom14);--awb-font-size:20px;\"><h2 class=\"fusion-title-heading title-heading-left\" style=\"margin:0;font-size:1em;\"><strong><img decoding=\"async\" class=\"alignleft size-full wp-image-111763\" src=\"https:\/\/www.lasalle.org\/wp-content\/uploads\/2025\/06\/icona_plenaria.png\" alt=\"\" width=\"100\" height=\"100\" srcset=\"https:\/\/www.lasalle.org\/wp-content\/uploads\/2025\/06\/icona_plenaria-66x66.png 66w, https:\/\/www.lasalle.org\/wp-content\/uploads\/2025\/06\/icona_plenaria.png 100w\" sizes=\"(max-width: 100px) 100vw, 100px\" \/><\/strong><\/p>\n<p>&nbsp;<\/p>\n<p><strong>Assembl\u00e9e Pl\u00e9ni\u00e8re 2024<\/strong><\/h2><\/div><ul style=\"--awb-line-height:27.2px;--awb-icon-width:27.2px;--awb-icon-height:27.2px;--awb-icon-margin:11.2px;--awb-content-margin:38.4px;--awb-circlecolor:var(--awb-custom17);--awb-circle-yes-font-size:14.08px;\" class=\"fusion-checklist fusion-checklist-3 fusion-checklist-default type-icons\"><li class=\"fusion-li-item\" style=\"\"><span class=\"icon-wrapper circle-yes\"><i class=\"fusion-li-icon fa-file-pdf far\" aria-hidden=\"true\"><\/i><\/span><div class=\"fusion-li-item-content\">\n<p><strong><a href=\"https:\/\/www.lasalle.org\/wp-content\/uploads\/2024\/12\/SINTESI_PLENARIA_FR.pdf\" target=\"_blank\" rel=\"noopener\">Synth\u00e8se<\/a><\/strong><br \/>\nNotre parcours synodal : Notre parcours synodal : Lasalliens Lasalliens Lasalliens en route<\/p>\n<\/div><\/li><\/ul><div class=\"fusion-separator fusion-full-width-sep\" style=\"align-self: center;margin-left: auto;margin-right: auto;margin-top:15px;margin-bottom:0px;width:100%;\"><div class=\"fusion-separator-border sep-single sep-solid\" style=\"--awb-height:20px;--awb-amount:20px;--awb-sep-color:var(--awb-color3);border-color:var(--awb-color3);border-top-width:1px;\"><\/div><\/div><div class=\"fusion-title title fusion-title-5 fusion-sep-none fusion-title-text fusion-title-size-two\" style=\"--awb-text-color:var(--awb-custom17);--awb-sep-color:var(--awb-custom14);--awb-font-size:20px;\"><h2 class=\"fusion-title-heading title-heading-left\" style=\"margin:0;font-size:1em;\"><strong><img decoding=\"async\" class=\"alignleft size-full wp-image-111776\" src=\"https:\/\/www.lasalle.org\/wp-content\/uploads\/2025\/06\/icona_giovaniFratelli.png\" alt=\"\" width=\"100\" height=\"100\" srcset=\"https:\/\/www.lasalle.org\/wp-content\/uploads\/2025\/06\/icona_giovaniFratelli-66x66.png 66w, https:\/\/www.lasalle.org\/wp-content\/uploads\/2025\/06\/icona_giovaniFratelli.png 100w\" sizes=\"(max-width: 100px) 100vw, 100px\" \/><\/strong><\/p>\n<p>&nbsp;<\/p>\n<p><strong>Assembl\u00e9e Internationale des Jeunes Fr\u00e8res<\/strong><\/h2><\/div><ul style=\"--awb-line-height:27.2px;--awb-icon-width:27.2px;--awb-icon-height:27.2px;--awb-icon-margin:11.2px;--awb-content-margin:38.4px;--awb-circlecolor:var(--awb-custom17);--awb-circle-yes-font-size:14.08px;\" class=\"fusion-checklist fusion-checklist-4 fusion-checklist-default type-icons\"><li class=\"fusion-li-item\" style=\"\"><span class=\"icon-wrapper circle-yes\"><i class=\"fusion-li-icon fa-file-pdf far\" aria-hidden=\"true\"><\/i><\/span><div class=\"fusion-li-item-content\">\n<p><a href=\"https:\/\/www.lasalle.org\/fr\/iie-assemblee-internationale-des-jeunes-freres-iie-aijf\/\" target=\"_blank\" rel=\"noopener\">Document de la IIe Assembl\u00e9e Internationale des Jeunes Fr\u00e8res<\/a><\/p>\n<\/div><\/li><\/ul><div class=\"fusion-separator fusion-full-width-sep\" style=\"align-self: center;margin-left: auto;margin-right: auto;margin-top:15px;margin-bottom:15px;width:100%;\"><div class=\"fusion-separator-border sep-single sep-solid\" style=\"--awb-height:20px;--awb-amount:20px;--awb-sep-color:var(--awb-custom14);border-color:var(--awb-custom14);border-top-width:1px;\"><\/div><\/div><nav class=\"fusion-breadcrumbs fusion-breadcrumbs-1\" style=\"--awb-breadcrumb-sep:&#039;\/&#039;;\" aria-label=\"Breadcrumb\"><ol class=\"awb-breadcrumb-list\"><\/ol><\/nav><\/div><\/div><div class=\"fusion-layout-column fusion_builder_column fusion-builder-column-1 fusion_builder_column_1_4 1_4 fusion-flex-column\" style=\"--awb-bg-size:cover;--awb-width-large:25%;--awb-margin-top-large:0px;--awb-spacing-right-large:7.68%;--awb-margin-bottom-large:20px;--awb-spacing-left-large:7.68%;--awb-width-medium:25%;--awb-order-medium:0;--awb-spacing-right-medium:7.68%;--awb-spacing-left-medium:7.68%;--awb-width-small:100%;--awb-order-small:0;--awb-spacing-right-small:1.92%;--awb-spacing-left-small:1.92%;\"><div class=\"fusion-column-wrapper fusion-column-has-shadow fusion-flex-justify-content-flex-start fusion-content-layout-column\"><div class=\"fusion-title title fusion-title-6 sep-underline sep-solid fusion-title-text fusion-title-size-two\" style=\"--awb-text-color:var(--awb-custom17);--awb-sep-color:var(--awb-custom17);--awb-font-size:22px;\"><h2 class=\"fusion-title-heading title-heading-left\" style=\"margin:0;font-size:1em;\">Ressources<\/h2><\/div><ul style=\"--awb-line-height:27.2px;--awb-icon-width:27.2px;--awb-icon-height:27.2px;--awb-icon-margin:11.2px;--awb-content-margin:38.4px;--awb-circlecolor:var(--awb-custom17);--awb-circle-yes-font-size:14.08px;\" class=\"fusion-checklist fusion-checklist-5 fusion-checklist-default type-icons\"><li class=\"fusion-li-item\" style=\"\"><span class=\"icon-wrapper circle-yes\"><i class=\"fusion-li-icon fa-link fas\" aria-hidden=\"true\"><\/i><\/span><div class=\"fusion-li-item-content\">\n<p><a href=\"https:\/\/fsc46gc.lasalle.org\/?lang=fr\" target=\"_blank\" rel=\"noopener\">Site web du 46e Chapitre g\u00e9n\u00e9ral<\/a><\/p>\n<\/div><\/li><li class=\"fusion-li-item\" style=\"\"><span class=\"icon-wrapper circle-yes\"><i class=\"fusion-li-icon fa-link fas\" aria-hidden=\"true\"><\/i><\/span><div class=\"fusion-li-item-content\">\n<p><a href=\"https:\/\/generalchapter.lasalle.org\/fr\/page-daccueil\/\" target=\"_blank\" rel=\"noopener\">Site web des Chemins de transformation<\/a><\/p>\n<\/div><\/li><li class=\"fusion-li-item\" style=\"\"><span class=\"icon-wrapper circle-yes\"><i class=\"fusion-li-icon fa-link fas\" aria-hidden=\"true\"><\/i><\/span><div class=\"fusion-li-item-content\">\n<p><a href=\"https:\/\/www.lasalle.org\/fr\/assemblee-pleniere\/\" target=\"_blank\" rel=\"noopener\">Sitio web de l\u2019Assembl\u00e9e pl\u00e9ni\u00e8re<\/a><\/p>\n<\/div><\/li><\/ul><div class=\"fusion-separator fusion-full-width-sep\" style=\"align-self: center;margin-left: auto;margin-right: auto;margin-top:15px;margin-bottom:15px;width:100%;\"><\/div><div class=\"fusion-title title fusion-title-7 sep-underline sep-solid fusion-title-text fusion-title-size-two\" style=\"--awb-text-color:var(--awb-custom17);--awb-sep-color:var(--awb-custom17);--awb-font-size:22px;\"><h2 class=\"fusion-title-heading title-heading-left\" style=\"margin:0;font-size:1em;\">Nouvelles<\/h2><\/div><ul style=\"--awb-line-height:27.2px;--awb-icon-width:27.2px;--awb-icon-height:27.2px;--awb-icon-margin:11.2px;--awb-content-margin:38.4px;--awb-circlecolor:var(--awb-custom17);--awb-circle-yes-font-size:14.08px;\" class=\"fusion-checklist fusion-checklist-6 fusion-checklist-default type-icons\"><li class=\"fusion-li-item\" style=\"\"><span class=\"icon-wrapper circle-yes\"><i class=\"fusion-li-icon fa-file-alt far\" aria-hidden=\"true\"><\/i><\/span><div class=\"fusion-li-item-content\">\n<p><a href=\"https:\/\/www.lasalle.org\/fr\/category\/evenements\/46e-chapitre-general\/\">46e Chapitre g\u00e9n\u00e9ral<\/a><\/p>\n<\/div><\/li><li class=\"fusion-li-item\" style=\"\"><span class=\"icon-wrapper circle-yes\"><i class=\"fusion-li-icon fa-file-alt far\" aria-hidden=\"true\"><\/i><\/span><div class=\"fusion-li-item-content\">\n<p><a href=\"https:\/\/www.lasalle.org\/fr\/category\/evenements\/aimel2020-fr\/\">IIIe Assembl\u00e9e internationale de la Mission \u00e9ducative lasallienne<\/a><\/p>\n<\/div><\/li><li class=\"fusion-li-item\" style=\"\"><span class=\"icon-wrapper circle-yes\"><i class=\"fusion-li-icon fa-file-alt far\" aria-hidden=\"true\"><\/i><\/span><div class=\"fusion-li-item-content\">\n<p><a href=\"https:\/\/www.lasalle.org\/fr\/category\/evenements\/assemblee-pleniere\/\">Assembl\u00e9e Pl\u00e9ni\u00e8re 2024<\/a><\/p>\n<\/div><\/li><\/ul><div class=\"fusion-separator fusion-full-width-sep\" style=\"align-self: center;margin-left: auto;margin-right: auto;margin-top:15px;margin-bottom:15px;width:100%;\"><div class=\"fusion-separator-border sep-single sep-solid\" style=\"--awb-height:20px;--awb-amount:20px;--awb-sep-color:var(--awb-custom14);border-color:var(--awb-custom14);border-top-width:1px;\"><\/div><\/div><\/div><\/div><\/div><\/div>\n","protected":false},"excerpt":{"rendered":"","protected":false},"author":9,"featured_media":111788,"parent":10805,"menu_order":0,"comment_status":"closed","ping_status":"closed","template":"","meta":{"_tec_requires_first_save":true,"_monsterinsights_skip_tracking":false,"_monsterinsights_sitenote_active":false,"_monsterinsights_sitenote_note":"","_monsterinsights_sitenote_category":0,"_EventAllDay":false,"_EventTimezone":"","_EventStartDate":"","_EventEndDate":"","_EventStartDateUTC":"","_EventEndDateUTC":"","_EventShowMap":false,"_EventShowMapLink":false,"_EventURL":"","_EventCost":"","_EventCostDescription":"","_EventCurrencySymbol":"","_EventCurrencyCode":"","_EventCurrencyPosition":"","_EventDateTimeSeparator":"","_EventTimeRangeSeparator":"","_EventOrganizerID":[],"_EventVenueID":[],"_OrganizerEmail":"","_OrganizerPhone":"","_OrganizerWebsite":"","_VenueAddress":"","_VenueCity":"","_VenueCountry":"","_VenueProvince":"","_VenueState":"","_VenueZip":"","_VenuePhone":"","_VenueURL":"","_VenueStateProvince":"","_VenueLat":"","_VenueLng":"","_VenueShowMap":false,"_VenueShowMapLink":false,"_tribe_blocks_recurrence_rules":"","_tribe_blocks_recurrence_description":"","_tribe_blocks_recurrence_exclusions":"","footnotes":""},"class_list":["post-113192","page","type-page","status-publish","has-post-thumbnail","hentry"],"_links":{"self":[{"href":"https:\/\/www.lasalle.org\/fr\/wp-json\/wp\/v2\/pages\/113192","targetHints":{"allow":["GET"]}}],"collection":[{"href":"https:\/\/www.lasalle.org\/fr\/wp-json\/wp\/v2\/pages"}],"about":[{"href":"https:\/\/www.lasalle.org\/fr\/wp-json\/wp\/v2\/types\/page"}],"author":[{"embeddable":true,"href":"https:\/\/www.lasalle.org\/fr\/wp-json\/wp\/v2\/users\/9"}],"replies":[{"embeddable":true,"href":"https:\/\/www.lasalle.org\/fr\/wp-json\/wp\/v2\/comments?post=113192"}],"version-history":[{"count":5,"href":"https:\/\/www.lasalle.org\/fr\/wp-json\/wp\/v2\/pages\/113192\/revisions"}],"predecessor-version":[{"id":113200,"href":"https:\/\/www.lasalle.org\/fr\/wp-json\/wp\/v2\/pages\/113192\/revisions\/113200"}],"up":[{"embeddable":true,"href":"https:\/\/www.lasalle.org\/fr\/wp-json\/wp\/v2\/pages\/10805"}],"wp:featuredmedia":[{"embeddable":true,"href":"https:\/\/www.lasalle.org\/fr\/wp-json\/wp\/v2\/media\/111788"}],"wp:attachment":[{"href":"https:\/\/www.lasalle.org\/fr\/wp-json\/wp\/v2\/media?parent=113192"}],"curies":[{"name":"wp","href":"https:\/\/api.w.org\/{rel}","templated":true}]}}