{"id":118269,"date":"2025-09-10T14:08:00","date_gmt":"2025-09-10T12:08:00","guid":{"rendered":"https:\/\/www.lasalle.org\/?page_id=118269"},"modified":"2025-12-01T11:38:25","modified_gmt":"2025-12-01T10:38:25","slug":"superieur-general","status":"publish","type":"page","link":"https:\/\/www.lasalle.org\/fr\/animation-et-gouvernement\/superieur-general\/","title":{"rendered":"Sup\u00e9rieur g\u00e9n\u00e9ral"},"content":{"rendered":"<div class=\"fusion-fullwidth fullwidth-box fusion-builder-row-1 fusion-flex-container has-pattern-background has-mask-background nonhundred-percent-fullwidth non-hundred-percent-height-scrolling\" style=\"--awb-border-radius-top-left:0px;--awb-border-radius-top-right:0px;--awb-border-radius-bottom-right:0px;--awb-border-radius-bottom-left:0px;--awb-flex-wrap:wrap;\" ><div class=\"fusion-builder-row fusion-row fusion-flex-align-items-flex-start fusion-flex-content-wrap\" style=\"max-width:1248px;margin-left: calc(-4% \/ 2 );margin-right: calc(-4% \/ 2 );\"><div class=\"fusion-layout-column fusion_builder_column fusion-builder-column-0 fusion_builder_column_3_4 3_4 fusion-flex-column\" style=\"--awb-bg-size:cover;--awb-width-large:75%;--awb-margin-top-large:0px;--awb-spacing-right-large:2.56%;--awb-margin-bottom-large:20px;--awb-spacing-left-large:2.56%;--awb-width-medium:75%;--awb-order-medium:0;--awb-spacing-right-medium:2.56%;--awb-spacing-left-medium:2.56%;--awb-width-small:100%;--awb-order-small:0;--awb-spacing-right-small:1.92%;--awb-spacing-left-small:1.92%;\"><div class=\"fusion-column-wrapper fusion-column-has-shadow fusion-flex-justify-content-flex-start fusion-content-layout-column\"><div class=\"fusion-title title fusion-title-1 sep-underline sep-solid fusion-title-text fusion-title-size-two\" style=\"--awb-text-color:var(--awb-custom17);--awb-sep-color:var(--awb-custom17);--awb-font-size:22px;\"><h2 class=\"fusion-title-heading title-heading-left\" style=\"margin:0;font-size:1em;\"><b>Sup\u00e9rieur g\u00e9n\u00e9ral<\/b><\/h2><\/div><div class=\"fusion-text fusion-text-1\" style=\"--awb-font-size:22px;--awb-text-color:var(--awb-custom17);\"><p style=\"text-align: center;\"><em><strong>\u00ab Le Fr\u00e8re Sup\u00e9rieur g\u00e9n\u00e9ral est \u00e9lu par le Chapitre g\u00e9n\u00e9ral et exerce son autorit\u00e9 sur l\u2019Institut entier, suivant les normes du Droit canon et la l\u00e9gislation de l\u2019Institut \u00bb. <\/strong><\/em>(R\u00e8gle 126)<\/p>\n<\/div><div class=\"fusion-separator fusion-full-width-sep\" style=\"align-self: center;margin-left: auto;margin-right: auto;margin-top:10px;margin-bottom:10px;width:100%;\"><\/div><div class=\"fusion-title title fusion-title-2 fusion-sep-none fusion-title-text fusion-title-size-two\" style=\"--awb-text-color:var(--awb-custom17);--awb-sep-color:var(--awb-custom14);--awb-font-size:20px;\"><h2 class=\"fusion-title-heading title-heading-left\" style=\"margin:0;font-size:1em;\"><b>Le 18 mai 2022, le 46eme Chapitre G\u00e9n\u00e9ral des Fr\u00e8res des \u00c9coles Chr\u00e9tiennes a \u00e9lu le Fr\u00e8re Armin A. Luistro FSC comme 28eme Sup\u00e9rieur g\u00e9n\u00e9ral de l\u2019Institut.<\/b><\/h2><\/div><div class=\"fusion-separator fusion-full-width-sep\" style=\"align-self: center;margin-left: auto;margin-right: auto;margin-top:5px;margin-bottom:5px;width:100%;\"><\/div><div class=\"fusion-text fusion-text-2\"><p><img decoding=\"async\" class=\"alignright size-medium wp-image-104225\" src=\"https:\/\/www.lasalle.org\/wp-content\/uploads\/2024\/09\/aluistro-233x300.png\" alt=\"\" width=\"233\" height=\"300\" srcset=\"https:\/\/www.lasalle.org\/wp-content\/uploads\/2024\/09\/aluistro-200x257.png 200w, https:\/\/www.lasalle.org\/wp-content\/uploads\/2024\/09\/aluistro-233x300.png 233w, https:\/\/www.lasalle.org\/wp-content\/uploads\/2024\/09\/aluistro-400x514.png 400w, https:\/\/www.lasalle.org\/wp-content\/uploads\/2024\/09\/aluistro.png 413w\" sizes=\"(max-width: 233px) 100vw, 233px\" \/>Le Fr\u00e8re Armin est n\u00e9 le 24 d\u00e9cembre 1961 \u00e0 Lipa, province de Batangas, aux Philippines. Il a \u00e9t\u00e9 \u00e9l\u00e8ve de La Salle Lipa, o\u00f9 il a effectu\u00e9 son enseignement primaire et secondaire.<\/p>\n<p>Il est entr\u00e9 en formation dans l\u2019Institut des Fr\u00e8res des \u00c9coles Chr\u00e9tiennes en avril 1979, \u00e0 Manille, tout en \u00e9tudiant \u00e0 l\u2019Universit\u00e9 De La Salle (DLSU). Il a re\u00e7u l\u2019habit religieux en octobre 1981. Un an plus tard, il a profess\u00e9 ses premiers v\u0153ux religieux en octobre 1982. Ensuite, il a achev\u00e9 sa formation comme Scolastique \u00e0 Mandaluyong City, en 1983, et a prononc\u00e9 la profession perp\u00e9tuelle en mai 1988.<\/p>\n<p><span style=\"font-weight: 400;\">Le Fr\u00e8re Armin a une Licence en Philosophie et Lettres par la DLSU, o\u00f9 il a \u00e9galement obtenu un Master en \u00c9ducation Religieuse et Valeurs. Il est en outre Docteur en Management de l\u2019\u00c9ducation par l\u2019University of St. La Salle de Bacolod (Philippines).<\/span><\/p>\n<p>Il a commenc\u00e9 sa profession d\u2019enseignant dans sa terre natale, \u00e0 La Salle Lipa, o\u00f9 il a exerc\u00e9 comme professeur de religion, conseiller d\u2019orientation et responsable de la pastorale entre 1983 et 1986. Par la suite, apr\u00e8s avoir assum\u00e9 divers services et responsabilit\u00e9s dans plusieurs \u0153uvres lasalliennes, il a \u00e9t\u00e9 nomm\u00e9 Visiteur de l\u2019alors District des Philippines pour la p\u00e9riode 1997-2003.<\/p>\n<p>Le Fr\u00e8re Armin apporte plus de 34 ans d\u2019exp\u00e9rience et de leadership dans les secteurs public et priv\u00e9. Le 26 ao\u00fbt 2000, le Fr\u00e8re Armin a cofond\u00e9 avec Mgr Joseph Suwatan, \u00e9v\u00eaque de Manado, l\u2019Universit\u00e9 Catholique De La Salle \u00e0 Manado, aujourd\u2019hui connue comme l\u2019Universit\u00e9 De La Salle d\u2019Indon\u00e9sie.<\/p>\n<p>Il a \u00e9t\u00e9 Ministre de l\u2019\u00c9ducation de son pays de juin 2010 \u00e0 2016. Auparavant, il avait dirig\u00e9 l\u2019Universit\u00e9 De La Salle, dont il a \u00e9t\u00e9 Pr\u00e9sident d\u2019avril 2004 \u00e0 juin 2010.<\/p>\n<p>Les ann\u00e9es pr\u00e9c\u00e9dentes, il a \u00e9galement \u00e9t\u00e9 Pr\u00e9sident du syst\u00e8me universitaire de La Salle et de plusieurs \u00e9coles La Salle. De 2017 \u00e0 2019, il a assum\u00e9 la Pr\u00e9sidence de La Salle Philippines, le r\u00e9seau des \u00e9tablissements La Salle du pays. En mai 2019, il a \u00e9t\u00e9 nomm\u00e9 Fr\u00e8re Visiteur du District lasallien d\u2019Asie de l\u2019Est (LEAD).<\/p>\n<p>Au cours de sa vaste trajectoire, le Fr\u00e8re Armin a \u00e9t\u00e9 membre du conseil d\u2019administration de <i>Philippine Business for Social Progress <\/i>(PBSP), la plus grande organisation non gouvernementale du pays dirig\u00e9e par des entreprises. Il a \u00e9galement occup\u00e9 divers postes dans d\u2019autres organismes gouvernementaux et intergouvernementaux, tels que le Conseil Consultatif de la Commission Nationale de la Jeunesse (NYC), la Commission Nationale de l\u2019UNESCO des Philippines et l\u2019Organisation des Ministres de l\u2019\u00c9ducation de l\u2019Asie du Sud-Est (SEAMEO). De m\u00eame, il a \u00e9t\u00e9 membre actif du Conseil Philippin pour la Certification des ONG (PCNC), de la<i>Knowledge Channel<\/i> <i>Foundation<\/i>, de <i>Philippine Business for Education<\/i> (PBEd) et de la <i>Sidhay Foundation<\/i> pour les enfants des rues.<\/p>\n<p>Comme Sup\u00e9rieur g\u00e9n\u00e9ral de l\u2019Institut, le Fr\u00e8re Armin fait partie de l\u2019Union des Sup\u00e9rieurs G\u00e9n\u00e9raux, dont le si\u00e8ge est \u00e0 Rome. Le 24 juin 2025, le pape L\u00e9on XIX a nomm\u00e9 le Fr\u00e8re Armin membre du Dicast\u00e8re pour les Instituts de Vie Consacr\u00e9e et les Soci\u00e9t\u00e9s de Vie Apostolique.<\/p>\n<\/div><div class=\"fusion-separator fusion-full-width-sep\" style=\"align-self: center;margin-left: auto;margin-right: auto;margin-top:15px;margin-bottom:15px;width:100%;\"><div class=\"fusion-separator-border sep-single sep-solid\" style=\"--awb-height:20px;--awb-amount:20px;--awb-sep-color:var(--awb-custom17);border-color:var(--awb-custom17);border-top-width:1px;\"><\/div><\/div><nav class=\"fusion-breadcrumbs fusion-breadcrumbs-1\" style=\"--awb-breadcrumb-sep:&#039;\/&#039;;\" aria-label=\"Breadcrumb\"><ol class=\"awb-breadcrumb-list\"><\/ol><\/nav><\/div><\/div><div class=\"fusion-layout-column fusion_builder_column fusion-builder-column-1 fusion_builder_column_1_4 1_4 fusion-flex-column\" style=\"--awb-bg-size:cover;--awb-width-large:25%;--awb-margin-top-large:0px;--awb-spacing-right-large:7.68%;--awb-margin-bottom-large:20px;--awb-spacing-left-large:7.68%;--awb-width-medium:25%;--awb-order-medium:0;--awb-spacing-right-medium:7.68%;--awb-spacing-left-medium:7.68%;--awb-width-small:100%;--awb-order-small:0;--awb-spacing-right-small:1.92%;--awb-spacing-left-small:1.92%;\"><div class=\"fusion-column-wrapper fusion-column-has-shadow fusion-flex-justify-content-flex-start fusion-content-layout-column\"><div class=\"fusion-title title fusion-title-3 sep-underline sep-solid fusion-title-text fusion-title-size-two\" style=\"--awb-text-color:var(--awb-custom17);--awb-sep-color:var(--awb-custom17);--awb-font-size:22px;\"><h2 class=\"fusion-title-heading title-heading-left\" style=\"margin:0;font-size:1em;\">En relation<\/h2><\/div><ul style=\"--awb-line-height:27.2px;--awb-icon-width:27.2px;--awb-icon-height:27.2px;--awb-icon-margin:11.2px;--awb-content-margin:38.4px;--awb-circlecolor:var(--awb-custom17);--awb-circle-yes-font-size:14.08px;\" class=\"fusion-checklist fusion-checklist-1 fusion-checklist-default type-icons\"><li class=\"fusion-li-item\" style=\"\"><span class=\"icon-wrapper circle-yes\"><i class=\"fusion-li-icon fa-file-alt far\" aria-hidden=\"true\"><\/i><\/span><div class=\"fusion-li-item-content\">\n<p><a href=\"https:\/\/www.lasalle.org\/fr\/animation-et-gouvernement\/\">Animation et Gouvernement<\/a><\/p>\n<\/div><\/li><li class=\"fusion-li-item\" style=\"\"><span class=\"icon-wrapper circle-yes\"><i class=\"fusion-li-icon fa-file-alt far\" aria-hidden=\"true\"><\/i><\/span><div class=\"fusion-li-item-content\">\n<p><a href=\"https:\/\/www.lasalle.org\/fr\/animation-et-gouvernement\/superieur-general\/\">Sup\u00e9rieur g\u00e9n\u00e9ral<\/a><\/p>\n<\/div><\/li><li class=\"fusion-li-item\" style=\"\"><span class=\"icon-wrapper circle-yes\"><i class=\"fusion-li-icon fa-file-alt far\" aria-hidden=\"true\"><\/i><\/span><div class=\"fusion-li-item-content\">\n<p><a href=\"https:\/\/www.lasalle.org\/fr\/?page_id=118332&amp;preview=true\">Vicaire g\u00e9n\u00e9ral<\/a><\/p>\n<\/div><\/li><li class=\"fusion-li-item\" style=\"\"><span class=\"icon-wrapper circle-yes\"><i class=\"fusion-li-icon fa-file-alt far\" aria-hidden=\"true\"><\/i><\/span><div class=\"fusion-li-item-content\">\n<p><a href=\"https:\/\/www.lasalle.org\/fr\/animation-et-gouvernement\/conseils\/\">Conseils de l\u2019Institut<\/a><\/p>\n<\/div><\/li><li class=\"fusion-li-item\" style=\"\"><span class=\"icon-wrapper circle-yes\"><i class=\"fusion-li-icon fa-file-alt far\" aria-hidden=\"true\"><\/i><\/span><div class=\"fusion-li-item-content\">\n<p><a href=\"https:\/\/www.lasalle.org\/fr\/?page_id=118380&amp;preview=true\">Bureaux<\/a><\/p>\n<\/div><\/li><li class=\"fusion-li-item\" style=\"\"><span class=\"icon-wrapper circle-yes\"><i class=\"fusion-li-icon fa-file-alt far\" aria-hidden=\"true\"><\/i><\/span><div class=\"fusion-li-item-content\">\n<p><a href=\"https:\/\/www.lasalle.org\/fr\/animation-et-gouvernement\/commissions\/\">Commissions<\/a><\/p>\n<\/div><\/li><li class=\"fusion-li-item\" style=\"\"><span class=\"icon-wrapper circle-yes\"><i class=\"fusion-li-icon fa-file-alt far\" aria-hidden=\"true\"><\/i><\/span><div class=\"fusion-li-item-content\">\n<p><a href=\"https:\/\/www.lasalle.org\/fr\/animation-et-gouvernement\/services-generaux\/\">Services g\u00e9n\u00e9raux<\/a><\/p>\n<\/div><\/li><li class=\"fusion-li-item\" style=\"\"><span class=\"icon-wrapper circle-yes\"><i class=\"fusion-li-icon fa-file-alt far\" aria-hidden=\"true\"><\/i><\/span><div class=\"fusion-li-item-content\">\n<p><a href=\"https:\/\/www.lasalle.org\/fr\/animation-et-gouvernement\/comites\/\">Comit\u00e9s internationaux<\/a><\/p>\n<\/div><\/li><\/ul>\n<div class=\"fusion-separator fusion-full-width-sep\" style=\"align-self: center;margin-left: auto;margin-right: auto;margin-top:15px;margin-bottom:15px;width:100%;\"><\/div><div class=\"fusion-title title fusion-title-4 sep-underline sep-solid fusion-title-text fusion-title-size-two\" style=\"--awb-text-color:var(--awb-custom17);--awb-sep-color:var(--awb-custom17);--awb-font-size:22px;\"><h2 class=\"fusion-title-heading title-heading-left\" style=\"margin:0;font-size:1em;\">Ressources<\/h2><\/div><ul style=\"--awb-line-height:27.2px;--awb-icon-width:27.2px;--awb-icon-height:27.2px;--awb-icon-margin:11.2px;--awb-content-margin:38.4px;--awb-circlecolor:var(--awb-custom17);--awb-circle-yes-font-size:14.08px;\" class=\"fusion-checklist fusion-checklist-2 fusion-checklist-default type-icons\"><li class=\"fusion-li-item\" style=\"\"><span class=\"icon-wrapper circle-yes\"><i class=\"fusion-li-icon fa-file-pdf far\" aria-hidden=\"true\"><\/i><\/span><div class=\"fusion-li-item-content\">\n<p><a href=\"https:\/\/www.lasalle.org\/fr\/publications\/lettres-pastorales\/\">Lettres pastorales<\/a><\/p>\n<\/div><\/li><li class=\"fusion-li-item\" style=\"\"><span class=\"icon-wrapper circle-yes\"><i class=\"fusion-li-icon fa-file-pdf far\" aria-hidden=\"true\"><\/i><\/span><div class=\"fusion-li-item-content\">\n<p><a href=\"https:\/\/www.lasalle.org\/fr\/publications\/circulaires\/\">Circulaires<\/a><\/p>\n<\/div><\/li><li class=\"fusion-li-item\" style=\"\"><span class=\"icon-wrapper circle-yes\"><i class=\"fusion-li-icon fa-file-pdf far\" aria-hidden=\"true\"><\/i><\/span><div class=\"fusion-li-item-content\">\n<p><a href=\"https:\/\/www.lasalle.org\/fr\/category\/maison-generalice\/superieur-general\/\">Nouvelles du Sup\u00e9rieur g\u00e9n\u00e9ral<\/a><\/p>\n<\/div><\/li><\/ul><div class=\"fusion-separator fusion-full-width-sep\" style=\"align-self: center;margin-left: auto;margin-right: auto;margin-top:15px;margin-bottom:15px;width:100%;\"><div class=\"fusion-separator-border sep-single sep-solid\" style=\"--awb-height:20px;--awb-amount:20px;--awb-sep-color:var(--awb-custom17);border-color:var(--awb-custom17);border-top-width:1px;\"><\/div><\/div><\/div><\/div><\/div><\/div>\n","protected":false},"excerpt":{"rendered":"","protected":false},"author":9,"featured_media":110622,"parent":10563,"menu_order":0,"comment_status":"closed","ping_status":"closed","template":"","meta":{"_tec_requires_first_save":true,"_monsterinsights_skip_tracking":false,"_monsterinsights_sitenote_active":false,"_monsterinsights_sitenote_note":"","_monsterinsights_sitenote_category":0,"_EventAllDay":false,"_EventTimezone":"","_EventStartDate":"","_EventEndDate":"","_EventStartDateUTC":"","_EventEndDateUTC":"","_EventShowMap":false,"_EventShowMapLink":false,"_EventURL":"","_EventCost":"","_EventCostDescription":"","_EventCurrencySymbol":"","_EventCurrencyCode":"","_EventCurrencyPosition":"","_EventDateTimeSeparator":"","_EventTimeRangeSeparator":"","_EventOrganizerID":[],"_EventVenueID":[],"_OrganizerEmail":"","_OrganizerPhone":"","_OrganizerWebsite":"","_VenueAddress":"","_VenueCity":"","_VenueCountry":"","_VenueProvince":"","_VenueState":"","_VenueZip":"","_VenuePhone":"","_VenueURL":"","_VenueStateProvince":"","_VenueLat":"","_VenueLng":"","_VenueShowMap":false,"_VenueShowMapLink":false,"_tribe_blocks_recurrence_rules":"","_tribe_blocks_recurrence_description":"","_tribe_blocks_recurrence_exclusions":"","footnotes":""},"class_list":["post-118269","page","type-page","status-publish","has-post-thumbnail","hentry"],"_links":{"self":[{"href":"https:\/\/www.lasalle.org\/fr\/wp-json\/wp\/v2\/pages\/118269","targetHints":{"allow":["GET"]}}],"collection":[{"href":"https:\/\/www.lasalle.org\/fr\/wp-json\/wp\/v2\/pages"}],"about":[{"href":"https:\/\/www.lasalle.org\/fr\/wp-json\/wp\/v2\/types\/page"}],"author":[{"embeddable":true,"href":"https:\/\/www.lasalle.org\/fr\/wp-json\/wp\/v2\/users\/9"}],"replies":[{"embeddable":true,"href":"https:\/\/www.lasalle.org\/fr\/wp-json\/wp\/v2\/comments?post=118269"}],"version-history":[{"count":6,"href":"https:\/\/www.lasalle.org\/fr\/wp-json\/wp\/v2\/pages\/118269\/revisions"}],"predecessor-version":[{"id":121627,"href":"https:\/\/www.lasalle.org\/fr\/wp-json\/wp\/v2\/pages\/118269\/revisions\/121627"}],"up":[{"embeddable":true,"href":"https:\/\/www.lasalle.org\/fr\/wp-json\/wp\/v2\/pages\/10563"}],"wp:featuredmedia":[{"embeddable":true,"href":"https:\/\/www.lasalle.org\/fr\/wp-json\/wp\/v2\/media\/110622"}],"wp:attachment":[{"href":"https:\/\/www.lasalle.org\/fr\/wp-json\/wp\/v2\/media?parent=118269"}],"curies":[{"name":"wp","href":"https:\/\/api.w.org\/{rel}","templated":true}]}}