{"id":118316,"date":"2025-09-11T10:22:47","date_gmt":"2025-09-11T08:22:47","guid":{"rendered":"https:\/\/www.lasalle.org\/?page_id=118316"},"modified":"2025-09-11T11:01:46","modified_gmt":"2025-09-11T09:01:46","slug":"mission-lasallienne","status":"publish","type":"page","link":"https:\/\/www.lasalle.org\/fr\/mission-lasallienne\/","title":{"rendered":"Mission Lasallienne"},"content":{"rendered":"<div class=\"fusion-fullwidth fullwidth-box fusion-builder-row-1 fusion-flex-container has-pattern-background has-mask-background nonhundred-percent-fullwidth non-hundred-percent-height-scrolling\" style=\"--awb-border-radius-top-left:0px;--awb-border-radius-top-right:0px;--awb-border-radius-bottom-right:0px;--awb-border-radius-bottom-left:0px;--awb-flex-wrap:wrap;\" ><div class=\"fusion-builder-row fusion-row fusion-flex-align-items-flex-start fusion-flex-content-wrap\" style=\"max-width:1248px;margin-left: calc(-4% \/ 2 );margin-right: calc(-4% \/ 2 );\"><div class=\"fusion-layout-column fusion_builder_column fusion-builder-column-0 fusion_builder_column_3_4 3_4 fusion-flex-column\" style=\"--awb-bg-size:cover;--awb-width-large:75%;--awb-margin-top-large:0px;--awb-spacing-right-large:2.56%;--awb-margin-bottom-large:20px;--awb-spacing-left-large:2.56%;--awb-width-medium:75%;--awb-order-medium:0;--awb-spacing-right-medium:2.56%;--awb-spacing-left-medium:2.56%;--awb-width-small:100%;--awb-order-small:0;--awb-spacing-right-small:1.92%;--awb-spacing-left-small:1.92%;\"><div class=\"fusion-column-wrapper fusion-column-has-shadow fusion-flex-justify-content-flex-start fusion-content-layout-column\"><div class=\"fusion-title title fusion-title-1 sep-underline sep-solid fusion-title-text fusion-title-size-two\" style=\"--awb-text-color:var(--awb-custom17);--awb-sep-color:var(--awb-custom17);--awb-font-size:22px;\"><h2 class=\"fusion-title-heading title-heading-left\" style=\"margin:0;font-size:1em;\"><b>Mission Lasallienne<\/b><\/h2><\/div><div class=\"fusion-text fusion-text-1\"><p><span style=\"font-weight: 400;\">Plus de trois si\u00e8cles se sont \u00e9coul\u00e9s depuis que Saint Jean-Baptiste de La Salle et les premiers Fr\u00e8res se sont associ\u00e9s pour \u00e9tablir des \u00e9coles chr\u00e9tiennes gratuites en France, <\/span><b>alliant formation chr\u00e9tienne et enseignement de qualit\u00e9<\/b><span style=\"font-weight: 400;\">, et en le r\u00e9alisant dans un esprit fraternel, apportant ainsi un service important et n\u00e9cessaire \u00e0 l\u2019\u00c9glise et \u00e0 la soci\u00e9t\u00e9 (cf. R\u00e8gle 13).<\/span><\/p>\n<\/div><div class=\"fusion-text fusion-text-2\"><p><span style=\"font-weight: 400;\"><img decoding=\"async\" class=\"alignright size-medium wp-image-90538\" src=\"https:\/\/www.lasalle.org\/wp-content\/uploads\/2023\/02\/distretti_statiusa2023-300x161.png\" alt=\"\" width=\"300\" height=\"161\" srcset=\"https:\/\/www.lasalle.org\/wp-content\/uploads\/2023\/02\/distretti_statiusa2023-200x107.png 200w, https:\/\/www.lasalle.org\/wp-content\/uploads\/2023\/02\/distretti_statiusa2023-300x161.png 300w, https:\/\/www.lasalle.org\/wp-content\/uploads\/2023\/02\/distretti_statiusa2023-400x215.png 400w, https:\/\/www.lasalle.org\/wp-content\/uploads\/2023\/02\/distretti_statiusa2023-600x322.png 600w, https:\/\/www.lasalle.org\/wp-content\/uploads\/2023\/02\/distretti_statiusa2023-768x412.png 768w, https:\/\/www.lasalle.org\/wp-content\/uploads\/2023\/02\/distretti_statiusa2023-800x429.png 800w, https:\/\/www.lasalle.org\/wp-content\/uploads\/2023\/02\/distretti_statiusa2023-1200x644.png 1200w, https:\/\/www.lasalle.org\/wp-content\/uploads\/2023\/02\/distretti_statiusa2023-1536x824.png 1536w, https:\/\/www.lasalle.org\/wp-content\/uploads\/2023\/02\/distretti_statiusa2023-1800x966.png 1800w\" sizes=\"(max-width: 300px) 100vw, 300px\" \/>Aujourd\u2019hui, la Mission lasallienne continue et s\u2019est \u00e9tendue \u00e0 <\/span><a href=\"https:\/\/www.lasalle.org\/fr\/dans-le-monde\/\"><b>80 pays<\/b><\/a><span style=\"font-weight: 400;\">, o\u00f9 <\/span><b>plus d\u2019un million d\u2019\u00e9l\u00e8ves<\/b><span style=\"font-weight: 400;\"> \u2013 enfants, jeunes et adultes \u2013 b\u00e9n\u00e9ficient de plus de 1.100 \u0153uvres \u00e9ducatives lasalliennes. Plus de <\/span><b>2.700 <a href=\"https:\/\/www.lasalle.org\/fr\/famille-charismatique-lasallienne\/freres\/\">Fr\u00e8res des \u00c9coles Chr\u00e9tiennes<\/a> et 90.000 \u00e9ducateurs et collaborateurs la\u00efcs<\/b><span style=\"font-weight: 400;\"> maintiennent vivant le charisme lasallien et s\u2019engagent, en particulier, envers \u00ab les besoins \u00e9ducatifs de ceux dont la dignit\u00e9 et les droits fondamentaux ne sont pas reconnus \u00bb, pour lesquels \u00ab l\u2019Institut \u00e9tablit, renouvelle et diversifie ses \u0153uvres selon les besoins du Royaume de Dieu \u00bb (R\u00e8gle 13).<\/span><\/p>\n<\/div><div class=\"fusion-text fusion-text-3\"><p><span style=\"font-weight: 400;\"><img decoding=\"async\" class=\"alignleft size-medium wp-image-115258\" src=\"https:\/\/www.lasalle.org\/wp-content\/uploads\/2025\/07\/bethlehem-university-300x200.jpg\" alt=\"\" width=\"300\" height=\"200\" srcset=\"https:\/\/www.lasalle.org\/wp-content\/uploads\/2025\/07\/bethlehem-university-200x133.jpg 200w, https:\/\/www.lasalle.org\/wp-content\/uploads\/2025\/07\/bethlehem-university-300x200.jpg 300w, https:\/\/www.lasalle.org\/wp-content\/uploads\/2025\/07\/bethlehem-university-400x267.jpg 400w, https:\/\/www.lasalle.org\/wp-content\/uploads\/2025\/07\/bethlehem-university-600x400.jpg 600w, https:\/\/www.lasalle.org\/wp-content\/uploads\/2025\/07\/bethlehem-university-768x512.jpg 768w, https:\/\/www.lasalle.org\/wp-content\/uploads\/2025\/07\/bethlehem-university-800x534.jpg 800w, https:\/\/www.lasalle.org\/wp-content\/uploads\/2025\/07\/bethlehem-university.jpg 1000w\" sizes=\"(max-width: 300px) 100vw, 300px\" \/>La Mission lasallienne se d\u00e9veloppe dans des contextes <strong>multiculturels<\/strong>, <strong>multireligieux<\/strong>, voire s\u00e9cularis\u00e9s, couvrant les <\/span><b>niveaux d\u2019\u00e9ducation pr\u00e9scolaire et primaire, secondaire et lyc\u00e9e, sup\u00e9rieur et <a href=\"https:\/\/ialu.org\/\" target=\"_blank\" rel=\"noopener\">universitaire<\/a><\/b><span style=\"font-weight: 400;\">, ainsi que divers <\/span><b>centres d\u2019\u00e9ducation non formelle et projets intercongr\u00e9gationnels <\/b><span style=\"font-weight: 400;\">li\u00e9s \u00e0 la mission \u00e9vang\u00e9lisatrice de l\u2019\u00c9glise.<\/span><\/p>\n<\/div><div class=\"fusion-text fusion-text-4\"><p><span style=\"font-weight: 400;\">Environ <\/span><b>la moiti\u00e9 des \u00e9l\u00e8ves lasalliens sont en risque d\u2019exclusion socio-\u00e9ducative<\/b><span style=\"font-weight: 400;\">, vivant dans des contextes de pauvret\u00e9 et de vuln\u00e9rabilit\u00e9 face \u00e0 leurs droits fondamentaux. En ce sens, la Mission Lasallienne consiste \u00e0 offrir des opportunit\u00e9s \u00e9ducatives \u00e0 ceux qui, autrement, n\u2019auraient pas acc\u00e8s \u00e0 l\u2019\u00e9ducation, en favorisant l\u2019inclusion des groupes sociaux les plus marginalis\u00e9s, des femmes et des filles, ainsi que des \u00e9l\u00e8ves \u00e0 besoins \u00e9ducatifs particuliers, partout dans le monde, comme expression de son option pr\u00e9f\u00e9rentielle pour le service \u00e9ducatif des pauvres (cf. R\u00e8gle 29).<\/span><\/p>\n<\/div><div class=\"fusion-text fusion-text-5\"><p><span style=\"font-weight: 400;\"><img decoding=\"async\" class=\"size-medium wp-image-115263 alignright\" src=\"https:\/\/www.lasalle.org\/wp-content\/uploads\/2025\/07\/bice_logo_3091cb72-1-300x177.webp\" alt=\"\" width=\"300\" height=\"177\" srcset=\"https:\/\/www.lasalle.org\/wp-content\/uploads\/2025\/07\/bice_logo_3091cb72-1-200x118.webp 200w, https:\/\/www.lasalle.org\/wp-content\/uploads\/2025\/07\/bice_logo_3091cb72-1-300x177.webp 300w, https:\/\/www.lasalle.org\/wp-content\/uploads\/2025\/07\/bice_logo_3091cb72-1-400x235.webp 400w, https:\/\/www.lasalle.org\/wp-content\/uploads\/2025\/07\/bice_logo_3091cb72-1-600x353.webp 600w, https:\/\/www.lasalle.org\/wp-content\/uploads\/2025\/07\/bice_logo_3091cb72-1.webp 710w\" sizes=\"(max-width: 300px) 100vw, 300px\" \/>L\u2019Institut des Fr\u00e8res des \u00c9coles Chr\u00e9tiennes maintient son engagement \u00e9ducatif en faveur de la promotion et de la d\u00e9fense des droits de l\u2019enfant, \u00e9tant l\u2019un des membres fondateurs du <strong><a href=\"https:\/\/bice.org\/fr\/\" target=\"_blank\" rel=\"noopener\">BICE (Bureau International Catholique de l\u2019Enfance)<\/a><\/strong>. Fruit de cet engagement pour poursuivre la mission \u00e9ducative aupr\u00e8s des plus pauvres, en 1990, Ann\u00e9e Internationale de l\u2019Alphab\u00e9tisation, l\u2019UNESCO d\u00e9cerna aux institutions lasalliennes le prix NOMA.<\/span><\/p>\n<p><span style=\"font-weight: 400;\"><img decoding=\"async\" class=\"size-medium wp-image-90126 alignleft\" src=\"https:\/\/www.lasalle.org\/wp-content\/uploads\/2023\/02\/cover_fratelli_esp-300x169.jpg\" alt=\"\" width=\"300\" height=\"169\" srcset=\"https:\/\/www.lasalle.org\/wp-content\/uploads\/2023\/02\/cover_fratelli_esp-200x113.jpg 200w, https:\/\/www.lasalle.org\/wp-content\/uploads\/2023\/02\/cover_fratelli_esp-300x169.jpg 300w, https:\/\/www.lasalle.org\/wp-content\/uploads\/2023\/02\/cover_fratelli_esp-400x225.jpg 400w, https:\/\/www.lasalle.org\/wp-content\/uploads\/2023\/02\/cover_fratelli_esp-600x338.jpg 600w, https:\/\/www.lasalle.org\/wp-content\/uploads\/2023\/02\/cover_fratelli_esp-768x432.jpg 768w, https:\/\/www.lasalle.org\/wp-content\/uploads\/2023\/02\/cover_fratelli_esp-800x450.jpg 800w, https:\/\/www.lasalle.org\/wp-content\/uploads\/2023\/02\/cover_fratelli_esp-1200x675.jpg 1200w, https:\/\/www.lasalle.org\/wp-content\/uploads\/2023\/02\/cover_fratelli_esp-1536x864.jpg 1536w, https:\/\/www.lasalle.org\/wp-content\/uploads\/2023\/02\/cover_fratelli_esp-1800x1013.jpg 1800w, https:\/\/www.lasalle.org\/wp-content\/uploads\/2023\/02\/cover_fratelli_esp.jpg 1920w\" sizes=\"(max-width: 300px) 100vw, 300px\" \/>De m\u00eame, la Mission lasallienne s\u2019exprime \u00e0 travers des projets intercongr\u00e9gationnels comme \u00ab <\/span><a href=\"https:\/\/solidarityssudan.org\/fr\/home-fr\/\" target=\"_blank\" rel=\"noopener\"><b>Solidarit\u00e9 avec le Soudan du Sud<\/b><\/a><span style=\"font-weight: 400;\"> \u00bb, de l\u2019<a href=\"https:\/\/www.usgroma.org\/fr\/\" target=\"_blank\" rel=\"noopener\">Union des Sup\u00e9rieurs G\u00e9n\u00e9raux<\/a>, et le \u00ab <\/span><a href=\"https:\/\/www.lasallefoundation.org\/fr\/project\/projet-fratelli\/\" target=\"_blank\" rel=\"noopener\"><b>Projet Fratelli<\/b><\/a><span style=\"font-weight: 400;\"> \u00bb aux c\u00f4t\u00e9s des <a href=\"https:\/\/champagnat.org\/fr\/\" target=\"_blank\" rel=\"noopener\">Fr\u00e8res Maristes<\/a>, pour r\u00e9pondre aux besoins \u00e9mergents et urgents des enfants et jeunes les plus vuln\u00e9rables et en situation de risque.<\/span><\/p>\n<\/div><div class=\"fusion-text fusion-text-6\"><p><span style=\"font-weight: 400;\"><img decoding=\"async\" class=\"size-medium wp-image-75453 alignright\" src=\"https:\/\/www.lasalle.org\/wp-content\/uploads\/2021\/01\/Infografica-tutti-i-loghi-300x212.jpg\" alt=\"\" width=\"300\" height=\"212\" srcset=\"https:\/\/www.lasalle.org\/wp-content\/uploads\/2021\/01\/Infografica-tutti-i-loghi-300x212.jpg 300w, https:\/\/www.lasalle.org\/wp-content\/uploads\/2021\/01\/Infografica-tutti-i-loghi-768x543.jpg 768w, https:\/\/www.lasalle.org\/wp-content\/uploads\/2021\/01\/Infografica-tutti-i-loghi.jpg 842w\" sizes=\"(max-width: 300px) 100vw, 300px\" \/>Actuellement, la Mission lasallienne continue de r\u00e9pondre aux r\u00e9alit\u00e9s dans lesquelles elle s\u2019ins\u00e8re, \u00e0 travers ses centres \u00e9ducatifs et au moyen de programmes int\u00e9gr\u00e9s et durables afin que l\u2019\u00e9ducation devienne un moteur de d\u00e9veloppement, de justice et d\u2019\u00e9quit\u00e9 pour toute la communaut\u00e9. <\/span><\/p>\n<p><span style=\"font-weight: 400;\">Pour y parvenir, elle s\u2019appuie sur le <\/span><b>Bureau de Solidarit\u00e9 et D\u00e9veloppement <\/b><span style=\"font-weight: 400;\">et sur un r\u00e9seau international d\u2019organisations lasalliennes \u00e0 but non lucratif qui, en accord avec les Objectifs de D\u00e9veloppement Durable des Nations Unies et le <\/span><a href=\"https:\/\/globalcompact.lasalle.org\/RAIZ_FR\/index.html\" target=\"_blank\" rel=\"noopener\"><b>Pacte \u00c9ducatif Mondial<\/b><\/a><span style=\"font-weight: 400;\">, portent des projets de solidarit\u00e9, de coop\u00e9ration au d\u00e9veloppement et de volontariat pour construire un monde plus fraternel.<\/span><\/p>\n<\/div><div class=\"fusion-separator fusion-full-width-sep\" style=\"align-self: center;margin-left: auto;margin-right: auto;margin-top:15px;margin-bottom:15px;width:100%;\"><div class=\"fusion-separator-border sep-single sep-solid\" style=\"--awb-height:20px;--awb-amount:20px;--awb-sep-color:var(--awb-custom17);border-color:var(--awb-custom17);border-top-width:1px;\"><\/div><\/div><nav class=\"fusion-breadcrumbs fusion-breadcrumbs-1\" style=\"--awb-breadcrumb-sep:&#039;\/&#039;;\" aria-label=\"Breadcrumb\"><ol class=\"awb-breadcrumb-list\"><\/ol><\/nav><\/div><\/div><div class=\"fusion-layout-column fusion_builder_column fusion-builder-column-1 fusion_builder_column_1_4 1_4 fusion-flex-column\" style=\"--awb-bg-size:cover;--awb-width-large:25%;--awb-margin-top-large:0px;--awb-spacing-right-large:7.68%;--awb-margin-bottom-large:20px;--awb-spacing-left-large:7.68%;--awb-width-medium:25%;--awb-order-medium:0;--awb-spacing-right-medium:7.68%;--awb-spacing-left-medium:7.68%;--awb-width-small:100%;--awb-order-small:0;--awb-spacing-right-small:1.92%;--awb-spacing-left-small:1.92%;\"><div class=\"fusion-column-wrapper fusion-column-has-shadow fusion-flex-justify-content-flex-start fusion-content-layout-column\"><div class=\"fusion-title title fusion-title-2 sep-underline sep-solid fusion-title-text fusion-title-size-two\" style=\"--awb-text-color:var(--awb-custom17);--awb-sep-color:var(--awb-custom17);--awb-font-size:22px;\"><h2 class=\"fusion-title-heading title-heading-left\" style=\"margin:0;font-size:1em;\">Soutenez-nous<\/h2><\/div><div class=\"fusion-image-element \" style=\"text-align:center;--awb-caption-title-font-family:var(--h2_typography-font-family);--awb-caption-title-font-weight:var(--h2_typography-font-weight);--awb-caption-title-font-style:var(--h2_typography-font-style);--awb-caption-title-size:var(--h2_typography-font-size);--awb-caption-title-transform:var(--h2_typography-text-transform);--awb-caption-title-line-height:var(--h2_typography-line-height);--awb-caption-title-letter-spacing:var(--h2_typography-letter-spacing);\"><span class=\" fusion-imageframe imageframe-none imageframe-1 hover-type-zoomin\"><a class=\"fusion-no-lightbox\" href=\"https:\/\/www.lasallefoundation.org\/fr\/\" target=\"_blank\" aria-label=\"banner_lasallef\" rel=\"noopener noreferrer\"><img decoding=\"async\" width=\"300\" height=\"169\" src=\"https:\/\/www.lasalle.org\/wp-content\/uploads\/2025\/07\/banner_lasallef-1.jpg\" alt class=\"img-responsive wp-image-115351\" srcset=\"https:\/\/www.lasalle.org\/wp-content\/uploads\/2025\/07\/banner_lasallef-1-200x113.jpg 200w, https:\/\/www.lasalle.org\/wp-content\/uploads\/2025\/07\/banner_lasallef-1.jpg 300w\" sizes=\"(max-width: 640px) 100vw, 300px\" \/><\/a><\/span><\/div><div class=\"fusion-separator fusion-full-width-sep\" style=\"align-self: center;margin-left: auto;margin-right: auto;margin-top:10px;margin-bottom:10px;width:100%;\"><\/div><div class=\"fusion-image-element \" style=\"text-align:center;--awb-caption-title-font-family:var(--h2_typography-font-family);--awb-caption-title-font-weight:var(--h2_typography-font-weight);--awb-caption-title-font-style:var(--h2_typography-font-style);--awb-caption-title-size:var(--h2_typography-font-size);--awb-caption-title-transform:var(--h2_typography-text-transform);--awb-caption-title-line-height:var(--h2_typography-line-height);--awb-caption-title-letter-spacing:var(--h2_typography-letter-spacing);\"><span class=\" fusion-imageframe imageframe-none imageframe-2 hover-type-zoomin\"><a class=\"fusion-no-lightbox\" href=\"https:\/\/www.lasalle.org\/fr\/1-la-salle\/\" target=\"_self\" aria-label=\"cover_1LaSalle_fra\"><img decoding=\"async\" width=\"1920\" height=\"1080\" src=\"https:\/\/www.lasalle.org\/wp-content\/uploads\/2024\/04\/cover_1LaSalle_fra.jpg\" alt class=\"img-responsive wp-image-100329\" srcset=\"https:\/\/www.lasalle.org\/wp-content\/uploads\/2024\/04\/cover_1LaSalle_fra-200x113.jpg 200w, https:\/\/www.lasalle.org\/wp-content\/uploads\/2024\/04\/cover_1LaSalle_fra-400x225.jpg 400w, https:\/\/www.lasalle.org\/wp-content\/uploads\/2024\/04\/cover_1LaSalle_fra-600x338.jpg 600w, https:\/\/www.lasalle.org\/wp-content\/uploads\/2024\/04\/cover_1LaSalle_fra-800x450.jpg 800w, https:\/\/www.lasalle.org\/wp-content\/uploads\/2024\/04\/cover_1LaSalle_fra-1200x675.jpg 1200w, https:\/\/www.lasalle.org\/wp-content\/uploads\/2024\/04\/cover_1LaSalle_fra.jpg 1920w\" sizes=\"(max-width: 640px) 100vw, 400px\" \/><\/a><\/span><\/div><div class=\"fusion-separator fusion-full-width-sep\" style=\"align-self: center;margin-left: auto;margin-right: auto;margin-top:15px;margin-bottom:15px;width:100%;\"><\/div><div class=\"fusion-title title fusion-title-3 sep-underline sep-solid fusion-title-text fusion-title-size-two\" style=\"--awb-text-color:var(--awb-custom17);--awb-sep-color:var(--awb-custom17);--awb-font-size:22px;\"><h2 class=\"fusion-title-heading title-heading-left\" style=\"margin:0;font-size:1em;\">Projet Frateli<\/h2><\/div><ul style=\"--awb-line-height:27.2px;--awb-icon-width:27.2px;--awb-icon-height:27.2px;--awb-icon-margin:11.2px;--awb-content-margin:38.4px;--awb-circlecolor:var(--awb-custom17);--awb-circle-yes-font-size:14.08px;\" class=\"fusion-checklist fusion-checklist-1 fusion-checklist-default type-icons\"><li class=\"fusion-li-item\" style=\"\"><span class=\"icon-wrapper circle-yes\"><i class=\"fusion-li-icon fa-link fas\" aria-hidden=\"true\"><\/i><\/span><div class=\"fusion-li-item-content\">\n<p><a href=\"https:\/\/www.lasallefoundation.org\/fr\/project\/projet-fratelli\/\" target=\"_blank\" rel=\"noopener\">Projet Fratelli Liban<\/a><\/p>\n<\/div><\/li><li class=\"fusion-li-item\" style=\"\"><span class=\"icon-wrapper circle-yes\"><i class=\"fusion-li-icon fa-link fas\" aria-hidden=\"true\"><\/i><\/span><div class=\"fusion-li-item-content\">\n<p><a href=\"https:\/\/www.lasallefoundation.org\/fr\/project\/projet-fratelli-maicao\/\" target=\"_blank\" rel=\"noopener\">Projet Fratelli Maicao<\/a><\/p>\n<\/div><\/li><\/ul><div class=\"fusion-separator fusion-full-width-sep\" style=\"align-self: center;margin-left: auto;margin-right: auto;margin-top:15px;margin-bottom:15px;width:100%;\"><\/div><div class=\"fusion-title title fusion-title-4 sep-underline sep-solid fusion-title-text fusion-title-size-two\" style=\"--awb-text-color:var(--awb-custom17);--awb-sep-color:var(--awb-custom17);--awb-font-size:22px;\"><h2 class=\"fusion-title-heading title-heading-left\" style=\"margin:0;font-size:1em;\">Solidarit\u00e9 avec<br \/>\nle Soudan du Sud<\/h2><\/div><ul style=\"--awb-line-height:27.2px;--awb-icon-width:27.2px;--awb-icon-height:27.2px;--awb-icon-margin:11.2px;--awb-content-margin:38.4px;--awb-circlecolor:var(--awb-custom17);--awb-circle-yes-font-size:14.08px;\" class=\"fusion-checklist fusion-checklist-2 fusion-checklist-default type-icons\"><li class=\"fusion-li-item\" style=\"\"><span class=\"icon-wrapper circle-yes\"><i class=\"fusion-li-icon fa-link fas\" aria-hidden=\"true\"><\/i><\/span><div class=\"fusion-li-item-content\">\n<p><a href=\"https:\/\/solidarityssudan.org\/fr\/teacher-training-fr\/\" target=\"_blank\" rel=\"noopener\">Formaci\u00f3n de profesores<\/a><\/p>\n<\/div><\/li><\/ul><div class=\"fusion-separator fusion-full-width-sep\" style=\"align-self: center;margin-left: auto;margin-right: auto;margin-top:15px;margin-bottom:15px;width:100%;\"><\/div><div class=\"fusion-title title fusion-title-5 sep-underline sep-solid fusion-title-text fusion-title-size-two\" style=\"--awb-text-color:var(--awb-custom17);--awb-sep-color:var(--awb-custom17);--awb-font-size:22px;\"><h2 class=\"fusion-title-heading title-heading-left\" style=\"margin:0;font-size:1em;\">IALU<\/h2><\/div><ul style=\"--awb-line-height:27.2px;--awb-icon-width:27.2px;--awb-icon-height:27.2px;--awb-icon-margin:11.2px;--awb-content-margin:38.4px;--awb-circlecolor:var(--awb-custom17);--awb-circle-yes-font-size:14.08px;\" class=\"fusion-checklist fusion-checklist-3 fusion-checklist-default type-icons\"><li class=\"fusion-li-item\" style=\"\"><span class=\"icon-wrapper circle-yes\"><i class=\"fusion-li-icon fa-link fas\" aria-hidden=\"true\"><\/i><\/span><div class=\"fusion-li-item-content\">\n<p><a href=\"https:\/\/ialu.org\/ialu\/\" target=\"_blank\" rel=\"noopener\"><span style=\"font-weight: 400;\">IALU &#8211; International Association of La Salle Universities<\/span><\/a><\/p>\n<\/div><\/li><\/ul><div class=\"fusion-separator fusion-full-width-sep\" style=\"align-self: center;margin-left: auto;margin-right: auto;margin-top:15px;margin-bottom:15px;width:100%;\"><div class=\"fusion-separator-border sep-single sep-solid\" style=\"--awb-height:20px;--awb-amount:20px;--awb-sep-color:var(--awb-custom17);border-color:var(--awb-custom17);border-top-width:1px;\"><\/div><\/div><\/div><\/div><\/div><\/div>\n","protected":false},"excerpt":{"rendered":"","protected":false},"author":9,"featured_media":115347,"parent":0,"menu_order":0,"comment_status":"closed","ping_status":"closed","template":"","meta":{"_tec_requires_first_save":true,"_monsterinsights_skip_tracking":false,"_monsterinsights_sitenote_active":false,"_monsterinsights_sitenote_note":"","_monsterinsights_sitenote_category":0,"_EventAllDay":false,"_EventTimezone":"","_EventStartDate":"","_EventEndDate":"","_EventStartDateUTC":"","_EventEndDateUTC":"","_EventShowMap":false,"_EventShowMapLink":false,"_EventURL":"","_EventCost":"","_EventCostDescription":"","_EventCurrencySymbol":"","_EventCurrencyCode":"","_EventCurrencyPosition":"","_EventDateTimeSeparator":"","_EventTimeRangeSeparator":"","_EventOrganizerID":[],"_EventVenueID":[],"_OrganizerEmail":"","_OrganizerPhone":"","_OrganizerWebsite":"","_VenueAddress":"","_VenueCity":"","_VenueCountry":"","_VenueProvince":"","_VenueState":"","_VenueZip":"","_VenuePhone":"","_VenueURL":"","_VenueStateProvince":"","_VenueLat":"","_VenueLng":"","_VenueShowMap":false,"_VenueShowMapLink":false,"_tribe_blocks_recurrence_rules":"","_tribe_blocks_recurrence_description":"","_tribe_blocks_recurrence_exclusions":"","footnotes":""},"class_list":["post-118316","page","type-page","status-publish","has-post-thumbnail","hentry"],"_links":{"self":[{"href":"https:\/\/www.lasalle.org\/fr\/wp-json\/wp\/v2\/pages\/118316","targetHints":{"allow":["GET"]}}],"collection":[{"href":"https:\/\/www.lasalle.org\/fr\/wp-json\/wp\/v2\/pages"}],"about":[{"href":"https:\/\/www.lasalle.org\/fr\/wp-json\/wp\/v2\/types\/page"}],"author":[{"embeddable":true,"href":"https:\/\/www.lasalle.org\/fr\/wp-json\/wp\/v2\/users\/9"}],"replies":[{"embeddable":true,"href":"https:\/\/www.lasalle.org\/fr\/wp-json\/wp\/v2\/comments?post=118316"}],"version-history":[{"count":5,"href":"https:\/\/www.lasalle.org\/fr\/wp-json\/wp\/v2\/pages\/118316\/revisions"}],"predecessor-version":[{"id":118327,"href":"https:\/\/www.lasalle.org\/fr\/wp-json\/wp\/v2\/pages\/118316\/revisions\/118327"}],"wp:featuredmedia":[{"embeddable":true,"href":"https:\/\/www.lasalle.org\/fr\/wp-json\/wp\/v2\/media\/115347"}],"wp:attachment":[{"href":"https:\/\/www.lasalle.org\/fr\/wp-json\/wp\/v2\/media?parent=118316"}],"curies":[{"name":"wp","href":"https:\/\/api.w.org\/{rel}","templated":true}]}}