{"id":118332,"date":"2025-09-11T11:08:52","date_gmt":"2025-09-11T09:08:52","guid":{"rendered":"https:\/\/www.lasalle.org\/?page_id=118332"},"modified":"2025-12-01T11:40:01","modified_gmt":"2025-12-01T10:40:01","slug":"vicaire-general","status":"publish","type":"page","link":"https:\/\/www.lasalle.org\/fr\/animation-et-gouvernement\/vicaire-general\/","title":{"rendered":"Vicaire g\u00e9n\u00e9ral"},"content":{"rendered":"<div class=\"fusion-fullwidth fullwidth-box fusion-builder-row-1 fusion-flex-container has-pattern-background has-mask-background nonhundred-percent-fullwidth non-hundred-percent-height-scrolling\" style=\"--awb-border-radius-top-left:0px;--awb-border-radius-top-right:0px;--awb-border-radius-bottom-right:0px;--awb-border-radius-bottom-left:0px;--awb-flex-wrap:wrap;\" ><div class=\"fusion-builder-row fusion-row fusion-flex-align-items-flex-start fusion-flex-content-wrap\" style=\"max-width:1248px;margin-left: calc(-4% \/ 2 );margin-right: calc(-4% \/ 2 );\"><div class=\"fusion-layout-column fusion_builder_column fusion-builder-column-0 fusion_builder_column_3_4 3_4 fusion-flex-column\" style=\"--awb-bg-size:cover;--awb-width-large:75%;--awb-margin-top-large:0px;--awb-spacing-right-large:2.56%;--awb-margin-bottom-large:20px;--awb-spacing-left-large:2.56%;--awb-width-medium:75%;--awb-order-medium:0;--awb-spacing-right-medium:2.56%;--awb-spacing-left-medium:2.56%;--awb-width-small:100%;--awb-order-small:0;--awb-spacing-right-small:1.92%;--awb-spacing-left-small:1.92%;\"><div class=\"fusion-column-wrapper fusion-column-has-shadow fusion-flex-justify-content-flex-start fusion-content-layout-column\"><div class=\"fusion-title title fusion-title-1 sep-underline sep-solid fusion-title-text fusion-title-size-two\" style=\"--awb-text-color:var(--awb-custom17);--awb-sep-color:var(--awb-custom17);--awb-font-size:22px;\"><h2 class=\"fusion-title-heading title-heading-left\" style=\"margin:0;font-size:1em;\"><b>Vicaire g\u00e9n\u00e9ral<\/b><\/h2><\/div><div class=\"fusion-text fusion-text-1\" style=\"--awb-font-size:22px;--awb-text-color:var(--awb-custom17);\"><p style=\"text-align: center;\"><em><strong><i>\u00ab Le Fr\u00e8re Vicaire g\u00e9n\u00e9ral est le premier des collaborateurs du Fr\u00e8re Sup\u00e9rieur G\u00e9n\u00e9ral. Il le remplace pour l\u2019administration courante lorsque celui-ci s\u2019absente ou emp\u00each\u00e9 \u00bb <\/i><\/strong><\/em>(R\u00e8gle 127)<\/p>\n<\/div><div class=\"fusion-separator fusion-full-width-sep\" style=\"align-self: center;margin-left: auto;margin-right: auto;margin-top:10px;margin-bottom:10px;width:100%;\"><\/div><div class=\"fusion-title title fusion-title-2 fusion-sep-none fusion-title-text fusion-title-size-two\" style=\"--awb-text-color:var(--awb-custom17);--awb-sep-color:var(--awb-custom14);--awb-font-size:20px;\"><h2 class=\"fusion-title-heading title-heading-left\" style=\"margin:0;font-size:1em;\">Le 19 mai 2022, le 46eme Chapitre G\u00e9n\u00e9ral des Fr\u00e8res des \u00c9coles Chr\u00e9tiennes a \u00e9lu le Fr\u00e8re Carlos Gabriel G\u00f3mez Restrepo FSC comme Vicaire g\u00e9n\u00e9ral.<\/h2><\/div><div class=\"fusion-separator fusion-full-width-sep\" style=\"align-self: center;margin-left: auto;margin-right: auto;margin-top:5px;margin-bottom:5px;width:100%;\"><\/div><div class=\"fusion-text fusion-text-2\"><p><span style=\"font-weight: 400;\"><img decoding=\"async\" class=\"alignright size-medium wp-image-104220\" src=\"https:\/\/www.lasalle.org\/wp-content\/uploads\/2024\/09\/cgomez-233x300.png\" alt=\"\" width=\"233\" height=\"300\" srcset=\"https:\/\/www.lasalle.org\/wp-content\/uploads\/2024\/09\/cgomez-200x257.png 200w, https:\/\/www.lasalle.org\/wp-content\/uploads\/2024\/09\/cgomez-233x300.png 233w, https:\/\/www.lasalle.org\/wp-content\/uploads\/2024\/09\/cgomez-400x514.png 400w, https:\/\/www.lasalle.org\/wp-content\/uploads\/2024\/09\/cgomez.png 413w\" sizes=\"(max-width: 233px) 100vw, 233px\" \/>Le Fr\u00e8re Carlos est n\u00e9 \u00e0 Bucaramanga, Colombie, le 25 juin 1960. Il est entr\u00e9 chez les Fr\u00e8res des \u00c9coles Chr\u00e9tiennes en 1979.<\/span><\/p>\n<p><span style=\"font-weight: 400;\">Il a effectu\u00e9 sa formation initiale \u00e0 Bogota. En 1983, il a obtenu la Licence en \u00c9ducation \u00e0 l\u2019Universit\u00e9 De La Salle de Bogota. Il est \u00e9galement titulaire d\u2019un Master en Sciences Politiques de l\u2019Universit\u00e9 Pontificale Javeriana de Bogota, o\u00f9 il a obtenu son dipl\u00f4me en 1991, et en 1999 il a re\u00e7u le titre de Docteur en \u00c9ducation de St. Mary\u2019s University of Minnesota (\u00c9tats-Unis).<\/span><\/p>\n<p><span style=\"font-weight: 400;\">Son service \u00e0 la mission lasallienne l\u2019a conduit \u00e0 exercer comme enseignant et dirigeant dans diverses institutions situ\u00e9es dans des zones rurales de Colombie touch\u00e9es par le conflit et la violence, comme San Juan del Cesar, dans la Guajira, exer\u00e7ant aussi comme enseignant d\u2019\u00c9tat.<\/span><\/p>\n<p><span style=\"font-weight: 400;\">Pendant cinq ans, il a \u00e9t\u00e9 recteur de l\u2019\u00c9cole Technologique Institut Technique Central de Bogota, \u00e9tablissement public d\u2019enseignement sup\u00e9rieur confi\u00e9 aux Fr\u00e8res. De m\u00eame, apr\u00e8s ses \u00e9tudes doctorales aux \u00c9tats-Unis, le Fr\u00e8re Carlos s\u2019est rendu dans la municipalit\u00e9 de San Vicente del Cagu\u00e1n, o\u00f9 il a exerc\u00e9 son leadership \u00e9ducatif \u00e0 une \u00e9poque o\u00f9 se d\u00e9roulaient les dialogues de paix entre le gouvernement colombien et la gu\u00e9rilla des FARC.<\/span><\/p>\n<p><span style=\"font-weight: 400;\">En 1998, il a \u00e9t\u00e9 r\u00e9compens\u00e9 pour sa <\/span><i><span style=\"font-weight: 400;\">publication \u00ab Who is Who in American Colleges and Universities \u00bb<\/span><\/i><span style=\"font-weight: 400;\"> sur le r\u00f4le des \u00e9coles et universit\u00e9s dans des lieux de conflit, de tension sociale et d\u2019incertitude politique.<\/span><\/p>\n<p><span style=\"font-weight: 400;\">Au d\u00e9but des ann\u00e9es 2000, il a exerc\u00e9 comme Secr\u00e9taire de la R\u00e9gion Lasallienne Latino-Am\u00e9ricaine et comme professeur \u00e0 l\u2019Universit\u00e9 De La Salle de Bogota, o\u00f9 il a \u00e9t\u00e9 ensuite nomm\u00e9 Vice-recteur Acad\u00e9mique puis, en 2008, Recteur, charge qu\u2019il a occup\u00e9e durant deux mandats, jusqu\u2019en 2016.<\/span><\/p>\n<p><span style=\"font-weight: 400;\">Sous sa direction, l\u2019Universit\u00e9 De La Salle a d\u00e9velopp\u00e9 des processus d\u2019auto-\u00e9valuation et de transformation des processus acad\u00e9miques, qui l\u2019ont conduite \u00e0 obtenir l\u2019Accr\u00e9ditation Institutionnelle de Haute Qualit\u00e9 du Minist\u00e8re de l\u2019\u00c9ducation Nationale.<\/span><\/p>\n<p><span style=\"font-weight: 400;\">De m\u00eame, alors qu\u2019il \u00e9tait recteur de l\u2019Universit\u00e9 De La Salle, le Fr\u00e8re Carlos a \u00e9t\u00e9 le fondateur du Projet Utop\u00eda, le premier campus universitaire rural de Colombie qui, \u00e0 partir d\u2019un concept innovant, offre aux jeunes ruraux \u00e0 faibles ressources, affect\u00e9s par la violence et l\u2019exclusion sociale, l\u2019opportunit\u00e9 de se former comme ing\u00e9nieurs agronomes, leaders et entrepreneurs dans leurs r\u00e9gions d\u2019origine.<\/span><\/p>\n<p><span style=\"font-weight: 400;\">En 2016, il a ensuite \u00e9t\u00e9 nomm\u00e9 Visiteur du District lasallien de Bogota, et en 2021 il a assum\u00e9 la pr\u00e9sidence de l\u2019Universit\u00e9 Catholique \u00c9thiopienne \u00e0 Addis-Abeba, \u00c9thiopie.<\/span><\/p>\n<p><span style=\"font-weight: 400;\">Tout au long de son parcours, le Fr\u00e8re Carlos a re\u00e7u de nombreuses distinctions, comme la M\u00e9daille Civique Francisco de Paula Santander de la Pr\u00e9sidence de la R\u00e9publique de Colombie \u2014 la plus haute distinction pour les \u00e9ducateurs du pays \u2014, le Prix National de la Paix (2014), le Prix National de la Solidarit\u00e9 (2016), le Prix Jes\u00fas Maestro de la Conf\u00e9d\u00e9ration Interam\u00e9ricaine d\u2019\u00c9ducation Catholique (2016), et le Prix Interam\u00e9ricain d\u00e9cern\u00e9 par l\u2019Organisation Interam\u00e9ricaine des Universit\u00e9s (2019).<\/span><\/p>\n<p><span style=\"font-weight: 400;\">En 2010 et en 2022, il a re\u00e7u le Doctorat <\/span><i><span style=\"font-weight: 400;\">Honoris Causa <\/span><\/i><span style=\"font-weight: 400;\">de<\/span><i><span style=\"font-weight: 400;\"> St. Mary\u2019s College <\/span><\/i><span style=\"font-weight: 400;\">de Californie et de l\u2019Universit\u00e9 La Salle du Mexique, respectivement.<\/span><\/p>\n<\/div><div class=\"fusion-separator fusion-full-width-sep\" style=\"align-self: center;margin-left: auto;margin-right: auto;margin-top:15px;margin-bottom:15px;width:100%;\"><div class=\"fusion-separator-border sep-single sep-solid\" style=\"--awb-height:20px;--awb-amount:20px;--awb-sep-color:var(--awb-custom17);border-color:var(--awb-custom17);border-top-width:1px;\"><\/div><\/div><nav class=\"fusion-breadcrumbs fusion-breadcrumbs-1\" style=\"--awb-breadcrumb-sep:&#039;\/&#039;;\" aria-label=\"Breadcrumb\"><ol class=\"awb-breadcrumb-list\"><\/ol><\/nav><\/div><\/div><div class=\"fusion-layout-column fusion_builder_column fusion-builder-column-1 fusion_builder_column_1_4 1_4 fusion-flex-column\" style=\"--awb-bg-size:cover;--awb-width-large:25%;--awb-margin-top-large:0px;--awb-spacing-right-large:7.68%;--awb-margin-bottom-large:20px;--awb-spacing-left-large:7.68%;--awb-width-medium:25%;--awb-order-medium:0;--awb-spacing-right-medium:7.68%;--awb-spacing-left-medium:7.68%;--awb-width-small:100%;--awb-order-small:0;--awb-spacing-right-small:1.92%;--awb-spacing-left-small:1.92%;\"><div class=\"fusion-column-wrapper fusion-column-has-shadow fusion-flex-justify-content-flex-start fusion-content-layout-column\"><div class=\"fusion-title title fusion-title-3 sep-underline sep-solid fusion-title-text fusion-title-size-two\" style=\"--awb-text-color:var(--awb-custom17);--awb-sep-color:var(--awb-custom17);--awb-font-size:22px;\"><h2 class=\"fusion-title-heading title-heading-left\" style=\"margin:0;font-size:1em;\">En relation<\/h2><\/div><ul style=\"--awb-line-height:27.2px;--awb-icon-width:27.2px;--awb-icon-height:27.2px;--awb-icon-margin:11.2px;--awb-content-margin:38.4px;--awb-circlecolor:var(--awb-custom17);--awb-circle-yes-font-size:14.08px;\" class=\"fusion-checklist fusion-checklist-1 fusion-checklist-default type-icons\"><li class=\"fusion-li-item\" style=\"\"><span class=\"icon-wrapper circle-yes\"><i class=\"fusion-li-icon fa-file-alt far\" aria-hidden=\"true\"><\/i><\/span><div class=\"fusion-li-item-content\">\n<p><a href=\"https:\/\/www.lasalle.org\/fr\/animation-et-gouvernement\/\">Animation et Gouvernement<\/a><\/p>\n<\/div><\/li><li class=\"fusion-li-item\" style=\"\"><span class=\"icon-wrapper circle-yes\"><i class=\"fusion-li-icon fa-file-alt far\" aria-hidden=\"true\"><\/i><\/span><div class=\"fusion-li-item-content\">\n<p><a href=\"https:\/\/www.lasalle.org\/fr\/animation-et-gouvernement\/superieur-general\/\">Sup\u00e9rieur g\u00e9n\u00e9ral<\/a><\/p>\n<\/div><\/li><li class=\"fusion-li-item\" style=\"\"><span class=\"icon-wrapper circle-yes\"><i class=\"fusion-li-icon fa-file-alt far\" aria-hidden=\"true\"><\/i><\/span><div class=\"fusion-li-item-content\">\n<p><a href=\"https:\/\/www.lasalle.org\/fr\/?page_id=118332&amp;preview=true\">Vicaire g\u00e9n\u00e9ral<\/a><\/p>\n<\/div><\/li><li class=\"fusion-li-item\" style=\"\"><span class=\"icon-wrapper circle-yes\"><i class=\"fusion-li-icon fa-file-alt far\" aria-hidden=\"true\"><\/i><\/span><div class=\"fusion-li-item-content\">\n<p><a href=\"https:\/\/www.lasalle.org\/fr\/animation-et-gouvernement\/conseils\/\">Conseils de l\u2019Institut<\/a><\/p>\n<\/div><\/li><li class=\"fusion-li-item\" style=\"\"><span class=\"icon-wrapper circle-yes\"><i class=\"fusion-li-icon fa-file-alt far\" aria-hidden=\"true\"><\/i><\/span><div class=\"fusion-li-item-content\">\n<p><a href=\"https:\/\/www.lasalle.org\/fr\/?page_id=118380&amp;preview=true\">Bureaux<\/a><\/p>\n<\/div><\/li><li class=\"fusion-li-item\" style=\"\"><span class=\"icon-wrapper circle-yes\"><i class=\"fusion-li-icon fa-file-alt far\" aria-hidden=\"true\"><\/i><\/span><div class=\"fusion-li-item-content\">\n<p><a href=\"https:\/\/www.lasalle.org\/fr\/animation-et-gouvernement\/commissions\/\">Commissions<\/a><\/p>\n<\/div><\/li><li class=\"fusion-li-item\" style=\"\"><span class=\"icon-wrapper circle-yes\"><i class=\"fusion-li-icon fa-file-alt far\" aria-hidden=\"true\"><\/i><\/span><div class=\"fusion-li-item-content\">\n<p><a href=\"https:\/\/www.lasalle.org\/fr\/animation-et-gouvernement\/services-generaux\/\">Services g\u00e9n\u00e9raux<\/a><\/p>\n<\/div><\/li><li class=\"fusion-li-item\" style=\"\"><span class=\"icon-wrapper circle-yes\"><i class=\"fusion-li-icon fa-file-alt far\" aria-hidden=\"true\"><\/i><\/span><div class=\"fusion-li-item-content\">\n<p><a href=\"https:\/\/www.lasalle.org\/fr\/animation-et-gouvernement\/comites\/\">Comit\u00e9s internationaux<\/a><\/p>\n<\/div><\/li><\/ul>\n<div class=\"fusion-separator fusion-full-width-sep\" style=\"align-self: center;margin-left: auto;margin-right: auto;margin-top:15px;margin-bottom:15px;width:100%;\"><\/div><div class=\"fusion-title title fusion-title-4 sep-underline sep-solid fusion-title-text fusion-title-size-two\" style=\"--awb-text-color:var(--awb-custom17);--awb-sep-color:var(--awb-custom17);--awb-font-size:22px;\"><h2 class=\"fusion-title-heading title-heading-left\" style=\"margin:0;font-size:1em;\">Ressources<\/h2><\/div><ul style=\"--awb-line-height:27.2px;--awb-icon-width:27.2px;--awb-icon-height:27.2px;--awb-icon-margin:11.2px;--awb-content-margin:38.4px;--awb-circlecolor:var(--awb-custom17);--awb-circle-yes-font-size:14.08px;\" class=\"fusion-checklist fusion-checklist-2 fusion-checklist-default type-icons\"><li class=\"fusion-li-item\" style=\"\"><span class=\"icon-wrapper circle-yes\"><i class=\"fusion-li-icon fa-file-pdf far\" aria-hidden=\"true\"><\/i><\/span><div class=\"fusion-li-item-content\">\n<p><a href=\"https:\/\/www.lasalle.org\/fr\/publications\/lettres-pastorales\/\">Lettres pastorales<\/a><\/p>\n<\/div><\/li><li class=\"fusion-li-item\" style=\"\"><span class=\"icon-wrapper circle-yes\"><i class=\"fusion-li-icon fa-file-pdf far\" aria-hidden=\"true\"><\/i><\/span><div class=\"fusion-li-item-content\">\n<p><a href=\"https:\/\/www.lasalle.org\/fr\/publications\/circulaires\/\">Circulaires<\/a><\/p>\n<\/div><\/li><li class=\"fusion-li-item\" style=\"\"><span class=\"icon-wrapper circle-yes\"><i class=\"fusion-li-icon fa-file-pdf far\" aria-hidden=\"true\"><\/i><\/span><div class=\"fusion-li-item-content\">\n<div id=\"model-response-message-contentr_598dce583a9c8a4f\" class=\"markdown markdown-main-panel enable-updated-hr-color\" dir=\"ltr\">\n<p><a href=\"https:\/\/www.lasalle.org\/fr\/category\/maison-generalice\/conseil-general\/\">Nouvelles du Conseil G\u00e9n\u00e9ral<\/a><\/p>\n<\/div>\n<\/div><\/li><\/ul><div class=\"fusion-separator fusion-full-width-sep\" style=\"align-self: center;margin-left: auto;margin-right: auto;margin-top:15px;margin-bottom:15px;width:100%;\"><div class=\"fusion-separator-border sep-single sep-solid\" style=\"--awb-height:20px;--awb-amount:20px;--awb-sep-color:var(--awb-custom17);border-color:var(--awb-custom17);border-top-width:1px;\"><\/div><\/div><\/div><\/div><\/div><\/div>\n","protected":false},"excerpt":{"rendered":"","protected":false},"author":9,"featured_media":110622,"parent":10563,"menu_order":0,"comment_status":"closed","ping_status":"closed","template":"","meta":{"_tec_requires_first_save":true,"_monsterinsights_skip_tracking":false,"_monsterinsights_sitenote_active":false,"_monsterinsights_sitenote_note":"","_monsterinsights_sitenote_category":0,"_EventAllDay":false,"_EventTimezone":"","_EventStartDate":"","_EventEndDate":"","_EventStartDateUTC":"","_EventEndDateUTC":"","_EventShowMap":false,"_EventShowMapLink":false,"_EventURL":"","_EventCost":"","_EventCostDescription":"","_EventCurrencySymbol":"","_EventCurrencyCode":"","_EventCurrencyPosition":"","_EventDateTimeSeparator":"","_EventTimeRangeSeparator":"","_EventOrganizerID":[],"_EventVenueID":[],"_OrganizerEmail":"","_OrganizerPhone":"","_OrganizerWebsite":"","_VenueAddress":"","_VenueCity":"","_VenueCountry":"","_VenueProvince":"","_VenueState":"","_VenueZip":"","_VenuePhone":"","_VenueURL":"","_VenueStateProvince":"","_VenueLat":"","_VenueLng":"","_VenueShowMap":false,"_VenueShowMapLink":false,"_tribe_blocks_recurrence_rules":"","_tribe_blocks_recurrence_description":"","_tribe_blocks_recurrence_exclusions":"","footnotes":""},"class_list":["post-118332","page","type-page","status-publish","has-post-thumbnail","hentry"],"_links":{"self":[{"href":"https:\/\/www.lasalle.org\/fr\/wp-json\/wp\/v2\/pages\/118332","targetHints":{"allow":["GET"]}}],"collection":[{"href":"https:\/\/www.lasalle.org\/fr\/wp-json\/wp\/v2\/pages"}],"about":[{"href":"https:\/\/www.lasalle.org\/fr\/wp-json\/wp\/v2\/types\/page"}],"author":[{"embeddable":true,"href":"https:\/\/www.lasalle.org\/fr\/wp-json\/wp\/v2\/users\/9"}],"replies":[{"embeddable":true,"href":"https:\/\/www.lasalle.org\/fr\/wp-json\/wp\/v2\/comments?post=118332"}],"version-history":[{"count":5,"href":"https:\/\/www.lasalle.org\/fr\/wp-json\/wp\/v2\/pages\/118332\/revisions"}],"predecessor-version":[{"id":121628,"href":"https:\/\/www.lasalle.org\/fr\/wp-json\/wp\/v2\/pages\/118332\/revisions\/121628"}],"up":[{"embeddable":true,"href":"https:\/\/www.lasalle.org\/fr\/wp-json\/wp\/v2\/pages\/10563"}],"wp:featuredmedia":[{"embeddable":true,"href":"https:\/\/www.lasalle.org\/fr\/wp-json\/wp\/v2\/media\/110622"}],"wp:attachment":[{"href":"https:\/\/www.lasalle.org\/fr\/wp-json\/wp\/v2\/media?parent=118332"}],"curies":[{"name":"wp","href":"https:\/\/api.w.org\/{rel}","templated":true}]}}