{"id":118373,"date":"2025-09-11T12:02:38","date_gmt":"2025-09-11T10:02:38","guid":{"rendered":"https:\/\/www.lasalle.org\/?page_id=118373"},"modified":"2025-12-01T12:26:21","modified_gmt":"2025-12-01T11:26:21","slug":"services-generaux","status":"publish","type":"page","link":"https:\/\/www.lasalle.org\/fr\/animation-et-gouvernement\/services-generaux\/","title":{"rendered":"Services G\u00e9n\u00e9raux"},"content":{"rendered":"<div class=\"fusion-fullwidth fullwidth-box fusion-builder-row-1 fusion-flex-container has-pattern-background has-mask-background nonhundred-percent-fullwidth non-hundred-percent-height-scrolling\" style=\"--awb-border-radius-top-left:0px;--awb-border-radius-top-right:0px;--awb-border-radius-bottom-right:0px;--awb-border-radius-bottom-left:0px;--awb-flex-wrap:wrap;\" ><div class=\"fusion-builder-row fusion-row fusion-flex-align-items-flex-start fusion-flex-content-wrap\" style=\"max-width:1248px;margin-left: calc(-4% \/ 2 );margin-right: calc(-4% \/ 2 );\"><div class=\"fusion-layout-column fusion_builder_column fusion-builder-column-0 fusion_builder_column_3_4 3_4 fusion-flex-column\" style=\"--awb-bg-size:cover;--awb-width-large:75%;--awb-margin-top-large:0px;--awb-spacing-right-large:2.56%;--awb-margin-bottom-large:20px;--awb-spacing-left-large:2.56%;--awb-width-medium:75%;--awb-order-medium:0;--awb-spacing-right-medium:2.56%;--awb-spacing-left-medium:2.56%;--awb-width-small:100%;--awb-order-small:0;--awb-spacing-right-small:1.92%;--awb-spacing-left-small:1.92%;\"><div class=\"fusion-column-wrapper fusion-column-has-shadow fusion-flex-justify-content-flex-start fusion-content-layout-column\"><div class=\"fusion-title title fusion-title-1 sep-underline sep-solid fusion-title-text fusion-title-size-two\" style=\"--awb-text-color:var(--awb-custom17);--awb-sep-color:var(--awb-custom17);--awb-font-size:22px;\"><h2 class=\"fusion-title-heading title-heading-left\" style=\"margin:0;font-size:1em;\"><b>Services G\u00e9n\u00e9raux<\/b><\/h2><\/div><div class=\"fusion-title title fusion-title-2 fusion-sep-none fusion-title-text fusion-title-size-two\" style=\"--awb-text-color:var(--awb-custom17);--awb-sep-color:var(--awb-custom14);--awb-font-size:20px;\"><h2 class=\"fusion-title-heading title-heading-left\" style=\"margin:0;font-size:1em;\"><p style=\"text-align: center;\"><em><strong>\u201c\u00ab Le Fr\u00e8re Sup\u00e9rieur G\u00e9n\u00e9ral et son Conseil sont aid\u00e9s dans leur t\u00e2che de gouvernement par un certain nombre de Services G\u00e9n\u00e9raux. Ceux-ci sont de deux types : les uns sont de nature administrative, et s\u2019occupent de tout ce qui touche \u00e0 la communication, l\u2019organisation du travail dans les bureaux du gouvernement central, \u00e0 la gestion des biens, aux questions juridiques et aux relations avec le Saint-Si\u00e8ge ; les autres s\u2019occupent des objectifs missionnaires, \u00e9ducatifs, pastoraux, et de la formation dans l\u2019Institut \u00bb<\/strong><\/em><br \/>\n(R\u00e8gle 131)<\/p><\/h2><\/div><div class=\"fusion-separator fusion-full-width-sep\" style=\"align-self: center;margin-left: auto;margin-right: auto;margin-top:15px;margin-bottom:15px;width:100%;\"><div class=\"fusion-separator-border sep-single sep-solid\" style=\"--awb-height:20px;--awb-amount:20px;--awb-sep-color:var(--awb-custom17);border-color:var(--awb-custom17);border-top-width:1px;\"><\/div><\/div><div class=\"accordian fusion-accordian\" style=\"--awb-border-size:1px;--awb-icon-size:16px;--awb-content-font-size:20px;--awb-icon-alignment:left;--awb-hover-color:#f9f9fb;--awb-border-color:#e2e2e2;--awb-background-color:#ffffff;--awb-divider-color:#e0dede;--awb-divider-hover-color:#e0dede;--awb-icon-color:#ffffff;--awb-title-color:var(--awb-custom17);--awb-content-color:#082b4c;--awb-icon-box-color:#333333;--awb-toggle-hover-accent-color:var(--awb-custom17);--awb-title-font-family:&quot;Open Sans&quot;;--awb-title-font-weight:400;--awb-title-font-style:normal;--awb-title-font-size:18px;--awb-content-font-family:&quot;PT Sans&quot;;--awb-content-font-style:normal;--awb-content-font-weight:regular;\"><div class=\"panel-group fusion-toggle-icon-boxed\" id=\"accordion-118373-1\"><div class=\"fusion-panel panel-default panel-31e4e195bf2c402ad fusion-toggle-has-divider\" style=\"--awb-title-color:#0056b3;--awb-content-color:#082b4c;\"><div class=\"panel-heading\"><h2 class=\"panel-title toggle\" id=\"toggle_31e4e195bf2c402ad\"><a aria-expanded=\"false\" aria-controls=\"31e4e195bf2c402ad\" role=\"button\" data-toggle=\"collapse\" data-parent=\"#accordion-118373-1\" data-target=\"#31e4e195bf2c402ad\" href=\"#31e4e195bf2c402ad\"><span class=\"fusion-toggle-icon-wrapper\" aria-hidden=\"true\"><i class=\"fa-fusion-box active-icon awb-icon-minus\" aria-hidden=\"true\"><\/i><i class=\"fa-fusion-box inactive-icon awb-icon-plus\" aria-hidden=\"true\"><\/i><\/span><span class=\"fusion-toggle-heading\"><b>\u00c9conome g\u00e9n\u00e9ral<\/b><\/span><\/a><\/h2><\/div><div id=\"31e4e195bf2c402ad\" class=\"panel-collapse collapse \" aria-labelledby=\"toggle_31e4e195bf2c402ad\"><div class=\"panel-body toggle-content fusion-clearfix\">\n<div id=\"attachment_112486\" style=\"width: 160px\" class=\"wp-caption alignright\"><img decoding=\"async\" aria-describedby=\"caption-attachment-112486\" class=\"wp-image-112486 size-full\" src=\"https:\/\/www.lasalle.org\/wp-content\/uploads\/2025\/06\/sleal.jpg\" alt=\"\" width=\"150\" height=\"150\" srcset=\"https:\/\/www.lasalle.org\/wp-content\/uploads\/2025\/06\/sleal-66x66.jpg 66w, https:\/\/www.lasalle.org\/wp-content\/uploads\/2025\/06\/sleal.jpg 150w\" sizes=\"(max-width: 150px) 100vw, 150px\" \/><p id=\"caption-attachment-112486\" class=\"wp-caption-text\"><span style=\"font-size: 8pt;\">Fr. Sergio Leal<\/span><\/p><\/div>\n<p>L&rsquo;\u00c9conomat g\u00e9n\u00e9ral g\u00e8re les biens et ressources de l&rsquo;Institut qui d\u00e9pendent du gouvernement central, prenant les dispositions utiles pour leur juste mise en valeur.<\/p>\n<p>Il pr\u00e9pare et contr\u00f4le le budget de l&rsquo;administration centrale. Il re\u00e7oit et \u00e9tudie les rapports annuels sur la situation financi\u00e8re des Districts.<\/p>\n<p>Il rend r\u00e9guli\u00e8rement compte au Fr\u00e8re Sup\u00e9rieur et son Conseil de la conduite des affaires. Le Fr\u00e8re \u00c9conome g\u00e9n\u00e9ral est plac\u00e9 \u00e0 la t\u00eate de ce service.<\/p>\n<p>Il convoque et pr\u00e9side le <strong><a href=\"https:\/\/www.lasalle.org\/fr\/animation-et-gouvernement\/conseils\/conseil-economique-international\/\">Conseil \u00c9conomique International<\/a><\/strong> (cf. n\u00b0 20.2).<\/p>\n<h6>Directoire Administratif 18.3<\/h6>\n<\/div><\/div><\/div><div class=\"fusion-panel panel-default panel-bb4c1cec2f1c76ac8 fusion-toggle-has-divider\" style=\"--awb-title-color:#0056b3;--awb-content-color:#082b4c;\"><div class=\"panel-heading\"><h2 class=\"panel-title toggle\" id=\"toggle_bb4c1cec2f1c76ac8\"><a aria-expanded=\"false\" aria-controls=\"bb4c1cec2f1c76ac8\" role=\"button\" data-toggle=\"collapse\" data-parent=\"#accordion-118373-1\" data-target=\"#bb4c1cec2f1c76ac8\" href=\"#bb4c1cec2f1c76ac8\"><span class=\"fusion-toggle-icon-wrapper\" aria-hidden=\"true\"><i class=\"fa-fusion-box active-icon awb-icon-minus\" aria-hidden=\"true\"><\/i><i class=\"fa-fusion-box inactive-icon awb-icon-plus\" aria-hidden=\"true\"><\/i><\/span><span class=\"fusion-toggle-heading\"><b>Postulateur g\u00e9n\u00e9ral<\/b><\/span><\/a><\/h2><\/div><div id=\"bb4c1cec2f1c76ac8\" class=\"panel-collapse collapse \" aria-labelledby=\"toggle_bb4c1cec2f1c76ac8\"><div class=\"panel-body toggle-content fusion-clearfix\">\n<div id=\"attachment_121019\" style=\"width: 160px\" class=\"wp-caption alignright\"><img decoding=\"async\" aria-describedby=\"caption-attachment-121019\" class=\"wp-image-121019 size-thumbnail\" src=\"https:\/\/www.lasalle.org\/wp-content\/uploads\/2025\/11\/jvillalabeitia-150x150.jpg\" alt=\"\" width=\"150\" height=\"150\" srcset=\"https:\/\/www.lasalle.org\/wp-content\/uploads\/2025\/11\/jvillalabeitia-66x66.jpg 66w, https:\/\/www.lasalle.org\/wp-content\/uploads\/2025\/11\/jvillalabeitia-150x150.jpg 150w, https:\/\/www.lasalle.org\/wp-content\/uploads\/2025\/11\/jvillalabeitia.jpg 200w\" sizes=\"(max-width: 150px) 100vw, 150px\" \/><p id=\"caption-attachment-121019\" class=\"wp-caption-text\"><span style=\"font-size: 8pt;\">Fr. Josean Villalabeitia<\/span><\/p><\/div>\n<p>La Postulation g\u00e9n\u00e9rale est qualifi\u00e9e pour agir dans toutes les causes de <a href=\"https:\/\/www.lasalle.org\/fr\/saintete-lasallienne\/\">b\u00e9atification et de canonisation des Fr\u00e8res morts en r\u00e9putation de saintet\u00e9 ou de martyre<\/a>.<\/p>\n<p>A la t\u00eate de ce service se trouve le Fr\u00e8re Postulateur g\u00e9n\u00e9ral qui, d\u00e8s que sa nomination a \u00e9t\u00e9 agr\u00e9\u00e9e par le Saint-Si\u00e8ge, \u00e9tablit par ob\u00e9dience \u00e9crite un vice-postulateur pour chacune des causes dont il prend la charge.<\/p>\n<p>Toute vacance comme toute substitution de titulaire \u00e0 la Postulation g\u00e9n\u00e9rale rendent caduques de telles nominations.<\/p>\n<h6>Directoire Administratif\u00a0 18.2<\/h6>\n<\/div><\/div><\/div><div class=\"fusion-panel panel-default panel-4b32dd0a7a66e2a1b fusion-toggle-has-divider\" style=\"--awb-title-color:#0056b3;--awb-content-color:#082b4c;\"><div class=\"panel-heading\"><h2 class=\"panel-title toggle\" id=\"toggle_4b32dd0a7a66e2a1b\"><a aria-expanded=\"false\" aria-controls=\"4b32dd0a7a66e2a1b\" role=\"button\" data-toggle=\"collapse\" data-parent=\"#accordion-118373-1\" data-target=\"#4b32dd0a7a66e2a1b\" href=\"#4b32dd0a7a66e2a1b\"><span class=\"fusion-toggle-icon-wrapper\" aria-hidden=\"true\"><i class=\"fa-fusion-box active-icon awb-icon-minus\" aria-hidden=\"true\"><\/i><i class=\"fa-fusion-box inactive-icon awb-icon-plus\" aria-hidden=\"true\"><\/i><\/span><span class=\"fusion-toggle-heading\"><b>Procurateur g\u00e9n\u00e9ral<\/b><\/span><\/a><\/h2><\/div><div id=\"4b32dd0a7a66e2a1b\" class=\"panel-collapse collapse \" aria-labelledby=\"toggle_4b32dd0a7a66e2a1b\"><div class=\"panel-body toggle-content fusion-clearfix\">\n<div id=\"attachment_117899\" style=\"width: 160px\" class=\"wp-caption alignright\"><img decoding=\"async\" aria-describedby=\"caption-attachment-117899\" class=\"wp-image-117899 size-full\" src=\"https:\/\/www.lasalle.org\/wp-content\/uploads\/2025\/09\/pryan.jpg\" alt=\"\" width=\"150\" height=\"150\" srcset=\"https:\/\/www.lasalle.org\/wp-content\/uploads\/2025\/09\/pryan-66x66.jpg 66w, https:\/\/www.lasalle.org\/wp-content\/uploads\/2025\/09\/pryan.jpg 150w\" sizes=\"(max-width: 150px) 100vw, 150px\" \/><p id=\"caption-attachment-117899\" class=\"wp-caption-text\"><span style=\"font-size: 8pt;\">Fr. Peter Ryan<\/span><\/p><\/div>\n<p>Ce service g\u00e9n\u00e9ral est habilit\u00e9 aupr\u00e8s des dicast\u00e8res romains pour traiter, au nom de l&rsquo;Institut comme au nom de l&rsquo;un de ses membres quelconque, de toute question qui lui est confi\u00e9e \u00e0 ce titre. Ces questions sont essentiellement d\u2019ordre juridico-canonique (cf. n\u00b0 61).<\/p>\n<p>Il se tient au courant de toutes les affaires concernant le droit canonique applicable aux religieux et la pratique curiale; il informe le Conseil g\u00e9n\u00e9ral sur ces m\u00eames questions.<\/p>\n<h6>Directoire Administratif\u00a0 18.1.<\/h6>\n<\/div><\/div><\/div><div class=\"fusion-panel panel-default panel-d0b2efbd449697ec7 fusion-toggle-has-divider\" style=\"--awb-title-color:#0056b3;--awb-content-color:#082b4c;\"><div class=\"panel-heading\"><h2 class=\"panel-title toggle\" id=\"toggle_d0b2efbd449697ec7\"><a aria-expanded=\"false\" aria-controls=\"d0b2efbd449697ec7\" role=\"button\" data-toggle=\"collapse\" data-parent=\"#accordion-118373-1\" data-target=\"#d0b2efbd449697ec7\" href=\"#d0b2efbd449697ec7\"><span class=\"fusion-toggle-icon-wrapper\" aria-hidden=\"true\"><i class=\"fa-fusion-box active-icon awb-icon-minus\" aria-hidden=\"true\"><\/i><i class=\"fa-fusion-box inactive-icon awb-icon-plus\" aria-hidden=\"true\"><\/i><\/span><span class=\"fusion-toggle-heading\"><b>Secr\u00e9taire g\u00e9n\u00e9ral<b><\/span><\/a><\/h2><\/div><div id=\"d0b2efbd449697ec7\" class=\"panel-collapse collapse \" aria-labelledby=\"toggle_d0b2efbd449697ec7\"><div class=\"panel-body toggle-content fusion-clearfix\"><\/b><\/b><\/p>\n<div id=\"attachment_112497\" style=\"width: 160px\" class=\"wp-caption alignright\"><img decoding=\"async\" aria-describedby=\"caption-attachment-112497\" class=\"wp-image-112497 size-full\" src=\"https:\/\/www.lasalle.org\/wp-content\/uploads\/2025\/06\/anovillo.jpg\" alt=\"\" width=\"150\" height=\"150\" srcset=\"https:\/\/www.lasalle.org\/wp-content\/uploads\/2025\/06\/anovillo-66x66.jpg 66w, https:\/\/www.lasalle.org\/wp-content\/uploads\/2025\/06\/anovillo.jpg 150w\" sizes=\"(max-width: 150px) 100vw, 150px\" \/><p id=\"caption-attachment-112497\" class=\"wp-caption-text\"><span style=\"font-size: 8pt;\">Fr. Alfonso Novillo<\/span><\/p><\/div>\n<p>Le Secr\u00e9tariat g\u00e9n\u00e9ral est charg\u00e9 de la mise en \u0153uvre des moyens de communication entre le Centre et les divers secteurs de l&rsquo;Institut.<\/p>\n<p>Il transmet au Conseil g\u00e9n\u00e9ral et aux divers services de l&rsquo;administration centrale, toute documentation utile \u00e0 leur travail et met \u00e0 leur disposition les auxiliaires voulus pour l&rsquo;\u00e9laboration de leurs dossiers ou projets de publication.<\/p>\n<p>Il adresse aux Fr\u00e8res, communaut\u00e9s et Districts, les communications du Fr\u00e8re Sup\u00e9rieur et du Conseil g\u00e9n\u00e9ral ainsi que les circulaires et les divers \u00e9tats administratifs.<\/p>\n<h6>Directoire Administratif\u00a0 18.4.<\/h6>\n<\/div><\/div><\/div><\/div><\/div><div class=\"fusion-separator fusion-full-width-sep\" style=\"align-self: center;margin-left: auto;margin-right: auto;margin-top:15px;margin-bottom:15px;width:100%;\"><div class=\"fusion-separator-border sep-single sep-solid\" style=\"--awb-height:20px;--awb-amount:20px;--awb-sep-color:var(--awb-custom17);border-color:var(--awb-custom17);border-top-width:1px;\"><\/div><\/div><nav class=\"fusion-breadcrumbs fusion-breadcrumbs-1\" style=\"--awb-breadcrumb-sep:&#039;\/&#039;;\" aria-label=\"Breadcrumb\"><ol class=\"awb-breadcrumb-list\"><\/ol><\/nav><\/div><\/div><div class=\"fusion-layout-column fusion_builder_column fusion-builder-column-1 fusion_builder_column_1_4 1_4 fusion-flex-column\" style=\"--awb-bg-size:cover;--awb-width-large:25%;--awb-margin-top-large:0px;--awb-spacing-right-large:7.68%;--awb-margin-bottom-large:20px;--awb-spacing-left-large:7.68%;--awb-width-medium:25%;--awb-order-medium:0;--awb-spacing-right-medium:7.68%;--awb-spacing-left-medium:7.68%;--awb-width-small:100%;--awb-order-small:0;--awb-spacing-right-small:1.92%;--awb-spacing-left-small:1.92%;\"><div class=\"fusion-column-wrapper fusion-column-has-shadow fusion-flex-justify-content-flex-start fusion-content-layout-column\"><div class=\"fusion-title title fusion-title-3 sep-underline sep-solid fusion-title-text fusion-title-size-two\" style=\"--awb-text-color:var(--awb-custom17);--awb-sep-color:var(--awb-custom17);--awb-font-size:22px;\"><h2 class=\"fusion-title-heading title-heading-left\" style=\"margin:0;font-size:1em;\">En relation<\/h2><\/div><ul style=\"--awb-line-height:27.2px;--awb-icon-width:27.2px;--awb-icon-height:27.2px;--awb-icon-margin:11.2px;--awb-content-margin:38.4px;--awb-circlecolor:var(--awb-custom17);--awb-circle-yes-font-size:14.08px;\" class=\"fusion-checklist fusion-checklist-1 fusion-checklist-default type-icons\"><li class=\"fusion-li-item\" style=\"\"><span class=\"icon-wrapper circle-yes\"><i class=\"fusion-li-icon fa-file-alt far\" aria-hidden=\"true\"><\/i><\/span><div class=\"fusion-li-item-content\">\n<p><a href=\"https:\/\/www.lasalle.org\/fr\/animation-et-gouvernement\/\">Animation et Gouvernement<\/a><\/p>\n<\/div><\/li><li class=\"fusion-li-item\" style=\"\"><span class=\"icon-wrapper circle-yes\"><i class=\"fusion-li-icon fa-file-alt far\" aria-hidden=\"true\"><\/i><\/span><div class=\"fusion-li-item-content\">\n<p><a href=\"https:\/\/www.lasalle.org\/fr\/animation-et-gouvernement\/superieur-general\/\">Sup\u00e9rieur g\u00e9n\u00e9ral<\/a><\/p>\n<\/div><\/li><li class=\"fusion-li-item\" style=\"\"><span class=\"icon-wrapper circle-yes\"><i class=\"fusion-li-icon fa-file-alt far\" aria-hidden=\"true\"><\/i><\/span><div class=\"fusion-li-item-content\">\n<p><a href=\"https:\/\/www.lasalle.org\/fr\/?page_id=118332&amp;preview=true\">Vicaire g\u00e9n\u00e9ral<\/a><\/p>\n<\/div><\/li><li class=\"fusion-li-item\" style=\"\"><span class=\"icon-wrapper circle-yes\"><i class=\"fusion-li-icon fa-file-alt far\" aria-hidden=\"true\"><\/i><\/span><div class=\"fusion-li-item-content\">\n<p><a href=\"https:\/\/www.lasalle.org\/fr\/animation-et-gouvernement\/conseils\/\">Conseils de l\u2019Institut<\/a><\/p>\n<\/div><\/li><li class=\"fusion-li-item\" style=\"\"><span class=\"icon-wrapper circle-yes\"><i class=\"fusion-li-icon fa-file-alt far\" aria-hidden=\"true\"><\/i><\/span><div class=\"fusion-li-item-content\">\n<p><a href=\"https:\/\/www.lasalle.org\/fr\/?page_id=118380&amp;preview=true\">Bureaux<\/a><\/p>\n<\/div><\/li><li class=\"fusion-li-item\" style=\"\"><span class=\"icon-wrapper circle-yes\"><i class=\"fusion-li-icon fa-file-alt far\" aria-hidden=\"true\"><\/i><\/span><div class=\"fusion-li-item-content\">\n<p><a href=\"https:\/\/www.lasalle.org\/fr\/animation-et-gouvernement\/commissions\/\">Commissions<\/a><\/p>\n<\/div><\/li><li class=\"fusion-li-item\" style=\"\"><span class=\"icon-wrapper circle-yes\"><i class=\"fusion-li-icon fa-file-alt far\" aria-hidden=\"true\"><\/i><\/span><div class=\"fusion-li-item-content\">\n<p><a href=\"https:\/\/www.lasalle.org\/fr\/animation-et-gouvernement\/services-generaux\/\">Services g\u00e9n\u00e9raux<\/a><\/p>\n<\/div><\/li><li class=\"fusion-li-item\" style=\"\"><span class=\"icon-wrapper circle-yes\"><i class=\"fusion-li-icon fa-file-alt far\" aria-hidden=\"true\"><\/i><\/span><div class=\"fusion-li-item-content\">\n<p><a href=\"https:\/\/www.lasalle.org\/fr\/animation-et-gouvernement\/comites\/\">Comit\u00e9s internationaux<\/a><\/p>\n<\/div><\/li><\/ul>\n<div class=\"fusion-separator fusion-full-width-sep\" style=\"align-self: center;margin-left: auto;margin-right: auto;margin-top:15px;margin-bottom:15px;width:100%;\"><\/div><div class=\"fusion-separator fusion-full-width-sep\" style=\"align-self: center;margin-left: auto;margin-right: auto;margin-top:15px;margin-bottom:15px;width:100%;\"><div class=\"fusion-separator-border sep-single sep-solid\" style=\"--awb-height:20px;--awb-amount:20px;--awb-sep-color:var(--awb-custom17);border-color:var(--awb-custom17);border-top-width:1px;\"><\/div><\/div><\/div><\/div><\/div><\/div>\n","protected":false},"excerpt":{"rendered":"","protected":false},"author":9,"featured_media":120567,"parent":10563,"menu_order":0,"comment_status":"closed","ping_status":"closed","template":"","meta":{"_tec_requires_first_save":true,"_monsterinsights_skip_tracking":false,"_monsterinsights_sitenote_active":false,"_monsterinsights_sitenote_note":"","_monsterinsights_sitenote_category":0,"_EventAllDay":false,"_EventTimezone":"","_EventStartDate":"","_EventEndDate":"","_EventStartDateUTC":"","_EventEndDateUTC":"","_EventShowMap":false,"_EventShowMapLink":false,"_EventURL":"","_EventCost":"","_EventCostDescription":"","_EventCurrencySymbol":"","_EventCurrencyCode":"","_EventCurrencyPosition":"","_EventDateTimeSeparator":"","_EventTimeRangeSeparator":"","_EventOrganizerID":[],"_EventVenueID":[],"_OrganizerEmail":"","_OrganizerPhone":"","_OrganizerWebsite":"","_VenueAddress":"","_VenueCity":"","_VenueCountry":"","_VenueProvince":"","_VenueState":"","_VenueZip":"","_VenuePhone":"","_VenueURL":"","_VenueStateProvince":"","_VenueLat":"","_VenueLng":"","_VenueShowMap":false,"_VenueShowMapLink":false,"_tribe_blocks_recurrence_rules":"","_tribe_blocks_recurrence_description":"","_tribe_blocks_recurrence_exclusions":"","footnotes":""},"class_list":["post-118373","page","type-page","status-publish","has-post-thumbnail","hentry"],"_links":{"self":[{"href":"https:\/\/www.lasalle.org\/fr\/wp-json\/wp\/v2\/pages\/118373","targetHints":{"allow":["GET"]}}],"collection":[{"href":"https:\/\/www.lasalle.org\/fr\/wp-json\/wp\/v2\/pages"}],"about":[{"href":"https:\/\/www.lasalle.org\/fr\/wp-json\/wp\/v2\/types\/page"}],"author":[{"embeddable":true,"href":"https:\/\/www.lasalle.org\/fr\/wp-json\/wp\/v2\/users\/9"}],"replies":[{"embeddable":true,"href":"https:\/\/www.lasalle.org\/fr\/wp-json\/wp\/v2\/comments?post=118373"}],"version-history":[{"count":5,"href":"https:\/\/www.lasalle.org\/fr\/wp-json\/wp\/v2\/pages\/118373\/revisions"}],"predecessor-version":[{"id":121641,"href":"https:\/\/www.lasalle.org\/fr\/wp-json\/wp\/v2\/pages\/118373\/revisions\/121641"}],"up":[{"embeddable":true,"href":"https:\/\/www.lasalle.org\/fr\/wp-json\/wp\/v2\/pages\/10563"}],"wp:featuredmedia":[{"embeddable":true,"href":"https:\/\/www.lasalle.org\/fr\/wp-json\/wp\/v2\/media\/120567"}],"wp:attachment":[{"href":"https:\/\/www.lasalle.org\/fr\/wp-json\/wp\/v2\/media?parent=118373"}],"curies":[{"name":"wp","href":"https:\/\/api.w.org\/{rel}","templated":true}]}}