{"id":45891,"date":"2018-12-11T10:49:19","date_gmt":"2018-12-11T10:49:19","guid":{"rendered":"http:\/\/lasalle.vl20054.dinaserver.com\/en-el-mundo\/"},"modified":"2025-11-25T15:54:35","modified_gmt":"2025-11-25T14:54:35","slug":"dans-le-monde","status":"publish","type":"page","link":"https:\/\/www.lasalle.org\/fr\/dans-le-monde\/","title":{"rendered":"Dans le monde"},"content":{"rendered":"<div class=\"fusion-fullwidth fullwidth-box fusion-builder-row-1 fusion-flex-container nonhundred-percent-fullwidth non-hundred-percent-height-scrolling\" style=\"--awb-border-radius-top-left:0px;--awb-border-radius-top-right:0px;--awb-border-radius-bottom-right:0px;--awb-border-radius-bottom-left:0px;--awb-flex-wrap:wrap;\" ><div class=\"fusion-builder-row fusion-row fusion-flex-align-items-flex-start fusion-flex-content-wrap\" style=\"max-width:1248px;margin-left: calc(-4% \/ 2 );margin-right: calc(-4% \/ 2 );\"><div class=\"fusion-layout-column fusion_builder_column fusion-builder-column-0 fusion_builder_column_1_1 1_1 fusion-flex-column\" style=\"--awb-bg-size:cover;--awb-width-large:100%;--awb-margin-top-large:0px;--awb-spacing-right-large:1.92%;--awb-margin-bottom-large:0px;--awb-spacing-left-large:1.92%;--awb-width-medium:100%;--awb-spacing-right-medium:1.92%;--awb-spacing-left-medium:1.92%;--awb-width-small:100%;--awb-spacing-right-small:1.92%;--awb-spacing-left-small:1.92%;\"><div class=\"fusion-column-wrapper fusion-flex-justify-content-flex-start fusion-content-layout-column\"><div class=\"fusion-text fusion-text-1\"><p><img decoding=\"async\" class=\"alignright size-fusion-1200 wp-image-90538\" src=\"https:\/\/www.lasalle.org\/wp-content\/uploads\/2023\/02\/distretti_statiusa2023-1200x644.png\" alt=\"\" width=\"1200\" height=\"644\" srcset=\"https:\/\/www.lasalle.org\/wp-content\/uploads\/2023\/02\/distretti_statiusa2023-200x107.png 200w, https:\/\/www.lasalle.org\/wp-content\/uploads\/2023\/02\/distretti_statiusa2023-300x161.png 300w, https:\/\/www.lasalle.org\/wp-content\/uploads\/2023\/02\/distretti_statiusa2023-400x215.png 400w, https:\/\/www.lasalle.org\/wp-content\/uploads\/2023\/02\/distretti_statiusa2023-600x322.png 600w, https:\/\/www.lasalle.org\/wp-content\/uploads\/2023\/02\/distretti_statiusa2023-768x412.png 768w, https:\/\/www.lasalle.org\/wp-content\/uploads\/2023\/02\/distretti_statiusa2023-800x429.png 800w, https:\/\/www.lasalle.org\/wp-content\/uploads\/2023\/02\/distretti_statiusa2023-1200x644.png 1200w, https:\/\/www.lasalle.org\/wp-content\/uploads\/2023\/02\/distretti_statiusa2023-1536x824.png 1536w, https:\/\/www.lasalle.org\/wp-content\/uploads\/2023\/02\/distretti_statiusa2023-1800x966.png 1800w\" sizes=\"(max-width: 1200px) 100vw, 1200px\" \/><\/p>\n<\/div><div class=\"fusion-title title fusion-title-1 sep-underline sep-solid fusion-title-text fusion-title-size-two\" style=\"--awb-text-color:var(--awb-custom17);--awb-sep-color:var(--awb-custom17);--awb-font-size:22px;\"><h2 class=\"fusion-title-heading title-heading-left\" style=\"margin:0;font-size:1em;\">Pr\u00e9sence dans le monde<\/h2><\/div><div class=\"fusion-tabs fusion-tabs-1 classic nav-is-justified horizontal-tabs icon-position-left mobile-mode-accordion\" style=\"--icon-color:var(--awb-custom17);--awb-title-border-radius-top-left:0px;--awb-title-border-radius-top-right:0px;--awb-title-border-radius-bottom-right:0px;--awb-title-border-radius-bottom-left:0px;--awb-title-font-size:22px;--awb-alignment:start;--awb-inactive-color:#f1f2f2;--awb-title-text-color:var(--awb-custom17);--awb-background-color:#ffffff;--awb-border-color:#e2e2e2;--awb-active-border-color:#ef8733;\"><div class=\"nav\"><ul class=\"nav-tabs nav-justified\" role=\"tablist\"><li class=\"active\" role=\"presentation\"><a class=\"tab-link\" data-toggle=\"tab\" role=\"tab\" aria-controls=\"tab-ef5017d4557093fa238\" aria-selected=\"true\" id=\"fusion-tab-maisong\u00e9n\u00e9ralice\" href=\"#tab-ef5017d4557093fa238\"><h2 class=\"fusion-tab-heading\"><i class=\"fontawesome-icon fa-star far\" aria-hidden=\"true\" style=\"font-size:16px; --icon-color:var(--awb-custom17);\"><\/i>Maison g\u00e9n\u00e9ralice<\/h2><\/a><\/li><li role=\"presentation\"><a class=\"tab-link\" data-toggle=\"tab\" role=\"tab\" aria-controls=\"tab-68b2c598be1b26933e7\" aria-selected=\"false\" tabindex=\"-1\" id=\"fusion-tab-relan\" href=\"#tab-68b2c598be1b26933e7\"><h2 class=\"fusion-tab-heading\"><i class=\"fontawesome-icon fa-star far\" aria-hidden=\"true\" style=\"font-size:16px; --icon-color:var(--awb-custom17);\"><\/i>RELAN<\/h2><\/a><\/li><li role=\"presentation\"><a class=\"tab-link\" data-toggle=\"tab\" role=\"tab\" aria-controls=\"tab-52275b1eb16922d4c90\" aria-selected=\"false\" tabindex=\"-1\" id=\"fusion-tab-relal\" href=\"#tab-52275b1eb16922d4c90\"><h2 class=\"fusion-tab-heading\"><i class=\"fontawesome-icon fa-star far\" aria-hidden=\"true\" style=\"font-size:16px; --icon-color:var(--awb-custom17);\"><\/i>RELAL<\/h2><\/a><\/li><li role=\"presentation\"><a class=\"tab-link\" data-toggle=\"tab\" role=\"tab\" aria-controls=\"tab-26fc3a9d574430f2a4b\" aria-selected=\"false\" tabindex=\"-1\" id=\"fusion-tab-relem\" href=\"#tab-26fc3a9d574430f2a4b\"><h2 class=\"fusion-tab-heading\"><i class=\"fontawesome-icon fa-star far\" aria-hidden=\"true\" style=\"font-size:16px; --icon-color:var(--awb-custom17);\"><\/i>RELEM<\/h2><\/a><\/li><li role=\"presentation\"><a class=\"tab-link\" data-toggle=\"tab\" role=\"tab\" aria-controls=\"tab-b4515ddb25e203a5c8d\" aria-selected=\"false\" tabindex=\"-1\" id=\"fusion-tab-relaf\" href=\"#tab-b4515ddb25e203a5c8d\"><h2 class=\"fusion-tab-heading\"><i class=\"fontawesome-icon fa-star far\" aria-hidden=\"true\" style=\"font-size:16px; --icon-color:var(--awb-custom17);\"><\/i>RELAF<\/h2><\/a><\/li><li role=\"presentation\"><a class=\"tab-link\" data-toggle=\"tab\" role=\"tab\" aria-controls=\"tab-9181cfe930f7963a882\" aria-selected=\"false\" tabindex=\"-1\" id=\"fusion-tab-parc\" href=\"#tab-9181cfe930f7963a882\"><h2 class=\"fusion-tab-heading\"><i class=\"fontawesome-icon fa-star far\" aria-hidden=\"true\" style=\"font-size:16px; --icon-color:var(--awb-custom17);\"><\/i>PARC<\/h2><\/a><\/li><\/ul><\/div><div class=\"tab-content\"><div class=\"nav fusion-mobile-tab-nav\"><ul class=\"nav-tabs nav-justified\" role=\"tablist\"><li class=\"active\" role=\"presentation\"><a class=\"tab-link\" data-toggle=\"tab\" role=\"tab\" aria-controls=\"tab-ef5017d4557093fa238\" aria-selected=\"true\" id=\"mobile-fusion-tab-maisong\u00e9n\u00e9ralice\" href=\"#tab-ef5017d4557093fa238\"><h2 class=\"fusion-tab-heading\"><i class=\"fontawesome-icon fa-star far\" aria-hidden=\"true\" style=\"font-size:16px; --icon-color:var(--awb-custom17);\"><\/i>Maison g\u00e9n\u00e9ralice<\/h2><\/a><\/li><\/ul><\/div><div class=\"tab-pane fade fusion-clearfix in active\" role=\"tabpanel\" tabindex=\"0\" aria-labelledby=\"fusion-tab-maisong\u00e9n\u00e9ralice\" id=\"tab-ef5017d4557093fa238\">\n<p><strong><img decoding=\"async\" class=\"alignleft size-medium wp-image-110728\" src=\"https:\/\/www.lasalle.org\/wp-content\/uploads\/2025\/05\/casageneralizia-300x200.jpg\" alt=\"\" width=\"300\" height=\"200\" srcset=\"https:\/\/www.lasalle.org\/wp-content\/uploads\/2025\/05\/casageneralizia-200x133.jpg 200w, https:\/\/www.lasalle.org\/wp-content\/uploads\/2025\/05\/casageneralizia-300x200.jpg 300w, https:\/\/www.lasalle.org\/wp-content\/uploads\/2025\/05\/casageneralizia-400x266.jpg 400w, https:\/\/www.lasalle.org\/wp-content\/uploads\/2025\/05\/casageneralizia.jpg 500w\" sizes=\"(max-width: 300px) 100vw, 300px\" \/>Maison g\u00e9n\u00e9ralice des Fr\u00e8res des \u00c9coles Chr\u00e9tiennes<\/strong><br \/>\nVia Aurelia, 476 \u2013 00165 Roma, Italia<br \/>\nTel +39 665231<\/p>\n<h4><em><strong><a href=\"https:\/\/www.lasalle.org\/fr\/maison-generalice\/\">Plus d&rsquo;informations \u2192<\/a><\/strong><\/em><\/h4>\n<\/div><div class=\"nav fusion-mobile-tab-nav\"><ul class=\"nav-tabs nav-justified\" role=\"tablist\"><li role=\"presentation\"><a class=\"tab-link\" data-toggle=\"tab\" role=\"tab\" aria-controls=\"tab-68b2c598be1b26933e7\" aria-selected=\"false\" tabindex=\"-1\" id=\"mobile-fusion-tab-relan\" href=\"#tab-68b2c598be1b26933e7\"><h2 class=\"fusion-tab-heading\"><i class=\"fontawesome-icon fa-star far\" aria-hidden=\"true\" style=\"font-size:16px; --icon-color:var(--awb-custom17);\"><\/i>RELAN<\/h2><\/a><\/li><\/ul><\/div><div class=\"tab-pane fade fusion-clearfix\" role=\"tabpanel\" tabindex=\"0\" aria-labelledby=\"fusion-tab-relan\" id=\"tab-68b2c598be1b26933e7\">\n<p><img decoding=\"async\" class=\"alignleft size-medium wp-image-90580\" src=\"https:\/\/www.lasalle.org\/wp-content\/uploads\/2023\/02\/relan_sito2023-300x300.png\" alt=\"\" width=\"300\" height=\"300\" srcset=\"https:\/\/www.lasalle.org\/wp-content\/uploads\/2023\/02\/relan_sito2023-66x66.png 66w, https:\/\/www.lasalle.org\/wp-content\/uploads\/2023\/02\/relan_sito2023-150x150.png 150w, https:\/\/www.lasalle.org\/wp-content\/uploads\/2023\/02\/relan_sito2023-200x200.png 200w, https:\/\/www.lasalle.org\/wp-content\/uploads\/2023\/02\/relan_sito2023-300x300.png 300w, https:\/\/www.lasalle.org\/wp-content\/uploads\/2023\/02\/relan_sito2023-400x400.png 400w, https:\/\/www.lasalle.org\/wp-content\/uploads\/2023\/02\/relan_sito2023.png 600w\" sizes=\"(max-width: 300px) 100vw, 300px\" \/><strong>RELAN \u2013 R\u00e9gion Lasallienne de l\u2019Am\u00e9rique du Nord \u2013 Lasallian Region of\u00a0 North America<\/strong><\/p>\n<p class=\"has-small-font-size\"><strong>Christian Brothers Conference<\/strong><br \/>\n415 Michigan Avenue, NE, #300<br \/>\nWASHINGTON, DC 20017-4501<br \/>\nU.S.A.<br \/>\nTel +1 (202) 529-0047<br \/>\nFax +1 (202) 529-0775<br \/>\n<a href=\"http:\/\/www.lasallian.info\/\" target=\"_blank\" rel=\"noreferrer noopener\">http:\/\/www.lasallian.info<\/a><\/p>\n<h4><a href=\"https:\/\/www.lasalle.org\/fr\/dans-le-monde\/relan\/\"><strong><em>Plus d&rsquo;informations \u2192<\/em><\/strong><\/a><\/h4>\n<\/div><div class=\"nav fusion-mobile-tab-nav\"><ul class=\"nav-tabs nav-justified\" role=\"tablist\"><li role=\"presentation\"><a class=\"tab-link\" data-toggle=\"tab\" role=\"tab\" aria-controls=\"tab-52275b1eb16922d4c90\" aria-selected=\"false\" tabindex=\"-1\" id=\"mobile-fusion-tab-relal\" href=\"#tab-52275b1eb16922d4c90\"><h2 class=\"fusion-tab-heading\"><i class=\"fontawesome-icon fa-star far\" aria-hidden=\"true\" style=\"font-size:16px; --icon-color:var(--awb-custom17);\"><\/i>RELAL<\/h2><\/a><\/li><\/ul><\/div><div class=\"tab-pane fade fusion-clearfix\" role=\"tabpanel\" tabindex=\"0\" aria-labelledby=\"fusion-tab-relal\" id=\"tab-52275b1eb16922d4c90\">\n<p><img decoding=\"async\" class=\"alignleft size-medium wp-image-90572\" src=\"https:\/\/www.lasalle.org\/wp-content\/uploads\/2023\/02\/relal_sito2023-300x300.png\" alt=\"\" width=\"300\" height=\"300\" srcset=\"https:\/\/www.lasalle.org\/wp-content\/uploads\/2023\/02\/relal_sito2023-66x66.png 66w, https:\/\/www.lasalle.org\/wp-content\/uploads\/2023\/02\/relal_sito2023-150x150.png 150w, https:\/\/www.lasalle.org\/wp-content\/uploads\/2023\/02\/relal_sito2023-200x200.png 200w, https:\/\/www.lasalle.org\/wp-content\/uploads\/2023\/02\/relal_sito2023-300x300.png 300w, https:\/\/www.lasalle.org\/wp-content\/uploads\/2023\/02\/relal_sito2023-400x400.png 400w, https:\/\/www.lasalle.org\/wp-content\/uploads\/2023\/02\/relal_sito2023.png 600w\" sizes=\"(max-width: 300px) 100vw, 300px\" \/><strong>RELAL \u2013\u00a0Regi\u00f3n Latinoamericana Lasallista<\/strong><\/p>\n<p><strong>Casa Parmenia<\/strong><br \/>\nKil\u00f3metro 9, Via Las Palmas<br \/>\nMedell\u00edn, Colombia<br \/>\nTel: +57 (4) 321.1801<br \/>\n<a href=\"http:\/\/www.relal.org.co\/\" target=\"_blank\" rel=\"noreferrer noopener\">www.relal.org.co<\/a><\/p>\n<h4><a href=\"https:\/\/www.lasalle.org\/fr\/dans-le-monde\/relal\/\"><strong><em>Plus d&rsquo;informations \u2192<\/em><\/strong><\/a><\/h4>\n<\/div><div class=\"nav fusion-mobile-tab-nav\"><ul class=\"nav-tabs nav-justified\" role=\"tablist\"><li role=\"presentation\"><a class=\"tab-link\" data-toggle=\"tab\" role=\"tab\" aria-controls=\"tab-26fc3a9d574430f2a4b\" aria-selected=\"false\" tabindex=\"-1\" id=\"mobile-fusion-tab-relem\" href=\"#tab-26fc3a9d574430f2a4b\"><h2 class=\"fusion-tab-heading\"><i class=\"fontawesome-icon fa-star far\" aria-hidden=\"true\" style=\"font-size:16px; --icon-color:var(--awb-custom17);\"><\/i>RELEM<\/h2><\/a><\/li><\/ul><\/div><div class=\"tab-pane fade fusion-clearfix\" role=\"tabpanel\" tabindex=\"0\" aria-labelledby=\"fusion-tab-relem\" id=\"tab-26fc3a9d574430f2a4b\">\n<p><strong><img decoding=\"async\" class=\"alignleft size-medium wp-image-90564\" src=\"https:\/\/www.lasalle.org\/wp-content\/uploads\/2023\/02\/relem_sito2023-300x300.png\" alt=\"\" width=\"300\" height=\"300\" srcset=\"https:\/\/www.lasalle.org\/wp-content\/uploads\/2023\/02\/relem_sito2023-66x66.png 66w, https:\/\/www.lasalle.org\/wp-content\/uploads\/2023\/02\/relem_sito2023-150x150.png 150w, https:\/\/www.lasalle.org\/wp-content\/uploads\/2023\/02\/relem_sito2023-200x200.png 200w, https:\/\/www.lasalle.org\/wp-content\/uploads\/2023\/02\/relem_sito2023-300x300.png 300w, https:\/\/www.lasalle.org\/wp-content\/uploads\/2023\/02\/relem_sito2023-400x400.png 400w, https:\/\/www.lasalle.org\/wp-content\/uploads\/2023\/02\/relem_sito2023.png 600w\" sizes=\"(max-width: 300px) 100vw, 300px\" \/>RELEM \u2013 R\u00e9gion Lasallienne Europe M\u00e9diterran\u00e9e \u2013 Lasallian Region of Europe and the Mediterranean \u2013 Regi\u00f3n Lasaliana Europea-Mediterr\u00e1neo<\/strong><\/p>\n<p>Casa Generalicia de los Hermanos de las Escuelas Cristianas<br \/>\nVia Aurelia 476<br \/>\n00165 ROMA, Italia<br \/>\nTel. +39 06.66.52.31<br \/>\n<a href=\"http:\/\/www.lasalle-relem.org\/\" target=\"_blank\" rel=\"noreferrer noopener\">www.lasalle-relem.org<\/a><\/p>\n<h4><a href=\"https:\/\/www.lasalle.org\/fr\/dans-le-monde\/relem\/\"><strong><em>Plus d&rsquo;informations \u2192<\/em><\/strong><\/a><\/h4>\n<\/div><div class=\"nav fusion-mobile-tab-nav\"><ul class=\"nav-tabs nav-justified\" role=\"tablist\"><li role=\"presentation\"><a class=\"tab-link\" data-toggle=\"tab\" role=\"tab\" aria-controls=\"tab-b4515ddb25e203a5c8d\" aria-selected=\"false\" tabindex=\"-1\" id=\"mobile-fusion-tab-relaf\" href=\"#tab-b4515ddb25e203a5c8d\"><h2 class=\"fusion-tab-heading\"><i class=\"fontawesome-icon fa-star far\" aria-hidden=\"true\" style=\"font-size:16px; --icon-color:var(--awb-custom17);\"><\/i>RELAF<\/h2><\/a><\/li><\/ul><\/div><div class=\"tab-pane fade fusion-clearfix\" role=\"tabpanel\" tabindex=\"0\" aria-labelledby=\"fusion-tab-relaf\" id=\"tab-b4515ddb25e203a5c8d\">\n<p><strong><img decoding=\"async\" class=\"alignleft size-medium wp-image-90556\" src=\"https:\/\/www.lasalle.org\/wp-content\/uploads\/2023\/02\/relaf_sito2023-300x300.png\" alt=\"\" width=\"300\" height=\"300\" srcset=\"https:\/\/www.lasalle.org\/wp-content\/uploads\/2023\/02\/relaf_sito2023-66x66.png 66w, https:\/\/www.lasalle.org\/wp-content\/uploads\/2023\/02\/relaf_sito2023-150x150.png 150w, https:\/\/www.lasalle.org\/wp-content\/uploads\/2023\/02\/relaf_sito2023-200x200.png 200w, https:\/\/www.lasalle.org\/wp-content\/uploads\/2023\/02\/relaf_sito2023-300x300.png 300w, https:\/\/www.lasalle.org\/wp-content\/uploads\/2023\/02\/relaf_sito2023-400x400.png 400w, https:\/\/www.lasalle.org\/wp-content\/uploads\/2023\/02\/relaf_sito2023.png 600w\" sizes=\"(max-width: 300px) 100vw, 300px\" \/>RELAF \u2013 R\u00e9gion Lasallienne d\u2019Afrique \u2013 Lasallian Region of Africa<\/strong><\/p>\n<p><strong>Communaut\u00e9 FEC Cocody<\/strong><br \/>\nCOCODY<br \/>\n08 B.P. 1927 \u2013 Abidjan 08<br \/>\nC\u00f4te d\u2019Ivoire<br \/>\n<a href=\"http:\/\/www.relaf.info\/\" target=\"_blank\" rel=\"noreferrer noopener\">www.relaf.info<\/a><\/p>\n<h4><a href=\"https:\/\/www.lasalle.org\/fr\/dans-le-monde\/relaf\/\"><strong><em>Plus d&rsquo;informations \u2192<\/em><\/strong><\/a><\/h4>\n<\/div><div class=\"nav fusion-mobile-tab-nav\"><ul class=\"nav-tabs nav-justified\" role=\"tablist\"><li role=\"presentation\"><a class=\"tab-link\" data-toggle=\"tab\" role=\"tab\" aria-controls=\"tab-9181cfe930f7963a882\" aria-selected=\"false\" tabindex=\"-1\" id=\"mobile-fusion-tab-parc\" href=\"#tab-9181cfe930f7963a882\"><h2 class=\"fusion-tab-heading\"><i class=\"fontawesome-icon fa-star far\" aria-hidden=\"true\" style=\"font-size:16px; --icon-color:var(--awb-custom17);\"><\/i>PARC<\/h2><\/a><\/li><\/ul><\/div><div class=\"tab-pane fade fusion-clearfix\" role=\"tabpanel\" tabindex=\"0\" aria-labelledby=\"fusion-tab-parc\" id=\"tab-9181cfe930f7963a882\">\n<p><strong><img decoding=\"async\" class=\"alignleft size-medium wp-image-90548\" src=\"https:\/\/www.lasalle.org\/wp-content\/uploads\/2023\/02\/parc_sito2023-300x300.png\" alt=\"\" width=\"300\" height=\"300\" srcset=\"https:\/\/www.lasalle.org\/wp-content\/uploads\/2023\/02\/parc_sito2023-66x66.png 66w, https:\/\/www.lasalle.org\/wp-content\/uploads\/2023\/02\/parc_sito2023-150x150.png 150w, https:\/\/www.lasalle.org\/wp-content\/uploads\/2023\/02\/parc_sito2023-200x200.png 200w, https:\/\/www.lasalle.org\/wp-content\/uploads\/2023\/02\/parc_sito2023-300x300.png 300w, https:\/\/www.lasalle.org\/wp-content\/uploads\/2023\/02\/parc_sito2023-400x400.png 400w, https:\/\/www.lasalle.org\/wp-content\/uploads\/2023\/02\/parc_sito2023.png 600w\" sizes=\"(max-width: 300px) 100vw, 300px\" \/>PARC \u2013 Pacific Asia Regional Conference<\/strong><\/p>\n<p><strong>PARC Regional Office<\/strong><br \/>\nSt Patrick\u2019s School<br \/>\n490 East Coast Road<br \/>\nSingapore 429058<br \/>\nCell +63 9175415248<\/p>\n<h4><a href=\"https:\/\/www.lasalle.org\/fr\/dans-le-monde\/parc\/\"><em><strong>Plus d&rsquo;informations \u2192<\/strong><\/em><\/a><\/h4>\n<\/div><\/div><\/div><div class=\"fusion-separator fusion-full-width-sep\" style=\"align-self: center;margin-left: auto;margin-right: auto;margin-top:0px;margin-bottom:0px;width:100%;\"><div class=\"fusion-separator-border sep-single sep-solid\" style=\"--awb-height:20px;--awb-amount:20px;--awb-sep-color:var(--awb-custom17);border-color:var(--awb-custom17);border-top-width:1px;\"><\/div><\/div><nav class=\"fusion-breadcrumbs fusion-breadcrumbs-1\" style=\"--awb-breadcrumb-sep:&#039;\/&#039;;\" aria-label=\"Breadcrumb\"><ol class=\"awb-breadcrumb-list\"><\/ol><\/nav><\/div><\/div><\/div><\/div>\n","protected":false},"excerpt":{"rendered":"","protected":false},"author":13,"featured_media":0,"parent":0,"menu_order":0,"comment_status":"closed","ping_status":"closed","template":"","meta":{"_tec_requires_first_save":true,"_monsterinsights_skip_tracking":false,"_monsterinsights_sitenote_active":false,"_monsterinsights_sitenote_note":"","_monsterinsights_sitenote_category":0,"_EventAllDay":false,"_EventTimezone":"","_EventStartDate":"","_EventEndDate":"","_EventStartDateUTC":"","_EventEndDateUTC":"","_EventShowMap":false,"_EventShowMapLink":false,"_EventURL":"","_EventCost":"","_EventCostDescription":"","_EventCurrencySymbol":"","_EventCurrencyCode":"","_EventCurrencyPosition":"","_EventDateTimeSeparator":"","_EventTimeRangeSeparator":"","_EventOrganizerID":[],"_EventVenueID":[],"_OrganizerEmail":"","_OrganizerPhone":"","_OrganizerWebsite":"","_VenueAddress":"","_VenueCity":"","_VenueCountry":"","_VenueProvince":"","_VenueState":"","_VenueZip":"","_VenuePhone":"","_VenueURL":"","_VenueStateProvince":"","_VenueLat":"","_VenueLng":"","_VenueShowMap":false,"_VenueShowMapLink":false,"_tribe_blocks_recurrence_rules":"","_tribe_blocks_recurrence_description":"","_tribe_blocks_recurrence_exclusions":"","footnotes":""},"class_list":["post-45891","page","type-page","status-publish","hentry"],"_links":{"self":[{"href":"https:\/\/www.lasalle.org\/fr\/wp-json\/wp\/v2\/pages\/45891","targetHints":{"allow":["GET"]}}],"collection":[{"href":"https:\/\/www.lasalle.org\/fr\/wp-json\/wp\/v2\/pages"}],"about":[{"href":"https:\/\/www.lasalle.org\/fr\/wp-json\/wp\/v2\/types\/page"}],"author":[{"embeddable":true,"href":"https:\/\/www.lasalle.org\/fr\/wp-json\/wp\/v2\/users\/13"}],"replies":[{"embeddable":true,"href":"https:\/\/www.lasalle.org\/fr\/wp-json\/wp\/v2\/comments?post=45891"}],"version-history":[{"count":5,"href":"https:\/\/www.lasalle.org\/fr\/wp-json\/wp\/v2\/pages\/45891\/revisions"}],"predecessor-version":[{"id":121431,"href":"https:\/\/www.lasalle.org\/fr\/wp-json\/wp\/v2\/pages\/45891\/revisions\/121431"}],"wp:attachment":[{"href":"https:\/\/www.lasalle.org\/fr\/wp-json\/wp\/v2\/media?parent=45891"}],"curies":[{"name":"wp","href":"https:\/\/api.w.org\/{rel}","templated":true}]}}