{"id":56606,"date":"2019-09-16T11:39:23","date_gmt":"2019-09-16T11:39:23","guid":{"rendered":"http:\/\/www.lasalle.org\/?page_id=56606"},"modified":"2025-12-10T11:47:08","modified_gmt":"2025-12-10T10:47:08","slug":"maison-generalice","status":"publish","type":"page","link":"https:\/\/www.lasalle.org\/fr\/maison-generalice\/","title":{"rendered":"Maison G\u00e9n\u00e9ralice"},"content":{"rendered":"<div class=\"fusion-fullwidth fullwidth-box fusion-builder-row-1 fusion-flex-container has-pattern-background has-mask-background nonhundred-percent-fullwidth non-hundred-percent-height-scrolling\" style=\"--awb-border-radius-top-left:0px;--awb-border-radius-top-right:0px;--awb-border-radius-bottom-right:0px;--awb-border-radius-bottom-left:0px;--awb-flex-wrap:wrap;\" ><div class=\"fusion-builder-row fusion-row fusion-flex-align-items-flex-start fusion-flex-content-wrap\" style=\"max-width:1248px;margin-left: calc(-4% \/ 2 );margin-right: calc(-4% \/ 2 );\"><div class=\"fusion-layout-column fusion_builder_column fusion-builder-column-0 fusion_builder_column_3_4 3_4 fusion-flex-column\" style=\"--awb-bg-size:cover;--awb-width-large:75%;--awb-margin-top-large:0px;--awb-spacing-right-large:2.56%;--awb-margin-bottom-large:20px;--awb-spacing-left-large:2.56%;--awb-width-medium:75%;--awb-order-medium:0;--awb-spacing-right-medium:2.56%;--awb-spacing-left-medium:2.56%;--awb-width-small:100%;--awb-order-small:0;--awb-spacing-right-small:1.92%;--awb-spacing-left-small:1.92%;\"><div class=\"fusion-column-wrapper fusion-column-has-shadow fusion-flex-justify-content-flex-start fusion-content-layout-column\"><div class=\"fusion-title title fusion-title-1 sep-underline sep-solid fusion-title-text fusion-title-size-two\" style=\"--awb-text-color:var(--awb-custom17);--awb-sep-color:var(--awb-custom17);--awb-font-size:22px;\"><h2 class=\"fusion-title-heading title-heading-left\" style=\"margin:0;font-size:1em;\">Maison G\u00e9n\u00e9ralice<\/h2><\/div><div class=\"fusion-text fusion-text-1\"><p>La Maison G\u00e9n\u00e9ralice des Fr\u00e8res des \u00c9coles Chr\u00e9tiennes est la r\u00e9sidence du <a href=\"https:\/\/www.lasalle.org\/fr\/animation-et-gouvernement\/\">Sup\u00e9rieur G\u00e9n\u00e9ral et de son Conseil<\/a>. C'est le si\u00e8ge du gouvernement central et des <strong>services g\u00e9n\u00e9raux<\/strong> de l'Institut.<\/p>\n<p><!-- \/wp:post-content --><\/p>\n<p><!-- wp:image  --><\/p>\n<div class=\"wp-block-image\">\n<figure class=\"alignright is-resized\"><img decoding=\"async\" class=\"wp-image-50269\" src=\"https:\/\/www.lasalle.org\/wp-content\/uploads\/2019\/07\/P\u00e8lerinage-Momignies-\u00e0-Lembecq-1913-1024x781.jpg\" alt=\"\" width=\"256\" height=\"195\" srcset=\"https:\/\/www.lasalle.org\/wp-content\/uploads\/2019\/07\/P\u00e8lerinage-Momignies-\u00e0-Lembecq-1913-300x229.jpg 300w, https:\/\/www.lasalle.org\/wp-content\/uploads\/2019\/07\/P\u00e8lerinage-Momignies-\u00e0-Lembecq-1913-768x586.jpg 768w, https:\/\/www.lasalle.org\/wp-content\/uploads\/2019\/07\/P\u00e8lerinage-Momignies-\u00e0-Lembecq-1913-1024x781.jpg 1024w\" sizes=\"(max-width: 256px) 100vw, 256px\" \/><\/figure>\n<\/div>\n<p><!-- \/wp:image --><\/p>\n<p><!-- wp:paragraph --><\/p>\n<p>Du <strong>XVII<\/strong><sup><strong>e<\/strong><\/sup><strong> au XIX<\/strong><sup><strong>e<\/strong><\/sup><strong> si\u00e8cle<\/strong>, elle \u00e9tait en France (Rouen, Lyon, Paris). Au d\u00e9but du <strong>20<\/strong><sup><strong>e<\/strong><\/sup><strong> si\u00e8cle<\/strong> elle a \u00e9t\u00e9 transf\u00e9r\u00e9 en Belgique (Lembecq-lez-Hal), et de <strong>1937 <\/strong>\u00e0 Rome.<\/p>\n<p><!-- \/wp:paragraph --><\/p>\n<p><!-- wp:paragraph --><\/p>\n<p>La partie centrale du complexe est le <a href=\"https:\/\/www.lasalle.org\/fr\/maison-generalice\/sanctuaire-de-la-salle\/\">Sanctuaire de Saint Jean-Baptiste de La Salle<\/a>, o\u00f9 sont v\u00e9n\u00e9r\u00e9es ses <strong>reliques<\/strong> (transport\u00e9es ici en 1937) et celles d'autres <strong>saints Fr\u00e8res lasalliens<\/strong>.<\/p>\n<p><!-- \/wp:paragraph --><\/p>\n<p><!-- wp:html \/--><\/p>\n<p><!-- wp:image  --><\/p>\n<div class=\"wp-block-image\">\n<figure class=\"alignleft is-resized\"><a href=\"https:\/\/www.lasalle.org\/wp-content\/uploads\/2019\/07\/notevole-interesse-biblioteca-1.jpg\" target=\"_blank\" rel=\"noreferrer noopener\"><img decoding=\"async\" class=\"wp-image-50599\" src=\"https:\/\/www.lasalle.org\/wp-content\/uploads\/2019\/07\/notevole-interesse-biblioteca-1.jpg\" alt=\"\" width=\"176\" height=\"250\" srcset=\"https:\/\/www.lasalle.org\/wp-content\/uploads\/2019\/07\/notevole-interesse-biblioteca-1-212x300.jpg 212w, https:\/\/www.lasalle.org\/wp-content\/uploads\/2019\/07\/notevole-interesse-biblioteca-1.jpg 705w\" sizes=\"(max-width: 176px) 100vw, 176px\" \/><\/a><\/figure>\n<\/div>\n<p><!-- \/wp:image --><\/p>\n<p><!-- wp:paragraph --><\/p>\n<p>En plus du sanctuaire, dans la maison, il y a un mus\u00e9e, plusieurs salles de r\u00e9unions, une Aula Magna r\u00e9cemment r\u00e9nov\u00e9e, des archives et une biblioth\u00e8que avec des textes remontant \u00e0 la fondation de l'Institut.<\/p>\n<p><!-- \/wp:paragraph --><\/p>\n<p><!-- wp:paragraph --><\/p>\n<p>A cet \u00e9gard, compte tenu du pr\u00e9cieux mat\u00e9riel pr\u00e9serv\u00e9, la biblioth\u00e8que et les archives, par notification \u00e9crite de 2016, ont \u00e9t\u00e9 d\u00e9clar\u00e9s par la Surintendance du Minist\u00e8re du patrimoine culturel, objet d'un int\u00e9r\u00eat historique particulier et exceptionnel.<\/p>\n<p>Le <a href=\"https:\/\/www.lasalle.org\/fr\/histoire-et-services-de-la-maison\/bureau-of-personnel\/\">bureau du personnel et des statistiques<\/a> avec la <a href=\"https:\/\/www.lasalle.org\/fr\/histoire-et-services-de-la-maison\/bibliotheque\/\">biblioth\u00e8que<\/a> compl\u00e8tent les services de l'Institut.<\/p>\n<p>La Maison G\u00e9n\u00e9ralice comprend aussi le bureau de <a href=\"https:\/\/cbisonline.com\/eu\/\" target=\"_blank\" rel=\"noreferrer noopener\" aria-label=\"CBIS Global (abre en una nueva pesta\u00f1a)\">CBIS Global<\/a> et l' H\u00f4tel \u00ab <a href=\"http:\/\/www.casalasalle.it\/\" target=\"_blank\" rel=\"noreferrer noopener\" aria-label=\"Casa per Ferie\u00a0La Salle (abre en una nueva pesta\u00f1a)\">Casa per Ferie\u00a0La Salle<\/a> \u00bb.<\/p>\n<\/div><div class=\"accordian fusion-accordian\" style=\"--awb-border-size:1px;--awb-icon-size:16px;--awb-content-font-size:20px;--awb-icon-alignment:left;--awb-hover-color:#f9f9fb;--awb-border-color:var(--awb-custom17);--awb-background-color:var(--awb-color2);--awb-divider-color:#e0dede;--awb-divider-hover-color:#e0dede;--awb-icon-color:#ffffff;--awb-title-color:var(--awb-custom17);--awb-content-color:#082b4c;--awb-icon-box-color:#333333;--awb-toggle-hover-accent-color:var(--awb-custom17);--awb-title-font-family:&quot;Open Sans&quot;;--awb-title-font-weight:400;--awb-title-font-style:normal;--awb-title-font-size:18px;--awb-content-font-family:&quot;PT Sans&quot;;--awb-content-font-style:normal;--awb-content-font-weight:regular;\"><div class=\"panel-group fusion-toggle-icon-boxed\" id=\"accordion-56606-1\"><div class=\"fusion-panel panel-default panel-f797f56dc76368fdb fusion-toggle-no-divider fusion-toggle-boxed-mode\" style=\"--awb-title-color:#0056b3;--awb-content-color:#082b4c;\"><div class=\"panel-heading\"><h2 class=\"panel-title toggle\" id=\"toggle_f797f56dc76368fdb\"><a aria-expanded=\"false\" aria-controls=\"f797f56dc76368fdb\" role=\"button\" data-toggle=\"collapse\" data-parent=\"#accordion-56606-1\" data-target=\"#f797f56dc76368fdb\" href=\"#f797f56dc76368fdb\"><span class=\"fusion-toggle-icon-wrapper\" aria-hidden=\"true\"><i class=\"fa-fusion-box active-icon awb-icon-minus\" aria-hidden=\"true\"><\/i><i class=\"fa-fusion-box inactive-icon awb-icon-plus\" aria-hidden=\"true\"><\/i><\/span><span class=\"fusion-toggle-heading\"><b>Un peu d\u2019histoire\u2026.<\/b><\/span><\/a><\/h2><\/div><div id=\"f797f56dc76368fdb\" class=\"panel-collapse collapse \" aria-labelledby=\"toggle_f797f56dc76368fdb\"><div class=\"panel-body toggle-content fusion-clearfix\">\r\n<p>Pendant la Seconde Guerre mondiale, en\u00a0<strong>1941<\/strong>, la maison devint, pour l\u2019arm\u00e9e italienne, l&rsquo;\u00a0\u00bbH\u00f4pital San Giuseppe\u00a0\u00bb, tandis qu\u2019en avril de la m\u00eame ann\u00e9e, \u00e9tait cr\u00e9\u00e9 le premier centre de mutil\u00e9s\u00a0<em>Principessa di Piemonte<\/em>.<\/p>\r\n<p>De la m\u00eame p\u00e9riode quelques visites illustres dont celle de Vittorio Emanuele, Umberto et Marie Joseph de Savoie. En juin de la m\u00eame ann\u00e9e, Benito Mussolini arriva aussi en visite.<\/p>\r\n<div class=\"wp-block-image\">\r\n<figure class=\"alignleft is-resized\"><img decoding=\"async\" class=\"wp-image-50278\" src=\"https:\/\/www.lasalle.org\/wp-content\/uploads\/2019\/07\/111.jpg\" alt=\"\" width=\"200\" height=\"304\" \/><\/figure>\r\n<\/div>\r\n<p>En octobre\u00a0<strong>1943<\/strong>, le Saint-Si\u00e8ge prit sous sa protection la Maison G\u00e9n\u00e9ralice pour la prot\u00e9ger de n\u2019importe quelle recherche ou r\u00e9quisition.<\/p>\r\n<p>Cependant, en janvier\u00a0<strong>1944<\/strong>, elle fut occup\u00e9e pour la premi\u00e8re fois par les troupes allemandes. Devenant alors un h\u00f4pital militaire (au moment m\u00eame o\u00f9 le petit noviciat et le noviciat y cherchaient un abri). Par la suite, apr\u00e8s le d\u00e9part des troupes Allemandes, l\u2019\u00e9tablissement devint le 48<sup>e<\/sup>\u00a0h\u00f4pital militaire de l\u2019arm\u00e9e britannique.<\/p>\r\n<div class=\"wp-block-image\">\r\n<figure class=\"alignright is-resized\"><img decoding=\"async\" class=\"wp-image-50283\" src=\"https:\/\/www.lasalle.org\/wp-content\/uploads\/2019\/07\/MG-vignes065-773x1024.jpg\" alt=\"\" width=\"200\" height=\"256\" \/><\/figure>\r\n<\/div>\r\n<p>Le\u00a0<strong>11 mai 1945<\/strong>, \u00e0 la fin de la guerre, la Maison revient d\u00e9finitivement aux Fr\u00e8res des \u00c9coles Chr\u00e9tiennes et la \u2018<em>Casa San Giuseppe<\/em>\u2019 devient la Maison G\u00e9n\u00e9ralice.<\/p>\r\n<p>En\u00a0<strong>1946<\/strong>, les activit\u00e9s reprennent, avec un Chapitre g\u00e9n\u00e9ral et un accueil chaleureux pour l\u2019ann\u00e9e sainte de\u00a0<strong>1950<\/strong>. En\u00a0<strong>1951<\/strong>, eut lieu la cons\u00e9cration de la chapelle de<strong>\u00a0Saint-Jean-Baptiste de La Salle<\/strong>.<\/p>\r\n<p><strong>1957\u00a0<\/strong>fut l\u2019ann\u00e9e de la cr\u00e9ation de l\u2019internat\u00a0<em>Jesus Magister<\/em>, une facult\u00e9 universitaire affili\u00e9e \u00e0\u00a0<a href=\"https:\/\/www.pul.it\/\" target=\"_blank\" rel=\"noreferrer noopener\" aria-label=\"Pontificia Universit\u00e0 Lateranense (abre en una nueva pesta\u00f1a)\">Pontificia Universit\u00e0 Lateranense<\/a>. Les\u00a0<a href=\"http:\/\/www.hgs.org.mx\/\" target=\"_blank\" rel=\"noreferrer noopener\" aria-label=\"S\u0153urs Guadaloupaines de La Salle (abre en una nueva pesta\u00f1a)\">S\u0153urs Guadaloupaines de La Salle<\/a>\u00a0arriv\u00e8rent pour aider l\u2019\u00e9conome de la Maison.<\/p>\r\n<div class=\"wp-block-image\">\r\n<figure class=\"alignleft is-resized\"><img decoding=\"async\" class=\"wp-image-50578\" src=\"https:\/\/www.lasalle.org\/wp-content\/uploads\/2019\/07\/scuolalasalle.jpg\" sizes=\"(max-width: 200px) 100vw, 200px\" srcset=\"https:\/\/www.lasalle.org\/wp-content\/uploads\/2019\/07\/scuolalasalle-300x196.jpg 300w, https:\/\/www.lasalle.org\/wp-content\/uploads\/2019\/07\/scuolalasalle.jpg 600w\" alt=\"\" width=\"200\" height=\"130\" \/><\/figure>\r\n<\/div>\r\n<p>La m\u00eame ann\u00e9e, le terrain fut expropri\u00e9 pour construire ce qu\u2019on appelle la Circonvallazione Cornelia, d\u00e9pla\u00e7ant l\u2019<a href=\"http:\/\/www.lasalleroma.it\/\" target=\"_blank\" rel=\"noreferrer noopener\" aria-label=\"\u00c9cole La Salle (abre en una nueva pesta\u00f1a)\">\u00c9cole La Salle<\/a>\u00a0(Scuola La Salle) vers la Maison G\u00e9n\u00e9ralice. En\u00a0<strong>1964<\/strong>, commen\u00e7aient les travaux des nouveaux locaux de l\u2019\u00e9cole.<\/p>\r\n<div class=\"wp-block-image\">\r\n<figure class=\"alignright is-resized\"><img decoding=\"async\" class=\"wp-image-50260\" src=\"https:\/\/www.lasalle.org\/wp-content\/uploads\/2019\/07\/mteresa.jpg\" alt=\"\" width=\"200\" height=\"169\" \/><\/figure>\r\n<\/div>\r\n<p>En mars\u00a0<strong>1979<\/strong>,\u00a0<strong>M\u00e8re Teresa de Calcutta<\/strong>\u00a0s\u2019est rendue \u00e0 l\u2019<strong>Aula Magna<\/strong>\u00a0pour prendre la parole lors de la rencontre du CIL (<strong>C<\/strong>entre\u00a0<strong>L<\/strong>asallien\u00a0<strong>I<\/strong>nternational, semblable au Second Noviciat) pour y insister sur l\u2019importance de la\u00a0<a href=\"https:\/\/www.lasalle.org\/fr\/famille-charismatique-lasallienne\/freres\/\">vocation du Fr\u00e8re<\/a>.<\/p>\r\n<div class=\"wp-block-image\">\r\n<figure class=\"alignleft is-resized\"><img decoding=\"async\" class=\"wp-image-50264\" src=\"https:\/\/www.lasalle.org\/wp-content\/uploads\/2019\/07\/gpII.jpg\" alt=\"\" width=\"200\" height=\"162\" \/><\/figure>\r\n<\/div>\r\n<p>Le nouveau\u00a0<a href=\"https:\/\/www.lasalle.org\/fr\/maison-generalice\/sanctuaire-de-la-salle\/\">Sanctuaire<\/a>\u00a0a \u00e9t\u00e9 inaugur\u00e9 en\u00a0<strong>1980<\/strong>. Alors qu\u2019en\u00a0<strong>1981<\/strong>, la salle du Fondateur devient\u00a0<a href=\"https:\/\/www.lasalle.org\/fr\/maison-generalice\/museo-la-salle\/\">Mus\u00e9e<\/a>\u00a0et la Maison re\u00e7oit l\u2019illustre visite du\u00a0<strong>Pape Jean Paul II<\/strong>.<\/p>\r\n<p>&nbsp;<\/p>\r\n<\/div><\/div><\/div><\/div><\/div><div class=\"fusion-text fusion-text-2\"><p><div class=\"video-shortcode\"><iframe title=\"Rome - La Salle Global | Casa Generalizia | Generalate | Maison G\u00e9n\u00e9ralice\" width=\"1200\" height=\"675\" src=\"https:\/\/www.youtube.com\/embed\/LOfkOenxhiQ?feature=oembed\" frameborder=\"0\" allow=\"accelerometer; autoplay; clipboard-write; encrypted-media; gyroscope; picture-in-picture; web-share\" referrerpolicy=\"strict-origin-when-cross-origin\" allowfullscreen><\/iframe><\/div><\/p>\n<\/div><div class=\"fusion-separator fusion-full-width-sep\" style=\"align-self: center;margin-left: auto;margin-right: auto;margin-top:15px;margin-bottom:15px;width:100%;\"><div class=\"fusion-separator-border sep-single sep-solid\" style=\"--awb-height:20px;--awb-amount:20px;--awb-sep-color:var(--awb-custom17);border-color:var(--awb-custom17);border-top-width:1px;\"><\/div><\/div><nav class=\"fusion-breadcrumbs fusion-breadcrumbs-1\" style=\"--awb-breadcrumb-sep:&#039;\/&#039;;\" aria-label=\"Breadcrumb\"><ol class=\"awb-breadcrumb-list\"><\/ol><\/nav><\/div><\/div><div class=\"fusion-layout-column fusion_builder_column fusion-builder-column-1 fusion_builder_column_1_4 1_4 fusion-flex-column\" style=\"--awb-bg-size:cover;--awb-width-large:25%;--awb-margin-top-large:0px;--awb-spacing-right-large:7.68%;--awb-margin-bottom-large:20px;--awb-spacing-left-large:7.68%;--awb-width-medium:25%;--awb-order-medium:0;--awb-spacing-right-medium:7.68%;--awb-spacing-left-medium:7.68%;--awb-width-small:100%;--awb-order-small:0;--awb-spacing-right-small:1.92%;--awb-spacing-left-small:1.92%;\"><div class=\"fusion-column-wrapper fusion-column-has-shadow fusion-flex-justify-content-flex-start fusion-content-layout-column\"><div class=\"fusion-title title fusion-title-2 sep-underline sep-solid fusion-title-text fusion-title-size-two\" style=\"--awb-text-color:var(--awb-custom17);--awb-sep-color:var(--awb-custom17);--awb-font-size:22px;\"><h2 class=\"fusion-title-heading title-heading-left\" style=\"margin:0;font-size:1em;\">Communaut\u00e9s<\/h2><\/div><ul style=\"--awb-line-height:27.2px;--awb-icon-width:27.2px;--awb-icon-height:27.2px;--awb-icon-margin:11.2px;--awb-content-margin:38.4px;--awb-circlecolor:var(--awb-custom17);--awb-circle-yes-font-size:14.08px;\" class=\"fusion-checklist fusion-checklist-1 fusion-checklist-default type-icons\"><li class=\"fusion-li-item\" style=\"\"><span class=\"icon-wrapper circle-yes\"><i class=\"fusion-li-icon fa-file-alt far\" aria-hidden=\"true\"><\/i><\/span><div class=\"fusion-li-item-content\">\r\n<p><a href=\"https:\/\/www.lasalle.org\/fr\/animation-et-gouvernement\/conseils\/conseil-general\/\">Conseil g\u00e9n\u00e9ral<\/a><\/p>\r\n<\/div><\/li><li class=\"fusion-li-item\" style=\"\"><span class=\"icon-wrapper circle-yes\"><i class=\"fusion-li-icon fa-file-alt far\" aria-hidden=\"true\"><\/i><\/span><div class=\"fusion-li-item-content\">\r\n<p><a href=\"https:\/\/www.lasalle.org\/fr\/maison-generalice\/communaute\/\">Communaut\u00e9 de la Maison<\/a><\/p>\r\n<\/div><\/li><\/ul><div class=\"fusion-separator fusion-full-width-sep\" style=\"align-self: center;margin-left: auto;margin-right: auto;margin-top:15px;margin-bottom:15px;width:100%;\"><\/div><div class=\"fusion-title title fusion-title-3 sep-underline sep-solid fusion-title-text fusion-title-size-two\" style=\"--awb-text-color:var(--awb-custom17);--awb-sep-color:var(--awb-custom17);--awb-font-size:22px;\"><h2 class=\"fusion-title-heading title-heading-left\" style=\"margin:0;font-size:1em;\">Services<\/h2><\/div><ul style=\"--awb-line-height:27.2px;--awb-icon-width:27.2px;--awb-icon-height:27.2px;--awb-icon-margin:11.2px;--awb-content-margin:38.4px;--awb-circlecolor:var(--awb-custom17);--awb-circle-yes-font-size:14.08px;\" class=\"fusion-checklist fusion-checklist-2 fusion-checklist-default type-icons\"><li class=\"fusion-li-item\" style=\"\"><span class=\"icon-wrapper circle-yes\"><i class=\"fusion-li-icon fa-file-alt far\" aria-hidden=\"true\"><\/i><\/span><div class=\"fusion-li-item-content\">\r\n<p><a href=\"https:\/\/www.lasalle.org\/fr\/maison-generalice\/archives\/\">Archives<\/a><\/p>\r\n<\/div><\/li><li class=\"fusion-li-item\" style=\"\"><span class=\"icon-wrapper circle-yes\"><i class=\"fusion-li-icon fa-file-alt far\" aria-hidden=\"true\"><\/i><\/span><div class=\"fusion-li-item-content\">\r\n<p><a href=\"https:\/\/www.lasalle.org\/fr\/maison-generalice\/bibliotheque\/\">Biblioth\u00e8que<\/a><\/p>\r\n<\/div><\/li><li class=\"fusion-li-item\" style=\"\"><span class=\"icon-wrapper circle-yes\"><i class=\"fusion-li-icon fa-file-alt far\" aria-hidden=\"true\"><\/i><\/span><div class=\"fusion-li-item-content\">\r\n<p><a href=\"https:\/\/www.lasalle.org\/fr\/maison-generalice\/museo-la-salle\/\">Museo La Salle\u00a0<\/a><\/p>\r\n<\/div><\/li><li class=\"fusion-li-item\" style=\"\"><span class=\"icon-wrapper circle-yes\"><i class=\"fusion-li-icon fa-file-alt far\" aria-hidden=\"true\"><\/i><\/span><div class=\"fusion-li-item-content\">\r\n<p>Museo La Salle &#8211; Expositions temporaires<\/p>\r\n<\/div><\/li><li class=\"fusion-li-item\" style=\"\"><span class=\"icon-wrapper circle-yes\"><i class=\"fusion-li-icon fa-file-alt far\" aria-hidden=\"true\"><\/i><\/span><div class=\"fusion-li-item-content\">\r\n<p><a href=\"https:\/\/www.lasalle.org\/fr\/maison-generalice\/sanctuaire-de-la-salle\/\">Sanctuaire de Saint Jean-Baptiste de La Salle<\/a><\/p>\r\n<\/div><\/li><li class=\"fusion-li-item\" style=\"\"><span class=\"icon-wrapper circle-yes\"><i class=\"fusion-li-icon fa-file-alt far\" aria-hidden=\"true\"><\/i><\/span><div class=\"fusion-li-item-content\">\r\n<p><a href=\"https:\/\/www.lasalle.org\/fr\/maison-generalice\/bureau-of-personnel\/\">Bureau du personnel<\/a><\/p>\r\n<\/div><\/li><\/ul><div class=\"fusion-separator fusion-full-width-sep\" style=\"align-self: center;margin-left: auto;margin-right: auto;margin-top:15px;margin-bottom:15px;width:100%;\"><\/div><div class=\"fusion-title title fusion-title-4 sep-underline sep-solid fusion-title-text fusion-title-size-two\" style=\"--awb-text-color:var(--awb-custom17);--awb-sep-color:var(--awb-custom17);--awb-font-size:22px;\"><h2 class=\"fusion-title-heading title-heading-left\" style=\"margin:0;font-size:1em;\">Photos<\/h2><\/div><ul style=\"--awb-line-height:27.2px;--awb-icon-width:27.2px;--awb-icon-height:27.2px;--awb-icon-margin:11.2px;--awb-content-margin:38.4px;--awb-circlecolor:var(--awb-custom17);--awb-circle-yes-font-size:14.08px;\" class=\"fusion-checklist fusion-checklist-3 fusion-checklist-default type-icons\"><li class=\"fusion-li-item\" style=\"\"><span class=\"icon-wrapper circle-yes\"><i class=\"fusion-li-icon fa-flickr fab\" aria-hidden=\"true\"><\/i><\/span><div class=\"fusion-li-item-content\">\r\n<p><a href=\"https:\/\/www.flickr.com\/photos\/lasalle_org\/albums\/72157662459968119\/\" target=\"_blank\" rel=\"noopener\">Maison G\u00e9n\u00e9ralice<\/a><\/p>\r\n<\/div><\/li><li class=\"fusion-li-item\" style=\"\"><span class=\"icon-wrapper circle-yes\"><i class=\"fusion-li-icon fa-flickr fab\" aria-hidden=\"true\"><\/i><\/span><div class=\"fusion-li-item-content\">\r\n<p><a href=\"http:\/\/flickr.com\/photos\/lasalle_org\/albums\/72177720326416824\/\" target=\"_blank\" rel=\"noopener\">Sanctuaire<\/a><\/p>\r\n<\/div><\/li><\/ul><div class=\"fusion-separator fusion-full-width-sep\" style=\"align-self: center;margin-left: auto;margin-right: auto;margin-top:15px;margin-bottom:15px;width:100%;\"><\/div><div class=\"fusion-title title fusion-title-5 sep-underline sep-solid fusion-title-text fusion-title-size-two\" style=\"--awb-text-color:var(--awb-custom17);--awb-sep-color:var(--awb-custom17);--awb-font-size:22px;\"><h2 class=\"fusion-title-heading title-heading-left\" style=\"margin:0;font-size:1em;\">Code d\u2019\u00e9thique et de conduite<\/h2><\/div><div class=\"fusion-image-element \" style=\"text-align:center;--awb-caption-title-font-family:var(--h2_typography-font-family);--awb-caption-title-font-weight:var(--h2_typography-font-weight);--awb-caption-title-font-style:var(--h2_typography-font-style);--awb-caption-title-size:var(--h2_typography-font-size);--awb-caption-title-transform:var(--h2_typography-text-transform);--awb-caption-title-line-height:var(--h2_typography-line-height);--awb-caption-title-letter-spacing:var(--h2_typography-letter-spacing);\"><span class=\" fusion-imageframe imageframe-none imageframe-1 hover-type-none\"><a class=\"fusion-no-lightbox\" href=\"https:\/\/www.lasalle.org\/wp-content\/uploads\/2022\/11\/FR-CODICE-ETICO.pdf\" target=\"_blank\" aria-label=\"[FR]-CODICE-ETICO-1\" rel=\"noopener noreferrer\"><img decoding=\"async\" width=\"150\" height=\"213\" src=\"https:\/\/www.lasalle.org\/wp-content\/uploads\/2022\/11\/FR-CODICE-ETICO-1.png\" alt class=\"img-responsive wp-image-89527\"\/><\/a><\/span><\/div><div class=\"fusion-separator fusion-full-width-sep\" style=\"align-self: center;margin-left: auto;margin-right: auto;margin-top:15px;margin-bottom:15px;width:100%;\"><div class=\"fusion-separator-border sep-single sep-solid\" style=\"--awb-height:20px;--awb-amount:20px;--awb-sep-color:var(--awb-custom17);border-color:var(--awb-custom17);border-top-width:1px;\"><\/div><\/div><\/div><\/div><\/div><\/div>","protected":false},"excerpt":{"rendered":"","protected":false},"author":9,"featured_media":84091,"parent":0,"menu_order":0,"comment_status":"closed","ping_status":"closed","template":"","meta":{"_tec_requires_first_save":true,"_monsterinsights_skip_tracking":false,"_monsterinsights_sitenote_active":false,"_monsterinsights_sitenote_note":"","_monsterinsights_sitenote_category":0,"_EventAllDay":false,"_EventTimezone":"","_EventStartDate":"","_EventEndDate":"","_EventStartDateUTC":"","_EventEndDateUTC":"","_EventShowMap":false,"_EventShowMapLink":false,"_EventURL":"","_EventCost":"","_EventCostDescription":"","_EventCurrencySymbol":"","_EventCurrencyCode":"","_EventCurrencyPosition":"","_EventDateTimeSeparator":"","_EventTimeRangeSeparator":"","_EventOrganizerID":[],"_EventVenueID":[],"_OrganizerEmail":"","_OrganizerPhone":"","_OrganizerWebsite":"","_VenueAddress":"","_VenueCity":"","_VenueCountry":"","_VenueProvince":"","_VenueState":"","_VenueZip":"","_VenuePhone":"","_VenueURL":"","_VenueStateProvince":"","_VenueLat":"","_VenueLng":"","_VenueShowMap":false,"_VenueShowMapLink":false,"_tribe_blocks_recurrence_rules":"","_tribe_blocks_recurrence_description":"","_tribe_blocks_recurrence_exclusions":"","footnotes":""},"class_list":["post-56606","page","type-page","status-publish","has-post-thumbnail","hentry"],"_links":{"self":[{"href":"https:\/\/www.lasalle.org\/fr\/wp-json\/wp\/v2\/pages\/56606","targetHints":{"allow":["GET"]}}],"collection":[{"href":"https:\/\/www.lasalle.org\/fr\/wp-json\/wp\/v2\/pages"}],"about":[{"href":"https:\/\/www.lasalle.org\/fr\/wp-json\/wp\/v2\/types\/page"}],"author":[{"embeddable":true,"href":"https:\/\/www.lasalle.org\/fr\/wp-json\/wp\/v2\/users\/9"}],"replies":[{"embeddable":true,"href":"https:\/\/www.lasalle.org\/fr\/wp-json\/wp\/v2\/comments?post=56606"}],"version-history":[{"count":5,"href":"https:\/\/www.lasalle.org\/fr\/wp-json\/wp\/v2\/pages\/56606\/revisions"}],"predecessor-version":[{"id":121827,"href":"https:\/\/www.lasalle.org\/fr\/wp-json\/wp\/v2\/pages\/56606\/revisions\/121827"}],"wp:featuredmedia":[{"embeddable":true,"href":"https:\/\/www.lasalle.org\/fr\/wp-json\/wp\/v2\/media\/84091"}],"wp:attachment":[{"href":"https:\/\/www.lasalle.org\/fr\/wp-json\/wp\/v2\/media?parent=56606"}],"curies":[{"name":"wp","href":"https:\/\/api.w.org\/{rel}","templated":true}]}}