{"id":57297,"date":"2019-09-20T15:47:39","date_gmt":"2019-09-20T15:47:39","guid":{"rendered":"http:\/\/www.lasalle.org\/?page_id=57297"},"modified":"2022-01-13T09:28:22","modified_gmt":"2022-01-13T08:28:22","slug":"segretariati-e-servizi","status":"publish","type":"page","link":"https:\/\/www.lasalle.org\/fr\/animation-et-gouvernement\/segretariati-e-servizi\/","title":{"rendered":"Secr\u00e9tariats et Services"},"content":{"rendered":"\r\n\r\n\r\n<p>Les Secr\u00e9tariats et Services du Centre de l\u2019Institut sont organis\u00e9s pour aider le <a href=\"http:\/\/www.lasalle.org\/fr\/animacion-y-gobierno\/\"><strong>Fr\u00e8re Sup\u00e9rieur g\u00e9n\u00e9ral et son Conseil dans le gouvernement et l\u2019animation de l\u2019Institut<\/strong><\/a>. La synergie entre le Conseil g\u00e9n\u00e9ral et les Secr\u00e9tariats et Services centraux a produit le plan strat\u00e9gique suivant dans le but de mener \u00e0 bien les propositions du 45e Chapitre g\u00e9n\u00e9ral avec un ensemble d\u2019objectifs et de strat\u00e9gies inclusifs et r\u00e9alistes impliquant les <strong>R\u00e9gions, Districts<\/strong> et autres entit\u00e9s concern\u00e9es du monde lasallien.<\/p>\r\n\r\n\r\n\r\n<p>Le Chapitre g\u00e9n\u00e9ral s\u2019est accord\u00e9 que le <strong><a href=\"http:\/\/www.lasalle.org\/fr\/animacion-y-gobierno\/\">Fr\u00e8re Sup\u00e9rieur g\u00e9n\u00e9ral et son Conseil<\/a> <\/strong>seraient libres de restructurer les Secr\u00e9tariats et Services en fonction des besoins actuels et futurs .<\/p>\r\n\r\n\r\n\r\n<p>Se basant sur l\u2019exp\u00e9rience des ann\u00e9es pr\u00e9c\u00e9dentes, le <a href=\"http:\/\/www.lasalle.org\/fr\/animacion-y-gobierno\/\"><strong>Conseil g\u00e9n\u00e9ral<\/strong><\/a> a d\u00e9cid\u00e9 de:<\/p>\r\n\r\n\r\n\r\n<ul class=\"wp-block-list\">\r\n<li>Unifier les Secr\u00e9tariats Mission \u00c9ducative Lasallienne et Association en un seul Secr\u00e9tariat avec deux secr\u00e9- taires et dirig\u00e9 et anim\u00e9 par un Fr\u00e8re Conseiller g\u00e9n\u00e9ral. Le nom de ce nouveau Secr\u00e9tariat est \u00ab\u00a0<a href=\"https:\/\/www.lasalle.org\/fr\/animacion-y-gobierno\/secretariado-de-asociacion-y-mision\/blog-association-et-mission\/\"><strong>Association et Mission<\/strong><\/a> :<strong> travailler \u00e0 un avenir d\u2019esp\u00e9rance<\/strong>\u00a0\u00bb.<\/li>\r\n<li>Remplacer l\u2019ancien Secr\u00e9tariat \u00catre Fr\u00e8res Aujourd\u2019hui par le\u00a0<a href=\"http:\/\/www.lasalle.org\/animacion-y-gobierno\/secretariado-de-formacion\/\"><strong>Secr\u00e9tariat pour la formation<\/strong><\/a>. Ce Secr\u00e9tariat coordonnera les initiatives en lien avec la pastorale des vocations. Il inclut la communaut\u00e9 et les services du Centre International Lasallien (CIL).<\/li>\r\n<li>Cr\u00e9er le\u00a0<a href=\"http:\/\/www.lasalle.org\/fr\/animacion-y-gobierno\/servicio-de-comunicaciones-y-tecnologia\/\"><strong>Service communication et technologie<\/strong><\/a>\u00a0; en ajoutant l\u2019\u00e9l\u00e9ment de la technologie dans son champ d\u2019action.<\/li>\r\n<li>Garder le\u00a0<strong><a href=\"https:\/\/www.lasalle.org\/fr\/animacion-y-gobierno\/secretariado-de-solidaridad-y-desarrollo\/blog-solidarite-et-developpement\/\">Secr\u00e9tariat Solidarit\u00e9 et D\u00e9veloppement<\/a><\/strong>.<\/li>\r\n<li>Garder le\u00a0<strong><a href=\"http:\/\/www.lasalle.org\/fr\/animacion-y-gobierno\/research-and-resources\/\">Service de la recherche et des ressources lasalliennes<\/a><\/strong>.<\/li>\r\n<li>Le Fr\u00e8re Vicaire g\u00e9n\u00e9ral coordonne les Secr\u00e9tariats et les Services de la <a href=\"http:\/\/www.lasalle.org\/fr\/histoire-et-services-de-la-maison\/\">Maison g\u00e9n\u00e9ralice<\/a>.<\/li>\r\n<\/ul>\r\n\r\n\r\n\r\n<figure class=\"wp-block-image\"><img decoding=\"async\" width=\"1024\" height=\"741\" class=\"wp-image-57300 aligncenter\" src=\"https:\/\/www.lasalle.org\/wp-content\/uploads\/2019\/09\/organigramma_francese1-1024x741.jpg\" alt=\"\" srcset=\"https:\/\/www.lasalle.org\/wp-content\/uploads\/2019\/09\/organigramma_francese1-300x217.jpg 300w, https:\/\/www.lasalle.org\/wp-content\/uploads\/2019\/09\/organigramma_francese1-768x556.jpg 768w, https:\/\/www.lasalle.org\/wp-content\/uploads\/2019\/09\/organigramma_francese1-1024x741.jpg 1024w\" sizes=\"(max-width: 1024px) 100vw, 1024px\" \/><\/figure>\r\n\r\n\r\n\r\n<p><strong>Conseils consultatifs internationaux et Commissions ad hoc<\/strong><br \/>Jusqu\u2019au dernier Chapitre g\u00e9n\u00e9ral, chaque Secr\u00e9tariat et Service avait un Conseil consultatif international. Une \u00e9valuation a sugg\u00e9r\u00e9 qu\u2019il serait plus efficace de nommer des commissions ad hoc quand n\u00e9cessaire afin de pouvoir aider de fa\u00e7on directe si des probl\u00e8mes surviennent. Quelques-uns d\u2019entre eux ont d\u00e9j\u00e0 \u00e9t\u00e9 sugg\u00e9- r\u00e9s ou d\u00e9cid\u00e9s par le Chapitre g\u00e9n\u00e9ral comme :<\/p>\r\n\r\n\r\n\r\n<div class=\"wp-block-image\">\r\n<figure class=\"alignright is-resized\"><img decoding=\"async\" class=\"wp-image-49356\" src=\"https:\/\/www.lasalle.org\/wp-content\/uploads\/2019\/07\/ciamel-5.jpg\" alt=\"\" width=\"250\" height=\"130\" srcset=\"https:\/\/www.lasalle.org\/wp-content\/uploads\/2019\/07\/ciamel-5-300x156.jpg 300w, https:\/\/www.lasalle.org\/wp-content\/uploads\/2019\/07\/ciamel-5-768x400.jpg 768w, https:\/\/www.lasalle.org\/wp-content\/uploads\/2019\/07\/ciamel-5.jpg 1000w\" sizes=\"(max-width: 250px) 100vw, 250px\" \/><\/figure>\r\n<\/div>\r\n\r\n\r\n\r\n<ul class=\"wp-block-list\">\r\n<li>Une commission ad hoc pour cr\u00e9er les statuts du <a href=\"http:\/\/www.lasalle.org\/fr\/animacion-y-gobierno\/secretariado-de-asociacion-y-mision\/ciamel\/\">CIAMEL<\/a>.<\/li>\r\n<li>Une commission ad hoc pour faire une \u00e9tude de l\u2019ac- 27 10 Ibid. \u00a7 3.49. tivit\u00e9 de la pastorale et pour d\u00e9velopper des m\u00e9thodologies pour la proclamation de l\u2019\u00c9vangile.<\/li>\r\n<li>Une commission ad hoc pour mettre \u00e0 jour le <strong>Guide de la formation des Fr\u00e8res<\/strong>.<\/li>\r\n<\/ul>\r\n\r\n\r\n\r\n<p>Comme l\u2019a d\u00e9cid\u00e9 le Chapitre g\u00e9n\u00e9ral, le Conseil g\u00e9n\u00e9ral continuera de s\u2019appuyer sur les avis pr\u00e9cieux du\u00a0<strong>Conseil \u00c9conomique International<\/strong>\u00a0et du\u00a0<strong>Conseil International des Jeunes Lasalliens<\/strong>, qui se r\u00e9uniront r\u00e9guli\u00e8rement selon leurs propres statuts.<\/p>\r\n\r\n\r\n\r\n<p>Ce chapitre d\u00e9crit le r\u00f4le et introduit les objectifs des Secr\u00e9tariats, Services et Conseils consultatifs internationaux.<\/p>\r\n\r\n\r\n\r\n<div class=\"wp-block-image\">\r\n<figure class=\"aligncenter\"><img decoding=\"async\" width=\"1000\" height=\"662\" class=\"wp-image-50190\" src=\"https:\/\/www.lasalle.org\/wp-content\/uploads\/2019\/07\/icyl18.jpg\" alt=\"\" srcset=\"https:\/\/www.lasalle.org\/wp-content\/uploads\/2019\/07\/icyl18-300x199.jpg 300w, https:\/\/www.lasalle.org\/wp-content\/uploads\/2019\/07\/icyl18-768x508.jpg 768w, https:\/\/www.lasalle.org\/wp-content\/uploads\/2019\/07\/icyl18.jpg 1000w\" sizes=\"(max-width: 1000px) 100vw, 1000px\" \/><\/figure>\r\n<\/div>\r\n","protected":false},"excerpt":{"rendered":"<p>Les Secr\u00e9tariats et Services du Centre de l\u2019Institut sont organis\u00e9s  [&#8230;]<\/p>\n","protected":false},"author":9,"featured_media":84051,"parent":10563,"menu_order":0,"comment_status":"closed","ping_status":"closed","template":"","meta":{"_tec_requires_first_save":true,"_monsterinsights_skip_tracking":false,"_monsterinsights_sitenote_active":false,"_monsterinsights_sitenote_note":"","_monsterinsights_sitenote_category":0,"_EventAllDay":false,"_EventTimezone":"","_EventStartDate":"","_EventEndDate":"","_EventStartDateUTC":"","_EventEndDateUTC":"","_EventShowMap":false,"_EventShowMapLink":false,"_EventURL":"","_EventCost":"","_EventCostDescription":"","_EventCurrencySymbol":"","_EventCurrencyCode":"","_EventCurrencyPosition":"","_EventDateTimeSeparator":"","_EventTimeRangeSeparator":"","_EventOrganizerID":[],"_EventVenueID":[],"_OrganizerEmail":"","_OrganizerPhone":"","_OrganizerWebsite":"","_VenueAddress":"","_VenueCity":"","_VenueCountry":"","_VenueProvince":"","_VenueState":"","_VenueZip":"","_VenuePhone":"","_VenueURL":"","_VenueStateProvince":"","_VenueLat":"","_VenueLng":"","_VenueShowMap":false,"_VenueShowMapLink":false,"_tribe_blocks_recurrence_rules":"","_tribe_blocks_recurrence_description":"","_tribe_blocks_recurrence_exclusions":"","footnotes":""},"class_list":["post-57297","page","type-page","status-publish","has-post-thumbnail","hentry"],"_links":{"self":[{"href":"https:\/\/www.lasalle.org\/fr\/wp-json\/wp\/v2\/pages\/57297","targetHints":{"allow":["GET"]}}],"collection":[{"href":"https:\/\/www.lasalle.org\/fr\/wp-json\/wp\/v2\/pages"}],"about":[{"href":"https:\/\/www.lasalle.org\/fr\/wp-json\/wp\/v2\/types\/page"}],"author":[{"embeddable":true,"href":"https:\/\/www.lasalle.org\/fr\/wp-json\/wp\/v2\/users\/9"}],"replies":[{"embeddable":true,"href":"https:\/\/www.lasalle.org\/fr\/wp-json\/wp\/v2\/comments?post=57297"}],"version-history":[{"count":5,"href":"https:\/\/www.lasalle.org\/fr\/wp-json\/wp\/v2\/pages\/57297\/revisions"}],"predecessor-version":[{"id":83499,"href":"https:\/\/www.lasalle.org\/fr\/wp-json\/wp\/v2\/pages\/57297\/revisions\/83499"}],"up":[{"embeddable":true,"href":"https:\/\/www.lasalle.org\/fr\/wp-json\/wp\/v2\/pages\/10563"}],"wp:featuredmedia":[{"embeddable":true,"href":"https:\/\/www.lasalle.org\/fr\/wp-json\/wp\/v2\/media\/84051"}],"wp:attachment":[{"href":"https:\/\/www.lasalle.org\/fr\/wp-json\/wp\/v2\/media?parent=57297"}],"curies":[{"name":"wp","href":"https:\/\/api.w.org\/{rel}","templated":true}]}}