{"id":57643,"date":"2019-09-21T22:54:55","date_gmt":"2019-09-21T22:54:55","guid":{"rendered":"http:\/\/www.lasalle.org\/?page_id=57643"},"modified":"2022-05-18T13:38:38","modified_gmt":"2022-05-18T12:38:38","slug":"du-frere-superieur","status":"publish","type":"page","link":"https:\/\/www.lasalle.org\/fr\/du-frere-superieur\/","title":{"rendered":"Notre Fr\u00e8re Sup\u00e9rieur"},"content":{"rendered":"\r\n<p>&nbsp;<\/p>\r\n<p>Le Fr\u00e8re Armin Altamirano Luistro, FSC, est n\u00e9 le 24 d\u00e9cembre 1961. Luistro a rejoint le Scolasticat De La Salle (le centre de formation acad\u00e9mique des Fr\u00e8res De La Salle) \u00e0 Manille en avril 1979, alors qu\u2019il \u00e9tudiait \u00e0 l\u2019Universit\u00e9 De La Salle (DLSU).<\/p>\r\n<p>Il a re\u00e7u l\u2019habit religieux en octobre 1981\u00a0; a prononc\u00e9 ses premiers v\u0153ux religieux en octobre 1982 et ses v\u0153ux d\u00e9finitifs en mai 1988.<\/p>\r\n<p>Le Fr\u00e8re Armin a commenc\u00e9 sa carri\u00e8re d\u2019enseignant \u00e0 De La Salle Lipa \u00e0 Batangas, o\u00f9 il a travaill\u00e9 comme professeur de religion, conseiller de niveau et aum\u00f4nier du campus de 1983 \u00e0 1986.<\/p>\r\n<p>Le 26 ao\u00fbt 2000, le Fr\u00e8re Armin a cofond\u00e9 avec Josef Suwatan, \u00e9v\u00eaque catholique de Manado, l\u2019universit\u00e9 catholique De La Salle de Manado, aujourd\u2019hui connue sous le nom d\u2019universit\u00e9 De La Salle, en Indon\u00e9sie.<\/p>\r\n<p>Le Fr\u00e8re Armin apporte avec lui plus de 34 ans d\u2019exp\u00e9rience dans les secteurs priv\u00e9 et public. Il a \u00e9t\u00e9 Secr\u00e9taire du D\u00e9partement de l\u2019\u00e9ducation de juin 2010 \u00e0 2016. Auparavant, il a dirig\u00e9 l\u2019universit\u00e9 De La Salle, dont il a \u00e9t\u00e9 le pr\u00e9sident d\u2019avril 2004 \u00e0 juin 2010.<\/p>\r\n<p>Au cours des ann\u00e9es pr\u00e9c\u00e9dentes, il a \u00e9galement \u00e9t\u00e9 pr\u00e9sident du Syst\u00e8me Universitaire De La Salle et de plusieurs autres \u00e9coles La Salle. De 2017 \u00e0 2019, il est revenu servir en tant que pr\u00e9sident de\u00a0<em>De La Salle Philippines<\/em>, le r\u00e9seau d\u2019\u00e9coles La Salle dans le pays. Il est actuellement membre du Conseil d\u2019administration du\u00a0<em>Philippine Business for Social Progress<\/em>\u00a0(PBSP), la plus grande organisation non gouvernementale dirig\u00e9e par des entreprises dans le pays. En mai 2019, il a \u00e9t\u00e9 nomm\u00e9 Fr\u00e8re Visiteur du District lasallien d\u2019Asie orientale.<\/p>\r\n<p>Le Fr\u00e8re Armin a \u00e9galement occup\u00e9 diverses fonctions dans d\u2019autres organisations gouvernementales et intergouvernementales, telles que le Conseil consultatif de la Commission nationale de la jeunesse (NYC), la Commission nationale des Philippines pour l\u2019UNESCO et l\u2019Organisation des Ministres de l\u2019\u00e9ducation de l\u2019Asie du Sud-Est (SEAMEO).<\/p>\r\n<p>Il a \u00e9galement \u00e9t\u00e9 un membre actif du\u00a0<em>Conseil Philippin de Certification des ONG<\/em>\u00a0(PCNC), de la\u00a0<em>Knowledge Channel Foundation<\/em>, de\u00a0<em>Philippine Business for Education\u00a0<\/em>(PBEd) et de la\u00a0<em>Fondation Sidhay pour les enfants de la rue<\/em>.<\/p>\r\n<p>Fr\u00e8re Armin est \u00e9galement titulaire d\u2019un doctorat en gestion de l\u2019\u00e9ducation de l\u2019Universit\u00e9 Saint La Salle de Bacolod et d\u2019une ma\u00eetrise en \u00e9ducation religieuse et valeurs de l\u2019Universit\u00e9 De La Salle de Manille. Il est \u00e9galement titulaire d\u2019une licence en philosophie et en sciences humaines de l\u2019Universit\u00e9 De La Salle.<\/p>\r\n<p>&nbsp;<\/p>\r\n\r\n\r\n<hr class=\"wp-block-separator\" \/>\r\n\r\n\r\n<p class=\"has-vivid-red-color has-text-color has-medium-font-size\"><strong><a href=\"https:\/\/www.lasalle.org\/fr\/category\/maison-generalice\/superieur-general\/\">&lt;&lt;&lt; Nouvelles &gt;&gt;&gt;<\/a><\/strong><\/p>\r\n\r\n\r\n<hr class=\"wp-block-separator\" \/>\r\n\r\n\r\n<div class=\"wp-block-image\">\r\n<figure class=\"alignright is-resized\"><img decoding=\"async\" class=\"wp-image-51548\" src=\"https:\/\/www.lasalle.org\/wp-content\/uploads\/2019\/07\/cov_pastletter.png\" alt=\"\" width=\"250\" height=\"130\" srcset=\"https:\/\/www.lasalle.org\/wp-content\/uploads\/2019\/07\/cov_pastletter-300x156.png 300w, https:\/\/www.lasalle.org\/wp-content\/uploads\/2019\/07\/cov_pastletter-768x400.png 768w, https:\/\/www.lasalle.org\/wp-content\/uploads\/2019\/07\/cov_pastletter.png 1000w\" sizes=\"(max-width: 250px) 100vw, 250px\" \/><\/figure>\r\n<\/div>\r\n\r\n\r\n\r\n<p><strong>Publications<\/strong><\/p>\r\n\r\n\r\n\r\n<p><a href=\"http:\/\/www.lasalle.org\/fr\/publications\/lettres-pastorales\/\">Lettres Pastorales<\/a><\/p>\r\n\r\n\r\n\r\n<p><a href=\"https:\/\/www.lasalle.org\/fr\/publications\/circulaires\/\">Circulaires<\/a><\/p>\r\n\r\n\r\n\r\n<p>&nbsp;<\/p>\r\n\r\n\r\n<hr class=\"wp-block-separator\" \/>\r\n\r\n\r\n<p><strong>Photos<\/strong><\/p>\r\n<p>&nbsp;<\/p>\r\n\r\n\r\n<hr class=\"wp-block-separator\" \/>","protected":false},"excerpt":{"rendered":"<p>&nbsp; Le Fr\u00e8re Armin Altamirano Luistro, FSC, est n\u00e9 le  [&#8230;]<\/p>\n","protected":false},"author":9,"featured_media":86578,"parent":0,"menu_order":0,"comment_status":"closed","ping_status":"closed","template":"","meta":{"_tec_requires_first_save":true,"_monsterinsights_skip_tracking":false,"_monsterinsights_sitenote_active":false,"_monsterinsights_sitenote_note":"","_monsterinsights_sitenote_category":0,"_EventAllDay":false,"_EventTimezone":"","_EventStartDate":"","_EventEndDate":"","_EventStartDateUTC":"","_EventEndDateUTC":"","_EventShowMap":false,"_EventShowMapLink":false,"_EventURL":"","_EventCost":"","_EventCostDescription":"","_EventCurrencySymbol":"","_EventCurrencyCode":"","_EventCurrencyPosition":"","_EventDateTimeSeparator":"","_EventTimeRangeSeparator":"","_EventOrganizerID":[],"_EventVenueID":[],"_OrganizerEmail":"","_OrganizerPhone":"","_OrganizerWebsite":"","_VenueAddress":"","_VenueCity":"","_VenueCountry":"","_VenueProvince":"","_VenueState":"","_VenueZip":"","_VenuePhone":"","_VenueURL":"","_VenueStateProvince":"","_VenueLat":"","_VenueLng":"","_VenueShowMap":false,"_VenueShowMapLink":false,"_tribe_blocks_recurrence_rules":"","_tribe_blocks_recurrence_description":"","_tribe_blocks_recurrence_exclusions":"","footnotes":""},"class_list":["post-57643","page","type-page","status-publish","has-post-thumbnail","hentry"],"_links":{"self":[{"href":"https:\/\/www.lasalle.org\/fr\/wp-json\/wp\/v2\/pages\/57643","targetHints":{"allow":["GET"]}}],"collection":[{"href":"https:\/\/www.lasalle.org\/fr\/wp-json\/wp\/v2\/pages"}],"about":[{"href":"https:\/\/www.lasalle.org\/fr\/wp-json\/wp\/v2\/types\/page"}],"author":[{"embeddable":true,"href":"https:\/\/www.lasalle.org\/fr\/wp-json\/wp\/v2\/users\/9"}],"replies":[{"embeddable":true,"href":"https:\/\/www.lasalle.org\/fr\/wp-json\/wp\/v2\/comments?post=57643"}],"version-history":[{"count":5,"href":"https:\/\/www.lasalle.org\/fr\/wp-json\/wp\/v2\/pages\/57643\/revisions"}],"predecessor-version":[{"id":86618,"href":"https:\/\/www.lasalle.org\/fr\/wp-json\/wp\/v2\/pages\/57643\/revisions\/86618"}],"wp:featuredmedia":[{"embeddable":true,"href":"https:\/\/www.lasalle.org\/fr\/wp-json\/wp\/v2\/media\/86578"}],"wp:attachment":[{"href":"https:\/\/www.lasalle.org\/fr\/wp-json\/wp\/v2\/media?parent=57643"}],"curies":[{"name":"wp","href":"https:\/\/api.w.org\/{rel}","templated":true}]}}