{"id":74440,"date":"2020-11-05T10:47:43","date_gmt":"2020-11-05T09:47:43","guid":{"rendered":"https:\/\/www.lasalle.org\/?page_id=74440"},"modified":"2020-11-05T11:46:30","modified_gmt":"2020-11-05T10:46:30","slug":"jeunes-lasalliens","status":"publish","type":"page","link":"https:\/\/www.lasalle.org\/fr\/jeunes-lasalliens\/","title":{"rendered":"Jeunes Lasalliens"},"content":{"rendered":"\n<p><\/p>\n\n\n\n<figure class=\"wp-block-image\"><img decoding=\"async\" width=\"1536\" height=\"1024\" src=\"https:\/\/www.lasalle.org\/wp-content\/uploads\/2020\/11\/IMG_5107-1536x1024.jpg\" alt=\"\" class=\"wp-image-74390\" srcset=\"https:\/\/www.lasalle.org\/wp-content\/uploads\/2020\/11\/IMG_5107-300x200.jpg 300w, https:\/\/www.lasalle.org\/wp-content\/uploads\/2020\/11\/IMG_5107-768x512.jpg 768w, https:\/\/www.lasalle.org\/wp-content\/uploads\/2020\/11\/IMG_5107-1536x1024.jpg 1536w\" sizes=\"(max-width: 1536px) 100vw, 1536px\" \/><\/figure>\n\n\n\n<p><strong>Qui sont les Jeunes Lasalliens?<br><a href=\"http:\/\/old.lasalle.org\/wp-content\/uploads\/2011\/07\/IMG_5107.jpg\"><\/a><\/strong>Les Jeunes Lasalliens sont des adolescents et des jeunes adultes qui sont touch\u00e9s par l\u2019esprit de Saint Jean-Baptiste De-La-Salle et qui souhaitent s\u2019engager activement \u00e0 \u00eatre des agents de changement contre la pauvret\u00e9 et l\u2019injustice en contribuant \u00e0 transformer la vie des jeunes, et sp\u00e9cialement des pauvres, gr\u00e2ce \u00e0 l\u2019\u00e9ducation. Le terme Jeunes Lasalliens r\u00e9f\u00e8re \u00e0 une r\u00e9alit\u00e9 inclusive qui r\u00e9unit tous les groupes de jeunes qui sont connect\u00e9s d\u2019une fa\u00e7on ou d\u2019une autre \u00e0 la Mission \u00c9ducative&nbsp;Lasallienne, tout en reconnaissant leurs r\u00e9alit\u00e9s et besoins diff\u00e9rents.<\/p>\n\n\n\n<p><strong>Pourquoi se concentrer sur les Jeunes Lasalliens?<\/strong><\/p>\n\n\n\n<p>Le mouvement des Jeunes Lasalliens vise \u00e0 r\u00e9veiller la conscience du cheminement vocationnel, personnel et collectif des adolescents et des jeunes adultes engag\u00e9s dans la Mission \u00c9ducative Lasallienne. Ce mouvement les engage personnellement, professionnellement et spirituellement \u00e0 aller au-del\u00e0 de leurs fronti\u00e8res pour tendre la main et pour que ceux qu\u2019ils accompagnent, aussi bien qu\u2019eux-m\u00eames,&nbsp;<em>aient la vie, et qu\u2019ils l\u2019aient en abondance<\/em>&nbsp;(Jean 10, 10). Les Jeunes Lasalliens r\u00e9pondent \u00e0 un appel&nbsp; afin de cheminer en vivant les valeurs Lasalliennes et en poursuivant la mission que Saint Jean-Baptiste De-La-Salle a commenc\u00e9e il y a de cela plus de 300 ans.<\/p>\n\n\n\n<div class=\"wp-block-image\"><figure class=\"alignleft size-large is-resized\"><img decoding=\"async\" src=\"https:\/\/www.lasalle.org\/wp-content\/uploads\/2020\/11\/Jeu27_all_350.jpg\" alt=\"\" class=\"wp-image-74394\" width=\"250\" height=\"167\" srcset=\"https:\/\/www.lasalle.org\/wp-content\/uploads\/2020\/11\/Jeu27_all_350-300x200.jpg 300w, https:\/\/www.lasalle.org\/wp-content\/uploads\/2020\/11\/Jeu27_all_350-768x512.jpg 768w, https:\/\/www.lasalle.org\/wp-content\/uploads\/2020\/11\/Jeu27_all_350.jpg 1001w\" sizes=\"(max-width: 250px) 100vw, 250px\" \/><\/figure><\/div>\n\n\n\n<p><strong>O\u00f9 est-ce que cela se produit?<br><a href=\"http:\/\/old.lasalle.org\/wp-content\/uploads\/2011\/07\/Jeu27_all_350.jpg\"><\/a><\/strong>Les Jeunes Lasalliens sont partout! Partout o\u00f9 il y a une \u0153uvre \u00e9ducative Lasallienne, il y a des jeunes dont la vie a \u00e9t\u00e9 transform\u00e9e par le charisme Lasallien et qui se d\u00e9vouent \u00e0 la Mission \u00c9ducative Lasallienne. Le mouvement des Jeunes Lasalliens prend diff\u00e9rentes formes dans chacun des 80 pays et plus o\u00f9 les Lasalliens sont pr\u00e9sents, en fonction des r\u00e9alit\u00e9s locales et des cultures, et c\u2019est cette diversit\u00e9 d\u2019expressions de la m\u00eame mission qui donne une grande richesse \u00e0 l\u2019Institut.<\/p>\n\n\n\n<div class=\"wp-block-image\"><figure class=\"alignright size-large\"><img decoding=\"async\" width=\"300\" height=\"200\" src=\"https:\/\/www.lasalle.org\/wp-content\/uploads\/2020\/11\/IMG_1113-300x200-1.jpg\" alt=\"\" class=\"wp-image-74407\"\/><\/figure><\/div>\n\n\n\n<p><strong><strong><strong>Qu\u2019est-ce qui est fait au niveau international?<br><\/strong><\/strong><\/strong>Le Conseil International des Jeunes Lasalliens (ICYL) a la responsabilit\u00e9 d\u2019encourager l\u2019unit\u00e9 de ce mouvement et de mettre en \u0153uvre des projets communs bas\u00e9s sur une vision commune. Il est compos\u00e9 d\u2019un membre provenant de chacune des cinq R\u00e9gions de l\u2019Institut, de m\u00eame que du Coordonnateur International pour les Jeunes Lasalliens.<\/p>\n\n\n\n<p>S\u2019inscrivant dans le processus d\u2019\u00e9laboration d\u2019une vision internationale, le 3<sup>e<\/sup>&nbsp;Symposium International des Jeunes Lasalliens (ISYL) a eu lieu \u00e0 Rome en f\u00e9vrier 2014. Plus de 40 jeunes de 25 pays se sont rassembl\u00e9s \u00e0 la Maison g\u00e9n\u00e9ralice afin d\u2019identifier et de prioriser des objectifs et des pistes d\u2019intervention pour le mouvement des Jeunes Lasalliens, dans l\u2019esprit de la Mission de l\u2019Institut.<\/p>\n\n\n\n<div class=\"wp-block-image\"><figure class=\"aligncenter size-large is-resized\"><img decoding=\"async\" src=\"https:\/\/www.lasalle.org\/wp-content\/uploads\/2020\/11\/logo_icyl_blu-1024x383-1.png\" alt=\"\" class=\"wp-image-74399\" width=\"512\" height=\"192\" srcset=\"https:\/\/www.lasalle.org\/wp-content\/uploads\/2020\/11\/logo_icyl_blu-1024x383-1-300x112.png 300w, https:\/\/www.lasalle.org\/wp-content\/uploads\/2020\/11\/logo_icyl_blu-1024x383-1-768x287.png 768w, https:\/\/www.lasalle.org\/wp-content\/uploads\/2020\/11\/logo_icyl_blu-1024x383-1.png 1024w\" sizes=\"(max-width: 512px) 100vw, 512px\" \/><\/figure><\/div>\n\n\n\n<p>Lors de la derni\u00e8re r\u00e9union du Conseil International des Jeunes Lasalliens, \u00e0 partir du travail r\u00e9alis\u00e9 lors du 3<sup>e<\/sup>&nbsp;ISYL ainsi que des rapports du 45<sup>e<\/sup>&nbsp;Chapitre G\u00e9n\u00e9ral, de la 2<sup>e<\/sup>&nbsp;Assembl\u00e9e Internationale de la Mission ainsi que de l\u2019Assembl\u00e9e Internationale des Jeunes Fr\u00e8res, quatre domaines prioritaires ont \u00e9t\u00e9 identifi\u00e9s. Ce sont&nbsp;:<\/p>\n\n\n\n<ul class=\"wp-block-list\"><li><strong><strong><strong>Une culture des vocations&nbsp;<\/strong><\/strong><\/strong>Une \u00abculture des vocations\u00bb appuie les adolescents et les jeunes adultes engag\u00e9s dans la mission et les met au d\u00e9fi de cheminer afin d\u2019avoir la vie, et de l\u2019avoir en abondance. C\u2019est une culture qui int\u00e8gre la multitude d\u2019options et de vocations possibles que les jeunes peuvent avoir et qui place l\u2019individu au centre. Ainsi, l\u2019objectif est d\u2019appuyer et d\u2019accompagner les jeunes afin qu\u2019ils d\u00e9couvrent leur propre et v\u00e9ritable vocation et qu\u2019ils deviennent la version la plus authentique d\u2019eux-m\u00eames au service des autres.<\/li><li><strong><strong><strong>Service avec les pauvres<\/strong><\/strong><\/strong>&nbsp;Les pauvres sont des \u00abimages vivantes de J\u00e9sus Christ et sont une Bonne Nouvelle vivante pour nous. Le mot \u00abavec\u00bb implique une relation horizontale qui donne aux personnes que nous \u00abservons\u00bb un nom et qui les consid\u00e8re comme protagonistes de leur p\u00e9riple vers le salut. Alors que nous r\u00e9alisons que nous cheminons ensemble, cela leur apporte de la dignit\u00e9, une voix et un contr\u00f4le sur leur propre sort. Cette priorit\u00e9 am\u00e8ne au-devant de la sc\u00e8ne le d\u00e9sir des Jeunes Lasalliens d\u2019\u00eatre des agents de changement activement engag\u00e9s dans la Mission \u00c9ducative Lasallienne.<\/li><li><strong><strong><strong>Communications et R\u00e9seautage&nbsp;<\/strong><\/strong><\/strong>Nous souhaitons une culture du partage et une disposition naturelle pour la communication qui valorisent et inspirent chaque Jeune Lasallien et groupe de jeunes, responsables de l\u2019annonce de leurs bonnes nouvelles. Nous esp\u00e9rons que cela contribuera \u00e0 construire une conscience plus grande et plus profonde de la grandeur de notre Institut, dans lequel nous faisons partie de quelque chose de plus grand que nous, la Famille Lasallienne. Pour que cela se r\u00e9alise, une des priorit\u00e9s est d\u2019encourager le dialogue.<\/li><li><strong><strong><strong>Croissance organisationnelle durable<\/strong>&nbsp;<\/strong><\/strong>Nous voulons encourager les proc\u00e9d\u00e9s et les strat\u00e9gies qui font la promotion d\u2019une croissance organisationnelle durable \u00e0 travers l\u2019auto-suffisance et la reddition de comptes. Notre intention est que tous les projets, les initiatives et les efforts soient appuy\u00e9s par de structures, des politiques et des processus de suivi qui assureront la continuit\u00e9 des initiatives Lasalliennes pour les adolescents et les jeunes adultes. Cela encourage \u00e9galement la pr\u00e9sence de Jeunes Lasalliens dans les structures de l\u2019Institut \u00e0 tous les niveaux.<\/li><\/ul>\n\n\n\n<div class=\"wp-block-image\"><figure class=\"alignright size-large\"><img decoding=\"async\" width=\"150\" height=\"150\" src=\"https:\/\/www.lasalle.org\/wp-content\/uploads\/2020\/11\/logi_symp-150x150-1.jpg\" alt=\"\" class=\"wp-image-74411\"\/><\/figure><\/div>\n\n\n\n<p><strong>Un peu d\u2019histoire?<\/strong><\/p>\n\n\n\n<p>Bien que plusieurs rassemblements internationaux aient eu lieu durant les d\u00e9cennies pr\u00e9c\u00e9dentes, le mouvement des Jeunes Lasalliens est v\u00e9ritablement n\u00e9 en 2002, lors du 1<sup>er<\/sup>&nbsp;Colloque International des Jeunes Lasalliens, tenu \u00e0 Qu\u00e9bec, Canada, en marge des Journ\u00e9es Mondiales de la Jeunesse de Toronto. Yanick Chamberland-Richer a men\u00e9 ce rassemblement de 150 jeunes de partout \u00e0 travers le monde. C\u2019est \u00e0 la suite de ce rassemblement que le Fr\u00e8re \u00c1lvaro Rodr\u00edguez Echeverr\u00eda, Sup\u00e9rieur G\u00e9n\u00e9ral, a demand\u00e9 la cr\u00e9ation du Conseil International des Jeunes Lasalliens.<\/p>\n\n\n\n<p>La premi\u00e8re r\u00e9union du Conseil s\u2019est d\u00e9roul\u00e9e en 2003, et celui-ci s\u2019est r\u00e9uni au moins une fois \u00e0 chaque ann\u00e9e depuis. Plusieurs initiatives ont \u00e9t\u00e9 men\u00e9es par le Conseil, dont l\u2019organisation des 2<sup>e<\/sup>&nbsp;et 3<sup>e<\/sup>&nbsp;Symposium International des Jeunes Lasalliens, en 2006 et 2014. Le poste de Coordonnateur International pour les Jeunes Lasalliens, lui, a \u00e9t\u00e9 \u00e9tabli en 2010 et est devenu un poste r\u00e9mun\u00e9r\u00e9 l\u2019ann\u00e9e suivante.<\/p>\n\n\n\n<hr class=\"wp-block-separator\"\/>\n\n\n\n<div class=\"wp-block-image\"><figure class=\"alignleft size-large is-resized\"><img decoding=\"async\" src=\"https:\/\/www.lasalle.org\/wp-content\/uploads\/2019\/07\/facebook-1.png\" alt=\"\" class=\"wp-image-49718\" width=\"25\" height=\"25\"\/><\/figure><\/div>\n\n\n\n<p><a rel=\"noreferrer noopener\" href=\"https:\/\/www.facebook.com\/young.lasallians\/?fref=ts\" target=\"_blank\"><strong>young.lasallians<\/strong><\/a><\/p>\n\n\n\n<hr class=\"wp-block-separator\"\/>\n\n\n\n<div class=\"wp-block-image\"><figure class=\"alignleft size-large is-resized\"><img decoding=\"async\" src=\"https:\/\/www.lasalle.org\/wp-content\/uploads\/2019\/07\/twitter-4-duck-egg-blue.png\" alt=\"\" class=\"wp-image-49722\" width=\"25\" height=\"25\"\/><\/figure><\/div>\n\n\n\n<p><strong><a rel=\"noreferrer noopener\" href=\"https:\/\/twitter.com\/younglasallians\" target=\"_blank\">younglasallians<\/a><\/strong><\/p>\n\n\n\n<p><\/p>\n\n\n\n<hr class=\"wp-block-separator\"\/>\n\n\n\n<div class=\"wp-block-image\"><figure class=\"alignleft size-large\"><img decoding=\"async\" width=\"30\" height=\"30\" src=\"https:\/\/www.lasalle.org\/wp-content\/uploads\/2020\/05\/youtube_social_circle_red-1.png\" alt=\"\" class=\"wp-image-71492\"\/><\/figure><\/div>\n\n\n\n<p><strong><a rel=\"noreferrer noopener\" href=\"https:\/\/www.youtube.com\/channel\/UCQmwUbz0qUcU-XYTUZg7vpA\" target=\"_blank\">International Council of Young Lasallians<\/a><\/strong><\/p>\n\n\n\n<hr class=\"wp-block-separator\"\/>\n\n\n\n<figure class=\"wp-block-image size-large\"><img decoding=\"async\" width=\"1024\" height=\"311\" src=\"https:\/\/www.lasalle.org\/wp-content\/uploads\/2020\/11\/giovani_lasalliani.jpg\" alt=\"\" class=\"wp-image-74425\" srcset=\"https:\/\/www.lasalle.org\/wp-content\/uploads\/2020\/11\/giovani_lasalliani-300x91.jpg 300w, https:\/\/www.lasalle.org\/wp-content\/uploads\/2020\/11\/giovani_lasalliani-768x233.jpg 768w, https:\/\/www.lasalle.org\/wp-content\/uploads\/2020\/11\/giovani_lasalliani.jpg 1024w\" sizes=\"(max-width: 1024px) 100vw, 1024px\" \/><\/figure>\n","protected":false},"excerpt":{"rendered":"<p>Qui sont les Jeunes Lasalliens?Les Jeunes Lasalliens sont des adolescents  [&#8230;]<\/p>\n","protected":false},"author":9,"featured_media":0,"parent":0,"menu_order":0,"comment_status":"closed","ping_status":"closed","template":"","meta":{"_tec_requires_first_save":true,"_monsterinsights_skip_tracking":false,"_monsterinsights_sitenote_active":false,"_monsterinsights_sitenote_note":"","_monsterinsights_sitenote_category":0,"_EventAllDay":false,"_EventTimezone":"","_EventStartDate":"","_EventEndDate":"","_EventStartDateUTC":"","_EventEndDateUTC":"","_EventShowMap":false,"_EventShowMapLink":false,"_EventURL":"","_EventCost":"","_EventCostDescription":"","_EventCurrencySymbol":"","_EventCurrencyCode":"","_EventCurrencyPosition":"","_EventDateTimeSeparator":"","_EventTimeRangeSeparator":"","_EventOrganizerID":[],"_EventVenueID":[],"_OrganizerEmail":"","_OrganizerPhone":"","_OrganizerWebsite":"","_VenueAddress":"","_VenueCity":"","_VenueCountry":"","_VenueProvince":"","_VenueState":"","_VenueZip":"","_VenuePhone":"","_VenueURL":"","_VenueStateProvince":"","_VenueLat":"","_VenueLng":"","_VenueShowMap":false,"_VenueShowMapLink":false,"_tribe_blocks_recurrence_rules":"","_tribe_blocks_recurrence_description":"","_tribe_blocks_recurrence_exclusions":"","footnotes":""},"class_list":["post-74440","page","type-page","status-publish","hentry"],"_links":{"self":[{"href":"https:\/\/www.lasalle.org\/fr\/wp-json\/wp\/v2\/pages\/74440","targetHints":{"allow":["GET"]}}],"collection":[{"href":"https:\/\/www.lasalle.org\/fr\/wp-json\/wp\/v2\/pages"}],"about":[{"href":"https:\/\/www.lasalle.org\/fr\/wp-json\/wp\/v2\/types\/page"}],"author":[{"embeddable":true,"href":"https:\/\/www.lasalle.org\/fr\/wp-json\/wp\/v2\/users\/9"}],"replies":[{"embeddable":true,"href":"https:\/\/www.lasalle.org\/fr\/wp-json\/wp\/v2\/comments?post=74440"}],"version-history":[{"count":2,"href":"https:\/\/www.lasalle.org\/fr\/wp-json\/wp\/v2\/pages\/74440\/revisions"}],"predecessor-version":[{"id":74448,"href":"https:\/\/www.lasalle.org\/fr\/wp-json\/wp\/v2\/pages\/74440\/revisions\/74448"}],"wp:attachment":[{"href":"https:\/\/www.lasalle.org\/fr\/wp-json\/wp\/v2\/media?parent=74440"}],"curies":[{"name":"wp","href":"https:\/\/api.w.org\/{rel}","templated":true}]}}