{"id":74502,"date":"2020-11-06T10:40:37","date_gmt":"2020-11-06T09:40:37","guid":{"rendered":"https:\/\/www.lasalle.org\/?page_id=74502"},"modified":"2020-11-06T10:41:10","modified_gmt":"2020-11-06T09:41:10","slug":"fraternite-signum-fidei","status":"publish","type":"page","link":"https:\/\/www.lasalle.org\/fr\/famille-charismatique-lasallienne\/fraternite-signum-fidei\/","title":{"rendered":"Fraternit\u00e9 Signum Fidei"},"content":{"rendered":"\n<p><\/p>\n\n\n\n<p>Dans les ann\u00e9es 1970, en beaucoup d\u2019endroits du monde lasallien, des la\u00efcs en qu\u00eate d\u2019une vie chr\u00e9tienne plus engag\u00e9e demand\u00e8rent aux Fr\u00e8res des \u00c9coles chr\u00e9tiennes de partager plus \u00e9troitement avec eux non seulement leur travail \u00e9ducatif, mais aussi leur esprit. C\u2019est ainsi qu\u2019est n\u00e9e la Fraternit\u00e9 Signum Fidei. Le Signum Fidei est un chr\u00e9tien la\u00efc adulte, homme ou femme, qui a re\u00e7u un appel particulier de Dieu. Il veut vivre pleinement la cons\u00e9cration baptismale et \u00eatre dans le monde, en particulier dans le domaine de l\u2019\u00e9ducation chr\u00e9tienne, un signe de l\u2019amour vivant de Dieu pour les hommes, sp\u00e9cialement au milieu des pauvres et des d\u00e9laiss\u00e9s.<\/p>\n\n\n\n<div class=\"wp-block-image\"><figure class=\"aligncenter size-large\"><img decoding=\"async\" width=\"589\" height=\"360\" src=\"https:\/\/www.lasalle.org\/wp-content\/uploads\/2020\/11\/sigumfidei_map.jpg\" alt=\"\" class=\"wp-image-74474\" srcset=\"https:\/\/www.lasalle.org\/wp-content\/uploads\/2020\/11\/sigumfidei_map-300x183.jpg 300w, https:\/\/www.lasalle.org\/wp-content\/uploads\/2020\/11\/sigumfidei_map.jpg 589w\" sizes=\"(max-width: 589px) 100vw, 589px\" \/><\/figure><\/div>\n\n\n\n<p>La Fraternit\u00e9 Signum Fidei fait partie de la Famille Lasallienne et ses membres s\u2019associent en petites communaut\u00e9s qui appartiennent \u00e0 un District, Sous District ou D\u00e9l\u00e9gation lasallienne. Tout membre de la fraternit\u00e9 s\u2019efforce d\u2019int\u00e9grer dans sa vie les \u00e9l\u00e9ments essentiels de sa vocation qui sont :<\/p>\n\n\n\n<div class=\"wp-block-image\"><figure class=\"aligncenter size-large\"><img decoding=\"async\" width=\"500\" height=\"180\" src=\"https:\/\/www.lasalle.org\/wp-content\/uploads\/2020\/11\/download.png\" alt=\"\" class=\"wp-image-74455\" srcset=\"https:\/\/www.lasalle.org\/wp-content\/uploads\/2020\/11\/download-300x108.png 300w, https:\/\/www.lasalle.org\/wp-content\/uploads\/2020\/11\/download.png 500w\" sizes=\"(max-width: 500px) 100vw, 500px\" \/><\/figure><\/div>\n\n\n\n<p>Le \u00ab Signum Fidei \u00bb est un chr\u00e9tien la\u00efc adulte qui r\u00e9pond \u00e0 l\u2019appel du Seigneur, r\u00e9alise son engagement baptismal \u00e0 travers la \u00ab cons\u00e9cration Signum Fidei \u00bb et s\u2019engage \u00e0 la suite de J\u00e9sus \u00e0 vivre radicalement l\u2019\u00c9vangile. Le Signum Fidei s\u2019efforce de suivre l\u2019itin\u00e9raire \u00e9vang\u00e9lique de Saint Jean-Baptiste de La Salle ; il approfondit et vit la spiritualit\u00e9 lasallienne. Tout membre s\u2019int\u00e8gre dans une communaut\u00e9 de Foi dans laquelle vit la fraternit\u00e9 lasallienne. Le Signum Fidei est un t\u00e9moin vivant pour les autres dans son milieu familial, professionnel et social . <\/p>\n\n\n\n<hr class=\"wp-block-separator\"\/>\n\n\n\n<div class=\"wp-block-image\"><figure class=\"alignleft size-large\"><img decoding=\"async\" width=\"113\" height=\"163\" src=\"https:\/\/www.lasalle.org\/wp-content\/uploads\/2020\/11\/PortadaA_fr00.png\" alt=\"\" class=\"wp-image-74507\"\/><\/figure><\/div>\n\n\n\n<div class=\"wp-block-file\"><a href=\"https:\/\/www.lasalle.org\/wp-content\/uploads\/2020\/11\/SignumFidei_StyleDeVie1.pdf\" target=\"_blank\" rel=\"noreferrer noopener\">SignumFidei \u2013 Style de Vie<\/a><a href=\"https:\/\/www.lasalle.org\/wp-content\/uploads\/2020\/11\/SignumFidei_StyleDeVie1.pdf\" class=\"fusion-button-default fusion-button-default-size wp-block-file__button\" download>T\u00e9l\u00e9charger<\/a><\/div>\n\n\n\n<div class=\"wp-block-file\"><a href=\"https:\/\/www.lasalle.org\/wp-content\/uploads\/2020\/11\/estilo_vida_bahasa.pdf\">Cara Hidup (Bahasa)<\/a><a href=\"https:\/\/www.lasalle.org\/wp-content\/uploads\/2020\/11\/estilo_vida_bahasa.pdf\" class=\"fusion-button-default fusion-button-default-size wp-block-file__button\" download>T\u00e9l\u00e9charger<\/a><\/div>\n\n\n\n<p><\/p>\n","protected":false},"excerpt":{"rendered":"<p>Dans les ann\u00e9es 1970, en beaucoup d\u2019endroits du monde lasallien,  [&#8230;]<\/p>\n","protected":false},"author":9,"featured_media":0,"parent":10579,"menu_order":0,"comment_status":"closed","ping_status":"closed","template":"","meta":{"_tec_requires_first_save":true,"_monsterinsights_skip_tracking":false,"_monsterinsights_sitenote_active":false,"_monsterinsights_sitenote_note":"","_monsterinsights_sitenote_category":0,"_EventAllDay":false,"_EventTimezone":"","_EventStartDate":"","_EventEndDate":"","_EventStartDateUTC":"","_EventEndDateUTC":"","_EventShowMap":false,"_EventShowMapLink":false,"_EventURL":"","_EventCost":"","_EventCostDescription":"","_EventCurrencySymbol":"","_EventCurrencyCode":"","_EventCurrencyPosition":"","_EventDateTimeSeparator":"","_EventTimeRangeSeparator":"","_EventOrganizerID":[],"_EventVenueID":[],"_OrganizerEmail":"","_OrganizerPhone":"","_OrganizerWebsite":"","_VenueAddress":"","_VenueCity":"","_VenueCountry":"","_VenueProvince":"","_VenueState":"","_VenueZip":"","_VenuePhone":"","_VenueURL":"","_VenueStateProvince":"","_VenueLat":"","_VenueLng":"","_VenueShowMap":false,"_VenueShowMapLink":false,"_tribe_blocks_recurrence_rules":"","_tribe_blocks_recurrence_description":"","_tribe_blocks_recurrence_exclusions":"","footnotes":""},"class_list":["post-74502","page","type-page","status-publish","hentry"],"_links":{"self":[{"href":"https:\/\/www.lasalle.org\/fr\/wp-json\/wp\/v2\/pages\/74502","targetHints":{"allow":["GET"]}}],"collection":[{"href":"https:\/\/www.lasalle.org\/fr\/wp-json\/wp\/v2\/pages"}],"about":[{"href":"https:\/\/www.lasalle.org\/fr\/wp-json\/wp\/v2\/types\/page"}],"author":[{"embeddable":true,"href":"https:\/\/www.lasalle.org\/fr\/wp-json\/wp\/v2\/users\/9"}],"replies":[{"embeddable":true,"href":"https:\/\/www.lasalle.org\/fr\/wp-json\/wp\/v2\/comments?post=74502"}],"version-history":[{"count":3,"href":"https:\/\/www.lasalle.org\/fr\/wp-json\/wp\/v2\/pages\/74502\/revisions"}],"predecessor-version":[{"id":74513,"href":"https:\/\/www.lasalle.org\/fr\/wp-json\/wp\/v2\/pages\/74502\/revisions\/74513"}],"up":[{"embeddable":true,"href":"https:\/\/www.lasalle.org\/fr\/wp-json\/wp\/v2\/pages\/10579"}],"wp:attachment":[{"href":"https:\/\/www.lasalle.org\/fr\/wp-json\/wp\/v2\/media?parent=74502"}],"curies":[{"name":"wp","href":"https:\/\/api.w.org\/{rel}","templated":true}]}}