{"id":75462,"date":"2021-01-15T12:03:35","date_gmt":"2021-01-15T11:03:35","guid":{"rendered":"https:\/\/www.lasalle.org\/?page_id=75462"},"modified":"2022-01-12T15:21:59","modified_gmt":"2022-01-12T14:21:59","slug":"la-mission-internationale-lasallienne","status":"publish","type":"page","link":"https:\/\/www.lasalle.org\/fr\/la-mission-internationale-lasallienne\/","title":{"rendered":"La Mission Internationale Lasallienne"},"content":{"rendered":"\r\n<p>&nbsp;<\/p>\r\n\r\n\r\n\r\n<figure class=\"wp-block-image\"><img decoding=\"async\" src=\"https:\/\/www.lasalle.org\/wp-content\/uploads\/2021\/01\/13-1597x1024.jpg\" alt=\"Questa immagine ha l'attributo alt vuoto; il nome del file \u00e8 13-1597x1024.jpg\" \/><\/figure>\r\n\r\n\r\n\r\n<p>Les trois si\u00e8cles nous s\u00e9parant de la naissance de Saint Jean-Baptiste de La Salle ont \u00e9t\u00e9 tr\u00e8s riches. Pour preuve, la continuit\u00e9 de sa mission et l\u2019affirmation de son h\u00e9ritage spirituel en divers contextes.<\/p>\r\n\r\n\r\n\r\n<div class=\"wp-block-image\">\r\n<figure class=\"alignleft is-resized\"><img decoding=\"async\" src=\"https:\/\/www.lasalle.org\/wp-content\/uploads\/2021\/01\/Fotografias-de-personas-Sector-Venezuela-Visita-del-SG-8-1-1536x1024.jpg\" alt=\"Questa immagine ha l'attributo alt vuoto; il nome del file \u00e8 Fotografias-de-personas-Sector-Venezuela-Visita-del-SG-8-1-1536x1024.jpg\" width=\"384\" height=\"256\" \/><\/figure>\r\n<\/div>\r\n\r\n\r\n\r\n<p>Aujourd\u2019hui, la grande famille de La Salle se compose de plus de <strong>3 000 Fr\u00e8res<\/strong>, qui, avec <strong>90 000 \u00e9ducateurs et \u00e9ducatrices<\/strong> et de nombreux collaborateurs la\u00efcs, dirigent quelques <strong>1 100 \u0153uvres \u00e9ducatives<\/strong>, dans <strong>80 pays<\/strong> pour un <strong>1 million d\u2019\u00e9l\u00e8ves<\/strong>, enfants, jeunes et adultes.<\/p>\r\n\r\n\r\n\r\n<p>Les centres \u00e9ducatifs de l\u2019Institut lasallien incluent tous les niveaux : maternelle et primaire, coll\u00e8ge et lyc\u00e9e, centres \u00e9ducatifs non formels, centres de formation professionnelle et instituts universitaires.<\/p>\r\n\r\n\r\n\r\n<p>Environ la moiti\u00e9 des \u00e9tudiants lasalliens sont en risque d&rsquo;exclusion sociale et \u00e9ducative dans les pays et\/ou les contextes les plus fragiles de notre plan\u00e8te. L&rsquo;esprit de la Mission est en fait d&rsquo;offrir une chance d&rsquo;\u00e9ducation \u00e0 ceux qui, autrement, n&rsquo;y auraient pas acc\u00e8s et de favoriser l&rsquo;inclusion des groupes sociaux les plus marginalis\u00e9s, des femmes, des filles et des \u00e9tudiants ayant des besoins sp\u00e9ciaux, partout dans le monde.<\/p>\r\n\r\n\r\n\r\n<div class=\"wp-block-image\">\r\n<figure class=\"alignright is-resized\"><img decoding=\"async\" src=\"https:\/\/www.lasalle.org\/wp-content\/uploads\/2021\/01\/GEN_4127-1-1534x1024.jpg\" alt=\"Questa immagine ha l'attributo alt vuoto; il nome del file \u00e8 GEN_4127-1-1534x1024.jpg\" width=\"384\" height=\"256\" \/><\/figure>\r\n<\/div>\r\n\r\n\r\n\r\n<p>\u00c0 travers ses centres \u00e9ducatifs, l&rsquo;Institut De La Salle est \u00e0 l&rsquo;\u00e9coute des besoins des lieux o\u00f9 il op\u00e8re et y r\u00e9pond par des programmes int\u00e9gr\u00e9s et durables afin que ses \u00e9coles deviennent un moteur de d\u00e9veloppement pour toute la communaut\u00e9.<\/p>\r\n\r\n\r\n\r\n<p>Pour ce faire, l&rsquo;Institut s&rsquo;appuie sur le Secr\u00e9tariat <strong><a href=\"https:\/\/www.lasalle.org\/fr\/animacion-y-gobierno\/secretariado-de-solidaridad-y-desarrollo\/blog-solidarite-et-developpement\/\">Solidarit\u00e9 et D\u00e9veloppement<\/a><\/strong> et sur un r\u00e9seau international d&rsquo;organisations lasalliennes \u00e0 but non lucratif qui, en accord avec les objectifs de d\u00e9veloppement durable des Nations unies, mettent en \u0153uvre des projets de solidarit\u00e9, de coop\u00e9ration au d\u00e9veloppement et de volontariat pour construire un monde plus \u00e9quitable.<\/p>\r\n\r\n\r\n\r\n<figure class=\"wp-block-image\"><img decoding=\"async\" class=\"aligncenter\" src=\"https:\/\/www.lasalle.org\/wp-content\/uploads\/2021\/01\/Infografica-tutti-i-loghi.jpg\" alt=\"Questa immagine ha l'attributo alt vuoto; il nome del file \u00e8 Infografica-tutti-i-loghi.jpg\" \/><\/figure>\r\n\r\n\r\n\r\n<div class=\"wp-block-image\">\r\n<figure class=\"alignleft is-resized\"><img decoding=\"async\" src=\"https:\/\/www.lasalle.org\/wp-content\/uploads\/2021\/01\/256.jpg\" alt=\"Questa immagine ha l'attributo alt vuoto; il nome del file \u00e8 256.jpg\" width=\"258\" height=\"194\" \/><\/figure>\r\n<\/div>\r\n\r\n\r\n\r\n<p>L&rsquo;activit\u00e9 \u00e9ducative de la Mission Lasallienne est men\u00e9e dans diff\u00e9rents secteurs sociaux. L&rsquo;Institut s\u2019est toujours engag\u00e9 dans l&rsquo;\u00e9ducation aux droits de l\u2019enfant.<\/p>\r\n\r\n\r\n\r\n<p>L&rsquo;ann\u00e9e de l&rsquo;alphab\u00e9tisation internationale (1990), l&rsquo;UNESCO a d\u00e9cern\u00e9 le prix NOMA aux institutions lasalliennes. Il existe une collaboration avec le projet inter-congr\u00e9gations <strong>\u00ab\u00a0<a href=\"http:\/\/www.solidarityssudan.org\/en\/home\" target=\"_blank\" rel=\"noreferrer noopener\">Solidarit\u00e9 avec le Soudan du Sud<\/a>\u00ab\u00a0<\/strong> de l&rsquo;<strong>Union des Sup\u00e9rieurs g\u00e9n\u00e9raux<\/strong> ; l&rsquo;Institut est \u00e9galement parmi les membres fondateurs du <a href=\"https:\/\/bice.org\/\" target=\"_blank\" rel=\"noreferrer noopener\">BICE<\/a> (Bureau International Catholique de l&rsquo;Enfance).<\/p>\r\n","protected":false},"excerpt":{"rendered":"<p>&nbsp; Les trois si\u00e8cles nous s\u00e9parant de la naissance de  [&#8230;]<\/p>\n","protected":false},"author":9,"featured_media":0,"parent":0,"menu_order":0,"comment_status":"closed","ping_status":"closed","template":"","meta":{"_tec_requires_first_save":true,"_monsterinsights_skip_tracking":false,"_monsterinsights_sitenote_active":false,"_monsterinsights_sitenote_note":"","_monsterinsights_sitenote_category":0,"_EventAllDay":false,"_EventTimezone":"","_EventStartDate":"","_EventEndDate":"","_EventStartDateUTC":"","_EventEndDateUTC":"","_EventShowMap":false,"_EventShowMapLink":false,"_EventURL":"","_EventCost":"","_EventCostDescription":"","_EventCurrencySymbol":"","_EventCurrencyCode":"","_EventCurrencyPosition":"","_EventDateTimeSeparator":"","_EventTimeRangeSeparator":"","_EventOrganizerID":[],"_EventVenueID":[],"_OrganizerEmail":"","_OrganizerPhone":"","_OrganizerWebsite":"","_VenueAddress":"","_VenueCity":"","_VenueCountry":"","_VenueProvince":"","_VenueState":"","_VenueZip":"","_VenuePhone":"","_VenueURL":"","_VenueStateProvince":"","_VenueLat":"","_VenueLng":"","_VenueShowMap":false,"_VenueShowMapLink":false,"_tribe_blocks_recurrence_rules":"","_tribe_blocks_recurrence_description":"","_tribe_blocks_recurrence_exclusions":"","footnotes":""},"class_list":["post-75462","page","type-page","status-publish","hentry"],"_links":{"self":[{"href":"https:\/\/www.lasalle.org\/fr\/wp-json\/wp\/v2\/pages\/75462","targetHints":{"allow":["GET"]}}],"collection":[{"href":"https:\/\/www.lasalle.org\/fr\/wp-json\/wp\/v2\/pages"}],"about":[{"href":"https:\/\/www.lasalle.org\/fr\/wp-json\/wp\/v2\/types\/page"}],"author":[{"embeddable":true,"href":"https:\/\/www.lasalle.org\/fr\/wp-json\/wp\/v2\/users\/9"}],"replies":[{"embeddable":true,"href":"https:\/\/www.lasalle.org\/fr\/wp-json\/wp\/v2\/comments?post=75462"}],"version-history":[{"count":5,"href":"https:\/\/www.lasalle.org\/fr\/wp-json\/wp\/v2\/pages\/75462\/revisions"}],"predecessor-version":[{"id":83976,"href":"https:\/\/www.lasalle.org\/fr\/wp-json\/wp\/v2\/pages\/75462\/revisions\/83976"}],"wp:attachment":[{"href":"https:\/\/www.lasalle.org\/fr\/wp-json\/wp\/v2\/media?parent=75462"}],"curies":[{"name":"wp","href":"https:\/\/api.w.org\/{rel}","templated":true}]}}