{"id":79140,"date":"2021-07-15T09:55:32","date_gmt":"2021-07-15T08:55:32","guid":{"rendered":"https:\/\/www.lasalle.org\/?page_id=79140"},"modified":"2021-07-19T13:09:49","modified_gmt":"2021-07-19T12:09:49","slug":"les-martyrs-despagne","status":"publish","type":"page","link":"https:\/\/www.lasalle.org\/fr\/saintete-lasallienne\/les-martyrs-despagne\/","title":{"rendered":"LES MARTYRS D&rsquo;ESPAGNE"},"content":{"rendered":"\n<p><\/p>\n\n\n\n<p>La IIe R\u00e9publique espagnole, proclam\u00e9e le 14 avril 1931, est n\u00e9e dans un climat de grande agitation politique, impr\u00e9gn\u00e9 d&rsquo;un fort anticl\u00e9ricalisme. Un mois apr\u00e8s cette date, de nombreuses \u00e9glises ont \u00e9t\u00e9 incendi\u00e9es \u00e0 Madrid, Valence, Malaga et dans d&rsquo;autres villes, sans que le gouvernement ne fasse quoi que ce soit pour les emp\u00eacher ou pour trouver les responsables et les traduire en justice conform\u00e9ment \u00e0 la loi. L&rsquo;\u00c9glise, pour sa part, pour le bien de l&rsquo;Espagne, avait accueilli la R\u00e9publique dans un esprit de collaboration, m\u00eame si elle ne pouvait pas s&rsquo;enthousiasmer pour elle. Telles \u00e9taient les instructions que le pape Pie XI et les \u00e9v\u00eaques avaient donn\u00e9es aux catholiques. Et pourtant, les lois sectaires s&rsquo;amplifiaient de jour en jour.<\/p>\n\n\n\n<p>Dans ce contexte, la Compagnie de J\u00e9sus a \u00e9t\u00e9 supprim\u00e9e et ses membres expuls\u00e9s. Pendant la r\u00e9volution communiste dans les Asturies (octobre 1934), de nombreux pr\u00eatres et religieux ont vers\u00e9 leur sang, parmi eux nos Fr\u00e8res de Tur\u00f3n.<\/p>\n\n\n\n<p>Au cours des six premiers mois de 1936, apr\u00e8s le triomphe du Front populaire form\u00e9 par les socialistes, les communistes et d&rsquo;autres groupes radicaux, des attaques encore plus importantes ont lieu, avec de nouveaux incendies d&rsquo;\u00e9glises, la d\u00e9molition de croix, l&rsquo;expulsion de cur\u00e9s, l&rsquo;interdiction de fun\u00e9railles et de processions et des menaces de violences encore plus graves, qui se produisent r\u00e9guli\u00e8rement apr\u00e8s le 18 juillet 1936. \u00c0 partir de cette date, la plus grande pers\u00e9cution religieuse depuis l&rsquo;Empire romain \u00e9clate dans la zone r\u00e9publicaine, plus grande encore que celle de la R\u00e9volution fran\u00e7aise : l&rsquo;Espagne devient une terre de martyrs.<\/p>\n\n\n\n<p>Le t\u00e9moignage le plus \u00e9loquent de cette pers\u00e9cution a \u00e9t\u00e9 donn\u00e9 par Manuel de Irujo, un Basque nomm\u00e9 ministre du gouvernement r\u00e9publicain. Lors d&rsquo;une r\u00e9union du gouvernement qui s&rsquo;est tenue \u00e0 Valence (\u00e0 l&rsquo;\u00e9poque capitale de la R\u00e9publique) au d\u00e9but de 1937, il a pr\u00e9sent\u00e9 le <em>M\u00e9morandum<\/em> suivant:<\/p>\n\n\n\n<p><em>\u00ab\u00a0La situation de fait de l&rsquo;Eglise, au mois de juillet dernier, dans tout le territoire loyal [au gouvernement], \u00e0 l&rsquo;exception du Pays Basque, est la suivante :<\/em><\/p>\n\n\n\n<p><em>(a) Tous les autels, images et objets de culte, \u00e0 de tr\u00e8s rares exceptions pr\u00e8s, ont \u00e9t\u00e9 d\u00e9truits, et la plupart d&rsquo;entre eux ont \u00e9t\u00e9 vilipend\u00e9s.<\/em><\/p>\n\n\n\n<p><em>(b) Toutes les \u00e9glises ont \u00e9t\u00e9 ferm\u00e9es au culte, et celui-ci a \u00e9t\u00e9 totalement et absolument suspendu.<\/em><\/p>\n\n\n\n<p><em>(c) Une grande partie des \u00e9glises, en Catalogne, ont \u00e9t\u00e9 br\u00fbl\u00e9es.<\/em><\/p>\n\n\n\n<p><em>d) Des institutions et des organismes officiels ont re\u00e7u des cloches, des calices, des ciboires, des cand\u00e9labres et d&rsquo;autres objets de culte, les ont fondus et le produit de la fonte a \u00e9t\u00e9 utilis\u00e9 \u00e0 des fins de guerre ou industrielles.<\/em><\/p>\n\n\n\n<p><em>(e) Des d\u00e9p\u00f4ts de toutes sortes ont \u00e9t\u00e9 \u00e9tablis dans les \u00e9glises : magasins, garages, \u00e9curies, casernes, abris, et autres usages divers.<\/em><\/p>\n\n\n\n<p><em>(f) Tous les couvents ont \u00e9t\u00e9 vid\u00e9s et la vie religieuse y a \u00e9t\u00e9 suspendue. Des b\u00e2timents, des objets de culte et des biens de toutes sortes ont \u00e9t\u00e9 br\u00fbl\u00e9s, pill\u00e9s, occup\u00e9s et d\u00e9molis.<\/em><\/p>\n\n\n\n<p><em>g) Des pr\u00eatres et des religieux ont \u00e9t\u00e9 plac\u00e9s en d\u00e9tention, emprisonn\u00e9s et fusill\u00e9s, et pour des milliers d&rsquo;entre eux sans aucune cause connue, faits qui, bien qu&rsquo;en diminution, continuent \u00e0 se produire non seulement dans la population rurale, o\u00f9 ils ont \u00e9t\u00e9 chass\u00e9s et sauvagement mis \u00e0 mort, mais aussi dans les villes. \u00c0 Madrid, Barcelone et dans les autres grandes villes, des centaines de personnes sont arr\u00eat\u00e9es dans des prisons sans autre cause connue que le fait qu&rsquo;elles soient pr\u00eatres ou religieuses.<\/em><\/p>\n\n\n\n<p><em>h) Il a \u00e9t\u00e9 rendu absolument interdit de conserver des images et des objets religieux en priv\u00e9. La police qui effectue des perquisitions, fouille les maisons, l&rsquo;intimit\u00e9 personnelle ou familiale, d\u00e9truit violemment les images, les gravures, les livres religieux et tout ce qui se rapporte ou \u00e9voque le culte\u00a0\u00bb.<\/em><\/p>\n\n\n\n<p>Le 1er avril 1939, la pers\u00e9cution religieuse et la guerre civile qui l&rsquo;avait suivie ont pris fin. \u00c0 la fin de la pers\u00e9cution, le nombre de martyrs s&rsquo;\u00e9l\u00e8ve \u00e0 pr\u00e8s de dix mille : \u00e9v\u00eaques, pr\u00eatres dioc\u00e9sains, s\u00e9minaristes, religieux et religieuses et plusieurs milliers de la\u00efcs des deux sexes, militants de l&rsquo;Action catholique et d&rsquo;autres associations apostoliques, dont il est toutefois impossible de pr\u00e9ciser le nombre d\u00e9finitif.<\/p>\n\n\n\n<p>Apr\u00e8s quelques ann\u00e9es, les processus canoniques dioc\u00e9sains ont commenc\u00e9. Ceux qui comprenaient nos Fr\u00e8res ont \u00e9t\u00e9 11.<\/p>\n\n\n\n<hr class=\"wp-block-separator\"\/>\n\n\n\n<div class=\"wp-block-file\"><a href=\"https:\/\/www.lasalle.org\/wp-content\/uploads\/2021\/07\/MARTYRS-DESPAGNE-Francais.pdf\" target=\"_blank\" rel=\"noreferrer noopener\">MARTYRS D&rsquo;ESPAGNE<\/a><a href=\"https:\/\/www.lasalle.org\/wp-content\/uploads\/2021\/07\/MARTYRS-DESPAGNE-Francais.pdf\" class=\"fusion-button-default fusion-button-default-size wp-block-file__button\" download>T\u00e9l\u00e9charger<\/a><\/div>\n\n\n\n<hr class=\"wp-block-separator\"\/>\n\n\n\n<div class=\"wp-block-image\"><figure class=\"aligncenter size-large\"><img decoding=\"async\" width=\"575\" height=\"800\" src=\"https:\/\/www.lasalle.org\/wp-content\/uploads\/2021\/07\/SPAGNA-FRANCESE_0002-001.jpg\" alt=\"\" class=\"wp-image-79143\" srcset=\"https:\/\/www.lasalle.org\/wp-content\/uploads\/2021\/07\/SPAGNA-FRANCESE_0002-001-216x300.jpg 216w, https:\/\/www.lasalle.org\/wp-content\/uploads\/2021\/07\/SPAGNA-FRANCESE_0002-001.jpg 575w\" sizes=\"(max-width: 575px) 100vw, 575px\" \/><\/figure><\/div>\n\n\n\n<div class=\"wp-block-image\"><figure class=\"aligncenter size-large\"><img decoding=\"async\" width=\"576\" height=\"800\" src=\"https:\/\/www.lasalle.org\/wp-content\/uploads\/2021\/07\/SPAGNA-FRANCESE_0003-001.jpg\" alt=\"\" class=\"wp-image-79147\" srcset=\"https:\/\/www.lasalle.org\/wp-content\/uploads\/2021\/07\/SPAGNA-FRANCESE_0003-001-216x300.jpg 216w, https:\/\/www.lasalle.org\/wp-content\/uploads\/2021\/07\/SPAGNA-FRANCESE_0003-001.jpg 576w\" sizes=\"(max-width: 576px) 100vw, 576px\" \/><\/figure><\/div>\n\n\n\n<div class=\"wp-block-image\"><figure class=\"aligncenter size-large\"><img decoding=\"async\" width=\"580\" height=\"800\" src=\"https:\/\/www.lasalle.org\/wp-content\/uploads\/2021\/07\/SPAGNA-FRANCESE_0004-001.jpg\" alt=\"\" class=\"wp-image-79151\" srcset=\"https:\/\/www.lasalle.org\/wp-content\/uploads\/2021\/07\/SPAGNA-FRANCESE_0004-001-218x300.jpg 218w, https:\/\/www.lasalle.org\/wp-content\/uploads\/2021\/07\/SPAGNA-FRANCESE_0004-001.jpg 580w\" sizes=\"(max-width: 580px) 100vw, 580px\" \/><\/figure><\/div>\n\n\n\n<div class=\"wp-block-image\"><figure class=\"aligncenter size-large\"><img decoding=\"async\" width=\"585\" height=\"800\" src=\"https:\/\/www.lasalle.org\/wp-content\/uploads\/2021\/07\/SPAGNA-FRANCESE_0005-001.jpg\" alt=\"\" class=\"wp-image-79155\" srcset=\"https:\/\/www.lasalle.org\/wp-content\/uploads\/2021\/07\/SPAGNA-FRANCESE_0005-001-219x300.jpg 219w, https:\/\/www.lasalle.org\/wp-content\/uploads\/2021\/07\/SPAGNA-FRANCESE_0005-001.jpg 585w\" sizes=\"(max-width: 585px) 100vw, 585px\" \/><\/figure><\/div>\n\n\n\n<div class=\"wp-block-image\"><figure class=\"aligncenter size-large\"><img decoding=\"async\" width=\"549\" height=\"800\" src=\"https:\/\/www.lasalle.org\/wp-content\/uploads\/2021\/07\/SPAGNA-FRANCESE_0006-001.jpg\" alt=\"\" class=\"wp-image-79159\" srcset=\"https:\/\/www.lasalle.org\/wp-content\/uploads\/2021\/07\/SPAGNA-FRANCESE_0006-001-206x300.jpg 206w, https:\/\/www.lasalle.org\/wp-content\/uploads\/2021\/07\/SPAGNA-FRANCESE_0006-001.jpg 549w\" sizes=\"(max-width: 549px) 100vw, 549px\" \/><\/figure><\/div>\n","protected":false},"excerpt":{"rendered":"<p>La IIe R\u00e9publique espagnole, proclam\u00e9e le 14 avril 1931, est  [&#8230;]<\/p>\n","protected":false},"author":9,"featured_media":78603,"parent":10536,"menu_order":0,"comment_status":"closed","ping_status":"closed","template":"","meta":{"_tec_requires_first_save":true,"_monsterinsights_skip_tracking":false,"_monsterinsights_sitenote_active":false,"_monsterinsights_sitenote_note":"","_monsterinsights_sitenote_category":0,"_EventAllDay":false,"_EventTimezone":"","_EventStartDate":"","_EventEndDate":"","_EventStartDateUTC":"","_EventEndDateUTC":"","_EventShowMap":false,"_EventShowMapLink":false,"_EventURL":"","_EventCost":"","_EventCostDescription":"","_EventCurrencySymbol":"","_EventCurrencyCode":"","_EventCurrencyPosition":"","_EventDateTimeSeparator":"","_EventTimeRangeSeparator":"","_EventOrganizerID":[],"_EventVenueID":[],"_OrganizerEmail":"","_OrganizerPhone":"","_OrganizerWebsite":"","_VenueAddress":"","_VenueCity":"","_VenueCountry":"","_VenueProvince":"","_VenueState":"","_VenueZip":"","_VenuePhone":"","_VenueURL":"","_VenueStateProvince":"","_VenueLat":"","_VenueLng":"","_VenueShowMap":false,"_VenueShowMapLink":false,"_tribe_blocks_recurrence_rules":"","_tribe_blocks_recurrence_description":"","_tribe_blocks_recurrence_exclusions":"","footnotes":""},"class_list":["post-79140","page","type-page","status-publish","has-post-thumbnail","hentry"],"_links":{"self":[{"href":"https:\/\/www.lasalle.org\/fr\/wp-json\/wp\/v2\/pages\/79140","targetHints":{"allow":["GET"]}}],"collection":[{"href":"https:\/\/www.lasalle.org\/fr\/wp-json\/wp\/v2\/pages"}],"about":[{"href":"https:\/\/www.lasalle.org\/fr\/wp-json\/wp\/v2\/types\/page"}],"author":[{"embeddable":true,"href":"https:\/\/www.lasalle.org\/fr\/wp-json\/wp\/v2\/users\/9"}],"replies":[{"embeddable":true,"href":"https:\/\/www.lasalle.org\/fr\/wp-json\/wp\/v2\/comments?post=79140"}],"version-history":[{"count":4,"href":"https:\/\/www.lasalle.org\/fr\/wp-json\/wp\/v2\/pages\/79140\/revisions"}],"predecessor-version":[{"id":79378,"href":"https:\/\/www.lasalle.org\/fr\/wp-json\/wp\/v2\/pages\/79140\/revisions\/79378"}],"up":[{"embeddable":true,"href":"https:\/\/www.lasalle.org\/fr\/wp-json\/wp\/v2\/pages\/10536"}],"wp:featuredmedia":[{"embeddable":true,"href":"https:\/\/www.lasalle.org\/fr\/wp-json\/wp\/v2\/media\/78603"}],"wp:attachment":[{"href":"https:\/\/www.lasalle.org\/fr\/wp-json\/wp\/v2\/media?parent=79140"}],"curies":[{"name":"wp","href":"https:\/\/api.w.org\/{rel}","templated":true}]}}