{"id":79316,"date":"2021-07-19T10:38:24","date_gmt":"2021-07-19T09:38:24","guid":{"rendered":"https:\/\/www.lasalle.org\/?page_id=79316"},"modified":"2025-07-28T10:21:11","modified_gmt":"2025-07-28T08:21:11","slug":"bienheureux-freres-martyrs-de-barcelone","status":"publish","type":"page","link":"https:\/\/www.lasalle.org\/fr\/saintete-lasallienne\/bienheureux-freres-martyrs-de-barcelone\/","title":{"rendered":"Bienheureux Fr\u00e8res Martyrs de Barcelone"},"content":{"rendered":"<div class=\"fusion-fullwidth fullwidth-box fusion-builder-row-1 fusion-flex-container has-pattern-background has-mask-background nonhundred-percent-fullwidth non-hundred-percent-height-scrolling\" style=\"--awb-border-radius-top-left:0px;--awb-border-radius-top-right:0px;--awb-border-radius-bottom-right:0px;--awb-border-radius-bottom-left:0px;--awb-flex-wrap:wrap;\" ><div class=\"fusion-builder-row fusion-row fusion-flex-align-items-flex-start fusion-flex-content-wrap\" style=\"max-width:1248px;margin-left: calc(-4% \/ 2 );margin-right: calc(-4% \/ 2 );\"><div class=\"fusion-layout-column fusion_builder_column fusion-builder-column-0 fusion_builder_column_3_4 3_4 fusion-flex-column\" style=\"--awb-bg-size:cover;--awb-width-large:75%;--awb-margin-top-large:0px;--awb-spacing-right-large:2.56%;--awb-margin-bottom-large:20px;--awb-spacing-left-large:2.56%;--awb-width-medium:75%;--awb-order-medium:0;--awb-spacing-right-medium:2.56%;--awb-spacing-left-medium:2.56%;--awb-width-small:100%;--awb-order-small:0;--awb-spacing-right-small:1.92%;--awb-spacing-left-small:1.92%;\"><div class=\"fusion-column-wrapper fusion-column-has-shadow fusion-flex-justify-content-flex-start fusion-content-layout-column\"><div class=\"fusion-title title fusion-title-1 sep-underline sep-solid fusion-title-text fusion-title-size-two\" style=\"--awb-text-color:var(--awb-custom17);--awb-sep-color:var(--awb-custom17);--awb-font-size:22px;\"><h2 class=\"fusion-title-heading title-heading-left\" style=\"margin:0;font-size:1em;\">Bienheureux Fr\u00e8res Martyrs de Barcelone<\/h2><\/div><div class=\"fusion-text fusion-text-1\"><p><img decoding=\"async\" class=\"alignright size-medium wp-image-112280\" src=\"https:\/\/www.lasalle.org\/wp-content\/uploads\/2025\/06\/mart_bacerlona-216x300.jpg\" alt=\"\" width=\"216\" height=\"300\" srcset=\"https:\/\/www.lasalle.org\/wp-content\/uploads\/2025\/06\/mart_bacerlona-200x278.jpg 200w, https:\/\/www.lasalle.org\/wp-content\/uploads\/2025\/06\/mart_bacerlona-216x300.jpg 216w, https:\/\/www.lasalle.org\/wp-content\/uploads\/2025\/06\/mart_bacerlona-400x557.jpg 400w, https:\/\/www.lasalle.org\/wp-content\/uploads\/2025\/06\/mart_bacerlona.jpg 600w\" sizes=\"(max-width: 216px) 100vw, 216px\" \/>CAUSA\u00a0:<em> Lucas a Sancto Joseph, Leonardus Joseph <\/em><em>et LXII Socii et Sociae<\/em><\/p>\n<p><!-- \/wp:post-content --><\/p>\n<p><!-- wp:paragraph --><\/p>\n<p><em>La Cause groupe 64 Martyrs : <strong>44 Fr\u00e8res des Ecoles Chr\u00e9tiennes<\/strong>, 14 carm\u00e9lites d\u00e9chauss\u00e9es, 1 carm\u00e9lite de la Charit\u00e9, 4 carm\u00e9lites missionnaires et 1 s\u00e9minariste.<\/em><\/p>\n<p><!-- \/wp:paragraph --><\/p>\n<p><!-- wp:paragraph --><\/p>\n<p>En 1936, il y avait 32 institutions lasalliennes en Catalogne. Au fur et \u00e0 mesure de la pers\u00e9cution, ils ont d\u00fb \u00eatre abandonn\u00e9s, et beaucoup ont \u00e9t\u00e9 pill\u00e9s et certains ont \u00e9t\u00e9 br\u00fbl\u00e9s. Le sort des Fr\u00e8res est encore plus douloureux : 26 communaut\u00e9s ont vu des Fr\u00e8res tu\u00e9s et dans un cas, la communaut\u00e9 enti\u00e8re a \u00e9t\u00e9 tu\u00e9e.\u00a0<\/p>\n<p><!-- \/wp:paragraph --><\/p>\n<p><!-- wp:paragraph --><\/p>\n<p>En juillet, lorsque la pers\u00e9cution est devenue plus violente, le Fr\u00e8re Leonard Jos\u00e9, Visiteur, et le Fr\u00e8re Dionisio Luis, Directeur du Coll\u00e8ge Bonanova, se trouvaient dans un monast\u00e8re de Cerda\u00f1a, pour pr\u00e9parer les quatre retraites du District, qui devaient commencer quelques jours plus tard. Le 17, ils ont quitt\u00e9 le monast\u00e8re pour se rendre \u00e0 l&rsquo;\u00e9cole de La Seo de Urgel, car le lendemain, ils voulaient participer au p\u00e8lerinage de l&rsquo;\u00e9cole au sanctuaire de la Vierge de Maritxell en Andorre. \u00c0 La Seo, ils ont appris les tristes nouvelles qui arrivaient de Barcelone et d&rsquo;autres endroits en Catalogne. Ils ont essay\u00e9 de retourner imm\u00e9diatement \u00e0 Barcelone pour \u00eatre pr\u00e8s des Fr\u00e8res et des jeunes \u00e9tudiants, mais la communication \u00e9tait impossible. Ils ont pens\u00e9 aller \u00e0 Toulouse et revenir \u00e0 Barcelone par avion. Mais m\u00eame cela n&rsquo;\u00e9tait pas possible. Les deux hommes ont trouv\u00e9 un logement le 22 juillet \u00e0 l&rsquo;h\u00f4tel Cadi, dont le propri\u00e9taire, Jaime Sam\u00e1, \u00e9tait un fervent catholique.<\/p>\n<p><!-- \/wp:paragraph --><\/p>\n<p><!-- wp:paragraph --><\/p>\n<p>Le 7 ao\u00fbt, cependant, ils ont tous deux \u00e9t\u00e9 arr\u00eat\u00e9s et fusill\u00e9s le jour suivant. Les habitants de Traverseras ont enterr\u00e9 les corps, qui ont ensuite \u00e9t\u00e9 exhum\u00e9s. Aujourd&rsquo;hui, ils reposent \u00e0 San Martin de Sasgayolas. Le m\u00eame sort a \u00e9t\u00e9 r\u00e9serv\u00e9 \u00e0 95 autres Fr\u00e8res du District, dont le plus jeune n&rsquo;avait pas encore 20 ans et le plus \u00e2g\u00e9 60 ans.<\/p>\n<p><!-- \/wp:paragraph --><\/p>\n<p><!-- wp:paragraph --><\/p>\n<p>Dans le proc\u00e8s canonique du dioc\u00e8se de Barcelone sont inclus 44 de ces Fr\u00e8res :<\/p>\n<\/div><div class=\"fusion-builder-row fusion-builder-row-inner fusion-row fusion-flex-align-items-flex-start fusion-flex-content-wrap\" style=\"width:104% !important;max-width:104% !important;margin-left: calc(-4% \/ 2 );margin-right: calc(-4% \/ 2 );\"><div class=\"fusion-layout-column fusion_builder_column_inner fusion-builder-nested-column-0 fusion_builder_column_inner_1_3 1_3 fusion-flex-column\" style=\"--awb-bg-size:cover;--awb-width-large:33.333333333333%;--awb-margin-top-large:0px;--awb-spacing-right-large:5.76%;--awb-margin-bottom-large:20px;--awb-spacing-left-large:5.76%;--awb-width-medium:33.333333333333%;--awb-order-medium:0;--awb-spacing-right-medium:5.76%;--awb-spacing-left-medium:5.76%;--awb-width-small:100%;--awb-order-small:0;--awb-spacing-right-small:1.92%;--awb-spacing-left-small:1.92%;\"><div class=\"fusion-column-wrapper fusion-column-has-shadow fusion-flex-justify-content-flex-start fusion-content-layout-column\"><div class=\"fusion-text fusion-text-2\" style=\"--awb-font-size:16px;\"><p><strong>Fr. Leonardo Jos\u00e9<\/strong>\u00a0 <br \/>(Jos\u00e9 Mar\u00eda Aragon\u00e9s Mateu) ans 50<\/p>\n<p><strong>Fr. Adolfo Jaime<\/strong><br \/>(Antonio Serra Hortal) ans 56<\/p>\n<p><strong>Fr. Adolfo Mariano<\/strong>\u00a0<br \/>(Mariano Anel Andreu) ans 26<\/p>\n<p><strong>Fr. Agapio<\/strong>\u00a0<br \/>(Jos\u00e9 Luis Carrera Comas) ans 55<\/p>\n<p><strong>Hno. Arnoldo Juli\u00e1n<\/strong>\u00a0<br \/>(Jes\u00fas Ju\u00e1n Otero) ans 34<\/p>\n<p><strong>Fr. Benedicto Jos\u00e9<\/strong>\u00a0<br \/>(Jos\u00e9 Bardalet Compte) ans 33<\/p>\n<p><strong>Fr. Benito Clemente<\/strong>\u00a0<br \/>(F\u00e9lix Espa\u00f1a Ortiz) ans 47<\/p>\n<p><strong>Fr. Candido Alberto<\/strong>\u00a0<br \/>(Jos\u00e9 Ruiz De La Torre) ans 30<\/p>\n<p><strong>Fr. Cayetano Jose<\/strong>\u00a0<br \/>(Ram\u00f3n Palos Gasc\u00f3n) ans 51<\/p>\n<p><strong>Fr. Celestino Antonio<\/strong>\u00a0<br \/>(Ismael Barrio Marquilla) ans 25<\/p>\n<p><strong>Fr. Cirilo Pedro<\/strong>\u00a0<br \/>(Cecilio Manrique Arnaiz) ans 27<\/p>\n<p><strong>Fr. Crisostomo<\/strong>\u00a0<br \/>(Jos\u00e9 Llorach Breto) ans 55<\/p>\n<p><strong>Fr. Dionisio Luis<\/strong>\u00a0 <br \/>(Mateo Molinos Coloma) ans 46<\/p>\n<p><strong>Fr. Edmundo Angel<\/strong>\u00a0<br \/>(Pedro Mass\u00f3 Llagostera) ans 39<\/p>\n<p><strong>Fr. Eliseo Vicente<\/strong>\u00a0<br \/>(Vicente Alberich Lluch) ans 30<\/p>\n<\/div><\/div><\/div><div class=\"fusion-layout-column fusion_builder_column_inner fusion-builder-nested-column-1 fusion_builder_column_inner_1_3 1_3 fusion-flex-column\" style=\"--awb-bg-size:cover;--awb-width-large:33.333333333333%;--awb-margin-top-large:0px;--awb-spacing-right-large:5.76%;--awb-margin-bottom-large:20px;--awb-spacing-left-large:5.76%;--awb-width-medium:33.333333333333%;--awb-order-medium:0;--awb-spacing-right-medium:5.76%;--awb-spacing-left-medium:5.76%;--awb-width-small:100%;--awb-order-small:0;--awb-spacing-right-small:1.92%;--awb-spacing-left-small:1.92%;\"><div class=\"fusion-column-wrapper fusion-column-has-shadow fusion-flex-justify-content-flex-start fusion-content-layout-column\"><div class=\"fusion-text fusion-text-3\" style=\"--awb-font-size:16px;\"><p><strong>Fr. Emerio Jos\u00e9\u00a0<\/strong><br \/>(Jos\u00e9 Plana Rebugent) ans 36<\/p>\n<p><strong>Fr. Esiquio Jos\u00e9\u00a0<\/strong><br \/>(Baldomero Margenat Puigmitja) ans 39<\/p>\n<p><strong>Fr. Eusebio Andr\u00e9s\u00a0<\/strong><br \/>(Eusebio Rold\u00e1n Vielva) ans 41<\/p>\n<p><strong>Fr. F\u00e9lix Jos\u00e9\u00a0<\/strong><br \/>(Jos\u00e9 Trilla Lastra) ans 29<\/p>\n<p><strong>Fr. Florencio Miguel\u00a0<\/strong><br \/>(Ruperto Garc\u00eda Arce) ans 28<\/p>\n<p><strong>Fr. Francisco Alfredo\u00a0<\/strong><br \/>(Francisco Mallo S\u00e1nchez) ans 20<\/p>\n<p><strong>Fr. Francisco Mag\u00edn<\/strong><br \/>(Antonio Tost Llaber\u00eda) ans 21<\/p>\n<p><strong>Fr. Hilari\u00f3n Eugenio\u00a0<\/strong><br \/>(Eugenio Cuesta Padierna) ans 24<\/p>\n<p><strong>Fr. Honesto Mar\u00eda\u00a0<\/strong><br \/>(Francisco Pujol Espinalt) ans 42<\/p>\n<p><strong>Fr. Honorato Alfredo\u00a0<\/strong><br \/>(Agust\u00edn Pedro Calvo) ans 23<\/p>\n<p><strong>Fr. Hugo Juli\u00e1n\u00a0<\/strong><br \/>(Juli\u00e1n Delgado D\u00edez) ans 31<\/p>\n<p><strong>Fr. Ildefonso Luis\u00a0<\/strong><br \/>(Jos\u00e9 Casas Lluch) ans 50<\/p>\n<p><strong>Fr. Indalecio De Maria\u00a0<\/strong><br \/>(Marcos Mor\u00f3n Casas) ans 37<\/p>\n<p><strong>Fr. Jacob Samuel\u00a0<\/strong><br \/>(Joseph Henri Chamayou Aucles) ans 52<\/p>\n<\/div><\/div><\/div><div class=\"fusion-layout-column fusion_builder_column_inner fusion-builder-nested-column-2 fusion_builder_column_inner_1_3 1_3 fusion-flex-column\" style=\"--awb-bg-size:cover;--awb-width-large:33.333333333333%;--awb-margin-top-large:0px;--awb-spacing-right-large:5.76%;--awb-margin-bottom-large:20px;--awb-spacing-left-large:5.76%;--awb-width-medium:33.333333333333%;--awb-order-medium:0;--awb-spacing-right-medium:5.76%;--awb-spacing-left-medium:5.76%;--awb-width-small:100%;--awb-order-small:0;--awb-spacing-right-small:1.92%;--awb-spacing-left-small:1.92%;\"><div class=\"fusion-column-wrapper fusion-column-has-shadow fusion-flex-justify-content-flex-start fusion-content-layout-column\"><div class=\"fusion-text fusion-text-4\" style=\"--awb-font-size:16px;\"><p><strong>Fr. Jaime Bertino\u00a0<\/strong><br \/>(Antonio Jaume Secases) ans 31<\/p>\n<p><strong>Fr. Jos\u00e9 Benito<\/strong><br \/>(Jos\u00e9 M\u00e1s Pujolr\u00e1s) ans 23<\/p>\n<p><strong>Fr. Lamberto Carlos\u00a0<\/strong><br \/>(Jaume Mases Boncompte) ans 42<\/p>\n<p><strong>Fr. Leonides\u00a0<\/strong><br \/>(Francisco Colom Gonz\u00e1lez) ans 49<\/p>\n<p><strong>Fr. Le\u00f3n Justino\u00a0<\/strong><br \/>(Francisco Del Valle Villar) ans 30<\/p>\n<p><strong>Fr. Lorenzo Gabriel\u00a0<\/strong><br \/>(Jos\u00e9 Figuera Rey) ans 24<\/p>\n<p><strong>Fr. Louis de J\u00e9sus\u00a0<\/strong><br \/>(Joseph-Louis Marcou Pecalvel) ans 55<\/p>\n<p><strong>Fr. Mariano Le\u00f3n\u00a0<\/strong><br \/>(Santos L\u00f3pez Mart\u00ednez) ans 26<\/p>\n<p><strong>Fr. Miguel de Jesus\u00a0<\/strong><br \/>(Jaume Puigferrer Mora) ans 38<\/p>\n<p><strong>Fr. Olegario Angel<\/strong><br \/>(Eudaldo Rodas Saurina) ans 24<\/p>\n<p><strong>Fr. Onofre\u00a0<\/strong><br \/>(Salvio Tolosa Alsina) ans 56<\/p>\n<p><strong>Fr. Raimundo Eloy<\/strong><br \/>(Narciso Serra Rovira) ans 60<\/p>\n<p><strong>Fr. Valeriano Luis\u00a0<\/strong><br \/>(Nicol\u00e1s Alberich Lluch) ans 38<\/p>\n<p><strong>Fr. Vicente Justino\u00a0<\/strong><br \/>(Vicente Fern\u00e1ndez Castrillo) ans 24<\/p>\n<p><strong>Fr. Victorio\u00a0<\/strong><br \/>(Martin Angl\u00e9s Oliveras) ans 49<\/p>\n<\/div><\/div><\/div><\/div><div class=\"fusion-separator fusion-full-width-sep\" style=\"align-self: center;margin-left: auto;margin-right: auto;margin-top:15px;margin-bottom:15px;width:100%;\"><div class=\"fusion-separator-border sep-single sep-solid\" style=\"--awb-height:20px;--awb-amount:20px;--awb-sep-color:var(--awb-custom17);border-color:var(--awb-custom17);border-top-width:1px;\"><\/div><\/div><nav class=\"fusion-breadcrumbs fusion-breadcrumbs-1\" style=\"--awb-breadcrumb-sep:&#039;\/&#039;;\" aria-label=\"Breadcrumb\"><ol class=\"awb-breadcrumb-list\"><\/ol><\/nav><\/div><\/div><div class=\"fusion-layout-column fusion_builder_column fusion-builder-column-1 fusion_builder_column_1_4 1_4 fusion-flex-column\" style=\"--awb-bg-size:cover;--awb-width-large:25%;--awb-margin-top-large:0px;--awb-spacing-right-large:7.68%;--awb-margin-bottom-large:20px;--awb-spacing-left-large:7.68%;--awb-width-medium:25%;--awb-order-medium:0;--awb-spacing-right-medium:7.68%;--awb-spacing-left-medium:7.68%;--awb-width-small:100%;--awb-order-small:0;--awb-spacing-right-small:1.92%;--awb-spacing-left-small:1.92%;\"><div class=\"fusion-column-wrapper fusion-column-has-shadow fusion-flex-justify-content-flex-start fusion-content-layout-column\"><div class=\"fusion-title title fusion-title-2 sep-underline sep-solid fusion-title-text fusion-title-size-two\" style=\"--awb-text-color:var(--awb-custom17);--awb-sep-color:var(--awb-custom17);--awb-font-size:22px;\"><h2 class=\"fusion-title-heading title-heading-left\" style=\"margin:0;font-size:1em;\">Dates importantes<\/h2><\/div><ul style=\"--awb-line-height:27.2px;--awb-icon-width:27.2px;--awb-icon-height:27.2px;--awb-icon-margin:11.2px;--awb-content-margin:38.4px;--awb-circlecolor:var(--awb-custom17);--awb-circle-yes-font-size:14.08px;\" class=\"fusion-checklist fusion-checklist-1 fusion-checklist-default type-icons\"><li class=\"fusion-li-item\" style=\"\"><span class=\"icon-wrapper circle-yes\"><i class=\"fusion-li-icon fa-star-half far\" aria-hidden=\"true\"><\/i><\/span><div class=\"fusion-li-item-content\">\r\n<p><strong>F\u00eate liturgique : 6 novembre<\/strong><\/p>\r\n<\/div><\/li><li class=\"fusion-li-item\" style=\"\"><span class=\"icon-wrapper circle-yes\"><i class=\"fusion-li-icon fa-star-half far\" aria-hidden=\"true\"><\/i><\/span><div class=\"fusion-li-item-content\">\r\n<p>28\/10\/2007: B\u00e9atification (avec d\u2019autres pour un total de 498 martyrs)<\/p>\r\n<\/div><\/li><\/ul><div class=\"fusion-separator fusion-full-width-sep\" style=\"align-self: center;margin-left: auto;margin-right: auto;margin-top:15px;margin-bottom:15px;width:100%;\"><div class=\"fusion-separator-border sep-single sep-solid\" style=\"--awb-height:20px;--awb-amount:20px;--awb-sep-color:var(--awb-custom17);border-color:var(--awb-custom17);border-top-width:1px;\"><\/div><\/div><\/div><\/div><\/div><\/div>","protected":false},"excerpt":{"rendered":"","protected":false},"author":9,"featured_media":112274,"parent":10536,"menu_order":0,"comment_status":"closed","ping_status":"closed","template":"","meta":{"_tec_requires_first_save":true,"_monsterinsights_skip_tracking":false,"_monsterinsights_sitenote_active":false,"_monsterinsights_sitenote_note":"","_monsterinsights_sitenote_category":0,"_EventAllDay":false,"_EventTimezone":"","_EventStartDate":"","_EventEndDate":"","_EventStartDateUTC":"","_EventEndDateUTC":"","_EventShowMap":false,"_EventShowMapLink":false,"_EventURL":"","_EventCost":"","_EventCostDescription":"","_EventCurrencySymbol":"","_EventCurrencyCode":"","_EventCurrencyPosition":"","_EventDateTimeSeparator":"","_EventTimeRangeSeparator":"","_EventOrganizerID":[],"_EventVenueID":[],"_OrganizerEmail":"","_OrganizerPhone":"","_OrganizerWebsite":"","_VenueAddress":"","_VenueCity":"","_VenueCountry":"","_VenueProvince":"","_VenueState":"","_VenueZip":"","_VenuePhone":"","_VenueURL":"","_VenueStateProvince":"","_VenueLat":"","_VenueLng":"","_VenueShowMap":false,"_VenueShowMapLink":false,"_tribe_blocks_recurrence_rules":"","_tribe_blocks_recurrence_description":"","_tribe_blocks_recurrence_exclusions":"","footnotes":""},"class_list":["post-79316","page","type-page","status-publish","has-post-thumbnail","hentry"],"_links":{"self":[{"href":"https:\/\/www.lasalle.org\/fr\/wp-json\/wp\/v2\/pages\/79316","targetHints":{"allow":["GET"]}}],"collection":[{"href":"https:\/\/www.lasalle.org\/fr\/wp-json\/wp\/v2\/pages"}],"about":[{"href":"https:\/\/www.lasalle.org\/fr\/wp-json\/wp\/v2\/types\/page"}],"author":[{"embeddable":true,"href":"https:\/\/www.lasalle.org\/fr\/wp-json\/wp\/v2\/users\/9"}],"replies":[{"embeddable":true,"href":"https:\/\/www.lasalle.org\/fr\/wp-json\/wp\/v2\/comments?post=79316"}],"version-history":[{"count":5,"href":"https:\/\/www.lasalle.org\/fr\/wp-json\/wp\/v2\/pages\/79316\/revisions"}],"predecessor-version":[{"id":116583,"href":"https:\/\/www.lasalle.org\/fr\/wp-json\/wp\/v2\/pages\/79316\/revisions\/116583"}],"up":[{"embeddable":true,"href":"https:\/\/www.lasalle.org\/fr\/wp-json\/wp\/v2\/pages\/10536"}],"wp:featuredmedia":[{"embeddable":true,"href":"https:\/\/www.lasalle.org\/fr\/wp-json\/wp\/v2\/media\/112274"}],"wp:attachment":[{"href":"https:\/\/www.lasalle.org\/fr\/wp-json\/wp\/v2\/media?parent=79316"}],"curies":[{"name":"wp","href":"https:\/\/api.w.org\/{rel}","templated":true}]}}