{"id":79331,"date":"2021-07-19T10:48:04","date_gmt":"2021-07-19T09:48:04","guid":{"rendered":"https:\/\/www.lasalle.org\/?page_id=79331"},"modified":"2025-07-28T11:17:39","modified_gmt":"2025-07-28T09:17:39","slug":"bienheureux-freres-martyrs-de-cartagena","status":"publish","type":"page","link":"https:\/\/www.lasalle.org\/fr\/saintete-lasallienne\/bienheureux-freres-martyrs-de-cartagena\/","title":{"rendered":"Bienheureux Fr\u00e8res Martyrs de Cartagena"},"content":{"rendered":"<div class=\"fusion-fullwidth fullwidth-box fusion-builder-row-1 fusion-flex-container has-pattern-background has-mask-background nonhundred-percent-fullwidth non-hundred-percent-height-scrolling\" style=\"--awb-border-radius-top-left:0px;--awb-border-radius-top-right:0px;--awb-border-radius-bottom-right:0px;--awb-border-radius-bottom-left:0px;--awb-flex-wrap:wrap;\" ><div class=\"fusion-builder-row fusion-row fusion-flex-align-items-flex-start fusion-flex-content-wrap\" style=\"max-width:1248px;margin-left: calc(-4% \/ 2 );margin-right: calc(-4% \/ 2 );\"><div class=\"fusion-layout-column fusion_builder_column fusion-builder-column-0 fusion_builder_column_3_4 3_4 fusion-flex-column\" style=\"--awb-bg-size:cover;--awb-width-large:75%;--awb-margin-top-large:0px;--awb-spacing-right-large:2.56%;--awb-margin-bottom-large:20px;--awb-spacing-left-large:2.56%;--awb-width-medium:75%;--awb-order-medium:0;--awb-spacing-right-medium:2.56%;--awb-spacing-left-medium:2.56%;--awb-width-small:100%;--awb-order-small:0;--awb-spacing-right-small:1.92%;--awb-spacing-left-small:1.92%;\"><div class=\"fusion-column-wrapper fusion-column-has-shadow fusion-flex-justify-content-flex-start fusion-content-layout-column\"><div class=\"fusion-title title fusion-title-1 sep-underline sep-solid fusion-title-text fusion-title-size-two\" style=\"--awb-text-color:var(--awb-custom17);--awb-sep-color:var(--awb-custom17);--awb-font-size:22px;\"><h2 class=\"fusion-title-heading title-heading-left\" style=\"margin:0;font-size:1em;\">Bienheureux Fr\u00e8res Martyrs de Cartagena<\/h2><\/div><div class=\"fusion-text fusion-text-1\"><p>Causa <em>Ovidius Bertrandus <\/em><em>et IV Socii, necnon Joseph Maria C\u00e1novas Mart\u00ednez<\/em><\/p>\n<p><!-- \/wp:post-content --><\/p>\n<p><!-- wp:paragraph --><\/p>\n<p><em>La Cause groupe 6 Martyrs : <strong>5 FEC<\/strong> et 1 pr\u00eatre<\/em><\/p>\n<p><!-- \/wp:paragraph --><\/p>\n<p><!-- wp:paragraph --><\/p>\n<p>\u00c0 <strong>Lorca<\/strong>, une petite ville de La Mancha, les Fr\u00e8res des \u00e9coles chr\u00e9tiennes g\u00e9raient l'\u00e9cole primaire San Jos\u00e9. La communaut\u00e9 \u00e9tait compos\u00e9e de cinq Fr\u00e8res :<\/p>\n<p><!-- \/wp:paragraph --><\/p>\n<p><!-- wp:list  --><\/p>\n<p style=\"padding-left: 80px;\"><strong>Fr. Ovidio Bertr\u00e1n <\/strong>(Esteban Anunciaby Letona) ans 44<\/p>\n<p style=\"padding-left: 80px;\"><strong>Fr. Estanislao Victor <\/strong>(Augusto Cordero Fern\u00e1ndez) ans 28\u00a0\u00a0\u00a0\u00a0\u00a0\u00a0\u00a0<\/p>\n<p style=\"padding-left: 80px;\"><strong>Fr. Hermenegildo Lorenzo <\/strong>(Modesto S\u00e1ez Manzanares) ans 33<\/p>\n<p style=\"padding-left: 80px;\"><strong>Fr. Lorenzo Santiago <\/strong>(Emilio Mart\u00ednez De La Pera y Alava) ans 23<\/p>\n<p style=\"padding-left: 80px;\"><strong>Fr. Luciano Pablo<\/strong> (Germ\u00e1n Garc\u00eda Garc\u00eda) ans 33\u00a0\u00a0\u00a0\u00a0\u00a0\u00a0\u00a0\u00a0\u00a0\u00a0\u00a0\u00a0\u00a0\u00a0\u00a0\u00a0\u00a0\u00a0\u00a0\u00a0\u00a0\u00a0\u00a0\u00a0\u00a0\u00a0\u00a0\u00a0\u00a0\u00a0\u00a0\u00a0\u00a0\u00a0\u00a0\u00a0\u00a0\u00a0\u00a0\u00a0\u00a0\u00a0<\/p>\n<p><!-- \/wp:list --><\/p>\n<p><!-- wp:paragraph --><\/p>\n<p>Le 30 juillet 1936, un groupe de personnes s'est pr\u00e9sent\u00e9 \u00e0 l'\u00e9cole San Jos\u00e9 en pr\u00e9tendant \u00eatre des \u00ab\u00a0travailleurs de l'\u00e9ducation\u00a0\u00bb et en exigeant qu'ils quittent le b\u00e2timent au nom du \u00ab\u00a0Front populaire\u00a0\u00bb. Les Fr\u00e8res se sont rendu compte qu'ils avaient affaire \u00e0 des miliciens de la C.N.T. (Confederaci\u00f3n Nacional del Trabajo) qui ont envahi la maison, ont cherch\u00e9 partout des armes et de l'argent (qu'ils n'ont pas trouv\u00e9s) et ont fini par les prendre et les arr\u00eater, les attachant ensemble. Puis ils les ont enferm\u00e9s dans le sous-sol du b\u00e2timent o\u00f9 le C.N.T. \u00e9tait bas\u00e9.<\/p>\n<p><!-- \/wp:paragraph --><\/p>\n<p><!-- wp:paragraph --><\/p>\n<p>Le 1er ao\u00fbt, ils ont transf\u00e9r\u00e9 les Fr\u00e8res dans une prison o\u00f9 \u00e9taient d\u00e9j\u00e0 emprisonn\u00e9s d'autres pr\u00eatres, religieux et catholiques connus pour leur foi. Ils passaient la plupart de leur temps \u00e0 prier, r\u00e9citant ensemble le chapelet et le chemin de croix, lisant \u00e0 haute voix quelques livres pieux et \u00e9crivant des lettres, dont la plupart ne sont jamais arriv\u00e9es \u00e0 destination car la milice les a d\u00e9truites Le 30 septembre, le juge Don Lino Martin Camicero a d\u00e9cid\u00e9 de les lib\u00e9rer car les charges retenues contre eux ne constituaient pas un crime. Mais le 2 octobre, un d\u00e9cret du Comit\u00e9 du Front populaire de Lorca a ordonn\u00e9 que la sentence soit ignor\u00e9e, car les prisonniers devaient \u00eatre consid\u00e9r\u00e9s comme dangereux.<\/p>\n<p><!-- \/wp:paragraph --><\/p>\n<p><!-- wp:paragraph --><\/p>\n<p>Le mercredi 18 novembre 1936, \u00e0 5 heures du matin, un chef de milice a ordonn\u00e9 que les deux pr\u00eatres et les cinq Fr\u00e8res soient emmen\u00e9s et li\u00e9s. Ils les ont mis sur un camion et leur ont dit qu'ils \u00e9taient emmen\u00e9s \u00e0 un autre endroit, pour \u00eatre interrog\u00e9s. Au lieu de cela, ils les ont emmen\u00e9s dans les environs du village, sur une colline o\u00f9 se trouvait une mine de soufre. Le chef leur a ordonn\u00e9 de s'asseoir, attach\u00e9s comme ils l'\u00e9taient. Un peloton de miliciens se tenait derri\u00e8re eux et le chef leur a ordonn\u00e9 de tirer. Puis, avec son pistolet, il a donn\u00e9 \u00e0 chacun le coup de gr\u00e2ce en leur tirant dans la t\u00eate. Ils coup\u00e8rent ensuite les cordes et, les prenant par les pieds, les tra\u00een\u00e8rent jusqu'\u00e0 une fosse \u00e0 soufre o\u00f9 ils les jet\u00e8rent. \u00ab\u00a0C'est assez profond pour que personne ne remarque qu'ils sont l\u00e0, et s'ils triomphent, les catholiques ne viendront pas ici pour v\u00e9n\u00e9rer leurs restes\u00a0\u00bb, a d\u00e9clar\u00e9 l'un des miliciens. Actuellement, le puits est connu sous le nom de \u00ab\u00a0Pozo de los M\u00e1rtires\u00a0\u00bb.<\/p>\n<p><!-- \/wp:paragraph --><\/p>\n<p><!-- wp:paragraph \/--><\/p>\n<\/div><div class=\"fusion-separator fusion-full-width-sep\" style=\"align-self: center;margin-left: auto;margin-right: auto;margin-top:15px;margin-bottom:15px;width:100%;\"><div class=\"fusion-separator-border sep-single sep-solid\" style=\"--awb-height:20px;--awb-amount:20px;--awb-sep-color:var(--awb-custom17);border-color:var(--awb-custom17);border-top-width:1px;\"><\/div><\/div><nav class=\"fusion-breadcrumbs fusion-breadcrumbs-1\" style=\"--awb-breadcrumb-sep:&#039;\/&#039;;\" aria-label=\"Breadcrumb\"><ol class=\"awb-breadcrumb-list\"><\/ol><\/nav><\/div><\/div><div class=\"fusion-layout-column fusion_builder_column fusion-builder-column-1 fusion_builder_column_1_4 1_4 fusion-flex-column\" style=\"--awb-bg-size:cover;--awb-width-large:25%;--awb-margin-top-large:0px;--awb-spacing-right-large:7.68%;--awb-margin-bottom-large:20px;--awb-spacing-left-large:7.68%;--awb-width-medium:25%;--awb-order-medium:0;--awb-spacing-right-medium:7.68%;--awb-spacing-left-medium:7.68%;--awb-width-small:100%;--awb-order-small:0;--awb-spacing-right-small:1.92%;--awb-spacing-left-small:1.92%;\"><div class=\"fusion-column-wrapper fusion-column-has-shadow fusion-flex-justify-content-flex-start fusion-content-layout-column\"><div class=\"fusion-title title fusion-title-2 sep-underline sep-solid fusion-title-text fusion-title-size-two\" style=\"--awb-text-color:var(--awb-custom17);--awb-sep-color:var(--awb-custom17);--awb-font-size:22px;\"><h2 class=\"fusion-title-heading title-heading-left\" style=\"margin:0;font-size:1em;\">Dates importantes<\/h2><\/div><ul style=\"--awb-line-height:27.2px;--awb-icon-width:27.2px;--awb-icon-height:27.2px;--awb-icon-margin:11.2px;--awb-content-margin:38.4px;--awb-circlecolor:var(--awb-custom17);--awb-circle-yes-font-size:14.08px;\" class=\"fusion-checklist fusion-checklist-1 fusion-checklist-default type-icons\"><li class=\"fusion-li-item\" style=\"\"><span class=\"icon-wrapper circle-yes\"><i class=\"fusion-li-icon fa-star-half far\" aria-hidden=\"true\"><\/i><\/span><div class=\"fusion-li-item-content\">\r\n<p><strong>F\u00eate liturgique : 6 novembre<\/strong><\/p>\r\n<\/div><\/li><li class=\"fusion-li-item\" style=\"\"><span class=\"icon-wrapper circle-yes\"><i class=\"fusion-li-icon fa-star-half far\" aria-hidden=\"true\"><\/i><\/span><div class=\"fusion-li-item-content\">\r\n<p>28\/10\/2007: B\u00e9atification (avec d&rsquo;autres pour un total de 498 martyrs)<\/p>\r\n<\/div><\/li><\/ul><div class=\"fusion-separator fusion-full-width-sep\" style=\"align-self: center;margin-left: auto;margin-right: auto;margin-top:15px;margin-bottom:15px;width:100%;\"><div class=\"fusion-separator-border sep-single sep-solid\" style=\"--awb-height:20px;--awb-amount:20px;--awb-sep-color:var(--awb-custom17);border-color:var(--awb-custom17);border-top-width:1px;\"><\/div><\/div><\/div><\/div><\/div><\/div>","protected":false},"excerpt":{"rendered":"","protected":false},"author":9,"featured_media":112301,"parent":10536,"menu_order":0,"comment_status":"closed","ping_status":"closed","template":"","meta":{"_tec_requires_first_save":true,"_monsterinsights_skip_tracking":false,"_monsterinsights_sitenote_active":false,"_monsterinsights_sitenote_note":"","_monsterinsights_sitenote_category":0,"_EventAllDay":false,"_EventTimezone":"","_EventStartDate":"","_EventEndDate":"","_EventStartDateUTC":"","_EventEndDateUTC":"","_EventShowMap":false,"_EventShowMapLink":false,"_EventURL":"","_EventCost":"","_EventCostDescription":"","_EventCurrencySymbol":"","_EventCurrencyCode":"","_EventCurrencyPosition":"","_EventDateTimeSeparator":"","_EventTimeRangeSeparator":"","_EventOrganizerID":[],"_EventVenueID":[],"_OrganizerEmail":"","_OrganizerPhone":"","_OrganizerWebsite":"","_VenueAddress":"","_VenueCity":"","_VenueCountry":"","_VenueProvince":"","_VenueState":"","_VenueZip":"","_VenuePhone":"","_VenueURL":"","_VenueStateProvince":"","_VenueLat":"","_VenueLng":"","_VenueShowMap":false,"_VenueShowMapLink":false,"_tribe_blocks_recurrence_rules":"","_tribe_blocks_recurrence_description":"","_tribe_blocks_recurrence_exclusions":"","footnotes":""},"class_list":["post-79331","page","type-page","status-publish","has-post-thumbnail","hentry"],"_links":{"self":[{"href":"https:\/\/www.lasalle.org\/fr\/wp-json\/wp\/v2\/pages\/79331","targetHints":{"allow":["GET"]}}],"collection":[{"href":"https:\/\/www.lasalle.org\/fr\/wp-json\/wp\/v2\/pages"}],"about":[{"href":"https:\/\/www.lasalle.org\/fr\/wp-json\/wp\/v2\/types\/page"}],"author":[{"embeddable":true,"href":"https:\/\/www.lasalle.org\/fr\/wp-json\/wp\/v2\/users\/9"}],"replies":[{"embeddable":true,"href":"https:\/\/www.lasalle.org\/fr\/wp-json\/wp\/v2\/comments?post=79331"}],"version-history":[{"count":5,"href":"https:\/\/www.lasalle.org\/fr\/wp-json\/wp\/v2\/pages\/79331\/revisions"}],"predecessor-version":[{"id":116599,"href":"https:\/\/www.lasalle.org\/fr\/wp-json\/wp\/v2\/pages\/79331\/revisions\/116599"}],"up":[{"embeddable":true,"href":"https:\/\/www.lasalle.org\/fr\/wp-json\/wp\/v2\/pages\/10536"}],"wp:featuredmedia":[{"embeddable":true,"href":"https:\/\/www.lasalle.org\/fr\/wp-json\/wp\/v2\/media\/112301"}],"wp:attachment":[{"href":"https:\/\/www.lasalle.org\/fr\/wp-json\/wp\/v2\/media?parent=79331"}],"curies":[{"name":"wp","href":"https:\/\/api.w.org\/{rel}","templated":true}]}}